{"id":1139,"date":"2025-10-17T17:11:14","date_gmt":"2025-10-17T09:11:14","guid":{"rendered":"https:\/\/yrdactivatedcarbon.com\/?post_type=product&#038;p=1139"},"modified":"2025-12-03T17:45:34","modified_gmt":"2025-12-03T09:45:34","slug":"aktivni-uhli-na-bazi-uhli","status":"publish","type":"product","link":"https:\/\/yrdactivatedcarbon.com\/cs\/product\/aktivni-uhli-na-bazi-uhli\/","title":{"rendered":"Aktivn\u00ed uhl\u00ed na b\u00e1zi uhl\u00ed"},"content":{"rendered":"<h2 dir=\"auto\">Technick\u00e9 specifikace<\/h2>\n<p dir=\"auto\">V n\u00e1sleduj\u00edc\u00ed tabulce jsou uvedeny kl\u00ed\u010dov\u00e9 fyzik\u00e1ln\u00ed a chemick\u00e9 vlastnosti na\u0161eho aktivn\u00edho uhl\u00ed na b\u00e1zi uhl\u00ed, kter\u00e9 byly ov\u011b\u0159eny podle mezin\u00e1rodn\u00edch norem pro zaji\u0161t\u011bn\u00ed kvality. V\u0161echny parametry jsou zalo\u017eeny na p\u0159\u00edsn\u00e9m testov\u00e1n\u00ed a odpov\u00eddaj\u00ed tr\u017en\u00edm referen\u010dn\u00edm hodnot\u00e1m pro produkty s vysokou hodnotou j\u00f3du v aktivn\u00edm uhl\u00ed.<\/p>\n<table>\n<thead>\n<tr>\n<th data-col-size=\"lg\">Parametr<\/th>\n<th data-col-size=\"sm\">Specifikace<\/th>\n<th data-col-size=\"md\">Zku\u0161ebn\u00ed metoda<\/th>\n<\/tr>\n<\/thead>\n<tbody>\n<tr>\n<td data-col-size=\"lg\">Z\u00e1kladn\u00ed materi\u00e1l<\/td>\n<td data-col-size=\"sm\">Bitumin\u00f3zn\u00ed uhl\u00ed<\/td>\n<td data-col-size=\"md\">&#8211;<\/td>\n<\/tr>\n<tr>\n<td data-col-size=\"lg\">Formul\u00e1\u0159<\/td>\n<td data-col-size=\"sm\">Granulovan\u00e9<\/td>\n<td data-col-size=\"md\">&#8211;<\/td>\n<\/tr>\n<tr>\n<td data-col-size=\"lg\">Velikost ok (americk\u00e9 s\u00edto)<\/td>\n<td data-col-size=\"sm\">12 x 40<\/td>\n<td data-col-size=\"md\">ASTM D2862<\/td>\n<\/tr>\n<tr>\n<td data-col-size=\"lg\">Jodov\u00e9 \u010d\u00edslo<\/td>\n<td data-col-size=\"sm\">\u2265 1000 mg\/g<\/td>\n<td data-col-size=\"md\">ASTM D4607<\/td>\n<\/tr>\n<tr>\n<td data-col-size=\"lg\">CTC (aktivita tetrachlormethanu)<\/td>\n<td data-col-size=\"sm\">\u2265 50%<\/td>\n<td data-col-size=\"md\">ASTM D3467<\/td>\n<\/tr>\n<tr>\n<td data-col-size=\"lg\">Plocha povrchu BET<\/td>\n<td data-col-size=\"sm\">\u2265 1000 m\u00b2\/g<\/td>\n<td data-col-size=\"md\">ASTM D3663<\/td>\n<\/tr>\n<tr>\n<td data-col-size=\"lg\">Obsah popela<\/td>\n<td data-col-size=\"sm\">\u2264 5%<\/td>\n<td data-col-size=\"md\">ASTM D2866<\/td>\n<\/tr>\n<tr>\n<td data-col-size=\"lg\">Obsah vlhkosti<\/td>\n<td data-col-size=\"sm\">\u2264 5%<\/td>\n<td data-col-size=\"md\">ASTM D2867<\/td>\n<\/tr>\n<tr>\n<td data-col-size=\"lg\">Tvrdost<\/td>\n<td data-col-size=\"sm\">\u2265 95%<\/td>\n<td data-col-size=\"md\">ASTM D3802<\/td>\n<\/tr>\n<tr>\n<td data-col-size=\"lg\">Sypn\u00e1 hustota<\/td>\n<td data-col-size=\"sm\">0,45 - 0,55 g\/cm\u00b3<\/td>\n<td data-col-size=\"md\">ASTM D2854<\/td>\n<\/tr>\n<tr>\n<td data-col-size=\"lg\">pH (vodn\u00fd extrakt)<\/td>\n<td data-col-size=\"sm\">8 &#8211; 11<\/td>\n<td data-col-size=\"md\">ASTM D3838<\/td>\n<\/tr>\n<tr>\n<td data-col-size=\"lg\">Zd\u00e1nliv\u00e1 hustota<\/td>\n<td data-col-size=\"sm\">0,4 - 0,6 g\/cm\u00b3<\/td>\n<td data-col-size=\"md\">ASTM D2854<\/td>\n<\/tr>\n<\/tbody>\n<\/table>\n<p><a dir=\"auto\" style=\"display: inline-block; padding: 12px 28px; border-radius: 999px; background: #0067ff; color: #ffffff; font-size: 20px; font-weight: 600; text-decoration: none; cursor: pointer; \" href=\"mailto:info@yrdcarbon.com\">Z\u00edskejte zdarma kvalitn\u00ed vzorky pro testov\u00e1n\u00ed<\/a><\/p>\n<h2 dir=\"auto\">Aplikace<\/h2>\n<p dir=\"auto\">Aktivn\u00ed uhl\u00ed na b\u00e1zi uhl\u00ed vynik\u00e1 v r\u016fzn\u00fdch pr\u016fmyslov\u00fdch a environment\u00e1ln\u00edch sc\u00e9n\u00e1\u0159\u00edch a vyu\u017e\u00edv\u00e1 svou jedine\u010dnou strukturu p\u00f3r\u016f k \u00fa\u010dinn\u00e9mu odstra\u0148ov\u00e1n\u00ed kontaminant\u016f. Mezi kl\u00ed\u010dov\u00e9 aplikace pat\u0159\u00ed:<\/p>\n<ul dir=\"auto\">\n<li><strong>\u00daprava a \u010di\u0161t\u011bn\u00ed vody<\/strong>: Ide\u00e1ln\u00ed pro m\u011bstsk\u00e9 a pr\u016fmyslov\u00e9 vodovodn\u00ed syst\u00e9my k odstran\u011bn\u00ed organick\u00fdch slou\u010denin, chl\u00f3ru, pesticid\u016f a probl\u00e9m\u016f s chut\u00ed a z\u00e1pachem. \u00da\u010dinn\u011b sni\u017euje celkov\u00fd organick\u00fd uhl\u00edk (TOC) v pitn\u00e9 a odpadn\u00ed vod\u011b, \u010d\u00edm\u017e zaji\u0161\u0165uje soulad s celosv\u011btov\u00fdmi zdravotn\u00edmi normami.<\/li>\n<li><strong>\u010ci\u0161t\u011bn\u00ed vzduchu a plyn\u016f<\/strong>: Pou\u017e\u00edv\u00e1 se v syst\u00e9mech HVAC, pr\u016fmyslov\u00fdch v\u00fdfukov\u00fdch filtrech a d\u00fdchac\u00edch mask\u00e1ch k adsorpci t\u011bkav\u00fdch organick\u00fdch l\u00e1tek (VOC), z\u00e1pachu a \u0161kodliv\u00fdch plyn\u016f, jako je sirovod\u00edk.<\/li>\n<li><strong>Pr\u016fmyslov\u00e9 procesy<\/strong>: Pou\u017e\u00edv\u00e1 se p\u0159i odbarvov\u00e1n\u00ed potravin a n\u00e1poj\u016f, \u010di\u0161t\u011bn\u00ed l\u00e9\u010div, z\u00edsk\u00e1v\u00e1n\u00ed rozpou\u0161t\u011bdel a p\u0159i t\u011b\u017eb\u011b zlata pro odstra\u0148ov\u00e1n\u00ed kyanid\u016f.<\/li>\n<li><strong>Sanace \u017eivotn\u00edho prost\u0159ed\u00ed<\/strong>: \u00da\u010dinn\u00e9 pro \u010di\u0161t\u011bn\u00ed podzemn\u00edch vod, \u010di\u0161t\u011bn\u00ed skl\u00e1dkov\u00fdch v\u00fdluh\u016f a extrakci p\u016fdn\u00edch par, kter\u00e9 se zab\u00fdvaj\u00ed zne\u010di\u0161\u0165uj\u00edc\u00edmi l\u00e1tkami, jako jsou PFAS a t\u011b\u017ek\u00e9 kovy.<\/li>\n<li><strong>Dal\u0161\u00ed pou\u017eit\u00ed<\/strong>: V zem\u011bd\u011blstv\u00ed pro \u00fapravu p\u016fdy, v l\u00e9ka\u0159stv\u00ed pro kontrolu jed\u016f a pro ukl\u00e1d\u00e1n\u00ed energie v superkondenz\u00e1torech.<\/li>\n<\/ul>\n<h2 dir=\"auto\">Dodr\u017eov\u00e1n\u00ed p\u0159edpis\u016f a certifikace<\/h2>\n<p dir=\"auto\">Tento v\u00fdrobek spl\u0148uje p\u0159\u00edsn\u00e9 mezin\u00e1rodn\u00ed normy, kter\u00e9 zaji\u0161\u0165uj\u00ed bezpe\u010dnost, \u00fa\u010dinnost a shodu s p\u0159edpisy pro celosv\u011btov\u00fd obchod:<\/p>\n<ul dir=\"auto\">\n<li><strong>Standardy kvality<\/strong>: Testov\u00e1no podle metod ASTM (nap\u0159. D4607 pro jodov\u00e9 \u010d\u00edslo, D2866 pro obsah popela) a sm\u011brnic ISO pro vlastnosti aktivn\u00edho uhl\u00ed.<\/li>\n<li><strong>Certifikace<\/strong>: Certifik\u00e1t NSF\/ANSI 61 pro styk s pitnou vodou; spl\u0148uje po\u017eadavky REACH a RoHS pro trhy EU; na vy\u017e\u00e1d\u00e1n\u00ed jsou k dispozici varianty Halal a Kosher.<\/li>\n<li><strong>Bezpe\u010dnostn\u00ed \u00fadaje<\/strong>: Nen\u00ed nebezpe\u010dn\u00fd podle bezpe\u010dnostn\u00edho listu; n\u00edzk\u00e9 emise prachu pro bezpe\u010dnou manipulaci. Spl\u0148uje sm\u011brnice EPA pro environment\u00e1ln\u00ed aplikace.<\/li>\n<li><strong>Slad\u011bn\u00ed pr\u00e1vn\u00edch p\u0159edpis\u016f<\/strong>: Vyhovuje mezin\u00e1rodn\u00edm p\u0159edpis\u016fm v oblasti \u017eivotn\u00edho prost\u0159ed\u00ed, v\u010detn\u011b p\u0159edpis\u016f pro odstra\u0148ov\u00e1n\u00ed PFAS a kontrolu t\u011bkav\u00fdch organick\u00fdch l\u00e1tek, a podporuje kupuj\u00edc\u00ed v regulovan\u00fdch odv\u011btv\u00edch, jako je zdravotnictv\u00ed a v\u00fdroba.<\/li>\n<\/ul>\n<p><a dir=\"auto\" style=\"display: inline-block; padding: 12px 28px; border-radius: 999px; background: #0067ff; color: #ffffff; font-size: 20px; font-weight: 600; text-decoration: none; cursor: pointer; \" href=\"mailto:info@yrdcarbon.com\">Z\u00edskejte zdarma kvalitn\u00ed vzorky pro testov\u00e1n\u00ed<\/a><\/p>","protected":false},"excerpt":{"rendered":"<p><a dir=\"auto\" style=\"display: inline-block; padding: 12px 28px; border-radius: 999px; background: #0067ff; color: #ffffff; font-size: 20px; font-weight: 600; text-decoration: none; cursor: pointer;\" href=\"mailto:info@yrdcarbon.com\">Z\u00edskejte zdarma kvalitn\u00ed vzorky pro testov\u00e1n\u00ed<\/a><\/p>\n<p dir=\"auto\">Na\u0161e granulovan\u00e9 aktivn\u00ed uhl\u00ed Premium na b\u00e1zi uhl\u00ed je vysoce v\u00fdkonn\u00fd adsorp\u010dn\u00ed materi\u00e1l z\u00edskan\u00fd z vybran\u00e9ho \u010dern\u00e9ho uhl\u00ed, optimalizovan\u00fd pro vynikaj\u00edc\u00ed \u00fa\u010dinnost \u010di\u0161t\u011bn\u00ed v pr\u016fmyslov\u00fdch a environment\u00e1ln\u00edch aplikac\u00edch.<\/p>\n<p dir=\"auto\">Tento produkt, kter\u00fd byl vyvinut na z\u00e1klad\u011b pokro\u010dil\u00fdch proces\u016f aktivace parou, nab\u00edz\u00ed v\u00fdjime\u010dnou adsorp\u010dn\u00ed kapacitu pro organick\u00e9 ne\u010distoty, pachy a z\u00e1pachy, a je tak ide\u00e1ln\u00ed volbou pro mezin\u00e1rodn\u00ed odb\u011bratele, kte\u0159\u00ed hledaj\u00ed spolehliv\u00e1 a n\u00e1kladov\u011b efektivn\u00ed filtra\u010dn\u00ed \u0159e\u0161en\u00ed.<\/p>","protected":false},"featured_media":1363,"template":"","meta":{"site-sidebar-layout":"default","site-content-layout":"","ast-site-content-layout":"default","site-content-style":"default","site-sidebar-style":"default","ast-global-header-display":"","ast-banner-title-visibility":"","ast-main-header-display":"","ast-hfb-above-header-display":"","ast-hfb-below-header-display":"","ast-hfb-mobile-header-display":"","site-post-title":"","ast-breadcrumbs-content":"","ast-featured-img":"","footer-sml-layout":"","ast-disable-related-posts":"","theme-transparent-header-meta":"default","adv-header-id-meta":"","stick-header-meta":"","header-above-stick-meta":"","header-main-stick-meta":"","header-below-stick-meta":"","astra-migrate-meta-layouts":"set","ast-page-background-enabled":"default","ast-page-background-meta":{"desktop":{"background-color":"var(--ast-global-color-4)","background-image":"","background-repeat":"repeat","background-position":"center center","background-size":"auto","background-attachment":"scroll","background-type":"","background-media":"","overlay-type":"","overlay-color":"","overlay-opacity":"","overlay-gradient":""},"tablet":{"background-color":"","background-image":"","background-repeat":"repeat","background-position":"center center","background-size":"auto","background-attachment":"scroll","background-type":"","background-media":"","overlay-type":"","overlay-color":"","overlay-opacity":"","overlay-gradient":""},"mobile":{"background-color":"","background-image":"","background-repeat":"repeat","background-position":"center center","background-size":"auto","background-attachment":"scroll","background-type":"","background-media":"","overlay-type":"","overlay-color":"","overlay-opacity":"","overlay-gradient":""}},"ast-content-background-meta":{"desktop":{"background-color":"var(--ast-global-color-5)","background-image":"","background-repeat":"repeat","background-position":"center center","background-size":"auto","background-attachment":"scroll","background-type":"","background-media":"","overlay-type":"","overlay-color":"","overlay-opacity":"","overlay-gradient":""},"tablet":{"background-color":"var(--ast-global-color-5)","background-image":"","background-repeat":"repeat","background-position":"center center","background-size":"auto","background-attachment":"scroll","background-type":"","background-media":"","overlay-type":"","overlay-color":"","overlay-opacity":"","overlay-gradient":""},"mobile":{"background-color":"var(--ast-global-color-5)","background-image":"","background-repeat":"repeat","background-position":"center center","background-size":"auto","background-attachment":"scroll","background-type":"","background-media":"","overlay-type":"","overlay-color":"","overlay-opacity":"","overlay-gradient":""}}},"product_brand":[],"product_cat":[15],"product_tag":[],"class_list":{"0":"post-1139","1":"product","2":"type-product","3":"status-publish","4":"has-post-thumbnail","6":"product_cat-activated-carbon-series","7":"desktop-align-left","8":"tablet-align-left","9":"mobile-align-left","11":"first","12":"instock","13":"shipping-taxable","14":"product-type-simple"},"yoast_head":"<!-- This site is optimized with the Yoast SEO Premium plugin v26.0 (Yoast SEO v27.4) - https:\/\/yoast.com\/product\/yoast-seo-premium-wordpress\/ -->\n<title>Coal-Based Activated Carbon<\/title>\n<meta name=\"description\" content=\"Coal-based activated carbon for industrial water, air and process purification. GAC\/PAC\/pellet options, strong adsorption and stable quality. YRD provides certified products and reliable global supply\u2014request a quote.\" \/>\n<meta name=\"robots\" content=\"index, follow, max-snippet:-1, max-image-preview:large, max-video-preview:-1\" \/>\n<link rel=\"canonical\" href=\"https:\/\/yrdactivatedcarbon.com\/cs\/product\/aktivni-uhli-na-bazi-uhli\/\" \/>\n<meta property=\"og:locale\" content=\"cs_CZ\" \/>\n<meta property=\"og:type\" content=\"article\" \/>\n<meta property=\"og:title\" content=\"Coal-Based Activated Carbon\" \/>\n<meta property=\"og:description\" content=\"Coal-based activated carbon for industrial water, air and process purification. GAC\/PAC\/pellet options, strong adsorption and stable quality. YRD provides certified products and reliable global supply\u2014request a quote.\" \/>\n<meta property=\"og:url\" content=\"https:\/\/yrdactivatedcarbon.com\/cs\/product\/aktivni-uhli-na-bazi-uhli\/\" \/>\n<meta property=\"article:modified_time\" content=\"2025-12-03T09:45:34+00:00\" \/>\n<meta property=\"og:image\" content=\"http:\/\/yrdactivatedcarbon.com\/wp-content\/uploads\/2025\/10\/activated-carbon-for-biogas-1.jpg\" \/>\n\t<meta property=\"og:image:width\" content=\"400\" \/>\n\t<meta property=\"og:image:height\" content=\"400\" \/>\n\t<meta property=\"og:image:type\" content=\"image\/jpeg\" \/>\n<meta name=\"twitter:card\" content=\"summary_large_image\" \/>\n<meta name=\"twitter:label1\" content=\"Odhadovan\u00e1 doba \u010dten\u00ed\" \/>\n\t<meta name=\"twitter:data1\" content=\"2 minuty\" \/>\n<script type=\"application\/ld+json\" class=\"yoast-schema-graph\">{\"@context\":\"https:\\\/\\\/schema.org\",\"@graph\":[{\"@type\":\"WebPage\",\"@id\":\"https:\\\/\\\/yrdactivatedcarbon.com\\\/product\\\/coal-based-activated-carbon\\\/\",\"url\":\"https:\\\/\\\/yrdactivatedcarbon.com\\\/product\\\/coal-based-activated-carbon\\\/\",\"name\":\"Coal-Based Activated Carbon\",\"isPartOf\":{\"@id\":\"https:\\\/\\\/yrdactivatedcarbon.com\\\/#website\"},\"primaryImageOfPage\":{\"@id\":\"https:\\\/\\\/yrdactivatedcarbon.com\\\/product\\\/coal-based-activated-carbon\\\/#primaryimage\"},\"image\":{\"@id\":\"https:\\\/\\\/yrdactivatedcarbon.com\\\/product\\\/coal-based-activated-carbon\\\/#primaryimage\"},\"thumbnailUrl\":\"https:\\\/\\\/yrdactivatedcarbon.com\\\/wp-content\\\/uploads\\\/2025\\\/10\\\/activated-carbon-for-biogas-1.jpg\",\"datePublished\":\"2025-10-17T09:11:14+00:00\",\"dateModified\":\"2025-12-03T09:45:34+00:00\",\"description\":\"Coal-based activated carbon for industrial water, air and process purification. GAC\\\/PAC\\\/pellet options, strong adsorption and stable quality. YRD provides certified products and reliable global supply\u2014request a quote.\",\"breadcrumb\":{\"@id\":\"https:\\\/\\\/yrdactivatedcarbon.com\\\/product\\\/coal-based-activated-carbon\\\/#breadcrumb\"},\"inLanguage\":\"cs\",\"potentialAction\":[{\"@type\":\"ReadAction\",\"target\":[\"https:\\\/\\\/yrdactivatedcarbon.com\\\/product\\\/coal-based-activated-carbon\\\/\"]}]},{\"@type\":\"ImageObject\",\"inLanguage\":\"cs\",\"@id\":\"https:\\\/\\\/yrdactivatedcarbon.com\\\/product\\\/coal-based-activated-carbon\\\/#primaryimage\",\"url\":\"https:\\\/\\\/yrdactivatedcarbon.com\\\/wp-content\\\/uploads\\\/2025\\\/10\\\/activated-carbon-for-biogas-1.jpg\",\"contentUrl\":\"https:\\\/\\\/yrdactivatedcarbon.com\\\/wp-content\\\/uploads\\\/2025\\\/10\\\/activated-carbon-for-biogas-1.jpg\",\"width\":400,\"height\":400},{\"@type\":\"BreadcrumbList\",\"@id\":\"https:\\\/\\\/yrdactivatedcarbon.com\\\/product\\\/coal-based-activated-carbon\\\/#breadcrumb\",\"itemListElement\":[{\"@type\":\"ListItem\",\"position\":1,\"name\":\"\u9996\u9875\",\"item\":\"https:\\\/\\\/yrdactivatedcarbon.com\\\/\"},{\"@type\":\"ListItem\",\"position\":2,\"name\":\"Products\",\"item\":\"https:\\\/\\\/yrdactivatedcarbon.com\\\/shop__trashed\\\/\"},{\"@type\":\"ListItem\",\"position\":3,\"name\":\"Coal-Based Activated Carbon\"}]},{\"@type\":\"WebSite\",\"@id\":\"https:\\\/\\\/yrdactivatedcarbon.com\\\/#website\",\"url\":\"https:\\\/\\\/yrdactivatedcarbon.com\\\/\",\"name\":\"\",\"description\":\"\",\"publisher\":{\"@id\":\"https:\\\/\\\/yrdactivatedcarbon.com\\\/#\\\/schema\\\/person\\\/581e0ef9031155afdeefbcd492460987\"},\"potentialAction\":[{\"@type\":\"SearchAction\",\"target\":{\"@type\":\"EntryPoint\",\"urlTemplate\":\"https:\\\/\\\/yrdactivatedcarbon.com\\\/?s={search_term_string}\"},\"query-input\":{\"@type\":\"PropertyValueSpecification\",\"valueRequired\":true,\"valueName\":\"search_term_string\"}}],\"inLanguage\":\"cs\"},{\"@type\":[\"Person\",\"Organization\"],\"@id\":\"https:\\\/\\\/yrdactivatedcarbon.com\\\/#\\\/schema\\\/person\\\/581e0ef9031155afdeefbcd492460987\",\"name\":\"Admin\",\"image\":{\"@type\":\"ImageObject\",\"inLanguage\":\"cs\",\"@id\":\"https:\\\/\\\/yrdactivatedcarbon.com\\\/wp-content\\\/uploads\\\/2025\\\/10\\\/cropped-cropped-cropped-cropped-cropped-Gemini_Generated_Image_csnat5csnat5csna-removebg-preview.png\",\"url\":\"https:\\\/\\\/yrdactivatedcarbon.com\\\/wp-content\\\/uploads\\\/2025\\\/10\\\/cropped-cropped-cropped-cropped-cropped-Gemini_Generated_Image_csnat5csnat5csna-removebg-preview.png\",\"contentUrl\":\"https:\\\/\\\/yrdactivatedcarbon.com\\\/wp-content\\\/uploads\\\/2025\\\/10\\\/cropped-cropped-cropped-cropped-cropped-Gemini_Generated_Image_csnat5csnat5csna-removebg-preview.png\",\"width\":304,\"height\":88,\"caption\":\"Admin\"},\"logo\":{\"@id\":\"https:\\\/\\\/yrdactivatedcarbon.com\\\/wp-content\\\/uploads\\\/2025\\\/10\\\/cropped-cropped-cropped-cropped-cropped-Gemini_Generated_Image_csnat5csnat5csna-removebg-preview.png\"},\"sameAs\":[\"https:\\\/\\\/yrdactivatedcarbon.com\"],\"publishingPrinciples\":\"https:\\\/\\\/yrdactivatedcarbon.com\\\/\",\"ownershipFundingInfo\":\"https:\\\/\\\/yrdactivatedcarbon.com\\\/\"}]}<\/script>\n<!-- \/ Yoast SEO Premium plugin. -->","yoast_head_json":{"title":"Aktivn\u00ed uhl\u00ed na b\u00e1zi uhl\u00ed","description":"Aktivn\u00ed uhl\u00ed na b\u00e1zi uhl\u00ed pro pr\u016fmyslov\u00e9 \u010di\u0161t\u011bn\u00ed vody, vzduchu a proces\u016f. Mo\u017enosti GAC\/PAC\/pelety, siln\u00e1 adsorpce a stabiln\u00ed kvalita. Spole\u010dnost YRD poskytuje certifikovan\u00e9 v\u00fdrobky a spolehliv\u00e9 celosv\u011btov\u00e9 dod\u00e1vky - vy\u017e\u00e1dejte si cenovou nab\u00eddku.","robots":{"index":"index","follow":"follow","max-snippet":"max-snippet:-1","max-image-preview":"max-image-preview:large","max-video-preview":"max-video-preview:-1"},"canonical":"https:\/\/yrdactivatedcarbon.com\/cs\/product\/aktivni-uhli-na-bazi-uhli\/","og_locale":"cs_CZ","og_type":"article","og_title":"Coal-Based Activated Carbon","og_description":"Coal-based activated carbon for industrial water, air and process purification. GAC\/PAC\/pellet options, strong adsorption and stable quality. YRD provides certified products and reliable global supply\u2014request a quote.","og_url":"https:\/\/yrdactivatedcarbon.com\/cs\/product\/aktivni-uhli-na-bazi-uhli\/","article_modified_time":"2025-12-03T09:45:34+00:00","og_image":[{"width":400,"height":400,"url":"http:\/\/yrdactivatedcarbon.com\/wp-content\/uploads\/2025\/10\/activated-carbon-for-biogas-1.jpg","type":"image\/jpeg"}],"twitter_card":"summary_large_image","twitter_misc":{"Odhadovan\u00e1 doba \u010dten\u00ed":"2 minuty"},"schema":{"@context":"https:\/\/schema.org","@graph":[{"@type":"WebPage","@id":"https:\/\/yrdactivatedcarbon.com\/product\/coal-based-activated-carbon\/","url":"https:\/\/yrdactivatedcarbon.com\/product\/coal-based-activated-carbon\/","name":"Aktivn\u00ed uhl\u00ed na b\u00e1zi uhl\u00ed","isPartOf":{"@id":"https:\/\/yrdactivatedcarbon.com\/#website"},"primaryImageOfPage":{"@id":"https:\/\/yrdactivatedcarbon.com\/product\/coal-based-activated-carbon\/#primaryimage"},"image":{"@id":"https:\/\/yrdactivatedcarbon.com\/product\/coal-based-activated-carbon\/#primaryimage"},"thumbnailUrl":"https:\/\/yrdactivatedcarbon.com\/wp-content\/uploads\/2025\/10\/activated-carbon-for-biogas-1.jpg","datePublished":"2025-10-17T09:11:14+00:00","dateModified":"2025-12-03T09:45:34+00:00","description":"Aktivn\u00ed uhl\u00ed na b\u00e1zi uhl\u00ed pro pr\u016fmyslov\u00e9 \u010di\u0161t\u011bn\u00ed vody, vzduchu a proces\u016f. Mo\u017enosti GAC\/PAC\/pelety, siln\u00e1 adsorpce a stabiln\u00ed kvalita. Spole\u010dnost YRD poskytuje certifikovan\u00e9 v\u00fdrobky a spolehliv\u00e9 celosv\u011btov\u00e9 dod\u00e1vky - vy\u017e\u00e1dejte si cenovou nab\u00eddku.","breadcrumb":{"@id":"https:\/\/yrdactivatedcarbon.com\/product\/coal-based-activated-carbon\/#breadcrumb"},"inLanguage":"cs","potentialAction":[{"@type":"ReadAction","target":["https:\/\/yrdactivatedcarbon.com\/product\/coal-based-activated-carbon\/"]}]},{"@type":"ImageObject","inLanguage":"cs","@id":"https:\/\/yrdactivatedcarbon.com\/product\/coal-based-activated-carbon\/#primaryimage","url":"https:\/\/yrdactivatedcarbon.com\/wp-content\/uploads\/2025\/10\/activated-carbon-for-biogas-1.jpg","contentUrl":"https:\/\/yrdactivatedcarbon.com\/wp-content\/uploads\/2025\/10\/activated-carbon-for-biogas-1.jpg","width":400,"height":400},{"@type":"BreadcrumbList","@id":"https:\/\/yrdactivatedcarbon.com\/product\/coal-based-activated-carbon\/#breadcrumb","itemListElement":[{"@type":"ListItem","position":1,"name":"\u9996\u9875","item":"https:\/\/yrdactivatedcarbon.com\/"},{"@type":"ListItem","position":2,"name":"Products","item":"https:\/\/yrdactivatedcarbon.com\/shop__trashed\/"},{"@type":"ListItem","position":3,"name":"Coal-Based Activated Carbon"}]},{"@type":"WebSite","@id":"https:\/\/yrdactivatedcarbon.com\/#website","url":"https:\/\/yrdactivatedcarbon.com\/","name":"","description":"","publisher":{"@id":"https:\/\/yrdactivatedcarbon.com\/#\/schema\/person\/581e0ef9031155afdeefbcd492460987"},"potentialAction":[{"@type":"SearchAction","target":{"@type":"EntryPoint","urlTemplate":"https:\/\/yrdactivatedcarbon.com\/?s={search_term_string}"},"query-input":{"@type":"PropertyValueSpecification","valueRequired":true,"valueName":"search_term_string"}}],"inLanguage":"cs"},{"@type":["Person","Organization"],"@id":"https:\/\/yrdactivatedcarbon.com\/#\/schema\/person\/581e0ef9031155afdeefbcd492460987","name":"Admin","image":{"@type":"ImageObject","inLanguage":"cs","@id":"https:\/\/yrdactivatedcarbon.com\/wp-content\/uploads\/2025\/10\/cropped-cropped-cropped-cropped-cropped-Gemini_Generated_Image_csnat5csnat5csna-removebg-preview.png","url":"https:\/\/yrdactivatedcarbon.com\/wp-content\/uploads\/2025\/10\/cropped-cropped-cropped-cropped-cropped-Gemini_Generated_Image_csnat5csnat5csna-removebg-preview.png","contentUrl":"https:\/\/yrdactivatedcarbon.com\/wp-content\/uploads\/2025\/10\/cropped-cropped-cropped-cropped-cropped-Gemini_Generated_Image_csnat5csnat5csna-removebg-preview.png","width":304,"height":88,"caption":"Admin"},"logo":{"@id":"https:\/\/yrdactivatedcarbon.com\/wp-content\/uploads\/2025\/10\/cropped-cropped-cropped-cropped-cropped-Gemini_Generated_Image_csnat5csnat5csna-removebg-preview.png"},"sameAs":["https:\/\/yrdactivatedcarbon.com"],"publishingPrinciples":"https:\/\/yrdactivatedcarbon.com\/","ownershipFundingInfo":"https:\/\/yrdactivatedcarbon.com\/"}]}},"_links":{"self":[{"href":"https:\/\/yrdactivatedcarbon.com\/cs\/wp-json\/wp\/v2\/product\/1139","targetHints":{"allow":["GET"]}}],"collection":[{"href":"https:\/\/yrdactivatedcarbon.com\/cs\/wp-json\/wp\/v2\/product"}],"about":[{"href":"https:\/\/yrdactivatedcarbon.com\/cs\/wp-json\/wp\/v2\/types\/product"}],"version-history":[{"count":5,"href":"https:\/\/yrdactivatedcarbon.com\/cs\/wp-json\/wp\/v2\/product\/1139\/revisions"}],"predecessor-version":[{"id":1366,"href":"https:\/\/yrdactivatedcarbon.com\/cs\/wp-json\/wp\/v2\/product\/1139\/revisions\/1366"}],"wp:featuredmedia":[{"embeddable":true,"href":"https:\/\/yrdactivatedcarbon.com\/cs\/wp-json\/wp\/v2\/media\/1363"}],"wp:attachment":[{"href":"https:\/\/yrdactivatedcarbon.com\/cs\/wp-json\/wp\/v2\/media?parent=1139"}],"wp:term":[{"taxonomy":"product_brand","embeddable":true,"href":"https:\/\/yrdactivatedcarbon.com\/cs\/wp-json\/wp\/v2\/product_brand?post=1139"},{"taxonomy":"product_cat","embeddable":true,"href":"https:\/\/yrdactivatedcarbon.com\/cs\/wp-json\/wp\/v2\/product_cat?post=1139"},{"taxonomy":"product_tag","embeddable":true,"href":"https:\/\/yrdactivatedcarbon.com\/cs\/wp-json\/wp\/v2\/product_tag?post=1139"}],"curies":[{"name":"wp","href":"https:\/\/api.w.org\/{rel}","templated":true}]}}