{"id":1141,"date":"2025-10-17T17:11:37","date_gmt":"2025-10-17T09:11:37","guid":{"rendered":"https:\/\/yrdactivatedcarbon.com\/?post_type=product&#038;p=1141"},"modified":"2025-12-03T17:44:47","modified_gmt":"2025-12-03T09:44:47","slug":"sloupcove-aktivni-uhli","status":"publish","type":"product","link":"https:\/\/yrdactivatedcarbon.com\/cs\/product\/sloupcove-aktivni-uhli\/","title":{"rendered":"Sloupcov\u00e9 aktivn\u00ed uhl\u00ed"},"content":{"rendered":"<h2 dir=\"auto\">Technick\u00e9 specifikace<\/h2>\n<p dir=\"auto\">N\u00e1sleduj\u00edc\u00ed tabulka uv\u00e1d\u00ed typick\u00e9 fyzik\u00e1ln\u00ed a chemick\u00e9 parametry na z\u00e1klad\u011b pr\u016fmyslov\u00fdch norem a b\u011b\u017en\u00fdch \u00fadaj\u016f o v\u00fdrobku. Hodnoty se mohou li\u0161it v z\u00e1vislosti na surovin\u011b a zp\u016fsobu aktivace; p\u0159esn\u00e9 \u00fadaje naleznete v protokolech o zkou\u0161k\u00e1ch konkr\u00e9tn\u00edch \u0161ar\u017e\u00ed.<\/p>\n<table>\n<thead>\n<tr>\n<th data-col-size=\"lg\">Parametr<\/th>\n<th data-col-size=\"lg\">Typick\u00e1 hodnota<\/th>\n<th data-col-size=\"sm\">Zku\u0161ebn\u00ed metoda<\/th>\n<th data-col-size=\"xl\">Pozn\u00e1mky<\/th>\n<\/tr>\n<\/thead>\n<tbody>\n<tr>\n<td data-col-size=\"lg\">Tvar<\/td>\n<td data-col-size=\"lg\">V\u00e1lcov\u00e9 pelety<\/td>\n<td data-col-size=\"sm\">Vizu\u00e1ln\u00ed<\/td>\n<td data-col-size=\"xl\">Extrudovan\u00e1 forma pro rovnom\u011brn\u00e9 rozlo\u017een\u00ed<\/td>\n<\/tr>\n<tr>\n<td data-col-size=\"lg\">Pr\u016fm\u011br<\/td>\n<td data-col-size=\"lg\">0,8 - 4 mm<\/td>\n<td data-col-size=\"sm\">ASTM D2862<\/td>\n<td data-col-size=\"xl\">B\u011b\u017en\u00e9 velikosti: 2 mm, 3 mm, 4 mm; mo\u017enost p\u0159izp\u016fsoben\u00ed<\/td>\n<\/tr>\n<tr>\n<td data-col-size=\"lg\">D\u00e9lka<\/td>\n<td data-col-size=\"lg\">&lt;10 mm<\/td>\n<td data-col-size=\"sm\">ASTM D2862<\/td>\n<td data-col-size=\"xl\">Zaji\u0161\u0165uje snadnou manipulaci a n\u00edzkou m\u00edru rozbit\u00ed<\/td>\n<\/tr>\n<tr>\n<td data-col-size=\"lg\">Jodov\u00e9 \u010d\u00edslo<\/td>\n<td data-col-size=\"lg\">900 - 1100 mg\/g<\/td>\n<td data-col-size=\"sm\">ASTM D4607<\/td>\n<td data-col-size=\"xl\">Ozna\u010duje mikropor\u00e9zn\u00ed adsorp\u010dn\u00ed kapacitu pro organick\u00e9 l\u00e1tky.<\/td>\n<\/tr>\n<tr>\n<td data-col-size=\"lg\">CTC (tetrachlormethan)<\/td>\n<td data-col-size=\"lg\">50 &#8211; 70%<\/td>\n<td data-col-size=\"sm\">ASTM D3467<\/td>\n<td data-col-size=\"xl\">M\u011b\u0159\u00ed \u00fa\u010dinnost adsorpce v parn\u00ed f\u00e1zi<\/td>\n<\/tr>\n<tr>\n<td data-col-size=\"lg\">Plocha povrchu (BET)<\/td>\n<td data-col-size=\"lg\">900 - 1200 m\u00b2\/g<\/td>\n<td data-col-size=\"sm\">ASTM D3663<\/td>\n<td data-col-size=\"xl\">Vysok\u00fd vnit\u0159n\u00ed povrch pro vy\u0161\u0161\u00ed v\u00fdkon<\/td>\n<\/tr>\n<tr>\n<td data-col-size=\"lg\">Objem p\u00f3r\u016f<\/td>\n<td data-col-size=\"lg\">0,8 - 1,3 cc\/g<\/td>\n<td data-col-size=\"sm\">ASTM D4222<\/td>\n<td data-col-size=\"xl\">Vyv\u00e1\u017een\u00e9 makro\/mezo\/mikrop\u00f3ry (90% makro\/mezo)<\/td>\n<\/tr>\n<tr>\n<td data-col-size=\"lg\">Sypn\u00e1 hustota<\/td>\n<td data-col-size=\"lg\">450 - 550 kg\/m\u00b3<\/td>\n<td data-col-size=\"sm\">ASTM D2854<\/td>\n<td data-col-size=\"xl\">Zd\u00e1nliv\u00e1 hustota; zp\u011btn\u011b promyt\u00fd: ~430 kg\/m\u00b3<\/td>\n<\/tr>\n<tr>\n<td data-col-size=\"lg\">\u010c\u00edslo tvrdosti\/od\u011bru<\/td>\n<td data-col-size=\"lg\">\u226595%<\/td>\n<td data-col-size=\"sm\">ASTM D3802<\/td>\n<td data-col-size=\"xl\">Tvrdost kuli\u010dkov\u00e9 p\u00e1nve; minimalizuje \u00fabytek p\u0159i pou\u017e\u00edv\u00e1n\u00ed<\/td>\n<\/tr>\n<tr>\n<td data-col-size=\"lg\">Obsah popela<\/td>\n<td data-col-size=\"lg\">\u22645 - 12%<\/td>\n<td data-col-size=\"sm\">ASTM D2866<\/td>\n<td data-col-size=\"xl\">N\u00edzk\u00fd obsah popela pro \u010distotu, zejm\u00e9na p\u0159i pou\u017eit\u00ed ve vod\u011b<\/td>\n<\/tr>\n<tr>\n<td data-col-size=\"lg\">Obsah vlhkosti<\/td>\n<td data-col-size=\"lg\">\u22645%<\/td>\n<td data-col-size=\"sm\">ASTM D2867<\/td>\n<td data-col-size=\"xl\">Tak, jak je zabaleno; zaji\u0161\u0165uje stabilitu b\u011bhem skladov\u00e1n\u00ed<\/td>\n<\/tr>\n<tr>\n<td data-col-size=\"lg\">Hodnota pH<\/td>\n<td data-col-size=\"lg\">3.0 &#8211; 12.0<\/td>\n<td data-col-size=\"sm\">ASTM D3838<\/td>\n<td data-col-size=\"xl\">Neutr\u00e1ln\u00ed a\u017e alkalick\u00fd v z\u00e1vislosti na impregnaci<\/td>\n<\/tr>\n<tr>\n<td data-col-size=\"lg\">Teplota vzn\u00edcen\u00ed<\/td>\n<td data-col-size=\"lg\">&gt;400 - 450\u00b0C<\/td>\n<td data-col-size=\"sm\">ASTM D3466<\/td>\n<td data-col-size=\"xl\">Bezpe\u010dnostn\u00ed pr\u00e1h pro manipulaci<\/td>\n<\/tr>\n<\/tbody>\n<\/table>\n<p><a dir=\"auto\" style=\"display: inline-block; padding: 12px 28px; border-radius: 999px; background: #0067ff; color: #ffffff; font-size: 20px; font-weight: 600; text-decoration: none; cursor: pointer; \" href=\"mailto:info@yrdcarbon.com\">Z\u00edskejte zdarma kvalitn\u00ed vzorky pro testov\u00e1n\u00ed<\/a><\/p>\n<h2 dir=\"auto\">Aplikace<\/h2>\n<p dir=\"auto\">Peletov\u00e9 aktivn\u00ed uhl\u00ed je v\u0161estrann\u011b pou\u017eiteln\u00e9 v r\u016fzn\u00fdch pr\u016fmyslov\u00fdch odv\u011btv\u00edch a vyu\u017e\u00edv\u00e1 svou robustn\u00ed strukturu pro syst\u00e9my s pevn\u00fdm lo\u017eem i dynamick\u00e9 syst\u00e9my:<\/p>\n<ul dir=\"auto\">\n<li><strong>\u010ci\u0161t\u011bn\u00ed plynu a vzduchu<\/strong>: Odstra\u0148ov\u00e1n\u00ed t\u011bkav\u00fdch organick\u00fdch l\u00e1tek, H2S, siloxan\u016f a z\u00e1pachu z pr\u016fmyslov\u00fdch emis\u00ed, bioplynu a ventila\u010dn\u00edch syst\u00e9m\u016f.<\/li>\n<li><strong>\u010ci\u0161t\u011bn\u00ed vody a odpadn\u00edch vod<\/strong>: Dechlorace, odstra\u0148ov\u00e1n\u00ed organick\u00fdch kontaminant\u016f a redukce barvy\/z\u00e1pachu v komun\u00e1ln\u00ed, pr\u016fmyslov\u00e9 a technologick\u00e9 vod\u011b.<\/li>\n<li><strong>Zp\u011btn\u00e9 z\u00edsk\u00e1v\u00e1n\u00ed rozpou\u0161t\u011bdel<\/strong>: Adsorpce a regenerace v chemick\u00e9m zpracov\u00e1n\u00ed, p\u0159i v\u00fdrob\u011b barev a v tiska\u0159sk\u00fdch provozech.<\/li>\n<li><strong>Potraviny a n\u00e1poje<\/strong>: Odbarvov\u00e1n\u00ed a \u010di\u0161t\u011bn\u00ed p\u0159i zpracov\u00e1n\u00ed \u0161\u0165\u00e1v, v\u00edna a cukru.<\/li>\n<li><strong>Specializovan\u00e9 pou\u017eit\u00ed<\/strong>: Podpora katalyz\u00e1tor\u016f, regulace rtu\u0165ov\u00fdch par a \u010di\u0161t\u011bn\u00ed spalin v environment\u00e1ln\u00edm in\u017een\u00fdrstv\u00ed.<\/li>\n<\/ul>\n<h2 dir=\"auto\">Normy kvality a dodr\u017eov\u00e1n\u00ed p\u0159edpis\u016f<\/h2>\n<ul dir=\"auto\">\n<li><strong>Testovac\u00ed normy<\/strong>: Odpov\u00edd\u00e1 norm\u00e1m ASTM (nap\u0159. D2862 pro velikost \u010d\u00e1stic, D4607 pro jodov\u00e9 \u010d\u00edslo) a ISO (nap\u0159. 21340 pro vlastnosti).<\/li>\n<li><strong>Certifikace<\/strong>: Kompatibiln\u00ed s potravin\u00e1\u0159sk\u00fdmi normami (ANSI\/NSF 61 pro pitnou vodu), AWWA B604 pro granulovan\u00e9 aktivn\u00ed uhl\u00ed.<\/li>\n<li><strong>Dodr\u017eov\u00e1n\u00ed p\u0159edpis\u016f<\/strong>: Registrov\u00e1no podle REACH, nen\u00ed nebezpe\u010dn\u00e9 podle OSHA a EU CLP; \u017e\u00e1dn\u00e9 l\u00e1tky PBT\/vPvB.<\/li>\n<\/ul>\n<h2 dir=\"auto\">Balen\u00ed a skladov\u00e1n\u00ed<\/h2>\n<ul dir=\"auto\">\n<li><strong>Standardn\u00ed balen\u00ed<\/strong>: 25 kg pytle, 500-1000 kg velk\u00e9 pytle nebo voln\u011b lo\u017een\u00e9 z\u00e1silky na palet\u00e1ch (sv\u00e1zan\u00e9 a zabalen\u00e9 ve smr\u0161\u0165ovac\u00ed f\u00f3lii).<\/li>\n<li><strong>Doporu\u010den\u00ed pro ukl\u00e1d\u00e1n\u00ed<\/strong>: Skladujte na chladn\u00e9m, such\u00e9m a dob\u0159e v\u011btran\u00e9m m\u00edst\u011b, mimo dosah siln\u00fdch oxidant\u016f a p\u0159\u00edm\u00e9ho slune\u010dn\u00edho z\u00e1\u0159en\u00ed. Zabra\u0148te kontaktu se vzduchem nebo organick\u00fdmi v\u00fdpary, aby nedo\u0161lo k p\u0159ed\u010dasn\u00e9mu nasycen\u00ed. Doba pou\u017eitelnosti: Po uplynut\u00ed doby pou\u017eitelnosti se produkt vysu\u0161\u00ed: Za spr\u00e1vn\u00fdch podm\u00ednek a\u017e 2 roky.<\/li>\n<\/ul>\n<h2 dir=\"auto\">Bezpe\u010dnost a manipulace<\/h2>\n<ul dir=\"auto\">\n<li><strong>Nebezpe\u010d\u00ed<\/strong>: Nebezpe\u010dn\u00fd prach; za mokra m\u016f\u017ee zp\u016fsobit podr\u00e1\u017ed\u011bn\u00ed o\u010d\u00ed\/k\u016f\u017ee nebo vy\u010derp\u00e1n\u00ed kysl\u00edku v uzav\u0159en\u00fdch prostor\u00e1ch. Teplota vzn\u00edcen\u00ed &gt;400 \u00b0C.<\/li>\n<li><strong>PPE<\/strong>: V pra\u0161n\u00fdch oblastech pou\u017e\u00edvejte rukavice, ochranu o\u010d\u00ed a d\u00fdchac\u00ed masku. Vyhn\u011bte se vdechnut\u00ed a kontaktu.<\/li>\n<li><strong>Prvn\u00ed pomoc<\/strong>: Vypl\u00e1chn\u011bte o\u010di\/poko\u017eku vodou; pokud podr\u00e1\u017ed\u011bn\u00ed p\u0159etrv\u00e1v\u00e1, vyhledejte l\u00e9ka\u0159skou pomoc.<\/li>\n<li><strong>Likvidace<\/strong>: Nen\u00ed nebezpe\u010dn\u00fd; likvidujte podle m\u00edstn\u00edch p\u0159edpis\u016f. Pou\u017eit\u00fd uhl\u00edk m\u016f\u017ee vy\u017eadovat klasifikaci jako nebezpe\u010dn\u00fd odpad na z\u00e1klad\u011b adsorbovan\u00fdch kontaminant\u016f.<\/li>\n<\/ul>\n<p><a dir=\"auto\" style=\"display: inline-block; padding: 12px 28px; border-radius: 999px; background: #0067ff; color: #ffffff; font-size: 20px; font-weight: 600; text-decoration: none; cursor: pointer; \" href=\"mailto:info@yrdcarbon.com\">Z\u00edskejte zdarma kvalitn\u00ed vzorky pro testov\u00e1n\u00ed<\/a><\/p>","protected":false},"excerpt":{"rendered":"<p><a dir=\"auto\" style=\"display: inline-block; padding: 12px 28px; border-radius: 999px; background: #0067ff; color: #ffffff; font-size: 20px; font-weight: 600; text-decoration: none; cursor: pointer;\" href=\"mailto:info@yrdcarbon.com\">Z\u00edskejte zdarma kvalitn\u00ed vzorky pro testov\u00e1n\u00ed<\/a><\/p>\n<p dir=\"auto\">Peletov\u00e9 aktivn\u00ed uhl\u00ed, zn\u00e1m\u00e9 tak\u00e9 jako sloupcov\u00e9 nebo extrudovan\u00e9 aktivn\u00ed uhl\u00ed, je vysoce v\u00fdkonn\u00fd adsorp\u010dn\u00ed materi\u00e1l ur\u010den\u00fd pro \u00fa\u010dinn\u00e9 \u010di\u0161t\u011bn\u00ed v plynn\u00e9 a kapaln\u00e9 f\u00e1zi. Vyr\u00e1b\u00ed se z prvot\u0159\u00eddn\u00edch surovin, jako je uhl\u00ed, d\u0159evo nebo kokosov\u00e9 sko\u0159\u00e1pky, pomoc\u00ed parn\u00edch nebo chemick\u00fdch aktiva\u010dn\u00edch proces\u016f a m\u00e1 v\u00e1lcov\u00fd tvar, kter\u00fd zaji\u0161\u0165uje n\u00edzk\u00fd pokles tlaku a vysokou mechanickou pevnost. Tento v\u00fdrobek je ide\u00e1ln\u00ed pro pr\u016fmyslov\u00e9 pou\u017eit\u00ed vy\u017eaduj\u00edc\u00ed spolehliv\u00e9 odstran\u011bn\u00ed kontaminant\u016f se zam\u011b\u0159en\u00edm na t\u011bkav\u00e9 organick\u00e9 slou\u010deniny (VOC), pachy a ne\u010distoty.<\/p>\n<p dir=\"auto\">Na\u0161e peletov\u00e9 aktivn\u00ed uhl\u00ed spl\u0148uje mezin\u00e1rodn\u00ed normy, jako jsou ASTM a ISO, co\u017e zaji\u0161\u0165uje konzistentn\u00ed kvalitu pro glob\u00e1ln\u00ed trhy. Je \u0161iroce pou\u017e\u00edv\u00e1n v syst\u00e9mech ochrany \u017eivotn\u00edho prost\u0159ed\u00ed, \u010di\u0161t\u011bn\u00ed vody a filtrace vzduchu.<\/p>\n<h2 dir=\"auto\">Kl\u00ed\u010dov\u00e9 vlastnosti a v\u00fdhody<\/h2>\n<ul dir=\"auto\">\n<li><strong>Vysok\u00e1 adsorp\u010dn\u00ed kapacita<\/strong>: Optimalizovan\u00e1 struktura p\u00f3r\u016f pro vynikaj\u00edc\u00ed odstran\u011bn\u00ed organick\u00fdch zne\u010di\u0161\u0165uj\u00edc\u00edch l\u00e1tek, plyn\u016f a z\u00e1pachu.<\/li>\n<li><strong>Odolnost<\/strong>: Vysok\u00e1 tvrdost sni\u017euje tvorbu prachu a prodlu\u017euje \u017eivotnost syst\u00e9m\u016f s pevn\u00fdm lo\u017eem.<\/li>\n<li><strong>N\u00edzk\u00fd pokles tlaku<\/strong>: Jednotn\u00fd tvar pelet minimalizuje odpor proud\u011bn\u00ed a zvy\u0161uje \u00fa\u010dinnost syst\u00e9mu.<\/li>\n<li><strong>Regenerovatelnost<\/strong>: Vhodn\u00e9 pro tepelnou reaktivaci, kter\u00e1 podporuje \u00fasporu n\u00e1klad\u016f a udr\u017eitelnost.<\/li>\n<li><strong>V\u0161estrannost<\/strong>: K dispozici jsou r\u016fzn\u00e9 pr\u016fm\u011bry a impregnace pro aplikace na m\u00edru, jako je odstra\u0148ov\u00e1n\u00ed H2S nebo kontrola rtuti.<\/li>\n<\/ul>\n<p>&nbsp;<\/p>","protected":false},"featured_media":1370,"template":"","meta":{"site-sidebar-layout":"default","site-content-layout":"","ast-site-content-layout":"default","site-content-style":"default","site-sidebar-style":"default","ast-global-header-display":"","ast-banner-title-visibility":"","ast-main-header-display":"","ast-hfb-above-header-display":"","ast-hfb-below-header-display":"","ast-hfb-mobile-header-display":"","site-post-title":"","ast-breadcrumbs-content":"","ast-featured-img":"","footer-sml-layout":"","ast-disable-related-posts":"","theme-transparent-header-meta":"default","adv-header-id-meta":"","stick-header-meta":"","header-above-stick-meta":"","header-main-stick-meta":"","header-below-stick-meta":"","astra-migrate-meta-layouts":"set","ast-page-background-enabled":"default","ast-page-background-meta":{"desktop":{"background-color":"var(--ast-global-color-4)","background-image":"","background-repeat":"repeat","background-position":"center center","background-size":"auto","background-attachment":"scroll","background-type":"","background-media":"","overlay-type":"","overlay-color":"","overlay-opacity":"","overlay-gradient":""},"tablet":{"background-color":"","background-image":"","background-repeat":"repeat","background-position":"center center","background-size":"auto","background-attachment":"scroll","background-type":"","background-media":"","overlay-type":"","overlay-color":"","overlay-opacity":"","overlay-gradient":""},"mobile":{"background-color":"","background-image":"","background-repeat":"repeat","background-position":"center center","background-size":"auto","background-attachment":"scroll","background-type":"","background-media":"","overlay-type":"","overlay-color":"","overlay-opacity":"","overlay-gradient":""}},"ast-content-background-meta":{"desktop":{"background-color":"var(--ast-global-color-5)","background-image":"","background-repeat":"repeat","background-position":"center center","background-size":"auto","background-attachment":"scroll","background-type":"","background-media":"","overlay-type":"","overlay-color":"","overlay-opacity":"","overlay-gradient":""},"tablet":{"background-color":"var(--ast-global-color-5)","background-image":"","background-repeat":"repeat","background-position":"center center","background-size":"auto","background-attachment":"scroll","background-type":"","background-media":"","overlay-type":"","overlay-color":"","overlay-opacity":"","overlay-gradient":""},"mobile":{"background-color":"var(--ast-global-color-5)","background-image":"","background-repeat":"repeat","background-position":"center center","background-size":"auto","background-attachment":"scroll","background-type":"","background-media":"","overlay-type":"","overlay-color":"","overlay-opacity":"","overlay-gradient":""}}},"product_brand":[],"product_cat":[15],"product_tag":[],"class_list":{"0":"post-1141","1":"product","2":"type-product","3":"status-publish","4":"has-post-thumbnail","6":"product_cat-activated-carbon-series","7":"desktop-align-left","8":"tablet-align-left","9":"mobile-align-left","11":"first","12":"instock","13":"shipping-taxable","14":"product-type-simple"},"yoast_head":"<!-- This site is optimized with the Yoast SEO Premium plugin v26.0 (Yoast SEO v27.4) - https:\/\/yoast.com\/product\/yoast-seo-premium-wordpress\/ -->\n<title>Columnar Activated Carbon<\/title>\n<meta name=\"description\" content=\"Durable columnar activated carbon for water, air and gas purification. High strength, low pressure drop, customizable sizes. YRD \u2013 reliable global supply.\" \/>\n<meta name=\"robots\" content=\"index, follow, max-snippet:-1, max-image-preview:large, max-video-preview:-1\" \/>\n<link rel=\"canonical\" href=\"https:\/\/yrdactivatedcarbon.com\/cs\/product\/sloupcove-aktivni-uhli\/\" \/>\n<meta property=\"og:locale\" content=\"cs_CZ\" \/>\n<meta property=\"og:type\" content=\"article\" \/>\n<meta property=\"og:title\" content=\"Columnar Activated Carbon\" \/>\n<meta property=\"og:description\" content=\"Durable columnar activated carbon for water, air and gas purification. High strength, low pressure drop, customizable sizes. YRD \u2013 reliable global supply.\" \/>\n<meta property=\"og:url\" content=\"https:\/\/yrdactivatedcarbon.com\/cs\/product\/sloupcove-aktivni-uhli\/\" \/>\n<meta property=\"article:modified_time\" content=\"2025-12-03T09:44:47+00:00\" \/>\n<meta property=\"og:image\" content=\"http:\/\/yrdactivatedcarbon.com\/wp-content\/uploads\/2025\/10\/Columnar-Activated-Carbon.webp\" \/>\n\t<meta property=\"og:image:width\" content=\"1500\" \/>\n\t<meta property=\"og:image:height\" content=\"1500\" \/>\n\t<meta property=\"og:image:type\" content=\"image\/webp\" \/>\n<meta name=\"twitter:card\" content=\"summary_large_image\" \/>\n<meta name=\"twitter:label1\" content=\"Odhadovan\u00e1 doba \u010dten\u00ed\" \/>\n\t<meta name=\"twitter:data1\" content=\"3 minuty\" \/>\n<script type=\"application\/ld+json\" class=\"yoast-schema-graph\">{\"@context\":\"https:\\\/\\\/schema.org\",\"@graph\":[{\"@type\":\"WebPage\",\"@id\":\"https:\\\/\\\/yrdactivatedcarbon.com\\\/product\\\/columnar-activated-carbon\\\/\",\"url\":\"https:\\\/\\\/yrdactivatedcarbon.com\\\/product\\\/columnar-activated-carbon\\\/\",\"name\":\"Columnar Activated Carbon\",\"isPartOf\":{\"@id\":\"https:\\\/\\\/yrdactivatedcarbon.com\\\/#website\"},\"primaryImageOfPage\":{\"@id\":\"https:\\\/\\\/yrdactivatedcarbon.com\\\/product\\\/columnar-activated-carbon\\\/#primaryimage\"},\"image\":{\"@id\":\"https:\\\/\\\/yrdactivatedcarbon.com\\\/product\\\/columnar-activated-carbon\\\/#primaryimage\"},\"thumbnailUrl\":\"https:\\\/\\\/yrdactivatedcarbon.com\\\/wp-content\\\/uploads\\\/2025\\\/10\\\/Columnar-Activated-Carbon.webp\",\"datePublished\":\"2025-10-17T09:11:37+00:00\",\"dateModified\":\"2025-12-03T09:44:47+00:00\",\"description\":\"Durable columnar activated carbon for water, air and gas purification. High strength, low pressure drop, customizable sizes. YRD \u2013 reliable global supply.\",\"breadcrumb\":{\"@id\":\"https:\\\/\\\/yrdactivatedcarbon.com\\\/product\\\/columnar-activated-carbon\\\/#breadcrumb\"},\"inLanguage\":\"cs\",\"potentialAction\":[{\"@type\":\"ReadAction\",\"target\":[\"https:\\\/\\\/yrdactivatedcarbon.com\\\/product\\\/columnar-activated-carbon\\\/\"]}]},{\"@type\":\"ImageObject\",\"inLanguage\":\"cs\",\"@id\":\"https:\\\/\\\/yrdactivatedcarbon.com\\\/product\\\/columnar-activated-carbon\\\/#primaryimage\",\"url\":\"https:\\\/\\\/yrdactivatedcarbon.com\\\/wp-content\\\/uploads\\\/2025\\\/10\\\/Columnar-Activated-Carbon.webp\",\"contentUrl\":\"https:\\\/\\\/yrdactivatedcarbon.com\\\/wp-content\\\/uploads\\\/2025\\\/10\\\/Columnar-Activated-Carbon.webp\",\"width\":1500,\"height\":1500},{\"@type\":\"BreadcrumbList\",\"@id\":\"https:\\\/\\\/yrdactivatedcarbon.com\\\/product\\\/columnar-activated-carbon\\\/#breadcrumb\",\"itemListElement\":[{\"@type\":\"ListItem\",\"position\":1,\"name\":\"\u9996\u9875\",\"item\":\"https:\\\/\\\/yrdactivatedcarbon.com\\\/\"},{\"@type\":\"ListItem\",\"position\":2,\"name\":\"Products\",\"item\":\"https:\\\/\\\/yrdactivatedcarbon.com\\\/shop__trashed\\\/\"},{\"@type\":\"ListItem\",\"position\":3,\"name\":\"Columnar Activated Carbon\"}]},{\"@type\":\"WebSite\",\"@id\":\"https:\\\/\\\/yrdactivatedcarbon.com\\\/#website\",\"url\":\"https:\\\/\\\/yrdactivatedcarbon.com\\\/\",\"name\":\"\",\"description\":\"\",\"publisher\":{\"@id\":\"https:\\\/\\\/yrdactivatedcarbon.com\\\/#\\\/schema\\\/person\\\/581e0ef9031155afdeefbcd492460987\"},\"potentialAction\":[{\"@type\":\"SearchAction\",\"target\":{\"@type\":\"EntryPoint\",\"urlTemplate\":\"https:\\\/\\\/yrdactivatedcarbon.com\\\/?s={search_term_string}\"},\"query-input\":{\"@type\":\"PropertyValueSpecification\",\"valueRequired\":true,\"valueName\":\"search_term_string\"}}],\"inLanguage\":\"cs\"},{\"@type\":[\"Person\",\"Organization\"],\"@id\":\"https:\\\/\\\/yrdactivatedcarbon.com\\\/#\\\/schema\\\/person\\\/581e0ef9031155afdeefbcd492460987\",\"name\":\"Admin\",\"image\":{\"@type\":\"ImageObject\",\"inLanguage\":\"cs\",\"@id\":\"https:\\\/\\\/yrdactivatedcarbon.com\\\/wp-content\\\/uploads\\\/2025\\\/10\\\/cropped-cropped-cropped-cropped-cropped-Gemini_Generated_Image_csnat5csnat5csna-removebg-preview.png\",\"url\":\"https:\\\/\\\/yrdactivatedcarbon.com\\\/wp-content\\\/uploads\\\/2025\\\/10\\\/cropped-cropped-cropped-cropped-cropped-Gemini_Generated_Image_csnat5csnat5csna-removebg-preview.png\",\"contentUrl\":\"https:\\\/\\\/yrdactivatedcarbon.com\\\/wp-content\\\/uploads\\\/2025\\\/10\\\/cropped-cropped-cropped-cropped-cropped-Gemini_Generated_Image_csnat5csnat5csna-removebg-preview.png\",\"width\":304,\"height\":88,\"caption\":\"Admin\"},\"logo\":{\"@id\":\"https:\\\/\\\/yrdactivatedcarbon.com\\\/wp-content\\\/uploads\\\/2025\\\/10\\\/cropped-cropped-cropped-cropped-cropped-Gemini_Generated_Image_csnat5csnat5csna-removebg-preview.png\"},\"sameAs\":[\"https:\\\/\\\/yrdactivatedcarbon.com\"],\"publishingPrinciples\":\"https:\\\/\\\/yrdactivatedcarbon.com\\\/\",\"ownershipFundingInfo\":\"https:\\\/\\\/yrdactivatedcarbon.com\\\/\"}]}<\/script>\n<!-- \/ Yoast SEO Premium plugin. -->","yoast_head_json":{"title":"Sloupcov\u00e9 aktivn\u00ed uhl\u00ed","description":"Odoln\u00e9 sloupcov\u00e9 aktivn\u00ed uhl\u00ed pro \u010di\u0161t\u011bn\u00ed vody, vzduchu a plyn\u016f. Vysok\u00e1 pevnost, n\u00edzk\u00fd pokles tlaku, p\u0159izp\u016fsobiteln\u00e9 velikosti. YRD - spolehliv\u00e9 glob\u00e1ln\u00ed dod\u00e1vky.","robots":{"index":"index","follow":"follow","max-snippet":"max-snippet:-1","max-image-preview":"max-image-preview:large","max-video-preview":"max-video-preview:-1"},"canonical":"https:\/\/yrdactivatedcarbon.com\/cs\/product\/sloupcove-aktivni-uhli\/","og_locale":"cs_CZ","og_type":"article","og_title":"Columnar Activated Carbon","og_description":"Durable columnar activated carbon for water, air and gas purification. High strength, low pressure drop, customizable sizes. YRD \u2013 reliable global supply.","og_url":"https:\/\/yrdactivatedcarbon.com\/cs\/product\/sloupcove-aktivni-uhli\/","article_modified_time":"2025-12-03T09:44:47+00:00","og_image":[{"width":1500,"height":1500,"url":"http:\/\/yrdactivatedcarbon.com\/wp-content\/uploads\/2025\/10\/Columnar-Activated-Carbon.webp","type":"image\/webp"}],"twitter_card":"summary_large_image","twitter_misc":{"Odhadovan\u00e1 doba \u010dten\u00ed":"3 minuty"},"schema":{"@context":"https:\/\/schema.org","@graph":[{"@type":"WebPage","@id":"https:\/\/yrdactivatedcarbon.com\/product\/columnar-activated-carbon\/","url":"https:\/\/yrdactivatedcarbon.com\/product\/columnar-activated-carbon\/","name":"Sloupcov\u00e9 aktivn\u00ed uhl\u00ed","isPartOf":{"@id":"https:\/\/yrdactivatedcarbon.com\/#website"},"primaryImageOfPage":{"@id":"https:\/\/yrdactivatedcarbon.com\/product\/columnar-activated-carbon\/#primaryimage"},"image":{"@id":"https:\/\/yrdactivatedcarbon.com\/product\/columnar-activated-carbon\/#primaryimage"},"thumbnailUrl":"https:\/\/yrdactivatedcarbon.com\/wp-content\/uploads\/2025\/10\/Columnar-Activated-Carbon.webp","datePublished":"2025-10-17T09:11:37+00:00","dateModified":"2025-12-03T09:44:47+00:00","description":"Odoln\u00e9 sloupcov\u00e9 aktivn\u00ed uhl\u00ed pro \u010di\u0161t\u011bn\u00ed vody, vzduchu a plyn\u016f. Vysok\u00e1 pevnost, n\u00edzk\u00fd pokles tlaku, p\u0159izp\u016fsobiteln\u00e9 velikosti. YRD - spolehliv\u00e9 glob\u00e1ln\u00ed dod\u00e1vky.","breadcrumb":{"@id":"https:\/\/yrdactivatedcarbon.com\/product\/columnar-activated-carbon\/#breadcrumb"},"inLanguage":"cs","potentialAction":[{"@type":"ReadAction","target":["https:\/\/yrdactivatedcarbon.com\/product\/columnar-activated-carbon\/"]}]},{"@type":"ImageObject","inLanguage":"cs","@id":"https:\/\/yrdactivatedcarbon.com\/product\/columnar-activated-carbon\/#primaryimage","url":"https:\/\/yrdactivatedcarbon.com\/wp-content\/uploads\/2025\/10\/Columnar-Activated-Carbon.webp","contentUrl":"https:\/\/yrdactivatedcarbon.com\/wp-content\/uploads\/2025\/10\/Columnar-Activated-Carbon.webp","width":1500,"height":1500},{"@type":"BreadcrumbList","@id":"https:\/\/yrdactivatedcarbon.com\/product\/columnar-activated-carbon\/#breadcrumb","itemListElement":[{"@type":"ListItem","position":1,"name":"\u9996\u9875","item":"https:\/\/yrdactivatedcarbon.com\/"},{"@type":"ListItem","position":2,"name":"Products","item":"https:\/\/yrdactivatedcarbon.com\/shop__trashed\/"},{"@type":"ListItem","position":3,"name":"Columnar Activated Carbon"}]},{"@type":"WebSite","@id":"https:\/\/yrdactivatedcarbon.com\/#website","url":"https:\/\/yrdactivatedcarbon.com\/","name":"","description":"","publisher":{"@id":"https:\/\/yrdactivatedcarbon.com\/#\/schema\/person\/581e0ef9031155afdeefbcd492460987"},"potentialAction":[{"@type":"SearchAction","target":{"@type":"EntryPoint","urlTemplate":"https:\/\/yrdactivatedcarbon.com\/?s={search_term_string}"},"query-input":{"@type":"PropertyValueSpecification","valueRequired":true,"valueName":"search_term_string"}}],"inLanguage":"cs"},{"@type":["Person","Organization"],"@id":"https:\/\/yrdactivatedcarbon.com\/#\/schema\/person\/581e0ef9031155afdeefbcd492460987","name":"Admin","image":{"@type":"ImageObject","inLanguage":"cs","@id":"https:\/\/yrdactivatedcarbon.com\/wp-content\/uploads\/2025\/10\/cropped-cropped-cropped-cropped-cropped-Gemini_Generated_Image_csnat5csnat5csna-removebg-preview.png","url":"https:\/\/yrdactivatedcarbon.com\/wp-content\/uploads\/2025\/10\/cropped-cropped-cropped-cropped-cropped-Gemini_Generated_Image_csnat5csnat5csna-removebg-preview.png","contentUrl":"https:\/\/yrdactivatedcarbon.com\/wp-content\/uploads\/2025\/10\/cropped-cropped-cropped-cropped-cropped-Gemini_Generated_Image_csnat5csnat5csna-removebg-preview.png","width":304,"height":88,"caption":"Admin"},"logo":{"@id":"https:\/\/yrdactivatedcarbon.com\/wp-content\/uploads\/2025\/10\/cropped-cropped-cropped-cropped-cropped-Gemini_Generated_Image_csnat5csnat5csna-removebg-preview.png"},"sameAs":["https:\/\/yrdactivatedcarbon.com"],"publishingPrinciples":"https:\/\/yrdactivatedcarbon.com\/","ownershipFundingInfo":"https:\/\/yrdactivatedcarbon.com\/"}]}},"_links":{"self":[{"href":"https:\/\/yrdactivatedcarbon.com\/cs\/wp-json\/wp\/v2\/product\/1141","targetHints":{"allow":["GET"]}}],"collection":[{"href":"https:\/\/yrdactivatedcarbon.com\/cs\/wp-json\/wp\/v2\/product"}],"about":[{"href":"https:\/\/yrdactivatedcarbon.com\/cs\/wp-json\/wp\/v2\/types\/product"}],"version-history":[{"count":4,"href":"https:\/\/yrdactivatedcarbon.com\/cs\/wp-json\/wp\/v2\/product\/1141\/revisions"}],"predecessor-version":[{"id":1371,"href":"https:\/\/yrdactivatedcarbon.com\/cs\/wp-json\/wp\/v2\/product\/1141\/revisions\/1371"}],"wp:featuredmedia":[{"embeddable":true,"href":"https:\/\/yrdactivatedcarbon.com\/cs\/wp-json\/wp\/v2\/media\/1370"}],"wp:attachment":[{"href":"https:\/\/yrdactivatedcarbon.com\/cs\/wp-json\/wp\/v2\/media?parent=1141"}],"wp:term":[{"taxonomy":"product_brand","embeddable":true,"href":"https:\/\/yrdactivatedcarbon.com\/cs\/wp-json\/wp\/v2\/product_brand?post=1141"},{"taxonomy":"product_cat","embeddable":true,"href":"https:\/\/yrdactivatedcarbon.com\/cs\/wp-json\/wp\/v2\/product_cat?post=1141"},{"taxonomy":"product_tag","embeddable":true,"href":"https:\/\/yrdactivatedcarbon.com\/cs\/wp-json\/wp\/v2\/product_tag?post=1141"}],"curies":[{"name":"wp","href":"https:\/\/api.w.org\/{rel}","templated":true}]}}