{"id":1143,"date":"2025-10-17T17:11:55","date_gmt":"2025-10-17T09:11:55","guid":{"rendered":"https:\/\/yrdactivatedcarbon.com\/?post_type=product&#038;p=1143"},"modified":"2025-12-03T17:44:05","modified_gmt":"2025-12-03T09:44:05","slug":"praskove-aktivni-uhli-pac","status":"publish","type":"product","link":"https:\/\/yrdactivatedcarbon.com\/cs\/product\/praskove-aktivni-uhli-pac\/","title":{"rendered":"Pr\u00e1\u0161kov\u00e9 aktivn\u00ed uhl\u00ed (PAC)"},"content":{"rendered":"<p dir=\"auto\">Technick\u00e9 specifikace<\/p>\n<table>\n<thead>\n<tr>\n<th data-col-size=\"lg\">Parametr<\/th>\n<th data-col-size=\"md\">Specifikace<\/th>\n<th data-col-size=\"sm\">Jednotka<\/th>\n<th data-col-size=\"md\">Zku\u0161ebn\u00ed metoda<\/th>\n<th data-col-size=\"xl\">Pozn\u00e1mky<\/th>\n<\/tr>\n<\/thead>\n<tbody>\n<tr>\n<td data-col-size=\"lg\">Hodnota j\u00f3du<\/td>\n<td data-col-size=\"md\">\u2265 1000<\/td>\n<td data-col-size=\"sm\">mg\/g<\/td>\n<td data-col-size=\"md\">ASTM D4607<\/td>\n<td data-col-size=\"xl\">Ozna\u010duje adsorp\u010dn\u00ed kapacitu pro mal\u00e9 molekuly<\/td>\n<\/tr>\n<tr>\n<td data-col-size=\"lg\">Obsah popela<\/td>\n<td data-col-size=\"md\">\u2264 5<\/td>\n<td data-col-size=\"sm\">%<\/td>\n<td data-col-size=\"md\">ASTM D2866<\/td>\n<td data-col-size=\"xl\">N\u00edzk\u00fd obsah popela zaji\u0161\u0165uje \u010distotu<\/td>\n<\/tr>\n<tr>\n<td data-col-size=\"lg\">Obsah vlhkosti<\/td>\n<td data-col-size=\"md\">\u2264 8<\/td>\n<td data-col-size=\"sm\">%<\/td>\n<td data-col-size=\"md\">ASTM D2867<\/td>\n<td data-col-size=\"xl\">Na z\u00e1klad\u011b obdr\u017een\u00e9ho materi\u00e1lu<\/td>\n<\/tr>\n<tr>\n<td data-col-size=\"lg\">Hodnota pH<\/td>\n<td data-col-size=\"md\">6 &#8211; 10<\/td>\n<td data-col-size=\"sm\">&#8211;<\/td>\n<td data-col-size=\"md\">ASTM D3838<\/td>\n<td data-col-size=\"xl\">Neutr\u00e1ln\u00ed a\u017e m\u00edrn\u011b alkalick\u00fd<\/td>\n<\/tr>\n<tr>\n<td data-col-size=\"lg\">Distribuce velikosti \u010d\u00e1stic<\/td>\n<td data-col-size=\"md\">95% p\u0159es 325 ok (44 \u03bcm)<\/td>\n<td data-col-size=\"sm\">%<\/td>\n<td data-col-size=\"md\">ASTM D2862<\/td>\n<td data-col-size=\"xl\">Jemn\u00fd pr\u00e1\u0161ek pro snadn\u00e9 m\u00edch\u00e1n\u00ed<\/td>\n<\/tr>\n<tr>\n<td data-col-size=\"lg\">Zd\u00e1nliv\u00e1 hustota<\/td>\n<td data-col-size=\"md\">0.45 &#8211; 0.55<\/td>\n<td data-col-size=\"sm\">g\/cc<\/td>\n<td data-col-size=\"md\">ASTM D2854<\/td>\n<td data-col-size=\"xl\">Sypn\u00e1 hmotnost<\/td>\n<\/tr>\n<tr>\n<td data-col-size=\"lg\">Hodnota methylenov\u00e9 mod\u0159i<\/td>\n<td data-col-size=\"md\">\u2265 200<\/td>\n<td data-col-size=\"sm\">mg\/g<\/td>\n<td data-col-size=\"md\">JIS K1474<\/td>\n<td data-col-size=\"xl\">M\u011b\u0159\u00ed schopnost odbarvov\u00e1n\u00ed<\/td>\n<\/tr>\n<tr>\n<td data-col-size=\"lg\">Popel rozpustn\u00fd ve vod\u011b<\/td>\n<td data-col-size=\"md\">\u2264 1<\/td>\n<td data-col-size=\"sm\">%<\/td>\n<td data-col-size=\"md\">ASTM D5029<\/td>\n<td data-col-size=\"xl\">Minimalizuje vyluhov\u00e1n\u00ed v aplikac\u00edch<\/td>\n<\/tr>\n<tr>\n<td data-col-size=\"lg\">Plocha povrchu (BET)<\/td>\n<td data-col-size=\"md\">\u2265 1000<\/td>\n<td data-col-size=\"sm\">m\u00b2\/g<\/td>\n<td data-col-size=\"md\">ASTM D6556<\/td>\n<td data-col-size=\"xl\">Vysok\u00e1 plocha povrchu pro lep\u0161\u00ed adsorpci<\/td>\n<\/tr>\n<\/tbody>\n<\/table>\n<p><a dir=\"auto\" style=\"display: inline-block; padding: 12px 28px; border-radius: 999px; background: #0067ff; color: #ffffff; font-size: 20px; font-weight: 600; text-decoration: none; cursor: pointer;\" href=\"mailto:info@yrdcarbon.com\">Z\u00edskejte zdarma kvalitn\u00ed vzorky pro testov\u00e1n\u00ed<\/a><\/p>","protected":false},"excerpt":{"rendered":"<p><a dir=\"auto\" style=\"display: inline-block; padding: 12px 28px; border-radius: 999px; background: #0067ff; color: #ffffff; font-size: 20px; font-weight: 600; text-decoration: none; cursor: pointer; \" href=\"mailto:info@yrdcarbon.com\">Z\u00edskejte zdarma kvalitn\u00ed vzorky pro testov\u00e1n\u00ed<\/a><\/p>\n<p dir=\"auto\">Pr\u00e1\u0161kov\u00e9 aktivn\u00ed uhl\u00ed (PAC) je jemn\u011b mlet\u00e1 forma aktivn\u00edho uhl\u00ed, kter\u00e1 je zn\u00e1m\u00e1 sv\u00fdmi v\u00fdjime\u010dn\u00fdmi adsorp\u010dn\u00edmi schopnostmi. N\u00e1\u0161 PAC, z\u00edsk\u00e1van\u00fd z vysoce kvalitn\u00edch surovin, jako jsou kokosov\u00e9 sko\u0159\u00e1pky nebo d\u0159evo, je ur\u010den k \u00fa\u010dinn\u00e9mu odstra\u0148ov\u00e1n\u00ed kontaminant\u016f p\u0159i \u00faprav\u011b vody, \u010di\u0161t\u011bn\u00ed vzduchu a v aplikac\u00edch environment\u00e1ln\u00edho in\u017een\u00fdrstv\u00ed. Nab\u00edz\u00ed vynikaj\u00edc\u00ed v\u00fdkon p\u0159i adsorpci organick\u00fdch slou\u010denin, pach\u016f a ne\u010distot a zaji\u0161\u0165uje shodu s mezin\u00e1rodn\u00edmi normami, jako jsou AWWA, ASTM a NSF.<\/p>\n<h4 dir=\"auto\">Kl\u00ed\u010dov\u00e9 aplikace a v\u00fdhody<\/h4>\n<ul dir=\"auto\">\n<li><strong>\u00daprava vody:<\/strong> \u00da\u010dinn\u011b odstra\u0148uje organick\u00e9 zne\u010di\u0161\u0165uj\u00edc\u00ed l\u00e1tky, chl\u00f3r a slou\u010deniny chuti a z\u00e1pachu v komun\u00e1ln\u00edch a pr\u016fmyslov\u00fdch vodovodn\u00edch syst\u00e9mech, \u010d\u00edm\u017e zvy\u0161uje kvalitu a bezpe\u010dnost vody.<\/li>\n<li><strong>Environment\u00e1ln\u00ed in\u017een\u00fdrstv\u00ed:<\/strong> Ide\u00e1ln\u00ed pro \u010di\u0161t\u011bn\u00ed odpadn\u00edch vod, sanaci p\u016fdy a \u010di\u0161t\u011bn\u00ed spalin, co\u017e p\u0159isp\u00edv\u00e1 k udr\u017eiteln\u00fdm environment\u00e1ln\u00edm postup\u016fm.<\/li>\n<li><strong>Konkuren\u010dn\u00ed v\u00fdhody:<\/strong> Vysok\u00e1 hodnota j\u00f3du pro vynikaj\u00edc\u00ed adsorpci, n\u00edzk\u00fd obsah popela pro minimalizaci ne\u010distot a jemn\u00e1 velikost \u010d\u00e1stic pro rychlou disperzi a \u00fa\u010dinnost. To vede k \u00faspo\u0159e n\u00e1klad\u016f d\u00edky ni\u017e\u0161\u00edm po\u017eadavk\u016fm na d\u00e1vkov\u00e1n\u00ed a lep\u0161\u00edmu v\u00fdkonu procesu.<\/li>\n<\/ul>","protected":false},"featured_media":1375,"template":"","meta":{"site-sidebar-layout":"default","site-content-layout":"","ast-site-content-layout":"default","site-content-style":"default","site-sidebar-style":"default","ast-global-header-display":"","ast-banner-title-visibility":"","ast-main-header-display":"","ast-hfb-above-header-display":"","ast-hfb-below-header-display":"","ast-hfb-mobile-header-display":"","site-post-title":"","ast-breadcrumbs-content":"","ast-featured-img":"","footer-sml-layout":"","ast-disable-related-posts":"","theme-transparent-header-meta":"default","adv-header-id-meta":"","stick-header-meta":"","header-above-stick-meta":"","header-main-stick-meta":"","header-below-stick-meta":"","astra-migrate-meta-layouts":"set","ast-page-background-enabled":"default","ast-page-background-meta":{"desktop":{"background-color":"var(--ast-global-color-4)","background-image":"","background-repeat":"repeat","background-position":"center center","background-size":"auto","background-attachment":"scroll","background-type":"","background-media":"","overlay-type":"","overlay-color":"","overlay-opacity":"","overlay-gradient":""},"tablet":{"background-color":"","background-image":"","background-repeat":"repeat","background-position":"center center","background-size":"auto","background-attachment":"scroll","background-type":"","background-media":"","overlay-type":"","overlay-color":"","overlay-opacity":"","overlay-gradient":""},"mobile":{"background-color":"","background-image":"","background-repeat":"repeat","background-position":"center center","background-size":"auto","background-attachment":"scroll","background-type":"","background-media":"","overlay-type":"","overlay-color":"","overlay-opacity":"","overlay-gradient":""}},"ast-content-background-meta":{"desktop":{"background-color":"var(--ast-global-color-5)","background-image":"","background-repeat":"repeat","background-position":"center center","background-size":"auto","background-attachment":"scroll","background-type":"","background-media":"","overlay-type":"","overlay-color":"","overlay-opacity":"","overlay-gradient":""},"tablet":{"background-color":"var(--ast-global-color-5)","background-image":"","background-repeat":"repeat","background-position":"center center","background-size":"auto","background-attachment":"scroll","background-type":"","background-media":"","overlay-type":"","overlay-color":"","overlay-opacity":"","overlay-gradient":""},"mobile":{"background-color":"var(--ast-global-color-5)","background-image":"","background-repeat":"repeat","background-position":"center center","background-size":"auto","background-attachment":"scroll","background-type":"","background-media":"","overlay-type":"","overlay-color":"","overlay-opacity":"","overlay-gradient":""}}},"product_brand":[],"product_cat":[15],"product_tag":[],"class_list":{"0":"post-1143","1":"product","2":"type-product","3":"status-publish","4":"has-post-thumbnail","6":"product_cat-activated-carbon-series","7":"desktop-align-left","8":"tablet-align-left","9":"mobile-align-left","11":"first","12":"instock","13":"featured","14":"shipping-taxable","15":"product-type-simple"},"yoast_head":"<!-- This site is optimized with the Yoast SEO Premium plugin v26.0 (Yoast SEO v27.4) - https:\/\/yoast.com\/product\/yoast-seo-premium-wordpress\/ -->\n<title>Powdered Activated Carbon (PAC)<\/title>\n<meta name=\"description\" content=\"Powdered activated carbon (PAC) for water purification, wastewater treatment &amp; industrial adsorption. High purity, fast kinetics, global supply.\" \/>\n<meta name=\"robots\" content=\"index, follow, max-snippet:-1, max-image-preview:large, max-video-preview:-1\" \/>\n<link rel=\"canonical\" href=\"https:\/\/yrdactivatedcarbon.com\/cs\/product\/praskove-aktivni-uhli-pac\/\" \/>\n<meta property=\"og:locale\" content=\"cs_CZ\" \/>\n<meta property=\"og:type\" content=\"article\" \/>\n<meta property=\"og:title\" content=\"Powdered Activated Carbon (PAC)\" \/>\n<meta property=\"og:description\" content=\"Powdered activated carbon (PAC) for water purification, wastewater treatment &amp; industrial adsorption. High purity, fast kinetics, global supply.\" \/>\n<meta property=\"og:url\" content=\"https:\/\/yrdactivatedcarbon.com\/cs\/product\/praskove-aktivni-uhli-pac\/\" \/>\n<meta property=\"article:modified_time\" content=\"2025-12-03T09:44:05+00:00\" \/>\n<meta property=\"og:image\" content=\"http:\/\/yrdactivatedcarbon.com\/wp-content\/uploads\/2025\/10\/Coal-based-Powder-activated-carbon.jpg\" \/>\n\t<meta property=\"og:image:width\" content=\"768\" \/>\n\t<meta property=\"og:image:height\" content=\"480\" \/>\n\t<meta property=\"og:image:type\" content=\"image\/jpeg\" \/>\n<meta name=\"twitter:card\" content=\"summary_large_image\" \/>\n<meta name=\"twitter:label1\" content=\"Odhadovan\u00e1 doba \u010dten\u00ed\" \/>\n\t<meta name=\"twitter:data1\" content=\"1 minuta\" \/>\n<script type=\"application\/ld+json\" class=\"yoast-schema-graph\">{\"@context\":\"https:\\\/\\\/schema.org\",\"@graph\":[{\"@type\":\"WebPage\",\"@id\":\"https:\\\/\\\/yrdactivatedcarbon.com\\\/product\\\/powdered-activated-carbon-pac\\\/\",\"url\":\"https:\\\/\\\/yrdactivatedcarbon.com\\\/product\\\/powdered-activated-carbon-pac\\\/\",\"name\":\"Powdered Activated Carbon (PAC)\",\"isPartOf\":{\"@id\":\"https:\\\/\\\/yrdactivatedcarbon.com\\\/#website\"},\"primaryImageOfPage\":{\"@id\":\"https:\\\/\\\/yrdactivatedcarbon.com\\\/product\\\/powdered-activated-carbon-pac\\\/#primaryimage\"},\"image\":{\"@id\":\"https:\\\/\\\/yrdactivatedcarbon.com\\\/product\\\/powdered-activated-carbon-pac\\\/#primaryimage\"},\"thumbnailUrl\":\"https:\\\/\\\/yrdactivatedcarbon.com\\\/wp-content\\\/uploads\\\/2025\\\/10\\\/Coal-based-Powder-activated-carbon.jpg\",\"datePublished\":\"2025-10-17T09:11:55+00:00\",\"dateModified\":\"2025-12-03T09:44:05+00:00\",\"description\":\"Powdered activated carbon (PAC) for water purification, wastewater treatment & industrial adsorption. High purity, fast kinetics, global supply.\",\"breadcrumb\":{\"@id\":\"https:\\\/\\\/yrdactivatedcarbon.com\\\/product\\\/powdered-activated-carbon-pac\\\/#breadcrumb\"},\"inLanguage\":\"cs\",\"potentialAction\":[{\"@type\":\"ReadAction\",\"target\":[\"https:\\\/\\\/yrdactivatedcarbon.com\\\/product\\\/powdered-activated-carbon-pac\\\/\"]}]},{\"@type\":\"ImageObject\",\"inLanguage\":\"cs\",\"@id\":\"https:\\\/\\\/yrdactivatedcarbon.com\\\/product\\\/powdered-activated-carbon-pac\\\/#primaryimage\",\"url\":\"https:\\\/\\\/yrdactivatedcarbon.com\\\/wp-content\\\/uploads\\\/2025\\\/10\\\/Coal-based-Powder-activated-carbon.jpg\",\"contentUrl\":\"https:\\\/\\\/yrdactivatedcarbon.com\\\/wp-content\\\/uploads\\\/2025\\\/10\\\/Coal-based-Powder-activated-carbon.jpg\",\"width\":768,\"height\":480},{\"@type\":\"BreadcrumbList\",\"@id\":\"https:\\\/\\\/yrdactivatedcarbon.com\\\/product\\\/powdered-activated-carbon-pac\\\/#breadcrumb\",\"itemListElement\":[{\"@type\":\"ListItem\",\"position\":1,\"name\":\"\u9996\u9875\",\"item\":\"https:\\\/\\\/yrdactivatedcarbon.com\\\/\"},{\"@type\":\"ListItem\",\"position\":2,\"name\":\"Products\",\"item\":\"https:\\\/\\\/yrdactivatedcarbon.com\\\/shop__trashed\\\/\"},{\"@type\":\"ListItem\",\"position\":3,\"name\":\"Powdered Activated Carbon (PAC)\"}]},{\"@type\":\"WebSite\",\"@id\":\"https:\\\/\\\/yrdactivatedcarbon.com\\\/#website\",\"url\":\"https:\\\/\\\/yrdactivatedcarbon.com\\\/\",\"name\":\"\",\"description\":\"\",\"publisher\":{\"@id\":\"https:\\\/\\\/yrdactivatedcarbon.com\\\/#\\\/schema\\\/person\\\/581e0ef9031155afdeefbcd492460987\"},\"potentialAction\":[{\"@type\":\"SearchAction\",\"target\":{\"@type\":\"EntryPoint\",\"urlTemplate\":\"https:\\\/\\\/yrdactivatedcarbon.com\\\/?s={search_term_string}\"},\"query-input\":{\"@type\":\"PropertyValueSpecification\",\"valueRequired\":true,\"valueName\":\"search_term_string\"}}],\"inLanguage\":\"cs\"},{\"@type\":[\"Person\",\"Organization\"],\"@id\":\"https:\\\/\\\/yrdactivatedcarbon.com\\\/#\\\/schema\\\/person\\\/581e0ef9031155afdeefbcd492460987\",\"name\":\"Admin\",\"image\":{\"@type\":\"ImageObject\",\"inLanguage\":\"cs\",\"@id\":\"https:\\\/\\\/yrdactivatedcarbon.com\\\/wp-content\\\/uploads\\\/2025\\\/10\\\/cropped-cropped-cropped-cropped-cropped-Gemini_Generated_Image_csnat5csnat5csna-removebg-preview.png\",\"url\":\"https:\\\/\\\/yrdactivatedcarbon.com\\\/wp-content\\\/uploads\\\/2025\\\/10\\\/cropped-cropped-cropped-cropped-cropped-Gemini_Generated_Image_csnat5csnat5csna-removebg-preview.png\",\"contentUrl\":\"https:\\\/\\\/yrdactivatedcarbon.com\\\/wp-content\\\/uploads\\\/2025\\\/10\\\/cropped-cropped-cropped-cropped-cropped-Gemini_Generated_Image_csnat5csnat5csna-removebg-preview.png\",\"width\":304,\"height\":88,\"caption\":\"Admin\"},\"logo\":{\"@id\":\"https:\\\/\\\/yrdactivatedcarbon.com\\\/wp-content\\\/uploads\\\/2025\\\/10\\\/cropped-cropped-cropped-cropped-cropped-Gemini_Generated_Image_csnat5csnat5csna-removebg-preview.png\"},\"sameAs\":[\"https:\\\/\\\/yrdactivatedcarbon.com\"],\"publishingPrinciples\":\"https:\\\/\\\/yrdactivatedcarbon.com\\\/\",\"ownershipFundingInfo\":\"https:\\\/\\\/yrdactivatedcarbon.com\\\/\"}]}<\/script>\n<!-- \/ Yoast SEO Premium plugin. -->","yoast_head_json":{"title":"Pr\u00e1\u0161kov\u00e9 aktivn\u00ed uhl\u00ed (PAC)","description":"Pr\u00e1\u0161kov\u00e9 aktivn\u00ed uhl\u00ed (PAC) pro \u010di\u0161t\u011bn\u00ed vody, \u00fapravu odpadn\u00edch vod a pr\u016fmyslovou adsorpci. Vysok\u00e1 \u010distota, rychl\u00e1 kinetika, glob\u00e1ln\u00ed dod\u00e1vky.","robots":{"index":"index","follow":"follow","max-snippet":"max-snippet:-1","max-image-preview":"max-image-preview:large","max-video-preview":"max-video-preview:-1"},"canonical":"https:\/\/yrdactivatedcarbon.com\/cs\/product\/praskove-aktivni-uhli-pac\/","og_locale":"cs_CZ","og_type":"article","og_title":"Powdered Activated Carbon (PAC)","og_description":"Powdered activated carbon (PAC) for water purification, wastewater treatment & industrial adsorption. High purity, fast kinetics, global supply.","og_url":"https:\/\/yrdactivatedcarbon.com\/cs\/product\/praskove-aktivni-uhli-pac\/","article_modified_time":"2025-12-03T09:44:05+00:00","og_image":[{"width":768,"height":480,"url":"http:\/\/yrdactivatedcarbon.com\/wp-content\/uploads\/2025\/10\/Coal-based-Powder-activated-carbon.jpg","type":"image\/jpeg"}],"twitter_card":"summary_large_image","twitter_misc":{"Odhadovan\u00e1 doba \u010dten\u00ed":"1 minuta"},"schema":{"@context":"https:\/\/schema.org","@graph":[{"@type":"WebPage","@id":"https:\/\/yrdactivatedcarbon.com\/product\/powdered-activated-carbon-pac\/","url":"https:\/\/yrdactivatedcarbon.com\/product\/powdered-activated-carbon-pac\/","name":"Pr\u00e1\u0161kov\u00e9 aktivn\u00ed uhl\u00ed (PAC)","isPartOf":{"@id":"https:\/\/yrdactivatedcarbon.com\/#website"},"primaryImageOfPage":{"@id":"https:\/\/yrdactivatedcarbon.com\/product\/powdered-activated-carbon-pac\/#primaryimage"},"image":{"@id":"https:\/\/yrdactivatedcarbon.com\/product\/powdered-activated-carbon-pac\/#primaryimage"},"thumbnailUrl":"https:\/\/yrdactivatedcarbon.com\/wp-content\/uploads\/2025\/10\/Coal-based-Powder-activated-carbon.jpg","datePublished":"2025-10-17T09:11:55+00:00","dateModified":"2025-12-03T09:44:05+00:00","description":"Pr\u00e1\u0161kov\u00e9 aktivn\u00ed uhl\u00ed (PAC) pro \u010di\u0161t\u011bn\u00ed vody, \u00fapravu odpadn\u00edch vod a pr\u016fmyslovou adsorpci. Vysok\u00e1 \u010distota, rychl\u00e1 kinetika, glob\u00e1ln\u00ed dod\u00e1vky.","breadcrumb":{"@id":"https:\/\/yrdactivatedcarbon.com\/product\/powdered-activated-carbon-pac\/#breadcrumb"},"inLanguage":"cs","potentialAction":[{"@type":"ReadAction","target":["https:\/\/yrdactivatedcarbon.com\/product\/powdered-activated-carbon-pac\/"]}]},{"@type":"ImageObject","inLanguage":"cs","@id":"https:\/\/yrdactivatedcarbon.com\/product\/powdered-activated-carbon-pac\/#primaryimage","url":"https:\/\/yrdactivatedcarbon.com\/wp-content\/uploads\/2025\/10\/Coal-based-Powder-activated-carbon.jpg","contentUrl":"https:\/\/yrdactivatedcarbon.com\/wp-content\/uploads\/2025\/10\/Coal-based-Powder-activated-carbon.jpg","width":768,"height":480},{"@type":"BreadcrumbList","@id":"https:\/\/yrdactivatedcarbon.com\/product\/powdered-activated-carbon-pac\/#breadcrumb","itemListElement":[{"@type":"ListItem","position":1,"name":"\u9996\u9875","item":"https:\/\/yrdactivatedcarbon.com\/"},{"@type":"ListItem","position":2,"name":"Products","item":"https:\/\/yrdactivatedcarbon.com\/shop__trashed\/"},{"@type":"ListItem","position":3,"name":"Powdered Activated Carbon (PAC)"}]},{"@type":"WebSite","@id":"https:\/\/yrdactivatedcarbon.com\/#website","url":"https:\/\/yrdactivatedcarbon.com\/","name":"","description":"","publisher":{"@id":"https:\/\/yrdactivatedcarbon.com\/#\/schema\/person\/581e0ef9031155afdeefbcd492460987"},"potentialAction":[{"@type":"SearchAction","target":{"@type":"EntryPoint","urlTemplate":"https:\/\/yrdactivatedcarbon.com\/?s={search_term_string}"},"query-input":{"@type":"PropertyValueSpecification","valueRequired":true,"valueName":"search_term_string"}}],"inLanguage":"cs"},{"@type":["Person","Organization"],"@id":"https:\/\/yrdactivatedcarbon.com\/#\/schema\/person\/581e0ef9031155afdeefbcd492460987","name":"Admin","image":{"@type":"ImageObject","inLanguage":"cs","@id":"https:\/\/yrdactivatedcarbon.com\/wp-content\/uploads\/2025\/10\/cropped-cropped-cropped-cropped-cropped-Gemini_Generated_Image_csnat5csnat5csna-removebg-preview.png","url":"https:\/\/yrdactivatedcarbon.com\/wp-content\/uploads\/2025\/10\/cropped-cropped-cropped-cropped-cropped-Gemini_Generated_Image_csnat5csnat5csna-removebg-preview.png","contentUrl":"https:\/\/yrdactivatedcarbon.com\/wp-content\/uploads\/2025\/10\/cropped-cropped-cropped-cropped-cropped-Gemini_Generated_Image_csnat5csnat5csna-removebg-preview.png","width":304,"height":88,"caption":"Admin"},"logo":{"@id":"https:\/\/yrdactivatedcarbon.com\/wp-content\/uploads\/2025\/10\/cropped-cropped-cropped-cropped-cropped-Gemini_Generated_Image_csnat5csnat5csna-removebg-preview.png"},"sameAs":["https:\/\/yrdactivatedcarbon.com"],"publishingPrinciples":"https:\/\/yrdactivatedcarbon.com\/","ownershipFundingInfo":"https:\/\/yrdactivatedcarbon.com\/"}]}},"_links":{"self":[{"href":"https:\/\/yrdactivatedcarbon.com\/cs\/wp-json\/wp\/v2\/product\/1143","targetHints":{"allow":["GET"]}}],"collection":[{"href":"https:\/\/yrdactivatedcarbon.com\/cs\/wp-json\/wp\/v2\/product"}],"about":[{"href":"https:\/\/yrdactivatedcarbon.com\/cs\/wp-json\/wp\/v2\/types\/product"}],"version-history":[{"count":4,"href":"https:\/\/yrdactivatedcarbon.com\/cs\/wp-json\/wp\/v2\/product\/1143\/revisions"}],"predecessor-version":[{"id":1376,"href":"https:\/\/yrdactivatedcarbon.com\/cs\/wp-json\/wp\/v2\/product\/1143\/revisions\/1376"}],"wp:featuredmedia":[{"embeddable":true,"href":"https:\/\/yrdactivatedcarbon.com\/cs\/wp-json\/wp\/v2\/media\/1375"}],"wp:attachment":[{"href":"https:\/\/yrdactivatedcarbon.com\/cs\/wp-json\/wp\/v2\/media?parent=1143"}],"wp:term":[{"taxonomy":"product_brand","embeddable":true,"href":"https:\/\/yrdactivatedcarbon.com\/cs\/wp-json\/wp\/v2\/product_brand?post=1143"},{"taxonomy":"product_cat","embeddable":true,"href":"https:\/\/yrdactivatedcarbon.com\/cs\/wp-json\/wp\/v2\/product_cat?post=1143"},{"taxonomy":"product_tag","embeddable":true,"href":"https:\/\/yrdactivatedcarbon.com\/cs\/wp-json\/wp\/v2\/product_tag?post=1143"}],"curies":[{"name":"wp","href":"https:\/\/api.w.org\/{rel}","templated":true}]}}