{"id":1149,"date":"2025-10-17T17:13:05","date_gmt":"2025-10-17T09:13:05","guid":{"rendered":"https:\/\/yrdactivatedcarbon.com\/?post_type=product&#038;p=1149"},"modified":"2025-12-03T17:41:15","modified_gmt":"2025-12-03T09:41:15","slug":"granatova-filtracni-media","status":"publish","type":"product","link":"https:\/\/yrdactivatedcarbon.com\/cs\/product\/granatova-filtracni-media\/","title":{"rendered":"Gran\u00e1tov\u00e1 filtra\u010dn\u00ed m\u00e9dia"},"content":{"rendered":"<h2 dir=\"auto\">Technick\u00e9 specifikace<\/h2>\n<p dir=\"auto\">V n\u00e1sleduj\u00edc\u00ed tabulce jsou uvedeny kl\u00ed\u010dov\u00e9 fyzik\u00e1ln\u00ed a chemick\u00e9 vlastnosti na\u0161ich gran\u00e1tov\u00fdch filtra\u010dn\u00edch materi\u00e1l\u016f. Hodnoty jsou zalo\u017eeny na typick\u00fdch v\u00fdsledc\u00edch testov\u00e1n\u00ed; garantovan\u00e9 specifikace jsou k dispozici na vy\u017e\u00e1d\u00e1n\u00ed. V\u0161echny \u00fadaje jsou ov\u011b\u0159eny nez\u00e1vislou laboratorn\u00ed anal\u00fdzou pro zaji\u0161t\u011bn\u00ed konzistence.<\/p>\n<table>\n<thead>\n<tr>\n<th data-col-size=\"md\">Majetek<\/th>\n<th data-col-size=\"lg\">Typick\u00e1 hodnota<\/th>\n<th data-col-size=\"lg\">Zku\u0161ebn\u00ed metoda\/pozn\u00e1mky<\/th>\n<\/tr>\n<\/thead>\n<tbody>\n<tr>\n<td data-col-size=\"md\">Typ<\/td>\n<td data-col-size=\"lg\">Almanditov\u00fd gran\u00e1t<\/td>\n<td data-col-size=\"lg\">P\u0159\u00edrodn\u00ed miner\u00e1l, kubick\u00e1 krystalov\u00e1 soustava<\/td>\n<\/tr>\n<tr>\n<td data-col-size=\"md\">Barva<\/td>\n<td data-col-size=\"lg\">Sv\u011btle hn\u011bd\u00fd a\u017e \u010dervenofialov\u00fd<\/td>\n<td data-col-size=\"lg\">Vizu\u00e1ln\u00ed kontrola<\/td>\n<\/tr>\n<tr>\n<td data-col-size=\"md\">Tvrdost<\/td>\n<td data-col-size=\"lg\">7,0 - 8,0 Mohsovy stupnice<\/td>\n<td data-col-size=\"lg\">Mohsova stupnice; zaji\u0161\u0165uje odolnost v prost\u0159ed\u00ed s vysok\u00fdm pr\u016ftokem.<\/td>\n<\/tr>\n<tr>\n<td data-col-size=\"md\">Specifick\u00e1 hmotnost<\/td>\n<td data-col-size=\"lg\">&gt;4.0<\/td>\n<td data-col-size=\"lg\">Vysok\u00e1 hustota pro efektivn\u00ed vrstven\u00ed ve v\u00edcemedi\u00e1ln\u00edch filtrech<\/td>\n<\/tr>\n<tr>\n<td data-col-size=\"md\">Sypn\u00e1 hustota<\/td>\n<td data-col-size=\"lg\">126 - 140 lbs\/ft\u00b3 (2 020 - 2 240 kg\/m\u00b3)<\/td>\n<td data-col-size=\"lg\">Podporuje stabiln\u00ed tvorbu filtra\u010dn\u00edho lo\u017ee<\/td>\n<\/tr>\n<tr>\n<td data-col-size=\"md\">Efektivn\u00ed velikost<\/td>\n<td data-col-size=\"lg\">0,15 - 0,35 mm (#30-40) nebo 0,3 mm (#8-12)<\/td>\n<td data-col-size=\"lg\">K dispozici je vlastn\u00ed t\u0159\u00edd\u011bn\u00ed; filtry s velikost\u00ed a\u017e 5-20 mikron\u016f<\/td>\n<\/tr>\n<tr>\n<td data-col-size=\"md\">Koeficient rovnom\u011brnosti (UC)<\/td>\n<td data-col-size=\"lg\">&lt;1.5 - 1.6<\/td>\n<td data-col-size=\"lg\">Zaji\u0161\u0165uje rovnom\u011brn\u00e9 proud\u011bn\u00ed a minim\u00e1ln\u00ed kanalizaci<\/td>\n<\/tr>\n<tr>\n<td data-col-size=\"md\">Rozpustnost v kyselin\u00e1ch<\/td>\n<td data-col-size=\"lg\">&lt;1.0%<\/td>\n<td data-col-size=\"lg\">HCl test; chemicky stabiln\u00ed v kysel\u00fdch podm\u00ednk\u00e1ch<\/td>\n<\/tr>\n<tr>\n<td data-col-size=\"md\">Chemick\u00e9 slo\u017een\u00ed<\/td>\n<td data-col-size=\"lg\">SiO\u2082: Al\u2082O\u2083: 20-25% Fe\u2082O\u2083: 30-35% MgO: &lt;1% Ostatn\u00ed: Stopov\u00e9 mno\u017estv\u00ed:<\/td>\n<td data-col-size=\"lg\">Anal\u00fdza XRF; n\u00edzk\u00fd obsah ne\u010distot pro bezpe\u010dn\u00fd kontakt s vodou<\/td>\n<\/tr>\n<tr>\n<td data-col-size=\"md\">Dostupn\u00e9 velikosti pletiva<\/td>\n<td data-col-size=\"lg\">#8-12, #30-40, na zak\u00e1zku<\/td>\n<td data-col-size=\"lg\">S\u00edtov\u00e1 anal\u00fdza podle normy ASTM E11<\/td>\n<\/tr>\n<tr>\n<td data-col-size=\"md\">Balen\u00ed<\/td>\n<td data-col-size=\"lg\">50 librov\u00e9 pytle, 1 tunov\u00e9 super pytle<\/td>\n<td data-col-size=\"lg\">Standardn\u00ed exportn\u00ed balen\u00ed pro mezin\u00e1rodn\u00ed p\u0159epravu<\/td>\n<\/tr>\n<\/tbody>\n<\/table>\n<p><a dir=\"auto\" style=\"display: inline-block; padding: 12px 28px; border-radius: 999px; background: #0067ff; color: #ffffff; font-size: 20px; font-weight: 600; text-decoration: none; cursor: pointer; \" href=\"mailto:info@yrdcarbon.com\">Z\u00edskejte zdarma kvalitn\u00ed vzorky pro testov\u00e1n\u00ed<\/a><\/p>\n<h2 dir=\"auto\">Aplikace<\/h2>\n<p dir=\"auto\">Gran\u00e1tov\u00e1 filtra\u010dn\u00ed m\u00e9dia jsou univerz\u00e1ln\u00ed a \u0161iroce pou\u017e\u00edvan\u00e1 v procesech \u00fapravy vody, kde je rozhoduj\u00edc\u00ed jemn\u00e1 filtrace. Jeho vysok\u00e1 m\u011brn\u00e1 hmotnost mu umo\u017e\u0148uje vytv\u00e1\u0159et stabiln\u00ed spodn\u00ed vrstvu v sestav\u00e1ch s v\u00edce m\u00e9dii a dopl\u0148ovat antracit, p\u00edsek a \u0161t\u011brk pro optim\u00e1ln\u00ed odstran\u011bn\u00ed z\u00e1kalu.<\/p>\n<p dir=\"auto\">Mezi hlavn\u00ed aplikace pat\u0159\u00ed:<\/p>\n<ul dir=\"auto\">\n<li><strong>\u00daprava komun\u00e1ln\u00ed vody:<\/strong> P\u0159edfiltrace pro \u00fapravny pitn\u00e9 vody ke sn\u00ed\u017een\u00ed obsahu nerozpu\u0161t\u011bn\u00fdch l\u00e1tek a zlep\u0161en\u00ed \u010distoty.<\/li>\n<li><strong>Filtrace pr\u016fmyslov\u00fdch odpadn\u00edch vod:<\/strong> Odstra\u0148ov\u00e1n\u00ed jemn\u00fdch \u010d\u00e1stic ve v\u00fdrobn\u00edch, t\u011b\u017eebn\u00edch a ropn\u00fdch a plynov\u00fdch provozech.<\/li>\n<li><strong>Odsolov\u00e1n\u00ed a p\u0159ed\u00faprava reverzn\u00ed osm\u00f3zou:<\/strong> Chr\u00e1n\u00ed membr\u00e1ny zachycov\u00e1n\u00edm mikro\u010d\u00e1stic v krmivech s vysokou turbulenc\u00ed.<\/li>\n<li><strong>Baz\u00e9nov\u00e9 a akvakulturn\u00ed syst\u00e9my:<\/strong> Udr\u017euje kvalitu vody filtrov\u00e1n\u00edm ne\u010distot a \u0159as.<\/li>\n<li><strong>Prost\u0159ed\u00ed s vysokou vlhkost\u00ed:<\/strong> Efektivn\u00ed p\u0159i odtoku vody ze staveni\u0161t\u011b nebo p\u0159i \u010di\u0161t\u011bn\u00ed \u0159\u00ed\u010dn\u00ed vody pro redukci TSS a\u017e na 5 mikron\u016f.<\/li>\n<\/ul>\n<h2 dir=\"auto\">V\u00fdhody<\/h2>\n<p dir=\"auto\">Ve srovn\u00e1n\u00ed s tradi\u010dn\u00edmi filtra\u010dn\u00edmi m\u00e9dii, jako je k\u0159emi\u010dit\u00fd p\u00edsek, nab\u00edz\u00ed n\u00e1\u0161 gran\u00e1t vynikaj\u00edc\u00ed v\u00fdkon pro n\u00e1ro\u010dn\u00e9 mezin\u00e1rodn\u00ed trhy:<\/p>\n<ul dir=\"auto\">\n<li><strong>Zv\u00fd\u0161en\u00e1 \u00fa\u010dinnost filtrace:<\/strong> Zachycuje jemn\u011bj\u0161\u00ed \u010d\u00e1stice (10-20 mikron\u016f) s hlub\u0161\u00edm pronik\u00e1n\u00edm do lo\u017ee, \u010d\u00edm\u017e sni\u017euje po\u010det pr\u016ftok\u016f filtru a spot\u0159ebu vody na zp\u011btn\u00e9 proplachov\u00e1n\u00ed.<\/li>\n<li><strong>Odolnost a dlouh\u00e1 \u017eivotnost:<\/strong> Vysok\u00e1 tvrdost a odolnost proti ot\u011bru minimalizuj\u00ed ztr\u00e1ty m\u00e9di\u00ed v pr\u016fb\u011bhu \u010dasu, co\u017e sni\u017euje n\u00e1klady na jejich v\u00fdm\u011bnu.<\/li>\n<li><strong>Chemick\u00e1 inertnost:<\/strong> Odolnost v\u016f\u010di kyselin\u00e1m a louh\u016fm zaji\u0161\u0165uje, \u017ee nedoch\u00e1z\u00ed k vyluhov\u00e1n\u00ed do upravovan\u00e9 vody.<\/li>\n<li><strong>Provozn\u00ed \u00faspory:<\/strong> Vy\u0161\u0161\u00ed hustota sni\u017euje rozta\u017enost lo\u017ee p\u0159i zp\u011btn\u00e9m proplachu, co\u017e umo\u017e\u0148uje vy\u0161\u0161\u00ed pr\u016ftoky a energetickou \u00fa\u010dinnost.<\/li>\n<li><strong>P\u0159\u00ednosy pro \u017eivotn\u00ed prost\u0159ed\u00ed:<\/strong> P\u0159\u00edrodn\u00ed, recyklovateln\u00e1 alternativa bez obsahu oxidu k\u0159emi\u010dit\u00e9ho, kter\u00e1 sni\u017euje zdravotn\u00ed rizika spojen\u00e1 se silik\u00f3zou.<\/li>\n<\/ul>\n<h2 dir=\"auto\">Informace o dodr\u017eov\u00e1n\u00ed p\u0159edpis\u016f<\/h2>\n<p dir=\"auto\">Na\u0161e gran\u00e1tov\u00e1 filtra\u010dn\u00ed m\u00e9dia spl\u0148uj\u00ed p\u0159\u00edsn\u00e9 mezin\u00e1rodn\u00ed normy, kter\u00e9 zaji\u0161\u0165uj\u00ed bezpe\u010dnost, kvalitu a p\u0159ipravenost k v\u00fdvozu:<\/p>\n<ul dir=\"auto\">\n<li><strong>Pr\u016fmyslov\u00e9 standardy:<\/strong> V souladu s AWWA B100-16 pro granulovan\u00e9 filtra\u010dn\u00ed materi\u00e1ly; ASTM E11 pro s\u00edtovou anal\u00fdzu; EN 12904 pro materi\u00e1ly pro \u00fapravu vody.<\/li>\n<li><strong>Certifikace:<\/strong> Certifik\u00e1t NSF\/ANSI\/CAN 61 pro styk s pitnou vodou; ISO 9001 pro \u0159\u00edzen\u00ed kvality.<\/li>\n<li><strong>Bezpe\u010dnost a manipulace:<\/strong> Nen\u00ed nebezpe\u010dn\u00fd podle OSHA; p\u0159i manipulaci pou\u017e\u00edvejte protiprachov\u00e9 masky, abyste zabr\u00e1nili vdechnut\u00ed. Bezpe\u010dnostn\u00ed list je k dispozici na vy\u017e\u00e1d\u00e1n\u00ed.<\/li>\n<li><strong>Dodr\u017eov\u00e1n\u00ed p\u0159edpis\u016f v oblasti \u017eivotn\u00edho prost\u0159ed\u00ed:<\/strong> N\u00edzk\u00fd dopad na \u017eivotn\u00ed prost\u0159ed\u00ed; t\u011b\u017e\u00ed se udr\u017eiteln\u00fdm zp\u016fsobem s minim\u00e1ln\u00edm zpracov\u00e1n\u00edm. V souladu s RoHS; \u017e\u00e1dn\u00e9 t\u011b\u017ek\u00e9 kovy nad stopov\u00e9 mno\u017estv\u00ed.<\/li>\n<li><strong>V\u00fdvozn\u00ed dokumentace:<\/strong> \u00dapln\u00e9 dodr\u017eov\u00e1n\u00ed p\u0159edpis\u016f mezin\u00e1rodn\u00edho obchodu, v\u010detn\u011b osv\u011bd\u010den\u00ed o p\u016fvodu, fumigace a rostlinol\u00e9ka\u0159sk\u00fdch osv\u011bd\u010den\u00ed podle pot\u0159eby.<\/li>\n<\/ul>\n<p dir=\"auto\">Chcete-li z\u00edskat protokoly o zkou\u0161k\u00e1ch specifick\u00fdch pro danou \u0161ar\u017ei nebo vlastn\u00ed dokumentaci o shod\u011b, obra\u0165te se na n\u00e1\u0161 exportn\u00ed t\u00fdm.<\/p>\n<p><a dir=\"auto\" style=\"display: inline-block; padding: 12px 28px; border-radius: 999px; background: #0067ff; color: #ffffff; font-size: 20px; font-weight: 600; text-decoration: none; cursor: pointer; \" href=\"mailto:info@yrdcarbon.com\">Z\u00edskejte zdarma kvalitn\u00ed vzorky pro testov\u00e1n\u00ed<\/a><\/p>","protected":false},"excerpt":{"rendered":"<p><a dir=\"auto\" style=\"display: inline-block; padding: 12px 28px; border-radius: 999px; background: #0067ff; color: #ffffff; font-size: 20px; font-weight: 600; text-decoration: none; cursor: pointer;\" href=\"mailto:info@yrdcarbon.com\">Z\u00edskejte zdarma kvalitn\u00ed vzorky pro testov\u00e1n\u00ed<\/a><\/p>\n<p dir=\"auto\">Na\u0161e filtra\u010dn\u00ed m\u00e9dia z gran\u00e1tu Almandite Premium jsou vysoce tvrd\u00e9 a vysoce hust\u00e9 filtra\u010dn\u00ed granule ur\u010den\u00e9 pro vynikaj\u00edc\u00ed v\u00fdkon v syst\u00e9mech \u00fapravy vody s v\u00edce m\u00e9dii.<\/p>\n<p dir=\"auto\">Toto filtra\u010dn\u00ed m\u00e9dium, poch\u00e1zej\u00edc\u00ed z vysoce \u010dist\u00fdch lo\u017eisek gran\u00e1tu almanditu, vynik\u00e1 jako spodn\u00ed vrstva v sestupn\u00fdch filtra\u010dn\u00edch vrstv\u00e1ch a \u00fa\u010dinn\u011b zachycuje jemn\u00e9 \u010d\u00e1stice o velikosti a\u017e 10-20 mikron\u016f p\u0159i zachov\u00e1n\u00ed stability vrstvy b\u011bhem zp\u011btn\u00e9ho proplachov\u00e1n\u00ed.<\/p>\n<p dir=\"auto\">D\u00edky sv\u00e9 \u00fahlov\u00e9 struktu\u0159e zrn a chemick\u00e9 inertnosti poskytuje spolehlivou a dlouhotrvaj\u00edc\u00ed filtraci pro r\u016fzn\u00e9 pr\u016fmyslov\u00e9 a komun\u00e1ln\u00ed aplikace a zaji\u0161\u0165uje \u010dist\u0161\u00ed vodu a ni\u017e\u0161\u00ed provozn\u00ed n\u00e1klady.<\/p>\n<p dir=\"auto\">","protected":false},"featured_media":1390,"template":"","meta":{"site-sidebar-layout":"default","site-content-layout":"","ast-site-content-layout":"default","site-content-style":"default","site-sidebar-style":"default","ast-global-header-display":"","ast-banner-title-visibility":"","ast-main-header-display":"","ast-hfb-above-header-display":"","ast-hfb-below-header-display":"","ast-hfb-mobile-header-display":"","site-post-title":"","ast-breadcrumbs-content":"","ast-featured-img":"","footer-sml-layout":"","ast-disable-related-posts":"","theme-transparent-header-meta":"default","adv-header-id-meta":"","stick-header-meta":"","header-above-stick-meta":"","header-main-stick-meta":"","header-below-stick-meta":"","astra-migrate-meta-layouts":"set","ast-page-background-enabled":"default","ast-page-background-meta":{"desktop":{"background-color":"var(--ast-global-color-4)","background-image":"","background-repeat":"repeat","background-position":"center center","background-size":"auto","background-attachment":"scroll","background-type":"","background-media":"","overlay-type":"","overlay-color":"","overlay-opacity":"","overlay-gradient":""},"tablet":{"background-color":"","background-image":"","background-repeat":"repeat","background-position":"center center","background-size":"auto","background-attachment":"scroll","background-type":"","background-media":"","overlay-type":"","overlay-color":"","overlay-opacity":"","overlay-gradient":""},"mobile":{"background-color":"","background-image":"","background-repeat":"repeat","background-position":"center center","background-size":"auto","background-attachment":"scroll","background-type":"","background-media":"","overlay-type":"","overlay-color":"","overlay-opacity":"","overlay-gradient":""}},"ast-content-background-meta":{"desktop":{"background-color":"var(--ast-global-color-5)","background-image":"","background-repeat":"repeat","background-position":"center center","background-size":"auto","background-attachment":"scroll","background-type":"","background-media":"","overlay-type":"","overlay-color":"","overlay-opacity":"","overlay-gradient":""},"tablet":{"background-color":"var(--ast-global-color-5)","background-image":"","background-repeat":"repeat","background-position":"center center","background-size":"auto","background-attachment":"scroll","background-type":"","background-media":"","overlay-type":"","overlay-color":"","overlay-opacity":"","overlay-gradient":""},"mobile":{"background-color":"var(--ast-global-color-5)","background-image":"","background-repeat":"repeat","background-position":"center center","background-size":"auto","background-attachment":"scroll","background-type":"","background-media":"","overlay-type":"","overlay-color":"","overlay-opacity":"","overlay-gradient":""}}},"product_brand":[],"product_cat":[32],"product_tag":[],"class_list":{"0":"post-1149","1":"product","2":"type-product","3":"status-publish","4":"has-post-thumbnail","6":"product_cat-filter-materials-series","7":"desktop-align-left","8":"tablet-align-left","9":"mobile-align-left","11":"first","12":"instock","13":"featured","14":"shipping-taxable","15":"product-type-simple"},"yoast_head":"<!-- This site is optimized with the Yoast SEO Premium plugin v26.0 (Yoast SEO v27.4) - https:\/\/yoast.com\/product\/yoast-seo-premium-wordpress\/ -->\n<title>Garnet Filter Media -<\/title>\n<meta name=\"description\" content=\"Garnet filter media with customizable sizes for support beds in industrial filtration systems. High hardness, chemical-inert, global delivery by YRD Activated Carbon \u2014 request a quote.\" \/>\n<meta name=\"robots\" content=\"index, follow, max-snippet:-1, max-image-preview:large, max-video-preview:-1\" \/>\n<link rel=\"canonical\" href=\"https:\/\/yrdactivatedcarbon.com\/cs\/product\/granatova-filtracni-media\/\" \/>\n<meta property=\"og:locale\" content=\"cs_CZ\" \/>\n<meta property=\"og:type\" content=\"article\" \/>\n<meta property=\"og:title\" content=\"Garnet Filter Media\" \/>\n<meta property=\"og:description\" content=\"Garnet filter media with customizable sizes for support beds in industrial filtration systems. High hardness, chemical-inert, global delivery by YRD Activated Carbon \u2014 request a quote.\" \/>\n<meta property=\"og:url\" content=\"https:\/\/yrdactivatedcarbon.com\/cs\/product\/granatova-filtracni-media\/\" \/>\n<meta property=\"article:modified_time\" content=\"2025-12-03T09:41:15+00:00\" \/>\n<meta property=\"og:image\" content=\"http:\/\/yrdactivatedcarbon.com\/wp-content\/uploads\/2025\/10\/Garnet-Filter-Media.jpg\" \/>\n\t<meta property=\"og:image:width\" content=\"1426\" \/>\n\t<meta property=\"og:image:height\" content=\"1500\" \/>\n\t<meta property=\"og:image:type\" content=\"image\/jpeg\" \/>\n<meta name=\"twitter:card\" content=\"summary_large_image\" \/>\n<meta name=\"twitter:label1\" content=\"Odhadovan\u00e1 doba \u010dten\u00ed\" \/>\n\t<meta name=\"twitter:data1\" content=\"3 minuty\" \/>\n<script type=\"application\/ld+json\" class=\"yoast-schema-graph\">{\"@context\":\"https:\\\/\\\/schema.org\",\"@graph\":[{\"@type\":\"WebPage\",\"@id\":\"https:\\\/\\\/yrdactivatedcarbon.com\\\/product\\\/garnet-filter-media\\\/\",\"url\":\"https:\\\/\\\/yrdactivatedcarbon.com\\\/product\\\/garnet-filter-media\\\/\",\"name\":\"Garnet Filter Media -\",\"isPartOf\":{\"@id\":\"https:\\\/\\\/yrdactivatedcarbon.com\\\/#website\"},\"primaryImageOfPage\":{\"@id\":\"https:\\\/\\\/yrdactivatedcarbon.com\\\/product\\\/garnet-filter-media\\\/#primaryimage\"},\"image\":{\"@id\":\"https:\\\/\\\/yrdactivatedcarbon.com\\\/product\\\/garnet-filter-media\\\/#primaryimage\"},\"thumbnailUrl\":\"https:\\\/\\\/yrdactivatedcarbon.com\\\/wp-content\\\/uploads\\\/2025\\\/10\\\/Garnet-Filter-Media.jpg\",\"datePublished\":\"2025-10-17T09:13:05+00:00\",\"dateModified\":\"2025-12-03T09:41:15+00:00\",\"description\":\"Garnet filter media with customizable sizes for support beds in industrial filtration systems. High hardness, chemical-inert, global delivery by YRD Activated Carbon \u2014 request a quote.\",\"breadcrumb\":{\"@id\":\"https:\\\/\\\/yrdactivatedcarbon.com\\\/product\\\/garnet-filter-media\\\/#breadcrumb\"},\"inLanguage\":\"cs\",\"potentialAction\":[{\"@type\":\"ReadAction\",\"target\":[\"https:\\\/\\\/yrdactivatedcarbon.com\\\/product\\\/garnet-filter-media\\\/\"]}]},{\"@type\":\"ImageObject\",\"inLanguage\":\"cs\",\"@id\":\"https:\\\/\\\/yrdactivatedcarbon.com\\\/product\\\/garnet-filter-media\\\/#primaryimage\",\"url\":\"https:\\\/\\\/yrdactivatedcarbon.com\\\/wp-content\\\/uploads\\\/2025\\\/10\\\/Garnet-Filter-Media.jpg\",\"contentUrl\":\"https:\\\/\\\/yrdactivatedcarbon.com\\\/wp-content\\\/uploads\\\/2025\\\/10\\\/Garnet-Filter-Media.jpg\",\"width\":1426,\"height\":1500},{\"@type\":\"BreadcrumbList\",\"@id\":\"https:\\\/\\\/yrdactivatedcarbon.com\\\/product\\\/garnet-filter-media\\\/#breadcrumb\",\"itemListElement\":[{\"@type\":\"ListItem\",\"position\":1,\"name\":\"\u9996\u9875\",\"item\":\"https:\\\/\\\/yrdactivatedcarbon.com\\\/\"},{\"@type\":\"ListItem\",\"position\":2,\"name\":\"Products\",\"item\":\"https:\\\/\\\/yrdactivatedcarbon.com\\\/shop__trashed\\\/\"},{\"@type\":\"ListItem\",\"position\":3,\"name\":\"Garnet Filter Media\"}]},{\"@type\":\"WebSite\",\"@id\":\"https:\\\/\\\/yrdactivatedcarbon.com\\\/#website\",\"url\":\"https:\\\/\\\/yrdactivatedcarbon.com\\\/\",\"name\":\"\",\"description\":\"\",\"publisher\":{\"@id\":\"https:\\\/\\\/yrdactivatedcarbon.com\\\/#\\\/schema\\\/person\\\/581e0ef9031155afdeefbcd492460987\"},\"potentialAction\":[{\"@type\":\"SearchAction\",\"target\":{\"@type\":\"EntryPoint\",\"urlTemplate\":\"https:\\\/\\\/yrdactivatedcarbon.com\\\/?s={search_term_string}\"},\"query-input\":{\"@type\":\"PropertyValueSpecification\",\"valueRequired\":true,\"valueName\":\"search_term_string\"}}],\"inLanguage\":\"cs\"},{\"@type\":[\"Person\",\"Organization\"],\"@id\":\"https:\\\/\\\/yrdactivatedcarbon.com\\\/#\\\/schema\\\/person\\\/581e0ef9031155afdeefbcd492460987\",\"name\":\"Admin\",\"image\":{\"@type\":\"ImageObject\",\"inLanguage\":\"cs\",\"@id\":\"https:\\\/\\\/yrdactivatedcarbon.com\\\/wp-content\\\/uploads\\\/2025\\\/10\\\/cropped-cropped-cropped-cropped-cropped-Gemini_Generated_Image_csnat5csnat5csna-removebg-preview.png\",\"url\":\"https:\\\/\\\/yrdactivatedcarbon.com\\\/wp-content\\\/uploads\\\/2025\\\/10\\\/cropped-cropped-cropped-cropped-cropped-Gemini_Generated_Image_csnat5csnat5csna-removebg-preview.png\",\"contentUrl\":\"https:\\\/\\\/yrdactivatedcarbon.com\\\/wp-content\\\/uploads\\\/2025\\\/10\\\/cropped-cropped-cropped-cropped-cropped-Gemini_Generated_Image_csnat5csnat5csna-removebg-preview.png\",\"width\":304,\"height\":88,\"caption\":\"Admin\"},\"logo\":{\"@id\":\"https:\\\/\\\/yrdactivatedcarbon.com\\\/wp-content\\\/uploads\\\/2025\\\/10\\\/cropped-cropped-cropped-cropped-cropped-Gemini_Generated_Image_csnat5csnat5csna-removebg-preview.png\"},\"sameAs\":[\"https:\\\/\\\/yrdactivatedcarbon.com\"],\"publishingPrinciples\":\"https:\\\/\\\/yrdactivatedcarbon.com\\\/\",\"ownershipFundingInfo\":\"https:\\\/\\\/yrdactivatedcarbon.com\\\/\"}]}<\/script>\n<!-- \/ Yoast SEO Premium plugin. -->","yoast_head_json":{"title":"Gran\u00e1tov\u00e1 filtra\u010dn\u00ed m\u00e9dia -","description":"Gran\u00e1tov\u00e1 filtra\u010dn\u00ed m\u00e9dia s p\u0159izp\u016fsobiteln\u00fdmi rozm\u011bry pro podp\u016frn\u00e1 lo\u017ee v pr\u016fmyslov\u00fdch filtra\u010dn\u00edch syst\u00e9mech. Vysok\u00e1 tvrdost, chemick\u00e1 inerce, glob\u00e1ln\u00ed dod\u00e1vky aktivn\u00edho uhl\u00ed YRD - vy\u017e\u00e1dejte si cenovou nab\u00eddku.","robots":{"index":"index","follow":"follow","max-snippet":"max-snippet:-1","max-image-preview":"max-image-preview:large","max-video-preview":"max-video-preview:-1"},"canonical":"https:\/\/yrdactivatedcarbon.com\/cs\/product\/granatova-filtracni-media\/","og_locale":"cs_CZ","og_type":"article","og_title":"Garnet Filter Media","og_description":"Garnet filter media with customizable sizes for support beds in industrial filtration systems. High hardness, chemical-inert, global delivery by YRD Activated Carbon \u2014 request a quote.","og_url":"https:\/\/yrdactivatedcarbon.com\/cs\/product\/granatova-filtracni-media\/","article_modified_time":"2025-12-03T09:41:15+00:00","og_image":[{"width":1426,"height":1500,"url":"http:\/\/yrdactivatedcarbon.com\/wp-content\/uploads\/2025\/10\/Garnet-Filter-Media.jpg","type":"image\/jpeg"}],"twitter_card":"summary_large_image","twitter_misc":{"Odhadovan\u00e1 doba \u010dten\u00ed":"3 minuty"},"schema":{"@context":"https:\/\/schema.org","@graph":[{"@type":"WebPage","@id":"https:\/\/yrdactivatedcarbon.com\/product\/garnet-filter-media\/","url":"https:\/\/yrdactivatedcarbon.com\/product\/garnet-filter-media\/","name":"Gran\u00e1tov\u00e1 filtra\u010dn\u00ed m\u00e9dia -","isPartOf":{"@id":"https:\/\/yrdactivatedcarbon.com\/#website"},"primaryImageOfPage":{"@id":"https:\/\/yrdactivatedcarbon.com\/product\/garnet-filter-media\/#primaryimage"},"image":{"@id":"https:\/\/yrdactivatedcarbon.com\/product\/garnet-filter-media\/#primaryimage"},"thumbnailUrl":"https:\/\/yrdactivatedcarbon.com\/wp-content\/uploads\/2025\/10\/Garnet-Filter-Media.jpg","datePublished":"2025-10-17T09:13:05+00:00","dateModified":"2025-12-03T09:41:15+00:00","description":"Gran\u00e1tov\u00e1 filtra\u010dn\u00ed m\u00e9dia s p\u0159izp\u016fsobiteln\u00fdmi rozm\u011bry pro podp\u016frn\u00e1 lo\u017ee v pr\u016fmyslov\u00fdch filtra\u010dn\u00edch syst\u00e9mech. Vysok\u00e1 tvrdost, chemick\u00e1 inerce, glob\u00e1ln\u00ed dod\u00e1vky aktivn\u00edho uhl\u00ed YRD - vy\u017e\u00e1dejte si cenovou nab\u00eddku.","breadcrumb":{"@id":"https:\/\/yrdactivatedcarbon.com\/product\/garnet-filter-media\/#breadcrumb"},"inLanguage":"cs","potentialAction":[{"@type":"ReadAction","target":["https:\/\/yrdactivatedcarbon.com\/product\/garnet-filter-media\/"]}]},{"@type":"ImageObject","inLanguage":"cs","@id":"https:\/\/yrdactivatedcarbon.com\/product\/garnet-filter-media\/#primaryimage","url":"https:\/\/yrdactivatedcarbon.com\/wp-content\/uploads\/2025\/10\/Garnet-Filter-Media.jpg","contentUrl":"https:\/\/yrdactivatedcarbon.com\/wp-content\/uploads\/2025\/10\/Garnet-Filter-Media.jpg","width":1426,"height":1500},{"@type":"BreadcrumbList","@id":"https:\/\/yrdactivatedcarbon.com\/product\/garnet-filter-media\/#breadcrumb","itemListElement":[{"@type":"ListItem","position":1,"name":"\u9996\u9875","item":"https:\/\/yrdactivatedcarbon.com\/"},{"@type":"ListItem","position":2,"name":"Products","item":"https:\/\/yrdactivatedcarbon.com\/shop__trashed\/"},{"@type":"ListItem","position":3,"name":"Garnet Filter Media"}]},{"@type":"WebSite","@id":"https:\/\/yrdactivatedcarbon.com\/#website","url":"https:\/\/yrdactivatedcarbon.com\/","name":"","description":"","publisher":{"@id":"https:\/\/yrdactivatedcarbon.com\/#\/schema\/person\/581e0ef9031155afdeefbcd492460987"},"potentialAction":[{"@type":"SearchAction","target":{"@type":"EntryPoint","urlTemplate":"https:\/\/yrdactivatedcarbon.com\/?s={search_term_string}"},"query-input":{"@type":"PropertyValueSpecification","valueRequired":true,"valueName":"search_term_string"}}],"inLanguage":"cs"},{"@type":["Person","Organization"],"@id":"https:\/\/yrdactivatedcarbon.com\/#\/schema\/person\/581e0ef9031155afdeefbcd492460987","name":"Admin","image":{"@type":"ImageObject","inLanguage":"cs","@id":"https:\/\/yrdactivatedcarbon.com\/wp-content\/uploads\/2025\/10\/cropped-cropped-cropped-cropped-cropped-Gemini_Generated_Image_csnat5csnat5csna-removebg-preview.png","url":"https:\/\/yrdactivatedcarbon.com\/wp-content\/uploads\/2025\/10\/cropped-cropped-cropped-cropped-cropped-Gemini_Generated_Image_csnat5csnat5csna-removebg-preview.png","contentUrl":"https:\/\/yrdactivatedcarbon.com\/wp-content\/uploads\/2025\/10\/cropped-cropped-cropped-cropped-cropped-Gemini_Generated_Image_csnat5csnat5csna-removebg-preview.png","width":304,"height":88,"caption":"Admin"},"logo":{"@id":"https:\/\/yrdactivatedcarbon.com\/wp-content\/uploads\/2025\/10\/cropped-cropped-cropped-cropped-cropped-Gemini_Generated_Image_csnat5csnat5csna-removebg-preview.png"},"sameAs":["https:\/\/yrdactivatedcarbon.com"],"publishingPrinciples":"https:\/\/yrdactivatedcarbon.com\/","ownershipFundingInfo":"https:\/\/yrdactivatedcarbon.com\/"}]}},"_links":{"self":[{"href":"https:\/\/yrdactivatedcarbon.com\/cs\/wp-json\/wp\/v2\/product\/1149","targetHints":{"allow":["GET"]}}],"collection":[{"href":"https:\/\/yrdactivatedcarbon.com\/cs\/wp-json\/wp\/v2\/product"}],"about":[{"href":"https:\/\/yrdactivatedcarbon.com\/cs\/wp-json\/wp\/v2\/types\/product"}],"version-history":[{"count":5,"href":"https:\/\/yrdactivatedcarbon.com\/cs\/wp-json\/wp\/v2\/product\/1149\/revisions"}],"predecessor-version":[{"id":1388,"href":"https:\/\/yrdactivatedcarbon.com\/cs\/wp-json\/wp\/v2\/product\/1149\/revisions\/1388"}],"wp:featuredmedia":[{"embeddable":true,"href":"https:\/\/yrdactivatedcarbon.com\/cs\/wp-json\/wp\/v2\/media\/1390"}],"wp:attachment":[{"href":"https:\/\/yrdactivatedcarbon.com\/cs\/wp-json\/wp\/v2\/media?parent=1149"}],"wp:term":[{"taxonomy":"product_brand","embeddable":true,"href":"https:\/\/yrdactivatedcarbon.com\/cs\/wp-json\/wp\/v2\/product_brand?post=1149"},{"taxonomy":"product_cat","embeddable":true,"href":"https:\/\/yrdactivatedcarbon.com\/cs\/wp-json\/wp\/v2\/product_cat?post=1149"},{"taxonomy":"product_tag","embeddable":true,"href":"https:\/\/yrdactivatedcarbon.com\/cs\/wp-json\/wp\/v2\/product_tag?post=1149"}],"curies":[{"name":"wp","href":"https:\/\/api.w.org\/{rel}","templated":true}]}}