{"id":1135,"date":"2025-10-17T17:09:54","date_gmt":"2025-10-17T09:09:54","guid":{"rendered":"https:\/\/yrdactivatedcarbon.com\/?post_type=product&#038;p=1135"},"modified":"2025-12-03T17:48:30","modified_gmt":"2025-12-03T09:48:30","slug":"aktivt-kul-af-kokosnoddeskal","status":"publish","type":"product","link":"https:\/\/yrdactivatedcarbon.com\/da\/product\/aktivt-kul-af-kokosnoddeskal\/","title":{"rendered":"Aktivt kul fra kokosn\u00f8ddeskal"},"content":{"rendered":"<div data-elementor-type=\"product-post\" data-elementor-id=\"1135\" class=\"elementor elementor-1135\" data-elementor-post-type=\"product\">\n\t\t\t\t<div class=\"elementor-element elementor-element-2c957d04 e-flex e-con-boxed e-con e-parent\" data-id=\"2c957d04\" data-element_type=\"container\" data-e-type=\"container\">\n\t\t\t\t\t<div class=\"e-con-inner\">\n\t\t\t\t<div class=\"elementor-element elementor-element-44b91743 elementor-widget elementor-widget-text-editor\" data-id=\"44b91743\" data-element_type=\"widget\" data-e-type=\"widget\" data-widget_type=\"text-editor.default\">\n\t\t\t\t<div class=\"elementor-widget-container\">\n\t\t\t\t\t\t\t\t\t<h2 dir=\"auto\">Tekniske specifikationer<\/h2><p dir=\"auto\">F\u00f8lgende tabel beskriver de fysiske og kemiske standardegenskaber for vores aktive kul fra kokosn\u00f8ddeskaller. Disse parametre er baseret p\u00e5 industristandardiserede testmetoder og kan tilpasses, s\u00e5 de opfylder specifikke kundekrav.<\/p><table><thead><tr><th data-col-size=\"lg\">Parameter<\/th><th data-col-size=\"lg\">Specifikation<\/th><th data-col-size=\"sm\">Testmetode<\/th><\/tr><\/thead><tbody><tr><td data-col-size=\"lg\">R\u00e5materiale<\/td><td data-col-size=\"lg\">100% Kokosn\u00f8ddeskal<\/td><td data-col-size=\"sm\">&#8211;<\/td><\/tr><tr><td data-col-size=\"lg\">Udseende<\/td><td data-col-size=\"lg\">Sort granulat<\/td><td data-col-size=\"sm\">Visuel<\/td><\/tr><tr><td data-col-size=\"lg\">Maskest\u00f8rrelse (amerikansk sigte)<\/td><td data-col-size=\"lg\">4\u00d78, 8\u00d730, 12\u00d740 (kan tilpasses)<\/td><td data-col-size=\"sm\">ASTM D2862<\/td><\/tr><tr><td data-col-size=\"lg\">Jodtal<\/td><td data-col-size=\"lg\">800-1200 mg\/g min<\/td><td data-col-size=\"sm\">ASTM D4607<\/td><\/tr><tr><td data-col-size=\"lg\">CTC-aktivitet (kulstoftetrachlorid)<\/td><td data-col-size=\"lg\">50-70% min<\/td><td data-col-size=\"sm\">ASTM D3467<\/td><\/tr><tr><td data-col-size=\"lg\">H\u00e5rdhed<\/td><td data-col-size=\"lg\">95-98% min<\/td><td data-col-size=\"sm\">ASTM D3802<\/td><\/tr><tr><td data-col-size=\"lg\">Indhold af aske<\/td><td data-col-size=\"lg\">3-5% max<\/td><td data-col-size=\"sm\">ASTM D2866<\/td><\/tr><tr><td data-col-size=\"lg\">Fugtindhold<\/td><td data-col-size=\"lg\">5% max<\/td><td data-col-size=\"sm\">ASTM D2867<\/td><\/tr><tr><td data-col-size=\"lg\">Massefylde<\/td><td data-col-size=\"lg\">0,45-0,55 g\/cm\u00b3<\/td><td data-col-size=\"sm\">ASTM D2854<\/td><\/tr><tr><td data-col-size=\"lg\">pH-v\u00e6rdi<\/td><td data-col-size=\"lg\">9-11<\/td><td data-col-size=\"sm\">ASTM D3838<\/td><\/tr><tr><td data-col-size=\"lg\">Overfladeareal (BET)<\/td><td data-col-size=\"lg\">800-1200 m\u00b2\/g<\/td><td data-col-size=\"sm\">ASTM D6556<\/td><\/tr><tr><td data-col-size=\"lg\">Porevolumen<\/td><td data-col-size=\"lg\">0,8-1,0 cm\u00b3\/g<\/td><td data-col-size=\"sm\">&#8211;<\/td><\/tr><\/tbody><\/table><p dir=\"auto\">Bem\u00e6rk: Alle v\u00e6rdier er typiske og kan variere fra batch til batch. Produktet opfylder eller overg\u00e5r AWWA B604-standarderne for granuleret aktivt kul.<\/p><p style=\"text-align: center;\"><a dir=\"auto\" style=\"display: inline-block; padding: 12px 28px; border-radius: 999px; background: #0067ff; color: #ffffff; font-size: 20px; font-weight: 600; text-decoration: none; cursor: pointer;\" href=\"mailto:info@yrdcarbon.com\">F\u00e5 gratis kvalitetspr\u00f8ver til test<\/a><\/p><h2 dir=\"auto\">Produktionsproces<\/h2><p dir=\"auto\">Vores aktive kul fra kokosn\u00f8ddeskaller produceres gennem en totrinsproces for at sikre optimal kvalitet:<\/p><ol dir=\"auto\"><li><strong>Karbonisering<\/strong>: Kokosn\u00f8ddeskaller pyrolyseres ved 600-850 \u00b0C i en inert atmosf\u00e6re for at danne tr\u00e6kul, fjerne flygtige stoffer og skabe en kulstofrig base.<\/li><li><strong>Aktivering<\/strong>: Kullet gennemg\u00e5r damp eller kemisk aktivering (f.eks. med fosforsyre) ved h\u00f8je temperaturer for at udvikle en stor indre porestruktur, der forbedrer adsorptionsevnen.<\/li><\/ol><p dir=\"auto\">Denne proces anvender vedvarende kokosn\u00f8ddeskaller, hvilket fremmer b\u00e6redygtighed og reducerer milj\u00f8p\u00e5virkningen sammenlignet med alternativer baseret p\u00e5 fossile br\u00e6ndstoffer.<\/p><h2 dir=\"auto\">Anvendelser<\/h2><p dir=\"auto\">Aktivt kul fra kokosn\u00f8ddeskaller udm\u00e6rker sig i en lang r\u00e6kke industrier p\u00e5 grund af dets mikropor\u00f8se natur, som er s\u00e6rlig effektiv til at adsorbere forurenende stoffer med sm\u00e5 molekyler. Almindelige anvendelser omfatter:<\/p><ul dir=\"auto\"><li><strong>Rensning af vand<\/strong>: Fjernelse af klor, organiske forbindelser, pesticider og tungmetaller i kommunale og industrielle vandbehandlingssystemer.<\/li><li><strong>Rensning af spildevand<\/strong>: Effektiv adsorption af farvestoffer, fenoler og flygtige organiske forbindelser (VOC'er) i spildevandsstr\u00f8mme.<\/li><li><strong>Rensning af luft og gas<\/strong>: Eliminering af lugt, opl\u00f8sningsmidler og skadelige gasser i HVAC-systemer, \u00e5ndedr\u00e6tsv\u00e6rn og industriel udst\u00f8dning.<\/li><li><strong>Genvinding af \u00e6delmetaller<\/strong>: Guldadsorption i minedrift til udvinding med h\u00f8jt udbytte.<\/li><li><strong>Forarbejdning af f\u00f8devarer og drikkevarer<\/strong>: Affarvning og rensning i sukkerraffinering, drikkevareproduktion og forarbejdning af spiselig olie.<\/li><li><strong>Farmaceutisk og medicinsk<\/strong>: Akut afgiftning ved forgiftning og overdosis samt rensning ved fremstilling af l\u00e6gemidler.<\/li><li><strong>Milj\u00f8m\u00e6ssig udbedring<\/strong>: Rensning af jord og grundvand ved at adsorbere forurenende stoffer som kulbrinter og klorerede opl\u00f8sningsmidler.<\/li><\/ul><h2 dir=\"auto\">Emballage og opbevaring<\/h2><ul dir=\"auto\"><li>Standardemballage: 25 kg flerlagspapirposer, 500 kg supers\u00e6kke eller bulkforsendelser.<\/li><li>Anbefalinger for opbevaring: Opbevares p\u00e5 et k\u00f8ligt, t\u00f8rt sted v\u00e6k fra direkte sollys og st\u00e6rke oxidanter. Undg\u00e5 uds\u00e6ttelse for fugt for at bevare adsorptionsevnen.<\/li><\/ul><h2 dir=\"auto\">Certificeringer og compliance<\/h2><p dir=\"auto\">Vores aktive kul fra kokosn\u00f8ddeskaller overholder f\u00f8lgende internationale standarder og certificeringer:<\/p><ul dir=\"auto\"><li>NSF\/ANSI 61 til behandling af drikkevand.<\/li><li>AWWA B604 for granuleret aktivt kul.<\/li><li>Halal- og kosher-certificeret.<\/li><li>ISO 9001 for kvalitetsstyring.<\/li><li>F\u00f8devarekemikalier i overensstemmelse med Codex til anvendelse i f\u00f8devarer.<\/li><\/ul><p dir=\"auto\">Kontakt vores salgsteam for detaljerede testrapporter eller tilpassede certificeringer.<\/p><p style=\"text-align: center;\"><a dir=\"auto\" style=\"display: inline-block; padding: 12px 28px; border-radius: 999px; background: #0067ff; color: #ffffff; font-size: 20px; font-weight: 600; text-decoration: none; cursor: pointer;\" href=\"mailto:info@yrdcarbon.com\">F\u00e5 gratis kvalitetspr\u00f8ver til test<\/a><\/p>\t\t\t\t\t\t\t\t<\/div>\n\t\t\t\t<\/div>\n\t\t\t\t\t<\/div>\n\t\t\t\t<\/div>\n\t\t\t\t<\/div>","protected":false},"excerpt":{"rendered":"<p><a dir=\"auto\" style=\"display: inline-block; padding: 12px 28px; border-radius: 999px; background: #0067ff; color: #ffffff; font-size: 20px; font-weight: 600; text-decoration: none; cursor: pointer;\" href=\"mailto:info@yrdcarbon.com\">F\u00e5 gratis kvalitetspr\u00f8ver til test<\/a><\/p>\n<p dir=\"auto\">Aktivt kul fra kokosn\u00f8ddeskaller er et f\u00f8rsteklasses, h\u00f8jtydende adsorbent, der er fremstillet af kokosn\u00f8ddeskaller af h\u00f8j kvalitet gennem en kontrolleret karboniserings- og aktiveringsproces. Dette milj\u00f8venlige materiale er kendt for sin overlegne mikropor\u00f8se struktur, enest\u00e5ende h\u00e5rdhed og h\u00f8je adsorptionskapacitet, hvilket g\u00f8r det ideelt til kr\u00e6vende rensningsopgaver inden for vandbehandling, luftfiltrering og industrielle processer.<\/p>\n<p dir=\"auto\">Som et b\u00e6redygtigt alternativ til kulbaseret kul tilbyder vores aktive kul fra kokosn\u00f8ddeskaller forbedret effektivitet i forhold til at fjerne organiske forureninger, lugte og urenheder, samtidig med at de opfylder strenge internationale standarder.<\/p>\n<p dir=\"auto\">Vigtige funktioner:<\/p>\n<ul dir=\"auto\">\n<li>H\u00f8j renhed og lavt askeindhold giver minimal forurening.<\/li>\n<li>Fremragende mekanisk styrke til at modst\u00e5 h\u00e5rd h\u00e5ndtering og regenerering.<\/li>\n<li>Alsidig granulatform, der er velegnet til filtreringssystemer med fast bund.<\/li>\n<\/ul>","protected":false},"featured_media":1345,"template":"","meta":{"site-sidebar-layout":"default","site-content-layout":"","ast-site-content-layout":"default","site-content-style":"default","site-sidebar-style":"default","ast-global-header-display":"","ast-banner-title-visibility":"","ast-main-header-display":"","ast-hfb-above-header-display":"","ast-hfb-below-header-display":"","ast-hfb-mobile-header-display":"","site-post-title":"","ast-breadcrumbs-content":"","ast-featured-img":"","footer-sml-layout":"","ast-disable-related-posts":"","theme-transparent-header-meta":"default","adv-header-id-meta":"","stick-header-meta":"","header-above-stick-meta":"","header-main-stick-meta":"","header-below-stick-meta":"","astra-migrate-meta-layouts":"set","ast-page-background-enabled":"default","ast-page-background-meta":{"desktop":{"background-color":"var(--ast-global-color-4)","background-image":"","background-repeat":"repeat","background-position":"center center","background-size":"auto","background-attachment":"scroll","background-type":"","background-media":"","overlay-type":"","overlay-color":"","overlay-opacity":"","overlay-gradient":""},"tablet":{"background-color":"","background-image":"","background-repeat":"repeat","background-position":"center center","background-size":"auto","background-attachment":"scroll","background-type":"","background-media":"","overlay-type":"","overlay-color":"","overlay-opacity":"","overlay-gradient":""},"mobile":{"background-color":"","background-image":"","background-repeat":"repeat","background-position":"center center","background-size":"auto","background-attachment":"scroll","background-type":"","background-media":"","overlay-type":"","overlay-color":"","overlay-opacity":"","overlay-gradient":""}},"ast-content-background-meta":{"desktop":{"background-color":"var(--ast-global-color-5)","background-image":"","background-repeat":"repeat","background-position":"center center","background-size":"auto","background-attachment":"scroll","background-type":"","background-media":"","overlay-type":"","overlay-color":"","overlay-opacity":"","overlay-gradient":""},"tablet":{"background-color":"var(--ast-global-color-5)","background-image":"","background-repeat":"repeat","background-position":"center center","background-size":"auto","background-attachment":"scroll","background-type":"","background-media":"","overlay-type":"","overlay-color":"","overlay-opacity":"","overlay-gradient":""},"mobile":{"background-color":"var(--ast-global-color-5)","background-image":"","background-repeat":"repeat","background-position":"center center","background-size":"auto","background-attachment":"scroll","background-type":"","background-media":"","overlay-type":"","overlay-color":"","overlay-opacity":"","overlay-gradient":""}}},"product_brand":[],"product_cat":[15],"product_tag":[],"class_list":{"0":"post-1135","1":"product","2":"type-product","3":"status-publish","4":"has-post-thumbnail","6":"product_cat-activated-carbon-series","7":"desktop-align-left","8":"tablet-align-left","9":"mobile-align-left","11":"first","12":"instock","13":"featured","14":"shipping-taxable","15":"product-type-simple"},"yoast_head":"<!-- This site is optimized with the Yoast SEO Premium plugin v26.0 (Yoast SEO v27.4) - https:\/\/yoast.com\/product\/yoast-seo-premium-wordpress\/ -->\n<title>Coconut Shell Activated Carbon<\/title>\n<meta name=\"description\" content=\"Leading manufacturer and supplier of coconut shell activated carbon for industrial water treatment, air purification, and environmental applications. YRD Activated Carbon provides certified, high-performance materials with consistent quality and reliable global supply.\" \/>\n<meta name=\"robots\" content=\"index, follow, max-snippet:-1, max-image-preview:large, max-video-preview:-1\" \/>\n<link rel=\"canonical\" href=\"https:\/\/yrdactivatedcarbon.com\/da\/product\/aktivt-kul-af-kokosnoddeskal\/\" \/>\n<meta property=\"og:locale\" content=\"da_DK\" \/>\n<meta property=\"og:type\" content=\"article\" \/>\n<meta property=\"og:title\" content=\"Coconut Shell Activated Carbon\" \/>\n<meta property=\"og:description\" content=\"Leading manufacturer and supplier of coconut shell activated carbon for industrial water treatment, air purification, and environmental applications. YRD Activated Carbon provides certified, high-performance materials with consistent quality and reliable global supply.\" \/>\n<meta property=\"og:url\" content=\"https:\/\/yrdactivatedcarbon.com\/da\/product\/aktivt-kul-af-kokosnoddeskal\/\" \/>\n<meta property=\"article:modified_time\" content=\"2025-12-03T09:48:30+00:00\" \/>\n<meta property=\"og:image\" content=\"http:\/\/yrdactivatedcarbon.com\/wp-content\/uploads\/2025\/10\/Coconut-Shell-Charcoal.jpg\" \/>\n\t<meta property=\"og:image:width\" content=\"500\" \/>\n\t<meta property=\"og:image:height\" content=\"500\" \/>\n\t<meta property=\"og:image:type\" content=\"image\/jpeg\" \/>\n<meta name=\"twitter:card\" content=\"summary_large_image\" \/>\n<script type=\"application\/ld+json\" class=\"yoast-schema-graph\">{\"@context\":\"https:\\\/\\\/schema.org\",\"@graph\":[{\"@type\":\"WebPage\",\"@id\":\"https:\\\/\\\/yrdactivatedcarbon.com\\\/product\\\/coconut-shell-activated-carbon\\\/\",\"url\":\"https:\\\/\\\/yrdactivatedcarbon.com\\\/product\\\/coconut-shell-activated-carbon\\\/\",\"name\":\"Coconut Shell Activated Carbon\",\"isPartOf\":{\"@id\":\"https:\\\/\\\/yrdactivatedcarbon.com\\\/#website\"},\"primaryImageOfPage\":{\"@id\":\"https:\\\/\\\/yrdactivatedcarbon.com\\\/product\\\/coconut-shell-activated-carbon\\\/#primaryimage\"},\"image\":{\"@id\":\"https:\\\/\\\/yrdactivatedcarbon.com\\\/product\\\/coconut-shell-activated-carbon\\\/#primaryimage\"},\"thumbnailUrl\":\"https:\\\/\\\/yrdactivatedcarbon.com\\\/wp-content\\\/uploads\\\/2025\\\/10\\\/Coconut-Shell-Charcoal.jpg\",\"datePublished\":\"2025-10-17T09:09:54+00:00\",\"dateModified\":\"2025-12-03T09:48:30+00:00\",\"description\":\"Leading manufacturer and supplier of coconut shell activated carbon for industrial water treatment, air purification, and environmental applications. YRD Activated Carbon provides certified, high-performance materials with consistent quality and reliable global supply.\",\"breadcrumb\":{\"@id\":\"https:\\\/\\\/yrdactivatedcarbon.com\\\/product\\\/coconut-shell-activated-carbon\\\/#breadcrumb\"},\"inLanguage\":\"da-DK\",\"potentialAction\":[{\"@type\":\"ReadAction\",\"target\":[\"https:\\\/\\\/yrdactivatedcarbon.com\\\/product\\\/coconut-shell-activated-carbon\\\/\"]}]},{\"@type\":\"ImageObject\",\"inLanguage\":\"da-DK\",\"@id\":\"https:\\\/\\\/yrdactivatedcarbon.com\\\/product\\\/coconut-shell-activated-carbon\\\/#primaryimage\",\"url\":\"https:\\\/\\\/yrdactivatedcarbon.com\\\/wp-content\\\/uploads\\\/2025\\\/10\\\/Coconut-Shell-Charcoal.jpg\",\"contentUrl\":\"https:\\\/\\\/yrdactivatedcarbon.com\\\/wp-content\\\/uploads\\\/2025\\\/10\\\/Coconut-Shell-Charcoal.jpg\",\"width\":500,\"height\":500},{\"@type\":\"BreadcrumbList\",\"@id\":\"https:\\\/\\\/yrdactivatedcarbon.com\\\/product\\\/coconut-shell-activated-carbon\\\/#breadcrumb\",\"itemListElement\":[{\"@type\":\"ListItem\",\"position\":1,\"name\":\"\u9996\u9875\",\"item\":\"https:\\\/\\\/yrdactivatedcarbon.com\\\/\"},{\"@type\":\"ListItem\",\"position\":2,\"name\":\"Products\",\"item\":\"https:\\\/\\\/yrdactivatedcarbon.com\\\/shop__trashed\\\/\"},{\"@type\":\"ListItem\",\"position\":3,\"name\":\"Coconut Shell Activated Carbon\"}]},{\"@type\":\"WebSite\",\"@id\":\"https:\\\/\\\/yrdactivatedcarbon.com\\\/#website\",\"url\":\"https:\\\/\\\/yrdactivatedcarbon.com\\\/\",\"name\":\"\",\"description\":\"\",\"publisher\":{\"@id\":\"https:\\\/\\\/yrdactivatedcarbon.com\\\/#\\\/schema\\\/person\\\/581e0ef9031155afdeefbcd492460987\"},\"potentialAction\":[{\"@type\":\"SearchAction\",\"target\":{\"@type\":\"EntryPoint\",\"urlTemplate\":\"https:\\\/\\\/yrdactivatedcarbon.com\\\/?s={search_term_string}\"},\"query-input\":{\"@type\":\"PropertyValueSpecification\",\"valueRequired\":true,\"valueName\":\"search_term_string\"}}],\"inLanguage\":\"da-DK\"},{\"@type\":[\"Person\",\"Organization\"],\"@id\":\"https:\\\/\\\/yrdactivatedcarbon.com\\\/#\\\/schema\\\/person\\\/581e0ef9031155afdeefbcd492460987\",\"name\":\"Admin\",\"image\":{\"@type\":\"ImageObject\",\"inLanguage\":\"da-DK\",\"@id\":\"https:\\\/\\\/yrdactivatedcarbon.com\\\/wp-content\\\/uploads\\\/2025\\\/10\\\/cropped-cropped-cropped-cropped-cropped-Gemini_Generated_Image_csnat5csnat5csna-removebg-preview.png\",\"url\":\"https:\\\/\\\/yrdactivatedcarbon.com\\\/wp-content\\\/uploads\\\/2025\\\/10\\\/cropped-cropped-cropped-cropped-cropped-Gemini_Generated_Image_csnat5csnat5csna-removebg-preview.png\",\"contentUrl\":\"https:\\\/\\\/yrdactivatedcarbon.com\\\/wp-content\\\/uploads\\\/2025\\\/10\\\/cropped-cropped-cropped-cropped-cropped-Gemini_Generated_Image_csnat5csnat5csna-removebg-preview.png\",\"width\":304,\"height\":88,\"caption\":\"Admin\"},\"logo\":{\"@id\":\"https:\\\/\\\/yrdactivatedcarbon.com\\\/wp-content\\\/uploads\\\/2025\\\/10\\\/cropped-cropped-cropped-cropped-cropped-Gemini_Generated_Image_csnat5csnat5csna-removebg-preview.png\"},\"sameAs\":[\"https:\\\/\\\/yrdactivatedcarbon.com\"],\"publishingPrinciples\":\"https:\\\/\\\/yrdactivatedcarbon.com\\\/\",\"ownershipFundingInfo\":\"https:\\\/\\\/yrdactivatedcarbon.com\\\/\"}]}<\/script>\n<!-- \/ Yoast SEO Premium plugin. -->","yoast_head_json":{"title":"Aktivt kul fra kokosn\u00f8ddeskal","description":"F\u00f8rende producent og leverand\u00f8r af aktivt kul fra kokosn\u00f8ddeskaller til industriel vandbehandling, luftrensning og milj\u00f8applikationer. YRD Activated Carbon leverer certificerede, h\u00f8jtydende materialer med ensartet kvalitet og p\u00e5lidelig global forsyning.","robots":{"index":"index","follow":"follow","max-snippet":"max-snippet:-1","max-image-preview":"max-image-preview:large","max-video-preview":"max-video-preview:-1"},"canonical":"https:\/\/yrdactivatedcarbon.com\/da\/product\/aktivt-kul-af-kokosnoddeskal\/","og_locale":"da_DK","og_type":"article","og_title":"Coconut Shell Activated Carbon","og_description":"Leading manufacturer and supplier of coconut shell activated carbon for industrial water treatment, air purification, and environmental applications. YRD Activated Carbon provides certified, high-performance materials with consistent quality and reliable global supply.","og_url":"https:\/\/yrdactivatedcarbon.com\/da\/product\/aktivt-kul-af-kokosnoddeskal\/","article_modified_time":"2025-12-03T09:48:30+00:00","og_image":[{"width":500,"height":500,"url":"http:\/\/yrdactivatedcarbon.com\/wp-content\/uploads\/2025\/10\/Coconut-Shell-Charcoal.jpg","type":"image\/jpeg"}],"twitter_card":"summary_large_image","schema":{"@context":"https:\/\/schema.org","@graph":[{"@type":"WebPage","@id":"https:\/\/yrdactivatedcarbon.com\/product\/coconut-shell-activated-carbon\/","url":"https:\/\/yrdactivatedcarbon.com\/product\/coconut-shell-activated-carbon\/","name":"Aktivt kul fra kokosn\u00f8ddeskal","isPartOf":{"@id":"https:\/\/yrdactivatedcarbon.com\/#website"},"primaryImageOfPage":{"@id":"https:\/\/yrdactivatedcarbon.com\/product\/coconut-shell-activated-carbon\/#primaryimage"},"image":{"@id":"https:\/\/yrdactivatedcarbon.com\/product\/coconut-shell-activated-carbon\/#primaryimage"},"thumbnailUrl":"https:\/\/yrdactivatedcarbon.com\/wp-content\/uploads\/2025\/10\/Coconut-Shell-Charcoal.jpg","datePublished":"2025-10-17T09:09:54+00:00","dateModified":"2025-12-03T09:48:30+00:00","description":"F\u00f8rende producent og leverand\u00f8r af aktivt kul fra kokosn\u00f8ddeskaller til industriel vandbehandling, luftrensning og milj\u00f8applikationer. YRD Activated Carbon leverer certificerede, h\u00f8jtydende materialer med ensartet kvalitet og p\u00e5lidelig global forsyning.","breadcrumb":{"@id":"https:\/\/yrdactivatedcarbon.com\/product\/coconut-shell-activated-carbon\/#breadcrumb"},"inLanguage":"da-DK","potentialAction":[{"@type":"ReadAction","target":["https:\/\/yrdactivatedcarbon.com\/product\/coconut-shell-activated-carbon\/"]}]},{"@type":"ImageObject","inLanguage":"da-DK","@id":"https:\/\/yrdactivatedcarbon.com\/product\/coconut-shell-activated-carbon\/#primaryimage","url":"https:\/\/yrdactivatedcarbon.com\/wp-content\/uploads\/2025\/10\/Coconut-Shell-Charcoal.jpg","contentUrl":"https:\/\/yrdactivatedcarbon.com\/wp-content\/uploads\/2025\/10\/Coconut-Shell-Charcoal.jpg","width":500,"height":500},{"@type":"BreadcrumbList","@id":"https:\/\/yrdactivatedcarbon.com\/product\/coconut-shell-activated-carbon\/#breadcrumb","itemListElement":[{"@type":"ListItem","position":1,"name":"\u9996\u9875","item":"https:\/\/yrdactivatedcarbon.com\/"},{"@type":"ListItem","position":2,"name":"Products","item":"https:\/\/yrdactivatedcarbon.com\/shop__trashed\/"},{"@type":"ListItem","position":3,"name":"Coconut Shell Activated Carbon"}]},{"@type":"WebSite","@id":"https:\/\/yrdactivatedcarbon.com\/#website","url":"https:\/\/yrdactivatedcarbon.com\/","name":"","description":"","publisher":{"@id":"https:\/\/yrdactivatedcarbon.com\/#\/schema\/person\/581e0ef9031155afdeefbcd492460987"},"potentialAction":[{"@type":"SearchAction","target":{"@type":"EntryPoint","urlTemplate":"https:\/\/yrdactivatedcarbon.com\/?s={search_term_string}"},"query-input":{"@type":"PropertyValueSpecification","valueRequired":true,"valueName":"search_term_string"}}],"inLanguage":"da-DK"},{"@type":["Person","Organization"],"@id":"https:\/\/yrdactivatedcarbon.com\/#\/schema\/person\/581e0ef9031155afdeefbcd492460987","name":"Administrator","image":{"@type":"ImageObject","inLanguage":"da-DK","@id":"https:\/\/yrdactivatedcarbon.com\/wp-content\/uploads\/2025\/10\/cropped-cropped-cropped-cropped-cropped-Gemini_Generated_Image_csnat5csnat5csna-removebg-preview.png","url":"https:\/\/yrdactivatedcarbon.com\/wp-content\/uploads\/2025\/10\/cropped-cropped-cropped-cropped-cropped-Gemini_Generated_Image_csnat5csnat5csna-removebg-preview.png","contentUrl":"https:\/\/yrdactivatedcarbon.com\/wp-content\/uploads\/2025\/10\/cropped-cropped-cropped-cropped-cropped-Gemini_Generated_Image_csnat5csnat5csna-removebg-preview.png","width":304,"height":88,"caption":"Admin"},"logo":{"@id":"https:\/\/yrdactivatedcarbon.com\/wp-content\/uploads\/2025\/10\/cropped-cropped-cropped-cropped-cropped-Gemini_Generated_Image_csnat5csnat5csna-removebg-preview.png"},"sameAs":["https:\/\/yrdactivatedcarbon.com"],"publishingPrinciples":"https:\/\/yrdactivatedcarbon.com\/","ownershipFundingInfo":"https:\/\/yrdactivatedcarbon.com\/"}]}},"_links":{"self":[{"href":"https:\/\/yrdactivatedcarbon.com\/da\/wp-json\/wp\/v2\/product\/1135","targetHints":{"allow":["GET"]}}],"collection":[{"href":"https:\/\/yrdactivatedcarbon.com\/da\/wp-json\/wp\/v2\/product"}],"about":[{"href":"https:\/\/yrdactivatedcarbon.com\/da\/wp-json\/wp\/v2\/types\/product"}],"version-history":[{"count":10,"href":"https:\/\/yrdactivatedcarbon.com\/da\/wp-json\/wp\/v2\/product\/1135\/revisions"}],"predecessor-version":[{"id":1707,"href":"https:\/\/yrdactivatedcarbon.com\/da\/wp-json\/wp\/v2\/product\/1135\/revisions\/1707"}],"wp:featuredmedia":[{"embeddable":true,"href":"https:\/\/yrdactivatedcarbon.com\/da\/wp-json\/wp\/v2\/media\/1345"}],"wp:attachment":[{"href":"https:\/\/yrdactivatedcarbon.com\/da\/wp-json\/wp\/v2\/media?parent=1135"}],"wp:term":[{"taxonomy":"product_brand","embeddable":true,"href":"https:\/\/yrdactivatedcarbon.com\/da\/wp-json\/wp\/v2\/product_brand?post=1135"},{"taxonomy":"product_cat","embeddable":true,"href":"https:\/\/yrdactivatedcarbon.com\/da\/wp-json\/wp\/v2\/product_cat?post=1135"},{"taxonomy":"product_tag","embeddable":true,"href":"https:\/\/yrdactivatedcarbon.com\/da\/wp-json\/wp\/v2\/product_tag?post=1135"}],"curies":[{"name":"wp","href":"https:\/\/api.w.org\/{rel}","templated":true}]}}