{"id":1141,"date":"2025-10-17T17:11:37","date_gmt":"2025-10-17T09:11:37","guid":{"rendered":"https:\/\/yrdactivatedcarbon.com\/?post_type=product&#038;p=1141"},"modified":"2025-12-03T17:44:47","modified_gmt":"2025-12-03T09:44:47","slug":"sojleformet-aktivt-kul","status":"publish","type":"product","link":"https:\/\/yrdactivatedcarbon.com\/da\/product\/sojleformet-aktivt-kul\/","title":{"rendered":"S\u00f8jleformet aktivt kul"},"content":{"rendered":"<h2 dir=\"auto\">Tekniske specifikationer<\/h2>\n<p dir=\"auto\">F\u00f8lgende tabel viser typiske fysiske og kemiske parametre baseret p\u00e5 industristandarder og almindelige produktdata. V\u00e6rdierne kan variere afh\u00e6ngigt af r\u00e5materiale og aktiveringsmetode; se specifikke batchtestrapporter for n\u00f8jagtige tal.<\/p>\n<table>\n<thead>\n<tr>\n<th data-col-size=\"lg\">Parameter<\/th>\n<th data-col-size=\"lg\">Typisk v\u00e6rdi<\/th>\n<th data-col-size=\"sm\">Testmetode<\/th>\n<th data-col-size=\"xl\">Noter<\/th>\n<\/tr>\n<\/thead>\n<tbody>\n<tr>\n<td data-col-size=\"lg\">Form<\/td>\n<td data-col-size=\"lg\">Cylindriske pellets<\/td>\n<td data-col-size=\"sm\">Visuel<\/td>\n<td data-col-size=\"xl\">Ekstruderet form for ensartet fordeling<\/td>\n<\/tr>\n<tr>\n<td data-col-size=\"lg\">Diameter<\/td>\n<td data-col-size=\"lg\">0,8 - 4 mm<\/td>\n<td data-col-size=\"sm\">ASTM D2862<\/td>\n<td data-col-size=\"xl\">Almindelige st\u00f8rrelser: 2 mm, 3 mm, 4 mm; kan tilpasses<\/td>\n<\/tr>\n<tr>\n<td data-col-size=\"lg\">L\u00e6ngde<\/td>\n<td data-col-size=\"lg\">&lt;10 mm<\/td>\n<td data-col-size=\"sm\">ASTM D2862<\/td>\n<td data-col-size=\"xl\">Sikrer nem h\u00e5ndtering og lavt brud<\/td>\n<\/tr>\n<tr>\n<td data-col-size=\"lg\">Jodtal<\/td>\n<td data-col-size=\"lg\">900 - 1100 mg\/g<\/td>\n<td data-col-size=\"sm\">ASTM D4607<\/td>\n<td data-col-size=\"xl\">Angiver mikroporernes adsorptionskapacitet for organiske stoffer<\/td>\n<\/tr>\n<tr>\n<td data-col-size=\"lg\">CTC (kulstoftetrachlorid)<\/td>\n<td data-col-size=\"lg\">50 &#8211; 70%<\/td>\n<td data-col-size=\"sm\">ASTM D3467<\/td>\n<td data-col-size=\"xl\">M\u00e5ler adsorptionseffektiviteten i dampfasen<\/td>\n<\/tr>\n<tr>\n<td data-col-size=\"lg\">Overfladeareal (BET)<\/td>\n<td data-col-size=\"lg\">900 - 1200 m\u00b2\/g<\/td>\n<td data-col-size=\"sm\">ASTM D3663<\/td>\n<td data-col-size=\"xl\">H\u00f8j indre overflade for forbedret ydeevne<\/td>\n<\/tr>\n<tr>\n<td data-col-size=\"lg\">Porevolumen<\/td>\n<td data-col-size=\"lg\">0,8 - 1,3 cc\/g<\/td>\n<td data-col-size=\"sm\">ASTM D4222<\/td>\n<td data-col-size=\"xl\">Afbalanceret makro\/meso\/mikroporer (90% makro\/meso)<\/td>\n<\/tr>\n<tr>\n<td data-col-size=\"lg\">Massefylde<\/td>\n<td data-col-size=\"lg\">450 - 550 kg\/m\u00b3<\/td>\n<td data-col-size=\"sm\">ASTM D2854<\/td>\n<td data-col-size=\"xl\">Tilsyneladende massefylde; bagvasket: ~430 kg\/m\u00b3<\/td>\n<\/tr>\n<tr>\n<td data-col-size=\"lg\">H\u00e5rdhed\/slidnummer<\/td>\n<td data-col-size=\"lg\">\u226595%<\/td>\n<td data-col-size=\"sm\">ASTM D3802<\/td>\n<td data-col-size=\"xl\">Kuglepandens h\u00e5rdhed; minimerer slid under brug<\/td>\n<\/tr>\n<tr>\n<td data-col-size=\"lg\">Indhold af aske<\/td>\n<td data-col-size=\"lg\">\u22645 - 12%<\/td>\n<td data-col-size=\"sm\">ASTM D2866<\/td>\n<td data-col-size=\"xl\">Lavt askeindhold for renhed, is\u00e6r i vandapplikationer<\/td>\n<\/tr>\n<tr>\n<td data-col-size=\"lg\">Fugtindhold<\/td>\n<td data-col-size=\"lg\">\u22645%<\/td>\n<td data-col-size=\"sm\">ASTM D2867<\/td>\n<td data-col-size=\"xl\">Som pakket; sikrer stabilitet under opbevaring<\/td>\n<\/tr>\n<tr>\n<td data-col-size=\"lg\">pH-v\u00e6rdi<\/td>\n<td data-col-size=\"lg\">3.0 &#8211; 12.0<\/td>\n<td data-col-size=\"sm\">ASTM D3838<\/td>\n<td data-col-size=\"xl\">Neutral til alkalisk afh\u00e6ngig af impr\u00e6gnering<\/td>\n<\/tr>\n<tr>\n<td data-col-size=\"lg\">T\u00e6ndingstemperatur<\/td>\n<td data-col-size=\"lg\">&gt;400 - 450\u00b0C<\/td>\n<td data-col-size=\"sm\">ASTM D3466<\/td>\n<td data-col-size=\"xl\">Sikkerhedst\u00e6rskel for h\u00e5ndtering<\/td>\n<\/tr>\n<\/tbody>\n<\/table>\n<p><a dir=\"auto\" style=\"display: inline-block; padding: 12px 28px; border-radius: 999px; background: #0067ff; color: #ffffff; font-size: 20px; font-weight: 600; text-decoration: none; cursor: pointer; \" href=\"mailto:info@yrdcarbon.com\">F\u00e5 gratis kvalitetspr\u00f8ver til test<\/a><\/p>\n<h2 dir=\"auto\">Anvendelser<\/h2>\n<p dir=\"auto\">Pellet-aktiveret kul er alsidigt p\u00e5 tv\u00e6rs af brancher og udnytter sin robuste struktur til faste og dynamiske systemer:<\/p>\n<ul dir=\"auto\">\n<li><strong>Rensning af gas og luft<\/strong>: Fjernelse af VOC, H2S, siloxaner og lugt fra industrielle emissioner, biogas og ventilationssystemer.<\/li>\n<li><strong>Vand- og spildevandsbehandling<\/strong>: Afklorering, fjernelse af organiske forureninger og reduktion af farve og lugt i kommunalt, industrielt og procesvand.<\/li>\n<li><strong>Genvinding af opl\u00f8sningsmidler<\/strong>: Adsorption og regenerering i kemisk forarbejdning, maling og trykning.<\/li>\n<li><strong>Mad og drikke<\/strong>: Affarvning og rensning i juice-, vin- og sukkerforarbejdning.<\/li>\n<li><strong>Specialiserede anvendelser<\/strong>: Katalysatorst\u00f8tte, kviks\u00f8lvdampkontrol og r\u00f8ggasbehandling inden for milj\u00f8teknik.<\/li>\n<\/ul>\n<h2 dir=\"auto\">Kvalitetsstandarder og overholdelse<\/h2>\n<ul dir=\"auto\">\n<li><strong>Test af standarder<\/strong>: Overholder ASTM (f.eks. D2862 for partikelst\u00f8rrelse, D4607 for jodtal) og ISO (f.eks. 21340 for egenskaber).<\/li>\n<li><strong>Certificeringer<\/strong>: Kompatibel med f\u00f8devarekvalitet (ANSI\/NSF 61 til drikkevand), AWWA B604 til granuleret aktivt kul.<\/li>\n<li><strong>Overholdelse af lovgivningen<\/strong>: REACH-registreret, ufarlig i henhold til OSHA og EU CLP; ingen PBT\/vPvB-stoffer.<\/li>\n<\/ul>\n<h2 dir=\"auto\">Emballage og opbevaring<\/h2>\n<ul dir=\"auto\">\n<li><strong>Standardemballage<\/strong>: 25 kg s\u00e6kke, 500-1000 kg big bags eller bulkforsendelser p\u00e5 paller (fastsp\u00e6ndt og krympeindpakket).<\/li>\n<li><strong>Anbefalinger til opbevaring<\/strong>: Opbevares p\u00e5 et k\u00f8ligt, t\u00f8rt og godt ventileret sted v\u00e6k fra st\u00e6rke oxidationsmidler og direkte sollys. Undg\u00e5 kontakt med luft eller organiske dampe for at forhindre for tidlig m\u00e6tning. Holdbarhed: Op til 2 \u00e5r under korrekte forhold.<\/li>\n<\/ul>\n<h2 dir=\"auto\">Sikkerhed og h\u00e5ndtering<\/h2>\n<ul dir=\"auto\">\n<li><strong>Farer<\/strong>: Ikke-farligt st\u00f8v; kan for\u00e5rsage \u00f8jen-\/hudirritation eller iltsvind i lukkede rum, n\u00e5r det er v\u00e5dt. Ant\u00e6ndelsestemperatur &gt;400\u00b0C.<\/li>\n<li><strong>PPE<\/strong>: B\u00e6r handsker, \u00f8jenbeskyttelse og \u00e5ndedr\u00e6tsv\u00e6rn i st\u00f8vede omr\u00e5der. Undg\u00e5 ind\u00e5nding og kontakt.<\/li>\n<li><strong>F\u00f8rstehj\u00e6lp<\/strong>: Skyl \u00f8jne\/hud med vand; s\u00f8g l\u00e6gehj\u00e6lp, hvis irritationen varer ved.<\/li>\n<li><strong>Bortskaffelse<\/strong>: Ikke-farligt; bortskaffes i henhold til lokale bestemmelser. Brugt kulstof kan kr\u00e6ve klassificering som farligt affald baseret p\u00e5 adsorberede forurenende stoffer.<\/li>\n<\/ul>\n<p><a dir=\"auto\" style=\"display: inline-block; padding: 12px 28px; border-radius: 999px; background: #0067ff; color: #ffffff; font-size: 20px; font-weight: 600; text-decoration: none; cursor: pointer; \" href=\"mailto:info@yrdcarbon.com\">F\u00e5 gratis kvalitetspr\u00f8ver til test<\/a><\/p>","protected":false},"excerpt":{"rendered":"<p><a dir=\"auto\" style=\"display: inline-block; padding: 12px 28px; border-radius: 999px; background: #0067ff; color: #ffffff; font-size: 20px; font-weight: 600; text-decoration: none; cursor: pointer;\" href=\"mailto:info@yrdcarbon.com\">F\u00e5 gratis kvalitetspr\u00f8ver til test<\/a><\/p>\n<p dir=\"auto\">Pellet-aktiveret kul, ogs\u00e5 kendt som s\u00f8jleformet eller ekstruderet aktivt kul, er et h\u00f8jtydende adsorberende materiale, der er designet til effektiv rensning i gas- og v\u00e6skefaseapplikationer. Det fremstilles af f\u00f8rsteklasses r\u00e5materialer som kul, tr\u00e6 eller kokosn\u00f8ddeskal ved hj\u00e6lp af damp eller kemiske aktiveringsprocesser og har en cylindrisk form, der sikrer lavt trykfald og h\u00f8j mekanisk styrke. Dette produkt er ideelt til industrielle anvendelser, der kr\u00e6ver p\u00e5lidelig fjernelse af forurenende stoffer med fokus p\u00e5 flygtige organiske forbindelser (VOC'er), lugt og urenheder.<\/p>\n<p dir=\"auto\">Vores aktive kul i pilleform overholder internationale standarder som ASTM og ISO, hvilket sikrer en ensartet kvalitet p\u00e5 de globale markeder. Det bruges i vid udstr\u00e6kning til milj\u00f8beskyttelse, vandbehandling og luftfiltreringssystemer.<\/p>\n<h2 dir=\"auto\">Vigtige funktioner og fordele<\/h2>\n<ul dir=\"auto\">\n<li><strong>H\u00f8j adsorptionskapacitet<\/strong>: Optimeret porestruktur til overlegen fjernelse af organiske forurenende stoffer, gasser og lugte.<\/li>\n<li><strong>Holdbarhed<\/strong>: H\u00f8j h\u00e5rdhed reducerer st\u00f8vdannelse og forl\u00e6nger levetiden i fastbedsystemer.<\/li>\n<li><strong>Lavt trykfald<\/strong>: Ensartet pilleform minimerer flowmodstanden og forbedrer systemets effektivitet.<\/li>\n<li><strong>Regenererbarhed<\/strong>: Velegnet til termisk reaktivering, hvilket fremmer omkostningsbesparelser og b\u00e6redygtighed.<\/li>\n<li><strong>Alsidighed<\/strong>: F\u00e5s i forskellige diametre og impr\u00e6gneringer til skr\u00e6ddersyede anvendelser, f.eks. fjernelse af H2S eller kviks\u00f8lvkontrol.<\/li>\n<\/ul>\n<p>&nbsp;<\/p>","protected":false},"featured_media":1370,"template":"","meta":{"site-sidebar-layout":"default","site-content-layout":"","ast-site-content-layout":"default","site-content-style":"default","site-sidebar-style":"default","ast-global-header-display":"","ast-banner-title-visibility":"","ast-main-header-display":"","ast-hfb-above-header-display":"","ast-hfb-below-header-display":"","ast-hfb-mobile-header-display":"","site-post-title":"","ast-breadcrumbs-content":"","ast-featured-img":"","footer-sml-layout":"","ast-disable-related-posts":"","theme-transparent-header-meta":"default","adv-header-id-meta":"","stick-header-meta":"","header-above-stick-meta":"","header-main-stick-meta":"","header-below-stick-meta":"","astra-migrate-meta-layouts":"set","ast-page-background-enabled":"default","ast-page-background-meta":{"desktop":{"background-color":"var(--ast-global-color-4)","background-image":"","background-repeat":"repeat","background-position":"center center","background-size":"auto","background-attachment":"scroll","background-type":"","background-media":"","overlay-type":"","overlay-color":"","overlay-opacity":"","overlay-gradient":""},"tablet":{"background-color":"","background-image":"","background-repeat":"repeat","background-position":"center center","background-size":"auto","background-attachment":"scroll","background-type":"","background-media":"","overlay-type":"","overlay-color":"","overlay-opacity":"","overlay-gradient":""},"mobile":{"background-color":"","background-image":"","background-repeat":"repeat","background-position":"center center","background-size":"auto","background-attachment":"scroll","background-type":"","background-media":"","overlay-type":"","overlay-color":"","overlay-opacity":"","overlay-gradient":""}},"ast-content-background-meta":{"desktop":{"background-color":"var(--ast-global-color-5)","background-image":"","background-repeat":"repeat","background-position":"center center","background-size":"auto","background-attachment":"scroll","background-type":"","background-media":"","overlay-type":"","overlay-color":"","overlay-opacity":"","overlay-gradient":""},"tablet":{"background-color":"var(--ast-global-color-5)","background-image":"","background-repeat":"repeat","background-position":"center center","background-size":"auto","background-attachment":"scroll","background-type":"","background-media":"","overlay-type":"","overlay-color":"","overlay-opacity":"","overlay-gradient":""},"mobile":{"background-color":"var(--ast-global-color-5)","background-image":"","background-repeat":"repeat","background-position":"center center","background-size":"auto","background-attachment":"scroll","background-type":"","background-media":"","overlay-type":"","overlay-color":"","overlay-opacity":"","overlay-gradient":""}}},"product_brand":[],"product_cat":[15],"product_tag":[],"class_list":{"0":"post-1141","1":"product","2":"type-product","3":"status-publish","4":"has-post-thumbnail","6":"product_cat-activated-carbon-series","7":"desktop-align-left","8":"tablet-align-left","9":"mobile-align-left","11":"first","12":"instock","13":"shipping-taxable","14":"product-type-simple"},"yoast_head":"<!-- This site is optimized with the Yoast SEO Premium plugin v26.0 (Yoast SEO v27.4) - https:\/\/yoast.com\/product\/yoast-seo-premium-wordpress\/ -->\n<title>Columnar Activated Carbon<\/title>\n<meta name=\"description\" content=\"Durable columnar activated carbon for water, air and gas purification. High strength, low pressure drop, customizable sizes. YRD \u2013 reliable global supply.\" \/>\n<meta name=\"robots\" content=\"index, follow, max-snippet:-1, max-image-preview:large, max-video-preview:-1\" \/>\n<link rel=\"canonical\" href=\"https:\/\/yrdactivatedcarbon.com\/da\/product\/sojleformet-aktivt-kul\/\" \/>\n<meta property=\"og:locale\" content=\"da_DK\" \/>\n<meta property=\"og:type\" content=\"article\" \/>\n<meta property=\"og:title\" content=\"Columnar Activated Carbon\" \/>\n<meta property=\"og:description\" content=\"Durable columnar activated carbon for water, air and gas purification. High strength, low pressure drop, customizable sizes. YRD \u2013 reliable global supply.\" \/>\n<meta property=\"og:url\" content=\"https:\/\/yrdactivatedcarbon.com\/da\/product\/sojleformet-aktivt-kul\/\" \/>\n<meta property=\"article:modified_time\" content=\"2025-12-03T09:44:47+00:00\" \/>\n<meta property=\"og:image\" content=\"http:\/\/yrdactivatedcarbon.com\/wp-content\/uploads\/2025\/10\/Columnar-Activated-Carbon.webp\" \/>\n\t<meta property=\"og:image:width\" content=\"1500\" \/>\n\t<meta property=\"og:image:height\" content=\"1500\" \/>\n\t<meta property=\"og:image:type\" content=\"image\/webp\" \/>\n<meta name=\"twitter:card\" content=\"summary_large_image\" \/>\n<meta name=\"twitter:label1\" content=\"Estimeret l\u00e6setid\" \/>\n\t<meta name=\"twitter:data1\" content=\"3 minutter\" \/>\n<script type=\"application\/ld+json\" class=\"yoast-schema-graph\">{\"@context\":\"https:\\\/\\\/schema.org\",\"@graph\":[{\"@type\":\"WebPage\",\"@id\":\"https:\\\/\\\/yrdactivatedcarbon.com\\\/product\\\/columnar-activated-carbon\\\/\",\"url\":\"https:\\\/\\\/yrdactivatedcarbon.com\\\/product\\\/columnar-activated-carbon\\\/\",\"name\":\"Columnar Activated Carbon\",\"isPartOf\":{\"@id\":\"https:\\\/\\\/yrdactivatedcarbon.com\\\/#website\"},\"primaryImageOfPage\":{\"@id\":\"https:\\\/\\\/yrdactivatedcarbon.com\\\/product\\\/columnar-activated-carbon\\\/#primaryimage\"},\"image\":{\"@id\":\"https:\\\/\\\/yrdactivatedcarbon.com\\\/product\\\/columnar-activated-carbon\\\/#primaryimage\"},\"thumbnailUrl\":\"https:\\\/\\\/yrdactivatedcarbon.com\\\/wp-content\\\/uploads\\\/2025\\\/10\\\/Columnar-Activated-Carbon.webp\",\"datePublished\":\"2025-10-17T09:11:37+00:00\",\"dateModified\":\"2025-12-03T09:44:47+00:00\",\"description\":\"Durable columnar activated carbon for water, air and gas purification. High strength, low pressure drop, customizable sizes. YRD \u2013 reliable global supply.\",\"breadcrumb\":{\"@id\":\"https:\\\/\\\/yrdactivatedcarbon.com\\\/product\\\/columnar-activated-carbon\\\/#breadcrumb\"},\"inLanguage\":\"da-DK\",\"potentialAction\":[{\"@type\":\"ReadAction\",\"target\":[\"https:\\\/\\\/yrdactivatedcarbon.com\\\/product\\\/columnar-activated-carbon\\\/\"]}]},{\"@type\":\"ImageObject\",\"inLanguage\":\"da-DK\",\"@id\":\"https:\\\/\\\/yrdactivatedcarbon.com\\\/product\\\/columnar-activated-carbon\\\/#primaryimage\",\"url\":\"https:\\\/\\\/yrdactivatedcarbon.com\\\/wp-content\\\/uploads\\\/2025\\\/10\\\/Columnar-Activated-Carbon.webp\",\"contentUrl\":\"https:\\\/\\\/yrdactivatedcarbon.com\\\/wp-content\\\/uploads\\\/2025\\\/10\\\/Columnar-Activated-Carbon.webp\",\"width\":1500,\"height\":1500},{\"@type\":\"BreadcrumbList\",\"@id\":\"https:\\\/\\\/yrdactivatedcarbon.com\\\/product\\\/columnar-activated-carbon\\\/#breadcrumb\",\"itemListElement\":[{\"@type\":\"ListItem\",\"position\":1,\"name\":\"\u9996\u9875\",\"item\":\"https:\\\/\\\/yrdactivatedcarbon.com\\\/\"},{\"@type\":\"ListItem\",\"position\":2,\"name\":\"Products\",\"item\":\"https:\\\/\\\/yrdactivatedcarbon.com\\\/shop__trashed\\\/\"},{\"@type\":\"ListItem\",\"position\":3,\"name\":\"Columnar Activated Carbon\"}]},{\"@type\":\"WebSite\",\"@id\":\"https:\\\/\\\/yrdactivatedcarbon.com\\\/#website\",\"url\":\"https:\\\/\\\/yrdactivatedcarbon.com\\\/\",\"name\":\"\",\"description\":\"\",\"publisher\":{\"@id\":\"https:\\\/\\\/yrdactivatedcarbon.com\\\/#\\\/schema\\\/person\\\/581e0ef9031155afdeefbcd492460987\"},\"potentialAction\":[{\"@type\":\"SearchAction\",\"target\":{\"@type\":\"EntryPoint\",\"urlTemplate\":\"https:\\\/\\\/yrdactivatedcarbon.com\\\/?s={search_term_string}\"},\"query-input\":{\"@type\":\"PropertyValueSpecification\",\"valueRequired\":true,\"valueName\":\"search_term_string\"}}],\"inLanguage\":\"da-DK\"},{\"@type\":[\"Person\",\"Organization\"],\"@id\":\"https:\\\/\\\/yrdactivatedcarbon.com\\\/#\\\/schema\\\/person\\\/581e0ef9031155afdeefbcd492460987\",\"name\":\"Admin\",\"image\":{\"@type\":\"ImageObject\",\"inLanguage\":\"da-DK\",\"@id\":\"https:\\\/\\\/yrdactivatedcarbon.com\\\/wp-content\\\/uploads\\\/2025\\\/10\\\/cropped-cropped-cropped-cropped-cropped-Gemini_Generated_Image_csnat5csnat5csna-removebg-preview.png\",\"url\":\"https:\\\/\\\/yrdactivatedcarbon.com\\\/wp-content\\\/uploads\\\/2025\\\/10\\\/cropped-cropped-cropped-cropped-cropped-Gemini_Generated_Image_csnat5csnat5csna-removebg-preview.png\",\"contentUrl\":\"https:\\\/\\\/yrdactivatedcarbon.com\\\/wp-content\\\/uploads\\\/2025\\\/10\\\/cropped-cropped-cropped-cropped-cropped-Gemini_Generated_Image_csnat5csnat5csna-removebg-preview.png\",\"width\":304,\"height\":88,\"caption\":\"Admin\"},\"logo\":{\"@id\":\"https:\\\/\\\/yrdactivatedcarbon.com\\\/wp-content\\\/uploads\\\/2025\\\/10\\\/cropped-cropped-cropped-cropped-cropped-Gemini_Generated_Image_csnat5csnat5csna-removebg-preview.png\"},\"sameAs\":[\"https:\\\/\\\/yrdactivatedcarbon.com\"],\"publishingPrinciples\":\"https:\\\/\\\/yrdactivatedcarbon.com\\\/\",\"ownershipFundingInfo\":\"https:\\\/\\\/yrdactivatedcarbon.com\\\/\"}]}<\/script>\n<!-- \/ Yoast SEO Premium plugin. -->","yoast_head_json":{"title":"S\u00f8jleformet aktivt kul","description":"Holdbart s\u00f8jleformet aktivt kul til vand-, luft- og gasrensning. H\u00f8j styrke, lavt trykfald, st\u00f8rrelser, der kan tilpasses. YRD - p\u00e5lidelig global forsyning.","robots":{"index":"index","follow":"follow","max-snippet":"max-snippet:-1","max-image-preview":"max-image-preview:large","max-video-preview":"max-video-preview:-1"},"canonical":"https:\/\/yrdactivatedcarbon.com\/da\/product\/sojleformet-aktivt-kul\/","og_locale":"da_DK","og_type":"article","og_title":"Columnar Activated Carbon","og_description":"Durable columnar activated carbon for water, air and gas purification. High strength, low pressure drop, customizable sizes. YRD \u2013 reliable global supply.","og_url":"https:\/\/yrdactivatedcarbon.com\/da\/product\/sojleformet-aktivt-kul\/","article_modified_time":"2025-12-03T09:44:47+00:00","og_image":[{"width":1500,"height":1500,"url":"http:\/\/yrdactivatedcarbon.com\/wp-content\/uploads\/2025\/10\/Columnar-Activated-Carbon.webp","type":"image\/webp"}],"twitter_card":"summary_large_image","twitter_misc":{"Estimeret l\u00e6setid":"3 minutter"},"schema":{"@context":"https:\/\/schema.org","@graph":[{"@type":"WebPage","@id":"https:\/\/yrdactivatedcarbon.com\/product\/columnar-activated-carbon\/","url":"https:\/\/yrdactivatedcarbon.com\/product\/columnar-activated-carbon\/","name":"S\u00f8jleformet aktivt kul","isPartOf":{"@id":"https:\/\/yrdactivatedcarbon.com\/#website"},"primaryImageOfPage":{"@id":"https:\/\/yrdactivatedcarbon.com\/product\/columnar-activated-carbon\/#primaryimage"},"image":{"@id":"https:\/\/yrdactivatedcarbon.com\/product\/columnar-activated-carbon\/#primaryimage"},"thumbnailUrl":"https:\/\/yrdactivatedcarbon.com\/wp-content\/uploads\/2025\/10\/Columnar-Activated-Carbon.webp","datePublished":"2025-10-17T09:11:37+00:00","dateModified":"2025-12-03T09:44:47+00:00","description":"Holdbart s\u00f8jleformet aktivt kul til vand-, luft- og gasrensning. H\u00f8j styrke, lavt trykfald, st\u00f8rrelser, der kan tilpasses. YRD - p\u00e5lidelig global forsyning.","breadcrumb":{"@id":"https:\/\/yrdactivatedcarbon.com\/product\/columnar-activated-carbon\/#breadcrumb"},"inLanguage":"da-DK","potentialAction":[{"@type":"ReadAction","target":["https:\/\/yrdactivatedcarbon.com\/product\/columnar-activated-carbon\/"]}]},{"@type":"ImageObject","inLanguage":"da-DK","@id":"https:\/\/yrdactivatedcarbon.com\/product\/columnar-activated-carbon\/#primaryimage","url":"https:\/\/yrdactivatedcarbon.com\/wp-content\/uploads\/2025\/10\/Columnar-Activated-Carbon.webp","contentUrl":"https:\/\/yrdactivatedcarbon.com\/wp-content\/uploads\/2025\/10\/Columnar-Activated-Carbon.webp","width":1500,"height":1500},{"@type":"BreadcrumbList","@id":"https:\/\/yrdactivatedcarbon.com\/product\/columnar-activated-carbon\/#breadcrumb","itemListElement":[{"@type":"ListItem","position":1,"name":"\u9996\u9875","item":"https:\/\/yrdactivatedcarbon.com\/"},{"@type":"ListItem","position":2,"name":"Products","item":"https:\/\/yrdactivatedcarbon.com\/shop__trashed\/"},{"@type":"ListItem","position":3,"name":"Columnar Activated Carbon"}]},{"@type":"WebSite","@id":"https:\/\/yrdactivatedcarbon.com\/#website","url":"https:\/\/yrdactivatedcarbon.com\/","name":"","description":"","publisher":{"@id":"https:\/\/yrdactivatedcarbon.com\/#\/schema\/person\/581e0ef9031155afdeefbcd492460987"},"potentialAction":[{"@type":"SearchAction","target":{"@type":"EntryPoint","urlTemplate":"https:\/\/yrdactivatedcarbon.com\/?s={search_term_string}"},"query-input":{"@type":"PropertyValueSpecification","valueRequired":true,"valueName":"search_term_string"}}],"inLanguage":"da-DK"},{"@type":["Person","Organization"],"@id":"https:\/\/yrdactivatedcarbon.com\/#\/schema\/person\/581e0ef9031155afdeefbcd492460987","name":"Administrator","image":{"@type":"ImageObject","inLanguage":"da-DK","@id":"https:\/\/yrdactivatedcarbon.com\/wp-content\/uploads\/2025\/10\/cropped-cropped-cropped-cropped-cropped-Gemini_Generated_Image_csnat5csnat5csna-removebg-preview.png","url":"https:\/\/yrdactivatedcarbon.com\/wp-content\/uploads\/2025\/10\/cropped-cropped-cropped-cropped-cropped-Gemini_Generated_Image_csnat5csnat5csna-removebg-preview.png","contentUrl":"https:\/\/yrdactivatedcarbon.com\/wp-content\/uploads\/2025\/10\/cropped-cropped-cropped-cropped-cropped-Gemini_Generated_Image_csnat5csnat5csna-removebg-preview.png","width":304,"height":88,"caption":"Admin"},"logo":{"@id":"https:\/\/yrdactivatedcarbon.com\/wp-content\/uploads\/2025\/10\/cropped-cropped-cropped-cropped-cropped-Gemini_Generated_Image_csnat5csnat5csna-removebg-preview.png"},"sameAs":["https:\/\/yrdactivatedcarbon.com"],"publishingPrinciples":"https:\/\/yrdactivatedcarbon.com\/","ownershipFundingInfo":"https:\/\/yrdactivatedcarbon.com\/"}]}},"_links":{"self":[{"href":"https:\/\/yrdactivatedcarbon.com\/da\/wp-json\/wp\/v2\/product\/1141","targetHints":{"allow":["GET"]}}],"collection":[{"href":"https:\/\/yrdactivatedcarbon.com\/da\/wp-json\/wp\/v2\/product"}],"about":[{"href":"https:\/\/yrdactivatedcarbon.com\/da\/wp-json\/wp\/v2\/types\/product"}],"version-history":[{"count":4,"href":"https:\/\/yrdactivatedcarbon.com\/da\/wp-json\/wp\/v2\/product\/1141\/revisions"}],"predecessor-version":[{"id":1371,"href":"https:\/\/yrdactivatedcarbon.com\/da\/wp-json\/wp\/v2\/product\/1141\/revisions\/1371"}],"wp:featuredmedia":[{"embeddable":true,"href":"https:\/\/yrdactivatedcarbon.com\/da\/wp-json\/wp\/v2\/media\/1370"}],"wp:attachment":[{"href":"https:\/\/yrdactivatedcarbon.com\/da\/wp-json\/wp\/v2\/media?parent=1141"}],"wp:term":[{"taxonomy":"product_brand","embeddable":true,"href":"https:\/\/yrdactivatedcarbon.com\/da\/wp-json\/wp\/v2\/product_brand?post=1141"},{"taxonomy":"product_cat","embeddable":true,"href":"https:\/\/yrdactivatedcarbon.com\/da\/wp-json\/wp\/v2\/product_cat?post=1141"},{"taxonomy":"product_tag","embeddable":true,"href":"https:\/\/yrdactivatedcarbon.com\/da\/wp-json\/wp\/v2\/product_tag?post=1141"}],"curies":[{"name":"wp","href":"https:\/\/api.w.org\/{rel}","templated":true}]}}