{"id":1143,"date":"2025-10-17T17:11:55","date_gmt":"2025-10-17T09:11:55","guid":{"rendered":"https:\/\/yrdactivatedcarbon.com\/?post_type=product&#038;p=1143"},"modified":"2025-12-03T17:44:05","modified_gmt":"2025-12-03T09:44:05","slug":"aktivt-kul-i-pulverform","status":"publish","type":"product","link":"https:\/\/yrdactivatedcarbon.com\/da\/product\/aktivt-kul-i-pulverform\/","title":{"rendered":"Pulveriseret aktivt kul (PAC)"},"content":{"rendered":"<p dir=\"auto\">Tekniske specifikationer<\/p>\n<table>\n<thead>\n<tr>\n<th data-col-size=\"lg\">Parameter<\/th>\n<th data-col-size=\"md\">Specifikation<\/th>\n<th data-col-size=\"sm\">Enhed<\/th>\n<th data-col-size=\"md\">Testmetode<\/th>\n<th data-col-size=\"xl\">Bem\u00e6rkninger<\/th>\n<\/tr>\n<\/thead>\n<tbody>\n<tr>\n<td data-col-size=\"lg\">Jod-v\u00e6rdi<\/td>\n<td data-col-size=\"md\">\u2265 1000<\/td>\n<td data-col-size=\"sm\">mg\/g<\/td>\n<td data-col-size=\"md\">ASTM D4607<\/td>\n<td data-col-size=\"xl\">Angiver adsorptionskapacitet for sm\u00e5 molekyler<\/td>\n<\/tr>\n<tr>\n<td data-col-size=\"lg\">Indhold af aske<\/td>\n<td data-col-size=\"md\">\u2264 5<\/td>\n<td data-col-size=\"sm\">%<\/td>\n<td data-col-size=\"md\">ASTM D2866<\/td>\n<td data-col-size=\"xl\">Lavt askeindhold sikrer renhed<\/td>\n<\/tr>\n<tr>\n<td data-col-size=\"lg\">Fugtindhold<\/td>\n<td data-col-size=\"md\">\u2264 8<\/td>\n<td data-col-size=\"sm\">%<\/td>\n<td data-col-size=\"md\">ASTM D2867<\/td>\n<td data-col-size=\"xl\">Som modtaget basis<\/td>\n<\/tr>\n<tr>\n<td data-col-size=\"lg\">pH-v\u00e6rdi<\/td>\n<td data-col-size=\"md\">6 &#8211; 10<\/td>\n<td data-col-size=\"sm\">&#8211;<\/td>\n<td data-col-size=\"md\">ASTM D3838<\/td>\n<td data-col-size=\"xl\">Neutral til let basisk<\/td>\n<\/tr>\n<tr>\n<td data-col-size=\"lg\">Fordeling af partikelst\u00f8rrelse<\/td>\n<td data-col-size=\"md\">95% gennem 325 mesh (44 \u03bcm)<\/td>\n<td data-col-size=\"sm\">%<\/td>\n<td data-col-size=\"md\">ASTM D2862<\/td>\n<td data-col-size=\"xl\">Fint pulver til nem blanding<\/td>\n<\/tr>\n<tr>\n<td data-col-size=\"lg\">Tilsyneladende t\u00e6thed<\/td>\n<td data-col-size=\"md\">0.45 &#8211; 0.55<\/td>\n<td data-col-size=\"sm\">g\/cc<\/td>\n<td data-col-size=\"md\">ASTM D2854<\/td>\n<td data-col-size=\"xl\">Massefylde<\/td>\n<\/tr>\n<tr>\n<td data-col-size=\"lg\">Methylenbl\u00e5 v\u00e6rdi<\/td>\n<td data-col-size=\"md\">\u2265 200<\/td>\n<td data-col-size=\"sm\">mg\/g<\/td>\n<td data-col-size=\"md\">JIS K1474<\/td>\n<td data-col-size=\"xl\">M\u00e5ler affarvningsevne<\/td>\n<\/tr>\n<tr>\n<td data-col-size=\"lg\">Vandopl\u00f8selig aske<\/td>\n<td data-col-size=\"md\">\u2264 1<\/td>\n<td data-col-size=\"sm\">%<\/td>\n<td data-col-size=\"md\">ASTM D5029<\/td>\n<td data-col-size=\"xl\">Minimerer udvaskning i applikationer<\/td>\n<\/tr>\n<tr>\n<td data-col-size=\"lg\">Overfladeareal (BET)<\/td>\n<td data-col-size=\"md\">\u2265 1000<\/td>\n<td data-col-size=\"sm\">m\u00b2\/g<\/td>\n<td data-col-size=\"md\">ASTM D6556<\/td>\n<td data-col-size=\"xl\">H\u00f8jt overfladeareal for forbedret adsorption<\/td>\n<\/tr>\n<\/tbody>\n<\/table>\n<p><a dir=\"auto\" style=\"display: inline-block; padding: 12px 28px; border-radius: 999px; background: #0067ff; color: #ffffff; font-size: 20px; font-weight: 600; text-decoration: none; cursor: pointer;\" href=\"mailto:info@yrdcarbon.com\">F\u00e5 gratis kvalitetspr\u00f8ver til test<\/a><\/p>","protected":false},"excerpt":{"rendered":"<p><a dir=\"auto\" style=\"display: inline-block; padding: 12px 28px; border-radius: 999px; background: #0067ff; color: #ffffff; font-size: 20px; font-weight: 600; text-decoration: none; cursor: pointer; \" href=\"mailto:info@yrdcarbon.com\">F\u00e5 gratis kvalitetspr\u00f8ver til test<\/a><\/p>\n<p dir=\"auto\">Pulveriseret aktivt kul (PAC) er en finmalet form for aktivt kul, der er kendt for sine enest\u00e5ende adsorptionsegenskaber. Vores PAC er fremstillet af r\u00e5materialer af h\u00f8j kvalitet som kokosn\u00f8ddeskaller eller tr\u00e6 og er designet til effektiv fjernelse af forurenende stoffer i vandbehandling, luftrensning og milj\u00f8tekniske anvendelser. Det giver overlegen ydeevne ved adsorbering af organiske forbindelser, lugt og urenheder, hvilket sikrer overholdelse af internationale standarder som AWWA, ASTM og NSF.<\/p>\n<h4 dir=\"auto\">Vigtige anvendelser og fordele<\/h4>\n<ul dir=\"auto\">\n<li><strong>Vandbehandling:<\/strong> Fjerner effektivt organiske forurenende stoffer, klor og smags- og lugtforbindelser i kommunale og industrielle vandsystemer, hvilket forbedrer vandkvaliteten og -sikkerheden.<\/li>\n<li><strong>Milj\u00f8teknik:<\/strong> Ideel til spildevandsbehandling, jordrensning og r\u00f8ggasrensning, hvilket bidrager til en b\u00e6redygtig milj\u00f8praksis.<\/li>\n<li><strong>Konkurrencem\u00e6ssige fordele:<\/strong> H\u00f8jt jodtal for overlegen adsorption, lavt askeindhold for at minimere urenheder og fin partikelst\u00f8rrelse for hurtig spredning og effektivitet. Dette resulterer i omkostningsbesparelser gennem reducerede doseringskrav og forbedret procesydelse.<\/li>\n<\/ul>","protected":false},"featured_media":1375,"template":"","meta":{"site-sidebar-layout":"default","site-content-layout":"","ast-site-content-layout":"default","site-content-style":"default","site-sidebar-style":"default","ast-global-header-display":"","ast-banner-title-visibility":"","ast-main-header-display":"","ast-hfb-above-header-display":"","ast-hfb-below-header-display":"","ast-hfb-mobile-header-display":"","site-post-title":"","ast-breadcrumbs-content":"","ast-featured-img":"","footer-sml-layout":"","ast-disable-related-posts":"","theme-transparent-header-meta":"default","adv-header-id-meta":"","stick-header-meta":"","header-above-stick-meta":"","header-main-stick-meta":"","header-below-stick-meta":"","astra-migrate-meta-layouts":"set","ast-page-background-enabled":"default","ast-page-background-meta":{"desktop":{"background-color":"var(--ast-global-color-4)","background-image":"","background-repeat":"repeat","background-position":"center center","background-size":"auto","background-attachment":"scroll","background-type":"","background-media":"","overlay-type":"","overlay-color":"","overlay-opacity":"","overlay-gradient":""},"tablet":{"background-color":"","background-image":"","background-repeat":"repeat","background-position":"center center","background-size":"auto","background-attachment":"scroll","background-type":"","background-media":"","overlay-type":"","overlay-color":"","overlay-opacity":"","overlay-gradient":""},"mobile":{"background-color":"","background-image":"","background-repeat":"repeat","background-position":"center center","background-size":"auto","background-attachment":"scroll","background-type":"","background-media":"","overlay-type":"","overlay-color":"","overlay-opacity":"","overlay-gradient":""}},"ast-content-background-meta":{"desktop":{"background-color":"var(--ast-global-color-5)","background-image":"","background-repeat":"repeat","background-position":"center center","background-size":"auto","background-attachment":"scroll","background-type":"","background-media":"","overlay-type":"","overlay-color":"","overlay-opacity":"","overlay-gradient":""},"tablet":{"background-color":"var(--ast-global-color-5)","background-image":"","background-repeat":"repeat","background-position":"center center","background-size":"auto","background-attachment":"scroll","background-type":"","background-media":"","overlay-type":"","overlay-color":"","overlay-opacity":"","overlay-gradient":""},"mobile":{"background-color":"var(--ast-global-color-5)","background-image":"","background-repeat":"repeat","background-position":"center center","background-size":"auto","background-attachment":"scroll","background-type":"","background-media":"","overlay-type":"","overlay-color":"","overlay-opacity":"","overlay-gradient":""}}},"product_brand":[],"product_cat":[15],"product_tag":[],"class_list":{"0":"post-1143","1":"product","2":"type-product","3":"status-publish","4":"has-post-thumbnail","6":"product_cat-activated-carbon-series","7":"desktop-align-left","8":"tablet-align-left","9":"mobile-align-left","11":"first","12":"instock","13":"featured","14":"shipping-taxable","15":"product-type-simple"},"yoast_head":"<!-- This site is optimized with the Yoast SEO Premium plugin v26.0 (Yoast SEO v27.4) - https:\/\/yoast.com\/product\/yoast-seo-premium-wordpress\/ -->\n<title>Powdered Activated Carbon (PAC)<\/title>\n<meta name=\"description\" content=\"Powdered activated carbon (PAC) for water purification, wastewater treatment &amp; industrial adsorption. High purity, fast kinetics, global supply.\" \/>\n<meta name=\"robots\" content=\"index, follow, max-snippet:-1, max-image-preview:large, max-video-preview:-1\" \/>\n<link rel=\"canonical\" href=\"https:\/\/yrdactivatedcarbon.com\/da\/product\/aktivt-kul-i-pulverform\/\" \/>\n<meta property=\"og:locale\" content=\"da_DK\" \/>\n<meta property=\"og:type\" content=\"article\" \/>\n<meta property=\"og:title\" content=\"Powdered Activated Carbon (PAC)\" \/>\n<meta property=\"og:description\" content=\"Powdered activated carbon (PAC) for water purification, wastewater treatment &amp; industrial adsorption. High purity, fast kinetics, global supply.\" \/>\n<meta property=\"og:url\" content=\"https:\/\/yrdactivatedcarbon.com\/da\/product\/aktivt-kul-i-pulverform\/\" \/>\n<meta property=\"article:modified_time\" content=\"2025-12-03T09:44:05+00:00\" \/>\n<meta property=\"og:image\" content=\"http:\/\/yrdactivatedcarbon.com\/wp-content\/uploads\/2025\/10\/Coal-based-Powder-activated-carbon.jpg\" \/>\n\t<meta property=\"og:image:width\" content=\"768\" \/>\n\t<meta property=\"og:image:height\" content=\"480\" \/>\n\t<meta property=\"og:image:type\" content=\"image\/jpeg\" \/>\n<meta name=\"twitter:card\" content=\"summary_large_image\" \/>\n<meta name=\"twitter:label1\" content=\"Estimeret l\u00e6setid\" \/>\n\t<meta name=\"twitter:data1\" content=\"1 minut\" \/>\n<script type=\"application\/ld+json\" class=\"yoast-schema-graph\">{\"@context\":\"https:\\\/\\\/schema.org\",\"@graph\":[{\"@type\":\"WebPage\",\"@id\":\"https:\\\/\\\/yrdactivatedcarbon.com\\\/product\\\/powdered-activated-carbon-pac\\\/\",\"url\":\"https:\\\/\\\/yrdactivatedcarbon.com\\\/product\\\/powdered-activated-carbon-pac\\\/\",\"name\":\"Powdered Activated Carbon (PAC)\",\"isPartOf\":{\"@id\":\"https:\\\/\\\/yrdactivatedcarbon.com\\\/#website\"},\"primaryImageOfPage\":{\"@id\":\"https:\\\/\\\/yrdactivatedcarbon.com\\\/product\\\/powdered-activated-carbon-pac\\\/#primaryimage\"},\"image\":{\"@id\":\"https:\\\/\\\/yrdactivatedcarbon.com\\\/product\\\/powdered-activated-carbon-pac\\\/#primaryimage\"},\"thumbnailUrl\":\"https:\\\/\\\/yrdactivatedcarbon.com\\\/wp-content\\\/uploads\\\/2025\\\/10\\\/Coal-based-Powder-activated-carbon.jpg\",\"datePublished\":\"2025-10-17T09:11:55+00:00\",\"dateModified\":\"2025-12-03T09:44:05+00:00\",\"description\":\"Powdered activated carbon (PAC) for water purification, wastewater treatment & industrial adsorption. High purity, fast kinetics, global supply.\",\"breadcrumb\":{\"@id\":\"https:\\\/\\\/yrdactivatedcarbon.com\\\/product\\\/powdered-activated-carbon-pac\\\/#breadcrumb\"},\"inLanguage\":\"da-DK\",\"potentialAction\":[{\"@type\":\"ReadAction\",\"target\":[\"https:\\\/\\\/yrdactivatedcarbon.com\\\/product\\\/powdered-activated-carbon-pac\\\/\"]}]},{\"@type\":\"ImageObject\",\"inLanguage\":\"da-DK\",\"@id\":\"https:\\\/\\\/yrdactivatedcarbon.com\\\/product\\\/powdered-activated-carbon-pac\\\/#primaryimage\",\"url\":\"https:\\\/\\\/yrdactivatedcarbon.com\\\/wp-content\\\/uploads\\\/2025\\\/10\\\/Coal-based-Powder-activated-carbon.jpg\",\"contentUrl\":\"https:\\\/\\\/yrdactivatedcarbon.com\\\/wp-content\\\/uploads\\\/2025\\\/10\\\/Coal-based-Powder-activated-carbon.jpg\",\"width\":768,\"height\":480},{\"@type\":\"BreadcrumbList\",\"@id\":\"https:\\\/\\\/yrdactivatedcarbon.com\\\/product\\\/powdered-activated-carbon-pac\\\/#breadcrumb\",\"itemListElement\":[{\"@type\":\"ListItem\",\"position\":1,\"name\":\"\u9996\u9875\",\"item\":\"https:\\\/\\\/yrdactivatedcarbon.com\\\/\"},{\"@type\":\"ListItem\",\"position\":2,\"name\":\"Products\",\"item\":\"https:\\\/\\\/yrdactivatedcarbon.com\\\/shop__trashed\\\/\"},{\"@type\":\"ListItem\",\"position\":3,\"name\":\"Powdered Activated Carbon (PAC)\"}]},{\"@type\":\"WebSite\",\"@id\":\"https:\\\/\\\/yrdactivatedcarbon.com\\\/#website\",\"url\":\"https:\\\/\\\/yrdactivatedcarbon.com\\\/\",\"name\":\"\",\"description\":\"\",\"publisher\":{\"@id\":\"https:\\\/\\\/yrdactivatedcarbon.com\\\/#\\\/schema\\\/person\\\/581e0ef9031155afdeefbcd492460987\"},\"potentialAction\":[{\"@type\":\"SearchAction\",\"target\":{\"@type\":\"EntryPoint\",\"urlTemplate\":\"https:\\\/\\\/yrdactivatedcarbon.com\\\/?s={search_term_string}\"},\"query-input\":{\"@type\":\"PropertyValueSpecification\",\"valueRequired\":true,\"valueName\":\"search_term_string\"}}],\"inLanguage\":\"da-DK\"},{\"@type\":[\"Person\",\"Organization\"],\"@id\":\"https:\\\/\\\/yrdactivatedcarbon.com\\\/#\\\/schema\\\/person\\\/581e0ef9031155afdeefbcd492460987\",\"name\":\"Admin\",\"image\":{\"@type\":\"ImageObject\",\"inLanguage\":\"da-DK\",\"@id\":\"https:\\\/\\\/yrdactivatedcarbon.com\\\/wp-content\\\/uploads\\\/2025\\\/10\\\/cropped-cropped-cropped-cropped-cropped-Gemini_Generated_Image_csnat5csnat5csna-removebg-preview.png\",\"url\":\"https:\\\/\\\/yrdactivatedcarbon.com\\\/wp-content\\\/uploads\\\/2025\\\/10\\\/cropped-cropped-cropped-cropped-cropped-Gemini_Generated_Image_csnat5csnat5csna-removebg-preview.png\",\"contentUrl\":\"https:\\\/\\\/yrdactivatedcarbon.com\\\/wp-content\\\/uploads\\\/2025\\\/10\\\/cropped-cropped-cropped-cropped-cropped-Gemini_Generated_Image_csnat5csnat5csna-removebg-preview.png\",\"width\":304,\"height\":88,\"caption\":\"Admin\"},\"logo\":{\"@id\":\"https:\\\/\\\/yrdactivatedcarbon.com\\\/wp-content\\\/uploads\\\/2025\\\/10\\\/cropped-cropped-cropped-cropped-cropped-Gemini_Generated_Image_csnat5csnat5csna-removebg-preview.png\"},\"sameAs\":[\"https:\\\/\\\/yrdactivatedcarbon.com\"],\"publishingPrinciples\":\"https:\\\/\\\/yrdactivatedcarbon.com\\\/\",\"ownershipFundingInfo\":\"https:\\\/\\\/yrdactivatedcarbon.com\\\/\"}]}<\/script>\n<!-- \/ Yoast SEO Premium plugin. -->","yoast_head_json":{"title":"Pulveriseret aktivt kul (PAC)","description":"Pulveriseret aktivt kul (PAC) til vandrensning, spildevandsbehandling og industriel adsorption. H\u00f8j renhed, hurtig kinetik, global forsyning.","robots":{"index":"index","follow":"follow","max-snippet":"max-snippet:-1","max-image-preview":"max-image-preview:large","max-video-preview":"max-video-preview:-1"},"canonical":"https:\/\/yrdactivatedcarbon.com\/da\/product\/aktivt-kul-i-pulverform\/","og_locale":"da_DK","og_type":"article","og_title":"Powdered Activated Carbon (PAC)","og_description":"Powdered activated carbon (PAC) for water purification, wastewater treatment & industrial adsorption. High purity, fast kinetics, global supply.","og_url":"https:\/\/yrdactivatedcarbon.com\/da\/product\/aktivt-kul-i-pulverform\/","article_modified_time":"2025-12-03T09:44:05+00:00","og_image":[{"width":768,"height":480,"url":"http:\/\/yrdactivatedcarbon.com\/wp-content\/uploads\/2025\/10\/Coal-based-Powder-activated-carbon.jpg","type":"image\/jpeg"}],"twitter_card":"summary_large_image","twitter_misc":{"Estimeret l\u00e6setid":"1 minut"},"schema":{"@context":"https:\/\/schema.org","@graph":[{"@type":"WebPage","@id":"https:\/\/yrdactivatedcarbon.com\/product\/powdered-activated-carbon-pac\/","url":"https:\/\/yrdactivatedcarbon.com\/product\/powdered-activated-carbon-pac\/","name":"Pulveriseret aktivt kul (PAC)","isPartOf":{"@id":"https:\/\/yrdactivatedcarbon.com\/#website"},"primaryImageOfPage":{"@id":"https:\/\/yrdactivatedcarbon.com\/product\/powdered-activated-carbon-pac\/#primaryimage"},"image":{"@id":"https:\/\/yrdactivatedcarbon.com\/product\/powdered-activated-carbon-pac\/#primaryimage"},"thumbnailUrl":"https:\/\/yrdactivatedcarbon.com\/wp-content\/uploads\/2025\/10\/Coal-based-Powder-activated-carbon.jpg","datePublished":"2025-10-17T09:11:55+00:00","dateModified":"2025-12-03T09:44:05+00:00","description":"Pulveriseret aktivt kul (PAC) til vandrensning, spildevandsbehandling og industriel adsorption. H\u00f8j renhed, hurtig kinetik, global forsyning.","breadcrumb":{"@id":"https:\/\/yrdactivatedcarbon.com\/product\/powdered-activated-carbon-pac\/#breadcrumb"},"inLanguage":"da-DK","potentialAction":[{"@type":"ReadAction","target":["https:\/\/yrdactivatedcarbon.com\/product\/powdered-activated-carbon-pac\/"]}]},{"@type":"ImageObject","inLanguage":"da-DK","@id":"https:\/\/yrdactivatedcarbon.com\/product\/powdered-activated-carbon-pac\/#primaryimage","url":"https:\/\/yrdactivatedcarbon.com\/wp-content\/uploads\/2025\/10\/Coal-based-Powder-activated-carbon.jpg","contentUrl":"https:\/\/yrdactivatedcarbon.com\/wp-content\/uploads\/2025\/10\/Coal-based-Powder-activated-carbon.jpg","width":768,"height":480},{"@type":"BreadcrumbList","@id":"https:\/\/yrdactivatedcarbon.com\/product\/powdered-activated-carbon-pac\/#breadcrumb","itemListElement":[{"@type":"ListItem","position":1,"name":"\u9996\u9875","item":"https:\/\/yrdactivatedcarbon.com\/"},{"@type":"ListItem","position":2,"name":"Products","item":"https:\/\/yrdactivatedcarbon.com\/shop__trashed\/"},{"@type":"ListItem","position":3,"name":"Powdered Activated Carbon (PAC)"}]},{"@type":"WebSite","@id":"https:\/\/yrdactivatedcarbon.com\/#website","url":"https:\/\/yrdactivatedcarbon.com\/","name":"","description":"","publisher":{"@id":"https:\/\/yrdactivatedcarbon.com\/#\/schema\/person\/581e0ef9031155afdeefbcd492460987"},"potentialAction":[{"@type":"SearchAction","target":{"@type":"EntryPoint","urlTemplate":"https:\/\/yrdactivatedcarbon.com\/?s={search_term_string}"},"query-input":{"@type":"PropertyValueSpecification","valueRequired":true,"valueName":"search_term_string"}}],"inLanguage":"da-DK"},{"@type":["Person","Organization"],"@id":"https:\/\/yrdactivatedcarbon.com\/#\/schema\/person\/581e0ef9031155afdeefbcd492460987","name":"Administrator","image":{"@type":"ImageObject","inLanguage":"da-DK","@id":"https:\/\/yrdactivatedcarbon.com\/wp-content\/uploads\/2025\/10\/cropped-cropped-cropped-cropped-cropped-Gemini_Generated_Image_csnat5csnat5csna-removebg-preview.png","url":"https:\/\/yrdactivatedcarbon.com\/wp-content\/uploads\/2025\/10\/cropped-cropped-cropped-cropped-cropped-Gemini_Generated_Image_csnat5csnat5csna-removebg-preview.png","contentUrl":"https:\/\/yrdactivatedcarbon.com\/wp-content\/uploads\/2025\/10\/cropped-cropped-cropped-cropped-cropped-Gemini_Generated_Image_csnat5csnat5csna-removebg-preview.png","width":304,"height":88,"caption":"Admin"},"logo":{"@id":"https:\/\/yrdactivatedcarbon.com\/wp-content\/uploads\/2025\/10\/cropped-cropped-cropped-cropped-cropped-Gemini_Generated_Image_csnat5csnat5csna-removebg-preview.png"},"sameAs":["https:\/\/yrdactivatedcarbon.com"],"publishingPrinciples":"https:\/\/yrdactivatedcarbon.com\/","ownershipFundingInfo":"https:\/\/yrdactivatedcarbon.com\/"}]}},"_links":{"self":[{"href":"https:\/\/yrdactivatedcarbon.com\/da\/wp-json\/wp\/v2\/product\/1143","targetHints":{"allow":["GET"]}}],"collection":[{"href":"https:\/\/yrdactivatedcarbon.com\/da\/wp-json\/wp\/v2\/product"}],"about":[{"href":"https:\/\/yrdactivatedcarbon.com\/da\/wp-json\/wp\/v2\/types\/product"}],"version-history":[{"count":4,"href":"https:\/\/yrdactivatedcarbon.com\/da\/wp-json\/wp\/v2\/product\/1143\/revisions"}],"predecessor-version":[{"id":1376,"href":"https:\/\/yrdactivatedcarbon.com\/da\/wp-json\/wp\/v2\/product\/1143\/revisions\/1376"}],"wp:featuredmedia":[{"embeddable":true,"href":"https:\/\/yrdactivatedcarbon.com\/da\/wp-json\/wp\/v2\/media\/1375"}],"wp:attachment":[{"href":"https:\/\/yrdactivatedcarbon.com\/da\/wp-json\/wp\/v2\/media?parent=1143"}],"wp:term":[{"taxonomy":"product_brand","embeddable":true,"href":"https:\/\/yrdactivatedcarbon.com\/da\/wp-json\/wp\/v2\/product_brand?post=1143"},{"taxonomy":"product_cat","embeddable":true,"href":"https:\/\/yrdactivatedcarbon.com\/da\/wp-json\/wp\/v2\/product_cat?post=1143"},{"taxonomy":"product_tag","embeddable":true,"href":"https:\/\/yrdactivatedcarbon.com\/da\/wp-json\/wp\/v2\/product_tag?post=1143"}],"curies":[{"name":"wp","href":"https:\/\/api.w.org\/{rel}","templated":true}]}}