{"id":1155,"date":"2025-10-17T17:15:33","date_gmt":"2025-10-17T09:15:33","guid":{"rendered":"https:\/\/yrdactivatedcarbon.com\/?post_type=product&#038;p=1155"},"modified":"2025-12-03T17:33:55","modified_gmt":"2025-12-03T09:33:55","slug":"polyakrylamid-pam","status":"publish","type":"product","link":"https:\/\/yrdactivatedcarbon.com\/da\/product\/polyakrylamid-pam\/","title":{"rendered":"Polyakrylamid (PAM)"},"content":{"rendered":"<div data-elementor-type=\"product-post\" data-elementor-id=\"1155\" class=\"elementor elementor-1155\" data-elementor-post-type=\"product\">\n\t\t\t\t<div class=\"elementor-element elementor-element-343f7d33 e-flex e-con-boxed e-con e-parent\" data-id=\"343f7d33\" data-element_type=\"container\" data-e-type=\"container\">\n\t\t\t\t\t<div class=\"e-con-inner\">\n\t\t\t\t<div class=\"elementor-element elementor-element-5afeabae elementor-widget elementor-widget-text-editor\" data-id=\"5afeabae\" data-element_type=\"widget\" data-e-type=\"widget\" data-widget_type=\"text-editor.default\">\n\t\t\t\t<div class=\"elementor-widget-container\">\n\t\t\t\t\t\t\t\t\t<h2 dir=\"auto\">Kemiske og fysiske egenskaber<\/h2><p dir=\"auto\">Anionisk polyakrylamid er en line\u00e6r polymer med den kemiske formel (C\u2083H\u2085NO)\u2099, der har negativt ladede carboxylatgrupper, som forbedrer dens interaktion med positivt ladede partikler i suspensioner.<\/p><table><thead><tr><th data-col-size=\"lg\">Ejendom<\/th><th data-col-size=\"lg\">Specifikation<\/th><th data-col-size=\"md\">Testmetode<\/th><\/tr><\/thead><tbody><tr><td data-col-size=\"lg\">Udseende<\/td><td data-col-size=\"lg\">Hvidt eller r\u00e5hvidt granuleret pulver<\/td><td data-col-size=\"md\">Visuel<\/td><\/tr><tr><td data-col-size=\"lg\">CAS-nummer<\/td><td data-col-size=\"lg\">9003-05-8<\/td><td data-col-size=\"md\">&#8211;<\/td><\/tr><tr><td data-col-size=\"lg\">Molekylv\u00e6gt<\/td><td data-col-size=\"lg\">8-20 millioner (kan tilpasses: lav, mellem, h\u00f8j)<\/td><td data-col-size=\"md\">Viskosimetri<\/td><\/tr><tr><td data-col-size=\"lg\">Grad af hydrolyse (%)<\/td><td data-col-size=\"lg\">10-30 (medium ladningst\u00e6thed)<\/td><td data-col-size=\"md\">Titrering<\/td><\/tr><tr><td data-col-size=\"lg\">Fast indhold (%)<\/td><td data-col-size=\"lg\">\u226590<\/td><td data-col-size=\"md\">Gravimetrisk<\/td><\/tr><tr><td data-col-size=\"lg\">pH (1%-opl\u00f8sning ved 25 \u00b0C)<\/td><td data-col-size=\"lg\">6-8<\/td><td data-col-size=\"md\">pH-m\u00e5ler<\/td><\/tr><tr><td data-col-size=\"lg\">Resterende akrylamid (%)<\/td><td data-col-size=\"lg\">\u22640.05<\/td><td data-col-size=\"md\">HPLC<\/td><\/tr><tr><td data-col-size=\"lg\">Opl\u00f8selighed<\/td><td data-col-size=\"lg\">Fuldt opl\u00f8seligt i vand; uopl\u00f8seligt i organiske opl\u00f8sningsmidler som alkohol, acetone, benzen<\/td><td data-col-size=\"md\">Opl\u00f8sningstest<\/td><\/tr><tr><td data-col-size=\"lg\">Massefylde (g\/cm\u00b3)<\/td><td data-col-size=\"lg\">0.6-0.8<\/td><td data-col-size=\"md\">ASTM D1895<\/td><\/tr><tr><td data-col-size=\"lg\">Viskositet (0,5%-opl\u00f8sning, cps)<\/td><td data-col-size=\"lg\">200-400 (Brookfield-viskosimeter)<\/td><td data-col-size=\"md\">Brookfield RV<\/td><\/tr><tr><td data-col-size=\"lg\">Ionisk karakter<\/td><td data-col-size=\"lg\">Anionisk<\/td><td data-col-size=\"md\">&#8211;<\/td><\/tr><\/tbody><\/table><h2 dir=\"auto\">Karakteristika for ydeevne<\/h2><p dir=\"auto\">Vores anioniske PAM udm\u00e6rker sig ved sin flokkuleringseffektivitet og reducerer turbiditet og suspenderede stoffer med op til 95% i typiske vandbehandlingsscenarier. Konkurrencem\u00e6ssig benchmarking i forhold til f\u00f8rende producenter (f.eks. SNF Floerger, BASF, Kemira) viser overlegen viskositetsopbygning og lavere doseringsbehov (0,1-1 ppm mod branchens gennemsnit p\u00e5 0,5-2 ppm), hvilket f\u00f8rer til omkostningsbesparelser p\u00e5 15-20%.<\/p><ul dir=\"auto\"><li><strong>Flokkuleringseffektivitet<\/strong>: Danner store, stabile flokke til hurtig bundf\u00e6ldning; effektiv i pH-omr\u00e5det 4-10.<\/li><li><strong>Modstand mod forskydning<\/strong>: Bevarer integriteten under h\u00f8j forskydning, ideel til pumpning og blanding.<\/li><li><strong>Temperaturstabilitet<\/strong>: Fungerer fra 0-80\u00b0C uden nedbrydning.<\/li><li><strong>Tolerance over for salt<\/strong>: Fungerer godt i brakvand (op til 5.000 ppm TDS).<\/li><li><strong>Milj\u00f8p\u00e5virkning<\/strong>: Bionedbrydeligt under aerobe forhold; lav giftighed for vandlevende organismer (LC50 &gt;100 mg\/L).<\/li><\/ul><p dir=\"auto\">Anvendelsesspecifikke fordele:<\/p><ul dir=\"auto\"><li><strong>Vandbehandling<\/strong>: Forbedrer rensningen af kommunalt og industrielt spildevand og reducerer slamm\u00e6ngden med 20-30%.<\/li><li><strong>Indvinding af olie (EOR)<\/strong>: \u00d8ger viskositeten for bedre fejeeffektivitet og forbedrer olieudbyttet med 10-15%.<\/li><li><strong>Minedrift og metallurgi<\/strong>: Hj\u00e6lper med h\u00e5ndtering af tailings, minimerer vandforbrug og milj\u00f8udledning.<\/li><li><strong>Fremstilling af papir<\/strong>: Forbedrer fastholdelse og dr\u00e6ning, hvilket \u00f8ger produktionshastigheden med 5-10%.<\/li><li><strong>Erosionskontrol<\/strong>: Binder jordpartikler p\u00e5 byggepladser og reducerer sedimentafstr\u00f8mningen med 80-90%.<\/li><\/ul><p style=\"text-align: center;\"><a dir=\"auto\" style=\"display: inline-block; padding: 12px 28px; border-radius: 999px; background: #0067ff; color: #ffffff; font-size: 20px; font-weight: 600; text-decoration: none; cursor: pointer;\" href=\"mailto:info@yrdcarbon.com\">F\u00e5 gratis kvalitetspr\u00f8ver til test<\/a><\/p><h2 dir=\"auto\">Overholdelse af kvalitetsstandarder<\/h2><ul dir=\"auto\"><li><strong>Internationale standarder<\/strong>: ISO 9001-certificeret produktion; overholder ASTM D5979 for erosionskontrol og AWWA B453 for vandbehandling.<\/li><li><strong>Myndighedsgodkendelser<\/strong>: REACH-registreret (EU); NSF\/ANSI 60-certificeret til drikkevand; FDA-kompatibel til indirekte f\u00f8devarekontakt.<\/li><li><strong>Regionale tilpasninger<\/strong>: Opfylder EU's RoHS, Kinas GB\/T 31246 og US EPA's retningslinjer for brug af polyakrylamid i milj\u00f8applikationer.<\/li><li><strong>Tilg\u00e6ngelige certificeringer<\/strong>: COA, MSDS og tredjeparts testrapporter efter anmodning.<\/li><\/ul><h2 dir=\"auto\">Emballage, opbevaring og h\u00e5ndtering<\/h2><ul dir=\"auto\"><li><strong>Emballage<\/strong>: 25 kg flerlags papirs\u00e6kke med PE inderforing; 750-1000 kg big bags til bulkforsendelser. Tilpasset emballage til international eksport (f.eks. palletering, krympeindpakning).<\/li><li><strong>Opbevaring<\/strong>: Opbevares p\u00e5 et k\u00f8ligt, t\u00f8rt og godt ventileret sted, v\u00e6k fra direkte sollys og fugt. Holdbarhed: 24 m\u00e5neder under anbefalede forhold.<\/li><li><strong>Forholdsregler ved h\u00e5ndtering<\/strong>: Brug personlige v\u00e6rnemidler (handsker, beskyttelsesbriller, st\u00f8vmaske) for at undg\u00e5 ind\u00e5nding eller hudkontakt. Glat, n\u00e5r det er v\u00e5dt - reng\u00f8r straks spild med absorberende materiale. Ikke klassificeret som farligt under UN GHS, men se SDS for alle detaljer.<\/li><\/ul><h2 dir=\"auto\">Oplysninger om sikkerhed og milj\u00f8<\/h2><ul dir=\"auto\"><li><strong>Toksicitet<\/strong>: Ikke-toksisk (oral LD50 &gt;5.000 mg\/kg); lavt bioakkumuleringspotentiale.<\/li><li><strong>F\u00f8rstehj\u00e6lp<\/strong>: Hud-\/\u00f8jenkontakt - skyl med vand; ind\u00e5nding - flyt til frisk luft; indtagelse - s\u00f8g l\u00e6ge.<\/li><li><strong>Milj\u00f8m\u00e6ssige overvejelser<\/strong>: Bionedbrydelig; undg\u00e5 direkte udledning i vandomr\u00e5der. Underst\u00f8tter b\u00e6redygtig praksis ved at reducere brugen af kemikalier i behandlingsprocesser.<\/li><li><strong>Regler for import<\/strong>: HTS-kode 3906.90; i overensstemmelse med internationale handelskrav, herunder IMDG for s\u00f8transport.<\/li><\/ul><h2 dir=\"auto\">Konkurrencefordele og markedspositionering<\/h2><p dir=\"auto\">P\u00e5 et marked, der er domineret af leverand\u00f8rer som SNF Floerger (FLOPAAM-serien), BASF (Alcomer-serien) og Kemira (Superfloc-serien), skiller vores anioniske PAM sig ud med:<\/p><ul dir=\"auto\"><li><strong>Tilpassede formuleringer<\/strong>: Skr\u00e6ddersyet molekylv\u00e6gt og ladningst\u00e6thed til at im\u00f8dekomme specifikke k\u00f8bersmertepunkter, s\u00e5som milj\u00f8er med h\u00f8j saltholdighed eller behov for hurtig hydrering.<span lang=\"zh-CN\"><span data-immersive-translate-translation-element-mark=\"1\">\u3002<\/span><\/span><\/li><li><strong>Omkostningseffektivitet<\/strong>: 10-15% lavere priser gennem optimeret produktion uden at g\u00e5 p\u00e5 kompromis med kvaliteten.<\/li><li><strong>Global forsyningsk\u00e6de<\/strong>: P\u00e5lidelig levering til n\u00f8glemarkeder (EU, USA, Asien og Stillehavsomr\u00e5det) med minimale leveringstider.<\/li><\/ul><p dir=\"auto\">Kontakt vores salgsteam for at f\u00e5 pr\u00f8ver, priser eller tilpassede specifikationer. Dette ark er optimeret til internationale k\u00f8bere, der s\u00f8ger h\u00f8jtydende, kompatible PAM-produkter for at forbedre driftseffektiviteten og markedets konkurrenceevne.<\/p><p style=\"text-align: center;\"><a dir=\"auto\" style=\"display: inline-block; padding: 12px 28px; border-radius: 999px; background: #0067ff; color: #ffffff; font-size: 20px; font-weight: 600; text-decoration: none; cursor: pointer;\" href=\"mailto:info@yrdcarbon.com\">F\u00e5 gratis kvalitetspr\u00f8ver til test<\/a><\/p>\t\t\t\t\t\t\t\t<\/div>\n\t\t\t\t<\/div>\n\t\t\t\t\t<\/div>\n\t\t\t\t<\/div>\n\t\t\t\t<\/div>","protected":false},"excerpt":{"rendered":"<p><a dir=\"auto\" style=\"display: inline-block; padding: 12px 28px; border-radius: 999px; background: #0067ff; color: #ffffff; font-size: 20px; font-weight: 600; text-decoration: none; cursor: pointer; \" href=\"mailto:info@yrdcarbon.com\">F\u00e5 gratis kvalitetspr\u00f8ver til test<\/a><\/p>\n<p dir=\"auto\">Anionisk polyakrylamid (PAM), ogs\u00e5 kendt som APAM, er en vandopl\u00f8selig polymer med h\u00f8j molekylv\u00e6gt, der stammer fra akrylamidmonomerer. Det er bredt anerkendt for sin overlegne flokkulerings-, fortykkelses- og tr\u00e6kreduktionsegenskaber, hvilket g\u00f8r det til et vigtigt kemikalie i vandbehandling, olieudvinding og forskellige industrielle anvendelser.<\/p>\n<p dir=\"auto\">Vores anioniske PAM er designet til at opfylde strenge internationale kvalitetsstandarder, hvilket sikrer h\u00f8j ydeevne, omkostningseffektivitet og milj\u00f8overensstemmelse for globale k\u00f8bere i vandbehandlingsvirksomheder, industrielle indk\u00f8bere og kemikaliedistribut\u00f8rer.<\/p>\n<p dir=\"auto\">N\u00f8glefunktioner inkluderer:<\/p>\n<ul dir=\"auto\">\n<li>Fremragende flokkuleringsevne med minimale krav til dosering<\/li>\n<li>Lavt restindhold af akrylamid for \u00f8get sikkerhed<\/li>\n<li>Alsidige muligheder for ionisk ladningst\u00e6thed til skr\u00e6ddersyede anvendelser<\/li>\n<li>Overholdelse af ISO 9001-, REACH-, NSF\/ANSI 60- og ASTM-standarder<\/li>\n<\/ul>","protected":false},"featured_media":1402,"template":"","meta":{"site-sidebar-layout":"default","site-content-layout":"","ast-site-content-layout":"default","site-content-style":"default","site-sidebar-style":"default","ast-global-header-display":"","ast-banner-title-visibility":"","ast-main-header-display":"","ast-hfb-above-header-display":"","ast-hfb-below-header-display":"","ast-hfb-mobile-header-display":"","site-post-title":"","ast-breadcrumbs-content":"","ast-featured-img":"","footer-sml-layout":"","ast-disable-related-posts":"","theme-transparent-header-meta":"default","adv-header-id-meta":"","stick-header-meta":"","header-above-stick-meta":"","header-main-stick-meta":"","header-below-stick-meta":"","astra-migrate-meta-layouts":"set","ast-page-background-enabled":"default","ast-page-background-meta":{"desktop":{"background-color":"var(--ast-global-color-4)","background-image":"","background-repeat":"repeat","background-position":"center center","background-size":"auto","background-attachment":"scroll","background-type":"","background-media":"","overlay-type":"","overlay-color":"","overlay-opacity":"","overlay-gradient":""},"tablet":{"background-color":"","background-image":"","background-repeat":"repeat","background-position":"center center","background-size":"auto","background-attachment":"scroll","background-type":"","background-media":"","overlay-type":"","overlay-color":"","overlay-opacity":"","overlay-gradient":""},"mobile":{"background-color":"","background-image":"","background-repeat":"repeat","background-position":"center center","background-size":"auto","background-attachment":"scroll","background-type":"","background-media":"","overlay-type":"","overlay-color":"","overlay-opacity":"","overlay-gradient":""}},"ast-content-background-meta":{"desktop":{"background-color":"var(--ast-global-color-5)","background-image":"","background-repeat":"repeat","background-position":"center center","background-size":"auto","background-attachment":"scroll","background-type":"","background-media":"","overlay-type":"","overlay-color":"","overlay-opacity":"","overlay-gradient":""},"tablet":{"background-color":"var(--ast-global-color-5)","background-image":"","background-repeat":"repeat","background-position":"center center","background-size":"auto","background-attachment":"scroll","background-type":"","background-media":"","overlay-type":"","overlay-color":"","overlay-opacity":"","overlay-gradient":""},"mobile":{"background-color":"var(--ast-global-color-5)","background-image":"","background-repeat":"repeat","background-position":"center center","background-size":"auto","background-attachment":"scroll","background-type":"","background-media":"","overlay-type":"","overlay-color":"","overlay-opacity":"","overlay-gradient":""}}},"product_brand":[],"product_cat":[32],"product_tag":[],"class_list":{"0":"post-1155","1":"product","2":"type-product","3":"status-publish","4":"has-post-thumbnail","6":"product_cat-filter-materials-series","7":"desktop-align-left","8":"tablet-align-left","9":"mobile-align-left","11":"first","12":"instock","13":"shipping-taxable","14":"product-type-simple"},"yoast_head":"<!-- This site is optimized with the Yoast SEO Premium plugin v26.0 (Yoast SEO v27.4) - https:\/\/yoast.com\/product\/yoast-seo-premium-wordpress\/ -->\n<title>Polyacrylamide (PAM)<\/title>\n<meta name=\"description\" content=\"High-performance polyacrylamide (PAM) for water treatment, sludge dewatering &amp; industrial filtration systems. Reliable dosage, low residuals, global supply by YRD Activated Carbon.\" \/>\n<meta name=\"robots\" content=\"index, follow, max-snippet:-1, max-image-preview:large, max-video-preview:-1\" \/>\n<link rel=\"canonical\" href=\"https:\/\/yrdactivatedcarbon.com\/da\/product\/polyakrylamid-pam\/\" \/>\n<meta property=\"og:locale\" content=\"da_DK\" \/>\n<meta property=\"og:type\" content=\"article\" \/>\n<meta property=\"og:title\" content=\"Polyacrylamide (PAM)\" \/>\n<meta property=\"og:description\" content=\"High-performance polyacrylamide (PAM) for water treatment, sludge dewatering &amp; industrial filtration systems. Reliable dosage, low residuals, global supply by YRD Activated Carbon.\" \/>\n<meta property=\"og:url\" content=\"https:\/\/yrdactivatedcarbon.com\/da\/product\/polyakrylamid-pam\/\" \/>\n<meta property=\"article:modified_time\" content=\"2025-12-03T09:33:55+00:00\" \/>\n<meta property=\"og:image\" content=\"http:\/\/yrdactivatedcarbon.com\/wp-content\/uploads\/2025\/10\/Polyacrylamidepam.webp\" \/>\n\t<meta property=\"og:image:width\" content=\"500\" \/>\n\t<meta property=\"og:image:height\" content=\"500\" \/>\n\t<meta property=\"og:image:type\" content=\"image\/webp\" \/>\n<meta name=\"twitter:card\" content=\"summary_large_image\" \/>\n<script type=\"application\/ld+json\" class=\"yoast-schema-graph\">{\"@context\":\"https:\\\/\\\/schema.org\",\"@graph\":[{\"@type\":\"WebPage\",\"@id\":\"https:\\\/\\\/yrdactivatedcarbon.com\\\/product\\\/polyacrylamide-pam\\\/\",\"url\":\"https:\\\/\\\/yrdactivatedcarbon.com\\\/product\\\/polyacrylamide-pam\\\/\",\"name\":\"Polyacrylamide (PAM)\",\"isPartOf\":{\"@id\":\"https:\\\/\\\/yrdactivatedcarbon.com\\\/#website\"},\"primaryImageOfPage\":{\"@id\":\"https:\\\/\\\/yrdactivatedcarbon.com\\\/product\\\/polyacrylamide-pam\\\/#primaryimage\"},\"image\":{\"@id\":\"https:\\\/\\\/yrdactivatedcarbon.com\\\/product\\\/polyacrylamide-pam\\\/#primaryimage\"},\"thumbnailUrl\":\"https:\\\/\\\/yrdactivatedcarbon.com\\\/wp-content\\\/uploads\\\/2025\\\/10\\\/Polyacrylamidepam.webp\",\"datePublished\":\"2025-10-17T09:15:33+00:00\",\"dateModified\":\"2025-12-03T09:33:55+00:00\",\"description\":\"High-performance polyacrylamide (PAM) for water treatment, sludge dewatering & industrial filtration systems. Reliable dosage, low residuals, global supply by YRD Activated Carbon.\",\"breadcrumb\":{\"@id\":\"https:\\\/\\\/yrdactivatedcarbon.com\\\/product\\\/polyacrylamide-pam\\\/#breadcrumb\"},\"inLanguage\":\"da-DK\",\"potentialAction\":[{\"@type\":\"ReadAction\",\"target\":[\"https:\\\/\\\/yrdactivatedcarbon.com\\\/product\\\/polyacrylamide-pam\\\/\"]}]},{\"@type\":\"ImageObject\",\"inLanguage\":\"da-DK\",\"@id\":\"https:\\\/\\\/yrdactivatedcarbon.com\\\/product\\\/polyacrylamide-pam\\\/#primaryimage\",\"url\":\"https:\\\/\\\/yrdactivatedcarbon.com\\\/wp-content\\\/uploads\\\/2025\\\/10\\\/Polyacrylamidepam.webp\",\"contentUrl\":\"https:\\\/\\\/yrdactivatedcarbon.com\\\/wp-content\\\/uploads\\\/2025\\\/10\\\/Polyacrylamidepam.webp\",\"width\":500,\"height\":500},{\"@type\":\"BreadcrumbList\",\"@id\":\"https:\\\/\\\/yrdactivatedcarbon.com\\\/product\\\/polyacrylamide-pam\\\/#breadcrumb\",\"itemListElement\":[{\"@type\":\"ListItem\",\"position\":1,\"name\":\"\u9996\u9875\",\"item\":\"https:\\\/\\\/yrdactivatedcarbon.com\\\/\"},{\"@type\":\"ListItem\",\"position\":2,\"name\":\"Products\",\"item\":\"https:\\\/\\\/yrdactivatedcarbon.com\\\/shop__trashed\\\/\"},{\"@type\":\"ListItem\",\"position\":3,\"name\":\"Polyacrylamide (PAM)\"}]},{\"@type\":\"WebSite\",\"@id\":\"https:\\\/\\\/yrdactivatedcarbon.com\\\/#website\",\"url\":\"https:\\\/\\\/yrdactivatedcarbon.com\\\/\",\"name\":\"\",\"description\":\"\",\"publisher\":{\"@id\":\"https:\\\/\\\/yrdactivatedcarbon.com\\\/#\\\/schema\\\/person\\\/581e0ef9031155afdeefbcd492460987\"},\"potentialAction\":[{\"@type\":\"SearchAction\",\"target\":{\"@type\":\"EntryPoint\",\"urlTemplate\":\"https:\\\/\\\/yrdactivatedcarbon.com\\\/?s={search_term_string}\"},\"query-input\":{\"@type\":\"PropertyValueSpecification\",\"valueRequired\":true,\"valueName\":\"search_term_string\"}}],\"inLanguage\":\"da-DK\"},{\"@type\":[\"Person\",\"Organization\"],\"@id\":\"https:\\\/\\\/yrdactivatedcarbon.com\\\/#\\\/schema\\\/person\\\/581e0ef9031155afdeefbcd492460987\",\"name\":\"Admin\",\"image\":{\"@type\":\"ImageObject\",\"inLanguage\":\"da-DK\",\"@id\":\"https:\\\/\\\/yrdactivatedcarbon.com\\\/wp-content\\\/uploads\\\/2025\\\/10\\\/cropped-cropped-cropped-cropped-cropped-Gemini_Generated_Image_csnat5csnat5csna-removebg-preview.png\",\"url\":\"https:\\\/\\\/yrdactivatedcarbon.com\\\/wp-content\\\/uploads\\\/2025\\\/10\\\/cropped-cropped-cropped-cropped-cropped-Gemini_Generated_Image_csnat5csnat5csna-removebg-preview.png\",\"contentUrl\":\"https:\\\/\\\/yrdactivatedcarbon.com\\\/wp-content\\\/uploads\\\/2025\\\/10\\\/cropped-cropped-cropped-cropped-cropped-Gemini_Generated_Image_csnat5csnat5csna-removebg-preview.png\",\"width\":304,\"height\":88,\"caption\":\"Admin\"},\"logo\":{\"@id\":\"https:\\\/\\\/yrdactivatedcarbon.com\\\/wp-content\\\/uploads\\\/2025\\\/10\\\/cropped-cropped-cropped-cropped-cropped-Gemini_Generated_Image_csnat5csnat5csna-removebg-preview.png\"},\"sameAs\":[\"https:\\\/\\\/yrdactivatedcarbon.com\"],\"publishingPrinciples\":\"https:\\\/\\\/yrdactivatedcarbon.com\\\/\",\"ownershipFundingInfo\":\"https:\\\/\\\/yrdactivatedcarbon.com\\\/\"}]}<\/script>\n<!-- \/ Yoast SEO Premium plugin. -->","yoast_head_json":{"title":"Polyakrylamid (PAM)","description":"H\u00f8jtydende polyakrylamid (PAM) til vandbehandling, slamafvanding og industrielle filtreringssystemer. P\u00e5lidelig dosering, lave restkoncentrationer, global levering fra YRD Activated Carbon.","robots":{"index":"index","follow":"follow","max-snippet":"max-snippet:-1","max-image-preview":"max-image-preview:large","max-video-preview":"max-video-preview:-1"},"canonical":"https:\/\/yrdactivatedcarbon.com\/da\/product\/polyakrylamid-pam\/","og_locale":"da_DK","og_type":"article","og_title":"Polyacrylamide (PAM)","og_description":"High-performance polyacrylamide (PAM) for water treatment, sludge dewatering & industrial filtration systems. Reliable dosage, low residuals, global supply by YRD Activated Carbon.","og_url":"https:\/\/yrdactivatedcarbon.com\/da\/product\/polyakrylamid-pam\/","article_modified_time":"2025-12-03T09:33:55+00:00","og_image":[{"width":500,"height":500,"url":"http:\/\/yrdactivatedcarbon.com\/wp-content\/uploads\/2025\/10\/Polyacrylamidepam.webp","type":"image\/webp"}],"twitter_card":"summary_large_image","schema":{"@context":"https:\/\/schema.org","@graph":[{"@type":"WebPage","@id":"https:\/\/yrdactivatedcarbon.com\/product\/polyacrylamide-pam\/","url":"https:\/\/yrdactivatedcarbon.com\/product\/polyacrylamide-pam\/","name":"Polyakrylamid (PAM)","isPartOf":{"@id":"https:\/\/yrdactivatedcarbon.com\/#website"},"primaryImageOfPage":{"@id":"https:\/\/yrdactivatedcarbon.com\/product\/polyacrylamide-pam\/#primaryimage"},"image":{"@id":"https:\/\/yrdactivatedcarbon.com\/product\/polyacrylamide-pam\/#primaryimage"},"thumbnailUrl":"https:\/\/yrdactivatedcarbon.com\/wp-content\/uploads\/2025\/10\/Polyacrylamidepam.webp","datePublished":"2025-10-17T09:15:33+00:00","dateModified":"2025-12-03T09:33:55+00:00","description":"H\u00f8jtydende polyakrylamid (PAM) til vandbehandling, slamafvanding og industrielle filtreringssystemer. P\u00e5lidelig dosering, lave restkoncentrationer, global levering fra YRD Activated Carbon.","breadcrumb":{"@id":"https:\/\/yrdactivatedcarbon.com\/product\/polyacrylamide-pam\/#breadcrumb"},"inLanguage":"da-DK","potentialAction":[{"@type":"ReadAction","target":["https:\/\/yrdactivatedcarbon.com\/product\/polyacrylamide-pam\/"]}]},{"@type":"ImageObject","inLanguage":"da-DK","@id":"https:\/\/yrdactivatedcarbon.com\/product\/polyacrylamide-pam\/#primaryimage","url":"https:\/\/yrdactivatedcarbon.com\/wp-content\/uploads\/2025\/10\/Polyacrylamidepam.webp","contentUrl":"https:\/\/yrdactivatedcarbon.com\/wp-content\/uploads\/2025\/10\/Polyacrylamidepam.webp","width":500,"height":500},{"@type":"BreadcrumbList","@id":"https:\/\/yrdactivatedcarbon.com\/product\/polyacrylamide-pam\/#breadcrumb","itemListElement":[{"@type":"ListItem","position":1,"name":"\u9996\u9875","item":"https:\/\/yrdactivatedcarbon.com\/"},{"@type":"ListItem","position":2,"name":"Products","item":"https:\/\/yrdactivatedcarbon.com\/shop__trashed\/"},{"@type":"ListItem","position":3,"name":"Polyacrylamide (PAM)"}]},{"@type":"WebSite","@id":"https:\/\/yrdactivatedcarbon.com\/#website","url":"https:\/\/yrdactivatedcarbon.com\/","name":"","description":"","publisher":{"@id":"https:\/\/yrdactivatedcarbon.com\/#\/schema\/person\/581e0ef9031155afdeefbcd492460987"},"potentialAction":[{"@type":"SearchAction","target":{"@type":"EntryPoint","urlTemplate":"https:\/\/yrdactivatedcarbon.com\/?s={search_term_string}"},"query-input":{"@type":"PropertyValueSpecification","valueRequired":true,"valueName":"search_term_string"}}],"inLanguage":"da-DK"},{"@type":["Person","Organization"],"@id":"https:\/\/yrdactivatedcarbon.com\/#\/schema\/person\/581e0ef9031155afdeefbcd492460987","name":"Administrator","image":{"@type":"ImageObject","inLanguage":"da-DK","@id":"https:\/\/yrdactivatedcarbon.com\/wp-content\/uploads\/2025\/10\/cropped-cropped-cropped-cropped-cropped-Gemini_Generated_Image_csnat5csnat5csna-removebg-preview.png","url":"https:\/\/yrdactivatedcarbon.com\/wp-content\/uploads\/2025\/10\/cropped-cropped-cropped-cropped-cropped-Gemini_Generated_Image_csnat5csnat5csna-removebg-preview.png","contentUrl":"https:\/\/yrdactivatedcarbon.com\/wp-content\/uploads\/2025\/10\/cropped-cropped-cropped-cropped-cropped-Gemini_Generated_Image_csnat5csnat5csna-removebg-preview.png","width":304,"height":88,"caption":"Admin"},"logo":{"@id":"https:\/\/yrdactivatedcarbon.com\/wp-content\/uploads\/2025\/10\/cropped-cropped-cropped-cropped-cropped-Gemini_Generated_Image_csnat5csnat5csna-removebg-preview.png"},"sameAs":["https:\/\/yrdactivatedcarbon.com"],"publishingPrinciples":"https:\/\/yrdactivatedcarbon.com\/","ownershipFundingInfo":"https:\/\/yrdactivatedcarbon.com\/"}]}},"_links":{"self":[{"href":"https:\/\/yrdactivatedcarbon.com\/da\/wp-json\/wp\/v2\/product\/1155","targetHints":{"allow":["GET"]}}],"collection":[{"href":"https:\/\/yrdactivatedcarbon.com\/da\/wp-json\/wp\/v2\/product"}],"about":[{"href":"https:\/\/yrdactivatedcarbon.com\/da\/wp-json\/wp\/v2\/types\/product"}],"version-history":[{"count":9,"href":"https:\/\/yrdactivatedcarbon.com\/da\/wp-json\/wp\/v2\/product\/1155\/revisions"}],"predecessor-version":[{"id":1693,"href":"https:\/\/yrdactivatedcarbon.com\/da\/wp-json\/wp\/v2\/product\/1155\/revisions\/1693"}],"wp:featuredmedia":[{"embeddable":true,"href":"https:\/\/yrdactivatedcarbon.com\/da\/wp-json\/wp\/v2\/media\/1402"}],"wp:attachment":[{"href":"https:\/\/yrdactivatedcarbon.com\/da\/wp-json\/wp\/v2\/media?parent=1155"}],"wp:term":[{"taxonomy":"product_brand","embeddable":true,"href":"https:\/\/yrdactivatedcarbon.com\/da\/wp-json\/wp\/v2\/product_brand?post=1155"},{"taxonomy":"product_cat","embeddable":true,"href":"https:\/\/yrdactivatedcarbon.com\/da\/wp-json\/wp\/v2\/product_cat?post=1155"},{"taxonomy":"product_tag","embeddable":true,"href":"https:\/\/yrdactivatedcarbon.com\/da\/wp-json\/wp\/v2\/product_tag?post=1155"}],"curies":[{"name":"wp","href":"https:\/\/api.w.org\/{rel}","templated":true}]}}