{"id":1153,"date":"2025-10-17T17:14:53","date_gmt":"2025-10-17T09:14:53","guid":{"rendered":"https:\/\/yrdactivatedcarbon.com\/?post_type=product&#038;p=1153"},"modified":"2025-12-03T17:36:25","modified_gmt":"2025-12-03T09:36:25","slug":"maiskolben-filtermedien","status":"publish","type":"product","link":"https:\/\/yrdactivatedcarbon.com\/de\/product\/maiskolben-filtermedien\/","title":{"rendered":"Maiskolben-Filtermedien"},"content":{"rendered":"<h2 dir=\"auto\">Technische Daten<\/h2>\n<p dir=\"auto\">Maiskolben-Filtermedien weisen konsistente physikalische, chemische und leistungsbezogene Eigenschaften auf, die in Tests nach Industriestandard \u00fcberpr\u00fcft wurden. Im Folgenden finden Sie eine umfassende Aufschl\u00fcsselung:<\/p>\n<table>\n<thead>\n<tr>\n<th data-col-size=\"sm\">Parameter<\/th>\n<th data-col-size=\"lg\">Beschreibung<\/th>\n<th data-col-size=\"lg\">Typische Werte<\/th>\n<\/tr>\n<\/thead>\n<tbody>\n<tr>\n<td data-col-size=\"sm\"><strong>Materialzusammensetzung<\/strong><\/td>\n<td data-col-size=\"lg\">Haupts\u00e4chlich Lignocellulose (Cellulose, Hemicellulose, Lignin ~90%) mit geringen Anteilen an Proteinen, Asche und Ether-Extrakten. Elementar: Kohlenstoff 44%, Wasserstoff 7%, Sauerstoff 47%, Stickstoff 0,4%, Spurenelemente 1,5%.<\/td>\n<td data-col-size=\"lg\">Fasergehalt: 90,9%; Protein: 4,28%; Asche: 3,44%; Ether-Extrakt: 2,03%; Stickstofffreier Extrakt: 63,96%.<\/td>\n<\/tr>\n<tr>\n<td data-col-size=\"sm\"><strong>Physikalische Eigenschaften<\/strong><\/td>\n<td data-col-size=\"lg\">Eckiges, unregelm\u00e4\u00dfiges Granulat; braun\/gelbe Farbe; biologisch abbaubar und ungiftig.<\/td>\n<td data-col-size=\"lg\">H\u00e4rte (Mohs): 4,5; Sch\u00fcttdichte: 18-45 lbs\/cu ft (1,0-1,2 g\/cm\u00b3); Spezifisches Gewicht: 1,0-1,2; Feuchtigkeitsgehalt: 8-8.7%; pH: 5-7.<\/td>\n<\/tr>\n<tr>\n<td data-col-size=\"sm\"><strong>Optionen f\u00fcr die Partikelgr\u00f6\u00dfe<\/strong><\/td>\n<td data-col-size=\"lg\">Erh\u00e4ltlich in verschiedenen Korngr\u00f6\u00dfen f\u00fcr ma\u00dfgeschneiderte Filtrationseffizienz. Feinere K\u00f6rnungen vergr\u00f6\u00dfern die Adsorptionsfl\u00e4che.<\/td>\n<td data-col-size=\"lg\">Grob: 8\/14 (2,0-3,0 mm); Mittelgrob: 10\/14 (1,5-2,0 mm); Mittel: 14\/20 (1,1-1,5 mm); Fein: 20\/40 (0,8-1,1 mm); Sehr fein: 40\/60 oder feiner (0,18-0,8 mm).<\/td>\n<\/tr>\n<tr>\n<td data-col-size=\"sm\"><strong>Leistungsmetriken<\/strong><\/td>\n<td data-col-size=\"lg\">Hohes Absorptionsverm\u00f6gen und Adsorption; Wirksame Reduzierung von BSB, Tr\u00fcbung und Schadstoffen.<\/td>\n<td data-col-size=\"lg\">Absorptionsverm\u00f6gen: Bis zum 4-fachen des Gewichts in Fl\u00fcssigkeiten; Adsorptionskapazit\u00e4t (z. B. Azofarbstoffe): Bis zu 73,71 mg\/g; Druckfestigkeit: 38.463 psi; Abriebfestigkeit: 98,6%; BSB-Reduktion (Grauwasser): ~40%; Tr\u00fcbungsreduzierung: Bis zu 43% (z. B. von 30 NTU auf 17 NTU).<\/td>\n<\/tr>\n<tr>\n<td data-col-size=\"sm\"><strong>Chemische Best\u00e4ndigkeit<\/strong><\/td>\n<td data-col-size=\"lg\">Neutraler pH-Bereich; widerstandsf\u00e4hig gegen Abrieb; Nullpunkt der Ladung (pH_pzc): ~6.83.<\/td>\n<td data-col-size=\"lg\">Funktionelle Gruppen: O-H, C=O, C-O zur Bindung von Anionen; Exothermer Adsorptionsprozess (\u0394H\u00b0: -9,692 J\/mol).<\/td>\n<\/tr>\n<tr>\n<td data-col-size=\"sm\"><strong>Verpackung und Lagerung<\/strong><\/td>\n<td data-col-size=\"lg\">Standard-S\u00e4cke (25-50 lb), Jumbo-S\u00e4cke (500 kg) oder F\u00e4sser; anpassbar. In trockenen, bel\u00fcfteten Bereichen lagern, um den Feuchtigkeitsgehalt zu erhalten.<\/td>\n<td data-col-size=\"lg\">Haltbarkeit: Unbegrenzt bei sachgem\u00e4\u00dfer Lagerung; Transport: Wasserdicht ausgekleidetes PE mit Metall-\/Kohlef\u00e4ssern.<\/td>\n<\/tr>\n<\/tbody>\n<\/table>\n<p><a dir=\"auto\" style=\"display: inline-block; padding: 12px 28px; border-radius: 999px; background: #0067ff; color: #ffffff; font-size: 20px; font-weight: 600; text-decoration: none; cursor: pointer; \" href=\"mailto:info@yrdcarbon.com\">Erhalten Sie kostenlose Qualit\u00e4tsmuster zum Testen<\/a><\/p>\n<h2 dir=\"auto\">Anwendungen<\/h2>\n<p dir=\"auto\">Corncob-Filtermedien eignen sich hervorragend f\u00fcr verschiedene industrielle Filtrationsszenarien, bei denen es um wichtige Herausforderungen wie Schadstoffentfernung und Nachhaltigkeit geht. G\u00e4ngige Anwendungen umfassen:<\/p>\n<ul dir=\"auto\">\n<li><strong>Wasser- und Abwasseraufbereitung<\/strong>: Wirkt als Biosorbens in Biofiltern oder Festbettsystemen zur Entfernung von Farbstoffen, Schwermetallen (z. B. Eisen, Kupfer, Blei), organischen Schadstoffen, Koffein, Triclosan und Abw\u00e4ssern aus Textilien oder Chemikalien. Ideal f\u00fcr das Recycling von Grauwasser mit einer BSB-Reduktion von bis zu 40% und geeignet f\u00fcr die Grundwasseranreicherung, Bew\u00e4sserung oder Sp\u00fclung.<\/li>\n<li><strong>Filtration von Industrieabw\u00e4ssern<\/strong>: Absorption von \u00d6len, nuklearen\/chemischen Abf\u00e4llen und versch\u00fctteten Fl\u00fcssigkeiten; Einsatz in vertikalen Reaktoren oder kontinuierlichen Systemen zur pH-Einstellung, Tr\u00fcbungsreduzierung (bis zu 43%) und Entfernung von S\u00e4ure\/Ammoniak.<\/li>\n<li><strong>Luft- und Gasfiltration<\/strong>: Als leichtes, staubfreies Medium in Luftw\u00e4schern oder Biofiltern zur Geruchsbek\u00e4mpfung und Partikelfilterung.<\/li>\n<li><strong>Spezialisierte Anwendungen<\/strong>: In der pharmazeutischen Industrie als Tr\u00e4ger; in der \u00d6lindustrie zur Beseitigung von \u00d6lverschmutzungen; integriert in dynamische Membransysteme zur Abtrennung von Feststoffen ohne Vorbehandlung.<\/li>\n<li><strong>Vergleichende Leistung<\/strong>: \u00dcbertrifft Knochenkohle bei der Entfernung von physikalischen Verunreinigungen (z. B. Tr\u00fcbungen, Ammoniak) und Holzsp\u00e4ne bei der Reduzierung des S\u00e4uregehalts, wobei f\u00fcr optimale Ergebnisse Mischsysteme empfohlen werden.<\/li>\n<\/ul>\n<h2 dir=\"auto\">Vorteile<\/h2>\n<p dir=\"auto\">Maiskolben-Filtermedien \u00fcberzeugen durch ihre einzigartigen Eigenschaften und \u00fcbertreffen herk\u00f6mmliche Alternativen wie Aktivkohle oder Kunstharze:<\/p>\n<ul dir=\"auto\">\n<li><strong>\u00d6kologische Nachhaltigkeit<\/strong>: 100% ist biologisch abbaubar, erneuerbar und ungiftig; reduziert Abf\u00e4lle durch die Wiederverwendung von landwirtschaftlichen Nebenprodukten; senkt den CO2-Fu\u00dfabdruck ohne Siliziumdioxidstaub oder Schadstoffe und erf\u00fcllt die Umweltvorschriften.<\/li>\n<li><strong>Kosten-Wirksamkeit<\/strong>: Wirtschaftliche Produktion und Wiederverwendbarkeit (z. B. erreicht die Desorption mit NaOH einen Wirkungsgrad von ~98%); Minimierung des Vorbehandlungsbedarfs, des Energieverbrauchs und der chemischen Zus\u00e4tze in Filtrationsprozessen.<\/li>\n<li><strong>\u00dcberlegene Leistung<\/strong>: Hohe Saugf\u00e4higkeit (4-faches Gewicht) und Adsorption (bis zu 73 mg\/g f\u00fcr Farbstoffe); weich und dennoch haltbar f\u00fcr sanfte Filtration ohne Oberfl\u00e4chenbesch\u00e4digung; wirksam bei pH 1,5-6 f\u00fcr anionische Verunreinigungen.<\/li>\n<li><strong>Gesundheit und Sicherheit<\/strong>: Staub- und kiesels\u00e4urefrei, was die Risiken f\u00fcr die Atemwege verringert; USDA BioPreferred-Zertifizierung f\u00fcr ausgew\u00e4hlte Produkte zur Gew\u00e4hrleistung der Qualit\u00e4t.<\/li>\n<li><strong>Marktkante<\/strong>: Im Vergleich zu Alternativen bietet es eine bessere Tr\u00fcbungs-\/S\u00e4ureentfernung als Knochenkohle und eine h\u00f6here chemische Stabilit\u00e4t; unterst\u00fctzt den globalen Trend zur umweltfreundlichen Filtration und spricht umweltbewusste K\u00e4ufer an.<\/li>\n<\/ul>\n<p dir=\"auto\">Durch die Wahl von Maiskolben-Filtermedien erreichen die Anwender eine effiziente Entfernung von Verunreinigungen und k\u00f6nnen gleichzeitig Probleme wie hohe Kosten, Einhaltung von Umweltvorschriften und Systemverschmutzung l\u00f6sen.<\/p>\n<h2 dir=\"auto\">Konformit\u00e4t und Zertifizierungen<\/h2>\n<p dir=\"auto\">Corncob-Filtermedien entsprechen den internationalen Standards f\u00fcr Sicherheit, Qualit\u00e4t und Umweltvertr\u00e4glichkeit:<\/p>\n<ul dir=\"auto\">\n<li><strong>Sicherheitsdatenbl\u00e4tter (SDS)<\/strong>: Erh\u00e4ltlich und damit als ungef\u00e4hrlich eingestuft; entspricht den OSHA-Richtlinien f\u00fcr Schleifmittel (kein giftiger Staub).<\/li>\n<li><strong>Normen f\u00fcr die Wasseraufbereitung<\/strong>: Entspricht NSF\/ANSI 42\/61 f\u00fcr Filtermedien (zertifizierbar f\u00fcr \u00e4sthetische und gesundheitliche Auswirkungen); ISO 16890\/29463 f\u00fcr Luftfiltereffizienz, wo anwendbar.<\/li>\n<li><strong>Umweltzertifizierungen<\/strong>: USDA BioPreferred f\u00fcr biobasierte Produkte; biologisch abbaubar gem\u00e4\u00df globalen Umweltstandards; keine von REACH beschr\u00e4nkten Substanzen.<\/li>\n<li><strong>Einhaltung der Ausfuhrbestimmungen<\/strong>: Erf\u00fcllt die DOT-Transportanforderungen; anpassbare Verpackung mit eindeutiger Kennzeichnung f\u00fcr den internationalen Handel.<\/li>\n<li><strong>Qualit\u00e4tssicherung<\/strong>: Chargentests zur \u00dcberpr\u00fcfung der Konsistenz; unabh\u00e4ngige Studien zur \u00dcberpr\u00fcfung der Leistung (z. B. Kinetik pseudo-zweiter Ordnung f\u00fcr Adsorption).<\/li>\n<\/ul>\n<p dir=\"auto\">F\u00fcr spezifische Zertifizierungen oder Pr\u00fcfberichte wenden Sie sich bitte an uns, um die \u00dcbereinstimmung mit Ihren regionalen Anforderungen sicherzustellen.<\/p>\n<p><a dir=\"auto\" style=\"display: inline-block; padding: 12px 28px; border-radius: 999px; background: #0067ff; color: #ffffff; font-size: 20px; font-weight: 600; text-decoration: none; cursor: pointer; \" href=\"mailto:info@yrdcarbon.com\">Erhalten Sie kostenlose Qualit\u00e4tsmuster zum Testen<\/a><\/p>","protected":false},"excerpt":{"rendered":"<p><a dir=\"auto\" style=\"display: inline-block; padding: 12px 28px; border-radius: 999px; background: #0067ff; color: #ffffff; font-size: 20px; font-weight: 600; text-decoration: none; cursor: pointer; \" href=\"mailto:info@yrdcarbon.com\">Erhalten Sie kostenlose Qualit\u00e4tsmuster zum Testen<\/a><\/p>\n<p dir=\"auto\">Corncob-Filtermedien sind ein nat\u00fcrliches, nachhaltiges und vielseitiges Adsorptionsmittel, das aus dem holzigen Kern von Maiskolben gewonnen wird. Dieses umweltfreundliche Material wird durch Zerkleinern, Sieben und Trocknen zu k\u00f6rnigen Partikeln verarbeitet, die sich ideal f\u00fcr industrielle Filtrationsanwendungen eignen. Als erneuerbares landwirtschaftliches Nebenprodukt bietet es eine kosteng\u00fcnstige Alternative zu synthetischen Filtermedien und verf\u00fcgt \u00fcber hervorragende Absorptions- und Adsorptionseigenschaften zur Entfernung von Verunreinigungen aus Wasser, Abwasser und Industrieabw\u00e4ssern.<\/p>\n<p dir=\"auto\">Mit einer weltweiten Produktion von \u00fcber 144 Millionen Tonnen pro Jahr unterst\u00fctzen Maiskolben-Filtermedien die Prinzipien der Kreislaufwirtschaft, indem sie Abf\u00e4lle zu einer leistungsstarken Filtrationsl\u00f6sung umwandeln. Zu den wichtigsten Vorteilen geh\u00f6ren die hervorragende Schadstoffentfernung, die minimale Umweltbelastung und die Kompatibilit\u00e4t mit verschiedenen Filtersystemen, was sie zu einer attraktiven Wahl f\u00fcr internationale K\u00e4ufer macht, die nach konformen, umweltfreundlichen Technologien suchen.<\/p>","protected":false},"featured_media":1397,"template":"","meta":{"site-sidebar-layout":"default","site-content-layout":"","ast-site-content-layout":"default","site-content-style":"default","site-sidebar-style":"default","ast-global-header-display":"","ast-banner-title-visibility":"","ast-main-header-display":"","ast-hfb-above-header-display":"","ast-hfb-below-header-display":"","ast-hfb-mobile-header-display":"","site-post-title":"","ast-breadcrumbs-content":"","ast-featured-img":"","footer-sml-layout":"","ast-disable-related-posts":"","theme-transparent-header-meta":"default","adv-header-id-meta":"","stick-header-meta":"","header-above-stick-meta":"","header-main-stick-meta":"","header-below-stick-meta":"","astra-migrate-meta-layouts":"set","ast-page-background-enabled":"default","ast-page-background-meta":{"desktop":{"background-color":"var(--ast-global-color-4)","background-image":"","background-repeat":"repeat","background-position":"center center","background-size":"auto","background-attachment":"scroll","background-type":"","background-media":"","overlay-type":"","overlay-color":"","overlay-opacity":"","overlay-gradient":""},"tablet":{"background-color":"","background-image":"","background-repeat":"repeat","background-position":"center center","background-size":"auto","background-attachment":"scroll","background-type":"","background-media":"","overlay-type":"","overlay-color":"","overlay-opacity":"","overlay-gradient":""},"mobile":{"background-color":"","background-image":"","background-repeat":"repeat","background-position":"center center","background-size":"auto","background-attachment":"scroll","background-type":"","background-media":"","overlay-type":"","overlay-color":"","overlay-opacity":"","overlay-gradient":""}},"ast-content-background-meta":{"desktop":{"background-color":"var(--ast-global-color-5)","background-image":"","background-repeat":"repeat","background-position":"center center","background-size":"auto","background-attachment":"scroll","background-type":"","background-media":"","overlay-type":"","overlay-color":"","overlay-opacity":"","overlay-gradient":""},"tablet":{"background-color":"var(--ast-global-color-5)","background-image":"","background-repeat":"repeat","background-position":"center center","background-size":"auto","background-attachment":"scroll","background-type":"","background-media":"","overlay-type":"","overlay-color":"","overlay-opacity":"","overlay-gradient":""},"mobile":{"background-color":"var(--ast-global-color-5)","background-image":"","background-repeat":"repeat","background-position":"center center","background-size":"auto","background-attachment":"scroll","background-type":"","background-media":"","overlay-type":"","overlay-color":"","overlay-opacity":"","overlay-gradient":""}}},"product_brand":[],"product_cat":[32],"product_tag":[],"class_list":{"0":"post-1153","1":"product","2":"type-product","3":"status-publish","4":"has-post-thumbnail","6":"product_cat-filter-materials-series","7":"desktop-align-left","8":"tablet-align-left","9":"mobile-align-left","11":"first","12":"instock","13":"shipping-taxable","14":"product-type-simple"},"yoast_head":"<!-- This site is optimized with the Yoast SEO Premium plugin v26.0 (Yoast SEO v27.4) - https:\/\/yoast.com\/product\/yoast-seo-premium-wordpress\/ -->\n<title>Corncob Filter Media<\/title>\n<meta name=\"description\" content=\"Corncob filter media for industrial water &amp; wastewater filtration \u2014 high-porosity, renewable biomass media with low head-loss and global bulk supply from YRD Activated Carbon.\" \/>\n<meta name=\"robots\" content=\"index, follow, max-snippet:-1, max-image-preview:large, max-video-preview:-1\" \/>\n<link rel=\"canonical\" href=\"https:\/\/yrdactivatedcarbon.com\/de\/product\/maiskolben-filtermedien\/\" \/>\n<meta property=\"og:locale\" content=\"de_DE\" \/>\n<meta property=\"og:type\" content=\"article\" \/>\n<meta property=\"og:title\" content=\"Corncob Filter Media\" \/>\n<meta property=\"og:description\" content=\"Corncob filter media for industrial water &amp; wastewater filtration \u2014 high-porosity, renewable biomass media with low head-loss and global bulk supply from YRD Activated Carbon.\" \/>\n<meta property=\"og:url\" content=\"https:\/\/yrdactivatedcarbon.com\/de\/product\/maiskolben-filtermedien\/\" \/>\n<meta property=\"article:modified_time\" content=\"2025-12-03T09:36:25+00:00\" \/>\n<meta property=\"og:image\" content=\"http:\/\/yrdactivatedcarbon.com\/wp-content\/uploads\/2025\/10\/Dried-Corn-COB-Meal-for-Poultry-Farming.webp\" \/>\n\t<meta property=\"og:image:width\" content=\"550\" \/>\n\t<meta property=\"og:image:height\" content=\"550\" \/>\n\t<meta property=\"og:image:type\" content=\"image\/webp\" \/>\n<meta name=\"twitter:card\" content=\"summary_large_image\" \/>\n<meta name=\"twitter:label1\" content=\"Gesch\u00e4tzte Lesezeit\" \/>\n\t<meta name=\"twitter:data1\" content=\"4\u00a0Minuten\" \/>\n<script type=\"application\/ld+json\" class=\"yoast-schema-graph\">{\"@context\":\"https:\\\/\\\/schema.org\",\"@graph\":[{\"@type\":\"WebPage\",\"@id\":\"https:\\\/\\\/yrdactivatedcarbon.com\\\/product\\\/corncob-filter-media\\\/\",\"url\":\"https:\\\/\\\/yrdactivatedcarbon.com\\\/product\\\/corncob-filter-media\\\/\",\"name\":\"Corncob Filter Media\",\"isPartOf\":{\"@id\":\"https:\\\/\\\/yrdactivatedcarbon.com\\\/#website\"},\"primaryImageOfPage\":{\"@id\":\"https:\\\/\\\/yrdactivatedcarbon.com\\\/product\\\/corncob-filter-media\\\/#primaryimage\"},\"image\":{\"@id\":\"https:\\\/\\\/yrdactivatedcarbon.com\\\/product\\\/corncob-filter-media\\\/#primaryimage\"},\"thumbnailUrl\":\"https:\\\/\\\/yrdactivatedcarbon.com\\\/wp-content\\\/uploads\\\/2025\\\/10\\\/Dried-Corn-COB-Meal-for-Poultry-Farming.webp\",\"datePublished\":\"2025-10-17T09:14:53+00:00\",\"dateModified\":\"2025-12-03T09:36:25+00:00\",\"description\":\"Corncob filter media for industrial water & wastewater filtration \u2014 high-porosity, renewable biomass media with low head-loss and global bulk supply from YRD Activated Carbon.\",\"breadcrumb\":{\"@id\":\"https:\\\/\\\/yrdactivatedcarbon.com\\\/product\\\/corncob-filter-media\\\/#breadcrumb\"},\"inLanguage\":\"de\",\"potentialAction\":[{\"@type\":\"ReadAction\",\"target\":[\"https:\\\/\\\/yrdactivatedcarbon.com\\\/product\\\/corncob-filter-media\\\/\"]}]},{\"@type\":\"ImageObject\",\"inLanguage\":\"de\",\"@id\":\"https:\\\/\\\/yrdactivatedcarbon.com\\\/product\\\/corncob-filter-media\\\/#primaryimage\",\"url\":\"https:\\\/\\\/yrdactivatedcarbon.com\\\/wp-content\\\/uploads\\\/2025\\\/10\\\/Dried-Corn-COB-Meal-for-Poultry-Farming.webp\",\"contentUrl\":\"https:\\\/\\\/yrdactivatedcarbon.com\\\/wp-content\\\/uploads\\\/2025\\\/10\\\/Dried-Corn-COB-Meal-for-Poultry-Farming.webp\",\"width\":550,\"height\":550},{\"@type\":\"BreadcrumbList\",\"@id\":\"https:\\\/\\\/yrdactivatedcarbon.com\\\/product\\\/corncob-filter-media\\\/#breadcrumb\",\"itemListElement\":[{\"@type\":\"ListItem\",\"position\":1,\"name\":\"\u9996\u9875\",\"item\":\"https:\\\/\\\/yrdactivatedcarbon.com\\\/\"},{\"@type\":\"ListItem\",\"position\":2,\"name\":\"Products\",\"item\":\"https:\\\/\\\/yrdactivatedcarbon.com\\\/shop__trashed\\\/\"},{\"@type\":\"ListItem\",\"position\":3,\"name\":\"Corncob Filter Media\"}]},{\"@type\":\"WebSite\",\"@id\":\"https:\\\/\\\/yrdactivatedcarbon.com\\\/#website\",\"url\":\"https:\\\/\\\/yrdactivatedcarbon.com\\\/\",\"name\":\"\",\"description\":\"\",\"publisher\":{\"@id\":\"https:\\\/\\\/yrdactivatedcarbon.com\\\/#\\\/schema\\\/person\\\/581e0ef9031155afdeefbcd492460987\"},\"potentialAction\":[{\"@type\":\"SearchAction\",\"target\":{\"@type\":\"EntryPoint\",\"urlTemplate\":\"https:\\\/\\\/yrdactivatedcarbon.com\\\/?s={search_term_string}\"},\"query-input\":{\"@type\":\"PropertyValueSpecification\",\"valueRequired\":true,\"valueName\":\"search_term_string\"}}],\"inLanguage\":\"de\"},{\"@type\":[\"Person\",\"Organization\"],\"@id\":\"https:\\\/\\\/yrdactivatedcarbon.com\\\/#\\\/schema\\\/person\\\/581e0ef9031155afdeefbcd492460987\",\"name\":\"Admin\",\"image\":{\"@type\":\"ImageObject\",\"inLanguage\":\"de\",\"@id\":\"https:\\\/\\\/yrdactivatedcarbon.com\\\/wp-content\\\/uploads\\\/2025\\\/10\\\/cropped-cropped-cropped-cropped-cropped-Gemini_Generated_Image_csnat5csnat5csna-removebg-preview.png\",\"url\":\"https:\\\/\\\/yrdactivatedcarbon.com\\\/wp-content\\\/uploads\\\/2025\\\/10\\\/cropped-cropped-cropped-cropped-cropped-Gemini_Generated_Image_csnat5csnat5csna-removebg-preview.png\",\"contentUrl\":\"https:\\\/\\\/yrdactivatedcarbon.com\\\/wp-content\\\/uploads\\\/2025\\\/10\\\/cropped-cropped-cropped-cropped-cropped-Gemini_Generated_Image_csnat5csnat5csna-removebg-preview.png\",\"width\":304,\"height\":88,\"caption\":\"Admin\"},\"logo\":{\"@id\":\"https:\\\/\\\/yrdactivatedcarbon.com\\\/wp-content\\\/uploads\\\/2025\\\/10\\\/cropped-cropped-cropped-cropped-cropped-Gemini_Generated_Image_csnat5csnat5csna-removebg-preview.png\"},\"sameAs\":[\"https:\\\/\\\/yrdactivatedcarbon.com\"],\"publishingPrinciples\":\"https:\\\/\\\/yrdactivatedcarbon.com\\\/\",\"ownershipFundingInfo\":\"https:\\\/\\\/yrdactivatedcarbon.com\\\/\"}]}<\/script>\n<!-- \/ Yoast SEO Premium plugin. -->","yoast_head_json":{"title":"Maiskolben-Filtermedien","description":"Maiskolben-Filtermedien f\u00fcr die industrielle Wasser- und Abwasserfiltration - hochpor\u00f6se, erneuerbare Biomasse-Medien mit geringem Druckverlust und weltweitem Angebot von YRD Activated Carbon.","robots":{"index":"index","follow":"follow","max-snippet":"max-snippet:-1","max-image-preview":"max-image-preview:large","max-video-preview":"max-video-preview:-1"},"canonical":"https:\/\/yrdactivatedcarbon.com\/de\/product\/maiskolben-filtermedien\/","og_locale":"de_DE","og_type":"article","og_title":"Corncob Filter Media","og_description":"Corncob filter media for industrial water & wastewater filtration \u2014 high-porosity, renewable biomass media with low head-loss and global bulk supply from YRD Activated Carbon.","og_url":"https:\/\/yrdactivatedcarbon.com\/de\/product\/maiskolben-filtermedien\/","article_modified_time":"2025-12-03T09:36:25+00:00","og_image":[{"width":550,"height":550,"url":"http:\/\/yrdactivatedcarbon.com\/wp-content\/uploads\/2025\/10\/Dried-Corn-COB-Meal-for-Poultry-Farming.webp","type":"image\/webp"}],"twitter_card":"summary_large_image","twitter_misc":{"Gesch\u00e4tzte Lesezeit":"4\u00a0Minuten"},"schema":{"@context":"https:\/\/schema.org","@graph":[{"@type":"WebPage","@id":"https:\/\/yrdactivatedcarbon.com\/product\/corncob-filter-media\/","url":"https:\/\/yrdactivatedcarbon.com\/product\/corncob-filter-media\/","name":"Maiskolben-Filtermedien","isPartOf":{"@id":"https:\/\/yrdactivatedcarbon.com\/#website"},"primaryImageOfPage":{"@id":"https:\/\/yrdactivatedcarbon.com\/product\/corncob-filter-media\/#primaryimage"},"image":{"@id":"https:\/\/yrdactivatedcarbon.com\/product\/corncob-filter-media\/#primaryimage"},"thumbnailUrl":"https:\/\/yrdactivatedcarbon.com\/wp-content\/uploads\/2025\/10\/Dried-Corn-COB-Meal-for-Poultry-Farming.webp","datePublished":"2025-10-17T09:14:53+00:00","dateModified":"2025-12-03T09:36:25+00:00","description":"Maiskolben-Filtermedien f\u00fcr die industrielle Wasser- und Abwasserfiltration - hochpor\u00f6se, erneuerbare Biomasse-Medien mit geringem Druckverlust und weltweitem Angebot von YRD Activated Carbon.","breadcrumb":{"@id":"https:\/\/yrdactivatedcarbon.com\/product\/corncob-filter-media\/#breadcrumb"},"inLanguage":"de","potentialAction":[{"@type":"ReadAction","target":["https:\/\/yrdactivatedcarbon.com\/product\/corncob-filter-media\/"]}]},{"@type":"ImageObject","inLanguage":"de","@id":"https:\/\/yrdactivatedcarbon.com\/product\/corncob-filter-media\/#primaryimage","url":"https:\/\/yrdactivatedcarbon.com\/wp-content\/uploads\/2025\/10\/Dried-Corn-COB-Meal-for-Poultry-Farming.webp","contentUrl":"https:\/\/yrdactivatedcarbon.com\/wp-content\/uploads\/2025\/10\/Dried-Corn-COB-Meal-for-Poultry-Farming.webp","width":550,"height":550},{"@type":"BreadcrumbList","@id":"https:\/\/yrdactivatedcarbon.com\/product\/corncob-filter-media\/#breadcrumb","itemListElement":[{"@type":"ListItem","position":1,"name":"\u9996\u9875","item":"https:\/\/yrdactivatedcarbon.com\/"},{"@type":"ListItem","position":2,"name":"Products","item":"https:\/\/yrdactivatedcarbon.com\/shop__trashed\/"},{"@type":"ListItem","position":3,"name":"Corncob Filter Media"}]},{"@type":"WebSite","@id":"https:\/\/yrdactivatedcarbon.com\/#website","url":"https:\/\/yrdactivatedcarbon.com\/","name":"","description":"","publisher":{"@id":"https:\/\/yrdactivatedcarbon.com\/#\/schema\/person\/581e0ef9031155afdeefbcd492460987"},"potentialAction":[{"@type":"SearchAction","target":{"@type":"EntryPoint","urlTemplate":"https:\/\/yrdactivatedcarbon.com\/?s={search_term_string}"},"query-input":{"@type":"PropertyValueSpecification","valueRequired":true,"valueName":"search_term_string"}}],"inLanguage":"de"},{"@type":["Person","Organization"],"@id":"https:\/\/yrdactivatedcarbon.com\/#\/schema\/person\/581e0ef9031155afdeefbcd492460987","name":"Verwaltung","image":{"@type":"ImageObject","inLanguage":"de","@id":"https:\/\/yrdactivatedcarbon.com\/wp-content\/uploads\/2025\/10\/cropped-cropped-cropped-cropped-cropped-Gemini_Generated_Image_csnat5csnat5csna-removebg-preview.png","url":"https:\/\/yrdactivatedcarbon.com\/wp-content\/uploads\/2025\/10\/cropped-cropped-cropped-cropped-cropped-Gemini_Generated_Image_csnat5csnat5csna-removebg-preview.png","contentUrl":"https:\/\/yrdactivatedcarbon.com\/wp-content\/uploads\/2025\/10\/cropped-cropped-cropped-cropped-cropped-Gemini_Generated_Image_csnat5csnat5csna-removebg-preview.png","width":304,"height":88,"caption":"Admin"},"logo":{"@id":"https:\/\/yrdactivatedcarbon.com\/wp-content\/uploads\/2025\/10\/cropped-cropped-cropped-cropped-cropped-Gemini_Generated_Image_csnat5csnat5csna-removebg-preview.png"},"sameAs":["https:\/\/yrdactivatedcarbon.com"],"publishingPrinciples":"https:\/\/yrdactivatedcarbon.com\/","ownershipFundingInfo":"https:\/\/yrdactivatedcarbon.com\/"}]}},"_links":{"self":[{"href":"https:\/\/yrdactivatedcarbon.com\/de\/wp-json\/wp\/v2\/product\/1153","targetHints":{"allow":["GET"]}}],"collection":[{"href":"https:\/\/yrdactivatedcarbon.com\/de\/wp-json\/wp\/v2\/product"}],"about":[{"href":"https:\/\/yrdactivatedcarbon.com\/de\/wp-json\/wp\/v2\/types\/product"}],"version-history":[{"count":4,"href":"https:\/\/yrdactivatedcarbon.com\/de\/wp-json\/wp\/v2\/product\/1153\/revisions"}],"predecessor-version":[{"id":1399,"href":"https:\/\/yrdactivatedcarbon.com\/de\/wp-json\/wp\/v2\/product\/1153\/revisions\/1399"}],"wp:featuredmedia":[{"embeddable":true,"href":"https:\/\/yrdactivatedcarbon.com\/de\/wp-json\/wp\/v2\/media\/1397"}],"wp:attachment":[{"href":"https:\/\/yrdactivatedcarbon.com\/de\/wp-json\/wp\/v2\/media?parent=1153"}],"wp:term":[{"taxonomy":"product_brand","embeddable":true,"href":"https:\/\/yrdactivatedcarbon.com\/de\/wp-json\/wp\/v2\/product_brand?post=1153"},{"taxonomy":"product_cat","embeddable":true,"href":"https:\/\/yrdactivatedcarbon.com\/de\/wp-json\/wp\/v2\/product_cat?post=1153"},{"taxonomy":"product_tag","embeddable":true,"href":"https:\/\/yrdactivatedcarbon.com\/de\/wp-json\/wp\/v2\/product_tag?post=1153"}],"curies":[{"name":"wp","href":"https:\/\/api.w.org\/{rel}","templated":true}]}}