{"id":1616,"date":"2025-10-27T17:38:38","date_gmt":"2025-10-27T09:38:38","guid":{"rendered":"https:\/\/yrdactivatedcarbon.com\/?post_type=product&#038;p=1616"},"modified":"2025-12-03T17:29:10","modified_gmt":"2025-12-03T09:29:10","slug":"kornige-aktivkohle-gac","status":"publish","type":"product","link":"https:\/\/yrdactivatedcarbon.com\/de\/product\/kornige-aktivkohle-gac\/","title":{"rendered":"Granulierte Aktivkohle (GAC)"},"content":{"rendered":"<h2 dir=\"auto\">Technische Daten<\/h2>\n<p dir=\"auto\">In der folgenden Tabelle sind die wichtigsten physikalischen und chemischen Eigenschaften unserer Standard-Aktivkohlegranulate aufgef\u00fchrt. Sie basieren auf strengen Labortests und orientieren sich an internationalen Benchmarks wie ASTM- und AWWA-Normen. Die Werte stellen Mindest- oder H\u00f6chstwerte dar, sofern sie nicht als typisch angegeben sind. Aus Gr\u00fcnden der globalen Kompatibilit\u00e4t werden zwei Einheiten (metrisch\/imperial) angegeben.<\/p>\n<table>\n<thead>\n<tr>\n<th data-col-size=\"lg\">Eigentum<\/th>\n<th data-col-size=\"lg\">Spezifikation<\/th>\n<th data-col-size=\"md\">Pr\u00fcfverfahren<\/th>\n<th data-col-size=\"sm\">Einheiten (metrisch\/imperial)<\/th>\n<\/tr>\n<\/thead>\n<tbody>\n<tr>\n<td data-col-size=\"lg\">Jodzahl<\/td>\n<td data-col-size=\"lg\">900 min<\/td>\n<td data-col-size=\"md\">ASTM D4607<\/td>\n<td data-col-size=\"sm\">mg\/g<\/td>\n<\/tr>\n<tr>\n<td data-col-size=\"lg\">Feuchtigkeitsgehalt<\/td>\n<td data-col-size=\"lg\">2% max<\/td>\n<td data-col-size=\"md\">ASTM D2867<\/td>\n<td data-col-size=\"sm\">% nach Gewicht<\/td>\n<\/tr>\n<tr>\n<td data-col-size=\"lg\">Scheinbare Dichte (gestampft)<\/td>\n<td data-col-size=\"lg\">0,5-0,56 typisch<\/td>\n<td data-col-size=\"md\">ASTM D2854<\/td>\n<td data-col-size=\"sm\">g\/cc (31-35 lb\/ft\u00b3)<\/td>\n<\/tr>\n<tr>\n<td data-col-size=\"lg\">H\u00e4rte (Kugel-Pfanne)<\/td>\n<td data-col-size=\"lg\">90 min<\/td>\n<td data-col-size=\"md\">ASTM D3802<\/td>\n<td data-col-size=\"sm\">%<\/td>\n<\/tr>\n<tr>\n<td data-col-size=\"lg\">Abrasion Nummer<\/td>\n<td data-col-size=\"lg\">75-80 min<\/td>\n<td data-col-size=\"md\">AWWA B604<\/td>\n<td data-col-size=\"sm\">%<\/td>\n<\/tr>\n<tr>\n<td data-col-size=\"lg\">Effektive Gr\u00f6\u00dfe<\/td>\n<td data-col-size=\"lg\">0.8-1.2<\/td>\n<td data-col-size=\"md\">ASTM D2862<\/td>\n<td data-col-size=\"sm\">mm<\/td>\n<\/tr>\n<tr>\n<td data-col-size=\"lg\">Gleichm\u00e4\u00dfigkeitskoeffizient<\/td>\n<td data-col-size=\"lg\">1,5-1,8 max<\/td>\n<td data-col-size=\"md\">ASTM D2862<\/td>\n<td data-col-size=\"sm\">&#8211;<\/td>\n<\/tr>\n<tr>\n<td data-col-size=\"lg\">Partikelgr\u00f6\u00dfe (Mesh)<\/td>\n<td data-col-size=\"lg\">8\u00d730 oder 12\u00d740<\/td>\n<td data-col-size=\"md\">ASTM D2862<\/td>\n<td data-col-size=\"sm\">US-Siebserie<\/td>\n<\/tr>\n<tr>\n<td data-col-size=\"lg\">Aschegehalt<\/td>\n<td data-col-size=\"lg\">8-10% max<\/td>\n<td data-col-size=\"md\">ASTM D2866<\/td>\n<td data-col-size=\"sm\">% nach Gewicht<\/td>\n<\/tr>\n<tr>\n<td data-col-size=\"lg\">pH-Wert (Wasserauszug)<\/td>\n<td data-col-size=\"lg\">8-10 typisch<\/td>\n<td data-col-size=\"md\">ASTM D3838<\/td>\n<td data-col-size=\"sm\">&#8211;<\/td>\n<\/tr>\n<tr>\n<td data-col-size=\"lg\">Butan Arbeitskapazit\u00e4t<\/td>\n<td data-col-size=\"lg\">9 mg\/cc min<\/td>\n<td data-col-size=\"md\">ASTM D5228<\/td>\n<td data-col-size=\"sm\">mg\/cc<\/td>\n<\/tr>\n<tr>\n<td data-col-size=\"lg\">CTC-Aktivit\u00e4t<\/td>\n<td data-col-size=\"lg\">50-60% typisch<\/td>\n<td data-col-size=\"md\">ASTM D3467<\/td>\n<td data-col-size=\"sm\">% nach Gewicht<\/td>\n<\/tr>\n<\/tbody>\n<\/table>\n<p dir=\"auto\">*Hinweis: Die Spezifikationen k\u00f6nnen je nach Rohstoffquelle (Kohle oder Kokosnussschale) leicht variieren. Kundenspezifische Formulierungen f\u00fcr spezifische Anwendungen sind verf\u00fcgbar. Alle Leistungsdaten sind durch unabh\u00e4ngige Laborergebnisse verifizierbar.<\/p>\n<h2 dir=\"auto\">Anwendungen<\/h2>\n<p dir=\"auto\">Granulierte Aktivkohle ist ein vielseitiges Filtrationsmedium mit bew\u00e4hrter Wirksamkeit in verschiedenen Branchen. Zu den Hauptanwendungen geh\u00f6ren:<\/p>\n<ul dir=\"auto\">\n<li><strong>Trinkwasseraufbereitung<\/strong>: Entfernung von Chlor, Chloraminen, Geschmacks-\/Geruchsstoffen (z. B. MIB und Geosmin) und organischen Verunreinigungen wie PFAS, Herbiziden und gef\u00e4hrlichen Algentoxinen (HABs) aus Oberfl\u00e4chen- und Grundwasserquellen.<\/li>\n<li><strong>Abwassersanierung und Industriesanierung<\/strong>: Adsorption von fl\u00fcchtigen organischen Verbindungen (VOC), Mineral\u00f6lkohlenwasserstoffen (z. B. BTEX), polychlorierten Biphenylen (PCB) und Schwermetallen aus Industrieabw\u00e4ssern, um die Einhaltung von Umweltvorschriften zu gew\u00e4hrleisten.<\/li>\n<li><strong>Reinigung von Luft und Gas<\/strong>: Beseitigung von Ger\u00fcchen, gef\u00e4hrlichen Gasen (z. B. Schwefelwasserstoff) und fl\u00fcchtigen organischen Stoffen in L\u00fcftungsanlagen, bei der Biogasaufbereitung und bei industriellen Abgasen.<\/li>\n<li><strong>Lebensmittel- und Getr\u00e4nkeindustrie<\/strong>: Entf\u00e4rbung, Reinigung und Entfernung von Verunreinigungen in Abf\u00fcll-, Brauerei- und pharmazeutischen Wasserstr\u00f6men.<\/li>\n<li><strong>Umwelt- und Grundwassersanierung<\/strong>: Wirksam in Pump-and-Treat-Systemen zur Standortsanierung, einschlie\u00dflich Kohleverbrennungsr\u00fcckst\u00e4nden (CCR) und L\u00f6sungsmittelr\u00fcckgewinnung.<\/li>\n<li><strong>Aquarien- und Teichfiltration<\/strong>: Bewahrt klares, schadstofffreies Wasser f\u00fcr die aquatische Umwelt.<\/li>\n<\/ul>\n<p dir=\"auto\">Durch die Konzentration auf die Adsorptionseffizienz geht GAC auf die Hauptprobleme der Kunden ein, wie z. B. die Einhaltung von Vorschriften, Betriebssicherheit und Kosteneinsparungen durch geringeren Chemikalienverbrauch und l\u00e4ngere Lebensdauer.<\/p>\n<p><a dir=\"auto\" style=\"display: inline-block; padding: 12px 28px; border-radius: 999px; background: #0067ff; color: #ffffff; font-size: 20px; font-weight: 600; text-decoration: none; cursor: pointer;\" href=\"mailto:info@yrdcarbon.com\">Erhalten Sie kostenlose Qualit\u00e4tsmuster zum Testen<\/a><\/p>\n<h2 dir=\"auto\">Zertifizierungen und Normen<\/h2>\n<ul dir=\"auto\">\n<li><strong>Einhaltung von Qualit\u00e4t und Sicherheit<\/strong>: NSF\/ANSI 61-zertifiziert f\u00fcr Trinkwasseranwendungen; AWWA B604 f\u00fcr granulierte Aktivkohle; Codex-konform f\u00fcr Lebensmittelchemikalien.<\/li>\n<li><strong>Internationale Normen<\/strong>: Entspricht ASTM (z. B. D4607 f\u00fcr Jod, D3802 f\u00fcr H\u00e4rte), ISO (z. B. allgemeine Anforderungen f\u00fcr Aktivkohle) und EN 12915 f\u00fcr Wasseraufbereitungskohlen.<\/li>\n<li><strong>Umwelt und Regulierung<\/strong>: REACH-konform f\u00fcr EU-M\u00e4rkte; Halal- und Kosher-zertifizierte Optionen verf\u00fcgbar; wenig extrahierbare Metalle, um die weltweiten Handelsbestimmungen zu erf\u00fcllen.<\/li>\n<li><strong>Pr\u00fcfung und Validierung<\/strong>: Alle Chargen werden im Hinblick auf ihre Leistung von einem unabh\u00e4ngigen Labor \u00fcberpr\u00fcft, das auf Anfrage Analysezertifikate zur Verf\u00fcgung stellt.<\/li>\n<\/ul>\n<h2 dir=\"auto\">Verpackung und Handhabung<\/h2>\n<ul dir=\"auto\">\n<li><strong>Standard-Verpackung<\/strong>: Erh\u00e4ltlich in mehrlagigen Beuteln von 25 kg (55 lb), in Supers\u00e4cken von 500-1000 kg (1100-2200 lb) oder in pneumatischen Anh\u00e4ngern f\u00fcr Gro\u00dftransporte.<\/li>\n<li><strong>Empfehlungen zur Lagerung<\/strong>: An einem trockenen, \u00fcberdachten Ort fern von starken Oxidationsmitteln lagern. Bei sachgem\u00e4\u00dfer Lagerung mehr als 5 Jahre lagerf\u00e4hig.<\/li>\n<li><strong>Richtlinien zur Handhabung<\/strong>: Verwenden Sie w\u00e4hrend des Transfers geeignete PSA (Handschuhe, Staubmaske). Neue Installationen gem\u00e4\u00df den Herstellerrichtlinien r\u00fccksp\u00fclen, um Feinstoffe zu entfernen und eine optimale Leistung zu gew\u00e4hrleisten (z. B. anf\u00e4ngliches Einweichen f\u00fcr 16+ Stunden, gefolgt von abgestuften Durchflussraten bis zu 18,5 gpm\/ft\u00b2).<\/li>\n<li><strong>Transport<\/strong>: Ungef\u00e4hrlich gem\u00e4\u00df UN-Vorschriften; geeignet f\u00fcr den internationalen Versand mit HS-Code 3802.10.<\/li>\n<\/ul>\n<h2 dir=\"auto\">Informationen zur Sicherheit<\/h2>\n<p dir=\"auto\">Nasse Aktivkohle verbraucht Sauerstoff in geschlossenen R\u00e4umen - f\u00fcr ausreichende Bel\u00fcftung sorgen und die Verfahren zum Betreten von geschlossenen R\u00e4umen befolgen. Nicht brennbar, kann aber die Verbrennung f\u00f6rdern; Kontakt mit starken Oxidationsmitteln vermeiden. Im Falle einer Staubexposition Augen\/Haut mit Wasser sp\u00fclen. Ausf\u00fchrliche Informationen finden Sie im SDB. In Notf\u00e4llen die \u00f6rtlichen Beh\u00f6rden verst\u00e4ndigen.<\/p>\n<p><a dir=\"auto\" style=\"display: inline-block; padding: 12px 28px; border-radius: 999px; background: #0067ff; color: #ffffff; font-size: 20px; font-weight: 600; text-decoration: none; cursor: pointer;\" href=\"mailto:info@yrdcarbon.com\">Erhalten Sie kostenlose Qualit\u00e4tsmuster zum Testen<\/a><\/p>","protected":false},"excerpt":{"rendered":"<p><a dir=\"auto\" style=\"display: inline-block; padding: 12px 28px; border-radius: 999px; background: #0067ff; color: #ffffff; font-size: 20px; font-weight: 600; text-decoration: none; cursor: pointer; \" href=\"mailto:info@yrdcarbon.com\">Erhalten Sie kostenlose Qualit\u00e4tsmuster zum Testen<\/a><\/p>\n<p dir=\"auto\">Granulierte Aktivkohle (GAC) ist ein hochpor\u00f6ses, dampfaktiviertes Adsorptionsmittel, das aus ausgew\u00e4hlten Sorten von Steinkohle oder Kokosnussschalen gewonnen wird und f\u00fcr eine hervorragende Entfernung von gel\u00f6sten organischen und anorganischen Verunreinigungen in Wasser- und Luftreinigungsanwendungen entwickelt wurde.<\/p>\n<p dir=\"auto\">Mit seiner gro\u00dfen inneren Oberfl\u00e4che (typischerweise 800-1200 m\u00b2\/g) eignet sich GAC hervorragend f\u00fcr Adsorptionsprozesse und beseitigt effektiv Geschmacks- und Geruchsstoffe, fl\u00fcchtige organische Verbindungen (VOC), chlorierte L\u00f6sungsmittel und andere Verunreinigungen, um eine hohe Qualit\u00e4t bei der Trinkwasseraufbereitung, Abwassersanierung und industriellen Prozessen zu gew\u00e4hrleisten. Dieses Produkt ist auf Langlebigkeit ausgelegt und verf\u00fcgt \u00fcber eine hohe Abriebfestigkeit und mechanische Festigkeit, wodurch es sich ideal f\u00fcr Festbettfiltrationssysteme eignet, bei denen wiederholte R\u00fccksp\u00fclungen und hydraulischer Transport \u00fcblich sind.<\/p>","protected":false},"featured_media":1617,"template":"","meta":{"site-sidebar-layout":"default","site-content-layout":"","ast-site-content-layout":"default","site-content-style":"default","site-sidebar-style":"default","ast-global-header-display":"","ast-banner-title-visibility":"","ast-main-header-display":"","ast-hfb-above-header-display":"","ast-hfb-below-header-display":"","ast-hfb-mobile-header-display":"","site-post-title":"","ast-breadcrumbs-content":"","ast-featured-img":"","footer-sml-layout":"","ast-disable-related-posts":"","theme-transparent-header-meta":"default","adv-header-id-meta":"","stick-header-meta":"","header-above-stick-meta":"","header-main-stick-meta":"","header-below-stick-meta":"","astra-migrate-meta-layouts":"set","ast-page-background-enabled":"default","ast-page-background-meta":{"desktop":{"background-color":"var(--ast-global-color-4)","background-image":"","background-repeat":"repeat","background-position":"center center","background-size":"auto","background-attachment":"scroll","background-type":"","background-media":"","overlay-type":"","overlay-color":"","overlay-opacity":"","overlay-gradient":""},"tablet":{"background-color":"","background-image":"","background-repeat":"repeat","background-position":"center center","background-size":"auto","background-attachment":"scroll","background-type":"","background-media":"","overlay-type":"","overlay-color":"","overlay-opacity":"","overlay-gradient":""},"mobile":{"background-color":"","background-image":"","background-repeat":"repeat","background-position":"center center","background-size":"auto","background-attachment":"scroll","background-type":"","background-media":"","overlay-type":"","overlay-color":"","overlay-opacity":"","overlay-gradient":""}},"ast-content-background-meta":{"desktop":{"background-color":"var(--ast-global-color-5)","background-image":"","background-repeat":"repeat","background-position":"center center","background-size":"auto","background-attachment":"scroll","background-type":"","background-media":"","overlay-type":"","overlay-color":"","overlay-opacity":"","overlay-gradient":""},"tablet":{"background-color":"var(--ast-global-color-5)","background-image":"","background-repeat":"repeat","background-position":"center center","background-size":"auto","background-attachment":"scroll","background-type":"","background-media":"","overlay-type":"","overlay-color":"","overlay-opacity":"","overlay-gradient":""},"mobile":{"background-color":"var(--ast-global-color-5)","background-image":"","background-repeat":"repeat","background-position":"center center","background-size":"auto","background-attachment":"scroll","background-type":"","background-media":"","overlay-type":"","overlay-color":"","overlay-opacity":"","overlay-gradient":""}}},"product_brand":[],"product_cat":[15],"product_tag":[],"class_list":{"0":"post-1616","1":"product","2":"type-product","3":"status-publish","4":"has-post-thumbnail","6":"product_cat-activated-carbon-series","7":"desktop-align-left","8":"tablet-align-left","9":"mobile-align-left","11":"first","12":"instock","13":"shipping-taxable","14":"product-type-simple"},"yoast_head":"<!-- This site is optimized with the Yoast SEO Premium plugin v26.0 (Yoast SEO v27.4) - https:\/\/yoast.com\/product\/yoast-seo-premium-wordpress\/ -->\n<title>Granular Activated Carbon (GAC)<\/title>\n<meta name=\"description\" content=\"Discover high-performance Granular Activated Carbon (GAC) for water and air purification. Ideal for industrial filtration, wastewater treatment, and potable water systems. Compliant with ASTM, ISO standards. Bulk supply for B2B buyers worldwide.\" \/>\n<meta name=\"robots\" content=\"index, follow, max-snippet:-1, max-image-preview:large, max-video-preview:-1\" \/>\n<link rel=\"canonical\" href=\"https:\/\/yrdactivatedcarbon.com\/de\/product\/kornige-aktivkohle-gac\/\" \/>\n<meta property=\"og:locale\" content=\"de_DE\" \/>\n<meta property=\"og:type\" content=\"article\" \/>\n<meta property=\"og:title\" content=\"Granular Activated Carbon (GAC)\" \/>\n<meta property=\"og:description\" content=\"Discover high-performance Granular Activated Carbon (GAC) for water and air purification. Ideal for industrial filtration, wastewater treatment, and potable water systems. Compliant with ASTM, ISO standards. Bulk supply for B2B buyers worldwide.\" \/>\n<meta property=\"og:url\" content=\"https:\/\/yrdactivatedcarbon.com\/de\/product\/kornige-aktivkohle-gac\/\" \/>\n<meta property=\"article:modified_time\" content=\"2025-12-03T09:29:10+00:00\" \/>\n<meta property=\"og:image\" content=\"http:\/\/yrdactivatedcarbon.com\/wp-content\/uploads\/2025\/10\/Granular-activated-carbon-fact-sheet.jpg\" \/>\n\t<meta property=\"og:image:width\" content=\"1200\" \/>\n\t<meta property=\"og:image:height\" content=\"679\" \/>\n\t<meta property=\"og:image:type\" content=\"image\/jpeg\" \/>\n<meta name=\"twitter:card\" content=\"summary_large_image\" \/>\n<meta name=\"twitter:label1\" content=\"Gesch\u00e4tzte Lesezeit\" \/>\n\t<meta name=\"twitter:data1\" content=\"3\u00a0Minuten\" \/>\n<script type=\"application\/ld+json\" class=\"yoast-schema-graph\">{\"@context\":\"https:\\\/\\\/schema.org\",\"@graph\":[{\"@type\":\"WebPage\",\"@id\":\"https:\\\/\\\/yrdactivatedcarbon.com\\\/product\\\/granular-activated-carbon-gac\\\/\",\"url\":\"https:\\\/\\\/yrdactivatedcarbon.com\\\/product\\\/granular-activated-carbon-gac\\\/\",\"name\":\"Granular Activated Carbon (GAC)\",\"isPartOf\":{\"@id\":\"https:\\\/\\\/yrdactivatedcarbon.com\\\/#website\"},\"primaryImageOfPage\":{\"@id\":\"https:\\\/\\\/yrdactivatedcarbon.com\\\/product\\\/granular-activated-carbon-gac\\\/#primaryimage\"},\"image\":{\"@id\":\"https:\\\/\\\/yrdactivatedcarbon.com\\\/product\\\/granular-activated-carbon-gac\\\/#primaryimage\"},\"thumbnailUrl\":\"https:\\\/\\\/yrdactivatedcarbon.com\\\/wp-content\\\/uploads\\\/2025\\\/10\\\/Granular-activated-carbon-fact-sheet.jpg\",\"datePublished\":\"2025-10-27T09:38:38+00:00\",\"dateModified\":\"2025-12-03T09:29:10+00:00\",\"description\":\"Discover high-performance Granular Activated Carbon (GAC) for water and air purification. Ideal for industrial filtration, wastewater treatment, and potable water systems. Compliant with ASTM, ISO standards. Bulk supply for B2B buyers worldwide.\",\"breadcrumb\":{\"@id\":\"https:\\\/\\\/yrdactivatedcarbon.com\\\/product\\\/granular-activated-carbon-gac\\\/#breadcrumb\"},\"inLanguage\":\"de\",\"potentialAction\":[{\"@type\":\"ReadAction\",\"target\":[\"https:\\\/\\\/yrdactivatedcarbon.com\\\/product\\\/granular-activated-carbon-gac\\\/\"]}]},{\"@type\":\"ImageObject\",\"inLanguage\":\"de\",\"@id\":\"https:\\\/\\\/yrdactivatedcarbon.com\\\/product\\\/granular-activated-carbon-gac\\\/#primaryimage\",\"url\":\"https:\\\/\\\/yrdactivatedcarbon.com\\\/wp-content\\\/uploads\\\/2025\\\/10\\\/Granular-activated-carbon-fact-sheet.jpg\",\"contentUrl\":\"https:\\\/\\\/yrdactivatedcarbon.com\\\/wp-content\\\/uploads\\\/2025\\\/10\\\/Granular-activated-carbon-fact-sheet.jpg\",\"width\":1200,\"height\":679},{\"@type\":\"BreadcrumbList\",\"@id\":\"https:\\\/\\\/yrdactivatedcarbon.com\\\/product\\\/granular-activated-carbon-gac\\\/#breadcrumb\",\"itemListElement\":[{\"@type\":\"ListItem\",\"position\":1,\"name\":\"\u9996\u9875\",\"item\":\"https:\\\/\\\/yrdactivatedcarbon.com\\\/\"},{\"@type\":\"ListItem\",\"position\":2,\"name\":\"Products\",\"item\":\"https:\\\/\\\/yrdactivatedcarbon.com\\\/shop__trashed\\\/\"},{\"@type\":\"ListItem\",\"position\":3,\"name\":\"Granular Activated Carbon (GAC)\"}]},{\"@type\":\"WebSite\",\"@id\":\"https:\\\/\\\/yrdactivatedcarbon.com\\\/#website\",\"url\":\"https:\\\/\\\/yrdactivatedcarbon.com\\\/\",\"name\":\"\",\"description\":\"\",\"publisher\":{\"@id\":\"https:\\\/\\\/yrdactivatedcarbon.com\\\/#\\\/schema\\\/person\\\/581e0ef9031155afdeefbcd492460987\"},\"potentialAction\":[{\"@type\":\"SearchAction\",\"target\":{\"@type\":\"EntryPoint\",\"urlTemplate\":\"https:\\\/\\\/yrdactivatedcarbon.com\\\/?s={search_term_string}\"},\"query-input\":{\"@type\":\"PropertyValueSpecification\",\"valueRequired\":true,\"valueName\":\"search_term_string\"}}],\"inLanguage\":\"de\"},{\"@type\":[\"Person\",\"Organization\"],\"@id\":\"https:\\\/\\\/yrdactivatedcarbon.com\\\/#\\\/schema\\\/person\\\/581e0ef9031155afdeefbcd492460987\",\"name\":\"Admin\",\"image\":{\"@type\":\"ImageObject\",\"inLanguage\":\"de\",\"@id\":\"https:\\\/\\\/yrdactivatedcarbon.com\\\/wp-content\\\/uploads\\\/2025\\\/10\\\/cropped-cropped-cropped-cropped-cropped-Gemini_Generated_Image_csnat5csnat5csna-removebg-preview.png\",\"url\":\"https:\\\/\\\/yrdactivatedcarbon.com\\\/wp-content\\\/uploads\\\/2025\\\/10\\\/cropped-cropped-cropped-cropped-cropped-Gemini_Generated_Image_csnat5csnat5csna-removebg-preview.png\",\"contentUrl\":\"https:\\\/\\\/yrdactivatedcarbon.com\\\/wp-content\\\/uploads\\\/2025\\\/10\\\/cropped-cropped-cropped-cropped-cropped-Gemini_Generated_Image_csnat5csnat5csna-removebg-preview.png\",\"width\":304,\"height\":88,\"caption\":\"Admin\"},\"logo\":{\"@id\":\"https:\\\/\\\/yrdactivatedcarbon.com\\\/wp-content\\\/uploads\\\/2025\\\/10\\\/cropped-cropped-cropped-cropped-cropped-Gemini_Generated_Image_csnat5csnat5csna-removebg-preview.png\"},\"sameAs\":[\"https:\\\/\\\/yrdactivatedcarbon.com\"],\"publishingPrinciples\":\"https:\\\/\\\/yrdactivatedcarbon.com\\\/\",\"ownershipFundingInfo\":\"https:\\\/\\\/yrdactivatedcarbon.com\\\/\"}]}<\/script>\n<!-- \/ Yoast SEO Premium plugin. -->","yoast_head_json":{"title":"Granulierte Aktivkohle (GAC)","description":"Entdecken Sie leistungsstarke Granulierte Aktivkohle (GAC) f\u00fcr die Wasser- und Luftreinigung. Ideal f\u00fcr industrielle Filtration, Abwasseraufbereitung und Trinkwassersysteme. Entspricht den ASTM- und ISO-Normen. Lieferung in gro\u00dfen Mengen f\u00fcr B2B-Kunden weltweit.","robots":{"index":"index","follow":"follow","max-snippet":"max-snippet:-1","max-image-preview":"max-image-preview:large","max-video-preview":"max-video-preview:-1"},"canonical":"https:\/\/yrdactivatedcarbon.com\/de\/product\/kornige-aktivkohle-gac\/","og_locale":"de_DE","og_type":"article","og_title":"Granular Activated Carbon (GAC)","og_description":"Discover high-performance Granular Activated Carbon (GAC) for water and air purification. Ideal for industrial filtration, wastewater treatment, and potable water systems. Compliant with ASTM, ISO standards. Bulk supply for B2B buyers worldwide.","og_url":"https:\/\/yrdactivatedcarbon.com\/de\/product\/kornige-aktivkohle-gac\/","article_modified_time":"2025-12-03T09:29:10+00:00","og_image":[{"width":1200,"height":679,"url":"http:\/\/yrdactivatedcarbon.com\/wp-content\/uploads\/2025\/10\/Granular-activated-carbon-fact-sheet.jpg","type":"image\/jpeg"}],"twitter_card":"summary_large_image","twitter_misc":{"Gesch\u00e4tzte Lesezeit":"3\u00a0Minuten"},"schema":{"@context":"https:\/\/schema.org","@graph":[{"@type":"WebPage","@id":"https:\/\/yrdactivatedcarbon.com\/product\/granular-activated-carbon-gac\/","url":"https:\/\/yrdactivatedcarbon.com\/product\/granular-activated-carbon-gac\/","name":"Granulierte Aktivkohle (GAC)","isPartOf":{"@id":"https:\/\/yrdactivatedcarbon.com\/#website"},"primaryImageOfPage":{"@id":"https:\/\/yrdactivatedcarbon.com\/product\/granular-activated-carbon-gac\/#primaryimage"},"image":{"@id":"https:\/\/yrdactivatedcarbon.com\/product\/granular-activated-carbon-gac\/#primaryimage"},"thumbnailUrl":"https:\/\/yrdactivatedcarbon.com\/wp-content\/uploads\/2025\/10\/Granular-activated-carbon-fact-sheet.jpg","datePublished":"2025-10-27T09:38:38+00:00","dateModified":"2025-12-03T09:29:10+00:00","description":"Entdecken Sie leistungsstarke Granulierte Aktivkohle (GAC) f\u00fcr die Wasser- und Luftreinigung. Ideal f\u00fcr industrielle Filtration, Abwasseraufbereitung und Trinkwassersysteme. Entspricht den ASTM- und ISO-Normen. Lieferung in gro\u00dfen Mengen f\u00fcr B2B-Kunden weltweit.","breadcrumb":{"@id":"https:\/\/yrdactivatedcarbon.com\/product\/granular-activated-carbon-gac\/#breadcrumb"},"inLanguage":"de","potentialAction":[{"@type":"ReadAction","target":["https:\/\/yrdactivatedcarbon.com\/product\/granular-activated-carbon-gac\/"]}]},{"@type":"ImageObject","inLanguage":"de","@id":"https:\/\/yrdactivatedcarbon.com\/product\/granular-activated-carbon-gac\/#primaryimage","url":"https:\/\/yrdactivatedcarbon.com\/wp-content\/uploads\/2025\/10\/Granular-activated-carbon-fact-sheet.jpg","contentUrl":"https:\/\/yrdactivatedcarbon.com\/wp-content\/uploads\/2025\/10\/Granular-activated-carbon-fact-sheet.jpg","width":1200,"height":679},{"@type":"BreadcrumbList","@id":"https:\/\/yrdactivatedcarbon.com\/product\/granular-activated-carbon-gac\/#breadcrumb","itemListElement":[{"@type":"ListItem","position":1,"name":"\u9996\u9875","item":"https:\/\/yrdactivatedcarbon.com\/"},{"@type":"ListItem","position":2,"name":"Products","item":"https:\/\/yrdactivatedcarbon.com\/shop__trashed\/"},{"@type":"ListItem","position":3,"name":"Granular Activated Carbon (GAC)"}]},{"@type":"WebSite","@id":"https:\/\/yrdactivatedcarbon.com\/#website","url":"https:\/\/yrdactivatedcarbon.com\/","name":"","description":"","publisher":{"@id":"https:\/\/yrdactivatedcarbon.com\/#\/schema\/person\/581e0ef9031155afdeefbcd492460987"},"potentialAction":[{"@type":"SearchAction","target":{"@type":"EntryPoint","urlTemplate":"https:\/\/yrdactivatedcarbon.com\/?s={search_term_string}"},"query-input":{"@type":"PropertyValueSpecification","valueRequired":true,"valueName":"search_term_string"}}],"inLanguage":"de"},{"@type":["Person","Organization"],"@id":"https:\/\/yrdactivatedcarbon.com\/#\/schema\/person\/581e0ef9031155afdeefbcd492460987","name":"Verwaltung","image":{"@type":"ImageObject","inLanguage":"de","@id":"https:\/\/yrdactivatedcarbon.com\/wp-content\/uploads\/2025\/10\/cropped-cropped-cropped-cropped-cropped-Gemini_Generated_Image_csnat5csnat5csna-removebg-preview.png","url":"https:\/\/yrdactivatedcarbon.com\/wp-content\/uploads\/2025\/10\/cropped-cropped-cropped-cropped-cropped-Gemini_Generated_Image_csnat5csnat5csna-removebg-preview.png","contentUrl":"https:\/\/yrdactivatedcarbon.com\/wp-content\/uploads\/2025\/10\/cropped-cropped-cropped-cropped-cropped-Gemini_Generated_Image_csnat5csnat5csna-removebg-preview.png","width":304,"height":88,"caption":"Admin"},"logo":{"@id":"https:\/\/yrdactivatedcarbon.com\/wp-content\/uploads\/2025\/10\/cropped-cropped-cropped-cropped-cropped-Gemini_Generated_Image_csnat5csnat5csna-removebg-preview.png"},"sameAs":["https:\/\/yrdactivatedcarbon.com"],"publishingPrinciples":"https:\/\/yrdactivatedcarbon.com\/","ownershipFundingInfo":"https:\/\/yrdactivatedcarbon.com\/"}]}},"_links":{"self":[{"href":"https:\/\/yrdactivatedcarbon.com\/de\/wp-json\/wp\/v2\/product\/1616","targetHints":{"allow":["GET"]}}],"collection":[{"href":"https:\/\/yrdactivatedcarbon.com\/de\/wp-json\/wp\/v2\/product"}],"about":[{"href":"https:\/\/yrdactivatedcarbon.com\/de\/wp-json\/wp\/v2\/types\/product"}],"version-history":[{"count":5,"href":"https:\/\/yrdactivatedcarbon.com\/de\/wp-json\/wp\/v2\/product\/1616\/revisions"}],"predecessor-version":[{"id":1619,"href":"https:\/\/yrdactivatedcarbon.com\/de\/wp-json\/wp\/v2\/product\/1616\/revisions\/1619"}],"wp:featuredmedia":[{"embeddable":true,"href":"https:\/\/yrdactivatedcarbon.com\/de\/wp-json\/wp\/v2\/media\/1617"}],"wp:attachment":[{"href":"https:\/\/yrdactivatedcarbon.com\/de\/wp-json\/wp\/v2\/media?parent=1616"}],"wp:term":[{"taxonomy":"product_brand","embeddable":true,"href":"https:\/\/yrdactivatedcarbon.com\/de\/wp-json\/wp\/v2\/product_brand?post=1616"},{"taxonomy":"product_cat","embeddable":true,"href":"https:\/\/yrdactivatedcarbon.com\/de\/wp-json\/wp\/v2\/product_cat?post=1616"},{"taxonomy":"product_tag","embeddable":true,"href":"https:\/\/yrdactivatedcarbon.com\/de\/wp-json\/wp\/v2\/product_tag?post=1616"}],"curies":[{"name":"wp","href":"https:\/\/api.w.org\/{rel}","templated":true}]}}