{"id":1135,"date":"2025-10-17T17:09:54","date_gmt":"2025-10-17T09:09:54","guid":{"rendered":"https:\/\/yrdactivatedcarbon.com\/?post_type=product&#038;p=1135"},"modified":"2025-12-03T17:48:30","modified_gmt":"2025-12-03T09:48:30","slug":"carbon-activado-de-cascara-de-coco","status":"publish","type":"product","link":"https:\/\/yrdactivatedcarbon.com\/es\/product\/carbon-activado-de-cascara-de-coco\/","title":{"rendered":"Carb\u00f3n activado de c\u00e1scara de coco"},"content":{"rendered":"<div data-elementor-type=\"product-post\" data-elementor-id=\"1135\" class=\"elementor elementor-1135\" data-elementor-post-type=\"product\">\n\t\t\t\t<div class=\"elementor-element elementor-element-2c957d04 e-flex e-con-boxed e-con e-parent\" data-id=\"2c957d04\" data-element_type=\"container\" data-e-type=\"container\">\n\t\t\t\t\t<div class=\"e-con-inner\">\n\t\t\t\t<div class=\"elementor-element elementor-element-44b91743 elementor-widget elementor-widget-text-editor\" data-id=\"44b91743\" data-element_type=\"widget\" data-e-type=\"widget\" data-widget_type=\"text-editor.default\">\n\t\t\t\t<div class=\"elementor-widget-container\">\n\t\t\t\t\t\t\t\t\t<h2 dir=\"auto\">Especificaciones t\u00e9cnicas<\/h2><p dir=\"auto\">La siguiente tabla describe las propiedades f\u00edsicas y qu\u00edmicas est\u00e1ndar de nuestro carb\u00f3n activado de c\u00e1scara de coco. Estos par\u00e1metros se basan en m\u00e9todos de prueba est\u00e1ndar de la industria y pueden personalizarse para satisfacer los requisitos espec\u00edficos del cliente.<\/p><table><thead><tr><th data-col-size=\"lg\">Par\u00e1metro<\/th><th data-col-size=\"lg\">Especificaci\u00f3n<\/th><th data-col-size=\"sm\">M\u00e9todo de ensayo<\/th><\/tr><\/thead><tbody><tr><td data-col-size=\"lg\">Materia prima<\/td><td data-col-size=\"lg\">100% C\u00e1scara de coco<\/td><td data-col-size=\"sm\">&#8211;<\/td><\/tr><tr><td data-col-size=\"lg\">Apariencia<\/td><td data-col-size=\"lg\">Granulado negro<\/td><td data-col-size=\"sm\">Visual<\/td><\/tr><tr><td data-col-size=\"lg\">Tama\u00f1o de malla (tamiz US)<\/td><td data-col-size=\"lg\">4\u00d78, 8\u00d730, 12\u00d740 (personalizable)<\/td><td data-col-size=\"sm\">ASTM D2862<\/td><\/tr><tr><td data-col-size=\"lg\">N\u00famero de yodo<\/td><td data-col-size=\"lg\">800-1200 mg\/g min<\/td><td data-col-size=\"sm\">ASTM D4607<\/td><\/tr><tr><td data-col-size=\"lg\">Actividad CTC (tetracloruro de carbono)<\/td><td data-col-size=\"lg\">50-70% min<\/td><td data-col-size=\"sm\">ASTM D3467<\/td><\/tr><tr><td data-col-size=\"lg\">Dureza<\/td><td data-col-size=\"lg\">95-98% min<\/td><td data-col-size=\"sm\">ASTM D3802<\/td><\/tr><tr><td data-col-size=\"lg\">Contenido de ceniza<\/td><td data-col-size=\"lg\">3-5% m\u00e1x.<\/td><td data-col-size=\"sm\">ASTM D2866<\/td><\/tr><tr><td data-col-size=\"lg\">Contenido de humedad<\/td><td data-col-size=\"lg\">5% m\u00e1x<\/td><td data-col-size=\"sm\">ASTM D2867<\/td><\/tr><tr><td data-col-size=\"lg\">Densidad aparente<\/td><td data-col-size=\"lg\">0,45-0,55 g\/cm\u00b3<\/td><td data-col-size=\"sm\">ASTM D2854<\/td><\/tr><tr><td data-col-size=\"lg\">Valor pH<\/td><td data-col-size=\"lg\">9-11<\/td><td data-col-size=\"sm\">ASTM D3838<\/td><\/tr><tr><td data-col-size=\"lg\">Superficie (BET)<\/td><td data-col-size=\"lg\">800-1200 m\u00b2\/g<\/td><td data-col-size=\"sm\">ASTM D6556<\/td><\/tr><tr><td data-col-size=\"lg\">Volumen de poros<\/td><td data-col-size=\"lg\">0,8-1,0 cm\u00b3\/g<\/td><td data-col-size=\"sm\">&#8211;<\/td><\/tr><\/tbody><\/table><p dir=\"auto\">Nota: Todos los valores son t\u00edpicos y est\u00e1n sujetos a variaciones de lote. El producto cumple o supera las normas AWWA B604 para carb\u00f3n activado granular.<\/p><p style=\"text-align: center;\"><a dir=\"auto\" style=\"display: inline-block; padding: 12px 28px; border-radius: 999px; background: #0067ff; color: #ffffff; font-size: 20px; font-weight: 600; text-decoration: none; cursor: pointer;\" href=\"mailto:info@yrdcarbon.com\">Obtenga muestras de calidad gratuitas para pruebas<\/a><\/p><h2 dir=\"auto\">Proceso de producci\u00f3n<\/h2><p dir=\"auto\">Nuestro carb\u00f3n activado de c\u00e1scara de coco se produce mediante un proceso de dos etapas para garantizar una calidad \u00f3ptima:<\/p><ol dir=\"auto\"><li><strong>Carbonizaci\u00f3n<\/strong>: La c\u00e1scara de coco se piroliza a 600-850\u00b0C en atm\u00f3sfera inerte para formar carb\u00f3n vegetal, eliminando los vol\u00e1tiles y creando una base rica en carbono.<\/li><li><strong>Activaci\u00f3n<\/strong>: El carb\u00f3n vegetal se somete a vapor o a activaci\u00f3n qu\u00edmica (por ejemplo, con \u00e1cido fosf\u00f3rico) a altas temperaturas para desarrollar una vasta estructura de poros internos, mejorando la capacidad de adsorci\u00f3n.<\/li><\/ol><p dir=\"auto\">Este proceso utiliza c\u00e1scaras de coco renovables, fomentando la sostenibilidad y reduciendo el impacto medioambiental en comparaci\u00f3n con las alternativas basadas en combustibles f\u00f3siles.<\/p><h2 dir=\"auto\">Aplicaciones<\/h2><p dir=\"auto\">El carb\u00f3n activado de c\u00e1scara de coco destaca en una amplia gama de industrias debido a su naturaleza microporosa, que es particularmente eficaz para adsorber contaminantes de mol\u00e9culas peque\u00f1as. Las aplicaciones m\u00e1s comunes son:<\/p><ul dir=\"auto\"><li><strong>Depuraci\u00f3n del agua<\/strong>: Eliminaci\u00f3n de cloro, compuestos org\u00e1nicos, pesticidas y metales pesados en sistemas de tratamiento de aguas municipales e industriales.<\/li><li><strong>Tratamiento de aguas residuales<\/strong>: Adsorci\u00f3n eficaz de colorantes, fenoles y compuestos org\u00e1nicos vol\u00e1tiles (COV) en corrientes de efluentes.<\/li><li><strong>Depuraci\u00f3n de aire y gases<\/strong>: Eliminaci\u00f3n de olores, disolventes y gases nocivos en sistemas HVAC, respiradores y escapes industriales.<\/li><li><strong>Recuperaci\u00f3n de metales preciosos<\/strong>: Adsorci\u00f3n de oro en explotaciones mineras para una extracci\u00f3n de alto rendimiento.<\/li><li><strong>Procesado de alimentos y bebidas<\/strong>: Decoloraci\u00f3n y purificaci\u00f3n en el refinado de az\u00facar, la producci\u00f3n de bebidas y el procesado de aceites comestibles.<\/li><li><strong>Farmac\u00e9utico y m\u00e9dico<\/strong>: Desintoxicaci\u00f3n de emergencia para intoxicaciones y sobredosis de drogas, as\u00ed como purificaci\u00f3n en la fabricaci\u00f3n de medicamentos.<\/li><li><strong>Rehabilitaci\u00f3n medioambiental<\/strong>: Limpieza de suelos y aguas subterr\u00e1neas mediante la adsorci\u00f3n de contaminantes como hidrocarburos y disolventes clorados.<\/li><\/ul><h2 dir=\"auto\">Embalaje y almacenamiento<\/h2><ul dir=\"auto\"><li>Embalaje est\u00e1ndar: sacos de papel multicapa de 25 kg, supersacos de 500 kg o env\u00edos a granel.<\/li><li>Recomendaciones de almacenamiento: Almacenar en un lugar fresco y seco, alejado de la luz solar directa y de oxidantes fuertes. Evitar la exposici\u00f3n a la humedad para mantener el rendimiento de adsorci\u00f3n.<\/li><\/ul><h2 dir=\"auto\">Certificaciones y conformidad<\/h2><p dir=\"auto\">Nuestro carb\u00f3n activado de c\u00e1scara de coco cumple las siguientes normas y certificaciones internacionales:<\/p><ul dir=\"auto\"><li>NSF\/ANSI 61 para el tratamiento de agua potable.<\/li><li>AWWA B604 para carb\u00f3n activado granular.<\/li><li>Certificado Halal y Kosher.<\/li><li>ISO 9001 para la gesti\u00f3n de la calidad.<\/li><li>Productos qu\u00edmicos alimentarios Conforme al Codex para aplicaciones alimentarias.<\/li><\/ul><p dir=\"auto\">Si desea informes de ensayo detallados o certificaciones personalizadas, p\u00f3ngase en contacto con nuestro equipo de ventas.<\/p><p style=\"text-align: center;\"><a dir=\"auto\" style=\"display: inline-block; padding: 12px 28px; border-radius: 999px; background: #0067ff; color: #ffffff; font-size: 20px; font-weight: 600; text-decoration: none; cursor: pointer;\" href=\"mailto:info@yrdcarbon.com\">Obtenga muestras de calidad gratuitas para pruebas<\/a><\/p>\t\t\t\t\t\t\t\t<\/div>\n\t\t\t\t<\/div>\n\t\t\t\t\t<\/div>\n\t\t\t\t<\/div>\n\t\t\t\t<\/div>","protected":false},"excerpt":{"rendered":"<p><a dir=\"auto\" style=\"display: inline-block; padding: 12px 28px; border-radius: 999px; background: #0067ff; color: #ffffff; font-size: 20px; font-weight: 600; text-decoration: none; cursor: pointer;\" href=\"mailto:info@yrdcarbon.com\">Obtenga muestras de calidad gratuitas para pruebas<\/a><\/p>\n<p dir=\"auto\">El carb\u00f3n activado de c\u00e1scara de coco es un adsorbente de primera calidad y alto rendimiento derivado de c\u00e1scaras de coco de alta calidad mediante un proceso controlado de carbonizaci\u00f3n y activaci\u00f3n. Este material ecol\u00f3gico es famoso por su estructura microporosa superior, su dureza excepcional y su gran capacidad de adsorci\u00f3n, lo que lo hace ideal para aplicaciones de purificaci\u00f3n exigentes en el tratamiento del agua, la filtraci\u00f3n del aire y los procesos industriales.<\/p>\n<p dir=\"auto\">Como alternativa sostenible a los carbones a base de carb\u00f3n, nuestro carb\u00f3n activado de c\u00e1scara de coco ofrece una mayor eficacia en la eliminaci\u00f3n de contaminantes org\u00e1nicos, olores e impurezas, al tiempo que cumple las estrictas normas internacionales.<\/p>\n<p dir=\"auto\">Caracter\u00edsticas principales:<\/p>\n<ul dir=\"auto\">\n<li>Alta pureza y bajo contenido en cenizas para una contaminaci\u00f3n m\u00ednima.<\/li>\n<li>Excelente resistencia mec\u00e1nica para soportar una manipulaci\u00f3n y regeneraci\u00f3n rigurosas.<\/li>\n<li>Forma granular vers\u00e1til adecuada para sistemas de filtraci\u00f3n de lecho fijo.<\/li>\n<\/ul>","protected":false},"featured_media":1345,"template":"","meta":{"site-sidebar-layout":"default","site-content-layout":"","ast-site-content-layout":"default","site-content-style":"default","site-sidebar-style":"default","ast-global-header-display":"","ast-banner-title-visibility":"","ast-main-header-display":"","ast-hfb-above-header-display":"","ast-hfb-below-header-display":"","ast-hfb-mobile-header-display":"","site-post-title":"","ast-breadcrumbs-content":"","ast-featured-img":"","footer-sml-layout":"","ast-disable-related-posts":"","theme-transparent-header-meta":"default","adv-header-id-meta":"","stick-header-meta":"","header-above-stick-meta":"","header-main-stick-meta":"","header-below-stick-meta":"","astra-migrate-meta-layouts":"set","ast-page-background-enabled":"default","ast-page-background-meta":{"desktop":{"background-color":"var(--ast-global-color-4)","background-image":"","background-repeat":"repeat","background-position":"center center","background-size":"auto","background-attachment":"scroll","background-type":"","background-media":"","overlay-type":"","overlay-color":"","overlay-opacity":"","overlay-gradient":""},"tablet":{"background-color":"","background-image":"","background-repeat":"repeat","background-position":"center center","background-size":"auto","background-attachment":"scroll","background-type":"","background-media":"","overlay-type":"","overlay-color":"","overlay-opacity":"","overlay-gradient":""},"mobile":{"background-color":"","background-image":"","background-repeat":"repeat","background-position":"center center","background-size":"auto","background-attachment":"scroll","background-type":"","background-media":"","overlay-type":"","overlay-color":"","overlay-opacity":"","overlay-gradient":""}},"ast-content-background-meta":{"desktop":{"background-color":"var(--ast-global-color-5)","background-image":"","background-repeat":"repeat","background-position":"center center","background-size":"auto","background-attachment":"scroll","background-type":"","background-media":"","overlay-type":"","overlay-color":"","overlay-opacity":"","overlay-gradient":""},"tablet":{"background-color":"var(--ast-global-color-5)","background-image":"","background-repeat":"repeat","background-position":"center center","background-size":"auto","background-attachment":"scroll","background-type":"","background-media":"","overlay-type":"","overlay-color":"","overlay-opacity":"","overlay-gradient":""},"mobile":{"background-color":"var(--ast-global-color-5)","background-image":"","background-repeat":"repeat","background-position":"center center","background-size":"auto","background-attachment":"scroll","background-type":"","background-media":"","overlay-type":"","overlay-color":"","overlay-opacity":"","overlay-gradient":""}}},"product_brand":[],"product_cat":[15],"product_tag":[],"class_list":{"0":"post-1135","1":"product","2":"type-product","3":"status-publish","4":"has-post-thumbnail","6":"product_cat-activated-carbon-series","7":"desktop-align-left","8":"tablet-align-left","9":"mobile-align-left","11":"first","12":"instock","13":"featured","14":"shipping-taxable","15":"product-type-simple"},"yoast_head":"<!-- This site is optimized with the Yoast SEO Premium plugin v26.0 (Yoast SEO v27.4) - https:\/\/yoast.com\/product\/yoast-seo-premium-wordpress\/ -->\n<title>Coconut Shell Activated Carbon<\/title>\n<meta name=\"description\" content=\"Leading manufacturer and supplier of coconut shell activated carbon for industrial water treatment, air purification, and environmental applications. YRD Activated Carbon provides certified, high-performance materials with consistent quality and reliable global supply.\" \/>\n<meta name=\"robots\" content=\"index, follow, max-snippet:-1, max-image-preview:large, max-video-preview:-1\" \/>\n<link rel=\"canonical\" href=\"https:\/\/yrdactivatedcarbon.com\/es\/product\/carbon-activado-de-cascara-de-coco\/\" \/>\n<meta property=\"og:locale\" content=\"es_ES\" \/>\n<meta property=\"og:type\" content=\"article\" \/>\n<meta property=\"og:title\" content=\"Coconut Shell Activated Carbon\" \/>\n<meta property=\"og:description\" content=\"Leading manufacturer and supplier of coconut shell activated carbon for industrial water treatment, air purification, and environmental applications. YRD Activated Carbon provides certified, high-performance materials with consistent quality and reliable global supply.\" \/>\n<meta property=\"og:url\" content=\"https:\/\/yrdactivatedcarbon.com\/es\/product\/carbon-activado-de-cascara-de-coco\/\" \/>\n<meta property=\"article:modified_time\" content=\"2025-12-03T09:48:30+00:00\" \/>\n<meta property=\"og:image\" content=\"http:\/\/yrdactivatedcarbon.com\/wp-content\/uploads\/2025\/10\/Coconut-Shell-Charcoal.jpg\" \/>\n\t<meta property=\"og:image:width\" content=\"500\" \/>\n\t<meta property=\"og:image:height\" content=\"500\" \/>\n\t<meta property=\"og:image:type\" content=\"image\/jpeg\" \/>\n<meta name=\"twitter:card\" content=\"summary_large_image\" \/>\n<script type=\"application\/ld+json\" class=\"yoast-schema-graph\">{\"@context\":\"https:\\\/\\\/schema.org\",\"@graph\":[{\"@type\":\"WebPage\",\"@id\":\"https:\\\/\\\/yrdactivatedcarbon.com\\\/product\\\/coconut-shell-activated-carbon\\\/\",\"url\":\"https:\\\/\\\/yrdactivatedcarbon.com\\\/product\\\/coconut-shell-activated-carbon\\\/\",\"name\":\"Coconut Shell Activated Carbon\",\"isPartOf\":{\"@id\":\"https:\\\/\\\/yrdactivatedcarbon.com\\\/#website\"},\"primaryImageOfPage\":{\"@id\":\"https:\\\/\\\/yrdactivatedcarbon.com\\\/product\\\/coconut-shell-activated-carbon\\\/#primaryimage\"},\"image\":{\"@id\":\"https:\\\/\\\/yrdactivatedcarbon.com\\\/product\\\/coconut-shell-activated-carbon\\\/#primaryimage\"},\"thumbnailUrl\":\"https:\\\/\\\/yrdactivatedcarbon.com\\\/wp-content\\\/uploads\\\/2025\\\/10\\\/Coconut-Shell-Charcoal.jpg\",\"datePublished\":\"2025-10-17T09:09:54+00:00\",\"dateModified\":\"2025-12-03T09:48:30+00:00\",\"description\":\"Leading manufacturer and supplier of coconut shell activated carbon for industrial water treatment, air purification, and environmental applications. YRD Activated Carbon provides certified, high-performance materials with consistent quality and reliable global supply.\",\"breadcrumb\":{\"@id\":\"https:\\\/\\\/yrdactivatedcarbon.com\\\/product\\\/coconut-shell-activated-carbon\\\/#breadcrumb\"},\"inLanguage\":\"es\",\"potentialAction\":[{\"@type\":\"ReadAction\",\"target\":[\"https:\\\/\\\/yrdactivatedcarbon.com\\\/product\\\/coconut-shell-activated-carbon\\\/\"]}]},{\"@type\":\"ImageObject\",\"inLanguage\":\"es\",\"@id\":\"https:\\\/\\\/yrdactivatedcarbon.com\\\/product\\\/coconut-shell-activated-carbon\\\/#primaryimage\",\"url\":\"https:\\\/\\\/yrdactivatedcarbon.com\\\/wp-content\\\/uploads\\\/2025\\\/10\\\/Coconut-Shell-Charcoal.jpg\",\"contentUrl\":\"https:\\\/\\\/yrdactivatedcarbon.com\\\/wp-content\\\/uploads\\\/2025\\\/10\\\/Coconut-Shell-Charcoal.jpg\",\"width\":500,\"height\":500},{\"@type\":\"BreadcrumbList\",\"@id\":\"https:\\\/\\\/yrdactivatedcarbon.com\\\/product\\\/coconut-shell-activated-carbon\\\/#breadcrumb\",\"itemListElement\":[{\"@type\":\"ListItem\",\"position\":1,\"name\":\"\u9996\u9875\",\"item\":\"https:\\\/\\\/yrdactivatedcarbon.com\\\/\"},{\"@type\":\"ListItem\",\"position\":2,\"name\":\"Products\",\"item\":\"https:\\\/\\\/yrdactivatedcarbon.com\\\/shop__trashed\\\/\"},{\"@type\":\"ListItem\",\"position\":3,\"name\":\"Coconut Shell Activated Carbon\"}]},{\"@type\":\"WebSite\",\"@id\":\"https:\\\/\\\/yrdactivatedcarbon.com\\\/#website\",\"url\":\"https:\\\/\\\/yrdactivatedcarbon.com\\\/\",\"name\":\"\",\"description\":\"\",\"publisher\":{\"@id\":\"https:\\\/\\\/yrdactivatedcarbon.com\\\/#\\\/schema\\\/person\\\/581e0ef9031155afdeefbcd492460987\"},\"potentialAction\":[{\"@type\":\"SearchAction\",\"target\":{\"@type\":\"EntryPoint\",\"urlTemplate\":\"https:\\\/\\\/yrdactivatedcarbon.com\\\/?s={search_term_string}\"},\"query-input\":{\"@type\":\"PropertyValueSpecification\",\"valueRequired\":true,\"valueName\":\"search_term_string\"}}],\"inLanguage\":\"es\"},{\"@type\":[\"Person\",\"Organization\"],\"@id\":\"https:\\\/\\\/yrdactivatedcarbon.com\\\/#\\\/schema\\\/person\\\/581e0ef9031155afdeefbcd492460987\",\"name\":\"Admin\",\"image\":{\"@type\":\"ImageObject\",\"inLanguage\":\"es\",\"@id\":\"https:\\\/\\\/yrdactivatedcarbon.com\\\/wp-content\\\/uploads\\\/2025\\\/10\\\/cropped-cropped-cropped-cropped-cropped-Gemini_Generated_Image_csnat5csnat5csna-removebg-preview.png\",\"url\":\"https:\\\/\\\/yrdactivatedcarbon.com\\\/wp-content\\\/uploads\\\/2025\\\/10\\\/cropped-cropped-cropped-cropped-cropped-Gemini_Generated_Image_csnat5csnat5csna-removebg-preview.png\",\"contentUrl\":\"https:\\\/\\\/yrdactivatedcarbon.com\\\/wp-content\\\/uploads\\\/2025\\\/10\\\/cropped-cropped-cropped-cropped-cropped-Gemini_Generated_Image_csnat5csnat5csna-removebg-preview.png\",\"width\":304,\"height\":88,\"caption\":\"Admin\"},\"logo\":{\"@id\":\"https:\\\/\\\/yrdactivatedcarbon.com\\\/wp-content\\\/uploads\\\/2025\\\/10\\\/cropped-cropped-cropped-cropped-cropped-Gemini_Generated_Image_csnat5csnat5csna-removebg-preview.png\"},\"sameAs\":[\"https:\\\/\\\/yrdactivatedcarbon.com\"],\"publishingPrinciples\":\"https:\\\/\\\/yrdactivatedcarbon.com\\\/\",\"ownershipFundingInfo\":\"https:\\\/\\\/yrdactivatedcarbon.com\\\/\"}]}<\/script>\n<!-- \/ Yoast SEO Premium plugin. -->","yoast_head_json":{"title":"Carb\u00f3n activado de c\u00e1scara de coco","description":"Fabricante y proveedor l\u00edder de carb\u00f3n activado de c\u00e1scara de coco para el tratamiento de aguas industriales, la purificaci\u00f3n del aire y aplicaciones medioambientales. YRD Activated Carbon proporciona materiales certificados de alto rendimiento con una calidad constante y un suministro mundial fiable.","robots":{"index":"index","follow":"follow","max-snippet":"max-snippet:-1","max-image-preview":"max-image-preview:large","max-video-preview":"max-video-preview:-1"},"canonical":"https:\/\/yrdactivatedcarbon.com\/es\/product\/carbon-activado-de-cascara-de-coco\/","og_locale":"es_ES","og_type":"article","og_title":"Coconut Shell Activated Carbon","og_description":"Leading manufacturer and supplier of coconut shell activated carbon for industrial water treatment, air purification, and environmental applications. YRD Activated Carbon provides certified, high-performance materials with consistent quality and reliable global supply.","og_url":"https:\/\/yrdactivatedcarbon.com\/es\/product\/carbon-activado-de-cascara-de-coco\/","article_modified_time":"2025-12-03T09:48:30+00:00","og_image":[{"width":500,"height":500,"url":"http:\/\/yrdactivatedcarbon.com\/wp-content\/uploads\/2025\/10\/Coconut-Shell-Charcoal.jpg","type":"image\/jpeg"}],"twitter_card":"summary_large_image","schema":{"@context":"https:\/\/schema.org","@graph":[{"@type":"WebPage","@id":"https:\/\/yrdactivatedcarbon.com\/product\/coconut-shell-activated-carbon\/","url":"https:\/\/yrdactivatedcarbon.com\/product\/coconut-shell-activated-carbon\/","name":"Carb\u00f3n activado de c\u00e1scara de coco","isPartOf":{"@id":"https:\/\/yrdactivatedcarbon.com\/#website"},"primaryImageOfPage":{"@id":"https:\/\/yrdactivatedcarbon.com\/product\/coconut-shell-activated-carbon\/#primaryimage"},"image":{"@id":"https:\/\/yrdactivatedcarbon.com\/product\/coconut-shell-activated-carbon\/#primaryimage"},"thumbnailUrl":"https:\/\/yrdactivatedcarbon.com\/wp-content\/uploads\/2025\/10\/Coconut-Shell-Charcoal.jpg","datePublished":"2025-10-17T09:09:54+00:00","dateModified":"2025-12-03T09:48:30+00:00","description":"Fabricante y proveedor l\u00edder de carb\u00f3n activado de c\u00e1scara de coco para el tratamiento de aguas industriales, la purificaci\u00f3n del aire y aplicaciones medioambientales. YRD Activated Carbon proporciona materiales certificados de alto rendimiento con una calidad constante y un suministro mundial fiable.","breadcrumb":{"@id":"https:\/\/yrdactivatedcarbon.com\/product\/coconut-shell-activated-carbon\/#breadcrumb"},"inLanguage":"es","potentialAction":[{"@type":"ReadAction","target":["https:\/\/yrdactivatedcarbon.com\/product\/coconut-shell-activated-carbon\/"]}]},{"@type":"ImageObject","inLanguage":"es","@id":"https:\/\/yrdactivatedcarbon.com\/product\/coconut-shell-activated-carbon\/#primaryimage","url":"https:\/\/yrdactivatedcarbon.com\/wp-content\/uploads\/2025\/10\/Coconut-Shell-Charcoal.jpg","contentUrl":"https:\/\/yrdactivatedcarbon.com\/wp-content\/uploads\/2025\/10\/Coconut-Shell-Charcoal.jpg","width":500,"height":500},{"@type":"BreadcrumbList","@id":"https:\/\/yrdactivatedcarbon.com\/product\/coconut-shell-activated-carbon\/#breadcrumb","itemListElement":[{"@type":"ListItem","position":1,"name":"\u9996\u9875","item":"https:\/\/yrdactivatedcarbon.com\/"},{"@type":"ListItem","position":2,"name":"Products","item":"https:\/\/yrdactivatedcarbon.com\/shop__trashed\/"},{"@type":"ListItem","position":3,"name":"Coconut Shell Activated Carbon"}]},{"@type":"WebSite","@id":"https:\/\/yrdactivatedcarbon.com\/#website","url":"https:\/\/yrdactivatedcarbon.com\/","name":"","description":"","publisher":{"@id":"https:\/\/yrdactivatedcarbon.com\/#\/schema\/person\/581e0ef9031155afdeefbcd492460987"},"potentialAction":[{"@type":"SearchAction","target":{"@type":"EntryPoint","urlTemplate":"https:\/\/yrdactivatedcarbon.com\/?s={search_term_string}"},"query-input":{"@type":"PropertyValueSpecification","valueRequired":true,"valueName":"search_term_string"}}],"inLanguage":"es"},{"@type":["Person","Organization"],"@id":"https:\/\/yrdactivatedcarbon.com\/#\/schema\/person\/581e0ef9031155afdeefbcd492460987","name":"Admin","image":{"@type":"ImageObject","inLanguage":"es","@id":"https:\/\/yrdactivatedcarbon.com\/wp-content\/uploads\/2025\/10\/cropped-cropped-cropped-cropped-cropped-Gemini_Generated_Image_csnat5csnat5csna-removebg-preview.png","url":"https:\/\/yrdactivatedcarbon.com\/wp-content\/uploads\/2025\/10\/cropped-cropped-cropped-cropped-cropped-Gemini_Generated_Image_csnat5csnat5csna-removebg-preview.png","contentUrl":"https:\/\/yrdactivatedcarbon.com\/wp-content\/uploads\/2025\/10\/cropped-cropped-cropped-cropped-cropped-Gemini_Generated_Image_csnat5csnat5csna-removebg-preview.png","width":304,"height":88,"caption":"Admin"},"logo":{"@id":"https:\/\/yrdactivatedcarbon.com\/wp-content\/uploads\/2025\/10\/cropped-cropped-cropped-cropped-cropped-Gemini_Generated_Image_csnat5csnat5csna-removebg-preview.png"},"sameAs":["https:\/\/yrdactivatedcarbon.com"],"publishingPrinciples":"https:\/\/yrdactivatedcarbon.com\/","ownershipFundingInfo":"https:\/\/yrdactivatedcarbon.com\/"}]}},"_links":{"self":[{"href":"https:\/\/yrdactivatedcarbon.com\/es\/wp-json\/wp\/v2\/product\/1135","targetHints":{"allow":["GET"]}}],"collection":[{"href":"https:\/\/yrdactivatedcarbon.com\/es\/wp-json\/wp\/v2\/product"}],"about":[{"href":"https:\/\/yrdactivatedcarbon.com\/es\/wp-json\/wp\/v2\/types\/product"}],"version-history":[{"count":10,"href":"https:\/\/yrdactivatedcarbon.com\/es\/wp-json\/wp\/v2\/product\/1135\/revisions"}],"predecessor-version":[{"id":1707,"href":"https:\/\/yrdactivatedcarbon.com\/es\/wp-json\/wp\/v2\/product\/1135\/revisions\/1707"}],"wp:featuredmedia":[{"embeddable":true,"href":"https:\/\/yrdactivatedcarbon.com\/es\/wp-json\/wp\/v2\/media\/1345"}],"wp:attachment":[{"href":"https:\/\/yrdactivatedcarbon.com\/es\/wp-json\/wp\/v2\/media?parent=1135"}],"wp:term":[{"taxonomy":"product_brand","embeddable":true,"href":"https:\/\/yrdactivatedcarbon.com\/es\/wp-json\/wp\/v2\/product_brand?post=1135"},{"taxonomy":"product_cat","embeddable":true,"href":"https:\/\/yrdactivatedcarbon.com\/es\/wp-json\/wp\/v2\/product_cat?post=1135"},{"taxonomy":"product_tag","embeddable":true,"href":"https:\/\/yrdactivatedcarbon.com\/es\/wp-json\/wp\/v2\/product_tag?post=1135"}],"curies":[{"name":"wp","href":"https:\/\/api.w.org\/{rel}","templated":true}]}}