{"id":1141,"date":"2025-10-17T17:11:37","date_gmt":"2025-10-17T09:11:37","guid":{"rendered":"https:\/\/yrdactivatedcarbon.com\/?post_type=product&#038;p=1141"},"modified":"2025-12-03T17:44:47","modified_gmt":"2025-12-03T09:44:47","slug":"carbon-activado-en-columna","status":"publish","type":"product","link":"https:\/\/yrdactivatedcarbon.com\/es\/product\/carbon-activado-en-columna\/","title":{"rendered":"Carb\u00f3n activado columnar"},"content":{"rendered":"<h2 dir=\"auto\">Especificaciones t\u00e9cnicas<\/h2>\n<p dir=\"auto\">La siguiente tabla resume los par\u00e1metros f\u00edsicos y qu\u00edmicos t\u00edpicos basados en las normas de la industria y los datos comunes del producto. Los valores pueden variar en funci\u00f3n de la materia prima y el m\u00e9todo de activaci\u00f3n; consulte los informes de pruebas de lotes espec\u00edficos para conocer las cifras exactas.<\/p>\n<table>\n<thead>\n<tr>\n<th data-col-size=\"lg\">Par\u00e1metro<\/th>\n<th data-col-size=\"lg\">Valor t\u00edpico<\/th>\n<th data-col-size=\"sm\">M\u00e9todo de ensayo<\/th>\n<th data-col-size=\"xl\">Notas<\/th>\n<\/tr>\n<\/thead>\n<tbody>\n<tr>\n<td data-col-size=\"lg\">Forma<\/td>\n<td data-col-size=\"lg\">Pellets cil\u00edndricos<\/td>\n<td data-col-size=\"sm\">Visual<\/td>\n<td data-col-size=\"xl\">Forma extruida para una distribuci\u00f3n uniforme<\/td>\n<\/tr>\n<tr>\n<td data-col-size=\"lg\">Di\u00e1metro<\/td>\n<td data-col-size=\"lg\">0,8 - 4 mm<\/td>\n<td data-col-size=\"sm\">ASTM D2862<\/td>\n<td data-col-size=\"xl\">Tama\u00f1os habituales: 2 mm, 3 mm, 4 mm; personalizable<\/td>\n<\/tr>\n<tr>\n<td data-col-size=\"lg\">Longitud<\/td>\n<td data-col-size=\"lg\">&lt;10 mm<\/td>\n<td data-col-size=\"sm\">ASTM D2862<\/td>\n<td data-col-size=\"xl\">Garantiza la facilidad de manipulaci\u00f3n y un bajo nivel de roturas<\/td>\n<\/tr>\n<tr>\n<td data-col-size=\"lg\">N\u00famero de yodo<\/td>\n<td data-col-size=\"lg\">900 - 1100 mg\/g<\/td>\n<td data-col-size=\"sm\">ASTM D4607<\/td>\n<td data-col-size=\"xl\">Indica la capacidad de adsorci\u00f3n microporosa de sustancias org\u00e1nicas<\/td>\n<\/tr>\n<tr>\n<td data-col-size=\"lg\">CTC (Tetracloruro de carbono)<\/td>\n<td data-col-size=\"lg\">50 &#8211; 70%<\/td>\n<td data-col-size=\"sm\">ASTM D3467<\/td>\n<td data-col-size=\"xl\">Mide la eficacia de adsorci\u00f3n en fase vapor<\/td>\n<\/tr>\n<tr>\n<td data-col-size=\"lg\">Superficie (BET)<\/td>\n<td data-col-size=\"lg\">900 - 1200 m\u00b2\/g<\/td>\n<td data-col-size=\"sm\">ASTM D3663<\/td>\n<td data-col-size=\"xl\">Alta superficie interna para mejorar el rendimiento<\/td>\n<\/tr>\n<tr>\n<td data-col-size=\"lg\">Volumen de poros<\/td>\n<td data-col-size=\"lg\">0,8 - 1,3 cc\/g<\/td>\n<td data-col-size=\"sm\">ASTM D4222<\/td>\n<td data-col-size=\"xl\">Macro\/meso\/microporos equilibrados (90% macro\/meso)<\/td>\n<\/tr>\n<tr>\n<td data-col-size=\"lg\">Densidad aparente<\/td>\n<td data-col-size=\"lg\">450 - 550 kg\/m\u00b3<\/td>\n<td data-col-size=\"sm\">ASTM D2854<\/td>\n<td data-col-size=\"xl\">Densidad aparente; lavado a contracorriente: ~430 kg\/m\u00b3<\/td>\n<\/tr>\n<tr>\n<td data-col-size=\"lg\">N\u00famero de dureza\/abrasi\u00f3n<\/td>\n<td data-col-size=\"lg\">\u226595%<\/td>\n<td data-col-size=\"sm\">ASTM D3802<\/td>\n<td data-col-size=\"xl\">Dureza de la bandeja de bolas; minimiza el desgaste durante el uso<\/td>\n<\/tr>\n<tr>\n<td data-col-size=\"lg\">Contenido de ceniza<\/td>\n<td data-col-size=\"lg\">\u22645 - 12%<\/td>\n<td data-col-size=\"sm\">ASTM D2866<\/td>\n<td data-col-size=\"xl\">Bajo contenido en cenizas para mayor pureza, especialmente en aplicaciones con agua<\/td>\n<\/tr>\n<tr>\n<td data-col-size=\"lg\">Contenido de humedad<\/td>\n<td data-col-size=\"lg\">\u22645%<\/td>\n<td data-col-size=\"sm\">ASTM D2867<\/td>\n<td data-col-size=\"xl\">Tal como se presenta; garantiza la estabilidad durante el almacenamiento<\/td>\n<\/tr>\n<tr>\n<td data-col-size=\"lg\">Valor pH<\/td>\n<td data-col-size=\"lg\">3.0 &#8211; 12.0<\/td>\n<td data-col-size=\"sm\">ASTM D3838<\/td>\n<td data-col-size=\"xl\">De neutro a alcalino seg\u00fan la impregnaci\u00f3n<\/td>\n<\/tr>\n<tr>\n<td data-col-size=\"lg\">Temperatura de encendido<\/td>\n<td data-col-size=\"lg\">&gt;400 - 450\u00b0C<\/td>\n<td data-col-size=\"sm\">ASTM D3466<\/td>\n<td data-col-size=\"xl\">Umbral de seguridad para la manipulaci\u00f3n<\/td>\n<\/tr>\n<\/tbody>\n<\/table>\n<p><a dir=\"auto\" style=\"display: inline-block; padding: 12px 28px; border-radius: 999px; background: #0067ff; color: #ffffff; font-size: 20px; font-weight: 600; text-decoration: none; cursor: pointer; \" href=\"mailto:info@yrdcarbon.com\">Obtenga muestras de calidad gratuitas para pruebas<\/a><\/p>\n<h2 dir=\"auto\">Aplicaciones<\/h2>\n<p dir=\"auto\">El carb\u00f3n activado en pellets es vers\u00e1til en todas las industrias, aprovechando su robusta estructura para sistemas de lecho fijo y din\u00e1micos:<\/p>\n<ul dir=\"auto\">\n<li><strong>Depuraci\u00f3n de gases y aire<\/strong>: Eliminaci\u00f3n de COV, H2S, siloxanos y olores de emisiones industriales, biog\u00e1s y sistemas de ventilaci\u00f3n.<\/li>\n<li><strong>Tratamiento de aguas y aguas residuales<\/strong>: Decloraci\u00f3n, eliminaci\u00f3n de contaminantes org\u00e1nicos y reducci\u00f3n del color y el olor en aguas municipales, industriales y de proceso.<\/li>\n<li><strong>Recuperaci\u00f3n de disolventes<\/strong>: Adsorci\u00f3n y regeneraci\u00f3n en procesos qu\u00edmicos, pinturas y operaciones de impresi\u00f3n.<\/li>\n<li><strong>Alimentaci\u00f3n y bebidas<\/strong>: Decoloraci\u00f3n y purificaci\u00f3n en el procesado de zumos, vino y az\u00facar.<\/li>\n<li><strong>Usos especializados<\/strong>: Soporte de catalizadores, control del vapor de mercurio y tratamiento de gases de combusti\u00f3n en ingenier\u00eda medioambiental.<\/li>\n<\/ul>\n<h2 dir=\"auto\">Normas de calidad y conformidad<\/h2>\n<ul dir=\"auto\">\n<li><strong>Normas de ensayo<\/strong>: Conforme a las normas ASTM (por ejemplo, D2862 para la granulometr\u00eda, D4607 para el \u00edndice de yodo) e ISO (por ejemplo, 21340 para las propiedades).<\/li>\n<li><strong>Certificaciones<\/strong>: Compatible con alimentos (ANSI\/NSF 61 para agua potable), AWWA B604 para carb\u00f3n activo granular.<\/li>\n<li><strong>Cumplimiento de la normativa<\/strong>: Registrado REACH, no peligroso seg\u00fan OSHA y EU CLP; sin sustancias PBT\/vPvB.<\/li>\n<\/ul>\n<h2 dir=\"auto\">Embalaje y almacenamiento<\/h2>\n<ul dir=\"auto\">\n<li><strong>Embalaje est\u00e1ndar<\/strong>Sacos de 25 kg, big bags de 500-1000 kg o env\u00edos a granel en pal\u00e9s (flejados y retractilados).<\/li>\n<li><strong>Recomendaciones de almacenamiento<\/strong>: Almacenar en un lugar fresco, seco y bien ventilado, alejado de oxidantes fuertes y de la luz solar directa. Evitar el contacto con el aire o vapores org\u00e1nicos para prevenir la saturaci\u00f3n prematura. Caducidad: Hasta 2 a\u00f1os en condiciones adecuadas.<\/li>\n<\/ul>\n<h2 dir=\"auto\">Seguridad y manipulaci\u00f3n<\/h2>\n<ul dir=\"auto\">\n<li><strong>Peligros<\/strong>: Polvo no peligroso; puede causar irritaci\u00f3n de los ojos\/la piel o agotamiento del ox\u00edgeno en espacios confinados cuando est\u00e1 h\u00famedo. Temperatura de ignici\u00f3n &gt;400\u00b0C.<\/li>\n<li><strong>EPI<\/strong>: Llevar guantes, protecci\u00f3n ocular y m\u00e1scara respiratoria en zonas polvorientas. Evitar la inhalaci\u00f3n y el contacto.<\/li>\n<li><strong>Primeros auxilios<\/strong>: Enjuagar los ojos\/la piel con agua; buscar atenci\u00f3n m\u00e9dica si persiste la irritaci\u00f3n.<\/li>\n<li><strong>Eliminaci\u00f3n<\/strong>: No peligroso; elim\u00ednese de acuerdo con la normativa local. El carb\u00f3n usado puede requerir la clasificaci\u00f3n de residuo peligroso en funci\u00f3n de los contaminantes adsorbidos.<\/li>\n<\/ul>\n<p><a dir=\"auto\" style=\"display: inline-block; padding: 12px 28px; border-radius: 999px; background: #0067ff; color: #ffffff; font-size: 20px; font-weight: 600; text-decoration: none; cursor: pointer; \" href=\"mailto:info@yrdcarbon.com\">Obtenga muestras de calidad gratuitas para pruebas<\/a><\/p>","protected":false},"excerpt":{"rendered":"<p><a dir=\"auto\" style=\"display: inline-block; padding: 12px 28px; border-radius: 999px; background: #0067ff; color: #ffffff; font-size: 20px; font-weight: 600; text-decoration: none; cursor: pointer;\" href=\"mailto:info@yrdcarbon.com\">Obtenga muestras de calidad gratuitas para pruebas<\/a><\/p>\n<p dir=\"auto\">El carb\u00f3n activado en pellets, tambi\u00e9n conocido como carb\u00f3n activado columnar o extruido, es un material adsorbente de alto rendimiento dise\u00f1ado para una purificaci\u00f3n eficaz en aplicaciones de fase gaseosa y l\u00edquida. Fabricado a partir de materias primas de primera calidad como carb\u00f3n, madera o c\u00e1scara de coco mediante procesos de activaci\u00f3n qu\u00edmica o por vapor, presenta una forma cil\u00edndrica que garantiza una baja ca\u00edda de presi\u00f3n y una gran resistencia mec\u00e1nica. Este producto es ideal para usos industriales que requieren una eliminaci\u00f3n fiable de contaminantes, con especial atenci\u00f3n a los compuestos org\u00e1nicos vol\u00e1tiles (COV), los olores y las impurezas.<\/p>\n<p dir=\"auto\">Nuestro carb\u00f3n activado en pellets cumple normas internacionales como ASTM e ISO, lo que garantiza una calidad constante para los mercados mundiales. Se utiliza ampliamente en la protecci\u00f3n del medio ambiente, el tratamiento de aguas y los sistemas de filtraci\u00f3n de aire.<\/p>\n<h2 dir=\"auto\">Principales caracter\u00edsticas y ventajas<\/h2>\n<ul dir=\"auto\">\n<li><strong>Alta capacidad de adsorci\u00f3n<\/strong>: Estructura de poros optimizada para una eliminaci\u00f3n superior de contaminantes org\u00e1nicos, gases y olores.<\/li>\n<li><strong>Durabilidad<\/strong>: Su elevada dureza reduce la formaci\u00f3n de polvo y prolonga la vida \u00fatil de los sistemas de lecho fijo.<\/li>\n<li><strong>Baja ca\u00edda de presi\u00f3n<\/strong>: La forma uniforme de los gr\u00e1nulos minimiza la resistencia al flujo, mejorando la eficiencia del sistema.<\/li>\n<li><strong>Regenerabilidad<\/strong>: Adecuado para la reactivaci\u00f3n t\u00e9rmica, fomentando el ahorro de costes y la sostenibilidad.<\/li>\n<li><strong>Versatilidad<\/strong>: Disponibles en varios di\u00e1metros e impregnaciones para aplicaciones a medida, como la eliminaci\u00f3n de H2S o el control del mercurio.<\/li>\n<\/ul>\n<p>&nbsp;<\/p>","protected":false},"featured_media":1370,"template":"","meta":{"site-sidebar-layout":"default","site-content-layout":"","ast-site-content-layout":"default","site-content-style":"default","site-sidebar-style":"default","ast-global-header-display":"","ast-banner-title-visibility":"","ast-main-header-display":"","ast-hfb-above-header-display":"","ast-hfb-below-header-display":"","ast-hfb-mobile-header-display":"","site-post-title":"","ast-breadcrumbs-content":"","ast-featured-img":"","footer-sml-layout":"","ast-disable-related-posts":"","theme-transparent-header-meta":"default","adv-header-id-meta":"","stick-header-meta":"","header-above-stick-meta":"","header-main-stick-meta":"","header-below-stick-meta":"","astra-migrate-meta-layouts":"set","ast-page-background-enabled":"default","ast-page-background-meta":{"desktop":{"background-color":"var(--ast-global-color-4)","background-image":"","background-repeat":"repeat","background-position":"center center","background-size":"auto","background-attachment":"scroll","background-type":"","background-media":"","overlay-type":"","overlay-color":"","overlay-opacity":"","overlay-gradient":""},"tablet":{"background-color":"","background-image":"","background-repeat":"repeat","background-position":"center center","background-size":"auto","background-attachment":"scroll","background-type":"","background-media":"","overlay-type":"","overlay-color":"","overlay-opacity":"","overlay-gradient":""},"mobile":{"background-color":"","background-image":"","background-repeat":"repeat","background-position":"center center","background-size":"auto","background-attachment":"scroll","background-type":"","background-media":"","overlay-type":"","overlay-color":"","overlay-opacity":"","overlay-gradient":""}},"ast-content-background-meta":{"desktop":{"background-color":"var(--ast-global-color-5)","background-image":"","background-repeat":"repeat","background-position":"center center","background-size":"auto","background-attachment":"scroll","background-type":"","background-media":"","overlay-type":"","overlay-color":"","overlay-opacity":"","overlay-gradient":""},"tablet":{"background-color":"var(--ast-global-color-5)","background-image":"","background-repeat":"repeat","background-position":"center center","background-size":"auto","background-attachment":"scroll","background-type":"","background-media":"","overlay-type":"","overlay-color":"","overlay-opacity":"","overlay-gradient":""},"mobile":{"background-color":"var(--ast-global-color-5)","background-image":"","background-repeat":"repeat","background-position":"center center","background-size":"auto","background-attachment":"scroll","background-type":"","background-media":"","overlay-type":"","overlay-color":"","overlay-opacity":"","overlay-gradient":""}}},"product_brand":[],"product_cat":[15],"product_tag":[],"class_list":{"0":"post-1141","1":"product","2":"type-product","3":"status-publish","4":"has-post-thumbnail","6":"product_cat-activated-carbon-series","7":"desktop-align-left","8":"tablet-align-left","9":"mobile-align-left","11":"first","12":"instock","13":"shipping-taxable","14":"product-type-simple"},"yoast_head":"<!-- This site is optimized with the Yoast SEO Premium plugin v26.0 (Yoast SEO v27.4) - https:\/\/yoast.com\/product\/yoast-seo-premium-wordpress\/ -->\n<title>Columnar Activated Carbon<\/title>\n<meta name=\"description\" content=\"Durable columnar activated carbon for water, air and gas purification. High strength, low pressure drop, customizable sizes. YRD \u2013 reliable global supply.\" \/>\n<meta name=\"robots\" content=\"index, follow, max-snippet:-1, max-image-preview:large, max-video-preview:-1\" \/>\n<link rel=\"canonical\" href=\"https:\/\/yrdactivatedcarbon.com\/es\/product\/carbon-activado-en-columna\/\" \/>\n<meta property=\"og:locale\" content=\"es_ES\" \/>\n<meta property=\"og:type\" content=\"article\" \/>\n<meta property=\"og:title\" content=\"Columnar Activated Carbon\" \/>\n<meta property=\"og:description\" content=\"Durable columnar activated carbon for water, air and gas purification. High strength, low pressure drop, customizable sizes. YRD \u2013 reliable global supply.\" \/>\n<meta property=\"og:url\" content=\"https:\/\/yrdactivatedcarbon.com\/es\/product\/carbon-activado-en-columna\/\" \/>\n<meta property=\"article:modified_time\" content=\"2025-12-03T09:44:47+00:00\" \/>\n<meta property=\"og:image\" content=\"http:\/\/yrdactivatedcarbon.com\/wp-content\/uploads\/2025\/10\/Columnar-Activated-Carbon.webp\" \/>\n\t<meta property=\"og:image:width\" content=\"1500\" \/>\n\t<meta property=\"og:image:height\" content=\"1500\" \/>\n\t<meta property=\"og:image:type\" content=\"image\/webp\" \/>\n<meta name=\"twitter:card\" content=\"summary_large_image\" \/>\n<meta name=\"twitter:label1\" content=\"Tiempo de lectura\" \/>\n\t<meta name=\"twitter:data1\" content=\"3 minutos\" \/>\n<script type=\"application\/ld+json\" class=\"yoast-schema-graph\">{\"@context\":\"https:\\\/\\\/schema.org\",\"@graph\":[{\"@type\":\"WebPage\",\"@id\":\"https:\\\/\\\/yrdactivatedcarbon.com\\\/product\\\/columnar-activated-carbon\\\/\",\"url\":\"https:\\\/\\\/yrdactivatedcarbon.com\\\/product\\\/columnar-activated-carbon\\\/\",\"name\":\"Columnar Activated Carbon\",\"isPartOf\":{\"@id\":\"https:\\\/\\\/yrdactivatedcarbon.com\\\/#website\"},\"primaryImageOfPage\":{\"@id\":\"https:\\\/\\\/yrdactivatedcarbon.com\\\/product\\\/columnar-activated-carbon\\\/#primaryimage\"},\"image\":{\"@id\":\"https:\\\/\\\/yrdactivatedcarbon.com\\\/product\\\/columnar-activated-carbon\\\/#primaryimage\"},\"thumbnailUrl\":\"https:\\\/\\\/yrdactivatedcarbon.com\\\/wp-content\\\/uploads\\\/2025\\\/10\\\/Columnar-Activated-Carbon.webp\",\"datePublished\":\"2025-10-17T09:11:37+00:00\",\"dateModified\":\"2025-12-03T09:44:47+00:00\",\"description\":\"Durable columnar activated carbon for water, air and gas purification. High strength, low pressure drop, customizable sizes. YRD \u2013 reliable global supply.\",\"breadcrumb\":{\"@id\":\"https:\\\/\\\/yrdactivatedcarbon.com\\\/product\\\/columnar-activated-carbon\\\/#breadcrumb\"},\"inLanguage\":\"es\",\"potentialAction\":[{\"@type\":\"ReadAction\",\"target\":[\"https:\\\/\\\/yrdactivatedcarbon.com\\\/product\\\/columnar-activated-carbon\\\/\"]}]},{\"@type\":\"ImageObject\",\"inLanguage\":\"es\",\"@id\":\"https:\\\/\\\/yrdactivatedcarbon.com\\\/product\\\/columnar-activated-carbon\\\/#primaryimage\",\"url\":\"https:\\\/\\\/yrdactivatedcarbon.com\\\/wp-content\\\/uploads\\\/2025\\\/10\\\/Columnar-Activated-Carbon.webp\",\"contentUrl\":\"https:\\\/\\\/yrdactivatedcarbon.com\\\/wp-content\\\/uploads\\\/2025\\\/10\\\/Columnar-Activated-Carbon.webp\",\"width\":1500,\"height\":1500},{\"@type\":\"BreadcrumbList\",\"@id\":\"https:\\\/\\\/yrdactivatedcarbon.com\\\/product\\\/columnar-activated-carbon\\\/#breadcrumb\",\"itemListElement\":[{\"@type\":\"ListItem\",\"position\":1,\"name\":\"\u9996\u9875\",\"item\":\"https:\\\/\\\/yrdactivatedcarbon.com\\\/\"},{\"@type\":\"ListItem\",\"position\":2,\"name\":\"Products\",\"item\":\"https:\\\/\\\/yrdactivatedcarbon.com\\\/shop__trashed\\\/\"},{\"@type\":\"ListItem\",\"position\":3,\"name\":\"Columnar Activated Carbon\"}]},{\"@type\":\"WebSite\",\"@id\":\"https:\\\/\\\/yrdactivatedcarbon.com\\\/#website\",\"url\":\"https:\\\/\\\/yrdactivatedcarbon.com\\\/\",\"name\":\"\",\"description\":\"\",\"publisher\":{\"@id\":\"https:\\\/\\\/yrdactivatedcarbon.com\\\/#\\\/schema\\\/person\\\/581e0ef9031155afdeefbcd492460987\"},\"potentialAction\":[{\"@type\":\"SearchAction\",\"target\":{\"@type\":\"EntryPoint\",\"urlTemplate\":\"https:\\\/\\\/yrdactivatedcarbon.com\\\/?s={search_term_string}\"},\"query-input\":{\"@type\":\"PropertyValueSpecification\",\"valueRequired\":true,\"valueName\":\"search_term_string\"}}],\"inLanguage\":\"es\"},{\"@type\":[\"Person\",\"Organization\"],\"@id\":\"https:\\\/\\\/yrdactivatedcarbon.com\\\/#\\\/schema\\\/person\\\/581e0ef9031155afdeefbcd492460987\",\"name\":\"Admin\",\"image\":{\"@type\":\"ImageObject\",\"inLanguage\":\"es\",\"@id\":\"https:\\\/\\\/yrdactivatedcarbon.com\\\/wp-content\\\/uploads\\\/2025\\\/10\\\/cropped-cropped-cropped-cropped-cropped-Gemini_Generated_Image_csnat5csnat5csna-removebg-preview.png\",\"url\":\"https:\\\/\\\/yrdactivatedcarbon.com\\\/wp-content\\\/uploads\\\/2025\\\/10\\\/cropped-cropped-cropped-cropped-cropped-Gemini_Generated_Image_csnat5csnat5csna-removebg-preview.png\",\"contentUrl\":\"https:\\\/\\\/yrdactivatedcarbon.com\\\/wp-content\\\/uploads\\\/2025\\\/10\\\/cropped-cropped-cropped-cropped-cropped-Gemini_Generated_Image_csnat5csnat5csna-removebg-preview.png\",\"width\":304,\"height\":88,\"caption\":\"Admin\"},\"logo\":{\"@id\":\"https:\\\/\\\/yrdactivatedcarbon.com\\\/wp-content\\\/uploads\\\/2025\\\/10\\\/cropped-cropped-cropped-cropped-cropped-Gemini_Generated_Image_csnat5csnat5csna-removebg-preview.png\"},\"sameAs\":[\"https:\\\/\\\/yrdactivatedcarbon.com\"],\"publishingPrinciples\":\"https:\\\/\\\/yrdactivatedcarbon.com\\\/\",\"ownershipFundingInfo\":\"https:\\\/\\\/yrdactivatedcarbon.com\\\/\"}]}<\/script>\n<!-- \/ Yoast SEO Premium plugin. -->","yoast_head_json":{"title":"Carb\u00f3n activado columnar","description":"Carb\u00f3n activo en columna duradero para la purificaci\u00f3n de agua, aire y gases. Alta resistencia, baja ca\u00edda de presi\u00f3n, tama\u00f1os personalizables. YRD: suministro mundial fiable.","robots":{"index":"index","follow":"follow","max-snippet":"max-snippet:-1","max-image-preview":"max-image-preview:large","max-video-preview":"max-video-preview:-1"},"canonical":"https:\/\/yrdactivatedcarbon.com\/es\/product\/carbon-activado-en-columna\/","og_locale":"es_ES","og_type":"article","og_title":"Columnar Activated Carbon","og_description":"Durable columnar activated carbon for water, air and gas purification. High strength, low pressure drop, customizable sizes. YRD \u2013 reliable global supply.","og_url":"https:\/\/yrdactivatedcarbon.com\/es\/product\/carbon-activado-en-columna\/","article_modified_time":"2025-12-03T09:44:47+00:00","og_image":[{"width":1500,"height":1500,"url":"http:\/\/yrdactivatedcarbon.com\/wp-content\/uploads\/2025\/10\/Columnar-Activated-Carbon.webp","type":"image\/webp"}],"twitter_card":"summary_large_image","twitter_misc":{"Tiempo de lectura":"3 minutos"},"schema":{"@context":"https:\/\/schema.org","@graph":[{"@type":"WebPage","@id":"https:\/\/yrdactivatedcarbon.com\/product\/columnar-activated-carbon\/","url":"https:\/\/yrdactivatedcarbon.com\/product\/columnar-activated-carbon\/","name":"Carb\u00f3n activado columnar","isPartOf":{"@id":"https:\/\/yrdactivatedcarbon.com\/#website"},"primaryImageOfPage":{"@id":"https:\/\/yrdactivatedcarbon.com\/product\/columnar-activated-carbon\/#primaryimage"},"image":{"@id":"https:\/\/yrdactivatedcarbon.com\/product\/columnar-activated-carbon\/#primaryimage"},"thumbnailUrl":"https:\/\/yrdactivatedcarbon.com\/wp-content\/uploads\/2025\/10\/Columnar-Activated-Carbon.webp","datePublished":"2025-10-17T09:11:37+00:00","dateModified":"2025-12-03T09:44:47+00:00","description":"Carb\u00f3n activo en columna duradero para la purificaci\u00f3n de agua, aire y gases. Alta resistencia, baja ca\u00edda de presi\u00f3n, tama\u00f1os personalizables. YRD: suministro mundial fiable.","breadcrumb":{"@id":"https:\/\/yrdactivatedcarbon.com\/product\/columnar-activated-carbon\/#breadcrumb"},"inLanguage":"es","potentialAction":[{"@type":"ReadAction","target":["https:\/\/yrdactivatedcarbon.com\/product\/columnar-activated-carbon\/"]}]},{"@type":"ImageObject","inLanguage":"es","@id":"https:\/\/yrdactivatedcarbon.com\/product\/columnar-activated-carbon\/#primaryimage","url":"https:\/\/yrdactivatedcarbon.com\/wp-content\/uploads\/2025\/10\/Columnar-Activated-Carbon.webp","contentUrl":"https:\/\/yrdactivatedcarbon.com\/wp-content\/uploads\/2025\/10\/Columnar-Activated-Carbon.webp","width":1500,"height":1500},{"@type":"BreadcrumbList","@id":"https:\/\/yrdactivatedcarbon.com\/product\/columnar-activated-carbon\/#breadcrumb","itemListElement":[{"@type":"ListItem","position":1,"name":"\u9996\u9875","item":"https:\/\/yrdactivatedcarbon.com\/"},{"@type":"ListItem","position":2,"name":"Products","item":"https:\/\/yrdactivatedcarbon.com\/shop__trashed\/"},{"@type":"ListItem","position":3,"name":"Columnar Activated Carbon"}]},{"@type":"WebSite","@id":"https:\/\/yrdactivatedcarbon.com\/#website","url":"https:\/\/yrdactivatedcarbon.com\/","name":"","description":"","publisher":{"@id":"https:\/\/yrdactivatedcarbon.com\/#\/schema\/person\/581e0ef9031155afdeefbcd492460987"},"potentialAction":[{"@type":"SearchAction","target":{"@type":"EntryPoint","urlTemplate":"https:\/\/yrdactivatedcarbon.com\/?s={search_term_string}"},"query-input":{"@type":"PropertyValueSpecification","valueRequired":true,"valueName":"search_term_string"}}],"inLanguage":"es"},{"@type":["Person","Organization"],"@id":"https:\/\/yrdactivatedcarbon.com\/#\/schema\/person\/581e0ef9031155afdeefbcd492460987","name":"Admin","image":{"@type":"ImageObject","inLanguage":"es","@id":"https:\/\/yrdactivatedcarbon.com\/wp-content\/uploads\/2025\/10\/cropped-cropped-cropped-cropped-cropped-Gemini_Generated_Image_csnat5csnat5csna-removebg-preview.png","url":"https:\/\/yrdactivatedcarbon.com\/wp-content\/uploads\/2025\/10\/cropped-cropped-cropped-cropped-cropped-Gemini_Generated_Image_csnat5csnat5csna-removebg-preview.png","contentUrl":"https:\/\/yrdactivatedcarbon.com\/wp-content\/uploads\/2025\/10\/cropped-cropped-cropped-cropped-cropped-Gemini_Generated_Image_csnat5csnat5csna-removebg-preview.png","width":304,"height":88,"caption":"Admin"},"logo":{"@id":"https:\/\/yrdactivatedcarbon.com\/wp-content\/uploads\/2025\/10\/cropped-cropped-cropped-cropped-cropped-Gemini_Generated_Image_csnat5csnat5csna-removebg-preview.png"},"sameAs":["https:\/\/yrdactivatedcarbon.com"],"publishingPrinciples":"https:\/\/yrdactivatedcarbon.com\/","ownershipFundingInfo":"https:\/\/yrdactivatedcarbon.com\/"}]}},"_links":{"self":[{"href":"https:\/\/yrdactivatedcarbon.com\/es\/wp-json\/wp\/v2\/product\/1141","targetHints":{"allow":["GET"]}}],"collection":[{"href":"https:\/\/yrdactivatedcarbon.com\/es\/wp-json\/wp\/v2\/product"}],"about":[{"href":"https:\/\/yrdactivatedcarbon.com\/es\/wp-json\/wp\/v2\/types\/product"}],"version-history":[{"count":4,"href":"https:\/\/yrdactivatedcarbon.com\/es\/wp-json\/wp\/v2\/product\/1141\/revisions"}],"predecessor-version":[{"id":1371,"href":"https:\/\/yrdactivatedcarbon.com\/es\/wp-json\/wp\/v2\/product\/1141\/revisions\/1371"}],"wp:featuredmedia":[{"embeddable":true,"href":"https:\/\/yrdactivatedcarbon.com\/es\/wp-json\/wp\/v2\/media\/1370"}],"wp:attachment":[{"href":"https:\/\/yrdactivatedcarbon.com\/es\/wp-json\/wp\/v2\/media?parent=1141"}],"wp:term":[{"taxonomy":"product_brand","embeddable":true,"href":"https:\/\/yrdactivatedcarbon.com\/es\/wp-json\/wp\/v2\/product_brand?post=1141"},{"taxonomy":"product_cat","embeddable":true,"href":"https:\/\/yrdactivatedcarbon.com\/es\/wp-json\/wp\/v2\/product_cat?post=1141"},{"taxonomy":"product_tag","embeddable":true,"href":"https:\/\/yrdactivatedcarbon.com\/es\/wp-json\/wp\/v2\/product_tag?post=1141"}],"curies":[{"name":"wp","href":"https:\/\/api.w.org\/{rel}","templated":true}]}}