{"id":1143,"date":"2025-10-17T17:11:55","date_gmt":"2025-10-17T09:11:55","guid":{"rendered":"https:\/\/yrdactivatedcarbon.com\/?post_type=product&#038;p=1143"},"modified":"2025-12-03T17:44:05","modified_gmt":"2025-12-03T09:44:05","slug":"carbon-activado-en-polvo-pac","status":"publish","type":"product","link":"https:\/\/yrdactivatedcarbon.com\/es\/product\/carbon-activado-en-polvo-pac\/","title":{"rendered":"Carb\u00f3n activado en polvo (CAP)"},"content":{"rendered":"<p dir=\"auto\">Especificaciones t\u00e9cnicas<\/p>\n<table>\n<thead>\n<tr>\n<th data-col-size=\"lg\">Par\u00e1metro<\/th>\n<th data-col-size=\"md\">Especificaci\u00f3n<\/th>\n<th data-col-size=\"sm\">Unidad<\/th>\n<th data-col-size=\"md\">M\u00e9todo de ensayo<\/th>\n<th data-col-size=\"xl\">Observaciones<\/th>\n<\/tr>\n<\/thead>\n<tbody>\n<tr>\n<td data-col-size=\"lg\">Valor de yodo<\/td>\n<td data-col-size=\"md\">\u2265 1000<\/td>\n<td data-col-size=\"sm\">mg\/g<\/td>\n<td data-col-size=\"md\">ASTM D4607<\/td>\n<td data-col-size=\"xl\">Indica la capacidad de adsorci\u00f3n de mol\u00e9culas peque\u00f1as<\/td>\n<\/tr>\n<tr>\n<td data-col-size=\"lg\">Contenido de ceniza<\/td>\n<td data-col-size=\"md\">\u2264 5<\/td>\n<td data-col-size=\"sm\">%<\/td>\n<td data-col-size=\"md\">ASTM D2866<\/td>\n<td data-col-size=\"xl\">El bajo contenido en cenizas garantiza la pureza<\/td>\n<\/tr>\n<tr>\n<td data-col-size=\"lg\">Contenido de humedad<\/td>\n<td data-col-size=\"md\">\u2264 8<\/td>\n<td data-col-size=\"sm\">%<\/td>\n<td data-col-size=\"md\">ASTM D2867<\/td>\n<td data-col-size=\"xl\">Tal como se recibi\u00f3<\/td>\n<\/tr>\n<tr>\n<td data-col-size=\"lg\">Valor pH<\/td>\n<td data-col-size=\"md\">6 &#8211; 10<\/td>\n<td data-col-size=\"sm\">&#8211;<\/td>\n<td data-col-size=\"md\">ASTM D3838<\/td>\n<td data-col-size=\"xl\">Neutro a ligeramente alcalino<\/td>\n<\/tr>\n<tr>\n<td data-col-size=\"lg\">Distribuci\u00f3n del tama\u00f1o de las part\u00edculas<\/td>\n<td data-col-size=\"md\">95% a trav\u00e9s de malla 325 (44 \u03bcm)<\/td>\n<td data-col-size=\"sm\">%<\/td>\n<td data-col-size=\"md\">ASTM D2862<\/td>\n<td data-col-size=\"xl\">Polvo fino para facilitar la mezcla<\/td>\n<\/tr>\n<tr>\n<td data-col-size=\"lg\">Densidad aparente<\/td>\n<td data-col-size=\"md\">0.45 &#8211; 0.55<\/td>\n<td data-col-size=\"sm\">g\/cc<\/td>\n<td data-col-size=\"md\">ASTM D2854<\/td>\n<td data-col-size=\"xl\">Densidad aparente<\/td>\n<\/tr>\n<tr>\n<td data-col-size=\"lg\">Valor del azul de metileno<\/td>\n<td data-col-size=\"md\">\u2265 200<\/td>\n<td data-col-size=\"sm\">mg\/g<\/td>\n<td data-col-size=\"md\">JIS K1474<\/td>\n<td data-col-size=\"xl\">Mide la capacidad de decoloraci\u00f3n<\/td>\n<\/tr>\n<tr>\n<td data-col-size=\"lg\">Ceniza soluble en agua<\/td>\n<td data-col-size=\"md\">\u2264 1<\/td>\n<td data-col-size=\"sm\">%<\/td>\n<td data-col-size=\"md\">ASTM D5029<\/td>\n<td data-col-size=\"xl\">Minimiza la lixiviaci\u00f3n en las aplicaciones<\/td>\n<\/tr>\n<tr>\n<td data-col-size=\"lg\">Superficie (BET)<\/td>\n<td data-col-size=\"md\">\u2265 1000<\/td>\n<td data-col-size=\"sm\">m\u00b2\/g<\/td>\n<td data-col-size=\"md\">ASTM D6556<\/td>\n<td data-col-size=\"xl\">Alta superficie para mejorar la adsorci\u00f3n<\/td>\n<\/tr>\n<\/tbody>\n<\/table>\n<p><a dir=\"auto\" style=\"display: inline-block; padding: 12px 28px; border-radius: 999px; background: #0067ff; color: #ffffff; font-size: 20px; font-weight: 600; text-decoration: none; cursor: pointer;\" href=\"mailto:info@yrdcarbon.com\">Obtenga muestras de calidad gratuitas para pruebas<\/a><\/p>","protected":false},"excerpt":{"rendered":"<p><a dir=\"auto\" style=\"display: inline-block; padding: 12px 28px; border-radius: 999px; background: #0067ff; color: #ffffff; font-size: 20px; font-weight: 600; text-decoration: none; cursor: pointer; \" href=\"mailto:info@yrdcarbon.com\">Obtenga muestras de calidad gratuitas para pruebas<\/a><\/p>\n<p dir=\"auto\">El carb\u00f3n activado en polvo (CAP) es una forma de carb\u00f3n activado finamente molido, conocido por su excepcional capacidad de adsorci\u00f3n. Derivado de materias primas de alta calidad como la c\u00e1scara de coco o la madera, nuestro CAP est\u00e1 dise\u00f1ado para la eliminaci\u00f3n eficaz de contaminantes en el tratamiento de aguas, la purificaci\u00f3n del aire y las aplicaciones de ingenier\u00eda medioambiental. Ofrece un rendimiento superior en la adsorci\u00f3n de compuestos org\u00e1nicos, olores e impurezas, garantizando el cumplimiento de normas internacionales como AWWA, ASTM y NSF.<\/p>\n<h4 dir=\"auto\">Principales aplicaciones y ventajas<\/h4>\n<ul dir=\"auto\">\n<li><strong>Tratamiento del agua:<\/strong> Elimina eficazmente los contaminantes org\u00e1nicos, el cloro y los compuestos de sabor y olor en los sistemas de agua municipales e industriales, mejorando la calidad y la seguridad del agua.<\/li>\n<li><strong>Ingenier\u00eda Medioambiental:<\/strong> Ideal para el tratamiento de aguas residuales, la recuperaci\u00f3n de suelos y la depuraci\u00f3n de gases de combusti\u00f3n, contribuyendo a pr\u00e1cticas medioambientales sostenibles.<\/li>\n<li><strong>Ventajas competitivas:<\/strong> Alto valor de yodo para una adsorci\u00f3n superior, bajo contenido en cenizas para minimizar las impurezas y tama\u00f1o fino de las part\u00edculas para una r\u00e1pida dispersi\u00f3n y eficacia. Esto se traduce en un ahorro de costes gracias a la reducci\u00f3n de los requisitos de dosificaci\u00f3n y a la mejora del rendimiento del proceso.<\/li>\n<\/ul>","protected":false},"featured_media":1375,"template":"","meta":{"site-sidebar-layout":"default","site-content-layout":"","ast-site-content-layout":"default","site-content-style":"default","site-sidebar-style":"default","ast-global-header-display":"","ast-banner-title-visibility":"","ast-main-header-display":"","ast-hfb-above-header-display":"","ast-hfb-below-header-display":"","ast-hfb-mobile-header-display":"","site-post-title":"","ast-breadcrumbs-content":"","ast-featured-img":"","footer-sml-layout":"","ast-disable-related-posts":"","theme-transparent-header-meta":"default","adv-header-id-meta":"","stick-header-meta":"","header-above-stick-meta":"","header-main-stick-meta":"","header-below-stick-meta":"","astra-migrate-meta-layouts":"set","ast-page-background-enabled":"default","ast-page-background-meta":{"desktop":{"background-color":"var(--ast-global-color-4)","background-image":"","background-repeat":"repeat","background-position":"center center","background-size":"auto","background-attachment":"scroll","background-type":"","background-media":"","overlay-type":"","overlay-color":"","overlay-opacity":"","overlay-gradient":""},"tablet":{"background-color":"","background-image":"","background-repeat":"repeat","background-position":"center center","background-size":"auto","background-attachment":"scroll","background-type":"","background-media":"","overlay-type":"","overlay-color":"","overlay-opacity":"","overlay-gradient":""},"mobile":{"background-color":"","background-image":"","background-repeat":"repeat","background-position":"center center","background-size":"auto","background-attachment":"scroll","background-type":"","background-media":"","overlay-type":"","overlay-color":"","overlay-opacity":"","overlay-gradient":""}},"ast-content-background-meta":{"desktop":{"background-color":"var(--ast-global-color-5)","background-image":"","background-repeat":"repeat","background-position":"center center","background-size":"auto","background-attachment":"scroll","background-type":"","background-media":"","overlay-type":"","overlay-color":"","overlay-opacity":"","overlay-gradient":""},"tablet":{"background-color":"var(--ast-global-color-5)","background-image":"","background-repeat":"repeat","background-position":"center center","background-size":"auto","background-attachment":"scroll","background-type":"","background-media":"","overlay-type":"","overlay-color":"","overlay-opacity":"","overlay-gradient":""},"mobile":{"background-color":"var(--ast-global-color-5)","background-image":"","background-repeat":"repeat","background-position":"center center","background-size":"auto","background-attachment":"scroll","background-type":"","background-media":"","overlay-type":"","overlay-color":"","overlay-opacity":"","overlay-gradient":""}}},"product_brand":[],"product_cat":[15],"product_tag":[],"class_list":{"0":"post-1143","1":"product","2":"type-product","3":"status-publish","4":"has-post-thumbnail","6":"product_cat-activated-carbon-series","7":"desktop-align-left","8":"tablet-align-left","9":"mobile-align-left","11":"first","12":"instock","13":"featured","14":"shipping-taxable","15":"product-type-simple"},"yoast_head":"<!-- This site is optimized with the Yoast SEO Premium plugin v26.0 (Yoast SEO v27.4) - https:\/\/yoast.com\/product\/yoast-seo-premium-wordpress\/ -->\n<title>Powdered Activated Carbon (PAC)<\/title>\n<meta name=\"description\" content=\"Powdered activated carbon (PAC) for water purification, wastewater treatment &amp; industrial adsorption. High purity, fast kinetics, global supply.\" \/>\n<meta name=\"robots\" content=\"index, follow, max-snippet:-1, max-image-preview:large, max-video-preview:-1\" \/>\n<link rel=\"canonical\" href=\"https:\/\/yrdactivatedcarbon.com\/es\/product\/carbon-activado-en-polvo-pac\/\" \/>\n<meta property=\"og:locale\" content=\"es_ES\" \/>\n<meta property=\"og:type\" content=\"article\" \/>\n<meta property=\"og:title\" content=\"Powdered Activated Carbon (PAC)\" \/>\n<meta property=\"og:description\" content=\"Powdered activated carbon (PAC) for water purification, wastewater treatment &amp; industrial adsorption. High purity, fast kinetics, global supply.\" \/>\n<meta property=\"og:url\" content=\"https:\/\/yrdactivatedcarbon.com\/es\/product\/carbon-activado-en-polvo-pac\/\" \/>\n<meta property=\"article:modified_time\" content=\"2025-12-03T09:44:05+00:00\" \/>\n<meta property=\"og:image\" content=\"http:\/\/yrdactivatedcarbon.com\/wp-content\/uploads\/2025\/10\/Coal-based-Powder-activated-carbon.jpg\" \/>\n\t<meta property=\"og:image:width\" content=\"768\" \/>\n\t<meta property=\"og:image:height\" content=\"480\" \/>\n\t<meta property=\"og:image:type\" content=\"image\/jpeg\" \/>\n<meta name=\"twitter:card\" content=\"summary_large_image\" \/>\n<meta name=\"twitter:label1\" content=\"Tiempo de lectura\" \/>\n\t<meta name=\"twitter:data1\" content=\"1 minuto\" \/>\n<script type=\"application\/ld+json\" class=\"yoast-schema-graph\">{\"@context\":\"https:\\\/\\\/schema.org\",\"@graph\":[{\"@type\":\"WebPage\",\"@id\":\"https:\\\/\\\/yrdactivatedcarbon.com\\\/product\\\/powdered-activated-carbon-pac\\\/\",\"url\":\"https:\\\/\\\/yrdactivatedcarbon.com\\\/product\\\/powdered-activated-carbon-pac\\\/\",\"name\":\"Powdered Activated Carbon (PAC)\",\"isPartOf\":{\"@id\":\"https:\\\/\\\/yrdactivatedcarbon.com\\\/#website\"},\"primaryImageOfPage\":{\"@id\":\"https:\\\/\\\/yrdactivatedcarbon.com\\\/product\\\/powdered-activated-carbon-pac\\\/#primaryimage\"},\"image\":{\"@id\":\"https:\\\/\\\/yrdactivatedcarbon.com\\\/product\\\/powdered-activated-carbon-pac\\\/#primaryimage\"},\"thumbnailUrl\":\"https:\\\/\\\/yrdactivatedcarbon.com\\\/wp-content\\\/uploads\\\/2025\\\/10\\\/Coal-based-Powder-activated-carbon.jpg\",\"datePublished\":\"2025-10-17T09:11:55+00:00\",\"dateModified\":\"2025-12-03T09:44:05+00:00\",\"description\":\"Powdered activated carbon (PAC) for water purification, wastewater treatment & industrial adsorption. High purity, fast kinetics, global supply.\",\"breadcrumb\":{\"@id\":\"https:\\\/\\\/yrdactivatedcarbon.com\\\/product\\\/powdered-activated-carbon-pac\\\/#breadcrumb\"},\"inLanguage\":\"es\",\"potentialAction\":[{\"@type\":\"ReadAction\",\"target\":[\"https:\\\/\\\/yrdactivatedcarbon.com\\\/product\\\/powdered-activated-carbon-pac\\\/\"]}]},{\"@type\":\"ImageObject\",\"inLanguage\":\"es\",\"@id\":\"https:\\\/\\\/yrdactivatedcarbon.com\\\/product\\\/powdered-activated-carbon-pac\\\/#primaryimage\",\"url\":\"https:\\\/\\\/yrdactivatedcarbon.com\\\/wp-content\\\/uploads\\\/2025\\\/10\\\/Coal-based-Powder-activated-carbon.jpg\",\"contentUrl\":\"https:\\\/\\\/yrdactivatedcarbon.com\\\/wp-content\\\/uploads\\\/2025\\\/10\\\/Coal-based-Powder-activated-carbon.jpg\",\"width\":768,\"height\":480},{\"@type\":\"BreadcrumbList\",\"@id\":\"https:\\\/\\\/yrdactivatedcarbon.com\\\/product\\\/powdered-activated-carbon-pac\\\/#breadcrumb\",\"itemListElement\":[{\"@type\":\"ListItem\",\"position\":1,\"name\":\"\u9996\u9875\",\"item\":\"https:\\\/\\\/yrdactivatedcarbon.com\\\/\"},{\"@type\":\"ListItem\",\"position\":2,\"name\":\"Products\",\"item\":\"https:\\\/\\\/yrdactivatedcarbon.com\\\/shop__trashed\\\/\"},{\"@type\":\"ListItem\",\"position\":3,\"name\":\"Powdered Activated Carbon (PAC)\"}]},{\"@type\":\"WebSite\",\"@id\":\"https:\\\/\\\/yrdactivatedcarbon.com\\\/#website\",\"url\":\"https:\\\/\\\/yrdactivatedcarbon.com\\\/\",\"name\":\"\",\"description\":\"\",\"publisher\":{\"@id\":\"https:\\\/\\\/yrdactivatedcarbon.com\\\/#\\\/schema\\\/person\\\/581e0ef9031155afdeefbcd492460987\"},\"potentialAction\":[{\"@type\":\"SearchAction\",\"target\":{\"@type\":\"EntryPoint\",\"urlTemplate\":\"https:\\\/\\\/yrdactivatedcarbon.com\\\/?s={search_term_string}\"},\"query-input\":{\"@type\":\"PropertyValueSpecification\",\"valueRequired\":true,\"valueName\":\"search_term_string\"}}],\"inLanguage\":\"es\"},{\"@type\":[\"Person\",\"Organization\"],\"@id\":\"https:\\\/\\\/yrdactivatedcarbon.com\\\/#\\\/schema\\\/person\\\/581e0ef9031155afdeefbcd492460987\",\"name\":\"Admin\",\"image\":{\"@type\":\"ImageObject\",\"inLanguage\":\"es\",\"@id\":\"https:\\\/\\\/yrdactivatedcarbon.com\\\/wp-content\\\/uploads\\\/2025\\\/10\\\/cropped-cropped-cropped-cropped-cropped-Gemini_Generated_Image_csnat5csnat5csna-removebg-preview.png\",\"url\":\"https:\\\/\\\/yrdactivatedcarbon.com\\\/wp-content\\\/uploads\\\/2025\\\/10\\\/cropped-cropped-cropped-cropped-cropped-Gemini_Generated_Image_csnat5csnat5csna-removebg-preview.png\",\"contentUrl\":\"https:\\\/\\\/yrdactivatedcarbon.com\\\/wp-content\\\/uploads\\\/2025\\\/10\\\/cropped-cropped-cropped-cropped-cropped-Gemini_Generated_Image_csnat5csnat5csna-removebg-preview.png\",\"width\":304,\"height\":88,\"caption\":\"Admin\"},\"logo\":{\"@id\":\"https:\\\/\\\/yrdactivatedcarbon.com\\\/wp-content\\\/uploads\\\/2025\\\/10\\\/cropped-cropped-cropped-cropped-cropped-Gemini_Generated_Image_csnat5csnat5csna-removebg-preview.png\"},\"sameAs\":[\"https:\\\/\\\/yrdactivatedcarbon.com\"],\"publishingPrinciples\":\"https:\\\/\\\/yrdactivatedcarbon.com\\\/\",\"ownershipFundingInfo\":\"https:\\\/\\\/yrdactivatedcarbon.com\\\/\"}]}<\/script>\n<!-- \/ Yoast SEO Premium plugin. -->","yoast_head_json":{"title":"Carb\u00f3n activado en polvo (CAP)","description":"Carb\u00f3n activo en polvo (CAP) para la purificaci\u00f3n del agua, el tratamiento de aguas residuales y la adsorci\u00f3n industrial. Alta pureza, cin\u00e9tica r\u00e1pida, suministro mundial.","robots":{"index":"index","follow":"follow","max-snippet":"max-snippet:-1","max-image-preview":"max-image-preview:large","max-video-preview":"max-video-preview:-1"},"canonical":"https:\/\/yrdactivatedcarbon.com\/es\/product\/carbon-activado-en-polvo-pac\/","og_locale":"es_ES","og_type":"article","og_title":"Powdered Activated Carbon (PAC)","og_description":"Powdered activated carbon (PAC) for water purification, wastewater treatment & industrial adsorption. High purity, fast kinetics, global supply.","og_url":"https:\/\/yrdactivatedcarbon.com\/es\/product\/carbon-activado-en-polvo-pac\/","article_modified_time":"2025-12-03T09:44:05+00:00","og_image":[{"width":768,"height":480,"url":"http:\/\/yrdactivatedcarbon.com\/wp-content\/uploads\/2025\/10\/Coal-based-Powder-activated-carbon.jpg","type":"image\/jpeg"}],"twitter_card":"summary_large_image","twitter_misc":{"Tiempo de lectura":"1 minuto"},"schema":{"@context":"https:\/\/schema.org","@graph":[{"@type":"WebPage","@id":"https:\/\/yrdactivatedcarbon.com\/product\/powdered-activated-carbon-pac\/","url":"https:\/\/yrdactivatedcarbon.com\/product\/powdered-activated-carbon-pac\/","name":"Carb\u00f3n activado en polvo (CAP)","isPartOf":{"@id":"https:\/\/yrdactivatedcarbon.com\/#website"},"primaryImageOfPage":{"@id":"https:\/\/yrdactivatedcarbon.com\/product\/powdered-activated-carbon-pac\/#primaryimage"},"image":{"@id":"https:\/\/yrdactivatedcarbon.com\/product\/powdered-activated-carbon-pac\/#primaryimage"},"thumbnailUrl":"https:\/\/yrdactivatedcarbon.com\/wp-content\/uploads\/2025\/10\/Coal-based-Powder-activated-carbon.jpg","datePublished":"2025-10-17T09:11:55+00:00","dateModified":"2025-12-03T09:44:05+00:00","description":"Carb\u00f3n activo en polvo (CAP) para la purificaci\u00f3n del agua, el tratamiento de aguas residuales y la adsorci\u00f3n industrial. Alta pureza, cin\u00e9tica r\u00e1pida, suministro mundial.","breadcrumb":{"@id":"https:\/\/yrdactivatedcarbon.com\/product\/powdered-activated-carbon-pac\/#breadcrumb"},"inLanguage":"es","potentialAction":[{"@type":"ReadAction","target":["https:\/\/yrdactivatedcarbon.com\/product\/powdered-activated-carbon-pac\/"]}]},{"@type":"ImageObject","inLanguage":"es","@id":"https:\/\/yrdactivatedcarbon.com\/product\/powdered-activated-carbon-pac\/#primaryimage","url":"https:\/\/yrdactivatedcarbon.com\/wp-content\/uploads\/2025\/10\/Coal-based-Powder-activated-carbon.jpg","contentUrl":"https:\/\/yrdactivatedcarbon.com\/wp-content\/uploads\/2025\/10\/Coal-based-Powder-activated-carbon.jpg","width":768,"height":480},{"@type":"BreadcrumbList","@id":"https:\/\/yrdactivatedcarbon.com\/product\/powdered-activated-carbon-pac\/#breadcrumb","itemListElement":[{"@type":"ListItem","position":1,"name":"\u9996\u9875","item":"https:\/\/yrdactivatedcarbon.com\/"},{"@type":"ListItem","position":2,"name":"Products","item":"https:\/\/yrdactivatedcarbon.com\/shop__trashed\/"},{"@type":"ListItem","position":3,"name":"Powdered Activated Carbon (PAC)"}]},{"@type":"WebSite","@id":"https:\/\/yrdactivatedcarbon.com\/#website","url":"https:\/\/yrdactivatedcarbon.com\/","name":"","description":"","publisher":{"@id":"https:\/\/yrdactivatedcarbon.com\/#\/schema\/person\/581e0ef9031155afdeefbcd492460987"},"potentialAction":[{"@type":"SearchAction","target":{"@type":"EntryPoint","urlTemplate":"https:\/\/yrdactivatedcarbon.com\/?s={search_term_string}"},"query-input":{"@type":"PropertyValueSpecification","valueRequired":true,"valueName":"search_term_string"}}],"inLanguage":"es"},{"@type":["Person","Organization"],"@id":"https:\/\/yrdactivatedcarbon.com\/#\/schema\/person\/581e0ef9031155afdeefbcd492460987","name":"Admin","image":{"@type":"ImageObject","inLanguage":"es","@id":"https:\/\/yrdactivatedcarbon.com\/wp-content\/uploads\/2025\/10\/cropped-cropped-cropped-cropped-cropped-Gemini_Generated_Image_csnat5csnat5csna-removebg-preview.png","url":"https:\/\/yrdactivatedcarbon.com\/wp-content\/uploads\/2025\/10\/cropped-cropped-cropped-cropped-cropped-Gemini_Generated_Image_csnat5csnat5csna-removebg-preview.png","contentUrl":"https:\/\/yrdactivatedcarbon.com\/wp-content\/uploads\/2025\/10\/cropped-cropped-cropped-cropped-cropped-Gemini_Generated_Image_csnat5csnat5csna-removebg-preview.png","width":304,"height":88,"caption":"Admin"},"logo":{"@id":"https:\/\/yrdactivatedcarbon.com\/wp-content\/uploads\/2025\/10\/cropped-cropped-cropped-cropped-cropped-Gemini_Generated_Image_csnat5csnat5csna-removebg-preview.png"},"sameAs":["https:\/\/yrdactivatedcarbon.com"],"publishingPrinciples":"https:\/\/yrdactivatedcarbon.com\/","ownershipFundingInfo":"https:\/\/yrdactivatedcarbon.com\/"}]}},"_links":{"self":[{"href":"https:\/\/yrdactivatedcarbon.com\/es\/wp-json\/wp\/v2\/product\/1143","targetHints":{"allow":["GET"]}}],"collection":[{"href":"https:\/\/yrdactivatedcarbon.com\/es\/wp-json\/wp\/v2\/product"}],"about":[{"href":"https:\/\/yrdactivatedcarbon.com\/es\/wp-json\/wp\/v2\/types\/product"}],"version-history":[{"count":4,"href":"https:\/\/yrdactivatedcarbon.com\/es\/wp-json\/wp\/v2\/product\/1143\/revisions"}],"predecessor-version":[{"id":1376,"href":"https:\/\/yrdactivatedcarbon.com\/es\/wp-json\/wp\/v2\/product\/1143\/revisions\/1376"}],"wp:featuredmedia":[{"embeddable":true,"href":"https:\/\/yrdactivatedcarbon.com\/es\/wp-json\/wp\/v2\/media\/1375"}],"wp:attachment":[{"href":"https:\/\/yrdactivatedcarbon.com\/es\/wp-json\/wp\/v2\/media?parent=1143"}],"wp:term":[{"taxonomy":"product_brand","embeddable":true,"href":"https:\/\/yrdactivatedcarbon.com\/es\/wp-json\/wp\/v2\/product_brand?post=1143"},{"taxonomy":"product_cat","embeddable":true,"href":"https:\/\/yrdactivatedcarbon.com\/es\/wp-json\/wp\/v2\/product_cat?post=1143"},{"taxonomy":"product_tag","embeddable":true,"href":"https:\/\/yrdactivatedcarbon.com\/es\/wp-json\/wp\/v2\/product_tag?post=1143"}],"curies":[{"name":"wp","href":"https:\/\/api.w.org\/{rel}","templated":true}]}}