{"id":1155,"date":"2025-10-17T17:15:33","date_gmt":"2025-10-17T09:15:33","guid":{"rendered":"https:\/\/yrdactivatedcarbon.com\/?post_type=product&#038;p=1155"},"modified":"2025-12-03T17:33:55","modified_gmt":"2025-12-03T09:33:55","slug":"poliacrilamida-pam","status":"publish","type":"product","link":"https:\/\/yrdactivatedcarbon.com\/es\/product\/poliacrilamida-pam\/","title":{"rendered":"Poliacrilamida (PAM)"},"content":{"rendered":"<div data-elementor-type=\"product-post\" data-elementor-id=\"1155\" class=\"elementor elementor-1155\" data-elementor-post-type=\"product\">\n\t\t\t\t<div class=\"elementor-element elementor-element-343f7d33 e-flex e-con-boxed e-con e-parent\" data-id=\"343f7d33\" data-element_type=\"container\" data-e-type=\"container\">\n\t\t\t\t\t<div class=\"e-con-inner\">\n\t\t\t\t<div class=\"elementor-element elementor-element-5afeabae elementor-widget elementor-widget-text-editor\" data-id=\"5afeabae\" data-element_type=\"widget\" data-e-type=\"widget\" data-widget_type=\"text-editor.default\">\n\t\t\t\t<div class=\"elementor-widget-container\">\n\t\t\t\t\t\t\t\t\t<h2 dir=\"auto\">Propiedades qu\u00edmicas y f\u00edsicas<\/h2><p dir=\"auto\">La poliacrilamida ani\u00f3nica es un pol\u00edmero lineal con la f\u00f3rmula qu\u00edmica (C\u2083H\u2085NO)\u2099, que presenta grupos carboxilato cargados negativamente que potencian su interacci\u00f3n con part\u00edculas cargadas positivamente en suspensiones.<\/p><table><thead><tr><th data-col-size=\"lg\">Propiedad<\/th><th data-col-size=\"lg\">Especificaci\u00f3n<\/th><th data-col-size=\"md\">M\u00e9todo de ensayo<\/th><\/tr><\/thead><tbody><tr><td data-col-size=\"lg\">Apariencia<\/td><td data-col-size=\"lg\">Polvo granulado blanco o blanquecino<\/td><td data-col-size=\"md\">Visual<\/td><\/tr><tr><td data-col-size=\"lg\">N\u00famero CAS<\/td><td data-col-size=\"lg\">9003-05-8<\/td><td data-col-size=\"md\">&#8211;<\/td><\/tr><tr><td data-col-size=\"lg\">Peso molecular<\/td><td data-col-size=\"lg\">8-20 millones (personalizable: bajo, medio, alto)<\/td><td data-col-size=\"md\">Viscometr\u00eda<\/td><\/tr><tr><td data-col-size=\"lg\">Grado de hidr\u00f3lisis (%)<\/td><td data-col-size=\"lg\">10-30 (densidad de carga media)<\/td><td data-col-size=\"md\">Valoraci\u00f3n<\/td><\/tr><tr><td data-col-size=\"lg\">Contenido s\u00f3lido (%)<\/td><td data-col-size=\"lg\">\u226590<\/td><td data-col-size=\"md\">Gravimetr\u00eda<\/td><\/tr><tr><td data-col-size=\"lg\">pH (soluci\u00f3n 1% a 25\u00b0C)<\/td><td data-col-size=\"lg\">6-8<\/td><td data-col-size=\"md\">Medidor de pH<\/td><\/tr><tr><td data-col-size=\"lg\">Acrilamida residual (%)<\/td><td data-col-size=\"lg\">\u22640.05<\/td><td data-col-size=\"md\">HPLC<\/td><\/tr><tr><td data-col-size=\"lg\">Solubilidad<\/td><td data-col-size=\"lg\">Totalmente soluble en agua; insoluble en disolventes org\u00e1nicos como alcohol, acetona, benceno<\/td><td data-col-size=\"md\">Prueba de disoluci\u00f3n<\/td><\/tr><tr><td data-col-size=\"lg\">Densidad aparente (g\/cm\u00b3)<\/td><td data-col-size=\"lg\">0.6-0.8<\/td><td data-col-size=\"md\">ASTM D1895<\/td><\/tr><tr><td data-col-size=\"lg\">Viscosidad (soluci\u00f3n 0,5%, cps)<\/td><td data-col-size=\"lg\">200-400 (viscos\u00edmetro Brookfield)<\/td><td data-col-size=\"md\">Autocaravana Brookfield<\/td><\/tr><tr><td data-col-size=\"lg\">Car\u00e1cter j\u00f3nico<\/td><td data-col-size=\"lg\">Ani\u00f3nico<\/td><td data-col-size=\"md\">&#8211;<\/td><\/tr><\/tbody><\/table><h2 dir=\"auto\">Caracter\u00edsticas de rendimiento<\/h2><p dir=\"auto\">Nuestra PAM ani\u00f3nica destaca por su eficacia de floculaci\u00f3n, reduciendo la turbidez y los s\u00f3lidos en suspensi\u00f3n hasta 95% en situaciones t\u00edpicas de tratamiento de aguas. La evaluaci\u00f3n comparativa con los principales fabricantes (p. ej., SNF Floerger, BASF, Kemira) muestra una mayor formaci\u00f3n de viscosidad y menores necesidades de dosificaci\u00f3n (0,1-1 ppm frente a la media del sector de 0,5-2 ppm), lo que supone un ahorro de costes de 15-20%.<\/p><ul dir=\"auto\"><li><strong>Eficacia de floculaci\u00f3n<\/strong>: Forma fl\u00f3culos grandes y estables para una r\u00e1pida sedimentaci\u00f3n; eficaz en el intervalo de pH 4-10.<\/li><li><strong>Resistencia al cizallamiento<\/strong>: Mantiene la integridad en condiciones de alto cizallamiento, ideal para el bombeo y la mezcla.<\/li><li><strong>Estabilidad t\u00e9rmica<\/strong>: Funcional de 0-80\u00b0C sin degradaci\u00f3n.<\/li><li><strong>Tolerancia a la sal<\/strong>: Funciona bien en agua salobre (hasta 5.000 ppm de TDS).<\/li><li><strong>Impacto medioambiental<\/strong>: Biodegradable en condiciones aer\u00f3bicas; baja toxicidad para la vida acu\u00e1tica (CL50 &gt;100 mg\/L).<\/li><\/ul><p dir=\"auto\">Ventajas espec\u00edficas de la aplicaci\u00f3n:<\/p><ul dir=\"auto\"><li><strong>Tratamiento del agua<\/strong>: Mejora la clarificaci\u00f3n de las aguas residuales municipales e industriales, reduciendo el volumen de lodos en un 20-30%.<\/li><li><strong>Recuperaci\u00f3n de petr\u00f3leo (EOR)<\/strong>: Aumenta la viscosidad para una mayor eficacia de barrido, mejorando el rendimiento del aceite en 10-15%.<\/li><li><strong>Miner\u00eda y metalurgia<\/strong>: Ayuda en la gesti\u00f3n de residuos, minimizando el uso de agua y los vertidos al medio ambiente.<\/li><li><strong>Fabricaci\u00f3n de papel<\/strong>: Mejora la retenci\u00f3n y el drenaje, aumentando la velocidad de producci\u00f3n en un 5-10%.<\/li><li><strong>Control de la erosi\u00f3n<\/strong>: Aglutina las part\u00edculas del suelo en las obras, reduciendo la escorrent\u00eda de sedimentos en 80-90%.<\/li><\/ul><p style=\"text-align: center;\"><a dir=\"auto\" style=\"display: inline-block; padding: 12px 28px; border-radius: 999px; background: #0067ff; color: #ffffff; font-size: 20px; font-weight: 600; text-decoration: none; cursor: pointer;\" href=\"mailto:info@yrdcarbon.com\">Obtenga muestras de calidad gratuitas para pruebas<\/a><\/p><h2 dir=\"auto\">Cumplimiento de las normas de calidad<\/h2><ul dir=\"auto\"><li><strong>Normas internacionales<\/strong>: Producci\u00f3n certificada ISO 9001; cumple las normas ASTM D5979 para el control de la erosi\u00f3n y AWWA B453 para el tratamiento del agua.<\/li><li><strong>Autorizaciones reglamentarias<\/strong>: Registrado REACH (UE); certificado NSF\/ANSI 60 para agua potable; conforme con la FDA para contacto indirecto con alimentos.<\/li><li><strong>Adaptaciones regionales<\/strong>: Cumple las directrices RoHS de la UE, GB\/T 31246 de China y EPA de EE.UU. para el uso de poliacrilamida en aplicaciones medioambientales.<\/li><li><strong>Certificaciones disponibles<\/strong>: COA, MSDS e informes de pruebas de terceros previa solicitud.<\/li><\/ul><h2 dir=\"auto\">Embalaje, almacenamiento y manipulaci\u00f3n<\/h2><ul dir=\"auto\"><li><strong>Embalaje<\/strong>Bolsas de papel multicapa de 25 kg con forro interior de PE; big bags de 750-1000 kg para env\u00edos a granel. Embalaje personalizado para exportaci\u00f3n internacional (por ejemplo, paletizado, retractilado).<\/li><li><strong>Almacenamiento<\/strong>: Conservar en un lugar fresco, seco y bien ventilado, protegido de la luz solar directa y de la humedad. Caducidad: 24 meses en las condiciones recomendadas.<\/li><li><strong>Precauciones de manipulaci\u00f3n<\/strong>: Utilizar EPI (guantes, gafas, m\u00e1scara antipolvo) para evitar la inhalaci\u00f3n o el contacto con la piel. Resbaladizo cuando est\u00e1 mojado - limpiar inmediatamente los derrames con material absorbente. No clasificado como peligroso seg\u00fan el SGA de la ONU, pero consulte la FDS para m\u00e1s detalles.<\/li><\/ul><h2 dir=\"auto\">Informaci\u00f3n sobre seguridad y medio ambiente<\/h2><ul dir=\"auto\"><li><strong>Toxicidad<\/strong>: No t\u00f3xico (DL50 oral &gt;5.000 mg\/kg); bajo potencial de bioacumulaci\u00f3n.<\/li><li><strong>Primeros auxilios<\/strong>: Contacto con la piel\/los ojos - enjuagar con agua; inhalaci\u00f3n - salir a respirar aire fresco; ingesti\u00f3n - consultar a un m\u00e9dico.<\/li><li><strong>Consideraciones medioambientales<\/strong>: Biodegradable; evite su vertido directo en las masas de agua. Favorece las pr\u00e1cticas sostenibles al reducir el uso de productos qu\u00edmicos en los procesos de tratamiento.<\/li><li><strong>Normativa sobre importaci\u00f3n<\/strong>: C\u00f3digo HTS 3906.90; cumple los requisitos del comercio internacional, incluido el IMDG para el transporte mar\u00edtimo.<\/li><\/ul><h2 dir=\"auto\">Ventajas competitivas y posicionamiento en el mercado<\/h2><p dir=\"auto\">En un mercado dominado por proveedores como SNF Floerger (serie FLOPAAM), BASF (serie Alcomer) y Kemira (serie Superfloc), nuestra PAM ani\u00f3nica destaca por:<\/p><ul dir=\"auto\"><li><strong>Formulaciones personalizables<\/strong>: Peso molecular y densidad de carga adaptados para responder a las necesidades espec\u00edficas de los compradores, como los entornos de alta salinidad o las necesidades de hidrataci\u00f3n r\u00e1pida.<span lang=\"zh-CN\"><span data-immersive-translate-translation-element-mark=\"1\">\u3002<\/span><\/span><\/li><li><strong>Relaci\u00f3n coste-eficacia<\/strong>: 10-15% precios m\u00e1s bajos gracias a una producci\u00f3n optimizada, sin comprometer la calidad.<\/li><li><strong>Cadena mundial de suministro<\/strong>: Entrega fiable en mercados clave (UE, EE.UU., Asia-Pac\u00edfico) con plazos de entrega m\u00ednimos.<\/li><\/ul><p dir=\"auto\">Si desea muestras, precios o especificaciones personalizadas, p\u00f3ngase en contacto con nuestro equipo de ventas. Esta hoja est\u00e1 optimizada para compradores internacionales que buscan productos PAM de alto rendimiento y conformes con la normativa para mejorar la eficiencia operativa y la competitividad en el mercado.<\/p><p style=\"text-align: center;\"><a dir=\"auto\" style=\"display: inline-block; padding: 12px 28px; border-radius: 999px; background: #0067ff; color: #ffffff; font-size: 20px; font-weight: 600; text-decoration: none; cursor: pointer;\" href=\"mailto:info@yrdcarbon.com\">Obtenga muestras de calidad gratuitas para pruebas<\/a><\/p>\t\t\t\t\t\t\t\t<\/div>\n\t\t\t\t<\/div>\n\t\t\t\t\t<\/div>\n\t\t\t\t<\/div>\n\t\t\t\t<\/div>","protected":false},"excerpt":{"rendered":"<p><a dir=\"auto\" style=\"display: inline-block; padding: 12px 28px; border-radius: 999px; background: #0067ff; color: #ffffff; font-size: 20px; font-weight: 600; text-decoration: none; cursor: pointer; \" href=\"mailto:info@yrdcarbon.com\">Obtenga muestras de calidad gratuitas para pruebas<\/a><\/p>\n<p dir=\"auto\">La poliacrilamida ani\u00f3nica (PAM), tambi\u00e9n conocida como APAM, es un pol\u00edmero hidrosoluble de alto peso molecular derivado de mon\u00f3meros de acrilamida. Es ampliamente reconocida por sus propiedades superiores de floculaci\u00f3n, espesamiento y reducci\u00f3n del arrastre, lo que la convierte en un producto qu\u00edmico esencial en el tratamiento del agua, la recuperaci\u00f3n de petr\u00f3leo y diversas aplicaciones industriales.<\/p>\n<p dir=\"auto\">Nuestra PAM ani\u00f3nica est\u00e1 dise\u00f1ada para cumplir las estrictas normas internacionales de calidad, lo que garantiza un alto rendimiento, rentabilidad y cumplimiento de la normativa medioambiental para compradores globales de empresas de tratamiento de aguas, compradores industriales y distribuidores de productos qu\u00edmicos.<\/p>\n<p dir=\"auto\">Las caracter\u00edsticas clave incluyen:<\/p>\n<ul dir=\"auto\">\n<li>Excelente floculabilidad con requisitos m\u00ednimos de dosificaci\u00f3n<\/li>\n<li>Bajo contenido residual de acrilamida para mayor seguridad<\/li>\n<li>Opciones vers\u00e1tiles de densidad de carga i\u00f3nica para aplicaciones a medida<\/li>\n<li>Cumplimiento de las normas ISO 9001, REACH, NSF\/ANSI 60 y ASTM<\/li>\n<\/ul>","protected":false},"featured_media":1402,"template":"","meta":{"site-sidebar-layout":"default","site-content-layout":"","ast-site-content-layout":"default","site-content-style":"default","site-sidebar-style":"default","ast-global-header-display":"","ast-banner-title-visibility":"","ast-main-header-display":"","ast-hfb-above-header-display":"","ast-hfb-below-header-display":"","ast-hfb-mobile-header-display":"","site-post-title":"","ast-breadcrumbs-content":"","ast-featured-img":"","footer-sml-layout":"","ast-disable-related-posts":"","theme-transparent-header-meta":"default","adv-header-id-meta":"","stick-header-meta":"","header-above-stick-meta":"","header-main-stick-meta":"","header-below-stick-meta":"","astra-migrate-meta-layouts":"set","ast-page-background-enabled":"default","ast-page-background-meta":{"desktop":{"background-color":"var(--ast-global-color-4)","background-image":"","background-repeat":"repeat","background-position":"center center","background-size":"auto","background-attachment":"scroll","background-type":"","background-media":"","overlay-type":"","overlay-color":"","overlay-opacity":"","overlay-gradient":""},"tablet":{"background-color":"","background-image":"","background-repeat":"repeat","background-position":"center center","background-size":"auto","background-attachment":"scroll","background-type":"","background-media":"","overlay-type":"","overlay-color":"","overlay-opacity":"","overlay-gradient":""},"mobile":{"background-color":"","background-image":"","background-repeat":"repeat","background-position":"center center","background-size":"auto","background-attachment":"scroll","background-type":"","background-media":"","overlay-type":"","overlay-color":"","overlay-opacity":"","overlay-gradient":""}},"ast-content-background-meta":{"desktop":{"background-color":"var(--ast-global-color-5)","background-image":"","background-repeat":"repeat","background-position":"center center","background-size":"auto","background-attachment":"scroll","background-type":"","background-media":"","overlay-type":"","overlay-color":"","overlay-opacity":"","overlay-gradient":""},"tablet":{"background-color":"var(--ast-global-color-5)","background-image":"","background-repeat":"repeat","background-position":"center center","background-size":"auto","background-attachment":"scroll","background-type":"","background-media":"","overlay-type":"","overlay-color":"","overlay-opacity":"","overlay-gradient":""},"mobile":{"background-color":"var(--ast-global-color-5)","background-image":"","background-repeat":"repeat","background-position":"center center","background-size":"auto","background-attachment":"scroll","background-type":"","background-media":"","overlay-type":"","overlay-color":"","overlay-opacity":"","overlay-gradient":""}}},"product_brand":[],"product_cat":[32],"product_tag":[],"class_list":{"0":"post-1155","1":"product","2":"type-product","3":"status-publish","4":"has-post-thumbnail","6":"product_cat-filter-materials-series","7":"desktop-align-left","8":"tablet-align-left","9":"mobile-align-left","11":"first","12":"instock","13":"shipping-taxable","14":"product-type-simple"},"yoast_head":"<!-- This site is optimized with the Yoast SEO Premium plugin v26.0 (Yoast SEO v27.4) - https:\/\/yoast.com\/product\/yoast-seo-premium-wordpress\/ -->\n<title>Polyacrylamide (PAM)<\/title>\n<meta name=\"description\" content=\"High-performance polyacrylamide (PAM) for water treatment, sludge dewatering &amp; industrial filtration systems. Reliable dosage, low residuals, global supply by YRD Activated Carbon.\" \/>\n<meta name=\"robots\" content=\"index, follow, max-snippet:-1, max-image-preview:large, max-video-preview:-1\" \/>\n<link rel=\"canonical\" href=\"https:\/\/yrdactivatedcarbon.com\/es\/product\/poliacrilamida-pam\/\" \/>\n<meta property=\"og:locale\" content=\"es_ES\" \/>\n<meta property=\"og:type\" content=\"article\" \/>\n<meta property=\"og:title\" content=\"Polyacrylamide (PAM)\" \/>\n<meta property=\"og:description\" content=\"High-performance polyacrylamide (PAM) for water treatment, sludge dewatering &amp; industrial filtration systems. Reliable dosage, low residuals, global supply by YRD Activated Carbon.\" \/>\n<meta property=\"og:url\" content=\"https:\/\/yrdactivatedcarbon.com\/es\/product\/poliacrilamida-pam\/\" \/>\n<meta property=\"article:modified_time\" content=\"2025-12-03T09:33:55+00:00\" \/>\n<meta property=\"og:image\" content=\"http:\/\/yrdactivatedcarbon.com\/wp-content\/uploads\/2025\/10\/Polyacrylamidepam.webp\" \/>\n\t<meta property=\"og:image:width\" content=\"500\" \/>\n\t<meta property=\"og:image:height\" content=\"500\" \/>\n\t<meta property=\"og:image:type\" content=\"image\/webp\" \/>\n<meta name=\"twitter:card\" content=\"summary_large_image\" \/>\n<script type=\"application\/ld+json\" class=\"yoast-schema-graph\">{\"@context\":\"https:\\\/\\\/schema.org\",\"@graph\":[{\"@type\":\"WebPage\",\"@id\":\"https:\\\/\\\/yrdactivatedcarbon.com\\\/product\\\/polyacrylamide-pam\\\/\",\"url\":\"https:\\\/\\\/yrdactivatedcarbon.com\\\/product\\\/polyacrylamide-pam\\\/\",\"name\":\"Polyacrylamide (PAM)\",\"isPartOf\":{\"@id\":\"https:\\\/\\\/yrdactivatedcarbon.com\\\/#website\"},\"primaryImageOfPage\":{\"@id\":\"https:\\\/\\\/yrdactivatedcarbon.com\\\/product\\\/polyacrylamide-pam\\\/#primaryimage\"},\"image\":{\"@id\":\"https:\\\/\\\/yrdactivatedcarbon.com\\\/product\\\/polyacrylamide-pam\\\/#primaryimage\"},\"thumbnailUrl\":\"https:\\\/\\\/yrdactivatedcarbon.com\\\/wp-content\\\/uploads\\\/2025\\\/10\\\/Polyacrylamidepam.webp\",\"datePublished\":\"2025-10-17T09:15:33+00:00\",\"dateModified\":\"2025-12-03T09:33:55+00:00\",\"description\":\"High-performance polyacrylamide (PAM) for water treatment, sludge dewatering & industrial filtration systems. Reliable dosage, low residuals, global supply by YRD Activated Carbon.\",\"breadcrumb\":{\"@id\":\"https:\\\/\\\/yrdactivatedcarbon.com\\\/product\\\/polyacrylamide-pam\\\/#breadcrumb\"},\"inLanguage\":\"es\",\"potentialAction\":[{\"@type\":\"ReadAction\",\"target\":[\"https:\\\/\\\/yrdactivatedcarbon.com\\\/product\\\/polyacrylamide-pam\\\/\"]}]},{\"@type\":\"ImageObject\",\"inLanguage\":\"es\",\"@id\":\"https:\\\/\\\/yrdactivatedcarbon.com\\\/product\\\/polyacrylamide-pam\\\/#primaryimage\",\"url\":\"https:\\\/\\\/yrdactivatedcarbon.com\\\/wp-content\\\/uploads\\\/2025\\\/10\\\/Polyacrylamidepam.webp\",\"contentUrl\":\"https:\\\/\\\/yrdactivatedcarbon.com\\\/wp-content\\\/uploads\\\/2025\\\/10\\\/Polyacrylamidepam.webp\",\"width\":500,\"height\":500},{\"@type\":\"BreadcrumbList\",\"@id\":\"https:\\\/\\\/yrdactivatedcarbon.com\\\/product\\\/polyacrylamide-pam\\\/#breadcrumb\",\"itemListElement\":[{\"@type\":\"ListItem\",\"position\":1,\"name\":\"\u9996\u9875\",\"item\":\"https:\\\/\\\/yrdactivatedcarbon.com\\\/\"},{\"@type\":\"ListItem\",\"position\":2,\"name\":\"Products\",\"item\":\"https:\\\/\\\/yrdactivatedcarbon.com\\\/shop__trashed\\\/\"},{\"@type\":\"ListItem\",\"position\":3,\"name\":\"Polyacrylamide (PAM)\"}]},{\"@type\":\"WebSite\",\"@id\":\"https:\\\/\\\/yrdactivatedcarbon.com\\\/#website\",\"url\":\"https:\\\/\\\/yrdactivatedcarbon.com\\\/\",\"name\":\"\",\"description\":\"\",\"publisher\":{\"@id\":\"https:\\\/\\\/yrdactivatedcarbon.com\\\/#\\\/schema\\\/person\\\/581e0ef9031155afdeefbcd492460987\"},\"potentialAction\":[{\"@type\":\"SearchAction\",\"target\":{\"@type\":\"EntryPoint\",\"urlTemplate\":\"https:\\\/\\\/yrdactivatedcarbon.com\\\/?s={search_term_string}\"},\"query-input\":{\"@type\":\"PropertyValueSpecification\",\"valueRequired\":true,\"valueName\":\"search_term_string\"}}],\"inLanguage\":\"es\"},{\"@type\":[\"Person\",\"Organization\"],\"@id\":\"https:\\\/\\\/yrdactivatedcarbon.com\\\/#\\\/schema\\\/person\\\/581e0ef9031155afdeefbcd492460987\",\"name\":\"Admin\",\"image\":{\"@type\":\"ImageObject\",\"inLanguage\":\"es\",\"@id\":\"https:\\\/\\\/yrdactivatedcarbon.com\\\/wp-content\\\/uploads\\\/2025\\\/10\\\/cropped-cropped-cropped-cropped-cropped-Gemini_Generated_Image_csnat5csnat5csna-removebg-preview.png\",\"url\":\"https:\\\/\\\/yrdactivatedcarbon.com\\\/wp-content\\\/uploads\\\/2025\\\/10\\\/cropped-cropped-cropped-cropped-cropped-Gemini_Generated_Image_csnat5csnat5csna-removebg-preview.png\",\"contentUrl\":\"https:\\\/\\\/yrdactivatedcarbon.com\\\/wp-content\\\/uploads\\\/2025\\\/10\\\/cropped-cropped-cropped-cropped-cropped-Gemini_Generated_Image_csnat5csnat5csna-removebg-preview.png\",\"width\":304,\"height\":88,\"caption\":\"Admin\"},\"logo\":{\"@id\":\"https:\\\/\\\/yrdactivatedcarbon.com\\\/wp-content\\\/uploads\\\/2025\\\/10\\\/cropped-cropped-cropped-cropped-cropped-Gemini_Generated_Image_csnat5csnat5csna-removebg-preview.png\"},\"sameAs\":[\"https:\\\/\\\/yrdactivatedcarbon.com\"],\"publishingPrinciples\":\"https:\\\/\\\/yrdactivatedcarbon.com\\\/\",\"ownershipFundingInfo\":\"https:\\\/\\\/yrdactivatedcarbon.com\\\/\"}]}<\/script>\n<!-- \/ Yoast SEO Premium plugin. -->","yoast_head_json":{"title":"Poliacrilamida (PAM)","description":"Poliacrilamida (PAM) de alto rendimiento para tratamiento de aguas, deshidrataci\u00f3n de lodos y sistemas de filtraci\u00f3n industrial. Dosificaci\u00f3n fiable, bajos residuos, suministro global por YRD Activated Carbon.","robots":{"index":"index","follow":"follow","max-snippet":"max-snippet:-1","max-image-preview":"max-image-preview:large","max-video-preview":"max-video-preview:-1"},"canonical":"https:\/\/yrdactivatedcarbon.com\/es\/product\/poliacrilamida-pam\/","og_locale":"es_ES","og_type":"article","og_title":"Polyacrylamide (PAM)","og_description":"High-performance polyacrylamide (PAM) for water treatment, sludge dewatering & industrial filtration systems. Reliable dosage, low residuals, global supply by YRD Activated Carbon.","og_url":"https:\/\/yrdactivatedcarbon.com\/es\/product\/poliacrilamida-pam\/","article_modified_time":"2025-12-03T09:33:55+00:00","og_image":[{"width":500,"height":500,"url":"http:\/\/yrdactivatedcarbon.com\/wp-content\/uploads\/2025\/10\/Polyacrylamidepam.webp","type":"image\/webp"}],"twitter_card":"summary_large_image","schema":{"@context":"https:\/\/schema.org","@graph":[{"@type":"WebPage","@id":"https:\/\/yrdactivatedcarbon.com\/product\/polyacrylamide-pam\/","url":"https:\/\/yrdactivatedcarbon.com\/product\/polyacrylamide-pam\/","name":"Poliacrilamida (PAM)","isPartOf":{"@id":"https:\/\/yrdactivatedcarbon.com\/#website"},"primaryImageOfPage":{"@id":"https:\/\/yrdactivatedcarbon.com\/product\/polyacrylamide-pam\/#primaryimage"},"image":{"@id":"https:\/\/yrdactivatedcarbon.com\/product\/polyacrylamide-pam\/#primaryimage"},"thumbnailUrl":"https:\/\/yrdactivatedcarbon.com\/wp-content\/uploads\/2025\/10\/Polyacrylamidepam.webp","datePublished":"2025-10-17T09:15:33+00:00","dateModified":"2025-12-03T09:33:55+00:00","description":"Poliacrilamida (PAM) de alto rendimiento para tratamiento de aguas, deshidrataci\u00f3n de lodos y sistemas de filtraci\u00f3n industrial. Dosificaci\u00f3n fiable, bajos residuos, suministro global por YRD Activated Carbon.","breadcrumb":{"@id":"https:\/\/yrdactivatedcarbon.com\/product\/polyacrylamide-pam\/#breadcrumb"},"inLanguage":"es","potentialAction":[{"@type":"ReadAction","target":["https:\/\/yrdactivatedcarbon.com\/product\/polyacrylamide-pam\/"]}]},{"@type":"ImageObject","inLanguage":"es","@id":"https:\/\/yrdactivatedcarbon.com\/product\/polyacrylamide-pam\/#primaryimage","url":"https:\/\/yrdactivatedcarbon.com\/wp-content\/uploads\/2025\/10\/Polyacrylamidepam.webp","contentUrl":"https:\/\/yrdactivatedcarbon.com\/wp-content\/uploads\/2025\/10\/Polyacrylamidepam.webp","width":500,"height":500},{"@type":"BreadcrumbList","@id":"https:\/\/yrdactivatedcarbon.com\/product\/polyacrylamide-pam\/#breadcrumb","itemListElement":[{"@type":"ListItem","position":1,"name":"\u9996\u9875","item":"https:\/\/yrdactivatedcarbon.com\/"},{"@type":"ListItem","position":2,"name":"Products","item":"https:\/\/yrdactivatedcarbon.com\/shop__trashed\/"},{"@type":"ListItem","position":3,"name":"Polyacrylamide (PAM)"}]},{"@type":"WebSite","@id":"https:\/\/yrdactivatedcarbon.com\/#website","url":"https:\/\/yrdactivatedcarbon.com\/","name":"","description":"","publisher":{"@id":"https:\/\/yrdactivatedcarbon.com\/#\/schema\/person\/581e0ef9031155afdeefbcd492460987"},"potentialAction":[{"@type":"SearchAction","target":{"@type":"EntryPoint","urlTemplate":"https:\/\/yrdactivatedcarbon.com\/?s={search_term_string}"},"query-input":{"@type":"PropertyValueSpecification","valueRequired":true,"valueName":"search_term_string"}}],"inLanguage":"es"},{"@type":["Person","Organization"],"@id":"https:\/\/yrdactivatedcarbon.com\/#\/schema\/person\/581e0ef9031155afdeefbcd492460987","name":"Admin","image":{"@type":"ImageObject","inLanguage":"es","@id":"https:\/\/yrdactivatedcarbon.com\/wp-content\/uploads\/2025\/10\/cropped-cropped-cropped-cropped-cropped-Gemini_Generated_Image_csnat5csnat5csna-removebg-preview.png","url":"https:\/\/yrdactivatedcarbon.com\/wp-content\/uploads\/2025\/10\/cropped-cropped-cropped-cropped-cropped-Gemini_Generated_Image_csnat5csnat5csna-removebg-preview.png","contentUrl":"https:\/\/yrdactivatedcarbon.com\/wp-content\/uploads\/2025\/10\/cropped-cropped-cropped-cropped-cropped-Gemini_Generated_Image_csnat5csnat5csna-removebg-preview.png","width":304,"height":88,"caption":"Admin"},"logo":{"@id":"https:\/\/yrdactivatedcarbon.com\/wp-content\/uploads\/2025\/10\/cropped-cropped-cropped-cropped-cropped-Gemini_Generated_Image_csnat5csnat5csna-removebg-preview.png"},"sameAs":["https:\/\/yrdactivatedcarbon.com"],"publishingPrinciples":"https:\/\/yrdactivatedcarbon.com\/","ownershipFundingInfo":"https:\/\/yrdactivatedcarbon.com\/"}]}},"_links":{"self":[{"href":"https:\/\/yrdactivatedcarbon.com\/es\/wp-json\/wp\/v2\/product\/1155","targetHints":{"allow":["GET"]}}],"collection":[{"href":"https:\/\/yrdactivatedcarbon.com\/es\/wp-json\/wp\/v2\/product"}],"about":[{"href":"https:\/\/yrdactivatedcarbon.com\/es\/wp-json\/wp\/v2\/types\/product"}],"version-history":[{"count":9,"href":"https:\/\/yrdactivatedcarbon.com\/es\/wp-json\/wp\/v2\/product\/1155\/revisions"}],"predecessor-version":[{"id":1693,"href":"https:\/\/yrdactivatedcarbon.com\/es\/wp-json\/wp\/v2\/product\/1155\/revisions\/1693"}],"wp:featuredmedia":[{"embeddable":true,"href":"https:\/\/yrdactivatedcarbon.com\/es\/wp-json\/wp\/v2\/media\/1402"}],"wp:attachment":[{"href":"https:\/\/yrdactivatedcarbon.com\/es\/wp-json\/wp\/v2\/media?parent=1155"}],"wp:term":[{"taxonomy":"product_brand","embeddable":true,"href":"https:\/\/yrdactivatedcarbon.com\/es\/wp-json\/wp\/v2\/product_brand?post=1155"},{"taxonomy":"product_cat","embeddable":true,"href":"https:\/\/yrdactivatedcarbon.com\/es\/wp-json\/wp\/v2\/product_cat?post=1155"},{"taxonomy":"product_tag","embeddable":true,"href":"https:\/\/yrdactivatedcarbon.com\/es\/wp-json\/wp\/v2\/product_tag?post=1155"}],"curies":[{"name":"wp","href":"https:\/\/api.w.org\/{rel}","templated":true}]}}