{"id":1135,"date":"2025-10-17T17:09:54","date_gmt":"2025-10-17T09:09:54","guid":{"rendered":"https:\/\/yrdactivatedcarbon.com\/?post_type=product&#038;p=1135"},"modified":"2025-12-03T17:48:30","modified_gmt":"2025-12-03T09:48:30","slug":"charbon-actif-en-coquille-de-noix-de-coco","status":"publish","type":"product","link":"https:\/\/yrdactivatedcarbon.com\/fr\/product\/charbon-actif-en-coquille-de-noix-de-coco\/","title":{"rendered":"Charbon actif en coquille de noix de coco"},"content":{"rendered":"<div data-elementor-type=\"product-post\" data-elementor-id=\"1135\" class=\"elementor elementor-1135\" data-elementor-post-type=\"product\">\n\t\t\t\t<div class=\"elementor-element elementor-element-2c957d04 e-flex e-con-boxed e-con e-parent\" data-id=\"2c957d04\" data-element_type=\"container\" data-e-type=\"container\">\n\t\t\t\t\t<div class=\"e-con-inner\">\n\t\t\t\t<div class=\"elementor-element elementor-element-44b91743 elementor-widget elementor-widget-text-editor\" data-id=\"44b91743\" data-element_type=\"widget\" data-e-type=\"widget\" data-widget_type=\"text-editor.default\">\n\t\t\t\t<div class=\"elementor-widget-container\">\n\t\t\t\t\t\t\t\t\t<h2 dir=\"auto\">Sp\u00e9cifications techniques<\/h2><p dir=\"auto\">Le tableau suivant pr\u00e9sente les propri\u00e9t\u00e9s physiques et chimiques standard de notre charbon actif en coquille de noix de coco. Ces param\u00e8tres sont bas\u00e9s sur des m\u00e9thodes d'essai standard de l'industrie et peuvent \u00eatre personnalis\u00e9s pour r\u00e9pondre aux exigences sp\u00e9cifiques des clients.<\/p><table><thead><tr><th data-col-size=\"lg\">Param\u00e8tres<\/th><th data-col-size=\"lg\">Sp\u00e9cifications<\/th><th data-col-size=\"sm\">M\u00e9thode d'essai<\/th><\/tr><\/thead><tbody><tr><td data-col-size=\"lg\">Mati\u00e8res premi\u00e8res<\/td><td data-col-size=\"lg\">100% Coquille de noix de coco<\/td><td data-col-size=\"sm\">&#8211;<\/td><\/tr><tr><td data-col-size=\"lg\">Apparence<\/td><td data-col-size=\"lg\">Granul\u00e9s noirs<\/td><td data-col-size=\"sm\">Visuel<\/td><\/tr><tr><td data-col-size=\"lg\">Taille des mailles (tamis US)<\/td><td data-col-size=\"lg\">4\u00d78, 8\u00d730, 12\u00d740 (personnalisable)<\/td><td data-col-size=\"sm\">ASTM D2862<\/td><\/tr><tr><td data-col-size=\"lg\">Num\u00e9ro d'iode<\/td><td data-col-size=\"lg\">800-1200 mg\/g min<\/td><td data-col-size=\"sm\">ASTM D4607<\/td><\/tr><tr><td data-col-size=\"lg\">Activit\u00e9 CTC (t\u00e9trachlorure de carbone)<\/td><td data-col-size=\"lg\">50-70% min<\/td><td data-col-size=\"sm\">ASTM D3467<\/td><\/tr><tr><td data-col-size=\"lg\">Duret\u00e9<\/td><td data-col-size=\"lg\">95-98% min<\/td><td data-col-size=\"sm\">ASTM D3802<\/td><\/tr><tr><td data-col-size=\"lg\">Teneur en cendres<\/td><td data-col-size=\"lg\">3-5% max<\/td><td data-col-size=\"sm\">ASTM D2866<\/td><\/tr><tr><td data-col-size=\"lg\">Teneur en eau<\/td><td data-col-size=\"lg\">5% max<\/td><td data-col-size=\"sm\">ASTM D2867<\/td><\/tr><tr><td data-col-size=\"lg\">Densit\u00e9 en vrac<\/td><td data-col-size=\"lg\">0,45-0,55 g\/cm\u00b3<\/td><td data-col-size=\"sm\">ASTM D2854<\/td><\/tr><tr><td data-col-size=\"lg\">Valeur du pH<\/td><td data-col-size=\"lg\">9-11<\/td><td data-col-size=\"sm\">ASTM D3838<\/td><\/tr><tr><td data-col-size=\"lg\">Surface (BET)<\/td><td data-col-size=\"lg\">800-1200 m\u00b2\/g<\/td><td data-col-size=\"sm\">ASTM D6556<\/td><\/tr><tr><td data-col-size=\"lg\">Volume des pores<\/td><td data-col-size=\"lg\">0,8-1,0 cm\u00b3\/g<\/td><td data-col-size=\"sm\">&#8211;<\/td><\/tr><\/tbody><\/table><p dir=\"auto\">Note : Toutes les valeurs sont typiques et sujettes \u00e0 des variations de lot. Le produit r\u00e9pond ou d\u00e9passe les normes AWWA B604 pour le charbon actif en granul\u00e9s.<\/p><p style=\"text-align: center;\"><a dir=\"auto\" style=\"display: inline-block; padding: 12px 28px; border-radius: 999px; background: #0067ff; color: #ffffff; font-size: 20px; font-weight: 600; text-decoration: none; cursor: pointer;\" href=\"mailto:info@yrdcarbon.com\">Obtenir des \u00e9chantillons de qualit\u00e9 gratuits pour les tester<\/a><\/p><h2 dir=\"auto\">Processus de production<\/h2><p dir=\"auto\">Notre charbon actif en coquille de noix de coco est produit selon un processus en deux \u00e9tapes afin de garantir une qualit\u00e9 optimale :<\/p><ol dir=\"auto\"><li><strong>Carbonisation<\/strong>: Les coquilles de noix de coco sont pyrolys\u00e9es \u00e0 600-850\u00b0C dans une atmosph\u00e8re inerte pour former du charbon de bois, en \u00e9liminant les substances volatiles et en cr\u00e9ant une base riche en carbone.<\/li><li><strong>Activation<\/strong>: Le charbon de bois subit une activation chimique ou \u00e0 la vapeur (par exemple, avec de l'acide phosphorique) \u00e0 des temp\u00e9ratures \u00e9lev\u00e9es pour d\u00e9velopper une vaste structure interne de pores, am\u00e9liorant ainsi les capacit\u00e9s d'adsorption.<\/li><\/ol><p dir=\"auto\">Ce processus utilise des coques de noix de coco renouvelables, ce qui favorise la durabilit\u00e9 et r\u00e9duit l'impact sur l'environnement par rapport aux alternatives bas\u00e9es sur les combustibles fossiles.<\/p><h2 dir=\"auto\">Applications<\/h2><p dir=\"auto\">Le charbon actif en coquille de noix de coco excelle dans un large \u00e9ventail d'industries en raison de sa nature microporeuse, qui est particuli\u00e8rement efficace pour adsorber les contaminants de petite taille. Les applications les plus courantes sont les suivantes<\/p><ul dir=\"auto\"><li><strong>Purification de l'eau<\/strong>: \u00c9limination du chlore, des compos\u00e9s organiques, des pesticides et des m\u00e9taux lourds dans les syst\u00e8mes de traitement des eaux municipales et industrielles.<\/li><li><strong>Traitement des eaux us\u00e9es<\/strong>: Adsorption efficace des colorants, des ph\u00e9nols et des compos\u00e9s organiques volatils (COV) dans les flux d'effluents.<\/li><li><strong>Purification de l'air et des gaz<\/strong>: \u00c9limination des odeurs, des solvants et des gaz nocifs dans les syst\u00e8mes CVC, les respirateurs et les gaz d'\u00e9chappement industriels.<\/li><li><strong>R\u00e9cup\u00e9ration des m\u00e9taux pr\u00e9cieux<\/strong>: Adsorption de l'or dans les op\u00e9rations mini\u00e8res pour une extraction \u00e0 haut rendement.<\/li><li><strong>Transformation des aliments et des boissons<\/strong>: D\u00e9coloration et purification dans le raffinage du sucre, la production de boissons et le traitement des huiles alimentaires.<\/li><li><strong>Pharmaceutique et m\u00e9dical<\/strong>: D\u00e9sintoxication d'urgence en cas d'empoisonnement et d'overdose, ainsi que purification dans le cadre de la fabrication de m\u00e9dicaments.<\/li><li><strong>Assainissement de l'environnement<\/strong>: Nettoyage des sols et des eaux souterraines par adsorption de polluants tels que les hydrocarbures et les solvants chlor\u00e9s.<\/li><\/ul><h2 dir=\"auto\">Emballage et stockage<\/h2><ul dir=\"auto\"><li>Emballage standard : sacs en papier multicouches de 25 kg, super-sacs de 500 kg ou exp\u00e9ditions en vrac.<\/li><li>Recommandations de stockage : Stocker dans un endroit frais et sec, \u00e0 l'abri de la lumi\u00e8re directe du soleil et des oxydants puissants. \u00c9viter l'exposition \u00e0 l'humidit\u00e9 pour maintenir les performances d'adsorption.<\/li><\/ul><h2 dir=\"auto\">Certifications et conformit\u00e9<\/h2><p dir=\"auto\">Notre charbon actif en coquille de noix de coco est conforme aux normes et certifications internationales suivantes :<\/p><ul dir=\"auto\"><li>NSF\/ANSI 61 pour le traitement de l'eau potable.<\/li><li>AWWA B604 pour le charbon actif en granul\u00e9s.<\/li><li>Certifi\u00e9 halal et casher.<\/li><li>ISO 9001 pour la gestion de la qualit\u00e9.<\/li><li>Produits chimiques alimentaires conformes au Codex pour les applications de qualit\u00e9 alimentaire.<\/li><\/ul><p dir=\"auto\">Pour obtenir des rapports d'essai d\u00e9taill\u00e9s ou des certifications personnalis\u00e9es, veuillez contacter notre \u00e9quipe de vente.<\/p><p style=\"text-align: center;\"><a dir=\"auto\" style=\"display: inline-block; padding: 12px 28px; border-radius: 999px; background: #0067ff; color: #ffffff; font-size: 20px; font-weight: 600; text-decoration: none; cursor: pointer;\" href=\"mailto:info@yrdcarbon.com\">Obtenir des \u00e9chantillons de qualit\u00e9 gratuits pour les tester<\/a><\/p>\t\t\t\t\t\t\t\t<\/div>\n\t\t\t\t<\/div>\n\t\t\t\t\t<\/div>\n\t\t\t\t<\/div>\n\t\t\t\t<\/div>","protected":false},"excerpt":{"rendered":"<p><a dir=\"auto\" style=\"display: inline-block; padding: 12px 28px; border-radius: 999px; background: #0067ff; color: #ffffff; font-size: 20px; font-weight: 600; text-decoration: none; cursor: pointer;\" href=\"mailto:info@yrdcarbon.com\">Obtenir des \u00e9chantillons de qualit\u00e9 gratuits pour les tester<\/a><\/p>\n<p dir=\"auto\">Le charbon actif de coque de noix de coco est un adsorbant haut de gamme et tr\u00e8s performant, obtenu \u00e0 partir de coques de noix de coco de haute qualit\u00e9 gr\u00e2ce \u00e0 un processus de carbonisation et d'activation contr\u00f4l\u00e9. Ce mat\u00e9riau \u00e9cologique est r\u00e9put\u00e9 pour sa structure microporeuse sup\u00e9rieure, sa duret\u00e9 exceptionnelle et sa grande capacit\u00e9 d'adsorption, ce qui le rend id\u00e9al pour les applications de purification exigeantes dans le traitement de l'eau, la filtration de l'air et les processus industriels.<\/p>\n<p dir=\"auto\">Alternative durable aux charbons \u00e0 base de charbon, notre charbon actif en coquille de noix de coco offre une efficacit\u00e9 accrue dans l'\u00e9limination des contaminants organiques, des odeurs et des impuret\u00e9s, tout en r\u00e9pondant aux normes internationales les plus strictes.<\/p>\n<p dir=\"auto\">Caract\u00e9ristiques principales :<\/p>\n<ul dir=\"auto\">\n<li>Grande puret\u00e9 et faible teneur en cendres pour une contamination minimale.<\/li>\n<li>Excellente r\u00e9sistance m\u00e9canique pour supporter une manipulation et une r\u00e9g\u00e9n\u00e9ration rigoureuses.<\/li>\n<li>Forme granulaire polyvalente adapt\u00e9e aux syst\u00e8mes de filtration \u00e0 lit fixe.<\/li>\n<\/ul>","protected":false},"featured_media":1345,"template":"","meta":{"site-sidebar-layout":"default","site-content-layout":"","ast-site-content-layout":"default","site-content-style":"default","site-sidebar-style":"default","ast-global-header-display":"","ast-banner-title-visibility":"","ast-main-header-display":"","ast-hfb-above-header-display":"","ast-hfb-below-header-display":"","ast-hfb-mobile-header-display":"","site-post-title":"","ast-breadcrumbs-content":"","ast-featured-img":"","footer-sml-layout":"","ast-disable-related-posts":"","theme-transparent-header-meta":"default","adv-header-id-meta":"","stick-header-meta":"","header-above-stick-meta":"","header-main-stick-meta":"","header-below-stick-meta":"","astra-migrate-meta-layouts":"set","ast-page-background-enabled":"default","ast-page-background-meta":{"desktop":{"background-color":"var(--ast-global-color-4)","background-image":"","background-repeat":"repeat","background-position":"center center","background-size":"auto","background-attachment":"scroll","background-type":"","background-media":"","overlay-type":"","overlay-color":"","overlay-opacity":"","overlay-gradient":""},"tablet":{"background-color":"","background-image":"","background-repeat":"repeat","background-position":"center center","background-size":"auto","background-attachment":"scroll","background-type":"","background-media":"","overlay-type":"","overlay-color":"","overlay-opacity":"","overlay-gradient":""},"mobile":{"background-color":"","background-image":"","background-repeat":"repeat","background-position":"center center","background-size":"auto","background-attachment":"scroll","background-type":"","background-media":"","overlay-type":"","overlay-color":"","overlay-opacity":"","overlay-gradient":""}},"ast-content-background-meta":{"desktop":{"background-color":"var(--ast-global-color-5)","background-image":"","background-repeat":"repeat","background-position":"center center","background-size":"auto","background-attachment":"scroll","background-type":"","background-media":"","overlay-type":"","overlay-color":"","overlay-opacity":"","overlay-gradient":""},"tablet":{"background-color":"var(--ast-global-color-5)","background-image":"","background-repeat":"repeat","background-position":"center center","background-size":"auto","background-attachment":"scroll","background-type":"","background-media":"","overlay-type":"","overlay-color":"","overlay-opacity":"","overlay-gradient":""},"mobile":{"background-color":"var(--ast-global-color-5)","background-image":"","background-repeat":"repeat","background-position":"center center","background-size":"auto","background-attachment":"scroll","background-type":"","background-media":"","overlay-type":"","overlay-color":"","overlay-opacity":"","overlay-gradient":""}}},"product_brand":[],"product_cat":[15],"product_tag":[],"class_list":{"0":"post-1135","1":"product","2":"type-product","3":"status-publish","4":"has-post-thumbnail","6":"product_cat-activated-carbon-series","7":"desktop-align-left","8":"tablet-align-left","9":"mobile-align-left","11":"first","12":"instock","13":"featured","14":"shipping-taxable","15":"product-type-simple"},"yoast_head":"<!-- This site is optimized with the Yoast SEO Premium plugin v26.0 (Yoast SEO v27.4) - https:\/\/yoast.com\/product\/yoast-seo-premium-wordpress\/ -->\n<title>Coconut Shell Activated Carbon<\/title>\n<meta name=\"description\" content=\"Leading manufacturer and supplier of coconut shell activated carbon for industrial water treatment, air purification, and environmental applications. YRD Activated Carbon provides certified, high-performance materials with consistent quality and reliable global supply.\" \/>\n<meta name=\"robots\" content=\"index, follow, max-snippet:-1, max-image-preview:large, max-video-preview:-1\" \/>\n<link rel=\"canonical\" href=\"https:\/\/yrdactivatedcarbon.com\/fr\/product\/charbon-actif-en-coquille-de-noix-de-coco\/\" \/>\n<meta property=\"og:locale\" content=\"fr_FR\" \/>\n<meta property=\"og:type\" content=\"article\" \/>\n<meta property=\"og:title\" content=\"Coconut Shell Activated Carbon\" \/>\n<meta property=\"og:description\" content=\"Leading manufacturer and supplier of coconut shell activated carbon for industrial water treatment, air purification, and environmental applications. YRD Activated Carbon provides certified, high-performance materials with consistent quality and reliable global supply.\" \/>\n<meta property=\"og:url\" content=\"https:\/\/yrdactivatedcarbon.com\/fr\/product\/charbon-actif-en-coquille-de-noix-de-coco\/\" \/>\n<meta property=\"article:modified_time\" content=\"2025-12-03T09:48:30+00:00\" \/>\n<meta property=\"og:image\" content=\"http:\/\/yrdactivatedcarbon.com\/wp-content\/uploads\/2025\/10\/Coconut-Shell-Charcoal.jpg\" \/>\n\t<meta property=\"og:image:width\" content=\"500\" \/>\n\t<meta property=\"og:image:height\" content=\"500\" \/>\n\t<meta property=\"og:image:type\" content=\"image\/jpeg\" \/>\n<meta name=\"twitter:card\" content=\"summary_large_image\" \/>\n<script type=\"application\/ld+json\" class=\"yoast-schema-graph\">{\"@context\":\"https:\\\/\\\/schema.org\",\"@graph\":[{\"@type\":\"WebPage\",\"@id\":\"https:\\\/\\\/yrdactivatedcarbon.com\\\/product\\\/coconut-shell-activated-carbon\\\/\",\"url\":\"https:\\\/\\\/yrdactivatedcarbon.com\\\/product\\\/coconut-shell-activated-carbon\\\/\",\"name\":\"Coconut Shell Activated Carbon\",\"isPartOf\":{\"@id\":\"https:\\\/\\\/yrdactivatedcarbon.com\\\/#website\"},\"primaryImageOfPage\":{\"@id\":\"https:\\\/\\\/yrdactivatedcarbon.com\\\/product\\\/coconut-shell-activated-carbon\\\/#primaryimage\"},\"image\":{\"@id\":\"https:\\\/\\\/yrdactivatedcarbon.com\\\/product\\\/coconut-shell-activated-carbon\\\/#primaryimage\"},\"thumbnailUrl\":\"https:\\\/\\\/yrdactivatedcarbon.com\\\/wp-content\\\/uploads\\\/2025\\\/10\\\/Coconut-Shell-Charcoal.jpg\",\"datePublished\":\"2025-10-17T09:09:54+00:00\",\"dateModified\":\"2025-12-03T09:48:30+00:00\",\"description\":\"Leading manufacturer and supplier of coconut shell activated carbon for industrial water treatment, air purification, and environmental applications. YRD Activated Carbon provides certified, high-performance materials with consistent quality and reliable global supply.\",\"breadcrumb\":{\"@id\":\"https:\\\/\\\/yrdactivatedcarbon.com\\\/product\\\/coconut-shell-activated-carbon\\\/#breadcrumb\"},\"inLanguage\":\"fr-FR\",\"potentialAction\":[{\"@type\":\"ReadAction\",\"target\":[\"https:\\\/\\\/yrdactivatedcarbon.com\\\/product\\\/coconut-shell-activated-carbon\\\/\"]}]},{\"@type\":\"ImageObject\",\"inLanguage\":\"fr-FR\",\"@id\":\"https:\\\/\\\/yrdactivatedcarbon.com\\\/product\\\/coconut-shell-activated-carbon\\\/#primaryimage\",\"url\":\"https:\\\/\\\/yrdactivatedcarbon.com\\\/wp-content\\\/uploads\\\/2025\\\/10\\\/Coconut-Shell-Charcoal.jpg\",\"contentUrl\":\"https:\\\/\\\/yrdactivatedcarbon.com\\\/wp-content\\\/uploads\\\/2025\\\/10\\\/Coconut-Shell-Charcoal.jpg\",\"width\":500,\"height\":500},{\"@type\":\"BreadcrumbList\",\"@id\":\"https:\\\/\\\/yrdactivatedcarbon.com\\\/product\\\/coconut-shell-activated-carbon\\\/#breadcrumb\",\"itemListElement\":[{\"@type\":\"ListItem\",\"position\":1,\"name\":\"\u9996\u9875\",\"item\":\"https:\\\/\\\/yrdactivatedcarbon.com\\\/\"},{\"@type\":\"ListItem\",\"position\":2,\"name\":\"Products\",\"item\":\"https:\\\/\\\/yrdactivatedcarbon.com\\\/shop__trashed\\\/\"},{\"@type\":\"ListItem\",\"position\":3,\"name\":\"Coconut Shell Activated Carbon\"}]},{\"@type\":\"WebSite\",\"@id\":\"https:\\\/\\\/yrdactivatedcarbon.com\\\/#website\",\"url\":\"https:\\\/\\\/yrdactivatedcarbon.com\\\/\",\"name\":\"\",\"description\":\"\",\"publisher\":{\"@id\":\"https:\\\/\\\/yrdactivatedcarbon.com\\\/#\\\/schema\\\/person\\\/581e0ef9031155afdeefbcd492460987\"},\"potentialAction\":[{\"@type\":\"SearchAction\",\"target\":{\"@type\":\"EntryPoint\",\"urlTemplate\":\"https:\\\/\\\/yrdactivatedcarbon.com\\\/?s={search_term_string}\"},\"query-input\":{\"@type\":\"PropertyValueSpecification\",\"valueRequired\":true,\"valueName\":\"search_term_string\"}}],\"inLanguage\":\"fr-FR\"},{\"@type\":[\"Person\",\"Organization\"],\"@id\":\"https:\\\/\\\/yrdactivatedcarbon.com\\\/#\\\/schema\\\/person\\\/581e0ef9031155afdeefbcd492460987\",\"name\":\"Admin\",\"image\":{\"@type\":\"ImageObject\",\"inLanguage\":\"fr-FR\",\"@id\":\"https:\\\/\\\/yrdactivatedcarbon.com\\\/wp-content\\\/uploads\\\/2025\\\/10\\\/cropped-cropped-cropped-cropped-cropped-Gemini_Generated_Image_csnat5csnat5csna-removebg-preview.png\",\"url\":\"https:\\\/\\\/yrdactivatedcarbon.com\\\/wp-content\\\/uploads\\\/2025\\\/10\\\/cropped-cropped-cropped-cropped-cropped-Gemini_Generated_Image_csnat5csnat5csna-removebg-preview.png\",\"contentUrl\":\"https:\\\/\\\/yrdactivatedcarbon.com\\\/wp-content\\\/uploads\\\/2025\\\/10\\\/cropped-cropped-cropped-cropped-cropped-Gemini_Generated_Image_csnat5csnat5csna-removebg-preview.png\",\"width\":304,\"height\":88,\"caption\":\"Admin\"},\"logo\":{\"@id\":\"https:\\\/\\\/yrdactivatedcarbon.com\\\/wp-content\\\/uploads\\\/2025\\\/10\\\/cropped-cropped-cropped-cropped-cropped-Gemini_Generated_Image_csnat5csnat5csna-removebg-preview.png\"},\"sameAs\":[\"https:\\\/\\\/yrdactivatedcarbon.com\"],\"publishingPrinciples\":\"https:\\\/\\\/yrdactivatedcarbon.com\\\/\",\"ownershipFundingInfo\":\"https:\\\/\\\/yrdactivatedcarbon.com\\\/\"}]}<\/script>\n<!-- \/ Yoast SEO Premium plugin. -->","yoast_head_json":{"title":"Charbon actif en coquille de noix de coco","description":"Fabricant et fournisseur de premier plan de charbon actif en coquille de noix de coco pour le traitement des eaux industrielles, la purification de l'air et les applications environnementales. YRD Activated Carbon fournit des mat\u00e9riaux certifi\u00e9s et de haute performance avec une qualit\u00e9 constante et un approvisionnement mondial fiable.","robots":{"index":"index","follow":"follow","max-snippet":"max-snippet:-1","max-image-preview":"max-image-preview:large","max-video-preview":"max-video-preview:-1"},"canonical":"https:\/\/yrdactivatedcarbon.com\/fr\/product\/charbon-actif-en-coquille-de-noix-de-coco\/","og_locale":"fr_FR","og_type":"article","og_title":"Coconut Shell Activated Carbon","og_description":"Leading manufacturer and supplier of coconut shell activated carbon for industrial water treatment, air purification, and environmental applications. YRD Activated Carbon provides certified, high-performance materials with consistent quality and reliable global supply.","og_url":"https:\/\/yrdactivatedcarbon.com\/fr\/product\/charbon-actif-en-coquille-de-noix-de-coco\/","article_modified_time":"2025-12-03T09:48:30+00:00","og_image":[{"width":500,"height":500,"url":"http:\/\/yrdactivatedcarbon.com\/wp-content\/uploads\/2025\/10\/Coconut-Shell-Charcoal.jpg","type":"image\/jpeg"}],"twitter_card":"summary_large_image","schema":{"@context":"https:\/\/schema.org","@graph":[{"@type":"WebPage","@id":"https:\/\/yrdactivatedcarbon.com\/product\/coconut-shell-activated-carbon\/","url":"https:\/\/yrdactivatedcarbon.com\/product\/coconut-shell-activated-carbon\/","name":"Charbon actif en coquille de noix de coco","isPartOf":{"@id":"https:\/\/yrdactivatedcarbon.com\/#website"},"primaryImageOfPage":{"@id":"https:\/\/yrdactivatedcarbon.com\/product\/coconut-shell-activated-carbon\/#primaryimage"},"image":{"@id":"https:\/\/yrdactivatedcarbon.com\/product\/coconut-shell-activated-carbon\/#primaryimage"},"thumbnailUrl":"https:\/\/yrdactivatedcarbon.com\/wp-content\/uploads\/2025\/10\/Coconut-Shell-Charcoal.jpg","datePublished":"2025-10-17T09:09:54+00:00","dateModified":"2025-12-03T09:48:30+00:00","description":"Fabricant et fournisseur de premier plan de charbon actif en coquille de noix de coco pour le traitement des eaux industrielles, la purification de l'air et les applications environnementales. YRD Activated Carbon fournit des mat\u00e9riaux certifi\u00e9s et de haute performance avec une qualit\u00e9 constante et un approvisionnement mondial fiable.","breadcrumb":{"@id":"https:\/\/yrdactivatedcarbon.com\/product\/coconut-shell-activated-carbon\/#breadcrumb"},"inLanguage":"fr-FR","potentialAction":[{"@type":"ReadAction","target":["https:\/\/yrdactivatedcarbon.com\/product\/coconut-shell-activated-carbon\/"]}]},{"@type":"ImageObject","inLanguage":"fr-FR","@id":"https:\/\/yrdactivatedcarbon.com\/product\/coconut-shell-activated-carbon\/#primaryimage","url":"https:\/\/yrdactivatedcarbon.com\/wp-content\/uploads\/2025\/10\/Coconut-Shell-Charcoal.jpg","contentUrl":"https:\/\/yrdactivatedcarbon.com\/wp-content\/uploads\/2025\/10\/Coconut-Shell-Charcoal.jpg","width":500,"height":500},{"@type":"BreadcrumbList","@id":"https:\/\/yrdactivatedcarbon.com\/product\/coconut-shell-activated-carbon\/#breadcrumb","itemListElement":[{"@type":"ListItem","position":1,"name":"\u9996\u9875","item":"https:\/\/yrdactivatedcarbon.com\/"},{"@type":"ListItem","position":2,"name":"Products","item":"https:\/\/yrdactivatedcarbon.com\/shop__trashed\/"},{"@type":"ListItem","position":3,"name":"Coconut Shell Activated Carbon"}]},{"@type":"WebSite","@id":"https:\/\/yrdactivatedcarbon.com\/#website","url":"https:\/\/yrdactivatedcarbon.com\/","name":"","description":"","publisher":{"@id":"https:\/\/yrdactivatedcarbon.com\/#\/schema\/person\/581e0ef9031155afdeefbcd492460987"},"potentialAction":[{"@type":"SearchAction","target":{"@type":"EntryPoint","urlTemplate":"https:\/\/yrdactivatedcarbon.com\/?s={search_term_string}"},"query-input":{"@type":"PropertyValueSpecification","valueRequired":true,"valueName":"search_term_string"}}],"inLanguage":"fr-FR"},{"@type":["Person","Organization"],"@id":"https:\/\/yrdactivatedcarbon.com\/#\/schema\/person\/581e0ef9031155afdeefbcd492460987","name":"Admin","image":{"@type":"ImageObject","inLanguage":"fr-FR","@id":"https:\/\/yrdactivatedcarbon.com\/wp-content\/uploads\/2025\/10\/cropped-cropped-cropped-cropped-cropped-Gemini_Generated_Image_csnat5csnat5csna-removebg-preview.png","url":"https:\/\/yrdactivatedcarbon.com\/wp-content\/uploads\/2025\/10\/cropped-cropped-cropped-cropped-cropped-Gemini_Generated_Image_csnat5csnat5csna-removebg-preview.png","contentUrl":"https:\/\/yrdactivatedcarbon.com\/wp-content\/uploads\/2025\/10\/cropped-cropped-cropped-cropped-cropped-Gemini_Generated_Image_csnat5csnat5csna-removebg-preview.png","width":304,"height":88,"caption":"Admin"},"logo":{"@id":"https:\/\/yrdactivatedcarbon.com\/wp-content\/uploads\/2025\/10\/cropped-cropped-cropped-cropped-cropped-Gemini_Generated_Image_csnat5csnat5csna-removebg-preview.png"},"sameAs":["https:\/\/yrdactivatedcarbon.com"],"publishingPrinciples":"https:\/\/yrdactivatedcarbon.com\/","ownershipFundingInfo":"https:\/\/yrdactivatedcarbon.com\/"}]}},"_links":{"self":[{"href":"https:\/\/yrdactivatedcarbon.com\/fr\/wp-json\/wp\/v2\/product\/1135","targetHints":{"allow":["GET"]}}],"collection":[{"href":"https:\/\/yrdactivatedcarbon.com\/fr\/wp-json\/wp\/v2\/product"}],"about":[{"href":"https:\/\/yrdactivatedcarbon.com\/fr\/wp-json\/wp\/v2\/types\/product"}],"version-history":[{"count":10,"href":"https:\/\/yrdactivatedcarbon.com\/fr\/wp-json\/wp\/v2\/product\/1135\/revisions"}],"predecessor-version":[{"id":1707,"href":"https:\/\/yrdactivatedcarbon.com\/fr\/wp-json\/wp\/v2\/product\/1135\/revisions\/1707"}],"wp:featuredmedia":[{"embeddable":true,"href":"https:\/\/yrdactivatedcarbon.com\/fr\/wp-json\/wp\/v2\/media\/1345"}],"wp:attachment":[{"href":"https:\/\/yrdactivatedcarbon.com\/fr\/wp-json\/wp\/v2\/media?parent=1135"}],"wp:term":[{"taxonomy":"product_brand","embeddable":true,"href":"https:\/\/yrdactivatedcarbon.com\/fr\/wp-json\/wp\/v2\/product_brand?post=1135"},{"taxonomy":"product_cat","embeddable":true,"href":"https:\/\/yrdactivatedcarbon.com\/fr\/wp-json\/wp\/v2\/product_cat?post=1135"},{"taxonomy":"product_tag","embeddable":true,"href":"https:\/\/yrdactivatedcarbon.com\/fr\/wp-json\/wp\/v2\/product_tag?post=1135"}],"curies":[{"name":"wp","href":"https:\/\/api.w.org\/{rel}","templated":true}]}}