{"id":1137,"date":"2025-10-17T17:10:41","date_gmt":"2025-10-17T09:10:41","guid":{"rendered":"https:\/\/yrdactivatedcarbon.com\/?post_type=product&#038;p=1137"},"modified":"2025-12-03T17:46:29","modified_gmt":"2025-12-03T09:46:29","slug":"charbon-actif-a-base-de-coquilles-de-noix","status":"publish","type":"product","link":"https:\/\/yrdactivatedcarbon.com\/fr\/product\/charbon-actif-a-base-de-coquilles-de-noix\/","title":{"rendered":"Charbon actif en coque de noix"},"content":{"rendered":"<h2 dir=\"auto\">Sp\u00e9cifications techniques<\/h2>\n<p dir=\"auto\">Le tableau suivant pr\u00e9sente les param\u00e8tres standard bas\u00e9s sur des r\u00e9f\u00e9rences industrielles courantes. Des sp\u00e9cifications personnalis\u00e9es sont disponibles sur demande pour r\u00e9pondre aux exigences de votre march\u00e9 (par exemple, les normes des \u00c9tats-Unis, de l'Union europ\u00e9enne ou de l'Asie). Toutes les donn\u00e9es sont v\u00e9rifi\u00e9es dans le cadre d'un contr\u00f4le de qualit\u00e9 rigoureux, y compris des tests effectu\u00e9s par des tiers.<\/p>\n<table>\n<thead>\n<tr>\n<th data-col-size=\"lg\">Param\u00e8tres<\/th>\n<th data-col-size=\"md\">Valeur typique Plage<\/th>\n<th data-col-size=\"md\">Norme d'essai<\/th>\n<th data-col-size=\"xl\">Notes<\/th>\n<\/tr>\n<\/thead>\n<tbody>\n<tr>\n<td data-col-size=\"lg\">Mati\u00e8res premi\u00e8res<\/td>\n<td data-col-size=\"md\">Coquilles de noix de coco, de noix, d'abricot, de p\u00eache ou de jujube<\/td>\n<td data-col-size=\"md\">&#8211;<\/td>\n<td data-col-size=\"xl\">S\u00e9lectionn\u00e9 pour sa haute teneur en carbone et sa durabilit\u00e9<\/td>\n<\/tr>\n<tr>\n<td data-col-size=\"lg\">Apparence<\/td>\n<td data-col-size=\"md\">Granul\u00e9s noirs<\/td>\n<td data-col-size=\"md\">Visuel<\/td>\n<td data-col-size=\"xl\">Uniformit\u00e9 et absence de poussi\u00e8re<\/td>\n<\/tr>\n<tr>\n<td data-col-size=\"lg\">Taille des particules (maille)<\/td>\n<td data-col-size=\"md\">4&#215;8, 6&#215;12, 8&#215;16, 8&#215;30, 12&#215;40, 20&#215;40, 30&#215;60<\/td>\n<td data-col-size=\"md\">ASTM D2862<\/td>\n<td data-col-size=\"xl\">Personnalisable pour des besoins de filtration sp\u00e9cifiques<\/td>\n<\/tr>\n<tr>\n<td data-col-size=\"lg\">Indice d'iode (mg\/g)<\/td>\n<td data-col-size=\"md\">800-1300<\/td>\n<td data-col-size=\"md\">ASTM D4607<\/td>\n<td data-col-size=\"xl\">Indique la capacit\u00e9 d'adsorption des petites mol\u00e9cules<\/td>\n<\/tr>\n<tr>\n<td data-col-size=\"lg\">CTC (%)<\/td>\n<td data-col-size=\"md\">50-70<\/td>\n<td data-col-size=\"md\">ASTM D3467<\/td>\n<td data-col-size=\"xl\">Mesure l'efficacit\u00e9 de l'adsorption en phase vapeur<\/td>\n<\/tr>\n<tr>\n<td data-col-size=\"lg\">Surface (m\u00b2\/g)<\/td>\n<td data-col-size=\"md\">900-1400<\/td>\n<td data-col-size=\"md\">M\u00e9thode BET<\/td>\n<td data-col-size=\"xl\">Haute porosit\u00e9 pour une meilleure \u00e9limination des contaminants<\/td>\n<\/tr>\n<tr>\n<td data-col-size=\"lg\">Densit\u00e9 apparente (g\/cm\u00b3)<\/td>\n<td data-col-size=\"md\">0.4-0.55<\/td>\n<td data-col-size=\"md\">ASTM D2854<\/td>\n<td data-col-size=\"xl\">Optimis\u00e9 pour une mise en place efficace dans les filtres<\/td>\n<\/tr>\n<tr>\n<td data-col-size=\"lg\">Duret\u00e9 (%)<\/td>\n<td data-col-size=\"md\">90-99<\/td>\n<td data-col-size=\"md\">ASTM D3802<\/td>\n<td data-col-size=\"xl\">Assure la r\u00e9sistance \u00e0 la rupture lors de l'utilisation<\/td>\n<\/tr>\n<tr>\n<td data-col-size=\"lg\">Humidit\u00e9 (%)<\/td>\n<td data-col-size=\"md\">\u22645-10<\/td>\n<td data-col-size=\"md\">ASTM D2867<\/td>\n<td data-col-size=\"xl\">Faible taux d'humidit\u00e9 pour une utilisation imm\u00e9diate et une stabilit\u00e9 au stockage<\/td>\n<\/tr>\n<tr>\n<td data-col-size=\"lg\">Fr\u00eane (%)<\/td>\n<td data-col-size=\"md\">\u22643-10<\/td>\n<td data-col-size=\"md\">ASTM D2866<\/td>\n<td data-col-size=\"xl\">Impuret\u00e9s minimales pour les applications de haute puret\u00e9<\/td>\n<\/tr>\n<tr>\n<td data-col-size=\"lg\">Valeur du pH<\/td>\n<td data-col-size=\"md\">7-11<\/td>\n<td data-col-size=\"md\">ASTM D3838<\/td>\n<td data-col-size=\"xl\">Neutre \u00e0 l\u00e9g\u00e8rement alcalin, convient \u00e0 la plupart des syst\u00e8mes<\/td>\n<\/tr>\n<tr>\n<td data-col-size=\"lg\">Teneur en fer (ppm)<\/td>\n<td data-col-size=\"md\">\u226450<\/td>\n<td data-col-size=\"md\">ICP-MS<\/td>\n<td data-col-size=\"xl\">Faible teneur en m\u00e9tal pour \u00e9viter la contamination<\/td>\n<\/tr>\n<tr>\n<td data-col-size=\"lg\">Volume des pores (cm\u00b3\/g)<\/td>\n<td data-col-size=\"md\">0.8-1.0<\/td>\n<td data-col-size=\"md\">&#8211;<\/td>\n<td data-col-size=\"xl\">Distribution \u00e9quilibr\u00e9e des pores pour une adsorption polyvalente<\/td>\n<\/tr>\n<\/tbody>\n<\/table>\n<p><a dir=\"auto\" style=\"display: inline-block; padding: 12px 28px; border-radius: 999px; background: #0067ff; color: #ffffff; font-size: 20px; font-weight: 600; text-decoration: none; cursor: pointer; \" href=\"mailto:info@yrdcarbon.com\">Obtenir des \u00e9chantillons de qualit\u00e9 gratuits pour les tester<\/a><\/p>\n<h2 dir=\"auto\">Applications et \u00e9tudes de cas<\/h2>\n<p dir=\"auto\">Le charbon actif Nutshell excelle dans un large \u00e9ventail d'industries, r\u00e9pondant \u00e0 des probl\u00e8mes cl\u00e9s tels que l'\u00e9limination des contaminants et la conformit\u00e9 aux r\u00e9glementations :<\/p>\n<ul dir=\"auto\">\n<li><strong>Purification de l'eau<\/strong>: Utilis\u00e9 dans le traitement des eaux municipales et industrielles pour \u00e9liminer le chlore, les pesticides et les mati\u00e8res organiques, am\u00e9liorant ainsi le go\u00fbt et la s\u00e9curit\u00e9. \u00c9tude de cas : Dans une usine de boissons d'Asie du Sud-Est, notre produit a r\u00e9duit le COT de 85%, am\u00e9liorant la dur\u00e9e de conservation du produit et r\u00e9pondant aux normes d'exportation de l'UE.<\/li>\n<li><strong>Filtration de l'air et du gaz<\/strong>: Id\u00e9al pour l'\u00e9limination des COV dans les syst\u00e8mes d'\u00e9chappement industriels et les purificateurs d'air. \u00c9tude de cas : Un \u00e9quipementier automobile europ\u00e9en a int\u00e9gr\u00e9 notre carbone pour r\u00e9duire ses \u00e9missions de 70%, se conformant ainsi aux directives strictes en mati\u00e8re de qualit\u00e9 de l'air et r\u00e9duisant les amendes op\u00e9rationnelles.<\/li>\n<li><strong>R\u00e9cup\u00e9ration de l'or et m\u00e9tallurgie<\/strong>: Adsorption \u00e9lev\u00e9e pour les complexes de cyanure dans les exploitations mini\u00e8res. \u00c9tude de cas : Une mine d'or africaine a enregistr\u00e9 des taux de r\u00e9cup\u00e9ration 15% plus \u00e9lev\u00e9s en utilisant notre variante \u00e0 haute teneur en iode, ce qui a stimul\u00e9 la rentabilit\u00e9.<\/li>\n<li><strong>Transformation des aliments et des boissons<\/strong>: D\u00e9colore les jus, les sirops et les alcools tout en \u00e9liminant les impuret\u00e9s. \u00c9tude de cas : Un transformateur alimentaire am\u00e9ricain a obtenu des produits plus clairs en utilisant 20% de mat\u00e9riaux en moins, r\u00e9duisant ainsi les co\u00fbts sans compromettre la qualit\u00e9.<\/li>\n<li><strong>Produits pharmaceutiques et chimiques<\/strong>: Purifie les solvants et \u00e9limine les toxines dans la fabrication des m\u00e9dicaments.<\/li>\n<\/ul>\n<h2 dir=\"auto\">Valeur pour le client et pourquoi nous choisir<\/h2>\n<p dir=\"auto\">En choisissant notre charbon actif Nutshell, vous obtenez un produit qui non seulement r\u00e9pond aux exigences internationales en mati\u00e8re de puret\u00e9 et de performance, mais les d\u00e9passe. Il r\u00e9sout des probl\u00e8mes courants tels que les co\u00fbts op\u00e9rationnels \u00e9lev\u00e9s et l'impact sur l'environnement, en offrant une dur\u00e9e de vie plus longue que les alternatives standard. Forts de 10 ans d'expertise en mati\u00e8re d'exportation, nous garantissons une int\u00e9gration transparente de la cha\u00eene d'approvisionnement, des prix comp\u00e9titifs et une assistance compl\u00e8te en mati\u00e8re de documentation. Rejoignez nos clients satisfaits dans le monde entier et tirez parti de cette solution durable pour am\u00e9liorer l'attrait de votre produit sur le march\u00e9.<\/p>\n<p dir=\"auto\">Pour toute demande de renseignements, de consultations techniques ou de commandes en gros, contactez-nous d\u00e8s aujourd'hui - purifions votre chemin vers le succ\u00e8s !<\/p>\n<p><a dir=\"auto\" style=\"display: inline-block; padding: 12px 28px; border-radius: 999px; background: #0067ff; color: #ffffff; font-size: 20px; font-weight: 600; text-decoration: none; cursor: pointer; \" href=\"mailto:info@yrdcarbon.com\">Obtenir des \u00e9chantillons de qualit\u00e9 gratuits pour les tester<\/a><\/p>","protected":false},"excerpt":{"rendered":"<p><a dir=\"auto\" style=\"display: inline-block; padding: 12px 28px; border-radius: 999px; background: #0067ff; color: #ffffff; font-size: 20px; font-weight: 600; text-decoration: none; cursor: pointer;\" href=\"mailto:info@yrdcarbon.com\">Obtenir des \u00e9chantillons de qualit\u00e9 gratuits pour les tester<\/a><\/p>\n<p dir=\"auto\">Le charbon actif en coquilles de noix, \u00e9galement appel\u00e9 charbon actif en coquilles de fruits, est un adsorbant granulaire de premi\u00e8re qualit\u00e9 d\u00e9riv\u00e9 de sous-produits agricoles de haute qualit\u00e9 tels que les coquilles de noix de coco, les coquilles de noix, les coquilles d'abricots, les coquilles de p\u00eaches et les coquilles de jujubes. Produit par des proc\u00e9d\u00e9s avanc\u00e9s de carbonisation et d'activation \u00e0 la vapeur, ce mat\u00e9riau respectueux de l'environnement pr\u00e9sente une structure poreuse tr\u00e8s d\u00e9velopp\u00e9e et des capacit\u00e9s d'adsorption exceptionnelles.<\/p>\n<p dir=\"auto\">Il est con\u00e7u pour r\u00e9pondre aux normes internationales (par exemple, ASTM, GB, EN) et est id\u00e9al pour les march\u00e9s mondiaux qui exigent des solutions de purification durables et efficaces. Notre produit se distingue par sa duret\u00e9 sup\u00e9rieure, sa faible teneur en cendres et ses sp\u00e9cifications personnalisables, garantissant des performances optimales dans diverses applications tout en promouvant la durabilit\u00e9 environnementale par la r\u00e9utilisation des d\u00e9chets.<\/p>\n<h2 dir=\"auto\">Principales caract\u00e9ristiques et avantages<\/h2>\n<ul dir=\"auto\">\n<li><strong>Efficacit\u00e9 d'adsorption \u00e9lev\u00e9e<\/strong>: Il pr\u00e9sente une grande surface (900-1400 m\u00b2\/g) avec un m\u00e9lange \u00e9quilibr\u00e9 de micropores, m\u00e9sopores et macropores, permettant une \u00e9limination rapide et efficace des contaminants tels que les mati\u00e8res organiques, les odeurs et les m\u00e9taux lourds.<\/li>\n<li><strong>Durabilit\u00e9 exceptionnelle<\/strong>: La duret\u00e9 \u00e9lev\u00e9e (90-99%) et la r\u00e9sistance \u00e0 l'abrasion garantissent la long\u00e9vit\u00e9 dans les syst\u00e8mes \u00e0 haut d\u00e9bit, r\u00e9duisant la fr\u00e9quence de remplacement et les co\u00fbts d'exploitation par rapport aux alternatives \u00e0 base de charbon.<\/li>\n<li><strong>Durable et naturel<\/strong>: Le produit est issu de d\u00e9chets agricoles renouvelables, sans additifs chimiques, ce qui le rend s\u00fbr, non toxique et respectueux de l'environnement, en accord avec les tendances mondiales en faveur des mat\u00e9riaux verts.<\/li>\n<li><strong>Personnalisation polyvalente<\/strong>: Disponibles en diff\u00e9rentes tailles de particules et niveaux d'activation (par exemple, lavage \u00e0 l'eau, lavage \u00e0 l'acide ou impr\u00e9gnation) pour r\u00e9pondre \u00e0 des besoins sp\u00e9cifiques, avec des options de r\u00e9g\u00e9n\u00e9ration pour une r\u00e9utilisation rentable.<\/li>\n<\/ul>","protected":false},"featured_media":1360,"template":"","meta":{"site-sidebar-layout":"default","site-content-layout":"","ast-site-content-layout":"default","site-content-style":"default","site-sidebar-style":"default","ast-global-header-display":"","ast-banner-title-visibility":"","ast-main-header-display":"","ast-hfb-above-header-display":"","ast-hfb-below-header-display":"","ast-hfb-mobile-header-display":"","site-post-title":"","ast-breadcrumbs-content":"","ast-featured-img":"","footer-sml-layout":"","ast-disable-related-posts":"","theme-transparent-header-meta":"default","adv-header-id-meta":"","stick-header-meta":"","header-above-stick-meta":"","header-main-stick-meta":"","header-below-stick-meta":"","astra-migrate-meta-layouts":"set","ast-page-background-enabled":"default","ast-page-background-meta":{"desktop":{"background-color":"var(--ast-global-color-4)","background-image":"","background-repeat":"repeat","background-position":"center center","background-size":"auto","background-attachment":"scroll","background-type":"","background-media":"","overlay-type":"","overlay-color":"","overlay-opacity":"","overlay-gradient":""},"tablet":{"background-color":"","background-image":"","background-repeat":"repeat","background-position":"center center","background-size":"auto","background-attachment":"scroll","background-type":"","background-media":"","overlay-type":"","overlay-color":"","overlay-opacity":"","overlay-gradient":""},"mobile":{"background-color":"","background-image":"","background-repeat":"repeat","background-position":"center center","background-size":"auto","background-attachment":"scroll","background-type":"","background-media":"","overlay-type":"","overlay-color":"","overlay-opacity":"","overlay-gradient":""}},"ast-content-background-meta":{"desktop":{"background-color":"var(--ast-global-color-5)","background-image":"","background-repeat":"repeat","background-position":"center center","background-size":"auto","background-attachment":"scroll","background-type":"","background-media":"","overlay-type":"","overlay-color":"","overlay-opacity":"","overlay-gradient":""},"tablet":{"background-color":"var(--ast-global-color-5)","background-image":"","background-repeat":"repeat","background-position":"center center","background-size":"auto","background-attachment":"scroll","background-type":"","background-media":"","overlay-type":"","overlay-color":"","overlay-opacity":"","overlay-gradient":""},"mobile":{"background-color":"var(--ast-global-color-5)","background-image":"","background-repeat":"repeat","background-position":"center center","background-size":"auto","background-attachment":"scroll","background-type":"","background-media":"","overlay-type":"","overlay-color":"","overlay-opacity":"","overlay-gradient":""}}},"product_brand":[],"product_cat":[15],"product_tag":[],"class_list":{"0":"post-1137","1":"product","2":"type-product","3":"status-publish","4":"has-post-thumbnail","6":"product_cat-activated-carbon-series","7":"desktop-align-left","8":"tablet-align-left","9":"mobile-align-left","11":"first","12":"instock","13":"shipping-taxable","14":"product-type-simple"},"yoast_head":"<!-- This site is optimized with the Yoast SEO Premium plugin v26.0 (Yoast SEO v27.4) - https:\/\/yoast.com\/product\/yoast-seo-premium-wordpress\/ -->\n<title>Nut Shell Activated Carbon<\/title>\n<meta name=\"description\" content=\"High-quality nut shell activated carbon for industrial water purification, air filtration, and chemical processing. Produced by YRD Activated Carbon with advanced activation technology, offering strong adsorption, consistent performance, and reliable global supply. Request a quote today.\" \/>\n<meta name=\"robots\" content=\"index, follow, max-snippet:-1, max-image-preview:large, max-video-preview:-1\" \/>\n<link rel=\"canonical\" href=\"https:\/\/yrdactivatedcarbon.com\/fr\/product\/charbon-actif-a-base-de-coquilles-de-noix\/\" \/>\n<meta property=\"og:locale\" content=\"fr_FR\" \/>\n<meta property=\"og:type\" content=\"article\" \/>\n<meta property=\"og:title\" content=\"Nut Shell Activated Carbon\" \/>\n<meta property=\"og:description\" content=\"High-quality nut shell activated carbon for industrial water purification, air filtration, and chemical processing. Produced by YRD Activated Carbon with advanced activation technology, offering strong adsorption, consistent performance, and reliable global supply. Request a quote today.\" \/>\n<meta property=\"og:url\" content=\"https:\/\/yrdactivatedcarbon.com\/fr\/product\/charbon-actif-a-base-de-coquilles-de-noix\/\" \/>\n<meta property=\"article:modified_time\" content=\"2025-12-03T09:46:29+00:00\" \/>\n<meta property=\"og:image\" content=\"http:\/\/yrdactivatedcarbon.com\/wp-content\/uploads\/2025\/10\/Nut-Shell-Activated-Carbon.webp\" \/>\n\t<meta property=\"og:image:width\" content=\"800\" \/>\n\t<meta property=\"og:image:height\" content=\"800\" \/>\n\t<meta property=\"og:image:type\" content=\"image\/webp\" \/>\n<meta name=\"twitter:card\" content=\"summary_large_image\" \/>\n<meta name=\"twitter:label1\" content=\"Dur\u00e9e de lecture estim\u00e9e\" \/>\n\t<meta name=\"twitter:data1\" content=\"3 minutes\" \/>\n<script type=\"application\/ld+json\" class=\"yoast-schema-graph\">{\"@context\":\"https:\\\/\\\/schema.org\",\"@graph\":[{\"@type\":\"WebPage\",\"@id\":\"https:\\\/\\\/yrdactivatedcarbon.com\\\/product\\\/nut-shell-activated-carbon\\\/\",\"url\":\"https:\\\/\\\/yrdactivatedcarbon.com\\\/product\\\/nut-shell-activated-carbon\\\/\",\"name\":\"Nut Shell Activated Carbon\",\"isPartOf\":{\"@id\":\"https:\\\/\\\/yrdactivatedcarbon.com\\\/#website\"},\"primaryImageOfPage\":{\"@id\":\"https:\\\/\\\/yrdactivatedcarbon.com\\\/product\\\/nut-shell-activated-carbon\\\/#primaryimage\"},\"image\":{\"@id\":\"https:\\\/\\\/yrdactivatedcarbon.com\\\/product\\\/nut-shell-activated-carbon\\\/#primaryimage\"},\"thumbnailUrl\":\"https:\\\/\\\/yrdactivatedcarbon.com\\\/wp-content\\\/uploads\\\/2025\\\/10\\\/Nut-Shell-Activated-Carbon.webp\",\"datePublished\":\"2025-10-17T09:10:41+00:00\",\"dateModified\":\"2025-12-03T09:46:29+00:00\",\"description\":\"High-quality nut shell activated carbon for industrial water purification, air filtration, and chemical processing. Produced by YRD Activated Carbon with advanced activation technology, offering strong adsorption, consistent performance, and reliable global supply. Request a quote today.\",\"breadcrumb\":{\"@id\":\"https:\\\/\\\/yrdactivatedcarbon.com\\\/product\\\/nut-shell-activated-carbon\\\/#breadcrumb\"},\"inLanguage\":\"fr-FR\",\"potentialAction\":[{\"@type\":\"ReadAction\",\"target\":[\"https:\\\/\\\/yrdactivatedcarbon.com\\\/product\\\/nut-shell-activated-carbon\\\/\"]}]},{\"@type\":\"ImageObject\",\"inLanguage\":\"fr-FR\",\"@id\":\"https:\\\/\\\/yrdactivatedcarbon.com\\\/product\\\/nut-shell-activated-carbon\\\/#primaryimage\",\"url\":\"https:\\\/\\\/yrdactivatedcarbon.com\\\/wp-content\\\/uploads\\\/2025\\\/10\\\/Nut-Shell-Activated-Carbon.webp\",\"contentUrl\":\"https:\\\/\\\/yrdactivatedcarbon.com\\\/wp-content\\\/uploads\\\/2025\\\/10\\\/Nut-Shell-Activated-Carbon.webp\",\"width\":800,\"height\":800},{\"@type\":\"BreadcrumbList\",\"@id\":\"https:\\\/\\\/yrdactivatedcarbon.com\\\/product\\\/nut-shell-activated-carbon\\\/#breadcrumb\",\"itemListElement\":[{\"@type\":\"ListItem\",\"position\":1,\"name\":\"\u9996\u9875\",\"item\":\"https:\\\/\\\/yrdactivatedcarbon.com\\\/\"},{\"@type\":\"ListItem\",\"position\":2,\"name\":\"Products\",\"item\":\"https:\\\/\\\/yrdactivatedcarbon.com\\\/shop__trashed\\\/\"},{\"@type\":\"ListItem\",\"position\":3,\"name\":\"Nut Shell Activated Carbon\"}]},{\"@type\":\"WebSite\",\"@id\":\"https:\\\/\\\/yrdactivatedcarbon.com\\\/#website\",\"url\":\"https:\\\/\\\/yrdactivatedcarbon.com\\\/\",\"name\":\"\",\"description\":\"\",\"publisher\":{\"@id\":\"https:\\\/\\\/yrdactivatedcarbon.com\\\/#\\\/schema\\\/person\\\/581e0ef9031155afdeefbcd492460987\"},\"potentialAction\":[{\"@type\":\"SearchAction\",\"target\":{\"@type\":\"EntryPoint\",\"urlTemplate\":\"https:\\\/\\\/yrdactivatedcarbon.com\\\/?s={search_term_string}\"},\"query-input\":{\"@type\":\"PropertyValueSpecification\",\"valueRequired\":true,\"valueName\":\"search_term_string\"}}],\"inLanguage\":\"fr-FR\"},{\"@type\":[\"Person\",\"Organization\"],\"@id\":\"https:\\\/\\\/yrdactivatedcarbon.com\\\/#\\\/schema\\\/person\\\/581e0ef9031155afdeefbcd492460987\",\"name\":\"Admin\",\"image\":{\"@type\":\"ImageObject\",\"inLanguage\":\"fr-FR\",\"@id\":\"https:\\\/\\\/yrdactivatedcarbon.com\\\/wp-content\\\/uploads\\\/2025\\\/10\\\/cropped-cropped-cropped-cropped-cropped-Gemini_Generated_Image_csnat5csnat5csna-removebg-preview.png\",\"url\":\"https:\\\/\\\/yrdactivatedcarbon.com\\\/wp-content\\\/uploads\\\/2025\\\/10\\\/cropped-cropped-cropped-cropped-cropped-Gemini_Generated_Image_csnat5csnat5csna-removebg-preview.png\",\"contentUrl\":\"https:\\\/\\\/yrdactivatedcarbon.com\\\/wp-content\\\/uploads\\\/2025\\\/10\\\/cropped-cropped-cropped-cropped-cropped-Gemini_Generated_Image_csnat5csnat5csna-removebg-preview.png\",\"width\":304,\"height\":88,\"caption\":\"Admin\"},\"logo\":{\"@id\":\"https:\\\/\\\/yrdactivatedcarbon.com\\\/wp-content\\\/uploads\\\/2025\\\/10\\\/cropped-cropped-cropped-cropped-cropped-Gemini_Generated_Image_csnat5csnat5csna-removebg-preview.png\"},\"sameAs\":[\"https:\\\/\\\/yrdactivatedcarbon.com\"],\"publishingPrinciples\":\"https:\\\/\\\/yrdactivatedcarbon.com\\\/\",\"ownershipFundingInfo\":\"https:\\\/\\\/yrdactivatedcarbon.com\\\/\"}]}<\/script>\n<!-- \/ Yoast SEO Premium plugin. -->","yoast_head_json":{"title":"Charbon actif en coque de noix","description":"Charbon actif en coquille de noix de haute qualit\u00e9 pour la purification de l'eau industrielle, la filtration de l'air et le traitement chimique. Produit par YRD Activated Carbon avec une technologie d'activation avanc\u00e9e, offrant une forte adsorption, des performances constantes et un approvisionnement mondial fiable. Demandez un devis d\u00e8s aujourd'hui.","robots":{"index":"index","follow":"follow","max-snippet":"max-snippet:-1","max-image-preview":"max-image-preview:large","max-video-preview":"max-video-preview:-1"},"canonical":"https:\/\/yrdactivatedcarbon.com\/fr\/product\/charbon-actif-a-base-de-coquilles-de-noix\/","og_locale":"fr_FR","og_type":"article","og_title":"Nut Shell Activated Carbon","og_description":"High-quality nut shell activated carbon for industrial water purification, air filtration, and chemical processing. Produced by YRD Activated Carbon with advanced activation technology, offering strong adsorption, consistent performance, and reliable global supply. Request a quote today.","og_url":"https:\/\/yrdactivatedcarbon.com\/fr\/product\/charbon-actif-a-base-de-coquilles-de-noix\/","article_modified_time":"2025-12-03T09:46:29+00:00","og_image":[{"width":800,"height":800,"url":"http:\/\/yrdactivatedcarbon.com\/wp-content\/uploads\/2025\/10\/Nut-Shell-Activated-Carbon.webp","type":"image\/webp"}],"twitter_card":"summary_large_image","twitter_misc":{"Dur\u00e9e de lecture estim\u00e9e":"3 minutes"},"schema":{"@context":"https:\/\/schema.org","@graph":[{"@type":"WebPage","@id":"https:\/\/yrdactivatedcarbon.com\/product\/nut-shell-activated-carbon\/","url":"https:\/\/yrdactivatedcarbon.com\/product\/nut-shell-activated-carbon\/","name":"Charbon actif en coque de noix","isPartOf":{"@id":"https:\/\/yrdactivatedcarbon.com\/#website"},"primaryImageOfPage":{"@id":"https:\/\/yrdactivatedcarbon.com\/product\/nut-shell-activated-carbon\/#primaryimage"},"image":{"@id":"https:\/\/yrdactivatedcarbon.com\/product\/nut-shell-activated-carbon\/#primaryimage"},"thumbnailUrl":"https:\/\/yrdactivatedcarbon.com\/wp-content\/uploads\/2025\/10\/Nut-Shell-Activated-Carbon.webp","datePublished":"2025-10-17T09:10:41+00:00","dateModified":"2025-12-03T09:46:29+00:00","description":"Charbon actif en coquille de noix de haute qualit\u00e9 pour la purification de l'eau industrielle, la filtration de l'air et le traitement chimique. Produit par YRD Activated Carbon avec une technologie d'activation avanc\u00e9e, offrant une forte adsorption, des performances constantes et un approvisionnement mondial fiable. Demandez un devis d\u00e8s aujourd'hui.","breadcrumb":{"@id":"https:\/\/yrdactivatedcarbon.com\/product\/nut-shell-activated-carbon\/#breadcrumb"},"inLanguage":"fr-FR","potentialAction":[{"@type":"ReadAction","target":["https:\/\/yrdactivatedcarbon.com\/product\/nut-shell-activated-carbon\/"]}]},{"@type":"ImageObject","inLanguage":"fr-FR","@id":"https:\/\/yrdactivatedcarbon.com\/product\/nut-shell-activated-carbon\/#primaryimage","url":"https:\/\/yrdactivatedcarbon.com\/wp-content\/uploads\/2025\/10\/Nut-Shell-Activated-Carbon.webp","contentUrl":"https:\/\/yrdactivatedcarbon.com\/wp-content\/uploads\/2025\/10\/Nut-Shell-Activated-Carbon.webp","width":800,"height":800},{"@type":"BreadcrumbList","@id":"https:\/\/yrdactivatedcarbon.com\/product\/nut-shell-activated-carbon\/#breadcrumb","itemListElement":[{"@type":"ListItem","position":1,"name":"\u9996\u9875","item":"https:\/\/yrdactivatedcarbon.com\/"},{"@type":"ListItem","position":2,"name":"Products","item":"https:\/\/yrdactivatedcarbon.com\/shop__trashed\/"},{"@type":"ListItem","position":3,"name":"Nut Shell Activated Carbon"}]},{"@type":"WebSite","@id":"https:\/\/yrdactivatedcarbon.com\/#website","url":"https:\/\/yrdactivatedcarbon.com\/","name":"","description":"","publisher":{"@id":"https:\/\/yrdactivatedcarbon.com\/#\/schema\/person\/581e0ef9031155afdeefbcd492460987"},"potentialAction":[{"@type":"SearchAction","target":{"@type":"EntryPoint","urlTemplate":"https:\/\/yrdactivatedcarbon.com\/?s={search_term_string}"},"query-input":{"@type":"PropertyValueSpecification","valueRequired":true,"valueName":"search_term_string"}}],"inLanguage":"fr-FR"},{"@type":["Person","Organization"],"@id":"https:\/\/yrdactivatedcarbon.com\/#\/schema\/person\/581e0ef9031155afdeefbcd492460987","name":"Admin","image":{"@type":"ImageObject","inLanguage":"fr-FR","@id":"https:\/\/yrdactivatedcarbon.com\/wp-content\/uploads\/2025\/10\/cropped-cropped-cropped-cropped-cropped-Gemini_Generated_Image_csnat5csnat5csna-removebg-preview.png","url":"https:\/\/yrdactivatedcarbon.com\/wp-content\/uploads\/2025\/10\/cropped-cropped-cropped-cropped-cropped-Gemini_Generated_Image_csnat5csnat5csna-removebg-preview.png","contentUrl":"https:\/\/yrdactivatedcarbon.com\/wp-content\/uploads\/2025\/10\/cropped-cropped-cropped-cropped-cropped-Gemini_Generated_Image_csnat5csnat5csna-removebg-preview.png","width":304,"height":88,"caption":"Admin"},"logo":{"@id":"https:\/\/yrdactivatedcarbon.com\/wp-content\/uploads\/2025\/10\/cropped-cropped-cropped-cropped-cropped-Gemini_Generated_Image_csnat5csnat5csna-removebg-preview.png"},"sameAs":["https:\/\/yrdactivatedcarbon.com"],"publishingPrinciples":"https:\/\/yrdactivatedcarbon.com\/","ownershipFundingInfo":"https:\/\/yrdactivatedcarbon.com\/"}]}},"_links":{"self":[{"href":"https:\/\/yrdactivatedcarbon.com\/fr\/wp-json\/wp\/v2\/product\/1137","targetHints":{"allow":["GET"]}}],"collection":[{"href":"https:\/\/yrdactivatedcarbon.com\/fr\/wp-json\/wp\/v2\/product"}],"about":[{"href":"https:\/\/yrdactivatedcarbon.com\/fr\/wp-json\/wp\/v2\/types\/product"}],"version-history":[{"count":4,"href":"https:\/\/yrdactivatedcarbon.com\/fr\/wp-json\/wp\/v2\/product\/1137\/revisions"}],"predecessor-version":[{"id":1358,"href":"https:\/\/yrdactivatedcarbon.com\/fr\/wp-json\/wp\/v2\/product\/1137\/revisions\/1358"}],"wp:featuredmedia":[{"embeddable":true,"href":"https:\/\/yrdactivatedcarbon.com\/fr\/wp-json\/wp\/v2\/media\/1360"}],"wp:attachment":[{"href":"https:\/\/yrdactivatedcarbon.com\/fr\/wp-json\/wp\/v2\/media?parent=1137"}],"wp:term":[{"taxonomy":"product_brand","embeddable":true,"href":"https:\/\/yrdactivatedcarbon.com\/fr\/wp-json\/wp\/v2\/product_brand?post=1137"},{"taxonomy":"product_cat","embeddable":true,"href":"https:\/\/yrdactivatedcarbon.com\/fr\/wp-json\/wp\/v2\/product_cat?post=1137"},{"taxonomy":"product_tag","embeddable":true,"href":"https:\/\/yrdactivatedcarbon.com\/fr\/wp-json\/wp\/v2\/product_tag?post=1137"}],"curies":[{"name":"wp","href":"https:\/\/api.w.org\/{rel}","templated":true}]}}