{"id":1141,"date":"2025-10-17T17:11:37","date_gmt":"2025-10-17T09:11:37","guid":{"rendered":"https:\/\/yrdactivatedcarbon.com\/?post_type=product&#038;p=1141"},"modified":"2025-12-03T17:44:47","modified_gmt":"2025-12-03T09:44:47","slug":"charbon-actif-en-colonne","status":"publish","type":"product","link":"https:\/\/yrdactivatedcarbon.com\/fr\/product\/charbon-actif-en-colonne\/","title":{"rendered":"Charbon actif en colonne"},"content":{"rendered":"<h2 dir=\"auto\">Sp\u00e9cifications techniques<\/h2>\n<p dir=\"auto\">Le tableau suivant pr\u00e9sente les param\u00e8tres physiques et chimiques typiques bas\u00e9s sur les normes industrielles et les donn\u00e9es de produits courants. Les valeurs peuvent varier en fonction de la mati\u00e8re premi\u00e8re et de la m\u00e9thode d'activation ; consulter les rapports d'essai des lots sp\u00e9cifiques pour obtenir les chiffres exacts.<\/p>\n<table>\n<thead>\n<tr>\n<th data-col-size=\"lg\">Param\u00e8tres<\/th>\n<th data-col-size=\"lg\">Valeur typique<\/th>\n<th data-col-size=\"sm\">M\u00e9thode d'essai<\/th>\n<th data-col-size=\"xl\">Notes<\/th>\n<\/tr>\n<\/thead>\n<tbody>\n<tr>\n<td data-col-size=\"lg\">Forme<\/td>\n<td data-col-size=\"lg\">Boulettes cylindriques<\/td>\n<td data-col-size=\"sm\">Visuel<\/td>\n<td data-col-size=\"xl\">Forme extrud\u00e9e pour une distribution uniforme<\/td>\n<\/tr>\n<tr>\n<td data-col-size=\"lg\">Diam\u00e8tre<\/td>\n<td data-col-size=\"lg\">0,8 - 4 mm<\/td>\n<td data-col-size=\"sm\">ASTM D2862<\/td>\n<td data-col-size=\"xl\">Dimensions courantes : 2 mm, 3 mm, 4 mm ; personnalisables<\/td>\n<\/tr>\n<tr>\n<td data-col-size=\"lg\">Longueur<\/td>\n<td data-col-size=\"lg\">&lt;10 mm<\/td>\n<td data-col-size=\"sm\">ASTM D2862<\/td>\n<td data-col-size=\"xl\">Facilite la manipulation et r\u00e9duit la casse<\/td>\n<\/tr>\n<tr>\n<td data-col-size=\"lg\">Num\u00e9ro d'iode<\/td>\n<td data-col-size=\"lg\">900 - 1100 mg\/g<\/td>\n<td data-col-size=\"sm\">ASTM D4607<\/td>\n<td data-col-size=\"xl\">Indique la capacit\u00e9 d'adsorption des micropores pour les mati\u00e8res organiques<\/td>\n<\/tr>\n<tr>\n<td data-col-size=\"lg\">CTC (t\u00e9trachlorure de carbone)<\/td>\n<td data-col-size=\"lg\">50 &#8211; 70%<\/td>\n<td data-col-size=\"sm\">ASTM D3467<\/td>\n<td data-col-size=\"xl\">Mesure l'efficacit\u00e9 de l'adsorption en phase vapeur<\/td>\n<\/tr>\n<tr>\n<td data-col-size=\"lg\">Surface (BET)<\/td>\n<td data-col-size=\"lg\">900 - 1200 m\u00b2\/g<\/td>\n<td data-col-size=\"sm\">ASTM D3663<\/td>\n<td data-col-size=\"xl\">Surface interne \u00e9lev\u00e9e pour une meilleure performance<\/td>\n<\/tr>\n<tr>\n<td data-col-size=\"lg\">Volume des pores<\/td>\n<td data-col-size=\"lg\">0,8 - 1,3 cc\/g<\/td>\n<td data-col-size=\"sm\">ASTM D4222<\/td>\n<td data-col-size=\"xl\">Macro\/m\u00e9so\/micropores \u00e9quilibr\u00e9s (90% macro\/m\u00e9so)<\/td>\n<\/tr>\n<tr>\n<td data-col-size=\"lg\">Densit\u00e9 en vrac<\/td>\n<td data-col-size=\"lg\">450 - 550 kg\/m\u00b3<\/td>\n<td data-col-size=\"sm\">ASTM D2854<\/td>\n<td data-col-size=\"xl\">Densit\u00e9 apparente ; lavage \u00e0 contre-courant : ~430 kg\/m\u00b3<\/td>\n<\/tr>\n<tr>\n<td data-col-size=\"lg\">Indice de duret\u00e9\/abrasion<\/td>\n<td data-col-size=\"lg\">\u226595%<\/td>\n<td data-col-size=\"sm\">ASTM D3802<\/td>\n<td data-col-size=\"xl\">Duret\u00e9 de la bille ; minimise l'attrition lors de l'utilisation<\/td>\n<\/tr>\n<tr>\n<td data-col-size=\"lg\">Teneur en cendres<\/td>\n<td data-col-size=\"lg\">\u22645 - 12%<\/td>\n<td data-col-size=\"sm\">ASTM D2866<\/td>\n<td data-col-size=\"xl\">Faible teneur en cendres pour la puret\u00e9, en particulier pour les applications dans le domaine de l'eau<\/td>\n<\/tr>\n<tr>\n<td data-col-size=\"lg\">Teneur en eau<\/td>\n<td data-col-size=\"lg\">\u22645%<\/td>\n<td data-col-size=\"sm\">ASTM D2867<\/td>\n<td data-col-size=\"xl\">Tel qu'emball\u00e9 ; assure la stabilit\u00e9 pendant le stockage<\/td>\n<\/tr>\n<tr>\n<td data-col-size=\"lg\">Valeur du pH<\/td>\n<td data-col-size=\"lg\">3.0 &#8211; 12.0<\/td>\n<td data-col-size=\"sm\">ASTM D3838<\/td>\n<td data-col-size=\"xl\">Neutre \u00e0 alcalin selon l'impr\u00e9gnation<\/td>\n<\/tr>\n<tr>\n<td data-col-size=\"lg\">Temp\u00e9rature d'allumage<\/td>\n<td data-col-size=\"lg\">&gt;400 - 450\u00b0C<\/td>\n<td data-col-size=\"sm\">ASTM D3466<\/td>\n<td data-col-size=\"xl\">Seuil de s\u00e9curit\u00e9 pour la manipulation<\/td>\n<\/tr>\n<\/tbody>\n<\/table>\n<p><a dir=\"auto\" style=\"display: inline-block; padding: 12px 28px; border-radius: 999px; background: #0067ff; color: #ffffff; font-size: 20px; font-weight: 600; text-decoration: none; cursor: pointer; \" href=\"mailto:info@yrdcarbon.com\">Obtenir des \u00e9chantillons de qualit\u00e9 gratuits pour les tester<\/a><\/p>\n<h2 dir=\"auto\">Applications<\/h2>\n<p dir=\"auto\">Le charbon actif en granul\u00e9s est polyvalent dans toutes les industries, tirant parti de sa structure robuste pour les syst\u00e8mes \u00e0 lit fixe et les syst\u00e8mes dynamiques :<\/p>\n<ul dir=\"auto\">\n<li><strong>Purification des gaz et de l'air<\/strong>: \u00c9limination des COV, H2S, siloxanes et odeurs provenant des \u00e9missions industrielles, du biogaz et des syst\u00e8mes de ventilation.<\/li>\n<li><strong>Traitement de l'eau et des eaux us\u00e9es<\/strong>: D\u00e9chloration, \u00e9limination des contaminants organiques et r\u00e9duction de la couleur et de l'odeur dans les eaux municipales, industrielles et de process.<\/li>\n<li><strong>R\u00e9cup\u00e9ration des solvants<\/strong>: Adsorption et r\u00e9g\u00e9n\u00e9ration dans le traitement chimique, les peintures et les op\u00e9rations d'impression.<\/li>\n<li><strong>Alimentation et boissons<\/strong>: D\u00e9coloration et purification dans le traitement du jus, du vin et du sucre.<\/li>\n<li><strong>Utilisations sp\u00e9cialis\u00e9es<\/strong>: Soutien aux catalyseurs, contr\u00f4le des vapeurs de mercure et traitement des gaz de combustion dans le domaine de l'ing\u00e9nierie environnementale.<\/li>\n<\/ul>\n<h2 dir=\"auto\">Normes de qualit\u00e9 et conformit\u00e9<\/h2>\n<ul dir=\"auto\">\n<li><strong>Normes d'essai<\/strong>: Conforme aux normes ASTM (par exemple, D2862 pour la taille des particules, D4607 pour l'indice d'iode) et ISO (par exemple, 21340 pour les propri\u00e9t\u00e9s).<\/li>\n<li><strong>Certifications<\/strong>: Compatible avec les produits alimentaires (ANSI\/NSF 61 pour l'eau potable), AWWA B604 pour le charbon actif en grains.<\/li>\n<li><strong>Conformit\u00e9 r\u00e9glementaire<\/strong>: Enregistr\u00e9 REACH, non dangereux selon OSHA et EU CLP ; pas de substances PBT\/vPvB.<\/li>\n<\/ul>\n<h2 dir=\"auto\">Emballage et stockage<\/h2>\n<ul dir=\"auto\">\n<li><strong>Emballage standard<\/strong>Les produits peuvent \u00eatre exp\u00e9di\u00e9s en sacs de 25 kg, en big bags de 500-1000 kg ou en vrac sur des palettes (cercl\u00e9es et emball\u00e9es sous film r\u00e9tractable).<\/li>\n<li><strong>Recommandations en mati\u00e8re de stockage<\/strong>: Stocker dans un endroit frais, sec et bien ventil\u00e9, \u00e0 l'abri des oxydants puissants et de la lumi\u00e8re directe du soleil. \u00c9viter le contact avec l'air ou les vapeurs organiques pour \u00e9viter une saturation pr\u00e9matur\u00e9e. Dur\u00e9e de conservation : Jusqu'\u00e0 2 ans dans des conditions appropri\u00e9es.<\/li>\n<\/ul>\n<h2 dir=\"auto\">S\u00e9curit\u00e9 et manipulation<\/h2>\n<ul dir=\"auto\">\n<li><strong>Risques<\/strong>: Poussi\u00e8re non dangereuse ; peut provoquer une irritation des yeux\/de la peau ou une rar\u00e9faction de l'oxyg\u00e8ne dans les espaces confin\u00e9s lorsqu'elle est humide. Temp\u00e9rature d'inflammation &gt;400\u00b0C.<\/li>\n<li><strong>EPI<\/strong>: Porter des gants, une protection oculaire et un masque respiratoire dans les zones poussi\u00e9reuses. \u00c9viter l'inhalation et le contact.<\/li>\n<li><strong>Premiers secours<\/strong>: Rincer les yeux\/la peau avec de l'eau ; consulter un m\u00e9decin si l'irritation persiste.<\/li>\n<li><strong>\u00c9limination<\/strong>: Non dangereux ; \u00e9liminer conform\u00e9ment aux r\u00e9glementations locales. Le charbon usag\u00e9 peut n\u00e9cessiter une classification en tant que d\u00e9chet dangereux en fonction des contaminants adsorb\u00e9s.<\/li>\n<\/ul>\n<p><a dir=\"auto\" style=\"display: inline-block; padding: 12px 28px; border-radius: 999px; background: #0067ff; color: #ffffff; font-size: 20px; font-weight: 600; text-decoration: none; cursor: pointer; \" href=\"mailto:info@yrdcarbon.com\">Obtenir des \u00e9chantillons de qualit\u00e9 gratuits pour les tester<\/a><\/p>","protected":false},"excerpt":{"rendered":"<p><a dir=\"auto\" style=\"display: inline-block; padding: 12px 28px; border-radius: 999px; background: #0067ff; color: #ffffff; font-size: 20px; font-weight: 600; text-decoration: none; cursor: pointer;\" href=\"mailto:info@yrdcarbon.com\">Obtenir des \u00e9chantillons de qualit\u00e9 gratuits pour les tester<\/a><\/p>\n<p dir=\"auto\">Le charbon actif en granul\u00e9s, \u00e9galement connu sous le nom de charbon actif en colonne ou extrud\u00e9, est un mat\u00e9riau adsorbant de haute performance con\u00e7u pour une purification efficace dans les applications en phase gazeuse et liquide. Fabriqu\u00e9 \u00e0 partir de mati\u00e8res premi\u00e8res de premi\u00e8re qualit\u00e9 telles que le charbon, le bois ou la coquille de noix de coco par des proc\u00e9d\u00e9s d'activation chimique ou \u00e0 la vapeur, il pr\u00e9sente une forme cylindrique qui garantit une faible perte de charge et une grande r\u00e9sistance m\u00e9canique. Ce produit est id\u00e9al pour les applications industrielles n\u00e9cessitant une \u00e9limination fiable des contaminants, en particulier des compos\u00e9s organiques volatils (COV), des odeurs et des impuret\u00e9s.<\/p>\n<p dir=\"auto\">Nos granul\u00e9s de charbon actif sont conformes aux normes internationales telles que ASTM et ISO, ce qui garantit une qualit\u00e9 constante sur les march\u00e9s mondiaux. Il est largement utilis\u00e9 dans la protection de l'environnement, le traitement de l'eau et les syst\u00e8mes de filtration de l'air.<\/p>\n<h2 dir=\"auto\">Principales caract\u00e9ristiques et avantages<\/h2>\n<ul dir=\"auto\">\n<li><strong>Capacit\u00e9 d'adsorption \u00e9lev\u00e9e<\/strong>: Structure des pores optimis\u00e9e pour une meilleure \u00e9limination des polluants organiques, des gaz et des odeurs.<\/li>\n<li><strong>Durabilit\u00e9<\/strong>: La duret\u00e9 \u00e9lev\u00e9e r\u00e9duit la formation de poussi\u00e8re et prolonge la dur\u00e9e de vie des syst\u00e8mes \u00e0 lit fixe.<\/li>\n<li><strong>Faible perte de charge<\/strong>: La forme uniforme des granul\u00e9s minimise la r\u00e9sistance \u00e0 l'\u00e9coulement, am\u00e9liorant ainsi l'efficacit\u00e9 du syst\u00e8me.<\/li>\n<li><strong>R\u00e9g\u00e9n\u00e9rabilit\u00e9<\/strong>: Convient \u00e0 la r\u00e9activation thermique, ce qui favorise les \u00e9conomies et la durabilit\u00e9.<\/li>\n<li><strong>Polyvalence<\/strong>: Disponibles en diff\u00e9rents diam\u00e8tres et impr\u00e9gnations pour des applications sur mesure, telles que l'\u00e9limination du H2S ou le contr\u00f4le du mercure.<\/li>\n<\/ul>\n<p>&nbsp;<\/p>","protected":false},"featured_media":1370,"template":"","meta":{"site-sidebar-layout":"default","site-content-layout":"","ast-site-content-layout":"default","site-content-style":"default","site-sidebar-style":"default","ast-global-header-display":"","ast-banner-title-visibility":"","ast-main-header-display":"","ast-hfb-above-header-display":"","ast-hfb-below-header-display":"","ast-hfb-mobile-header-display":"","site-post-title":"","ast-breadcrumbs-content":"","ast-featured-img":"","footer-sml-layout":"","ast-disable-related-posts":"","theme-transparent-header-meta":"default","adv-header-id-meta":"","stick-header-meta":"","header-above-stick-meta":"","header-main-stick-meta":"","header-below-stick-meta":"","astra-migrate-meta-layouts":"set","ast-page-background-enabled":"default","ast-page-background-meta":{"desktop":{"background-color":"var(--ast-global-color-4)","background-image":"","background-repeat":"repeat","background-position":"center center","background-size":"auto","background-attachment":"scroll","background-type":"","background-media":"","overlay-type":"","overlay-color":"","overlay-opacity":"","overlay-gradient":""},"tablet":{"background-color":"","background-image":"","background-repeat":"repeat","background-position":"center center","background-size":"auto","background-attachment":"scroll","background-type":"","background-media":"","overlay-type":"","overlay-color":"","overlay-opacity":"","overlay-gradient":""},"mobile":{"background-color":"","background-image":"","background-repeat":"repeat","background-position":"center center","background-size":"auto","background-attachment":"scroll","background-type":"","background-media":"","overlay-type":"","overlay-color":"","overlay-opacity":"","overlay-gradient":""}},"ast-content-background-meta":{"desktop":{"background-color":"var(--ast-global-color-5)","background-image":"","background-repeat":"repeat","background-position":"center center","background-size":"auto","background-attachment":"scroll","background-type":"","background-media":"","overlay-type":"","overlay-color":"","overlay-opacity":"","overlay-gradient":""},"tablet":{"background-color":"var(--ast-global-color-5)","background-image":"","background-repeat":"repeat","background-position":"center center","background-size":"auto","background-attachment":"scroll","background-type":"","background-media":"","overlay-type":"","overlay-color":"","overlay-opacity":"","overlay-gradient":""},"mobile":{"background-color":"var(--ast-global-color-5)","background-image":"","background-repeat":"repeat","background-position":"center center","background-size":"auto","background-attachment":"scroll","background-type":"","background-media":"","overlay-type":"","overlay-color":"","overlay-opacity":"","overlay-gradient":""}}},"product_brand":[],"product_cat":[15],"product_tag":[],"class_list":{"0":"post-1141","1":"product","2":"type-product","3":"status-publish","4":"has-post-thumbnail","6":"product_cat-activated-carbon-series","7":"desktop-align-left","8":"tablet-align-left","9":"mobile-align-left","11":"first","12":"instock","13":"shipping-taxable","14":"product-type-simple"},"yoast_head":"<!-- This site is optimized with the Yoast SEO Premium plugin v26.0 (Yoast SEO v27.4) - https:\/\/yoast.com\/product\/yoast-seo-premium-wordpress\/ -->\n<title>Columnar Activated Carbon<\/title>\n<meta name=\"description\" content=\"Durable columnar activated carbon for water, air and gas purification. High strength, low pressure drop, customizable sizes. YRD \u2013 reliable global supply.\" \/>\n<meta name=\"robots\" content=\"index, follow, max-snippet:-1, max-image-preview:large, max-video-preview:-1\" \/>\n<link rel=\"canonical\" href=\"https:\/\/yrdactivatedcarbon.com\/fr\/product\/charbon-actif-en-colonne\/\" \/>\n<meta property=\"og:locale\" content=\"fr_FR\" \/>\n<meta property=\"og:type\" content=\"article\" \/>\n<meta property=\"og:title\" content=\"Columnar Activated Carbon\" \/>\n<meta property=\"og:description\" content=\"Durable columnar activated carbon for water, air and gas purification. High strength, low pressure drop, customizable sizes. YRD \u2013 reliable global supply.\" \/>\n<meta property=\"og:url\" content=\"https:\/\/yrdactivatedcarbon.com\/fr\/product\/charbon-actif-en-colonne\/\" \/>\n<meta property=\"article:modified_time\" content=\"2025-12-03T09:44:47+00:00\" \/>\n<meta property=\"og:image\" content=\"http:\/\/yrdactivatedcarbon.com\/wp-content\/uploads\/2025\/10\/Columnar-Activated-Carbon.webp\" \/>\n\t<meta property=\"og:image:width\" content=\"1500\" \/>\n\t<meta property=\"og:image:height\" content=\"1500\" \/>\n\t<meta property=\"og:image:type\" content=\"image\/webp\" \/>\n<meta name=\"twitter:card\" content=\"summary_large_image\" \/>\n<meta name=\"twitter:label1\" content=\"Dur\u00e9e de lecture estim\u00e9e\" \/>\n\t<meta name=\"twitter:data1\" content=\"3 minutes\" \/>\n<script type=\"application\/ld+json\" class=\"yoast-schema-graph\">{\"@context\":\"https:\\\/\\\/schema.org\",\"@graph\":[{\"@type\":\"WebPage\",\"@id\":\"https:\\\/\\\/yrdactivatedcarbon.com\\\/product\\\/columnar-activated-carbon\\\/\",\"url\":\"https:\\\/\\\/yrdactivatedcarbon.com\\\/product\\\/columnar-activated-carbon\\\/\",\"name\":\"Columnar Activated Carbon\",\"isPartOf\":{\"@id\":\"https:\\\/\\\/yrdactivatedcarbon.com\\\/#website\"},\"primaryImageOfPage\":{\"@id\":\"https:\\\/\\\/yrdactivatedcarbon.com\\\/product\\\/columnar-activated-carbon\\\/#primaryimage\"},\"image\":{\"@id\":\"https:\\\/\\\/yrdactivatedcarbon.com\\\/product\\\/columnar-activated-carbon\\\/#primaryimage\"},\"thumbnailUrl\":\"https:\\\/\\\/yrdactivatedcarbon.com\\\/wp-content\\\/uploads\\\/2025\\\/10\\\/Columnar-Activated-Carbon.webp\",\"datePublished\":\"2025-10-17T09:11:37+00:00\",\"dateModified\":\"2025-12-03T09:44:47+00:00\",\"description\":\"Durable columnar activated carbon for water, air and gas purification. High strength, low pressure drop, customizable sizes. YRD \u2013 reliable global supply.\",\"breadcrumb\":{\"@id\":\"https:\\\/\\\/yrdactivatedcarbon.com\\\/product\\\/columnar-activated-carbon\\\/#breadcrumb\"},\"inLanguage\":\"fr-FR\",\"potentialAction\":[{\"@type\":\"ReadAction\",\"target\":[\"https:\\\/\\\/yrdactivatedcarbon.com\\\/product\\\/columnar-activated-carbon\\\/\"]}]},{\"@type\":\"ImageObject\",\"inLanguage\":\"fr-FR\",\"@id\":\"https:\\\/\\\/yrdactivatedcarbon.com\\\/product\\\/columnar-activated-carbon\\\/#primaryimage\",\"url\":\"https:\\\/\\\/yrdactivatedcarbon.com\\\/wp-content\\\/uploads\\\/2025\\\/10\\\/Columnar-Activated-Carbon.webp\",\"contentUrl\":\"https:\\\/\\\/yrdactivatedcarbon.com\\\/wp-content\\\/uploads\\\/2025\\\/10\\\/Columnar-Activated-Carbon.webp\",\"width\":1500,\"height\":1500},{\"@type\":\"BreadcrumbList\",\"@id\":\"https:\\\/\\\/yrdactivatedcarbon.com\\\/product\\\/columnar-activated-carbon\\\/#breadcrumb\",\"itemListElement\":[{\"@type\":\"ListItem\",\"position\":1,\"name\":\"\u9996\u9875\",\"item\":\"https:\\\/\\\/yrdactivatedcarbon.com\\\/\"},{\"@type\":\"ListItem\",\"position\":2,\"name\":\"Products\",\"item\":\"https:\\\/\\\/yrdactivatedcarbon.com\\\/shop__trashed\\\/\"},{\"@type\":\"ListItem\",\"position\":3,\"name\":\"Columnar Activated Carbon\"}]},{\"@type\":\"WebSite\",\"@id\":\"https:\\\/\\\/yrdactivatedcarbon.com\\\/#website\",\"url\":\"https:\\\/\\\/yrdactivatedcarbon.com\\\/\",\"name\":\"\",\"description\":\"\",\"publisher\":{\"@id\":\"https:\\\/\\\/yrdactivatedcarbon.com\\\/#\\\/schema\\\/person\\\/581e0ef9031155afdeefbcd492460987\"},\"potentialAction\":[{\"@type\":\"SearchAction\",\"target\":{\"@type\":\"EntryPoint\",\"urlTemplate\":\"https:\\\/\\\/yrdactivatedcarbon.com\\\/?s={search_term_string}\"},\"query-input\":{\"@type\":\"PropertyValueSpecification\",\"valueRequired\":true,\"valueName\":\"search_term_string\"}}],\"inLanguage\":\"fr-FR\"},{\"@type\":[\"Person\",\"Organization\"],\"@id\":\"https:\\\/\\\/yrdactivatedcarbon.com\\\/#\\\/schema\\\/person\\\/581e0ef9031155afdeefbcd492460987\",\"name\":\"Admin\",\"image\":{\"@type\":\"ImageObject\",\"inLanguage\":\"fr-FR\",\"@id\":\"https:\\\/\\\/yrdactivatedcarbon.com\\\/wp-content\\\/uploads\\\/2025\\\/10\\\/cropped-cropped-cropped-cropped-cropped-Gemini_Generated_Image_csnat5csnat5csna-removebg-preview.png\",\"url\":\"https:\\\/\\\/yrdactivatedcarbon.com\\\/wp-content\\\/uploads\\\/2025\\\/10\\\/cropped-cropped-cropped-cropped-cropped-Gemini_Generated_Image_csnat5csnat5csna-removebg-preview.png\",\"contentUrl\":\"https:\\\/\\\/yrdactivatedcarbon.com\\\/wp-content\\\/uploads\\\/2025\\\/10\\\/cropped-cropped-cropped-cropped-cropped-Gemini_Generated_Image_csnat5csnat5csna-removebg-preview.png\",\"width\":304,\"height\":88,\"caption\":\"Admin\"},\"logo\":{\"@id\":\"https:\\\/\\\/yrdactivatedcarbon.com\\\/wp-content\\\/uploads\\\/2025\\\/10\\\/cropped-cropped-cropped-cropped-cropped-Gemini_Generated_Image_csnat5csnat5csna-removebg-preview.png\"},\"sameAs\":[\"https:\\\/\\\/yrdactivatedcarbon.com\"],\"publishingPrinciples\":\"https:\\\/\\\/yrdactivatedcarbon.com\\\/\",\"ownershipFundingInfo\":\"https:\\\/\\\/yrdactivatedcarbon.com\\\/\"}]}<\/script>\n<!-- \/ Yoast SEO Premium plugin. -->","yoast_head_json":{"title":"Charbon actif en colonne","description":"Charbon actif en colonne durable pour la purification de l'eau, de l'air et des gaz. Haute r\u00e9sistance, faible perte de charge, tailles personnalisables. YRD - approvisionnement mondial fiable.","robots":{"index":"index","follow":"follow","max-snippet":"max-snippet:-1","max-image-preview":"max-image-preview:large","max-video-preview":"max-video-preview:-1"},"canonical":"https:\/\/yrdactivatedcarbon.com\/fr\/product\/charbon-actif-en-colonne\/","og_locale":"fr_FR","og_type":"article","og_title":"Columnar Activated Carbon","og_description":"Durable columnar activated carbon for water, air and gas purification. High strength, low pressure drop, customizable sizes. YRD \u2013 reliable global supply.","og_url":"https:\/\/yrdactivatedcarbon.com\/fr\/product\/charbon-actif-en-colonne\/","article_modified_time":"2025-12-03T09:44:47+00:00","og_image":[{"width":1500,"height":1500,"url":"http:\/\/yrdactivatedcarbon.com\/wp-content\/uploads\/2025\/10\/Columnar-Activated-Carbon.webp","type":"image\/webp"}],"twitter_card":"summary_large_image","twitter_misc":{"Dur\u00e9e de lecture estim\u00e9e":"3 minutes"},"schema":{"@context":"https:\/\/schema.org","@graph":[{"@type":"WebPage","@id":"https:\/\/yrdactivatedcarbon.com\/product\/columnar-activated-carbon\/","url":"https:\/\/yrdactivatedcarbon.com\/product\/columnar-activated-carbon\/","name":"Charbon actif en colonne","isPartOf":{"@id":"https:\/\/yrdactivatedcarbon.com\/#website"},"primaryImageOfPage":{"@id":"https:\/\/yrdactivatedcarbon.com\/product\/columnar-activated-carbon\/#primaryimage"},"image":{"@id":"https:\/\/yrdactivatedcarbon.com\/product\/columnar-activated-carbon\/#primaryimage"},"thumbnailUrl":"https:\/\/yrdactivatedcarbon.com\/wp-content\/uploads\/2025\/10\/Columnar-Activated-Carbon.webp","datePublished":"2025-10-17T09:11:37+00:00","dateModified":"2025-12-03T09:44:47+00:00","description":"Charbon actif en colonne durable pour la purification de l'eau, de l'air et des gaz. Haute r\u00e9sistance, faible perte de charge, tailles personnalisables. YRD - approvisionnement mondial fiable.","breadcrumb":{"@id":"https:\/\/yrdactivatedcarbon.com\/product\/columnar-activated-carbon\/#breadcrumb"},"inLanguage":"fr-FR","potentialAction":[{"@type":"ReadAction","target":["https:\/\/yrdactivatedcarbon.com\/product\/columnar-activated-carbon\/"]}]},{"@type":"ImageObject","inLanguage":"fr-FR","@id":"https:\/\/yrdactivatedcarbon.com\/product\/columnar-activated-carbon\/#primaryimage","url":"https:\/\/yrdactivatedcarbon.com\/wp-content\/uploads\/2025\/10\/Columnar-Activated-Carbon.webp","contentUrl":"https:\/\/yrdactivatedcarbon.com\/wp-content\/uploads\/2025\/10\/Columnar-Activated-Carbon.webp","width":1500,"height":1500},{"@type":"BreadcrumbList","@id":"https:\/\/yrdactivatedcarbon.com\/product\/columnar-activated-carbon\/#breadcrumb","itemListElement":[{"@type":"ListItem","position":1,"name":"\u9996\u9875","item":"https:\/\/yrdactivatedcarbon.com\/"},{"@type":"ListItem","position":2,"name":"Products","item":"https:\/\/yrdactivatedcarbon.com\/shop__trashed\/"},{"@type":"ListItem","position":3,"name":"Columnar Activated Carbon"}]},{"@type":"WebSite","@id":"https:\/\/yrdactivatedcarbon.com\/#website","url":"https:\/\/yrdactivatedcarbon.com\/","name":"","description":"","publisher":{"@id":"https:\/\/yrdactivatedcarbon.com\/#\/schema\/person\/581e0ef9031155afdeefbcd492460987"},"potentialAction":[{"@type":"SearchAction","target":{"@type":"EntryPoint","urlTemplate":"https:\/\/yrdactivatedcarbon.com\/?s={search_term_string}"},"query-input":{"@type":"PropertyValueSpecification","valueRequired":true,"valueName":"search_term_string"}}],"inLanguage":"fr-FR"},{"@type":["Person","Organization"],"@id":"https:\/\/yrdactivatedcarbon.com\/#\/schema\/person\/581e0ef9031155afdeefbcd492460987","name":"Admin","image":{"@type":"ImageObject","inLanguage":"fr-FR","@id":"https:\/\/yrdactivatedcarbon.com\/wp-content\/uploads\/2025\/10\/cropped-cropped-cropped-cropped-cropped-Gemini_Generated_Image_csnat5csnat5csna-removebg-preview.png","url":"https:\/\/yrdactivatedcarbon.com\/wp-content\/uploads\/2025\/10\/cropped-cropped-cropped-cropped-cropped-Gemini_Generated_Image_csnat5csnat5csna-removebg-preview.png","contentUrl":"https:\/\/yrdactivatedcarbon.com\/wp-content\/uploads\/2025\/10\/cropped-cropped-cropped-cropped-cropped-Gemini_Generated_Image_csnat5csnat5csna-removebg-preview.png","width":304,"height":88,"caption":"Admin"},"logo":{"@id":"https:\/\/yrdactivatedcarbon.com\/wp-content\/uploads\/2025\/10\/cropped-cropped-cropped-cropped-cropped-Gemini_Generated_Image_csnat5csnat5csna-removebg-preview.png"},"sameAs":["https:\/\/yrdactivatedcarbon.com"],"publishingPrinciples":"https:\/\/yrdactivatedcarbon.com\/","ownershipFundingInfo":"https:\/\/yrdactivatedcarbon.com\/"}]}},"_links":{"self":[{"href":"https:\/\/yrdactivatedcarbon.com\/fr\/wp-json\/wp\/v2\/product\/1141","targetHints":{"allow":["GET"]}}],"collection":[{"href":"https:\/\/yrdactivatedcarbon.com\/fr\/wp-json\/wp\/v2\/product"}],"about":[{"href":"https:\/\/yrdactivatedcarbon.com\/fr\/wp-json\/wp\/v2\/types\/product"}],"version-history":[{"count":4,"href":"https:\/\/yrdactivatedcarbon.com\/fr\/wp-json\/wp\/v2\/product\/1141\/revisions"}],"predecessor-version":[{"id":1371,"href":"https:\/\/yrdactivatedcarbon.com\/fr\/wp-json\/wp\/v2\/product\/1141\/revisions\/1371"}],"wp:featuredmedia":[{"embeddable":true,"href":"https:\/\/yrdactivatedcarbon.com\/fr\/wp-json\/wp\/v2\/media\/1370"}],"wp:attachment":[{"href":"https:\/\/yrdactivatedcarbon.com\/fr\/wp-json\/wp\/v2\/media?parent=1141"}],"wp:term":[{"taxonomy":"product_brand","embeddable":true,"href":"https:\/\/yrdactivatedcarbon.com\/fr\/wp-json\/wp\/v2\/product_brand?post=1141"},{"taxonomy":"product_cat","embeddable":true,"href":"https:\/\/yrdactivatedcarbon.com\/fr\/wp-json\/wp\/v2\/product_cat?post=1141"},{"taxonomy":"product_tag","embeddable":true,"href":"https:\/\/yrdactivatedcarbon.com\/fr\/wp-json\/wp\/v2\/product_tag?post=1141"}],"curies":[{"name":"wp","href":"https:\/\/api.w.org\/{rel}","templated":true}]}}