{"id":1149,"date":"2025-10-17T17:13:05","date_gmt":"2025-10-17T09:13:05","guid":{"rendered":"https:\/\/yrdactivatedcarbon.com\/?post_type=product&#038;p=1149"},"modified":"2025-12-03T17:41:15","modified_gmt":"2025-12-03T09:41:15","slug":"medias-filtrants-en-grenat","status":"publish","type":"product","link":"https:\/\/yrdactivatedcarbon.com\/fr\/product\/medias-filtrants-en-grenat\/","title":{"rendered":"M\u00e9dia filtrant grenat"},"content":{"rendered":"<h2 dir=\"auto\">Sp\u00e9cifications techniques<\/h2>\n<p dir=\"auto\">Le tableau suivant pr\u00e9sente les principales propri\u00e9t\u00e9s physiques et chimiques de nos m\u00e9dias filtrants en grenat. Les valeurs sont bas\u00e9es sur des r\u00e9sultats d'essais typiques ; des sp\u00e9cifications garanties sont disponibles sur demande. Toutes les donn\u00e9es ont \u00e9t\u00e9 v\u00e9rifi\u00e9es par des analyses de laboratoire ind\u00e9pendantes afin d'en assurer la coh\u00e9rence.<\/p>\n<table>\n<thead>\n<tr>\n<th data-col-size=\"md\">Propri\u00e9t\u00e9<\/th>\n<th data-col-size=\"lg\">Valeur typique<\/th>\n<th data-col-size=\"lg\">M\u00e9thode d'essai\/Notes<\/th>\n<\/tr>\n<\/thead>\n<tbody>\n<tr>\n<td data-col-size=\"md\">Type<\/td>\n<td data-col-size=\"lg\">Grenat almandite<\/td>\n<td data-col-size=\"lg\">Min\u00e9ral naturel, syst\u00e8me cristallin cubique<\/td>\n<\/tr>\n<tr>\n<td data-col-size=\"md\">Couleur<\/td>\n<td data-col-size=\"lg\">De couleur fauve clair \u00e0 rouge-violet<\/td>\n<td data-col-size=\"lg\">Inspection visuelle<\/td>\n<\/tr>\n<tr>\n<td data-col-size=\"md\">Duret\u00e9<\/td>\n<td data-col-size=\"lg\">7,0 - 8,0 Mohs<\/td>\n<td data-col-size=\"lg\">\u00c9chelle de Mohs ; assure la durabilit\u00e9 dans les environnements \u00e0 haut d\u00e9bit<\/td>\n<\/tr>\n<tr>\n<td data-col-size=\"md\">Gravit\u00e9 sp\u00e9cifique<\/td>\n<td data-col-size=\"lg\">&gt;4.0<\/td>\n<td data-col-size=\"lg\">Densit\u00e9 \u00e9lev\u00e9e pour une superposition efficace dans les filtres multim\u00e9dias<\/td>\n<\/tr>\n<tr>\n<td data-col-size=\"md\">Densit\u00e9 en vrac<\/td>\n<td data-col-size=\"lg\">126 - 140 lbs\/ft\u00b3 (2,020 - 2,240 kg\/m\u00b3)<\/td>\n<td data-col-size=\"lg\">Favorise la formation d'un lit filtrant stable<\/td>\n<\/tr>\n<tr>\n<td data-col-size=\"md\">Taille effective<\/td>\n<td data-col-size=\"lg\">0,15 - 0,35 mm (#30-40) ou 0,3 mm (#8-12)<\/td>\n<td data-col-size=\"lg\">Classification personnalis\u00e9e disponible ; filtre jusqu'\u00e0 5-20 microns<\/td>\n<\/tr>\n<tr>\n<td data-col-size=\"md\">Coefficient d'uniformit\u00e9 (CU)<\/td>\n<td data-col-size=\"lg\">&lt;1.5 - 1.6<\/td>\n<td data-col-size=\"lg\">Assure un \u00e9coulement uniforme et une canalisation minimale<\/td>\n<\/tr>\n<tr>\n<td data-col-size=\"md\">Solubilit\u00e9 dans l'acide<\/td>\n<td data-col-size=\"lg\">&lt;1,0%<\/td>\n<td data-col-size=\"lg\">Test HCl ; chimiquement stable dans des conditions acides<\/td>\n<\/tr>\n<tr>\n<td data-col-size=\"md\">Composition chimique<\/td>\n<td data-col-size=\"lg\">SiO\u2082 : 35-38% Al\u2082O\u2083 : 20-25% Fe\u2082O\u2083 : 30-35% MgO : &lt;1% Autre : Trace<\/td>\n<td data-col-size=\"lg\">Analyse XRF ; peu d'impuret\u00e9s pour un contact s\u00fbr avec l'eau<\/td>\n<\/tr>\n<tr>\n<td data-col-size=\"md\">Tailles de maille disponibles<\/td>\n<td data-col-size=\"lg\">#8-12, #30-40, sur mesure<\/td>\n<td data-col-size=\"lg\">Analyse granulom\u00e9trique selon ASTM E11<\/td>\n<\/tr>\n<tr>\n<td data-col-size=\"md\">Emballage<\/td>\n<td data-col-size=\"lg\">Sacs de 50 livres, super-sacs de 1 tonne<\/td>\n<td data-col-size=\"lg\">Emballage d'exportation standard pour l'exp\u00e9dition internationale<\/td>\n<\/tr>\n<\/tbody>\n<\/table>\n<p><a dir=\"auto\" style=\"display: inline-block; padding: 12px 28px; border-radius: 999px; background: #0067ff; color: #ffffff; font-size: 20px; font-weight: 600; text-decoration: none; cursor: pointer; \" href=\"mailto:info@yrdcarbon.com\">Obtenir des \u00e9chantillons de qualit\u00e9 gratuits pour les tester<\/a><\/p>\n<h2 dir=\"auto\">Applications<\/h2>\n<p dir=\"auto\">Le m\u00e9dia filtrant grenat est polyvalent et largement utilis\u00e9 dans les processus de traitement de l'eau o\u00f9 la filtration fine est essentielle. Son poids sp\u00e9cifique \u00e9lev\u00e9 lui permet de former une couche inf\u00e9rieure stable dans les installations multim\u00e9dias, en compl\u00e9ment de l'anthracite, du sable et du gravier pour une \u00e9limination optimale de la turbidit\u00e9.<\/p>\n<p dir=\"auto\">Les principales applications sont les suivantes :<\/p>\n<ul dir=\"auto\">\n<li><strong>Traitement des eaux municipales :<\/strong> Pr\u00e9filtration pour les usines d'eau potable afin de r\u00e9duire les solides en suspension et d'am\u00e9liorer la clart\u00e9.<\/li>\n<li><strong>Filtration des eaux us\u00e9es industrielles :<\/strong> \u00c9limination des particules fines dans les op\u00e9rations de fabrication, d'exploitation mini\u00e8re, de p\u00e9trole et de gaz.<\/li>\n<li><strong>Dessalement et pr\u00e9traitement par osmose inverse :<\/strong> Prot\u00e8ge les membranes en capturant les microparticules dans les aliments \u00e0 forte turbidit\u00e9.<\/li>\n<li><strong>Syst\u00e8mes de piscines et d'aquaculture :<\/strong> Maintient la qualit\u00e9 de l'eau en filtrant les d\u00e9bris et les algues.<\/li>\n<li><strong>Environnements \u00e0 forte turbidit\u00e9 :<\/strong> Efficace pour l'\u00e9puration des eaux de ruissellement des chantiers de construction ou des eaux de rivi\u00e8re pour une r\u00e9duction des MES jusqu'\u00e0 5 microns.<\/li>\n<\/ul>\n<h2 dir=\"auto\">Avantages<\/h2>\n<p dir=\"auto\">Compar\u00e9 aux m\u00e9dias filtrants traditionnels tels que le sable de silice, notre grenat offre des performances sup\u00e9rieures pour les march\u00e9s internationaux exigeants :<\/p>\n<ul dir=\"auto\">\n<li><strong>Efficacit\u00e9 de filtration accrue :<\/strong> Capture les particules les plus fines (10-20 microns) avec une p\u00e9n\u00e9tration plus profonde du lit, ce qui r\u00e9duit le nombre de passages dans le filtre et l'utilisation de l'eau de lavage \u00e0 contre-courant.<\/li>\n<li><strong>Durabilit\u00e9 et long\u00e9vit\u00e9 :<\/strong> La duret\u00e9 \u00e9lev\u00e9e et la r\u00e9sistance \u00e0 l'abrasion minimisent la perte de m\u00e9dia au fil du temps, r\u00e9duisant ainsi les co\u00fbts de remplacement.<\/li>\n<li><strong>Inertie chimique :<\/strong> R\u00e9sistant aux acides et aux alcalis, il n'y a pas de lixiviation dans les eaux trait\u00e9es.<\/li>\n<li><strong>\u00c9conomies op\u00e9rationnelles :<\/strong> La densit\u00e9 plus \u00e9lev\u00e9e r\u00e9duit l'expansion du lit pendant le lavage \u00e0 contre-courant, ce qui permet d'augmenter les d\u00e9bits et l'efficacit\u00e9 \u00e9nerg\u00e9tique.<\/li>\n<li><strong>Avantages pour l'environnement :<\/strong> Alternative d'origine naturelle, recyclable et sans silice pour r\u00e9duire les risques sanitaires li\u00e9s \u00e0 la silicose.<\/li>\n<\/ul>\n<h2 dir=\"auto\">Informations sur la conformit\u00e9<\/h2>\n<p dir=\"auto\">Nos m\u00e9dias filtrants en grenat respectent des normes internationales strictes pour garantir la s\u00e9curit\u00e9, la qualit\u00e9 et la pr\u00e9paration \u00e0 l'exportation :<\/p>\n<ul dir=\"auto\">\n<li><strong>Normes industrielles :<\/strong> Conforme \u00e0 la norme AWWA B100-16 pour les m\u00e9dias filtrants granulaires, \u00e0 la norme ASTM E11 pour l'analyse granulom\u00e9trique et \u00e0 la norme EN 12904 pour les mat\u00e9riaux de traitement de l'eau.<\/li>\n<li><strong>Certifications :<\/strong> Certifi\u00e9 NSF\/ANSI\/CAN 61 pour le contact avec l'eau potable ; ISO 9001 pour la gestion de la qualit\u00e9.<\/li>\n<li><strong>S\u00e9curit\u00e9 et manipulation :<\/strong> Non dangereux selon OSHA ; utiliser des masques anti-poussi\u00e8re lors de la manipulation pour \u00e9viter l'inhalation. FDS disponible sur demande.<\/li>\n<li><strong>Conformit\u00e9 environnementale :<\/strong> Faible impact sur l'environnement ; extraction durable avec un minimum de traitement. Conforme \u00e0 la directive RoHS ; pas de m\u00e9taux lourds au-dessus des niveaux de traces.<\/li>\n<li><strong>Documentation d'exportation :<\/strong> Respect total des r\u00e9glementations commerciales internationales, y compris les certificats d'origine, la fumigation et les certificats phytosanitaires, le cas \u00e9ch\u00e9ant.<\/li>\n<\/ul>\n<p dir=\"auto\">Pour obtenir des rapports de test sp\u00e9cifiques \u00e0 un lot ou une documentation de conformit\u00e9 personnalis\u00e9e, contactez notre \u00e9quipe d'exportation.<\/p>\n<p><a dir=\"auto\" style=\"display: inline-block; padding: 12px 28px; border-radius: 999px; background: #0067ff; color: #ffffff; font-size: 20px; font-weight: 600; text-decoration: none; cursor: pointer; \" href=\"mailto:info@yrdcarbon.com\">Obtenir des \u00e9chantillons de qualit\u00e9 gratuits pour les tester<\/a><\/p>","protected":false},"excerpt":{"rendered":"<p><a dir=\"auto\" style=\"display: inline-block; padding: 12px 28px; border-radius: 999px; background: #0067ff; color: #ffffff; font-size: 20px; font-weight: 600; text-decoration: none; cursor: pointer;\" href=\"mailto:info@yrdcarbon.com\">Obtenir des \u00e9chantillons de qualit\u00e9 gratuits pour les tester<\/a><\/p>\n<p dir=\"auto\">Notre m\u00e9dia filtrant Premium Almandite Garnet est un mat\u00e9riau de filtration granulaire de haute duret\u00e9 et de haute densit\u00e9 con\u00e7u pour des performances sup\u00e9rieures dans les syst\u00e8mes de traitement de l'eau multi-m\u00e9dias.<\/p>\n<p dir=\"auto\">Issu de d\u00e9p\u00f4ts de grenat d'almandite de haute puret\u00e9, ce m\u00e9dia filtrant excelle en tant que couche inf\u00e9rieure dans les lits de filtration \u00e0 flux descendant, capturant efficacement les particules fines jusqu'\u00e0 10-20 microns tout en maintenant la stabilit\u00e9 du lit pendant le lavage \u00e0 contre-courant.<\/p>\n<p dir=\"auto\">Gr\u00e2ce \u00e0 sa structure granulaire angulaire et \u00e0 son inertie chimique, il offre une filtration fiable et durable pour diverses applications industrielles et municipales, garantissant une eau plus claire et des co\u00fbts d'exploitation r\u00e9duits.<\/p>\n<p dir=\"auto\">","protected":false},"featured_media":1390,"template":"","meta":{"site-sidebar-layout":"default","site-content-layout":"","ast-site-content-layout":"default","site-content-style":"default","site-sidebar-style":"default","ast-global-header-display":"","ast-banner-title-visibility":"","ast-main-header-display":"","ast-hfb-above-header-display":"","ast-hfb-below-header-display":"","ast-hfb-mobile-header-display":"","site-post-title":"","ast-breadcrumbs-content":"","ast-featured-img":"","footer-sml-layout":"","ast-disable-related-posts":"","theme-transparent-header-meta":"default","adv-header-id-meta":"","stick-header-meta":"","header-above-stick-meta":"","header-main-stick-meta":"","header-below-stick-meta":"","astra-migrate-meta-layouts":"set","ast-page-background-enabled":"default","ast-page-background-meta":{"desktop":{"background-color":"var(--ast-global-color-4)","background-image":"","background-repeat":"repeat","background-position":"center center","background-size":"auto","background-attachment":"scroll","background-type":"","background-media":"","overlay-type":"","overlay-color":"","overlay-opacity":"","overlay-gradient":""},"tablet":{"background-color":"","background-image":"","background-repeat":"repeat","background-position":"center center","background-size":"auto","background-attachment":"scroll","background-type":"","background-media":"","overlay-type":"","overlay-color":"","overlay-opacity":"","overlay-gradient":""},"mobile":{"background-color":"","background-image":"","background-repeat":"repeat","background-position":"center center","background-size":"auto","background-attachment":"scroll","background-type":"","background-media":"","overlay-type":"","overlay-color":"","overlay-opacity":"","overlay-gradient":""}},"ast-content-background-meta":{"desktop":{"background-color":"var(--ast-global-color-5)","background-image":"","background-repeat":"repeat","background-position":"center center","background-size":"auto","background-attachment":"scroll","background-type":"","background-media":"","overlay-type":"","overlay-color":"","overlay-opacity":"","overlay-gradient":""},"tablet":{"background-color":"var(--ast-global-color-5)","background-image":"","background-repeat":"repeat","background-position":"center center","background-size":"auto","background-attachment":"scroll","background-type":"","background-media":"","overlay-type":"","overlay-color":"","overlay-opacity":"","overlay-gradient":""},"mobile":{"background-color":"var(--ast-global-color-5)","background-image":"","background-repeat":"repeat","background-position":"center center","background-size":"auto","background-attachment":"scroll","background-type":"","background-media":"","overlay-type":"","overlay-color":"","overlay-opacity":"","overlay-gradient":""}}},"product_brand":[],"product_cat":[32],"product_tag":[],"class_list":{"0":"post-1149","1":"product","2":"type-product","3":"status-publish","4":"has-post-thumbnail","6":"product_cat-filter-materials-series","7":"desktop-align-left","8":"tablet-align-left","9":"mobile-align-left","11":"first","12":"instock","13":"featured","14":"shipping-taxable","15":"product-type-simple"},"yoast_head":"<!-- This site is optimized with the Yoast SEO Premium plugin v26.0 (Yoast SEO v27.4) - https:\/\/yoast.com\/product\/yoast-seo-premium-wordpress\/ -->\n<title>Garnet Filter Media -<\/title>\n<meta name=\"description\" content=\"Garnet filter media with customizable sizes for support beds in industrial filtration systems. High hardness, chemical-inert, global delivery by YRD Activated Carbon \u2014 request a quote.\" \/>\n<meta name=\"robots\" content=\"index, follow, max-snippet:-1, max-image-preview:large, max-video-preview:-1\" \/>\n<link rel=\"canonical\" href=\"https:\/\/yrdactivatedcarbon.com\/fr\/product\/medias-filtrants-en-grenat\/\" \/>\n<meta property=\"og:locale\" content=\"fr_FR\" \/>\n<meta property=\"og:type\" content=\"article\" \/>\n<meta property=\"og:title\" content=\"Garnet Filter Media\" \/>\n<meta property=\"og:description\" content=\"Garnet filter media with customizable sizes for support beds in industrial filtration systems. High hardness, chemical-inert, global delivery by YRD Activated Carbon \u2014 request a quote.\" \/>\n<meta property=\"og:url\" content=\"https:\/\/yrdactivatedcarbon.com\/fr\/product\/medias-filtrants-en-grenat\/\" \/>\n<meta property=\"article:modified_time\" content=\"2025-12-03T09:41:15+00:00\" \/>\n<meta property=\"og:image\" content=\"http:\/\/yrdactivatedcarbon.com\/wp-content\/uploads\/2025\/10\/Garnet-Filter-Media.jpg\" \/>\n\t<meta property=\"og:image:width\" content=\"1426\" \/>\n\t<meta property=\"og:image:height\" content=\"1500\" \/>\n\t<meta property=\"og:image:type\" content=\"image\/jpeg\" \/>\n<meta name=\"twitter:card\" content=\"summary_large_image\" \/>\n<meta name=\"twitter:label1\" content=\"Dur\u00e9e de lecture estim\u00e9e\" \/>\n\t<meta name=\"twitter:data1\" content=\"3 minutes\" \/>\n<script type=\"application\/ld+json\" class=\"yoast-schema-graph\">{\"@context\":\"https:\\\/\\\/schema.org\",\"@graph\":[{\"@type\":\"WebPage\",\"@id\":\"https:\\\/\\\/yrdactivatedcarbon.com\\\/product\\\/garnet-filter-media\\\/\",\"url\":\"https:\\\/\\\/yrdactivatedcarbon.com\\\/product\\\/garnet-filter-media\\\/\",\"name\":\"Garnet Filter Media -\",\"isPartOf\":{\"@id\":\"https:\\\/\\\/yrdactivatedcarbon.com\\\/#website\"},\"primaryImageOfPage\":{\"@id\":\"https:\\\/\\\/yrdactivatedcarbon.com\\\/product\\\/garnet-filter-media\\\/#primaryimage\"},\"image\":{\"@id\":\"https:\\\/\\\/yrdactivatedcarbon.com\\\/product\\\/garnet-filter-media\\\/#primaryimage\"},\"thumbnailUrl\":\"https:\\\/\\\/yrdactivatedcarbon.com\\\/wp-content\\\/uploads\\\/2025\\\/10\\\/Garnet-Filter-Media.jpg\",\"datePublished\":\"2025-10-17T09:13:05+00:00\",\"dateModified\":\"2025-12-03T09:41:15+00:00\",\"description\":\"Garnet filter media with customizable sizes for support beds in industrial filtration systems. High hardness, chemical-inert, global delivery by YRD Activated Carbon \u2014 request a quote.\",\"breadcrumb\":{\"@id\":\"https:\\\/\\\/yrdactivatedcarbon.com\\\/product\\\/garnet-filter-media\\\/#breadcrumb\"},\"inLanguage\":\"fr-FR\",\"potentialAction\":[{\"@type\":\"ReadAction\",\"target\":[\"https:\\\/\\\/yrdactivatedcarbon.com\\\/product\\\/garnet-filter-media\\\/\"]}]},{\"@type\":\"ImageObject\",\"inLanguage\":\"fr-FR\",\"@id\":\"https:\\\/\\\/yrdactivatedcarbon.com\\\/product\\\/garnet-filter-media\\\/#primaryimage\",\"url\":\"https:\\\/\\\/yrdactivatedcarbon.com\\\/wp-content\\\/uploads\\\/2025\\\/10\\\/Garnet-Filter-Media.jpg\",\"contentUrl\":\"https:\\\/\\\/yrdactivatedcarbon.com\\\/wp-content\\\/uploads\\\/2025\\\/10\\\/Garnet-Filter-Media.jpg\",\"width\":1426,\"height\":1500},{\"@type\":\"BreadcrumbList\",\"@id\":\"https:\\\/\\\/yrdactivatedcarbon.com\\\/product\\\/garnet-filter-media\\\/#breadcrumb\",\"itemListElement\":[{\"@type\":\"ListItem\",\"position\":1,\"name\":\"\u9996\u9875\",\"item\":\"https:\\\/\\\/yrdactivatedcarbon.com\\\/\"},{\"@type\":\"ListItem\",\"position\":2,\"name\":\"Products\",\"item\":\"https:\\\/\\\/yrdactivatedcarbon.com\\\/shop__trashed\\\/\"},{\"@type\":\"ListItem\",\"position\":3,\"name\":\"Garnet Filter Media\"}]},{\"@type\":\"WebSite\",\"@id\":\"https:\\\/\\\/yrdactivatedcarbon.com\\\/#website\",\"url\":\"https:\\\/\\\/yrdactivatedcarbon.com\\\/\",\"name\":\"\",\"description\":\"\",\"publisher\":{\"@id\":\"https:\\\/\\\/yrdactivatedcarbon.com\\\/#\\\/schema\\\/person\\\/581e0ef9031155afdeefbcd492460987\"},\"potentialAction\":[{\"@type\":\"SearchAction\",\"target\":{\"@type\":\"EntryPoint\",\"urlTemplate\":\"https:\\\/\\\/yrdactivatedcarbon.com\\\/?s={search_term_string}\"},\"query-input\":{\"@type\":\"PropertyValueSpecification\",\"valueRequired\":true,\"valueName\":\"search_term_string\"}}],\"inLanguage\":\"fr-FR\"},{\"@type\":[\"Person\",\"Organization\"],\"@id\":\"https:\\\/\\\/yrdactivatedcarbon.com\\\/#\\\/schema\\\/person\\\/581e0ef9031155afdeefbcd492460987\",\"name\":\"Admin\",\"image\":{\"@type\":\"ImageObject\",\"inLanguage\":\"fr-FR\",\"@id\":\"https:\\\/\\\/yrdactivatedcarbon.com\\\/wp-content\\\/uploads\\\/2025\\\/10\\\/cropped-cropped-cropped-cropped-cropped-Gemini_Generated_Image_csnat5csnat5csna-removebg-preview.png\",\"url\":\"https:\\\/\\\/yrdactivatedcarbon.com\\\/wp-content\\\/uploads\\\/2025\\\/10\\\/cropped-cropped-cropped-cropped-cropped-Gemini_Generated_Image_csnat5csnat5csna-removebg-preview.png\",\"contentUrl\":\"https:\\\/\\\/yrdactivatedcarbon.com\\\/wp-content\\\/uploads\\\/2025\\\/10\\\/cropped-cropped-cropped-cropped-cropped-Gemini_Generated_Image_csnat5csnat5csna-removebg-preview.png\",\"width\":304,\"height\":88,\"caption\":\"Admin\"},\"logo\":{\"@id\":\"https:\\\/\\\/yrdactivatedcarbon.com\\\/wp-content\\\/uploads\\\/2025\\\/10\\\/cropped-cropped-cropped-cropped-cropped-Gemini_Generated_Image_csnat5csnat5csna-removebg-preview.png\"},\"sameAs\":[\"https:\\\/\\\/yrdactivatedcarbon.com\"],\"publishingPrinciples\":\"https:\\\/\\\/yrdactivatedcarbon.com\\\/\",\"ownershipFundingInfo\":\"https:\\\/\\\/yrdactivatedcarbon.com\\\/\"}]}<\/script>\n<!-- \/ Yoast SEO Premium plugin. -->","yoast_head_json":{"title":"M\u00e9dia filtrant en grenat -","description":"M\u00e9dia filtrant \u00e0 base de grenat avec des tailles personnalisables pour les lits de support dans les syst\u00e8mes de filtration industriels. Haute duret\u00e9, inerte chimiquement, livraison globale par YRD Activated Carbon - demander un devis.","robots":{"index":"index","follow":"follow","max-snippet":"max-snippet:-1","max-image-preview":"max-image-preview:large","max-video-preview":"max-video-preview:-1"},"canonical":"https:\/\/yrdactivatedcarbon.com\/fr\/product\/medias-filtrants-en-grenat\/","og_locale":"fr_FR","og_type":"article","og_title":"Garnet Filter Media","og_description":"Garnet filter media with customizable sizes for support beds in industrial filtration systems. High hardness, chemical-inert, global delivery by YRD Activated Carbon \u2014 request a quote.","og_url":"https:\/\/yrdactivatedcarbon.com\/fr\/product\/medias-filtrants-en-grenat\/","article_modified_time":"2025-12-03T09:41:15+00:00","og_image":[{"width":1426,"height":1500,"url":"http:\/\/yrdactivatedcarbon.com\/wp-content\/uploads\/2025\/10\/Garnet-Filter-Media.jpg","type":"image\/jpeg"}],"twitter_card":"summary_large_image","twitter_misc":{"Dur\u00e9e de lecture estim\u00e9e":"3 minutes"},"schema":{"@context":"https:\/\/schema.org","@graph":[{"@type":"WebPage","@id":"https:\/\/yrdactivatedcarbon.com\/product\/garnet-filter-media\/","url":"https:\/\/yrdactivatedcarbon.com\/product\/garnet-filter-media\/","name":"M\u00e9dia filtrant en grenat -","isPartOf":{"@id":"https:\/\/yrdactivatedcarbon.com\/#website"},"primaryImageOfPage":{"@id":"https:\/\/yrdactivatedcarbon.com\/product\/garnet-filter-media\/#primaryimage"},"image":{"@id":"https:\/\/yrdactivatedcarbon.com\/product\/garnet-filter-media\/#primaryimage"},"thumbnailUrl":"https:\/\/yrdactivatedcarbon.com\/wp-content\/uploads\/2025\/10\/Garnet-Filter-Media.jpg","datePublished":"2025-10-17T09:13:05+00:00","dateModified":"2025-12-03T09:41:15+00:00","description":"M\u00e9dia filtrant \u00e0 base de grenat avec des tailles personnalisables pour les lits de support dans les syst\u00e8mes de filtration industriels. Haute duret\u00e9, inerte chimiquement, livraison globale par YRD Activated Carbon - demander un devis.","breadcrumb":{"@id":"https:\/\/yrdactivatedcarbon.com\/product\/garnet-filter-media\/#breadcrumb"},"inLanguage":"fr-FR","potentialAction":[{"@type":"ReadAction","target":["https:\/\/yrdactivatedcarbon.com\/product\/garnet-filter-media\/"]}]},{"@type":"ImageObject","inLanguage":"fr-FR","@id":"https:\/\/yrdactivatedcarbon.com\/product\/garnet-filter-media\/#primaryimage","url":"https:\/\/yrdactivatedcarbon.com\/wp-content\/uploads\/2025\/10\/Garnet-Filter-Media.jpg","contentUrl":"https:\/\/yrdactivatedcarbon.com\/wp-content\/uploads\/2025\/10\/Garnet-Filter-Media.jpg","width":1426,"height":1500},{"@type":"BreadcrumbList","@id":"https:\/\/yrdactivatedcarbon.com\/product\/garnet-filter-media\/#breadcrumb","itemListElement":[{"@type":"ListItem","position":1,"name":"\u9996\u9875","item":"https:\/\/yrdactivatedcarbon.com\/"},{"@type":"ListItem","position":2,"name":"Products","item":"https:\/\/yrdactivatedcarbon.com\/shop__trashed\/"},{"@type":"ListItem","position":3,"name":"Garnet Filter Media"}]},{"@type":"WebSite","@id":"https:\/\/yrdactivatedcarbon.com\/#website","url":"https:\/\/yrdactivatedcarbon.com\/","name":"","description":"","publisher":{"@id":"https:\/\/yrdactivatedcarbon.com\/#\/schema\/person\/581e0ef9031155afdeefbcd492460987"},"potentialAction":[{"@type":"SearchAction","target":{"@type":"EntryPoint","urlTemplate":"https:\/\/yrdactivatedcarbon.com\/?s={search_term_string}"},"query-input":{"@type":"PropertyValueSpecification","valueRequired":true,"valueName":"search_term_string"}}],"inLanguage":"fr-FR"},{"@type":["Person","Organization"],"@id":"https:\/\/yrdactivatedcarbon.com\/#\/schema\/person\/581e0ef9031155afdeefbcd492460987","name":"Admin","image":{"@type":"ImageObject","inLanguage":"fr-FR","@id":"https:\/\/yrdactivatedcarbon.com\/wp-content\/uploads\/2025\/10\/cropped-cropped-cropped-cropped-cropped-Gemini_Generated_Image_csnat5csnat5csna-removebg-preview.png","url":"https:\/\/yrdactivatedcarbon.com\/wp-content\/uploads\/2025\/10\/cropped-cropped-cropped-cropped-cropped-Gemini_Generated_Image_csnat5csnat5csna-removebg-preview.png","contentUrl":"https:\/\/yrdactivatedcarbon.com\/wp-content\/uploads\/2025\/10\/cropped-cropped-cropped-cropped-cropped-Gemini_Generated_Image_csnat5csnat5csna-removebg-preview.png","width":304,"height":88,"caption":"Admin"},"logo":{"@id":"https:\/\/yrdactivatedcarbon.com\/wp-content\/uploads\/2025\/10\/cropped-cropped-cropped-cropped-cropped-Gemini_Generated_Image_csnat5csnat5csna-removebg-preview.png"},"sameAs":["https:\/\/yrdactivatedcarbon.com"],"publishingPrinciples":"https:\/\/yrdactivatedcarbon.com\/","ownershipFundingInfo":"https:\/\/yrdactivatedcarbon.com\/"}]}},"_links":{"self":[{"href":"https:\/\/yrdactivatedcarbon.com\/fr\/wp-json\/wp\/v2\/product\/1149","targetHints":{"allow":["GET"]}}],"collection":[{"href":"https:\/\/yrdactivatedcarbon.com\/fr\/wp-json\/wp\/v2\/product"}],"about":[{"href":"https:\/\/yrdactivatedcarbon.com\/fr\/wp-json\/wp\/v2\/types\/product"}],"version-history":[{"count":5,"href":"https:\/\/yrdactivatedcarbon.com\/fr\/wp-json\/wp\/v2\/product\/1149\/revisions"}],"predecessor-version":[{"id":1388,"href":"https:\/\/yrdactivatedcarbon.com\/fr\/wp-json\/wp\/v2\/product\/1149\/revisions\/1388"}],"wp:featuredmedia":[{"embeddable":true,"href":"https:\/\/yrdactivatedcarbon.com\/fr\/wp-json\/wp\/v2\/media\/1390"}],"wp:attachment":[{"href":"https:\/\/yrdactivatedcarbon.com\/fr\/wp-json\/wp\/v2\/media?parent=1149"}],"wp:term":[{"taxonomy":"product_brand","embeddable":true,"href":"https:\/\/yrdactivatedcarbon.com\/fr\/wp-json\/wp\/v2\/product_brand?post=1149"},{"taxonomy":"product_cat","embeddable":true,"href":"https:\/\/yrdactivatedcarbon.com\/fr\/wp-json\/wp\/v2\/product_cat?post=1149"},{"taxonomy":"product_tag","embeddable":true,"href":"https:\/\/yrdactivatedcarbon.com\/fr\/wp-json\/wp\/v2\/product_tag?post=1149"}],"curies":[{"name":"wp","href":"https:\/\/api.w.org\/{rel}","templated":true}]}}