{"id":1143,"date":"2025-10-17T17:11:55","date_gmt":"2025-10-17T09:11:55","guid":{"rendered":"https:\/\/yrdactivatedcarbon.com\/?post_type=product&#038;p=1143"},"modified":"2025-12-03T17:44:05","modified_gmt":"2025-12-03T09:44:05","slug":"carbone-attivo-in-polvere-pac","status":"publish","type":"product","link":"https:\/\/yrdactivatedcarbon.com\/it\/product\/carbone-attivo-in-polvere-pac\/","title":{"rendered":"Carbone attivo in polvere (PAC)"},"content":{"rendered":"<p dir=\"auto\">Specifiche tecniche<\/p>\n<table>\n<thead>\n<tr>\n<th data-col-size=\"lg\">Parametro<\/th>\n<th data-col-size=\"md\">Specifiche<\/th>\n<th data-col-size=\"sm\">Unit\u00e0<\/th>\n<th data-col-size=\"md\">Metodo di prova<\/th>\n<th data-col-size=\"xl\">Osservazioni<\/th>\n<\/tr>\n<\/thead>\n<tbody>\n<tr>\n<td data-col-size=\"lg\">Valore dello iodio<\/td>\n<td data-col-size=\"md\">\u2265 1000<\/td>\n<td data-col-size=\"sm\">mg\/g<\/td>\n<td data-col-size=\"md\">ASTM D4607<\/td>\n<td data-col-size=\"xl\">Indica la capacit\u00e0 di adsorbimento per piccole molecole<\/td>\n<\/tr>\n<tr>\n<td data-col-size=\"lg\">Contenuto di cenere<\/td>\n<td data-col-size=\"md\">\u2264 5<\/td>\n<td data-col-size=\"sm\">%<\/td>\n<td data-col-size=\"md\">ASTM D2866<\/td>\n<td data-col-size=\"xl\">Il basso contenuto di ceneri garantisce la purezza<\/td>\n<\/tr>\n<tr>\n<td data-col-size=\"lg\">Contenuto di umidit\u00e0<\/td>\n<td data-col-size=\"md\">\u2264 8<\/td>\n<td data-col-size=\"sm\">%<\/td>\n<td data-col-size=\"md\">ASTM D2867<\/td>\n<td data-col-size=\"xl\">Come ricevuto<\/td>\n<\/tr>\n<tr>\n<td data-col-size=\"lg\">Valore del pH<\/td>\n<td data-col-size=\"md\">6 &#8211; 10<\/td>\n<td data-col-size=\"sm\">&#8211;<\/td>\n<td data-col-size=\"md\">ASTM D3838<\/td>\n<td data-col-size=\"xl\">Da neutro a leggermente alcalino<\/td>\n<\/tr>\n<tr>\n<td data-col-size=\"lg\">Distribuzione dimensionale delle particelle<\/td>\n<td data-col-size=\"md\">95% fino a 325 mesh (44 \u03bcm)<\/td>\n<td data-col-size=\"sm\">%<\/td>\n<td data-col-size=\"md\">ASTM D2862<\/td>\n<td data-col-size=\"xl\">Polvere fine per una facile miscelazione<\/td>\n<\/tr>\n<tr>\n<td data-col-size=\"lg\">Densit\u00e0 apparente<\/td>\n<td data-col-size=\"md\">0.45 &#8211; 0.55<\/td>\n<td data-col-size=\"sm\">g\/cc<\/td>\n<td data-col-size=\"md\">ASTM D2854<\/td>\n<td data-col-size=\"xl\">Densit\u00e0 di massa<\/td>\n<\/tr>\n<tr>\n<td data-col-size=\"lg\">Valore del blu di metilene<\/td>\n<td data-col-size=\"md\">\u2265 200<\/td>\n<td data-col-size=\"sm\">mg\/g<\/td>\n<td data-col-size=\"md\">JIS K1474<\/td>\n<td data-col-size=\"xl\">Misura la capacit\u00e0 di decolorazione<\/td>\n<\/tr>\n<tr>\n<td data-col-size=\"lg\">Cenere solubile in acqua<\/td>\n<td data-col-size=\"md\">\u2264 1<\/td>\n<td data-col-size=\"sm\">%<\/td>\n<td data-col-size=\"md\">ASTM D5029<\/td>\n<td data-col-size=\"xl\">Riduce al minimo la lisciviazione nelle applicazioni<\/td>\n<\/tr>\n<tr>\n<td data-col-size=\"lg\">Area superficiale (BET)<\/td>\n<td data-col-size=\"md\">\u2265 1000<\/td>\n<td data-col-size=\"sm\">m\u00b2\/g<\/td>\n<td data-col-size=\"md\">ASTM D6556<\/td>\n<td data-col-size=\"xl\">Elevata area superficiale per un maggiore adsorbimento<\/td>\n<\/tr>\n<\/tbody>\n<\/table>\n<p><a dir=\"auto\" style=\"display: inline-block; padding: 12px 28px; border-radius: 999px; background: #0067ff; color: #ffffff; font-size: 20px; font-weight: 600; text-decoration: none; cursor: pointer;\" href=\"mailto:info@yrdcarbon.com\">Ottenere campioni gratuiti di qualit\u00e0 da testare<\/a><\/p>","protected":false},"excerpt":{"rendered":"<p><a dir=\"auto\" style=\"display: inline-block; padding: 12px 28px; border-radius: 999px; background: #0067ff; color: #ffffff; font-size: 20px; font-weight: 600; text-decoration: none; cursor: pointer; \" href=\"mailto:info@yrdcarbon.com\">Ottenere campioni gratuiti di qualit\u00e0 da testare<\/a><\/p>\n<p dir=\"auto\">Il carbone attivo in polvere (PAC) \u00e8 una forma finemente macinata di carbone attivo, rinomata per le sue eccezionali capacit\u00e0 di adsorbimento. Derivato da materie prime di alta qualit\u00e0 come il guscio di cocco o il legno, il nostro PAC \u00e8 progettato per un'efficace rimozione dei contaminanti nel trattamento delle acque, nella purificazione dell'aria e nelle applicazioni di ingegneria ambientale. Offre prestazioni superiori nell'adsorbimento di composti organici, odori e impurit\u00e0, garantendo la conformit\u00e0 agli standard internazionali come AWWA, ASTM e NSF.<\/p>\n<h4 dir=\"auto\">Applicazioni e vantaggi principali<\/h4>\n<ul dir=\"auto\">\n<li><strong>Trattamento dell'acqua:<\/strong> Rimuove efficacemente gli inquinanti organici, il cloro e i composti di sapore\/odore nei sistemi idrici municipali e industriali, migliorando la qualit\u00e0 e la sicurezza dell'acqua.<\/li>\n<li><strong>Ingegneria ambientale:<\/strong> Ideale per il trattamento delle acque reflue, la bonifica del suolo e la purificazione dei gas di scarico, contribuendo a pratiche ambientali sostenibili.<\/li>\n<li><strong>Vantaggi competitivi:<\/strong> Elevato valore di iodio per un adsorbimento superiore, basso contenuto di ceneri per ridurre al minimo le impurit\u00e0 e dimensione fine delle particelle per una rapida dispersione ed efficienza. Ci\u00f2 si traduce in un risparmio sui costi grazie alla riduzione dei requisiti di dosaggio e al miglioramento delle prestazioni del processo.<\/li>\n<\/ul>","protected":false},"featured_media":1375,"template":"","meta":{"site-sidebar-layout":"default","site-content-layout":"","ast-site-content-layout":"default","site-content-style":"default","site-sidebar-style":"default","ast-global-header-display":"","ast-banner-title-visibility":"","ast-main-header-display":"","ast-hfb-above-header-display":"","ast-hfb-below-header-display":"","ast-hfb-mobile-header-display":"","site-post-title":"","ast-breadcrumbs-content":"","ast-featured-img":"","footer-sml-layout":"","ast-disable-related-posts":"","theme-transparent-header-meta":"default","adv-header-id-meta":"","stick-header-meta":"","header-above-stick-meta":"","header-main-stick-meta":"","header-below-stick-meta":"","astra-migrate-meta-layouts":"set","ast-page-background-enabled":"default","ast-page-background-meta":{"desktop":{"background-color":"var(--ast-global-color-4)","background-image":"","background-repeat":"repeat","background-position":"center center","background-size":"auto","background-attachment":"scroll","background-type":"","background-media":"","overlay-type":"","overlay-color":"","overlay-opacity":"","overlay-gradient":""},"tablet":{"background-color":"","background-image":"","background-repeat":"repeat","background-position":"center center","background-size":"auto","background-attachment":"scroll","background-type":"","background-media":"","overlay-type":"","overlay-color":"","overlay-opacity":"","overlay-gradient":""},"mobile":{"background-color":"","background-image":"","background-repeat":"repeat","background-position":"center center","background-size":"auto","background-attachment":"scroll","background-type":"","background-media":"","overlay-type":"","overlay-color":"","overlay-opacity":"","overlay-gradient":""}},"ast-content-background-meta":{"desktop":{"background-color":"var(--ast-global-color-5)","background-image":"","background-repeat":"repeat","background-position":"center center","background-size":"auto","background-attachment":"scroll","background-type":"","background-media":"","overlay-type":"","overlay-color":"","overlay-opacity":"","overlay-gradient":""},"tablet":{"background-color":"var(--ast-global-color-5)","background-image":"","background-repeat":"repeat","background-position":"center center","background-size":"auto","background-attachment":"scroll","background-type":"","background-media":"","overlay-type":"","overlay-color":"","overlay-opacity":"","overlay-gradient":""},"mobile":{"background-color":"var(--ast-global-color-5)","background-image":"","background-repeat":"repeat","background-position":"center center","background-size":"auto","background-attachment":"scroll","background-type":"","background-media":"","overlay-type":"","overlay-color":"","overlay-opacity":"","overlay-gradient":""}}},"product_brand":[],"product_cat":[15],"product_tag":[],"class_list":{"0":"post-1143","1":"product","2":"type-product","3":"status-publish","4":"has-post-thumbnail","6":"product_cat-activated-carbon-series","7":"desktop-align-left","8":"tablet-align-left","9":"mobile-align-left","11":"first","12":"instock","13":"featured","14":"shipping-taxable","15":"product-type-simple"},"yoast_head":"<!-- This site is optimized with the Yoast SEO Premium plugin v26.0 (Yoast SEO v27.4) - https:\/\/yoast.com\/product\/yoast-seo-premium-wordpress\/ -->\n<title>Powdered Activated Carbon (PAC)<\/title>\n<meta name=\"description\" content=\"Powdered activated carbon (PAC) for water purification, wastewater treatment &amp; industrial adsorption. High purity, fast kinetics, global supply.\" \/>\n<meta name=\"robots\" content=\"index, follow, max-snippet:-1, max-image-preview:large, max-video-preview:-1\" \/>\n<link rel=\"canonical\" href=\"https:\/\/yrdactivatedcarbon.com\/it\/product\/carbone-attivo-in-polvere-pac\/\" \/>\n<meta property=\"og:locale\" content=\"it_IT\" \/>\n<meta property=\"og:type\" content=\"article\" \/>\n<meta property=\"og:title\" content=\"Powdered Activated Carbon (PAC)\" \/>\n<meta property=\"og:description\" content=\"Powdered activated carbon (PAC) for water purification, wastewater treatment &amp; industrial adsorption. High purity, fast kinetics, global supply.\" \/>\n<meta property=\"og:url\" content=\"https:\/\/yrdactivatedcarbon.com\/it\/product\/carbone-attivo-in-polvere-pac\/\" \/>\n<meta property=\"article:modified_time\" content=\"2025-12-03T09:44:05+00:00\" \/>\n<meta property=\"og:image\" content=\"http:\/\/yrdactivatedcarbon.com\/wp-content\/uploads\/2025\/10\/Coal-based-Powder-activated-carbon.jpg\" \/>\n\t<meta property=\"og:image:width\" content=\"768\" \/>\n\t<meta property=\"og:image:height\" content=\"480\" \/>\n\t<meta property=\"og:image:type\" content=\"image\/jpeg\" \/>\n<meta name=\"twitter:card\" content=\"summary_large_image\" \/>\n<meta name=\"twitter:label1\" content=\"Tempo di lettura stimato\" \/>\n\t<meta name=\"twitter:data1\" content=\"1 minuto\" \/>\n<script type=\"application\/ld+json\" class=\"yoast-schema-graph\">{\"@context\":\"https:\\\/\\\/schema.org\",\"@graph\":[{\"@type\":\"WebPage\",\"@id\":\"https:\\\/\\\/yrdactivatedcarbon.com\\\/product\\\/powdered-activated-carbon-pac\\\/\",\"url\":\"https:\\\/\\\/yrdactivatedcarbon.com\\\/product\\\/powdered-activated-carbon-pac\\\/\",\"name\":\"Powdered Activated Carbon (PAC)\",\"isPartOf\":{\"@id\":\"https:\\\/\\\/yrdactivatedcarbon.com\\\/#website\"},\"primaryImageOfPage\":{\"@id\":\"https:\\\/\\\/yrdactivatedcarbon.com\\\/product\\\/powdered-activated-carbon-pac\\\/#primaryimage\"},\"image\":{\"@id\":\"https:\\\/\\\/yrdactivatedcarbon.com\\\/product\\\/powdered-activated-carbon-pac\\\/#primaryimage\"},\"thumbnailUrl\":\"https:\\\/\\\/yrdactivatedcarbon.com\\\/wp-content\\\/uploads\\\/2025\\\/10\\\/Coal-based-Powder-activated-carbon.jpg\",\"datePublished\":\"2025-10-17T09:11:55+00:00\",\"dateModified\":\"2025-12-03T09:44:05+00:00\",\"description\":\"Powdered activated carbon (PAC) for water purification, wastewater treatment & industrial adsorption. High purity, fast kinetics, global supply.\",\"breadcrumb\":{\"@id\":\"https:\\\/\\\/yrdactivatedcarbon.com\\\/product\\\/powdered-activated-carbon-pac\\\/#breadcrumb\"},\"inLanguage\":\"it-IT\",\"potentialAction\":[{\"@type\":\"ReadAction\",\"target\":[\"https:\\\/\\\/yrdactivatedcarbon.com\\\/product\\\/powdered-activated-carbon-pac\\\/\"]}]},{\"@type\":\"ImageObject\",\"inLanguage\":\"it-IT\",\"@id\":\"https:\\\/\\\/yrdactivatedcarbon.com\\\/product\\\/powdered-activated-carbon-pac\\\/#primaryimage\",\"url\":\"https:\\\/\\\/yrdactivatedcarbon.com\\\/wp-content\\\/uploads\\\/2025\\\/10\\\/Coal-based-Powder-activated-carbon.jpg\",\"contentUrl\":\"https:\\\/\\\/yrdactivatedcarbon.com\\\/wp-content\\\/uploads\\\/2025\\\/10\\\/Coal-based-Powder-activated-carbon.jpg\",\"width\":768,\"height\":480},{\"@type\":\"BreadcrumbList\",\"@id\":\"https:\\\/\\\/yrdactivatedcarbon.com\\\/product\\\/powdered-activated-carbon-pac\\\/#breadcrumb\",\"itemListElement\":[{\"@type\":\"ListItem\",\"position\":1,\"name\":\"\u9996\u9875\",\"item\":\"https:\\\/\\\/yrdactivatedcarbon.com\\\/\"},{\"@type\":\"ListItem\",\"position\":2,\"name\":\"Products\",\"item\":\"https:\\\/\\\/yrdactivatedcarbon.com\\\/shop__trashed\\\/\"},{\"@type\":\"ListItem\",\"position\":3,\"name\":\"Powdered Activated Carbon (PAC)\"}]},{\"@type\":\"WebSite\",\"@id\":\"https:\\\/\\\/yrdactivatedcarbon.com\\\/#website\",\"url\":\"https:\\\/\\\/yrdactivatedcarbon.com\\\/\",\"name\":\"\",\"description\":\"\",\"publisher\":{\"@id\":\"https:\\\/\\\/yrdactivatedcarbon.com\\\/#\\\/schema\\\/person\\\/581e0ef9031155afdeefbcd492460987\"},\"potentialAction\":[{\"@type\":\"SearchAction\",\"target\":{\"@type\":\"EntryPoint\",\"urlTemplate\":\"https:\\\/\\\/yrdactivatedcarbon.com\\\/?s={search_term_string}\"},\"query-input\":{\"@type\":\"PropertyValueSpecification\",\"valueRequired\":true,\"valueName\":\"search_term_string\"}}],\"inLanguage\":\"it-IT\"},{\"@type\":[\"Person\",\"Organization\"],\"@id\":\"https:\\\/\\\/yrdactivatedcarbon.com\\\/#\\\/schema\\\/person\\\/581e0ef9031155afdeefbcd492460987\",\"name\":\"Admin\",\"image\":{\"@type\":\"ImageObject\",\"inLanguage\":\"it-IT\",\"@id\":\"https:\\\/\\\/yrdactivatedcarbon.com\\\/wp-content\\\/uploads\\\/2025\\\/10\\\/cropped-cropped-cropped-cropped-cropped-Gemini_Generated_Image_csnat5csnat5csna-removebg-preview.png\",\"url\":\"https:\\\/\\\/yrdactivatedcarbon.com\\\/wp-content\\\/uploads\\\/2025\\\/10\\\/cropped-cropped-cropped-cropped-cropped-Gemini_Generated_Image_csnat5csnat5csna-removebg-preview.png\",\"contentUrl\":\"https:\\\/\\\/yrdactivatedcarbon.com\\\/wp-content\\\/uploads\\\/2025\\\/10\\\/cropped-cropped-cropped-cropped-cropped-Gemini_Generated_Image_csnat5csnat5csna-removebg-preview.png\",\"width\":304,\"height\":88,\"caption\":\"Admin\"},\"logo\":{\"@id\":\"https:\\\/\\\/yrdactivatedcarbon.com\\\/wp-content\\\/uploads\\\/2025\\\/10\\\/cropped-cropped-cropped-cropped-cropped-Gemini_Generated_Image_csnat5csnat5csna-removebg-preview.png\"},\"sameAs\":[\"https:\\\/\\\/yrdactivatedcarbon.com\"],\"publishingPrinciples\":\"https:\\\/\\\/yrdactivatedcarbon.com\\\/\",\"ownershipFundingInfo\":\"https:\\\/\\\/yrdactivatedcarbon.com\\\/\"}]}<\/script>\n<!-- \/ Yoast SEO Premium plugin. -->","yoast_head_json":{"title":"Carbone attivo in polvere (PAC)","description":"Carbone attivo in polvere (PAC) per la purificazione dell'acqua, il trattamento delle acque reflue e l'adsorbimento industriale. Elevata purezza, cinetica rapida, fornitura globale.","robots":{"index":"index","follow":"follow","max-snippet":"max-snippet:-1","max-image-preview":"max-image-preview:large","max-video-preview":"max-video-preview:-1"},"canonical":"https:\/\/yrdactivatedcarbon.com\/it\/product\/carbone-attivo-in-polvere-pac\/","og_locale":"it_IT","og_type":"article","og_title":"Powdered Activated Carbon (PAC)","og_description":"Powdered activated carbon (PAC) for water purification, wastewater treatment & industrial adsorption. High purity, fast kinetics, global supply.","og_url":"https:\/\/yrdactivatedcarbon.com\/it\/product\/carbone-attivo-in-polvere-pac\/","article_modified_time":"2025-12-03T09:44:05+00:00","og_image":[{"width":768,"height":480,"url":"http:\/\/yrdactivatedcarbon.com\/wp-content\/uploads\/2025\/10\/Coal-based-Powder-activated-carbon.jpg","type":"image\/jpeg"}],"twitter_card":"summary_large_image","twitter_misc":{"Tempo di lettura stimato":"1 minuto"},"schema":{"@context":"https:\/\/schema.org","@graph":[{"@type":"WebPage","@id":"https:\/\/yrdactivatedcarbon.com\/product\/powdered-activated-carbon-pac\/","url":"https:\/\/yrdactivatedcarbon.com\/product\/powdered-activated-carbon-pac\/","name":"Carbone attivo in polvere (PAC)","isPartOf":{"@id":"https:\/\/yrdactivatedcarbon.com\/#website"},"primaryImageOfPage":{"@id":"https:\/\/yrdactivatedcarbon.com\/product\/powdered-activated-carbon-pac\/#primaryimage"},"image":{"@id":"https:\/\/yrdactivatedcarbon.com\/product\/powdered-activated-carbon-pac\/#primaryimage"},"thumbnailUrl":"https:\/\/yrdactivatedcarbon.com\/wp-content\/uploads\/2025\/10\/Coal-based-Powder-activated-carbon.jpg","datePublished":"2025-10-17T09:11:55+00:00","dateModified":"2025-12-03T09:44:05+00:00","description":"Carbone attivo in polvere (PAC) per la purificazione dell'acqua, il trattamento delle acque reflue e l'adsorbimento industriale. Elevata purezza, cinetica rapida, fornitura globale.","breadcrumb":{"@id":"https:\/\/yrdactivatedcarbon.com\/product\/powdered-activated-carbon-pac\/#breadcrumb"},"inLanguage":"it-IT","potentialAction":[{"@type":"ReadAction","target":["https:\/\/yrdactivatedcarbon.com\/product\/powdered-activated-carbon-pac\/"]}]},{"@type":"ImageObject","inLanguage":"it-IT","@id":"https:\/\/yrdactivatedcarbon.com\/product\/powdered-activated-carbon-pac\/#primaryimage","url":"https:\/\/yrdactivatedcarbon.com\/wp-content\/uploads\/2025\/10\/Coal-based-Powder-activated-carbon.jpg","contentUrl":"https:\/\/yrdactivatedcarbon.com\/wp-content\/uploads\/2025\/10\/Coal-based-Powder-activated-carbon.jpg","width":768,"height":480},{"@type":"BreadcrumbList","@id":"https:\/\/yrdactivatedcarbon.com\/product\/powdered-activated-carbon-pac\/#breadcrumb","itemListElement":[{"@type":"ListItem","position":1,"name":"\u9996\u9875","item":"https:\/\/yrdactivatedcarbon.com\/"},{"@type":"ListItem","position":2,"name":"Products","item":"https:\/\/yrdactivatedcarbon.com\/shop__trashed\/"},{"@type":"ListItem","position":3,"name":"Powdered Activated Carbon (PAC)"}]},{"@type":"WebSite","@id":"https:\/\/yrdactivatedcarbon.com\/#website","url":"https:\/\/yrdactivatedcarbon.com\/","name":"","description":"","publisher":{"@id":"https:\/\/yrdactivatedcarbon.com\/#\/schema\/person\/581e0ef9031155afdeefbcd492460987"},"potentialAction":[{"@type":"SearchAction","target":{"@type":"EntryPoint","urlTemplate":"https:\/\/yrdactivatedcarbon.com\/?s={search_term_string}"},"query-input":{"@type":"PropertyValueSpecification","valueRequired":true,"valueName":"search_term_string"}}],"inLanguage":"it-IT"},{"@type":["Person","Organization"],"@id":"https:\/\/yrdactivatedcarbon.com\/#\/schema\/person\/581e0ef9031155afdeefbcd492460987","name":"Admin","image":{"@type":"ImageObject","inLanguage":"it-IT","@id":"https:\/\/yrdactivatedcarbon.com\/wp-content\/uploads\/2025\/10\/cropped-cropped-cropped-cropped-cropped-Gemini_Generated_Image_csnat5csnat5csna-removebg-preview.png","url":"https:\/\/yrdactivatedcarbon.com\/wp-content\/uploads\/2025\/10\/cropped-cropped-cropped-cropped-cropped-Gemini_Generated_Image_csnat5csnat5csna-removebg-preview.png","contentUrl":"https:\/\/yrdactivatedcarbon.com\/wp-content\/uploads\/2025\/10\/cropped-cropped-cropped-cropped-cropped-Gemini_Generated_Image_csnat5csnat5csna-removebg-preview.png","width":304,"height":88,"caption":"Admin"},"logo":{"@id":"https:\/\/yrdactivatedcarbon.com\/wp-content\/uploads\/2025\/10\/cropped-cropped-cropped-cropped-cropped-Gemini_Generated_Image_csnat5csnat5csna-removebg-preview.png"},"sameAs":["https:\/\/yrdactivatedcarbon.com"],"publishingPrinciples":"https:\/\/yrdactivatedcarbon.com\/","ownershipFundingInfo":"https:\/\/yrdactivatedcarbon.com\/"}]}},"_links":{"self":[{"href":"https:\/\/yrdactivatedcarbon.com\/it\/wp-json\/wp\/v2\/product\/1143","targetHints":{"allow":["GET"]}}],"collection":[{"href":"https:\/\/yrdactivatedcarbon.com\/it\/wp-json\/wp\/v2\/product"}],"about":[{"href":"https:\/\/yrdactivatedcarbon.com\/it\/wp-json\/wp\/v2\/types\/product"}],"version-history":[{"count":4,"href":"https:\/\/yrdactivatedcarbon.com\/it\/wp-json\/wp\/v2\/product\/1143\/revisions"}],"predecessor-version":[{"id":1376,"href":"https:\/\/yrdactivatedcarbon.com\/it\/wp-json\/wp\/v2\/product\/1143\/revisions\/1376"}],"wp:featuredmedia":[{"embeddable":true,"href":"https:\/\/yrdactivatedcarbon.com\/it\/wp-json\/wp\/v2\/media\/1375"}],"wp:attachment":[{"href":"https:\/\/yrdactivatedcarbon.com\/it\/wp-json\/wp\/v2\/media?parent=1143"}],"wp:term":[{"taxonomy":"product_brand","embeddable":true,"href":"https:\/\/yrdactivatedcarbon.com\/it\/wp-json\/wp\/v2\/product_brand?post=1143"},{"taxonomy":"product_cat","embeddable":true,"href":"https:\/\/yrdactivatedcarbon.com\/it\/wp-json\/wp\/v2\/product_cat?post=1143"},{"taxonomy":"product_tag","embeddable":true,"href":"https:\/\/yrdactivatedcarbon.com\/it\/wp-json\/wp\/v2\/product_tag?post=1143"}],"curies":[{"name":"wp","href":"https:\/\/api.w.org\/{rel}","templated":true}]}}