{"id":1145,"date":"2025-10-17T17:12:19","date_gmt":"2025-10-17T09:12:19","guid":{"rendered":"https:\/\/yrdactivatedcarbon.com\/?post_type=product&#038;p=1145"},"modified":"2025-12-03T17:43:02","modified_gmt":"2025-12-03T09:43:02","slug":"media-filtrante-antracite","status":"publish","type":"product","link":"https:\/\/yrdactivatedcarbon.com\/it\/product\/media-filtrante-antracite\/","title":{"rendered":"Media filtrante antracite"},"content":{"rendered":"<h2 dir=\"auto\">Propriet\u00e0 fisiche e chimiche<\/h2>\n<p dir=\"auto\">I materiali filtranti in antracite sono caratterizzati da un elevato contenuto di carbonio e da una struttura robusta, che garantisce la durata e la stabilit\u00e0 chimica in ambienti di filtrazione difficili. Di seguito \u00e8 riportato un riepilogo delle sue propriet\u00e0 principali:<\/p>\n<table>\n<thead>\n<tr>\n<th data-col-size=\"md\">Propriet\u00e0<\/th>\n<th data-col-size=\"sm\">Specifiche<\/th>\n<th data-col-size=\"lg\">Descrizione\/Fonte<\/th>\n<\/tr>\n<\/thead>\n<tbody>\n<tr>\n<td data-col-size=\"md\">Colore<\/td>\n<td data-col-size=\"sm\">Nero<\/td>\n<td data-col-size=\"lg\">Aspetto lucido, a base di carbone, per una facile identificazione.<\/td>\n<\/tr>\n<tr>\n<td data-col-size=\"md\">Contenuto di carbonio<\/td>\n<td data-col-size=\"sm\">92% &#8211; 96%<\/td>\n<td data-col-size=\"lg\">L'elevato tenore di carbonio fisso garantisce l'inerzia chimica e la resistenza alla degradazione. .<\/td>\n<\/tr>\n<tr>\n<td data-col-size=\"md\">Gravit\u00e0 specifica<\/td>\n<td data-col-size=\"sm\">1.3 &#8211; 1.6<\/td>\n<td data-col-size=\"lg\">La bassa densit\u00e0 consente una stratificazione efficiente nei filtri multimediali. .<\/td>\n<\/tr>\n<tr>\n<td data-col-size=\"md\">Densit\u00e0 della massa<\/td>\n<td data-col-size=\"sm\">50 - 52 lbs\/ft\u00b3 (800 kg\/m\u00b3)<\/td>\n<td data-col-size=\"lg\">Il design leggero riduce i costi di spedizione e facilita la movimentazione. .<\/td>\n<\/tr>\n<tr>\n<td data-col-size=\"md\">Durezza (scala Mohs)<\/td>\n<td data-col-size=\"sm\">3.0 &#8211; 3.5<\/td>\n<td data-col-size=\"lg\">Resistente all'abrasione durante il controlavaggio, prolunga la durata del supporto. .<\/td>\n<\/tr>\n<tr>\n<td data-col-size=\"md\">Contenuto di cenere<\/td>\n<td data-col-size=\"sm\">&lt; 5%<\/td>\n<td data-col-size=\"lg\">Le basse impurit\u00e0 riducono al minimo i rischi di lisciviazione nelle applicazioni con acqua potabile. .<\/td>\n<\/tr>\n<tr>\n<td data-col-size=\"md\">Contenuto di umidit\u00e0<\/td>\n<td data-col-size=\"sm\">&lt; 2%<\/td>\n<td data-col-size=\"lg\">La composizione secca impedisce la formazione di grumi e garantisce prestazioni costanti. .<\/td>\n<\/tr>\n<tr>\n<td data-col-size=\"md\">Solubilit\u00e0 acida<\/td>\n<td data-col-size=\"sm\">&lt; 1% (in HCl)<\/td>\n<td data-col-size=\"lg\">Conforme agli standard di trattamento delle acque per una dissoluzione minima. .<\/td>\n<\/tr>\n<\/tbody>\n<\/table>\n<p dir=\"auto\">Queste propriet\u00e0 rendono i materiali filtranti in antracite una scelta affidabile per le applicazioni che richiedono stabilit\u00e0 a lungo termine e manutenzione minima.<\/p>\n<h2 dir=\"auto\">Specifiche tecniche<\/h2>\n<table>\n<thead>\n<tr>\n<th data-col-size=\"md\">Parametro<\/th>\n<th data-col-size=\"md\">Specifiche<\/th>\n<th data-col-size=\"lg\">Note<\/th>\n<\/tr>\n<\/thead>\n<tbody>\n<tr>\n<td data-col-size=\"md\">Dimensione effettiva (ES)<\/td>\n<td data-col-size=\"md\">0,60 mm - 1,6 mm<\/td>\n<td data-col-size=\"lg\">Personalizzabile in base all'applicazione; standard per la rimozione di particelle grossolane .<\/td>\n<\/tr>\n<tr>\n<td data-col-size=\"md\">Coefficiente di uniformit\u00e0 (UC)<\/td>\n<td data-col-size=\"md\">&lt; 1.5<\/td>\n<td data-col-size=\"lg\">Assicura una distribuzione uniforme e un flusso ottimale. .<\/td>\n<\/tr>\n<tr>\n<td data-col-size=\"md\">Profondit\u00e0 del letto<\/td>\n<td data-col-size=\"md\">24 - 36 pollici (610 - 915 mm)<\/td>\n<td data-col-size=\"lg\">Consigliato per filtri a letto singolo o multiplo; 10-18 pollici per sistemi multistrato. .<\/td>\n<\/tr>\n<tr>\n<td data-col-size=\"md\">Bordo libero<\/td>\n<td data-col-size=\"md\">50% di profondit\u00e0 del letto (minimo)<\/td>\n<td data-col-size=\"lg\">Consente un efficace controlavaggio senza perdita di materiale. .<\/td>\n<\/tr>\n<tr>\n<td data-col-size=\"md\">Portata di servizio<\/td>\n<td data-col-size=\"md\">5 - 15 gpm\/ft\u00b2 (12 - 37 m\/h)<\/td>\n<td data-col-size=\"lg\">Fino a 3-4 volte pi\u00f9 veloce rispetto ai filtri a sabbia, migliorando la produttivit\u00e0. .<\/td>\n<\/tr>\n<tr>\n<td data-col-size=\"md\">Velocit\u00e0 di controlavaggio<\/td>\n<td data-col-size=\"md\">15 - 25 gpm\/ft\u00b2 (37 - 61 m\/h)<\/td>\n<td data-col-size=\"lg\">Tariffe ridotte rispetto ad altri supporti, con conseguente risparmio di acqua. .<\/td>\n<\/tr>\n<tr>\n<td data-col-size=\"md\">Compatibilit\u00e0 con il pH<\/td>\n<td data-col-size=\"md\">6.0 &#8211; 9.0<\/td>\n<td data-col-size=\"lg\">Adatto per acque da neutre a leggermente alcaline; inerte agli acidi e alle basi comuni. .<\/td>\n<\/tr>\n<tr>\n<td data-col-size=\"md\">Intervallo di temperatura<\/td>\n<td data-col-size=\"md\">Fino a 40\u00b0C (104\u00b0F)<\/td>\n<td data-col-size=\"lg\">Versatile per condizioni ambientali e industriali. .<\/td>\n<\/tr>\n<\/tbody>\n<\/table>\n<p dir=\"auto\">Tutte le specifiche sono conformi agli standard AWWA B100-16, NSF\/ANSI 61 e EN 12909, garantendo la sicurezza per l'acqua potabile e l'uso industriale. .<\/p>\n<p><a dir=\"auto\" style=\"display: inline-block; padding: 12px 28px; border-radius: 999px; background: #0067ff; color: #ffffff; font-size: 20px; font-weight: 600; text-decoration: none; cursor: pointer; \" href=\"mailto:info@yrdcarbon.com\">Ottenere campioni gratuiti di qualit\u00e0 da testare<\/a><\/p>\n<h2 dir=\"auto\">Applicazioni e usi<\/h2>\n<p dir=\"auto\">I materiali filtranti in antracite sono ampiamente utilizzati in scenari che richiedono una rimozione delle particelle ad alta efficienza e una lunga durata del filtro. Gli usi principali includono:<\/p>\n<ul dir=\"auto\">\n<li><strong>Trattamento dell'acqua potabile comunale<\/strong>: Come strato superiore nei filtri multimediali, rimuove i solidi grossolani e protegge i materiali pi\u00f9 fini, migliorando la limpidezza complessiva dell'acqua e la conformit\u00e0 agli standard globali. .<\/li>\n<li><strong>Filtrazione industriale e delle acque reflue<\/strong>: Efficace per la riduzione della torbidit\u00e0 nel trattamento degli effluenti, nei processi di riciclaggio e nei sistemi di raffreddamento, dove gestisce un elevato carico di solidi. .<\/li>\n<li><strong>Piscine e acquacoltura<\/strong>: Migliora la qualit\u00e0 dell'acqua filtrando le impurit\u00e0 e favorendo operazioni sicure e sostenibili. .<\/li>\n<li><strong>Bonifica ambientale<\/strong>: Utilizzato nella gestione delle acque meteoriche e nella depurazione delle acque sotterranee per soddisfare i requisiti normativi. .<\/li>\n<li><strong>Industrie specializzate<\/strong>: Ideale per la lavorazione di alimenti\/bevande, prodotti farmaceutici e centrali elettriche, dove la bassa sensibilit\u00e0 alla silice \u00e8 fondamentale. .<\/li>\n<\/ul>\n<p dir=\"auto\">Nelle configurazioni multi-mediali (ad esempio, antracite su sabbia e granato), promuove la filtrazione a letto profondo, raggiungendo efficienze di rimozione fino a 99% per particelle &gt;5 micron. .<\/p>\n<h2 dir=\"auto\">Imballaggio e stoccaggio<\/h2>\n<ul dir=\"auto\">\n<li><strong>Imballaggio standard<\/strong>: Sacchi da 1 piede cubo (50 libbre) o super-sacchi da 1 tonnellata per spedizioni alla rinfusa. .<\/li>\n<li><strong>Raccomandazioni per la conservazione<\/strong>: Conservare in ambienti asciutti e coperti per evitare l'assorbimento di umidit\u00e0. La durata di conservazione \u00e8 indefinita in condizioni adeguate.<\/li>\n<li><strong>Conformit\u00e0 delle spedizioni<\/strong>: Soddisfa gli standard commerciali internazionali per la classificazione dei materiali pericolosi (non pericolosi).<\/li>\n<\/ul>\n<h2 dir=\"auto\">Certificazioni e conformit\u00e0<\/h2>\n<ul dir=\"auto\">\n<li>AWWA B100-16: norma sul materiale filtrante granulare .<\/li>\n<li>NSF\/ANSI 61: certificato per il contatto con l'acqua potabile .<\/li>\n<li>EN 12909: Standard europeo per i prodotti chimici per il trattamento delle acque. .<\/li>\n<li>Conformit\u00e0 ISO: Si allinea alla gestione globale della qualit\u00e0 per garantire l'affidabilit\u00e0 delle esportazioni. .<\/li>\n<\/ul>\n<p dir=\"auto\">Queste specifiche di prodotto si basano su dati di settore verificati e sono da intendersi a scopo informativo. Per formulazioni o test personalizzati, contattare il nostro team tecnico. Tutte le indicazioni sono supportate da standard consolidati per garantire l'aderenza alle normative e la fiducia dei clienti.<\/p>\n<p><a dir=\"auto\" style=\"display: inline-block; padding: 12px 28px; border-radius: 999px; background: #0067ff; color: #ffffff; font-size: 20px; font-weight: 600; text-decoration: none; cursor: pointer; \" href=\"mailto:info@yrdcarbon.com\">Ottenere campioni gratuiti di qualit\u00e0 da testare<\/a><\/p>","protected":false},"excerpt":{"rendered":"<p><a dir=\"auto\" style=\"display: inline-block; padding: 12px 28px; border-radius: 999px; background: #0067ff; color: #ffffff; font-size: 20px; font-weight: 600; text-decoration: none; cursor: pointer;\" href=\"mailto:info@yrdcarbon.com\">Ottenere campioni gratuiti di qualit\u00e0 da testare<\/a><\/p>\n<p dir=\"auto\">Il media filtrante di antracite \u00e8 un materiale di filtrazione di qualit\u00e0 superiore a base di carbone, progettato per un trattamento efficiente delle acque e delle acque reflue. Ricavato da carbone di antracite di alta qualit\u00e0, questo materiale eccelle nella rimozione dei solidi sospesi, della torbidit\u00e0 e del floc nei sistemi di filtrazione multimediale.<\/p>\n<p dir=\"auto\">Ideale per le acque potabili comunali, i processi industriali e le applicazioni ambientali, offre prestazioni superiori rispetto ai filtri a sabbia tradizionali, con portate pi\u00f9 elevate e cicli operativi pi\u00f9 lunghi. Questa scheda tecnica evidenzia i principali parametri tecnici, le applicazioni e i vantaggi per supportare decisioni di acquisto consapevoli nei mercati globali.<\/p>","protected":false},"featured_media":1381,"template":"","meta":{"site-sidebar-layout":"default","site-content-layout":"","ast-site-content-layout":"default","site-content-style":"default","site-sidebar-style":"default","ast-global-header-display":"","ast-banner-title-visibility":"","ast-main-header-display":"","ast-hfb-above-header-display":"","ast-hfb-below-header-display":"","ast-hfb-mobile-header-display":"","site-post-title":"","ast-breadcrumbs-content":"","ast-featured-img":"","footer-sml-layout":"","ast-disable-related-posts":"","theme-transparent-header-meta":"default","adv-header-id-meta":"","stick-header-meta":"","header-above-stick-meta":"","header-main-stick-meta":"","header-below-stick-meta":"","astra-migrate-meta-layouts":"set","ast-page-background-enabled":"default","ast-page-background-meta":{"desktop":{"background-color":"var(--ast-global-color-4)","background-image":"","background-repeat":"repeat","background-position":"center center","background-size":"auto","background-attachment":"scroll","background-type":"","background-media":"","overlay-type":"","overlay-color":"","overlay-opacity":"","overlay-gradient":""},"tablet":{"background-color":"","background-image":"","background-repeat":"repeat","background-position":"center center","background-size":"auto","background-attachment":"scroll","background-type":"","background-media":"","overlay-type":"","overlay-color":"","overlay-opacity":"","overlay-gradient":""},"mobile":{"background-color":"","background-image":"","background-repeat":"repeat","background-position":"center center","background-size":"auto","background-attachment":"scroll","background-type":"","background-media":"","overlay-type":"","overlay-color":"","overlay-opacity":"","overlay-gradient":""}},"ast-content-background-meta":{"desktop":{"background-color":"var(--ast-global-color-5)","background-image":"","background-repeat":"repeat","background-position":"center center","background-size":"auto","background-attachment":"scroll","background-type":"","background-media":"","overlay-type":"","overlay-color":"","overlay-opacity":"","overlay-gradient":""},"tablet":{"background-color":"var(--ast-global-color-5)","background-image":"","background-repeat":"repeat","background-position":"center center","background-size":"auto","background-attachment":"scroll","background-type":"","background-media":"","overlay-type":"","overlay-color":"","overlay-opacity":"","overlay-gradient":""},"mobile":{"background-color":"var(--ast-global-color-5)","background-image":"","background-repeat":"repeat","background-position":"center center","background-size":"auto","background-attachment":"scroll","background-type":"","background-media":"","overlay-type":"","overlay-color":"","overlay-opacity":"","overlay-gradient":""}}},"product_brand":[],"product_cat":[32],"product_tag":[],"class_list":{"0":"post-1145","1":"product","2":"type-product","3":"status-publish","4":"has-post-thumbnail","6":"product_cat-filter-materials-series","7":"desktop-align-left","8":"tablet-align-left","9":"mobile-align-left","11":"first","12":"instock","13":"shipping-taxable","14":"product-type-simple"},"yoast_head":"<!-- This site is optimized with the Yoast SEO Premium plugin v26.0 (Yoast SEO v27.4) - https:\/\/yoast.com\/product\/yoast-seo-premium-wordpress\/ -->\n<title>Anthracite Filter Media -<\/title>\n<meta name=\"description\" content=\"Anthracite filter media with customizable sizes for water and industrial filtration. Uniform grains, high efficiency, global bulk supply \u2014 YRD Activated Carbon.\" \/>\n<meta name=\"robots\" content=\"index, follow, max-snippet:-1, max-image-preview:large, max-video-preview:-1\" \/>\n<link rel=\"canonical\" href=\"https:\/\/yrdactivatedcarbon.com\/it\/product\/media-filtrante-antracite\/\" \/>\n<meta property=\"og:locale\" content=\"it_IT\" \/>\n<meta property=\"og:type\" content=\"article\" \/>\n<meta property=\"og:title\" content=\"Anthracite Filter Media\" \/>\n<meta property=\"og:description\" content=\"Anthracite filter media with customizable sizes for water and industrial filtration. Uniform grains, high efficiency, global bulk supply \u2014 YRD Activated Carbon.\" \/>\n<meta property=\"og:url\" content=\"https:\/\/yrdactivatedcarbon.com\/it\/product\/media-filtrante-antracite\/\" \/>\n<meta property=\"article:modified_time\" content=\"2025-12-03T09:43:02+00:00\" \/>\n<meta property=\"og:image\" content=\"http:\/\/yrdactivatedcarbon.com\/wp-content\/uploads\/2025\/10\/Coal-based-activated-carbon-1.jpg\" \/>\n\t<meta property=\"og:image:width\" content=\"539\" \/>\n\t<meta property=\"og:image:height\" content=\"550\" \/>\n\t<meta property=\"og:image:type\" content=\"image\/jpeg\" \/>\n<meta name=\"twitter:card\" content=\"summary_large_image\" \/>\n<meta name=\"twitter:label1\" content=\"Tempo di lettura stimato\" \/>\n\t<meta name=\"twitter:data1\" content=\"3 minuti\" \/>\n<script type=\"application\/ld+json\" class=\"yoast-schema-graph\">{\"@context\":\"https:\\\/\\\/schema.org\",\"@graph\":[{\"@type\":\"WebPage\",\"@id\":\"https:\\\/\\\/yrdactivatedcarbon.com\\\/product\\\/anthracite-filter-media\\\/\",\"url\":\"https:\\\/\\\/yrdactivatedcarbon.com\\\/product\\\/anthracite-filter-media\\\/\",\"name\":\"Anthracite Filter Media -\",\"isPartOf\":{\"@id\":\"https:\\\/\\\/yrdactivatedcarbon.com\\\/#website\"},\"primaryImageOfPage\":{\"@id\":\"https:\\\/\\\/yrdactivatedcarbon.com\\\/product\\\/anthracite-filter-media\\\/#primaryimage\"},\"image\":{\"@id\":\"https:\\\/\\\/yrdactivatedcarbon.com\\\/product\\\/anthracite-filter-media\\\/#primaryimage\"},\"thumbnailUrl\":\"https:\\\/\\\/yrdactivatedcarbon.com\\\/wp-content\\\/uploads\\\/2025\\\/10\\\/Coal-based-activated-carbon-1.jpg\",\"datePublished\":\"2025-10-17T09:12:19+00:00\",\"dateModified\":\"2025-12-03T09:43:02+00:00\",\"description\":\"Anthracite filter media with customizable sizes for water and industrial filtration. Uniform grains, high efficiency, global bulk supply \u2014 YRD Activated Carbon.\",\"breadcrumb\":{\"@id\":\"https:\\\/\\\/yrdactivatedcarbon.com\\\/product\\\/anthracite-filter-media\\\/#breadcrumb\"},\"inLanguage\":\"it-IT\",\"potentialAction\":[{\"@type\":\"ReadAction\",\"target\":[\"https:\\\/\\\/yrdactivatedcarbon.com\\\/product\\\/anthracite-filter-media\\\/\"]}]},{\"@type\":\"ImageObject\",\"inLanguage\":\"it-IT\",\"@id\":\"https:\\\/\\\/yrdactivatedcarbon.com\\\/product\\\/anthracite-filter-media\\\/#primaryimage\",\"url\":\"https:\\\/\\\/yrdactivatedcarbon.com\\\/wp-content\\\/uploads\\\/2025\\\/10\\\/Coal-based-activated-carbon-1.jpg\",\"contentUrl\":\"https:\\\/\\\/yrdactivatedcarbon.com\\\/wp-content\\\/uploads\\\/2025\\\/10\\\/Coal-based-activated-carbon-1.jpg\",\"width\":539,\"height\":550},{\"@type\":\"BreadcrumbList\",\"@id\":\"https:\\\/\\\/yrdactivatedcarbon.com\\\/product\\\/anthracite-filter-media\\\/#breadcrumb\",\"itemListElement\":[{\"@type\":\"ListItem\",\"position\":1,\"name\":\"\u9996\u9875\",\"item\":\"https:\\\/\\\/yrdactivatedcarbon.com\\\/\"},{\"@type\":\"ListItem\",\"position\":2,\"name\":\"Products\",\"item\":\"https:\\\/\\\/yrdactivatedcarbon.com\\\/shop__trashed\\\/\"},{\"@type\":\"ListItem\",\"position\":3,\"name\":\"Anthracite Filter Media\"}]},{\"@type\":\"WebSite\",\"@id\":\"https:\\\/\\\/yrdactivatedcarbon.com\\\/#website\",\"url\":\"https:\\\/\\\/yrdactivatedcarbon.com\\\/\",\"name\":\"\",\"description\":\"\",\"publisher\":{\"@id\":\"https:\\\/\\\/yrdactivatedcarbon.com\\\/#\\\/schema\\\/person\\\/581e0ef9031155afdeefbcd492460987\"},\"potentialAction\":[{\"@type\":\"SearchAction\",\"target\":{\"@type\":\"EntryPoint\",\"urlTemplate\":\"https:\\\/\\\/yrdactivatedcarbon.com\\\/?s={search_term_string}\"},\"query-input\":{\"@type\":\"PropertyValueSpecification\",\"valueRequired\":true,\"valueName\":\"search_term_string\"}}],\"inLanguage\":\"it-IT\"},{\"@type\":[\"Person\",\"Organization\"],\"@id\":\"https:\\\/\\\/yrdactivatedcarbon.com\\\/#\\\/schema\\\/person\\\/581e0ef9031155afdeefbcd492460987\",\"name\":\"Admin\",\"image\":{\"@type\":\"ImageObject\",\"inLanguage\":\"it-IT\",\"@id\":\"https:\\\/\\\/yrdactivatedcarbon.com\\\/wp-content\\\/uploads\\\/2025\\\/10\\\/cropped-cropped-cropped-cropped-cropped-Gemini_Generated_Image_csnat5csnat5csna-removebg-preview.png\",\"url\":\"https:\\\/\\\/yrdactivatedcarbon.com\\\/wp-content\\\/uploads\\\/2025\\\/10\\\/cropped-cropped-cropped-cropped-cropped-Gemini_Generated_Image_csnat5csnat5csna-removebg-preview.png\",\"contentUrl\":\"https:\\\/\\\/yrdactivatedcarbon.com\\\/wp-content\\\/uploads\\\/2025\\\/10\\\/cropped-cropped-cropped-cropped-cropped-Gemini_Generated_Image_csnat5csnat5csna-removebg-preview.png\",\"width\":304,\"height\":88,\"caption\":\"Admin\"},\"logo\":{\"@id\":\"https:\\\/\\\/yrdactivatedcarbon.com\\\/wp-content\\\/uploads\\\/2025\\\/10\\\/cropped-cropped-cropped-cropped-cropped-Gemini_Generated_Image_csnat5csnat5csna-removebg-preview.png\"},\"sameAs\":[\"https:\\\/\\\/yrdactivatedcarbon.com\"],\"publishingPrinciples\":\"https:\\\/\\\/yrdactivatedcarbon.com\\\/\",\"ownershipFundingInfo\":\"https:\\\/\\\/yrdactivatedcarbon.com\\\/\"}]}<\/script>\n<!-- \/ Yoast SEO Premium plugin. -->","yoast_head_json":{"title":"Media filtrante antracite -","description":"Materiali filtranti in antracite con dimensioni personalizzabili per la filtrazione dell'acqua e dell'industria. Grani uniformi, alta efficienza, fornitura globale all'ingrosso - carbone attivo YRD.","robots":{"index":"index","follow":"follow","max-snippet":"max-snippet:-1","max-image-preview":"max-image-preview:large","max-video-preview":"max-video-preview:-1"},"canonical":"https:\/\/yrdactivatedcarbon.com\/it\/product\/media-filtrante-antracite\/","og_locale":"it_IT","og_type":"article","og_title":"Anthracite Filter Media","og_description":"Anthracite filter media with customizable sizes for water and industrial filtration. Uniform grains, high efficiency, global bulk supply \u2014 YRD Activated Carbon.","og_url":"https:\/\/yrdactivatedcarbon.com\/it\/product\/media-filtrante-antracite\/","article_modified_time":"2025-12-03T09:43:02+00:00","og_image":[{"width":539,"height":550,"url":"http:\/\/yrdactivatedcarbon.com\/wp-content\/uploads\/2025\/10\/Coal-based-activated-carbon-1.jpg","type":"image\/jpeg"}],"twitter_card":"summary_large_image","twitter_misc":{"Tempo di lettura stimato":"3 minuti"},"schema":{"@context":"https:\/\/schema.org","@graph":[{"@type":"WebPage","@id":"https:\/\/yrdactivatedcarbon.com\/product\/anthracite-filter-media\/","url":"https:\/\/yrdactivatedcarbon.com\/product\/anthracite-filter-media\/","name":"Media filtrante antracite -","isPartOf":{"@id":"https:\/\/yrdactivatedcarbon.com\/#website"},"primaryImageOfPage":{"@id":"https:\/\/yrdactivatedcarbon.com\/product\/anthracite-filter-media\/#primaryimage"},"image":{"@id":"https:\/\/yrdactivatedcarbon.com\/product\/anthracite-filter-media\/#primaryimage"},"thumbnailUrl":"https:\/\/yrdactivatedcarbon.com\/wp-content\/uploads\/2025\/10\/Coal-based-activated-carbon-1.jpg","datePublished":"2025-10-17T09:12:19+00:00","dateModified":"2025-12-03T09:43:02+00:00","description":"Materiali filtranti in antracite con dimensioni personalizzabili per la filtrazione dell'acqua e dell'industria. Grani uniformi, alta efficienza, fornitura globale all'ingrosso - carbone attivo YRD.","breadcrumb":{"@id":"https:\/\/yrdactivatedcarbon.com\/product\/anthracite-filter-media\/#breadcrumb"},"inLanguage":"it-IT","potentialAction":[{"@type":"ReadAction","target":["https:\/\/yrdactivatedcarbon.com\/product\/anthracite-filter-media\/"]}]},{"@type":"ImageObject","inLanguage":"it-IT","@id":"https:\/\/yrdactivatedcarbon.com\/product\/anthracite-filter-media\/#primaryimage","url":"https:\/\/yrdactivatedcarbon.com\/wp-content\/uploads\/2025\/10\/Coal-based-activated-carbon-1.jpg","contentUrl":"https:\/\/yrdactivatedcarbon.com\/wp-content\/uploads\/2025\/10\/Coal-based-activated-carbon-1.jpg","width":539,"height":550},{"@type":"BreadcrumbList","@id":"https:\/\/yrdactivatedcarbon.com\/product\/anthracite-filter-media\/#breadcrumb","itemListElement":[{"@type":"ListItem","position":1,"name":"\u9996\u9875","item":"https:\/\/yrdactivatedcarbon.com\/"},{"@type":"ListItem","position":2,"name":"Products","item":"https:\/\/yrdactivatedcarbon.com\/shop__trashed\/"},{"@type":"ListItem","position":3,"name":"Anthracite Filter Media"}]},{"@type":"WebSite","@id":"https:\/\/yrdactivatedcarbon.com\/#website","url":"https:\/\/yrdactivatedcarbon.com\/","name":"","description":"","publisher":{"@id":"https:\/\/yrdactivatedcarbon.com\/#\/schema\/person\/581e0ef9031155afdeefbcd492460987"},"potentialAction":[{"@type":"SearchAction","target":{"@type":"EntryPoint","urlTemplate":"https:\/\/yrdactivatedcarbon.com\/?s={search_term_string}"},"query-input":{"@type":"PropertyValueSpecification","valueRequired":true,"valueName":"search_term_string"}}],"inLanguage":"it-IT"},{"@type":["Person","Organization"],"@id":"https:\/\/yrdactivatedcarbon.com\/#\/schema\/person\/581e0ef9031155afdeefbcd492460987","name":"Admin","image":{"@type":"ImageObject","inLanguage":"it-IT","@id":"https:\/\/yrdactivatedcarbon.com\/wp-content\/uploads\/2025\/10\/cropped-cropped-cropped-cropped-cropped-Gemini_Generated_Image_csnat5csnat5csna-removebg-preview.png","url":"https:\/\/yrdactivatedcarbon.com\/wp-content\/uploads\/2025\/10\/cropped-cropped-cropped-cropped-cropped-Gemini_Generated_Image_csnat5csnat5csna-removebg-preview.png","contentUrl":"https:\/\/yrdactivatedcarbon.com\/wp-content\/uploads\/2025\/10\/cropped-cropped-cropped-cropped-cropped-Gemini_Generated_Image_csnat5csnat5csna-removebg-preview.png","width":304,"height":88,"caption":"Admin"},"logo":{"@id":"https:\/\/yrdactivatedcarbon.com\/wp-content\/uploads\/2025\/10\/cropped-cropped-cropped-cropped-cropped-Gemini_Generated_Image_csnat5csnat5csna-removebg-preview.png"},"sameAs":["https:\/\/yrdactivatedcarbon.com"],"publishingPrinciples":"https:\/\/yrdactivatedcarbon.com\/","ownershipFundingInfo":"https:\/\/yrdactivatedcarbon.com\/"}]}},"_links":{"self":[{"href":"https:\/\/yrdactivatedcarbon.com\/it\/wp-json\/wp\/v2\/product\/1145","targetHints":{"allow":["GET"]}}],"collection":[{"href":"https:\/\/yrdactivatedcarbon.com\/it\/wp-json\/wp\/v2\/product"}],"about":[{"href":"https:\/\/yrdactivatedcarbon.com\/it\/wp-json\/wp\/v2\/types\/product"}],"version-history":[{"count":4,"href":"https:\/\/yrdactivatedcarbon.com\/it\/wp-json\/wp\/v2\/product\/1145\/revisions"}],"predecessor-version":[{"id":1378,"href":"https:\/\/yrdactivatedcarbon.com\/it\/wp-json\/wp\/v2\/product\/1145\/revisions\/1378"}],"wp:featuredmedia":[{"embeddable":true,"href":"https:\/\/yrdactivatedcarbon.com\/it\/wp-json\/wp\/v2\/media\/1381"}],"wp:attachment":[{"href":"https:\/\/yrdactivatedcarbon.com\/it\/wp-json\/wp\/v2\/media?parent=1145"}],"wp:term":[{"taxonomy":"product_brand","embeddable":true,"href":"https:\/\/yrdactivatedcarbon.com\/it\/wp-json\/wp\/v2\/product_brand?post=1145"},{"taxonomy":"product_cat","embeddable":true,"href":"https:\/\/yrdactivatedcarbon.com\/it\/wp-json\/wp\/v2\/product_cat?post=1145"},{"taxonomy":"product_tag","embeddable":true,"href":"https:\/\/yrdactivatedcarbon.com\/it\/wp-json\/wp\/v2\/product_tag?post=1145"}],"curies":[{"name":"wp","href":"https:\/\/api.w.org\/{rel}","templated":true}]}}