{"id":1616,"date":"2025-10-27T17:38:38","date_gmt":"2025-10-27T09:38:38","guid":{"rendered":"https:\/\/yrdactivatedcarbon.com\/?post_type=product&#038;p=1616"},"modified":"2025-12-03T17:29:10","modified_gmt":"2025-12-03T09:29:10","slug":"carbone-attivo-granulare-gac","status":"publish","type":"product","link":"https:\/\/yrdactivatedcarbon.com\/it\/product\/carbone-attivo-granulare-gac\/","title":{"rendered":"Carbone attivo granulare (GAC)"},"content":{"rendered":"<h2 dir=\"auto\">Specifiche tecniche<\/h2>\n<p dir=\"auto\">La seguente tabella illustra le principali propriet\u00e0 fisiche e chimiche del nostro carbone attivo granulare standard, basate su rigorosi test di laboratorio e allineate con i parametri di riferimento internazionali come gli standard ASTM e AWWA. I valori rappresentano limiti minimi o massimi, a meno che non siano specificati come tipici. Le unit\u00e0 di misura doppie (metriche\/imperiali) sono fornite per compatibilit\u00e0 globale.<\/p>\n<table>\n<thead>\n<tr>\n<th data-col-size=\"lg\">Propriet\u00e0<\/th>\n<th data-col-size=\"lg\">Specifiche<\/th>\n<th data-col-size=\"md\">Metodo di prova<\/th>\n<th data-col-size=\"sm\">Unit\u00e0 (metriche\/imperiali)<\/th>\n<\/tr>\n<\/thead>\n<tbody>\n<tr>\n<td data-col-size=\"lg\">Numero di iodio<\/td>\n<td data-col-size=\"lg\">900 min<\/td>\n<td data-col-size=\"md\">ASTM D4607<\/td>\n<td data-col-size=\"sm\">mg\/g<\/td>\n<\/tr>\n<tr>\n<td data-col-size=\"lg\">Contenuto di umidit\u00e0<\/td>\n<td data-col-size=\"lg\">2% max<\/td>\n<td data-col-size=\"md\">ASTM D2867<\/td>\n<td data-col-size=\"sm\">% in peso<\/td>\n<\/tr>\n<tr>\n<td data-col-size=\"lg\">Densit\u00e0 apparente (accatastata)<\/td>\n<td data-col-size=\"lg\">0,5-0,56 tipico<\/td>\n<td data-col-size=\"md\">ASTM D2854<\/td>\n<td data-col-size=\"sm\">g\/cc (31-35 lb\/ft\u00b3)<\/td>\n<\/tr>\n<tr>\n<td data-col-size=\"lg\">Durezza (Ball-Pan)<\/td>\n<td data-col-size=\"lg\">90 min<\/td>\n<td data-col-size=\"md\">ASTM D3802<\/td>\n<td data-col-size=\"sm\">%<\/td>\n<\/tr>\n<tr>\n<td data-col-size=\"lg\">Numero di abrasione<\/td>\n<td data-col-size=\"lg\">75-80 min<\/td>\n<td data-col-size=\"md\">AWWA B604<\/td>\n<td data-col-size=\"sm\">%<\/td>\n<\/tr>\n<tr>\n<td data-col-size=\"lg\">Dimensione effettiva<\/td>\n<td data-col-size=\"lg\">0.8-1.2<\/td>\n<td data-col-size=\"md\">ASTM D2862<\/td>\n<td data-col-size=\"sm\">mm<\/td>\n<\/tr>\n<tr>\n<td data-col-size=\"lg\">Coefficiente di uniformit\u00e0<\/td>\n<td data-col-size=\"lg\">1,5-1,8 max<\/td>\n<td data-col-size=\"md\">ASTM D2862<\/td>\n<td data-col-size=\"sm\">&#8211;<\/td>\n<\/tr>\n<tr>\n<td data-col-size=\"lg\">Dimensione delle particelle (maglia)<\/td>\n<td data-col-size=\"lg\">8\u00d730 o 12\u00d740<\/td>\n<td data-col-size=\"md\">ASTM D2862<\/td>\n<td data-col-size=\"sm\">Serie di setacci USA<\/td>\n<\/tr>\n<tr>\n<td data-col-size=\"lg\">Contenuto di cenere<\/td>\n<td data-col-size=\"lg\">8-10% max<\/td>\n<td data-col-size=\"md\">ASTM D2866<\/td>\n<td data-col-size=\"sm\">% in peso<\/td>\n<\/tr>\n<tr>\n<td data-col-size=\"lg\">pH (estratto acquoso)<\/td>\n<td data-col-size=\"lg\">8-10 tipico<\/td>\n<td data-col-size=\"md\">ASTM D3838<\/td>\n<td data-col-size=\"sm\">&#8211;<\/td>\n<\/tr>\n<tr>\n<td data-col-size=\"lg\">Capacit\u00e0 di lavoro del butano<\/td>\n<td data-col-size=\"lg\">9 mg\/cc min<\/td>\n<td data-col-size=\"md\">ASTM D5228<\/td>\n<td data-col-size=\"sm\">mg\/cc<\/td>\n<\/tr>\n<tr>\n<td data-col-size=\"lg\">Attivit\u00e0 CTC<\/td>\n<td data-col-size=\"lg\">50-60% tipico<\/td>\n<td data-col-size=\"md\">ASTM D3467<\/td>\n<td data-col-size=\"sm\">% in peso<\/td>\n<\/tr>\n<\/tbody>\n<\/table>\n<p dir=\"auto\">*Nota: le specifiche possono variare leggermente in base alla fonte della materia prima (carbone o guscio di cocco). Sono disponibili formulazioni personalizzate per applicazioni specifiche. Tutti i dati sulle prestazioni sono verificabili attraverso risultati di laboratorio indipendenti.<\/p>\n<h2 dir=\"auto\">Applicazioni<\/h2>\n<p dir=\"auto\">Il carbone attivo granulare \u00e8 un mezzo di filtrazione versatile e di provata efficacia in diversi settori. Gli usi principali includono:<\/p>\n<ul dir=\"auto\">\n<li><strong>Trattamento dell'acqua potabile<\/strong>: Rimozione di cloro, clorammine, composti di sapore\/odore (ad esempio, MIB e geosmina) e contaminanti organici come PFAS, erbicidi e tossine algali pericolose (HAB) da fonti di acqua superficiale e sotterranea.<\/li>\n<li><strong>Risanamento delle acque reflue e industriali<\/strong>: Adsorbimento di COV, idrocarburi petroliferi (ad esempio, BTEX), policlorobifenili (PCB) e metalli pesanti dagli effluenti industriali, garantendo la conformit\u00e0 alle normative ambientali.<\/li>\n<li><strong>Purificazione di aria e gas<\/strong>: Eliminazione di odori, gas pericolosi (ad esempio, idrogeno solforato) e sostanze organiche volatili nei sistemi di ventilazione, nel trattamento del biogas e negli scarichi industriali.<\/li>\n<li><strong>Lavorazione di alimenti e bevande<\/strong>: Decolorazione, purificazione e rimozione delle impurit\u00e0 nei flussi di acqua per l'imbottigliamento, la produzione di birra e il settore farmaceutico.<\/li>\n<li><strong>Bonifica ambientale e delle acque sotterranee<\/strong>: Efficace nei sistemi pump-and-treat per la bonifica dei siti, compresi i residui della combustione del carbone (CCR) e il recupero dei solventi.<\/li>\n<li><strong>Filtrazione per acquari e laghetti<\/strong>: Mantiene l'acqua limpida e priva di contaminanti per gli ambienti acquatici.<\/li>\n<\/ul>\n<p dir=\"auto\">Concentrandosi sull'efficienza dell'adsorbimento, il GAC risponde ai principali punti critici degli acquirenti, come la conformit\u00e0 alle normative, l'affidabilit\u00e0 operativa e il risparmio sui costi grazie alla riduzione dell'uso di prodotti chimici e alla maggiore durata.<\/p>\n<p><a dir=\"auto\" style=\"display: inline-block; padding: 12px 28px; border-radius: 999px; background: #0067ff; color: #ffffff; font-size: 20px; font-weight: 600; text-decoration: none; cursor: pointer;\" href=\"mailto:info@yrdcarbon.com\">Ottenere campioni gratuiti di qualit\u00e0 da testare<\/a><\/p>\n<h2 dir=\"auto\">Certificazioni e standard<\/h2>\n<ul dir=\"auto\">\n<li><strong>Conformit\u00e0 alla qualit\u00e0 e alla sicurezza<\/strong>: Certificato NSF\/ANSI 61 per applicazioni nell'acqua potabile; AWWA B604 per il carbone attivo granulare; conforme al Codex sulle sostanze alimentari.<\/li>\n<li><strong>Standard internazionali<\/strong>: Aderisce alle norme ASTM (ad esempio, D4607 per lo iodio, D3802 per la durezza), ISO (ad esempio, requisiti generali per il carbone attivo) ed EN 12915 per i carboni per il trattamento delle acque.<\/li>\n<li><strong>Ambiente e normative<\/strong>: Conformi alla normativa REACH per i mercati dell'UE; opzioni certificate Halal e Kosher disponibili; metalli a bassa estraibilit\u00e0 per soddisfare le normative sul commercio globale.<\/li>\n<li><strong>Test e convalida<\/strong>: Tutti i lotti sono sottoposti a verifica di laboratorio da parte di terzi per le prestazioni dichiarate, con certificati di analisi forniti su richiesta.<\/li>\n<\/ul>\n<h2 dir=\"auto\">Imballaggio e manipolazione<\/h2>\n<ul dir=\"auto\">\n<li><strong>Imballaggio standard<\/strong>: Disponibili in sacchi multistrato da 25 kg (55 lb), super sacchi da 500-1000 kg (1100-2200 lb) o rimorchi pneumatici per spedizioni di grandi volumi.<\/li>\n<li><strong>Raccomandazioni per la conservazione<\/strong>: Conservare in un luogo asciutto e coperto, lontano da forti ossidanti. La durata di conservazione supera i 5 anni in condizioni adeguate.<\/li>\n<li><strong>Linee guida per la manipolazione<\/strong>: Utilizzare i DPI appropriati (guanti, maschera antipolvere) durante il trasferimento. Eseguire il controlavaggio delle nuove installazioni secondo le linee guida del produttore per rimuovere le particelle fini e garantire prestazioni ottimali (ad esempio, un'immersione iniziale per oltre 16 ore seguita da portate graduali fino a 18,5 gpm\/ft\u00b2).<\/li>\n<li><strong>Trasporto<\/strong>: Non pericoloso secondo le norme ONU; adatto per la spedizione internazionale con codice HS 3802.10.<\/li>\n<\/ul>\n<h2 dir=\"auto\">Informazioni sulla sicurezza<\/h2>\n<p dir=\"auto\">Il carbone attivo bagnato riduce l'ossigeno negli spazi chiusi: garantire una ventilazione adeguata e seguire le procedure di ingresso negli spazi confinati. Non \u00e8 infiammabile ma pu\u00f2 favorire la combustione; evitare il contatto con forti ossidanti. In caso di esposizione alla polvere, sciacquare gli occhi\/la pelle con acqua. Consultare la SDS per tutti i dettagli. Per le emergenze, contattare le autorit\u00e0 locali.<\/p>\n<p><a dir=\"auto\" style=\"display: inline-block; padding: 12px 28px; border-radius: 999px; background: #0067ff; color: #ffffff; font-size: 20px; font-weight: 600; text-decoration: none; cursor: pointer;\" href=\"mailto:info@yrdcarbon.com\">Ottenere campioni gratuiti di qualit\u00e0 da testare<\/a><\/p>","protected":false},"excerpt":{"rendered":"<p><a dir=\"auto\" style=\"display: inline-block; padding: 12px 28px; border-radius: 999px; background: #0067ff; color: #ffffff; font-size: 20px; font-weight: 600; text-decoration: none; cursor: pointer; \" href=\"mailto:info@yrdcarbon.com\">Ottenere campioni gratuiti di qualit\u00e0 da testare<\/a><\/p>\n<p dir=\"auto\">Il carbone attivo granulare (GAC) \u00e8 un materiale adsorbente altamente poroso, attivato a vapore, derivato da qualit\u00e0 selezionate di carbone bituminoso o guscio di noce di cocco, progettato per una rimozione superiore di contaminanti organici e inorganici disciolti nelle applicazioni di purificazione dell'acqua e dell'aria.<\/p>\n<p dir=\"auto\">Grazie all'ampia superficie interna (in genere 800-1200 m\u00b2\/g), il GAC eccelle nei processi di adsorbimento, eliminando efficacemente i composti di gusto e odore, i composti organici volatili (VOC), i solventi clorurati e altre impurit\u00e0 per garantire un risultato di alta qualit\u00e0 nel trattamento dell'acqua potabile, nella bonifica delle acque reflue e nei processi industriali. Questo prodotto \u00e8 progettato per durare nel tempo, con un'elevata resistenza all'abrasione e alla meccanica, che lo rende ideale per i sistemi di filtrazione a letto fisso in cui sono frequenti i ripetuti controlavaggi e il trasporto idraulico.<\/p>","protected":false},"featured_media":1617,"template":"","meta":{"site-sidebar-layout":"default","site-content-layout":"","ast-site-content-layout":"default","site-content-style":"default","site-sidebar-style":"default","ast-global-header-display":"","ast-banner-title-visibility":"","ast-main-header-display":"","ast-hfb-above-header-display":"","ast-hfb-below-header-display":"","ast-hfb-mobile-header-display":"","site-post-title":"","ast-breadcrumbs-content":"","ast-featured-img":"","footer-sml-layout":"","ast-disable-related-posts":"","theme-transparent-header-meta":"default","adv-header-id-meta":"","stick-header-meta":"","header-above-stick-meta":"","header-main-stick-meta":"","header-below-stick-meta":"","astra-migrate-meta-layouts":"set","ast-page-background-enabled":"default","ast-page-background-meta":{"desktop":{"background-color":"var(--ast-global-color-4)","background-image":"","background-repeat":"repeat","background-position":"center center","background-size":"auto","background-attachment":"scroll","background-type":"","background-media":"","overlay-type":"","overlay-color":"","overlay-opacity":"","overlay-gradient":""},"tablet":{"background-color":"","background-image":"","background-repeat":"repeat","background-position":"center center","background-size":"auto","background-attachment":"scroll","background-type":"","background-media":"","overlay-type":"","overlay-color":"","overlay-opacity":"","overlay-gradient":""},"mobile":{"background-color":"","background-image":"","background-repeat":"repeat","background-position":"center center","background-size":"auto","background-attachment":"scroll","background-type":"","background-media":"","overlay-type":"","overlay-color":"","overlay-opacity":"","overlay-gradient":""}},"ast-content-background-meta":{"desktop":{"background-color":"var(--ast-global-color-5)","background-image":"","background-repeat":"repeat","background-position":"center center","background-size":"auto","background-attachment":"scroll","background-type":"","background-media":"","overlay-type":"","overlay-color":"","overlay-opacity":"","overlay-gradient":""},"tablet":{"background-color":"var(--ast-global-color-5)","background-image":"","background-repeat":"repeat","background-position":"center center","background-size":"auto","background-attachment":"scroll","background-type":"","background-media":"","overlay-type":"","overlay-color":"","overlay-opacity":"","overlay-gradient":""},"mobile":{"background-color":"var(--ast-global-color-5)","background-image":"","background-repeat":"repeat","background-position":"center center","background-size":"auto","background-attachment":"scroll","background-type":"","background-media":"","overlay-type":"","overlay-color":"","overlay-opacity":"","overlay-gradient":""}}},"product_brand":[],"product_cat":[15],"product_tag":[],"class_list":{"0":"post-1616","1":"product","2":"type-product","3":"status-publish","4":"has-post-thumbnail","6":"product_cat-activated-carbon-series","7":"desktop-align-left","8":"tablet-align-left","9":"mobile-align-left","11":"first","12":"instock","13":"shipping-taxable","14":"product-type-simple"},"yoast_head":"<!-- This site is optimized with the Yoast SEO Premium plugin v26.0 (Yoast SEO v27.4) - https:\/\/yoast.com\/product\/yoast-seo-premium-wordpress\/ -->\n<title>Granular Activated Carbon (GAC)<\/title>\n<meta name=\"description\" content=\"Discover high-performance Granular Activated Carbon (GAC) for water and air purification. Ideal for industrial filtration, wastewater treatment, and potable water systems. Compliant with ASTM, ISO standards. Bulk supply for B2B buyers worldwide.\" \/>\n<meta name=\"robots\" content=\"index, follow, max-snippet:-1, max-image-preview:large, max-video-preview:-1\" \/>\n<link rel=\"canonical\" href=\"https:\/\/yrdactivatedcarbon.com\/it\/product\/carbone-attivo-granulare-gac\/\" \/>\n<meta property=\"og:locale\" content=\"it_IT\" \/>\n<meta property=\"og:type\" content=\"article\" \/>\n<meta property=\"og:title\" content=\"Granular Activated Carbon (GAC)\" \/>\n<meta property=\"og:description\" content=\"Discover high-performance Granular Activated Carbon (GAC) for water and air purification. Ideal for industrial filtration, wastewater treatment, and potable water systems. Compliant with ASTM, ISO standards. Bulk supply for B2B buyers worldwide.\" \/>\n<meta property=\"og:url\" content=\"https:\/\/yrdactivatedcarbon.com\/it\/product\/carbone-attivo-granulare-gac\/\" \/>\n<meta property=\"article:modified_time\" content=\"2025-12-03T09:29:10+00:00\" \/>\n<meta property=\"og:image\" content=\"http:\/\/yrdactivatedcarbon.com\/wp-content\/uploads\/2025\/10\/Granular-activated-carbon-fact-sheet.jpg\" \/>\n\t<meta property=\"og:image:width\" content=\"1200\" \/>\n\t<meta property=\"og:image:height\" content=\"679\" \/>\n\t<meta property=\"og:image:type\" content=\"image\/jpeg\" \/>\n<meta name=\"twitter:card\" content=\"summary_large_image\" \/>\n<meta name=\"twitter:label1\" content=\"Tempo di lettura stimato\" \/>\n\t<meta name=\"twitter:data1\" content=\"3 minuti\" \/>\n<script type=\"application\/ld+json\" class=\"yoast-schema-graph\">{\"@context\":\"https:\\\/\\\/schema.org\",\"@graph\":[{\"@type\":\"WebPage\",\"@id\":\"https:\\\/\\\/yrdactivatedcarbon.com\\\/product\\\/granular-activated-carbon-gac\\\/\",\"url\":\"https:\\\/\\\/yrdactivatedcarbon.com\\\/product\\\/granular-activated-carbon-gac\\\/\",\"name\":\"Granular Activated Carbon (GAC)\",\"isPartOf\":{\"@id\":\"https:\\\/\\\/yrdactivatedcarbon.com\\\/#website\"},\"primaryImageOfPage\":{\"@id\":\"https:\\\/\\\/yrdactivatedcarbon.com\\\/product\\\/granular-activated-carbon-gac\\\/#primaryimage\"},\"image\":{\"@id\":\"https:\\\/\\\/yrdactivatedcarbon.com\\\/product\\\/granular-activated-carbon-gac\\\/#primaryimage\"},\"thumbnailUrl\":\"https:\\\/\\\/yrdactivatedcarbon.com\\\/wp-content\\\/uploads\\\/2025\\\/10\\\/Granular-activated-carbon-fact-sheet.jpg\",\"datePublished\":\"2025-10-27T09:38:38+00:00\",\"dateModified\":\"2025-12-03T09:29:10+00:00\",\"description\":\"Discover high-performance Granular Activated Carbon (GAC) for water and air purification. Ideal for industrial filtration, wastewater treatment, and potable water systems. Compliant with ASTM, ISO standards. Bulk supply for B2B buyers worldwide.\",\"breadcrumb\":{\"@id\":\"https:\\\/\\\/yrdactivatedcarbon.com\\\/product\\\/granular-activated-carbon-gac\\\/#breadcrumb\"},\"inLanguage\":\"it-IT\",\"potentialAction\":[{\"@type\":\"ReadAction\",\"target\":[\"https:\\\/\\\/yrdactivatedcarbon.com\\\/product\\\/granular-activated-carbon-gac\\\/\"]}]},{\"@type\":\"ImageObject\",\"inLanguage\":\"it-IT\",\"@id\":\"https:\\\/\\\/yrdactivatedcarbon.com\\\/product\\\/granular-activated-carbon-gac\\\/#primaryimage\",\"url\":\"https:\\\/\\\/yrdactivatedcarbon.com\\\/wp-content\\\/uploads\\\/2025\\\/10\\\/Granular-activated-carbon-fact-sheet.jpg\",\"contentUrl\":\"https:\\\/\\\/yrdactivatedcarbon.com\\\/wp-content\\\/uploads\\\/2025\\\/10\\\/Granular-activated-carbon-fact-sheet.jpg\",\"width\":1200,\"height\":679},{\"@type\":\"BreadcrumbList\",\"@id\":\"https:\\\/\\\/yrdactivatedcarbon.com\\\/product\\\/granular-activated-carbon-gac\\\/#breadcrumb\",\"itemListElement\":[{\"@type\":\"ListItem\",\"position\":1,\"name\":\"\u9996\u9875\",\"item\":\"https:\\\/\\\/yrdactivatedcarbon.com\\\/\"},{\"@type\":\"ListItem\",\"position\":2,\"name\":\"Products\",\"item\":\"https:\\\/\\\/yrdactivatedcarbon.com\\\/shop__trashed\\\/\"},{\"@type\":\"ListItem\",\"position\":3,\"name\":\"Granular Activated Carbon (GAC)\"}]},{\"@type\":\"WebSite\",\"@id\":\"https:\\\/\\\/yrdactivatedcarbon.com\\\/#website\",\"url\":\"https:\\\/\\\/yrdactivatedcarbon.com\\\/\",\"name\":\"\",\"description\":\"\",\"publisher\":{\"@id\":\"https:\\\/\\\/yrdactivatedcarbon.com\\\/#\\\/schema\\\/person\\\/581e0ef9031155afdeefbcd492460987\"},\"potentialAction\":[{\"@type\":\"SearchAction\",\"target\":{\"@type\":\"EntryPoint\",\"urlTemplate\":\"https:\\\/\\\/yrdactivatedcarbon.com\\\/?s={search_term_string}\"},\"query-input\":{\"@type\":\"PropertyValueSpecification\",\"valueRequired\":true,\"valueName\":\"search_term_string\"}}],\"inLanguage\":\"it-IT\"},{\"@type\":[\"Person\",\"Organization\"],\"@id\":\"https:\\\/\\\/yrdactivatedcarbon.com\\\/#\\\/schema\\\/person\\\/581e0ef9031155afdeefbcd492460987\",\"name\":\"Admin\",\"image\":{\"@type\":\"ImageObject\",\"inLanguage\":\"it-IT\",\"@id\":\"https:\\\/\\\/yrdactivatedcarbon.com\\\/wp-content\\\/uploads\\\/2025\\\/10\\\/cropped-cropped-cropped-cropped-cropped-Gemini_Generated_Image_csnat5csnat5csna-removebg-preview.png\",\"url\":\"https:\\\/\\\/yrdactivatedcarbon.com\\\/wp-content\\\/uploads\\\/2025\\\/10\\\/cropped-cropped-cropped-cropped-cropped-Gemini_Generated_Image_csnat5csnat5csna-removebg-preview.png\",\"contentUrl\":\"https:\\\/\\\/yrdactivatedcarbon.com\\\/wp-content\\\/uploads\\\/2025\\\/10\\\/cropped-cropped-cropped-cropped-cropped-Gemini_Generated_Image_csnat5csnat5csna-removebg-preview.png\",\"width\":304,\"height\":88,\"caption\":\"Admin\"},\"logo\":{\"@id\":\"https:\\\/\\\/yrdactivatedcarbon.com\\\/wp-content\\\/uploads\\\/2025\\\/10\\\/cropped-cropped-cropped-cropped-cropped-Gemini_Generated_Image_csnat5csnat5csna-removebg-preview.png\"},\"sameAs\":[\"https:\\\/\\\/yrdactivatedcarbon.com\"],\"publishingPrinciples\":\"https:\\\/\\\/yrdactivatedcarbon.com\\\/\",\"ownershipFundingInfo\":\"https:\\\/\\\/yrdactivatedcarbon.com\\\/\"}]}<\/script>\n<!-- \/ Yoast SEO Premium plugin. -->","yoast_head_json":{"title":"Carbone attivo granulare (GAC)","description":"Scoprite il carbone attivo granulare (GAC) ad alte prestazioni per la purificazione dell'acqua e dell'aria. Ideale per la filtrazione industriale, il trattamento delle acque reflue e i sistemi di acqua potabile. Conforme agli standard ASTM e ISO. Fornitura in blocco per acquirenti B2B in tutto il mondo.","robots":{"index":"index","follow":"follow","max-snippet":"max-snippet:-1","max-image-preview":"max-image-preview:large","max-video-preview":"max-video-preview:-1"},"canonical":"https:\/\/yrdactivatedcarbon.com\/it\/product\/carbone-attivo-granulare-gac\/","og_locale":"it_IT","og_type":"article","og_title":"Granular Activated Carbon (GAC)","og_description":"Discover high-performance Granular Activated Carbon (GAC) for water and air purification. Ideal for industrial filtration, wastewater treatment, and potable water systems. Compliant with ASTM, ISO standards. Bulk supply for B2B buyers worldwide.","og_url":"https:\/\/yrdactivatedcarbon.com\/it\/product\/carbone-attivo-granulare-gac\/","article_modified_time":"2025-12-03T09:29:10+00:00","og_image":[{"width":1200,"height":679,"url":"http:\/\/yrdactivatedcarbon.com\/wp-content\/uploads\/2025\/10\/Granular-activated-carbon-fact-sheet.jpg","type":"image\/jpeg"}],"twitter_card":"summary_large_image","twitter_misc":{"Tempo di lettura stimato":"3 minuti"},"schema":{"@context":"https:\/\/schema.org","@graph":[{"@type":"WebPage","@id":"https:\/\/yrdactivatedcarbon.com\/product\/granular-activated-carbon-gac\/","url":"https:\/\/yrdactivatedcarbon.com\/product\/granular-activated-carbon-gac\/","name":"Carbone attivo granulare (GAC)","isPartOf":{"@id":"https:\/\/yrdactivatedcarbon.com\/#website"},"primaryImageOfPage":{"@id":"https:\/\/yrdactivatedcarbon.com\/product\/granular-activated-carbon-gac\/#primaryimage"},"image":{"@id":"https:\/\/yrdactivatedcarbon.com\/product\/granular-activated-carbon-gac\/#primaryimage"},"thumbnailUrl":"https:\/\/yrdactivatedcarbon.com\/wp-content\/uploads\/2025\/10\/Granular-activated-carbon-fact-sheet.jpg","datePublished":"2025-10-27T09:38:38+00:00","dateModified":"2025-12-03T09:29:10+00:00","description":"Scoprite il carbone attivo granulare (GAC) ad alte prestazioni per la purificazione dell'acqua e dell'aria. Ideale per la filtrazione industriale, il trattamento delle acque reflue e i sistemi di acqua potabile. Conforme agli standard ASTM e ISO. Fornitura in blocco per acquirenti B2B in tutto il mondo.","breadcrumb":{"@id":"https:\/\/yrdactivatedcarbon.com\/product\/granular-activated-carbon-gac\/#breadcrumb"},"inLanguage":"it-IT","potentialAction":[{"@type":"ReadAction","target":["https:\/\/yrdactivatedcarbon.com\/product\/granular-activated-carbon-gac\/"]}]},{"@type":"ImageObject","inLanguage":"it-IT","@id":"https:\/\/yrdactivatedcarbon.com\/product\/granular-activated-carbon-gac\/#primaryimage","url":"https:\/\/yrdactivatedcarbon.com\/wp-content\/uploads\/2025\/10\/Granular-activated-carbon-fact-sheet.jpg","contentUrl":"https:\/\/yrdactivatedcarbon.com\/wp-content\/uploads\/2025\/10\/Granular-activated-carbon-fact-sheet.jpg","width":1200,"height":679},{"@type":"BreadcrumbList","@id":"https:\/\/yrdactivatedcarbon.com\/product\/granular-activated-carbon-gac\/#breadcrumb","itemListElement":[{"@type":"ListItem","position":1,"name":"\u9996\u9875","item":"https:\/\/yrdactivatedcarbon.com\/"},{"@type":"ListItem","position":2,"name":"Products","item":"https:\/\/yrdactivatedcarbon.com\/shop__trashed\/"},{"@type":"ListItem","position":3,"name":"Granular Activated Carbon (GAC)"}]},{"@type":"WebSite","@id":"https:\/\/yrdactivatedcarbon.com\/#website","url":"https:\/\/yrdactivatedcarbon.com\/","name":"","description":"","publisher":{"@id":"https:\/\/yrdactivatedcarbon.com\/#\/schema\/person\/581e0ef9031155afdeefbcd492460987"},"potentialAction":[{"@type":"SearchAction","target":{"@type":"EntryPoint","urlTemplate":"https:\/\/yrdactivatedcarbon.com\/?s={search_term_string}"},"query-input":{"@type":"PropertyValueSpecification","valueRequired":true,"valueName":"search_term_string"}}],"inLanguage":"it-IT"},{"@type":["Person","Organization"],"@id":"https:\/\/yrdactivatedcarbon.com\/#\/schema\/person\/581e0ef9031155afdeefbcd492460987","name":"Admin","image":{"@type":"ImageObject","inLanguage":"it-IT","@id":"https:\/\/yrdactivatedcarbon.com\/wp-content\/uploads\/2025\/10\/cropped-cropped-cropped-cropped-cropped-Gemini_Generated_Image_csnat5csnat5csna-removebg-preview.png","url":"https:\/\/yrdactivatedcarbon.com\/wp-content\/uploads\/2025\/10\/cropped-cropped-cropped-cropped-cropped-Gemini_Generated_Image_csnat5csnat5csna-removebg-preview.png","contentUrl":"https:\/\/yrdactivatedcarbon.com\/wp-content\/uploads\/2025\/10\/cropped-cropped-cropped-cropped-cropped-Gemini_Generated_Image_csnat5csnat5csna-removebg-preview.png","width":304,"height":88,"caption":"Admin"},"logo":{"@id":"https:\/\/yrdactivatedcarbon.com\/wp-content\/uploads\/2025\/10\/cropped-cropped-cropped-cropped-cropped-Gemini_Generated_Image_csnat5csnat5csna-removebg-preview.png"},"sameAs":["https:\/\/yrdactivatedcarbon.com"],"publishingPrinciples":"https:\/\/yrdactivatedcarbon.com\/","ownershipFundingInfo":"https:\/\/yrdactivatedcarbon.com\/"}]}},"_links":{"self":[{"href":"https:\/\/yrdactivatedcarbon.com\/it\/wp-json\/wp\/v2\/product\/1616","targetHints":{"allow":["GET"]}}],"collection":[{"href":"https:\/\/yrdactivatedcarbon.com\/it\/wp-json\/wp\/v2\/product"}],"about":[{"href":"https:\/\/yrdactivatedcarbon.com\/it\/wp-json\/wp\/v2\/types\/product"}],"version-history":[{"count":5,"href":"https:\/\/yrdactivatedcarbon.com\/it\/wp-json\/wp\/v2\/product\/1616\/revisions"}],"predecessor-version":[{"id":1619,"href":"https:\/\/yrdactivatedcarbon.com\/it\/wp-json\/wp\/v2\/product\/1616\/revisions\/1619"}],"wp:featuredmedia":[{"embeddable":true,"href":"https:\/\/yrdactivatedcarbon.com\/it\/wp-json\/wp\/v2\/media\/1617"}],"wp:attachment":[{"href":"https:\/\/yrdactivatedcarbon.com\/it\/wp-json\/wp\/v2\/media?parent=1616"}],"wp:term":[{"taxonomy":"product_brand","embeddable":true,"href":"https:\/\/yrdactivatedcarbon.com\/it\/wp-json\/wp\/v2\/product_brand?post=1616"},{"taxonomy":"product_cat","embeddable":true,"href":"https:\/\/yrdactivatedcarbon.com\/it\/wp-json\/wp\/v2\/product_cat?post=1616"},{"taxonomy":"product_tag","embeddable":true,"href":"https:\/\/yrdactivatedcarbon.com\/it\/wp-json\/wp\/v2\/product_tag?post=1616"}],"curies":[{"name":"wp","href":"https:\/\/api.w.org\/{rel}","templated":true}]}}