{"id":1135,"date":"2025-10-17T17:09:54","date_gmt":"2025-10-17T09:09:54","guid":{"rendered":"https:\/\/yrdactivatedcarbon.com\/?post_type=product&#038;p=1135"},"modified":"2025-12-03T17:48:30","modified_gmt":"2025-12-03T09:48:30","slug":"carvao-ativado-de-casca-de-coco","status":"publish","type":"product","link":"https:\/\/yrdactivatedcarbon.com\/pt\/product\/carvao-ativado-de-casca-de-coco\/","title":{"rendered":"Carv\u00e3o ativado de casca de coco"},"content":{"rendered":"<div data-elementor-type=\"product-post\" data-elementor-id=\"1135\" class=\"elementor elementor-1135\" data-elementor-post-type=\"product\">\n\t\t\t\t<div class=\"elementor-element elementor-element-2c957d04 e-flex e-con-boxed e-con e-parent\" data-id=\"2c957d04\" data-element_type=\"container\" data-e-type=\"container\">\n\t\t\t\t\t<div class=\"e-con-inner\">\n\t\t\t\t<div class=\"elementor-element elementor-element-44b91743 elementor-widget elementor-widget-text-editor\" data-id=\"44b91743\" data-element_type=\"widget\" data-e-type=\"widget\" data-widget_type=\"text-editor.default\">\n\t\t\t\t<div class=\"elementor-widget-container\">\n\t\t\t\t\t\t\t\t\t<h2 dir=\"auto\">Especifica\u00e7\u00f5es t\u00e9cnicas<\/h2><p dir=\"auto\">A tabela a seguir descreve as propriedades f\u00edsicas e qu\u00edmicas padr\u00e3o do nosso carv\u00e3o ativado de casca de coco. Esses par\u00e2metros s\u00e3o baseados em m\u00e9todos de teste padr\u00e3o do setor e podem ser personalizados para atender a requisitos espec\u00edficos do cliente.<\/p><table><thead><tr><th data-col-size=\"lg\">Par\u00e2metro<\/th><th data-col-size=\"lg\">Especifica\u00e7\u00e3o<\/th><th data-col-size=\"sm\">M\u00e9todo de teste<\/th><\/tr><\/thead><tbody><tr><td data-col-size=\"lg\">Mat\u00e9ria-prima<\/td><td data-col-size=\"lg\">100% Casca de coco<\/td><td data-col-size=\"sm\">&#8211;<\/td><\/tr><tr><td data-col-size=\"lg\">Apar\u00eancia<\/td><td data-col-size=\"lg\">Granulado preto<\/td><td data-col-size=\"sm\">Visual<\/td><\/tr><tr><td data-col-size=\"lg\">Tamanho da malha (peneira americana)<\/td><td data-col-size=\"lg\">4\u00d78, 8\u00d730, 12\u00d740 (personaliz\u00e1vel)<\/td><td data-col-size=\"sm\">ASTM D2862<\/td><\/tr><tr><td data-col-size=\"lg\">N\u00famero de iodo<\/td><td data-col-size=\"lg\">800-1200 mg\/g min<\/td><td data-col-size=\"sm\">ASTM D4607<\/td><\/tr><tr><td data-col-size=\"lg\">Atividade de CTC (tetracloreto de carbono)<\/td><td data-col-size=\"lg\">50-70% min<\/td><td data-col-size=\"sm\">ASTM D3467<\/td><\/tr><tr><td data-col-size=\"lg\">Dureza<\/td><td data-col-size=\"lg\">95-98% min<\/td><td data-col-size=\"sm\">ASTM D3802<\/td><\/tr><tr><td data-col-size=\"lg\">Conte\u00fado de cinzas<\/td><td data-col-size=\"lg\">3-5% m\u00e1ximo<\/td><td data-col-size=\"sm\">ASTM D2866<\/td><\/tr><tr><td data-col-size=\"lg\">Teor de umidade<\/td><td data-col-size=\"lg\">5% m\u00e1ximo<\/td><td data-col-size=\"sm\">ASTM D2867<\/td><\/tr><tr><td data-col-size=\"lg\">Densidade a granel<\/td><td data-col-size=\"lg\">0,45-0,55 g\/cm\u00b3<\/td><td data-col-size=\"sm\">ASTM D2854<\/td><\/tr><tr><td data-col-size=\"lg\">Valor do pH<\/td><td data-col-size=\"lg\">9-11<\/td><td data-col-size=\"sm\">ASTM D3838<\/td><\/tr><tr><td data-col-size=\"lg\">\u00c1rea de superf\u00edcie (BET)<\/td><td data-col-size=\"lg\">800-1200 m\u00b2\/g<\/td><td data-col-size=\"sm\">ASTM D6556<\/td><\/tr><tr><td data-col-size=\"lg\">Volume de poros<\/td><td data-col-size=\"lg\">0,8-1,0 cm\u00b3\/g<\/td><td data-col-size=\"sm\">&#8211;<\/td><\/tr><\/tbody><\/table><p dir=\"auto\">Observa\u00e7\u00e3o: todos os valores s\u00e3o t\u00edpicos e est\u00e3o sujeitos a varia\u00e7\u00f5es de lote. O produto atende ou excede os padr\u00f5es AWWA B604 para carv\u00e3o ativado granular.<\/p><p style=\"text-align: center;\"><a dir=\"auto\" style=\"display: inline-block; padding: 12px 28px; border-radius: 999px; background: #0067ff; color: #ffffff; font-size: 20px; font-weight: 600; text-decoration: none; cursor: pointer;\" href=\"mailto:info@yrdcarbon.com\">Obtenha amostras gratuitas de qualidade para teste<\/a><\/p><h2 dir=\"auto\">Processo de produ\u00e7\u00e3o<\/h2><p dir=\"auto\">Nosso carv\u00e3o ativado de casca de coco \u00e9 produzido por meio de um processo de dois est\u00e1gios para garantir a qualidade ideal:<\/p><ol dir=\"auto\"><li><strong>Carboniza\u00e7\u00e3o<\/strong>: As cascas de coco s\u00e3o pirolisadas a 600-850\u00b0C em uma atmosfera inerte para formar carv\u00e3o vegetal, removendo os vol\u00e1teis e criando uma base rica em carbono.<\/li><li><strong>Ativa\u00e7\u00e3o<\/strong>: O carv\u00e3o vegetal \u00e9 submetido \u00e0 ativa\u00e7\u00e3o qu\u00edmica ou a vapor (por exemplo, com \u00e1cido fosf\u00f3rico) em altas temperaturas para desenvolver uma vasta estrutura interna de poros, aumentando a capacidade de adsor\u00e7\u00e3o.<\/li><\/ol><p dir=\"auto\">Esse processo utiliza cascas de coco renov\u00e1veis, promovendo a sustentabilidade e reduzindo o impacto ambiental em compara\u00e7\u00e3o com alternativas baseadas em combust\u00edveis f\u00f3sseis<\/p><h2 dir=\"auto\">Aplicativos<\/h2><p dir=\"auto\">O carv\u00e3o ativado de casca de coco se destaca em uma ampla gama de setores devido \u00e0 sua natureza microporosa, que \u00e9 particularmente eficaz na adsor\u00e7\u00e3o de contaminantes de mol\u00e9culas pequenas. As aplica\u00e7\u00f5es comuns incluem:<\/p><ul dir=\"auto\"><li><strong>Purifica\u00e7\u00e3o de \u00e1gua<\/strong>: Remo\u00e7\u00e3o de cloro, compostos org\u00e2nicos, pesticidas e metais pesados em sistemas municipais e industriais de tratamento de \u00e1gua.<\/li><li><strong>Tratamento de \u00e1guas residuais<\/strong>: Adsor\u00e7\u00e3o eficiente de corantes, fen\u00f3is e compostos org\u00e2nicos vol\u00e1teis (VOCs) em fluxos de efluentes.<\/li><li><strong>Purifica\u00e7\u00e3o de ar e g\u00e1s<\/strong>: Elimina\u00e7\u00e3o de odores, solventes e gases nocivos em sistemas HVAC, respiradores e exaust\u00e3o industrial.<\/li><li><strong>Recupera\u00e7\u00e3o de metais preciosos<\/strong>: Adsor\u00e7\u00e3o de ouro em opera\u00e7\u00f5es de minera\u00e7\u00e3o para extra\u00e7\u00e3o de alto rendimento.<\/li><li><strong>Processamento de alimentos e bebidas<\/strong>: Descolora\u00e7\u00e3o e purifica\u00e7\u00e3o no refino de a\u00e7\u00facar, produ\u00e7\u00e3o de bebidas e processamento de \u00f3leo comest\u00edvel.<\/li><li><strong>Farmac\u00eautico e m\u00e9dico<\/strong>: Desintoxica\u00e7\u00e3o de emerg\u00eancia para envenenamento e overdoses de drogas, bem como purifica\u00e7\u00e3o na fabrica\u00e7\u00e3o de medicamentos.<\/li><li><strong>Remedia\u00e7\u00e3o ambiental<\/strong>: Limpeza do solo e da \u00e1gua subterr\u00e2nea por meio da adsor\u00e7\u00e3o de poluentes como hidrocarbonetos e solventes clorados.<\/li><\/ul><h2 dir=\"auto\">Embalagem e armazenamento<\/h2><ul dir=\"auto\"><li>Embalagem padr\u00e3o: sacos de papel multicamadas de 25 kg, super sacos de 500 kg ou remessas a granel.<\/li><li>Recomenda\u00e7\u00f5es de armazenamento: Armazene em um local fresco e seco, longe da luz solar direta e de oxidantes fortes. Evite a exposi\u00e7\u00e3o \u00e0 umidade para manter o desempenho da adsor\u00e7\u00e3o.<\/li><\/ul><h2 dir=\"auto\">Certifica\u00e7\u00f5es e conformidade<\/h2><p dir=\"auto\">Nosso carv\u00e3o ativado de casca de coco est\u00e1 em conformidade com os seguintes padr\u00f5es e certifica\u00e7\u00f5es internacionais:<\/p><ul dir=\"auto\"><li>NSF\/ANSI 61 para tratamento de \u00e1gua pot\u00e1vel.<\/li><li>AWWA B604 para carv\u00e3o ativado granular.<\/li><li>Certificado Halal e Kosher.<\/li><li>ISO 9001 para gerenciamento de qualidade.<\/li><li>Compat\u00edvel com o Food Chemicals Codex para aplica\u00e7\u00f5es de grau aliment\u00edcio.<\/li><\/ul><p dir=\"auto\">Para obter relat\u00f3rios de teste detalhados ou certifica\u00e7\u00f5es personalizadas, entre em contato com nossa equipe de vendas.<\/p><p style=\"text-align: center;\"><a dir=\"auto\" style=\"display: inline-block; padding: 12px 28px; border-radius: 999px; background: #0067ff; color: #ffffff; font-size: 20px; font-weight: 600; text-decoration: none; cursor: pointer;\" href=\"mailto:info@yrdcarbon.com\">Obtenha amostras gratuitas de qualidade para teste<\/a><\/p>\t\t\t\t\t\t\t\t<\/div>\n\t\t\t\t<\/div>\n\t\t\t\t\t<\/div>\n\t\t\t\t<\/div>\n\t\t\t\t<\/div>","protected":false},"excerpt":{"rendered":"<p><a dir=\"auto\" style=\"display: inline-block; padding: 12px 28px; border-radius: 999px; background: #0067ff; color: #ffffff; font-size: 20px; font-weight: 600; text-decoration: none; cursor: pointer;\" href=\"mailto:info@yrdcarbon.com\">Obtenha amostras gratuitas de qualidade para teste<\/a><\/p>\n<p dir=\"auto\">O carv\u00e3o ativado de casca de coco \u00e9 um adsorvente premium de alto desempenho derivado de cascas de coco de alta qualidade por meio de um processo controlado de carboniza\u00e7\u00e3o e ativa\u00e7\u00e3o. Esse material ecol\u00f3gico \u00e9 conhecido por sua estrutura microporosa superior, dureza excepcional e alta capacidade de adsor\u00e7\u00e3o, o que o torna ideal para aplica\u00e7\u00f5es de purifica\u00e7\u00e3o exigentes em tratamento de \u00e1gua, filtragem de ar e processos industriais.<\/p>\n<p dir=\"auto\">Como uma alternativa sustent\u00e1vel aos carv\u00f5es \u00e0 base de carv\u00e3o, nosso carv\u00e3o ativado de casca de coco oferece maior efici\u00eancia na remo\u00e7\u00e3o de contaminantes org\u00e2nicos, odores e impurezas, al\u00e9m de atender aos rigorosos padr\u00f5es internacionais.<\/p>\n<p dir=\"auto\">Principais recursos:<\/p>\n<ul dir=\"auto\">\n<li>Alta pureza e baixo teor de cinzas para uma contamina\u00e7\u00e3o m\u00ednima.<\/li>\n<li>Excelente resist\u00eancia mec\u00e2nica para suportar o manuseio e a regenera\u00e7\u00e3o rigorosos.<\/li>\n<li>Forma granular vers\u00e1til adequada para sistemas de filtragem de leito fixo.<\/li>\n<\/ul>","protected":false},"featured_media":1345,"template":"","meta":{"site-sidebar-layout":"default","site-content-layout":"","ast-site-content-layout":"default","site-content-style":"default","site-sidebar-style":"default","ast-global-header-display":"","ast-banner-title-visibility":"","ast-main-header-display":"","ast-hfb-above-header-display":"","ast-hfb-below-header-display":"","ast-hfb-mobile-header-display":"","site-post-title":"","ast-breadcrumbs-content":"","ast-featured-img":"","footer-sml-layout":"","ast-disable-related-posts":"","theme-transparent-header-meta":"default","adv-header-id-meta":"","stick-header-meta":"","header-above-stick-meta":"","header-main-stick-meta":"","header-below-stick-meta":"","astra-migrate-meta-layouts":"set","ast-page-background-enabled":"default","ast-page-background-meta":{"desktop":{"background-color":"var(--ast-global-color-4)","background-image":"","background-repeat":"repeat","background-position":"center center","background-size":"auto","background-attachment":"scroll","background-type":"","background-media":"","overlay-type":"","overlay-color":"","overlay-opacity":"","overlay-gradient":""},"tablet":{"background-color":"","background-image":"","background-repeat":"repeat","background-position":"center center","background-size":"auto","background-attachment":"scroll","background-type":"","background-media":"","overlay-type":"","overlay-color":"","overlay-opacity":"","overlay-gradient":""},"mobile":{"background-color":"","background-image":"","background-repeat":"repeat","background-position":"center center","background-size":"auto","background-attachment":"scroll","background-type":"","background-media":"","overlay-type":"","overlay-color":"","overlay-opacity":"","overlay-gradient":""}},"ast-content-background-meta":{"desktop":{"background-color":"var(--ast-global-color-5)","background-image":"","background-repeat":"repeat","background-position":"center center","background-size":"auto","background-attachment":"scroll","background-type":"","background-media":"","overlay-type":"","overlay-color":"","overlay-opacity":"","overlay-gradient":""},"tablet":{"background-color":"var(--ast-global-color-5)","background-image":"","background-repeat":"repeat","background-position":"center center","background-size":"auto","background-attachment":"scroll","background-type":"","background-media":"","overlay-type":"","overlay-color":"","overlay-opacity":"","overlay-gradient":""},"mobile":{"background-color":"var(--ast-global-color-5)","background-image":"","background-repeat":"repeat","background-position":"center center","background-size":"auto","background-attachment":"scroll","background-type":"","background-media":"","overlay-type":"","overlay-color":"","overlay-opacity":"","overlay-gradient":""}}},"product_brand":[],"product_cat":[15],"product_tag":[],"class_list":{"0":"post-1135","1":"product","2":"type-product","3":"status-publish","4":"has-post-thumbnail","6":"product_cat-activated-carbon-series","7":"desktop-align-left","8":"tablet-align-left","9":"mobile-align-left","11":"first","12":"instock","13":"featured","14":"shipping-taxable","15":"product-type-simple"},"yoast_head":"<!-- This site is optimized with the Yoast SEO Premium plugin v26.0 (Yoast SEO v27.4) - https:\/\/yoast.com\/product\/yoast-seo-premium-wordpress\/ -->\n<title>Coconut Shell Activated Carbon<\/title>\n<meta name=\"description\" content=\"Leading manufacturer and supplier of coconut shell activated carbon for industrial water treatment, air purification, and environmental applications. YRD Activated Carbon provides certified, high-performance materials with consistent quality and reliable global supply.\" \/>\n<meta name=\"robots\" content=\"index, follow, max-snippet:-1, max-image-preview:large, max-video-preview:-1\" \/>\n<link rel=\"canonical\" href=\"https:\/\/yrdactivatedcarbon.com\/pt\/product\/carvao-ativado-de-casca-de-coco\/\" \/>\n<meta property=\"og:locale\" content=\"pt_BR\" \/>\n<meta property=\"og:type\" content=\"article\" \/>\n<meta property=\"og:title\" content=\"Coconut Shell Activated Carbon\" \/>\n<meta property=\"og:description\" content=\"Leading manufacturer and supplier of coconut shell activated carbon for industrial water treatment, air purification, and environmental applications. YRD Activated Carbon provides certified, high-performance materials with consistent quality and reliable global supply.\" \/>\n<meta property=\"og:url\" content=\"https:\/\/yrdactivatedcarbon.com\/pt\/product\/carvao-ativado-de-casca-de-coco\/\" \/>\n<meta property=\"article:modified_time\" content=\"2025-12-03T09:48:30+00:00\" \/>\n<meta property=\"og:image\" content=\"http:\/\/yrdactivatedcarbon.com\/wp-content\/uploads\/2025\/10\/Coconut-Shell-Charcoal.jpg\" \/>\n\t<meta property=\"og:image:width\" content=\"500\" \/>\n\t<meta property=\"og:image:height\" content=\"500\" \/>\n\t<meta property=\"og:image:type\" content=\"image\/jpeg\" \/>\n<meta name=\"twitter:card\" content=\"summary_large_image\" \/>\n<script type=\"application\/ld+json\" class=\"yoast-schema-graph\">{\"@context\":\"https:\\\/\\\/schema.org\",\"@graph\":[{\"@type\":\"WebPage\",\"@id\":\"https:\\\/\\\/yrdactivatedcarbon.com\\\/product\\\/coconut-shell-activated-carbon\\\/\",\"url\":\"https:\\\/\\\/yrdactivatedcarbon.com\\\/product\\\/coconut-shell-activated-carbon\\\/\",\"name\":\"Coconut Shell Activated Carbon\",\"isPartOf\":{\"@id\":\"https:\\\/\\\/yrdactivatedcarbon.com\\\/#website\"},\"primaryImageOfPage\":{\"@id\":\"https:\\\/\\\/yrdactivatedcarbon.com\\\/product\\\/coconut-shell-activated-carbon\\\/#primaryimage\"},\"image\":{\"@id\":\"https:\\\/\\\/yrdactivatedcarbon.com\\\/product\\\/coconut-shell-activated-carbon\\\/#primaryimage\"},\"thumbnailUrl\":\"https:\\\/\\\/yrdactivatedcarbon.com\\\/wp-content\\\/uploads\\\/2025\\\/10\\\/Coconut-Shell-Charcoal.jpg\",\"datePublished\":\"2025-10-17T09:09:54+00:00\",\"dateModified\":\"2025-12-03T09:48:30+00:00\",\"description\":\"Leading manufacturer and supplier of coconut shell activated carbon for industrial water treatment, air purification, and environmental applications. YRD Activated Carbon provides certified, high-performance materials with consistent quality and reliable global supply.\",\"breadcrumb\":{\"@id\":\"https:\\\/\\\/yrdactivatedcarbon.com\\\/product\\\/coconut-shell-activated-carbon\\\/#breadcrumb\"},\"inLanguage\":\"pt-BR\",\"potentialAction\":[{\"@type\":\"ReadAction\",\"target\":[\"https:\\\/\\\/yrdactivatedcarbon.com\\\/product\\\/coconut-shell-activated-carbon\\\/\"]}]},{\"@type\":\"ImageObject\",\"inLanguage\":\"pt-BR\",\"@id\":\"https:\\\/\\\/yrdactivatedcarbon.com\\\/product\\\/coconut-shell-activated-carbon\\\/#primaryimage\",\"url\":\"https:\\\/\\\/yrdactivatedcarbon.com\\\/wp-content\\\/uploads\\\/2025\\\/10\\\/Coconut-Shell-Charcoal.jpg\",\"contentUrl\":\"https:\\\/\\\/yrdactivatedcarbon.com\\\/wp-content\\\/uploads\\\/2025\\\/10\\\/Coconut-Shell-Charcoal.jpg\",\"width\":500,\"height\":500},{\"@type\":\"BreadcrumbList\",\"@id\":\"https:\\\/\\\/yrdactivatedcarbon.com\\\/product\\\/coconut-shell-activated-carbon\\\/#breadcrumb\",\"itemListElement\":[{\"@type\":\"ListItem\",\"position\":1,\"name\":\"\u9996\u9875\",\"item\":\"https:\\\/\\\/yrdactivatedcarbon.com\\\/\"},{\"@type\":\"ListItem\",\"position\":2,\"name\":\"Products\",\"item\":\"https:\\\/\\\/yrdactivatedcarbon.com\\\/shop__trashed\\\/\"},{\"@type\":\"ListItem\",\"position\":3,\"name\":\"Coconut Shell Activated Carbon\"}]},{\"@type\":\"WebSite\",\"@id\":\"https:\\\/\\\/yrdactivatedcarbon.com\\\/#website\",\"url\":\"https:\\\/\\\/yrdactivatedcarbon.com\\\/\",\"name\":\"\",\"description\":\"\",\"publisher\":{\"@id\":\"https:\\\/\\\/yrdactivatedcarbon.com\\\/#\\\/schema\\\/person\\\/581e0ef9031155afdeefbcd492460987\"},\"potentialAction\":[{\"@type\":\"SearchAction\",\"target\":{\"@type\":\"EntryPoint\",\"urlTemplate\":\"https:\\\/\\\/yrdactivatedcarbon.com\\\/?s={search_term_string}\"},\"query-input\":{\"@type\":\"PropertyValueSpecification\",\"valueRequired\":true,\"valueName\":\"search_term_string\"}}],\"inLanguage\":\"pt-BR\"},{\"@type\":[\"Person\",\"Organization\"],\"@id\":\"https:\\\/\\\/yrdactivatedcarbon.com\\\/#\\\/schema\\\/person\\\/581e0ef9031155afdeefbcd492460987\",\"name\":\"Admin\",\"image\":{\"@type\":\"ImageObject\",\"inLanguage\":\"pt-BR\",\"@id\":\"https:\\\/\\\/yrdactivatedcarbon.com\\\/wp-content\\\/uploads\\\/2025\\\/10\\\/cropped-cropped-cropped-cropped-cropped-Gemini_Generated_Image_csnat5csnat5csna-removebg-preview.png\",\"url\":\"https:\\\/\\\/yrdactivatedcarbon.com\\\/wp-content\\\/uploads\\\/2025\\\/10\\\/cropped-cropped-cropped-cropped-cropped-Gemini_Generated_Image_csnat5csnat5csna-removebg-preview.png\",\"contentUrl\":\"https:\\\/\\\/yrdactivatedcarbon.com\\\/wp-content\\\/uploads\\\/2025\\\/10\\\/cropped-cropped-cropped-cropped-cropped-Gemini_Generated_Image_csnat5csnat5csna-removebg-preview.png\",\"width\":304,\"height\":88,\"caption\":\"Admin\"},\"logo\":{\"@id\":\"https:\\\/\\\/yrdactivatedcarbon.com\\\/wp-content\\\/uploads\\\/2025\\\/10\\\/cropped-cropped-cropped-cropped-cropped-Gemini_Generated_Image_csnat5csnat5csna-removebg-preview.png\"},\"sameAs\":[\"https:\\\/\\\/yrdactivatedcarbon.com\"],\"publishingPrinciples\":\"https:\\\/\\\/yrdactivatedcarbon.com\\\/\",\"ownershipFundingInfo\":\"https:\\\/\\\/yrdactivatedcarbon.com\\\/\"}]}<\/script>\n<!-- \/ Yoast SEO Premium plugin. -->","yoast_head_json":{"title":"Carv\u00e3o ativado de casca de coco","description":"Fabricante e fornecedor l\u00edder de carv\u00e3o ativado de casca de coco para tratamento de \u00e1gua industrial, purifica\u00e7\u00e3o de ar e aplica\u00e7\u00f5es ambientais. A YRD Activated Carbon fornece materiais certificados e de alto desempenho com qualidade consistente e fornecimento global confi\u00e1vel.","robots":{"index":"index","follow":"follow","max-snippet":"max-snippet:-1","max-image-preview":"max-image-preview:large","max-video-preview":"max-video-preview:-1"},"canonical":"https:\/\/yrdactivatedcarbon.com\/pt\/product\/carvao-ativado-de-casca-de-coco\/","og_locale":"pt_BR","og_type":"article","og_title":"Coconut Shell Activated Carbon","og_description":"Leading manufacturer and supplier of coconut shell activated carbon for industrial water treatment, air purification, and environmental applications. YRD Activated Carbon provides certified, high-performance materials with consistent quality and reliable global supply.","og_url":"https:\/\/yrdactivatedcarbon.com\/pt\/product\/carvao-ativado-de-casca-de-coco\/","article_modified_time":"2025-12-03T09:48:30+00:00","og_image":[{"width":500,"height":500,"url":"http:\/\/yrdactivatedcarbon.com\/wp-content\/uploads\/2025\/10\/Coconut-Shell-Charcoal.jpg","type":"image\/jpeg"}],"twitter_card":"summary_large_image","schema":{"@context":"https:\/\/schema.org","@graph":[{"@type":"WebPage","@id":"https:\/\/yrdactivatedcarbon.com\/product\/coconut-shell-activated-carbon\/","url":"https:\/\/yrdactivatedcarbon.com\/product\/coconut-shell-activated-carbon\/","name":"Carv\u00e3o ativado de casca de coco","isPartOf":{"@id":"https:\/\/yrdactivatedcarbon.com\/#website"},"primaryImageOfPage":{"@id":"https:\/\/yrdactivatedcarbon.com\/product\/coconut-shell-activated-carbon\/#primaryimage"},"image":{"@id":"https:\/\/yrdactivatedcarbon.com\/product\/coconut-shell-activated-carbon\/#primaryimage"},"thumbnailUrl":"https:\/\/yrdactivatedcarbon.com\/wp-content\/uploads\/2025\/10\/Coconut-Shell-Charcoal.jpg","datePublished":"2025-10-17T09:09:54+00:00","dateModified":"2025-12-03T09:48:30+00:00","description":"Fabricante e fornecedor l\u00edder de carv\u00e3o ativado de casca de coco para tratamento de \u00e1gua industrial, purifica\u00e7\u00e3o de ar e aplica\u00e7\u00f5es ambientais. A YRD Activated Carbon fornece materiais certificados e de alto desempenho com qualidade consistente e fornecimento global confi\u00e1vel.","breadcrumb":{"@id":"https:\/\/yrdactivatedcarbon.com\/product\/coconut-shell-activated-carbon\/#breadcrumb"},"inLanguage":"pt-BR","potentialAction":[{"@type":"ReadAction","target":["https:\/\/yrdactivatedcarbon.com\/product\/coconut-shell-activated-carbon\/"]}]},{"@type":"ImageObject","inLanguage":"pt-BR","@id":"https:\/\/yrdactivatedcarbon.com\/product\/coconut-shell-activated-carbon\/#primaryimage","url":"https:\/\/yrdactivatedcarbon.com\/wp-content\/uploads\/2025\/10\/Coconut-Shell-Charcoal.jpg","contentUrl":"https:\/\/yrdactivatedcarbon.com\/wp-content\/uploads\/2025\/10\/Coconut-Shell-Charcoal.jpg","width":500,"height":500},{"@type":"BreadcrumbList","@id":"https:\/\/yrdactivatedcarbon.com\/product\/coconut-shell-activated-carbon\/#breadcrumb","itemListElement":[{"@type":"ListItem","position":1,"name":"\u9996\u9875","item":"https:\/\/yrdactivatedcarbon.com\/"},{"@type":"ListItem","position":2,"name":"Products","item":"https:\/\/yrdactivatedcarbon.com\/shop__trashed\/"},{"@type":"ListItem","position":3,"name":"Coconut Shell Activated Carbon"}]},{"@type":"WebSite","@id":"https:\/\/yrdactivatedcarbon.com\/#website","url":"https:\/\/yrdactivatedcarbon.com\/","name":"","description":"","publisher":{"@id":"https:\/\/yrdactivatedcarbon.com\/#\/schema\/person\/581e0ef9031155afdeefbcd492460987"},"potentialAction":[{"@type":"SearchAction","target":{"@type":"EntryPoint","urlTemplate":"https:\/\/yrdactivatedcarbon.com\/?s={search_term_string}"},"query-input":{"@type":"PropertyValueSpecification","valueRequired":true,"valueName":"search_term_string"}}],"inLanguage":"pt-BR"},{"@type":["Person","Organization"],"@id":"https:\/\/yrdactivatedcarbon.com\/#\/schema\/person\/581e0ef9031155afdeefbcd492460987","name":"Admin","image":{"@type":"ImageObject","inLanguage":"pt-BR","@id":"https:\/\/yrdactivatedcarbon.com\/wp-content\/uploads\/2025\/10\/cropped-cropped-cropped-cropped-cropped-Gemini_Generated_Image_csnat5csnat5csna-removebg-preview.png","url":"https:\/\/yrdactivatedcarbon.com\/wp-content\/uploads\/2025\/10\/cropped-cropped-cropped-cropped-cropped-Gemini_Generated_Image_csnat5csnat5csna-removebg-preview.png","contentUrl":"https:\/\/yrdactivatedcarbon.com\/wp-content\/uploads\/2025\/10\/cropped-cropped-cropped-cropped-cropped-Gemini_Generated_Image_csnat5csnat5csna-removebg-preview.png","width":304,"height":88,"caption":"Admin"},"logo":{"@id":"https:\/\/yrdactivatedcarbon.com\/wp-content\/uploads\/2025\/10\/cropped-cropped-cropped-cropped-cropped-Gemini_Generated_Image_csnat5csnat5csna-removebg-preview.png"},"sameAs":["https:\/\/yrdactivatedcarbon.com"],"publishingPrinciples":"https:\/\/yrdactivatedcarbon.com\/","ownershipFundingInfo":"https:\/\/yrdactivatedcarbon.com\/"}]}},"_links":{"self":[{"href":"https:\/\/yrdactivatedcarbon.com\/pt\/wp-json\/wp\/v2\/product\/1135","targetHints":{"allow":["GET"]}}],"collection":[{"href":"https:\/\/yrdactivatedcarbon.com\/pt\/wp-json\/wp\/v2\/product"}],"about":[{"href":"https:\/\/yrdactivatedcarbon.com\/pt\/wp-json\/wp\/v2\/types\/product"}],"version-history":[{"count":10,"href":"https:\/\/yrdactivatedcarbon.com\/pt\/wp-json\/wp\/v2\/product\/1135\/revisions"}],"predecessor-version":[{"id":1707,"href":"https:\/\/yrdactivatedcarbon.com\/pt\/wp-json\/wp\/v2\/product\/1135\/revisions\/1707"}],"wp:featuredmedia":[{"embeddable":true,"href":"https:\/\/yrdactivatedcarbon.com\/pt\/wp-json\/wp\/v2\/media\/1345"}],"wp:attachment":[{"href":"https:\/\/yrdactivatedcarbon.com\/pt\/wp-json\/wp\/v2\/media?parent=1135"}],"wp:term":[{"taxonomy":"product_brand","embeddable":true,"href":"https:\/\/yrdactivatedcarbon.com\/pt\/wp-json\/wp\/v2\/product_brand?post=1135"},{"taxonomy":"product_cat","embeddable":true,"href":"https:\/\/yrdactivatedcarbon.com\/pt\/wp-json\/wp\/v2\/product_cat?post=1135"},{"taxonomy":"product_tag","embeddable":true,"href":"https:\/\/yrdactivatedcarbon.com\/pt\/wp-json\/wp\/v2\/product_tag?post=1135"}],"curies":[{"name":"wp","href":"https:\/\/api.w.org\/{rel}","templated":true}]}}