{"id":1137,"date":"2025-10-17T17:10:41","date_gmt":"2025-10-17T09:10:41","guid":{"rendered":"https:\/\/yrdactivatedcarbon.com\/?post_type=product&#038;p=1137"},"modified":"2025-12-03T17:46:29","modified_gmt":"2025-12-03T09:46:29","slug":"carvao-ativado-de-casca-de-noz","status":"publish","type":"product","link":"https:\/\/yrdactivatedcarbon.com\/pt\/product\/carvao-ativado-de-casca-de-noz\/","title":{"rendered":"Carv\u00e3o ativado de casca de noz"},"content":{"rendered":"<h2 dir=\"auto\">Especifica\u00e7\u00f5es t\u00e9cnicas<\/h2>\n<p dir=\"auto\">A tabela a seguir descreve os par\u00e2metros padr\u00e3o com base em refer\u00eancias comuns do setor. Especifica\u00e7\u00f5es personalizadas est\u00e3o dispon\u00edveis mediante solicita\u00e7\u00e3o para atender aos requisitos de seu mercado (por exemplo, padr\u00f5es dos EUA, da UE ou da \u00c1sia). Todos os dados s\u00e3o verificados por meio de um rigoroso controle de qualidade, incluindo testes de terceiros.<\/p>\n<table>\n<thead>\n<tr>\n<th data-col-size=\"lg\">Par\u00e2metro<\/th>\n<th data-col-size=\"md\">Faixa de valores t\u00edpicos<\/th>\n<th data-col-size=\"md\">Padr\u00e3o de teste<\/th>\n<th data-col-size=\"xl\">Notas<\/th>\n<\/tr>\n<\/thead>\n<tbody>\n<tr>\n<td data-col-size=\"lg\">Mat\u00e9ria-prima<\/td>\n<td data-col-size=\"md\">Cascas de coco, nozes, damasco, p\u00eassego ou jujuba<\/td>\n<td data-col-size=\"md\">&#8211;<\/td>\n<td data-col-size=\"xl\">Selecionado por seu alto teor de carbono e sustentabilidade<\/td>\n<\/tr>\n<tr>\n<td data-col-size=\"lg\">Apar\u00eancia<\/td>\n<td data-col-size=\"md\">Gr\u00e2nulos pretos<\/td>\n<td data-col-size=\"md\">Visual<\/td>\n<td data-col-size=\"xl\">Uniforme e sem poeira<\/td>\n<\/tr>\n<tr>\n<td data-col-size=\"lg\">Tamanho da part\u00edcula (Mesh)<\/td>\n<td data-col-size=\"md\">4&#215;8, 6&#215;12, 8&#215;16, 8&#215;30, 12&#215;40, 20&#215;40, 30&#215;60<\/td>\n<td data-col-size=\"md\">ASTM D2862<\/td>\n<td data-col-size=\"xl\">Personaliz\u00e1vel para necessidades espec\u00edficas de filtragem<\/td>\n<\/tr>\n<tr>\n<td data-col-size=\"lg\">Valor de iodo (mg\/g)<\/td>\n<td data-col-size=\"md\">800-1300<\/td>\n<td data-col-size=\"md\">ASTM D4607<\/td>\n<td data-col-size=\"xl\">Indica a capacidade de adsor\u00e7\u00e3o de mol\u00e9culas pequenas<\/td>\n<\/tr>\n<tr>\n<td data-col-size=\"lg\">CTC (%)<\/td>\n<td data-col-size=\"md\">50-70<\/td>\n<td data-col-size=\"md\">ASTM D3467<\/td>\n<td data-col-size=\"xl\">Mede a efici\u00eancia da adsor\u00e7\u00e3o na fase de vapor<\/td>\n<\/tr>\n<tr>\n<td data-col-size=\"lg\">\u00c1rea de superf\u00edcie (m\u00b2\/g)<\/td>\n<td data-col-size=\"md\">900-1400<\/td>\n<td data-col-size=\"md\">M\u00e9todo BET<\/td>\n<td data-col-size=\"xl\">Alta porosidade para remo\u00e7\u00e3o superior de contaminantes<\/td>\n<\/tr>\n<tr>\n<td data-col-size=\"lg\">Densidade aparente (g\/cm\u00b3)<\/td>\n<td data-col-size=\"md\">0.4-0.55<\/td>\n<td data-col-size=\"md\">ASTM D2854<\/td>\n<td data-col-size=\"xl\">Otimizado para o acondicionamento eficiente em filtros<\/td>\n<\/tr>\n<tr>\n<td data-col-size=\"lg\">Dureza (%)<\/td>\n<td data-col-size=\"md\">90-99<\/td>\n<td data-col-size=\"md\">ASTM D3802<\/td>\n<td data-col-size=\"xl\">Garante resist\u00eancia \u00e0 quebra durante o uso<\/td>\n<\/tr>\n<tr>\n<td data-col-size=\"lg\">Umidade (%)<\/td>\n<td data-col-size=\"md\">\u22645-10<\/td>\n<td data-col-size=\"md\">ASTM D2867<\/td>\n<td data-col-size=\"xl\">Baixa umidade para usabilidade imediata e estabilidade no armazenamento<\/td>\n<\/tr>\n<tr>\n<td data-col-size=\"lg\">Cinza (%)<\/td>\n<td data-col-size=\"md\">\u22643-10<\/td>\n<td data-col-size=\"md\">ASTM D2866<\/td>\n<td data-col-size=\"xl\">Impurezas m\u00ednimas para aplica\u00e7\u00f5es de alta pureza<\/td>\n<\/tr>\n<tr>\n<td data-col-size=\"lg\">Valor do pH<\/td>\n<td data-col-size=\"md\">7-11<\/td>\n<td data-col-size=\"md\">ASTM D3838<\/td>\n<td data-col-size=\"xl\">Neutro a levemente alcalino, adequado para a maioria dos sistemas<\/td>\n<\/tr>\n<tr>\n<td data-col-size=\"lg\">Conte\u00fado de ferro (ppm)<\/td>\n<td data-col-size=\"md\">\u226450<\/td>\n<td data-col-size=\"md\">ICP-MS<\/td>\n<td data-col-size=\"xl\">Baixo teor de metal para evitar contamina\u00e7\u00e3o<\/td>\n<\/tr>\n<tr>\n<td data-col-size=\"lg\">Volume de poros (cm\u00b3\/g)<\/td>\n<td data-col-size=\"md\">0.8-1.0<\/td>\n<td data-col-size=\"md\">&#8211;<\/td>\n<td data-col-size=\"xl\">Distribui\u00e7\u00e3o equilibrada dos poros para uma adsor\u00e7\u00e3o vers\u00e1til<\/td>\n<\/tr>\n<\/tbody>\n<\/table>\n<p><a dir=\"auto\" style=\"display: inline-block; padding: 12px 28px; border-radius: 999px; background: #0067ff; color: #ffffff; font-size: 20px; font-weight: 600; text-decoration: none; cursor: pointer; \" href=\"mailto:info@yrdcarbon.com\">Obtenha amostras gratuitas de qualidade para teste<\/a><\/p>\n<h2 dir=\"auto\">Aplicativos e estudos de caso<\/h2>\n<p dir=\"auto\">O carv\u00e3o ativado da Nutshell se destaca em uma ampla gama de setores, abordando os principais pontos problem\u00e1ticos, como a remo\u00e7\u00e3o de contaminantes e a conformidade regulamentar:<\/p>\n<ul dir=\"auto\">\n<li><strong>Purifica\u00e7\u00e3o de \u00e1gua<\/strong>: Usado no tratamento de \u00e1gua municipal e industrial para remover cloro, pesticidas e produtos org\u00e2nicos, melhorando o sabor e a seguran\u00e7a. Estudo de caso: Em uma f\u00e1brica de bebidas do sudeste asi\u00e1tico, nosso produto reduziu o TOC em 85%, aumentando a vida \u00fatil do produto e atendendo aos padr\u00f5es de exporta\u00e7\u00e3o da UE.<\/li>\n<li><strong>Filtragem de ar e g\u00e1s<\/strong>: Ideal para a remo\u00e7\u00e3o de VOC em sistemas de exaust\u00e3o industrial e purificadores de ar. Estudo de caso: Um fornecedor automotivo europeu integrou nosso carbono para reduzir as emiss\u00f5es em 70%, cumprindo as r\u00edgidas diretrizes de qualidade do ar e reduzindo as multas operacionais.<\/li>\n<li><strong>Recupera\u00e7\u00e3o de ouro e metalurgia<\/strong>: Alta adsor\u00e7\u00e3o para complexos de cianeto em opera\u00e7\u00f5es de minera\u00e7\u00e3o. Estudo de caso: Uma mina de ouro africana registrou taxas de recupera\u00e7\u00e3o 15% mais altas usando nossa variante com alto teor de iodo, aumentando a lucratividade.<\/li>\n<li><strong>Processamento de alimentos e bebidas<\/strong>: Descolore sucos, xaropes e \u00e1lcoois e remove as impurezas. Estudo de caso: Um processador de alimentos dos EUA obteve produtos mais claros com 20% menos uso de material, cortando custos sem comprometer a qualidade.<\/li>\n<li><strong>Farmac\u00eautico e qu\u00edmico<\/strong>: Purifica solventes e remove toxinas na fabrica\u00e7\u00e3o de medicamentos.<\/li>\n<\/ul>\n<h2 dir=\"auto\">Valor para o cliente e por que nos escolher<\/h2>\n<p dir=\"auto\">Ao escolher nosso carv\u00e3o ativado Nutshell, voc\u00ea obt\u00e9m um produto que n\u00e3o apenas atende, mas tamb\u00e9m excede as exig\u00eancias internacionais de pureza e desempenho. Ele resolve desafios comuns, como altos custos operacionais e impacto ambiental, oferecendo uma vida \u00fatil 20-30% mais longa do que as alternativas padr\u00e3o. Com o respaldo de 10 anos de experi\u00eancia em exporta\u00e7\u00e3o, garantimos uma integra\u00e7\u00e3o perfeita da cadeia de suprimentos, pre\u00e7os competitivos e suporte completo \u00e0 documenta\u00e7\u00e3o. Junte-se a clientes satisfeitos em todo o mundo e aproveite essa solu\u00e7\u00e3o sustent\u00e1vel para aumentar o apelo do seu produto no mercado.<\/p>\n<p dir=\"auto\">Para consultas, consultas t\u00e9cnicas ou pedidos em massa, entre em contato hoje mesmo - vamos purificar seu caminho para o sucesso!<\/p>\n<p><a dir=\"auto\" style=\"display: inline-block; padding: 12px 28px; border-radius: 999px; background: #0067ff; color: #ffffff; font-size: 20px; font-weight: 600; text-decoration: none; cursor: pointer; \" href=\"mailto:info@yrdcarbon.com\">Obtenha amostras gratuitas de qualidade para teste<\/a><\/p>","protected":false},"excerpt":{"rendered":"<p><a dir=\"auto\" style=\"display: inline-block; padding: 12px 28px; border-radius: 999px; background: #0067ff; color: #ffffff; font-size: 20px; font-weight: 600; text-decoration: none; cursor: pointer;\" href=\"mailto:info@yrdcarbon.com\">Obtenha amostras gratuitas de qualidade para teste<\/a><\/p>\n<p dir=\"auto\">O carv\u00e3o ativado de casca de noz, tamb\u00e9m conhecido como carv\u00e3o ativado de casca de fruta, \u00e9 um adsorvente granular de qualidade superior derivado de subprodutos agr\u00edcolas de alta qualidade, como cascas de coco, cascas de nozes, cascas de damasco, cascas de p\u00eassego e cascas de jujuba. Produzido por meio de processos avan\u00e7ados de carboniza\u00e7\u00e3o e ativa\u00e7\u00e3o a vapor, esse material ecologicamente correto apresenta uma estrutura porosa altamente desenvolvida com capacidades excepcionais de adsor\u00e7\u00e3o.<\/p>\n<p dir=\"auto\">Ele foi projetado para atender aos padr\u00f5es internacionais (por exemplo, ASTM, GB, EN) e \u00e9 ideal para mercados globais que exigem solu\u00e7\u00f5es de purifica\u00e7\u00e3o sustent\u00e1veis e eficientes. Nosso produto se destaca por sua dureza superior, baixo teor de cinzas e especifica\u00e7\u00f5es personaliz\u00e1veis, garantindo o desempenho ideal em diversas aplica\u00e7\u00f5es e promovendo a sustentabilidade ambiental por meio do reaproveitamento de recursos residuais.<\/p>\n<h2 dir=\"auto\">Principais recursos e vantagens<\/h2>\n<ul dir=\"auto\">\n<li><strong>Alta efici\u00eancia de adsor\u00e7\u00e3o<\/strong>: Apresenta uma grande \u00e1rea de superf\u00edcie (900-1400 m\u00b2\/g) com uma mistura equilibrada de microporos, mesoporos e macroporos, permitindo a remo\u00e7\u00e3o r\u00e1pida e eficaz de contaminantes como org\u00e2nicos, odores e metais pesados.<\/li>\n<li><strong>Durabilidade excepcional<\/strong>: A alta dureza (90-99%) e a resist\u00eancia \u00e0 abras\u00e3o garantem a longevidade em sistemas de alto fluxo, reduzindo a frequ\u00eancia de substitui\u00e7\u00e3o e os custos operacionais em compara\u00e7\u00e3o com alternativas baseadas em carv\u00e3o.<\/li>\n<li><strong>Sustent\u00e1vel e natural<\/strong>: Obtido de res\u00edduos agr\u00edcolas renov\u00e1veis, sem aditivos qu\u00edmicos, o que o torna seguro, n\u00e3o t\u00f3xico e ecologicamente correto, alinhando-se \u00e0s tend\u00eancias globais de materiais verdes.<\/li>\n<li><strong>Personaliza\u00e7\u00e3o vers\u00e1til<\/strong>: Dispon\u00edvel em v\u00e1rios tamanhos de part\u00edculas e n\u00edveis de ativa\u00e7\u00e3o (por exemplo, graus lavados com \u00e1gua, lavados com \u00e1cido ou impregnados) para atender a necessidades espec\u00edficas, com op\u00e7\u00f5es de regenera\u00e7\u00e3o para reutiliza\u00e7\u00e3o econ\u00f4mica.<\/li>\n<\/ul>","protected":false},"featured_media":1360,"template":"","meta":{"site-sidebar-layout":"default","site-content-layout":"","ast-site-content-layout":"default","site-content-style":"default","site-sidebar-style":"default","ast-global-header-display":"","ast-banner-title-visibility":"","ast-main-header-display":"","ast-hfb-above-header-display":"","ast-hfb-below-header-display":"","ast-hfb-mobile-header-display":"","site-post-title":"","ast-breadcrumbs-content":"","ast-featured-img":"","footer-sml-layout":"","ast-disable-related-posts":"","theme-transparent-header-meta":"default","adv-header-id-meta":"","stick-header-meta":"","header-above-stick-meta":"","header-main-stick-meta":"","header-below-stick-meta":"","astra-migrate-meta-layouts":"set","ast-page-background-enabled":"default","ast-page-background-meta":{"desktop":{"background-color":"var(--ast-global-color-4)","background-image":"","background-repeat":"repeat","background-position":"center center","background-size":"auto","background-attachment":"scroll","background-type":"","background-media":"","overlay-type":"","overlay-color":"","overlay-opacity":"","overlay-gradient":""},"tablet":{"background-color":"","background-image":"","background-repeat":"repeat","background-position":"center center","background-size":"auto","background-attachment":"scroll","background-type":"","background-media":"","overlay-type":"","overlay-color":"","overlay-opacity":"","overlay-gradient":""},"mobile":{"background-color":"","background-image":"","background-repeat":"repeat","background-position":"center center","background-size":"auto","background-attachment":"scroll","background-type":"","background-media":"","overlay-type":"","overlay-color":"","overlay-opacity":"","overlay-gradient":""}},"ast-content-background-meta":{"desktop":{"background-color":"var(--ast-global-color-5)","background-image":"","background-repeat":"repeat","background-position":"center center","background-size":"auto","background-attachment":"scroll","background-type":"","background-media":"","overlay-type":"","overlay-color":"","overlay-opacity":"","overlay-gradient":""},"tablet":{"background-color":"var(--ast-global-color-5)","background-image":"","background-repeat":"repeat","background-position":"center center","background-size":"auto","background-attachment":"scroll","background-type":"","background-media":"","overlay-type":"","overlay-color":"","overlay-opacity":"","overlay-gradient":""},"mobile":{"background-color":"var(--ast-global-color-5)","background-image":"","background-repeat":"repeat","background-position":"center center","background-size":"auto","background-attachment":"scroll","background-type":"","background-media":"","overlay-type":"","overlay-color":"","overlay-opacity":"","overlay-gradient":""}}},"product_brand":[],"product_cat":[15],"product_tag":[],"class_list":{"0":"post-1137","1":"product","2":"type-product","3":"status-publish","4":"has-post-thumbnail","6":"product_cat-activated-carbon-series","7":"desktop-align-left","8":"tablet-align-left","9":"mobile-align-left","11":"first","12":"instock","13":"shipping-taxable","14":"product-type-simple"},"yoast_head":"<!-- This site is optimized with the Yoast SEO Premium plugin v26.0 (Yoast SEO v27.4) - https:\/\/yoast.com\/product\/yoast-seo-premium-wordpress\/ -->\n<title>Nut Shell Activated Carbon<\/title>\n<meta name=\"description\" content=\"High-quality nut shell activated carbon for industrial water purification, air filtration, and chemical processing. Produced by YRD Activated Carbon with advanced activation technology, offering strong adsorption, consistent performance, and reliable global supply. Request a quote today.\" \/>\n<meta name=\"robots\" content=\"index, follow, max-snippet:-1, max-image-preview:large, max-video-preview:-1\" \/>\n<link rel=\"canonical\" href=\"https:\/\/yrdactivatedcarbon.com\/pt\/product\/carvao-ativado-de-casca-de-noz\/\" \/>\n<meta property=\"og:locale\" content=\"pt_BR\" \/>\n<meta property=\"og:type\" content=\"article\" \/>\n<meta property=\"og:title\" content=\"Nut Shell Activated Carbon\" \/>\n<meta property=\"og:description\" content=\"High-quality nut shell activated carbon for industrial water purification, air filtration, and chemical processing. Produced by YRD Activated Carbon with advanced activation technology, offering strong adsorption, consistent performance, and reliable global supply. Request a quote today.\" \/>\n<meta property=\"og:url\" content=\"https:\/\/yrdactivatedcarbon.com\/pt\/product\/carvao-ativado-de-casca-de-noz\/\" \/>\n<meta property=\"article:modified_time\" content=\"2025-12-03T09:46:29+00:00\" \/>\n<meta property=\"og:image\" content=\"http:\/\/yrdactivatedcarbon.com\/wp-content\/uploads\/2025\/10\/Nut-Shell-Activated-Carbon.webp\" \/>\n\t<meta property=\"og:image:width\" content=\"800\" \/>\n\t<meta property=\"og:image:height\" content=\"800\" \/>\n\t<meta property=\"og:image:type\" content=\"image\/webp\" \/>\n<meta name=\"twitter:card\" content=\"summary_large_image\" \/>\n<meta name=\"twitter:label1\" content=\"Est. tempo de leitura\" \/>\n\t<meta name=\"twitter:data1\" content=\"3 minutos\" \/>\n<script type=\"application\/ld+json\" class=\"yoast-schema-graph\">{\"@context\":\"https:\\\/\\\/schema.org\",\"@graph\":[{\"@type\":\"WebPage\",\"@id\":\"https:\\\/\\\/yrdactivatedcarbon.com\\\/product\\\/nut-shell-activated-carbon\\\/\",\"url\":\"https:\\\/\\\/yrdactivatedcarbon.com\\\/product\\\/nut-shell-activated-carbon\\\/\",\"name\":\"Nut Shell Activated Carbon\",\"isPartOf\":{\"@id\":\"https:\\\/\\\/yrdactivatedcarbon.com\\\/#website\"},\"primaryImageOfPage\":{\"@id\":\"https:\\\/\\\/yrdactivatedcarbon.com\\\/product\\\/nut-shell-activated-carbon\\\/#primaryimage\"},\"image\":{\"@id\":\"https:\\\/\\\/yrdactivatedcarbon.com\\\/product\\\/nut-shell-activated-carbon\\\/#primaryimage\"},\"thumbnailUrl\":\"https:\\\/\\\/yrdactivatedcarbon.com\\\/wp-content\\\/uploads\\\/2025\\\/10\\\/Nut-Shell-Activated-Carbon.webp\",\"datePublished\":\"2025-10-17T09:10:41+00:00\",\"dateModified\":\"2025-12-03T09:46:29+00:00\",\"description\":\"High-quality nut shell activated carbon for industrial water purification, air filtration, and chemical processing. Produced by YRD Activated Carbon with advanced activation technology, offering strong adsorption, consistent performance, and reliable global supply. Request a quote today.\",\"breadcrumb\":{\"@id\":\"https:\\\/\\\/yrdactivatedcarbon.com\\\/product\\\/nut-shell-activated-carbon\\\/#breadcrumb\"},\"inLanguage\":\"pt-BR\",\"potentialAction\":[{\"@type\":\"ReadAction\",\"target\":[\"https:\\\/\\\/yrdactivatedcarbon.com\\\/product\\\/nut-shell-activated-carbon\\\/\"]}]},{\"@type\":\"ImageObject\",\"inLanguage\":\"pt-BR\",\"@id\":\"https:\\\/\\\/yrdactivatedcarbon.com\\\/product\\\/nut-shell-activated-carbon\\\/#primaryimage\",\"url\":\"https:\\\/\\\/yrdactivatedcarbon.com\\\/wp-content\\\/uploads\\\/2025\\\/10\\\/Nut-Shell-Activated-Carbon.webp\",\"contentUrl\":\"https:\\\/\\\/yrdactivatedcarbon.com\\\/wp-content\\\/uploads\\\/2025\\\/10\\\/Nut-Shell-Activated-Carbon.webp\",\"width\":800,\"height\":800},{\"@type\":\"BreadcrumbList\",\"@id\":\"https:\\\/\\\/yrdactivatedcarbon.com\\\/product\\\/nut-shell-activated-carbon\\\/#breadcrumb\",\"itemListElement\":[{\"@type\":\"ListItem\",\"position\":1,\"name\":\"\u9996\u9875\",\"item\":\"https:\\\/\\\/yrdactivatedcarbon.com\\\/\"},{\"@type\":\"ListItem\",\"position\":2,\"name\":\"Products\",\"item\":\"https:\\\/\\\/yrdactivatedcarbon.com\\\/shop__trashed\\\/\"},{\"@type\":\"ListItem\",\"position\":3,\"name\":\"Nut Shell Activated Carbon\"}]},{\"@type\":\"WebSite\",\"@id\":\"https:\\\/\\\/yrdactivatedcarbon.com\\\/#website\",\"url\":\"https:\\\/\\\/yrdactivatedcarbon.com\\\/\",\"name\":\"\",\"description\":\"\",\"publisher\":{\"@id\":\"https:\\\/\\\/yrdactivatedcarbon.com\\\/#\\\/schema\\\/person\\\/581e0ef9031155afdeefbcd492460987\"},\"potentialAction\":[{\"@type\":\"SearchAction\",\"target\":{\"@type\":\"EntryPoint\",\"urlTemplate\":\"https:\\\/\\\/yrdactivatedcarbon.com\\\/?s={search_term_string}\"},\"query-input\":{\"@type\":\"PropertyValueSpecification\",\"valueRequired\":true,\"valueName\":\"search_term_string\"}}],\"inLanguage\":\"pt-BR\"},{\"@type\":[\"Person\",\"Organization\"],\"@id\":\"https:\\\/\\\/yrdactivatedcarbon.com\\\/#\\\/schema\\\/person\\\/581e0ef9031155afdeefbcd492460987\",\"name\":\"Admin\",\"image\":{\"@type\":\"ImageObject\",\"inLanguage\":\"pt-BR\",\"@id\":\"https:\\\/\\\/yrdactivatedcarbon.com\\\/wp-content\\\/uploads\\\/2025\\\/10\\\/cropped-cropped-cropped-cropped-cropped-Gemini_Generated_Image_csnat5csnat5csna-removebg-preview.png\",\"url\":\"https:\\\/\\\/yrdactivatedcarbon.com\\\/wp-content\\\/uploads\\\/2025\\\/10\\\/cropped-cropped-cropped-cropped-cropped-Gemini_Generated_Image_csnat5csnat5csna-removebg-preview.png\",\"contentUrl\":\"https:\\\/\\\/yrdactivatedcarbon.com\\\/wp-content\\\/uploads\\\/2025\\\/10\\\/cropped-cropped-cropped-cropped-cropped-Gemini_Generated_Image_csnat5csnat5csna-removebg-preview.png\",\"width\":304,\"height\":88,\"caption\":\"Admin\"},\"logo\":{\"@id\":\"https:\\\/\\\/yrdactivatedcarbon.com\\\/wp-content\\\/uploads\\\/2025\\\/10\\\/cropped-cropped-cropped-cropped-cropped-Gemini_Generated_Image_csnat5csnat5csna-removebg-preview.png\"},\"sameAs\":[\"https:\\\/\\\/yrdactivatedcarbon.com\"],\"publishingPrinciples\":\"https:\\\/\\\/yrdactivatedcarbon.com\\\/\",\"ownershipFundingInfo\":\"https:\\\/\\\/yrdactivatedcarbon.com\\\/\"}]}<\/script>\n<!-- \/ Yoast SEO Premium plugin. -->","yoast_head_json":{"title":"Carv\u00e3o ativado de casca de noz","description":"Carv\u00e3o ativado com casca de noz de alta qualidade para purifica\u00e7\u00e3o de \u00e1gua industrial, filtragem de ar e processamento qu\u00edmico. Produzido pela YRD Activated Carbon com tecnologia de ativa\u00e7\u00e3o avan\u00e7ada, oferecendo forte adsor\u00e7\u00e3o, desempenho consistente e fornecimento global confi\u00e1vel. Solicite uma cota\u00e7\u00e3o hoje mesmo.","robots":{"index":"index","follow":"follow","max-snippet":"max-snippet:-1","max-image-preview":"max-image-preview:large","max-video-preview":"max-video-preview:-1"},"canonical":"https:\/\/yrdactivatedcarbon.com\/pt\/product\/carvao-ativado-de-casca-de-noz\/","og_locale":"pt_BR","og_type":"article","og_title":"Nut Shell Activated Carbon","og_description":"High-quality nut shell activated carbon for industrial water purification, air filtration, and chemical processing. Produced by YRD Activated Carbon with advanced activation technology, offering strong adsorption, consistent performance, and reliable global supply. Request a quote today.","og_url":"https:\/\/yrdactivatedcarbon.com\/pt\/product\/carvao-ativado-de-casca-de-noz\/","article_modified_time":"2025-12-03T09:46:29+00:00","og_image":[{"width":800,"height":800,"url":"http:\/\/yrdactivatedcarbon.com\/wp-content\/uploads\/2025\/10\/Nut-Shell-Activated-Carbon.webp","type":"image\/webp"}],"twitter_card":"summary_large_image","twitter_misc":{"Est. tempo de leitura":"3 minutos"},"schema":{"@context":"https:\/\/schema.org","@graph":[{"@type":"WebPage","@id":"https:\/\/yrdactivatedcarbon.com\/product\/nut-shell-activated-carbon\/","url":"https:\/\/yrdactivatedcarbon.com\/product\/nut-shell-activated-carbon\/","name":"Carv\u00e3o ativado de casca de noz","isPartOf":{"@id":"https:\/\/yrdactivatedcarbon.com\/#website"},"primaryImageOfPage":{"@id":"https:\/\/yrdactivatedcarbon.com\/product\/nut-shell-activated-carbon\/#primaryimage"},"image":{"@id":"https:\/\/yrdactivatedcarbon.com\/product\/nut-shell-activated-carbon\/#primaryimage"},"thumbnailUrl":"https:\/\/yrdactivatedcarbon.com\/wp-content\/uploads\/2025\/10\/Nut-Shell-Activated-Carbon.webp","datePublished":"2025-10-17T09:10:41+00:00","dateModified":"2025-12-03T09:46:29+00:00","description":"Carv\u00e3o ativado com casca de noz de alta qualidade para purifica\u00e7\u00e3o de \u00e1gua industrial, filtragem de ar e processamento qu\u00edmico. Produzido pela YRD Activated Carbon com tecnologia de ativa\u00e7\u00e3o avan\u00e7ada, oferecendo forte adsor\u00e7\u00e3o, desempenho consistente e fornecimento global confi\u00e1vel. Solicite uma cota\u00e7\u00e3o hoje mesmo.","breadcrumb":{"@id":"https:\/\/yrdactivatedcarbon.com\/product\/nut-shell-activated-carbon\/#breadcrumb"},"inLanguage":"pt-BR","potentialAction":[{"@type":"ReadAction","target":["https:\/\/yrdactivatedcarbon.com\/product\/nut-shell-activated-carbon\/"]}]},{"@type":"ImageObject","inLanguage":"pt-BR","@id":"https:\/\/yrdactivatedcarbon.com\/product\/nut-shell-activated-carbon\/#primaryimage","url":"https:\/\/yrdactivatedcarbon.com\/wp-content\/uploads\/2025\/10\/Nut-Shell-Activated-Carbon.webp","contentUrl":"https:\/\/yrdactivatedcarbon.com\/wp-content\/uploads\/2025\/10\/Nut-Shell-Activated-Carbon.webp","width":800,"height":800},{"@type":"BreadcrumbList","@id":"https:\/\/yrdactivatedcarbon.com\/product\/nut-shell-activated-carbon\/#breadcrumb","itemListElement":[{"@type":"ListItem","position":1,"name":"\u9996\u9875","item":"https:\/\/yrdactivatedcarbon.com\/"},{"@type":"ListItem","position":2,"name":"Products","item":"https:\/\/yrdactivatedcarbon.com\/shop__trashed\/"},{"@type":"ListItem","position":3,"name":"Nut Shell Activated Carbon"}]},{"@type":"WebSite","@id":"https:\/\/yrdactivatedcarbon.com\/#website","url":"https:\/\/yrdactivatedcarbon.com\/","name":"","description":"","publisher":{"@id":"https:\/\/yrdactivatedcarbon.com\/#\/schema\/person\/581e0ef9031155afdeefbcd492460987"},"potentialAction":[{"@type":"SearchAction","target":{"@type":"EntryPoint","urlTemplate":"https:\/\/yrdactivatedcarbon.com\/?s={search_term_string}"},"query-input":{"@type":"PropertyValueSpecification","valueRequired":true,"valueName":"search_term_string"}}],"inLanguage":"pt-BR"},{"@type":["Person","Organization"],"@id":"https:\/\/yrdactivatedcarbon.com\/#\/schema\/person\/581e0ef9031155afdeefbcd492460987","name":"Admin","image":{"@type":"ImageObject","inLanguage":"pt-BR","@id":"https:\/\/yrdactivatedcarbon.com\/wp-content\/uploads\/2025\/10\/cropped-cropped-cropped-cropped-cropped-Gemini_Generated_Image_csnat5csnat5csna-removebg-preview.png","url":"https:\/\/yrdactivatedcarbon.com\/wp-content\/uploads\/2025\/10\/cropped-cropped-cropped-cropped-cropped-Gemini_Generated_Image_csnat5csnat5csna-removebg-preview.png","contentUrl":"https:\/\/yrdactivatedcarbon.com\/wp-content\/uploads\/2025\/10\/cropped-cropped-cropped-cropped-cropped-Gemini_Generated_Image_csnat5csnat5csna-removebg-preview.png","width":304,"height":88,"caption":"Admin"},"logo":{"@id":"https:\/\/yrdactivatedcarbon.com\/wp-content\/uploads\/2025\/10\/cropped-cropped-cropped-cropped-cropped-Gemini_Generated_Image_csnat5csnat5csna-removebg-preview.png"},"sameAs":["https:\/\/yrdactivatedcarbon.com"],"publishingPrinciples":"https:\/\/yrdactivatedcarbon.com\/","ownershipFundingInfo":"https:\/\/yrdactivatedcarbon.com\/"}]}},"_links":{"self":[{"href":"https:\/\/yrdactivatedcarbon.com\/pt\/wp-json\/wp\/v2\/product\/1137","targetHints":{"allow":["GET"]}}],"collection":[{"href":"https:\/\/yrdactivatedcarbon.com\/pt\/wp-json\/wp\/v2\/product"}],"about":[{"href":"https:\/\/yrdactivatedcarbon.com\/pt\/wp-json\/wp\/v2\/types\/product"}],"version-history":[{"count":4,"href":"https:\/\/yrdactivatedcarbon.com\/pt\/wp-json\/wp\/v2\/product\/1137\/revisions"}],"predecessor-version":[{"id":1358,"href":"https:\/\/yrdactivatedcarbon.com\/pt\/wp-json\/wp\/v2\/product\/1137\/revisions\/1358"}],"wp:featuredmedia":[{"embeddable":true,"href":"https:\/\/yrdactivatedcarbon.com\/pt\/wp-json\/wp\/v2\/media\/1360"}],"wp:attachment":[{"href":"https:\/\/yrdactivatedcarbon.com\/pt\/wp-json\/wp\/v2\/media?parent=1137"}],"wp:term":[{"taxonomy":"product_brand","embeddable":true,"href":"https:\/\/yrdactivatedcarbon.com\/pt\/wp-json\/wp\/v2\/product_brand?post=1137"},{"taxonomy":"product_cat","embeddable":true,"href":"https:\/\/yrdactivatedcarbon.com\/pt\/wp-json\/wp\/v2\/product_cat?post=1137"},{"taxonomy":"product_tag","embeddable":true,"href":"https:\/\/yrdactivatedcarbon.com\/pt\/wp-json\/wp\/v2\/product_tag?post=1137"}],"curies":[{"name":"wp","href":"https:\/\/api.w.org\/{rel}","templated":true}]}}