{"id":1143,"date":"2025-10-17T17:11:55","date_gmt":"2025-10-17T09:11:55","guid":{"rendered":"https:\/\/yrdactivatedcarbon.com\/?post_type=product&#038;p=1143"},"modified":"2025-12-03T17:44:05","modified_gmt":"2025-12-03T09:44:05","slug":"carvao-ativado-em-po-pac","status":"publish","type":"product","link":"https:\/\/yrdactivatedcarbon.com\/pt\/product\/carvao-ativado-em-po-pac\/","title":{"rendered":"Carv\u00e3o ativado em p\u00f3 (PAC)"},"content":{"rendered":"<p dir=\"auto\">Especifica\u00e7\u00f5es t\u00e9cnicas<\/p>\n<table>\n<thead>\n<tr>\n<th data-col-size=\"lg\">Par\u00e2metro<\/th>\n<th data-col-size=\"md\">Especifica\u00e7\u00e3o<\/th>\n<th data-col-size=\"sm\">Unidade<\/th>\n<th data-col-size=\"md\">M\u00e9todo de teste<\/th>\n<th data-col-size=\"xl\">Observa\u00e7\u00f5es<\/th>\n<\/tr>\n<\/thead>\n<tbody>\n<tr>\n<td data-col-size=\"lg\">Valor de iodo<\/td>\n<td data-col-size=\"md\">\u2265 1000<\/td>\n<td data-col-size=\"sm\">mg\/g<\/td>\n<td data-col-size=\"md\">ASTM D4607<\/td>\n<td data-col-size=\"xl\">Indica a capacidade de adsor\u00e7\u00e3o de mol\u00e9culas pequenas<\/td>\n<\/tr>\n<tr>\n<td data-col-size=\"lg\">Conte\u00fado de cinzas<\/td>\n<td data-col-size=\"md\">\u2264 5<\/td>\n<td data-col-size=\"sm\">%<\/td>\n<td data-col-size=\"md\">ASTM D2866<\/td>\n<td data-col-size=\"xl\">O baixo teor de cinzas garante a pureza<\/td>\n<\/tr>\n<tr>\n<td data-col-size=\"lg\">Teor de umidade<\/td>\n<td data-col-size=\"md\">\u2264 8<\/td>\n<td data-col-size=\"sm\">%<\/td>\n<td data-col-size=\"md\">ASTM D2867<\/td>\n<td data-col-size=\"xl\">Como base recebida<\/td>\n<\/tr>\n<tr>\n<td data-col-size=\"lg\">Valor do pH<\/td>\n<td data-col-size=\"md\">6 &#8211; 10<\/td>\n<td data-col-size=\"sm\">&#8211;<\/td>\n<td data-col-size=\"md\">ASTM D3838<\/td>\n<td data-col-size=\"xl\">Neutro a levemente alcalino<\/td>\n<\/tr>\n<tr>\n<td data-col-size=\"lg\">Distribui\u00e7\u00e3o do tamanho das part\u00edculas<\/td>\n<td data-col-size=\"md\">95% at\u00e9 325 mesh (44 \u03bcm)<\/td>\n<td data-col-size=\"sm\">%<\/td>\n<td data-col-size=\"md\">ASTM D2862<\/td>\n<td data-col-size=\"xl\">P\u00f3 fino para facilitar a mistura<\/td>\n<\/tr>\n<tr>\n<td data-col-size=\"lg\">Densidade aparente<\/td>\n<td data-col-size=\"md\">0.45 &#8211; 0.55<\/td>\n<td data-col-size=\"sm\">g\/cc<\/td>\n<td data-col-size=\"md\">ASTM D2854<\/td>\n<td data-col-size=\"xl\">Densidade aparente<\/td>\n<\/tr>\n<tr>\n<td data-col-size=\"lg\">Valor do azul de metileno<\/td>\n<td data-col-size=\"md\">\u2265 200<\/td>\n<td data-col-size=\"sm\">mg\/g<\/td>\n<td data-col-size=\"md\">JIS K1474<\/td>\n<td data-col-size=\"xl\">Mede a capacidade de descolora\u00e7\u00e3o<\/td>\n<\/tr>\n<tr>\n<td data-col-size=\"lg\">Cinza sol\u00favel em \u00e1gua<\/td>\n<td data-col-size=\"md\">\u2264 1<\/td>\n<td data-col-size=\"sm\">%<\/td>\n<td data-col-size=\"md\">ASTM D5029<\/td>\n<td data-col-size=\"xl\">Minimiza a lixivia\u00e7\u00e3o em aplica\u00e7\u00f5es<\/td>\n<\/tr>\n<tr>\n<td data-col-size=\"lg\">\u00c1rea de superf\u00edcie (BET)<\/td>\n<td data-col-size=\"md\">\u2265 1000<\/td>\n<td data-col-size=\"sm\">m\u00b2\/g<\/td>\n<td data-col-size=\"md\">ASTM D6556<\/td>\n<td data-col-size=\"xl\">Alta \u00e1rea de superf\u00edcie para maior adsor\u00e7\u00e3o<\/td>\n<\/tr>\n<\/tbody>\n<\/table>\n<p><a dir=\"auto\" style=\"display: inline-block; padding: 12px 28px; border-radius: 999px; background: #0067ff; color: #ffffff; font-size: 20px; font-weight: 600; text-decoration: none; cursor: pointer;\" href=\"mailto:info@yrdcarbon.com\">Obtenha amostras gratuitas de qualidade para teste<\/a><\/p>","protected":false},"excerpt":{"rendered":"<p><a dir=\"auto\" style=\"display: inline-block; padding: 12px 28px; border-radius: 999px; background: #0067ff; color: #ffffff; font-size: 20px; font-weight: 600; text-decoration: none; cursor: pointer; \" href=\"mailto:info@yrdcarbon.com\">Obtenha amostras gratuitas de qualidade para teste<\/a><\/p>\n<p dir=\"auto\">O carv\u00e3o ativado em p\u00f3 (PAC) \u00e9 uma forma de carv\u00e3o ativado finamente mo\u00eddo, conhecido por sua excepcional capacidade de adsor\u00e7\u00e3o. Derivado de mat\u00e9rias-primas de alta qualidade, como casca de coco ou madeira, nosso CAP foi projetado para a remo\u00e7\u00e3o eficiente de contaminantes em aplica\u00e7\u00f5es de tratamento de \u00e1gua, purifica\u00e7\u00e3o de ar e engenharia ambiental. Ele oferece desempenho superior na adsor\u00e7\u00e3o de compostos org\u00e2nicos, odores e impurezas, garantindo a conformidade com padr\u00f5es internacionais como AWWA, ASTM e NSF.<\/p>\n<h4 dir=\"auto\">Principais aplicativos e benef\u00edcios<\/h4>\n<ul dir=\"auto\">\n<li><strong>Tratamento de \u00e1gua:<\/strong> Remove com efic\u00e1cia os poluentes org\u00e2nicos, o cloro e os compostos de sabor\/odor em sistemas de \u00e1gua municipais e industriais, melhorando a qualidade e a seguran\u00e7a da \u00e1gua.<\/li>\n<li><strong>Engenharia ambiental:<\/strong> Ideal para tratamento de \u00e1guas residuais, remedia\u00e7\u00e3o de solo e purifica\u00e7\u00e3o de gases de combust\u00e3o, contribuindo para pr\u00e1ticas ambientais sustent\u00e1veis.<\/li>\n<li><strong>Vantagens competitivas:<\/strong> Alto valor de iodo para uma adsor\u00e7\u00e3o superior, baixo teor de cinzas para minimizar as impurezas e tamanho de part\u00edculas finas para r\u00e1pida dispers\u00e3o e efici\u00eancia. Isso resulta em economia de custos por meio de requisitos de dosagem reduzidos e melhor desempenho do processo.<\/li>\n<\/ul>","protected":false},"featured_media":1375,"template":"","meta":{"site-sidebar-layout":"default","site-content-layout":"","ast-site-content-layout":"default","site-content-style":"default","site-sidebar-style":"default","ast-global-header-display":"","ast-banner-title-visibility":"","ast-main-header-display":"","ast-hfb-above-header-display":"","ast-hfb-below-header-display":"","ast-hfb-mobile-header-display":"","site-post-title":"","ast-breadcrumbs-content":"","ast-featured-img":"","footer-sml-layout":"","ast-disable-related-posts":"","theme-transparent-header-meta":"default","adv-header-id-meta":"","stick-header-meta":"","header-above-stick-meta":"","header-main-stick-meta":"","header-below-stick-meta":"","astra-migrate-meta-layouts":"set","ast-page-background-enabled":"default","ast-page-background-meta":{"desktop":{"background-color":"var(--ast-global-color-4)","background-image":"","background-repeat":"repeat","background-position":"center center","background-size":"auto","background-attachment":"scroll","background-type":"","background-media":"","overlay-type":"","overlay-color":"","overlay-opacity":"","overlay-gradient":""},"tablet":{"background-color":"","background-image":"","background-repeat":"repeat","background-position":"center center","background-size":"auto","background-attachment":"scroll","background-type":"","background-media":"","overlay-type":"","overlay-color":"","overlay-opacity":"","overlay-gradient":""},"mobile":{"background-color":"","background-image":"","background-repeat":"repeat","background-position":"center center","background-size":"auto","background-attachment":"scroll","background-type":"","background-media":"","overlay-type":"","overlay-color":"","overlay-opacity":"","overlay-gradient":""}},"ast-content-background-meta":{"desktop":{"background-color":"var(--ast-global-color-5)","background-image":"","background-repeat":"repeat","background-position":"center center","background-size":"auto","background-attachment":"scroll","background-type":"","background-media":"","overlay-type":"","overlay-color":"","overlay-opacity":"","overlay-gradient":""},"tablet":{"background-color":"var(--ast-global-color-5)","background-image":"","background-repeat":"repeat","background-position":"center center","background-size":"auto","background-attachment":"scroll","background-type":"","background-media":"","overlay-type":"","overlay-color":"","overlay-opacity":"","overlay-gradient":""},"mobile":{"background-color":"var(--ast-global-color-5)","background-image":"","background-repeat":"repeat","background-position":"center center","background-size":"auto","background-attachment":"scroll","background-type":"","background-media":"","overlay-type":"","overlay-color":"","overlay-opacity":"","overlay-gradient":""}}},"product_brand":[],"product_cat":[15],"product_tag":[],"class_list":{"0":"post-1143","1":"product","2":"type-product","3":"status-publish","4":"has-post-thumbnail","6":"product_cat-activated-carbon-series","7":"desktop-align-left","8":"tablet-align-left","9":"mobile-align-left","11":"first","12":"instock","13":"featured","14":"shipping-taxable","15":"product-type-simple"},"yoast_head":"<!-- This site is optimized with the Yoast SEO Premium plugin v26.0 (Yoast SEO v27.4) - https:\/\/yoast.com\/product\/yoast-seo-premium-wordpress\/ -->\n<title>Powdered Activated Carbon (PAC)<\/title>\n<meta name=\"description\" content=\"Powdered activated carbon (PAC) for water purification, wastewater treatment &amp; industrial adsorption. High purity, fast kinetics, global supply.\" \/>\n<meta name=\"robots\" content=\"index, follow, max-snippet:-1, max-image-preview:large, max-video-preview:-1\" \/>\n<link rel=\"canonical\" href=\"https:\/\/yrdactivatedcarbon.com\/pt\/product\/carvao-ativado-em-po-pac\/\" \/>\n<meta property=\"og:locale\" content=\"pt_BR\" \/>\n<meta property=\"og:type\" content=\"article\" \/>\n<meta property=\"og:title\" content=\"Powdered Activated Carbon (PAC)\" \/>\n<meta property=\"og:description\" content=\"Powdered activated carbon (PAC) for water purification, wastewater treatment &amp; industrial adsorption. High purity, fast kinetics, global supply.\" \/>\n<meta property=\"og:url\" content=\"https:\/\/yrdactivatedcarbon.com\/pt\/product\/carvao-ativado-em-po-pac\/\" \/>\n<meta property=\"article:modified_time\" content=\"2025-12-03T09:44:05+00:00\" \/>\n<meta property=\"og:image\" content=\"http:\/\/yrdactivatedcarbon.com\/wp-content\/uploads\/2025\/10\/Coal-based-Powder-activated-carbon.jpg\" \/>\n\t<meta property=\"og:image:width\" content=\"768\" \/>\n\t<meta property=\"og:image:height\" content=\"480\" \/>\n\t<meta property=\"og:image:type\" content=\"image\/jpeg\" \/>\n<meta name=\"twitter:card\" content=\"summary_large_image\" \/>\n<meta name=\"twitter:label1\" content=\"Est. tempo de leitura\" \/>\n\t<meta name=\"twitter:data1\" content=\"1 minuto\" \/>\n<script type=\"application\/ld+json\" class=\"yoast-schema-graph\">{\"@context\":\"https:\\\/\\\/schema.org\",\"@graph\":[{\"@type\":\"WebPage\",\"@id\":\"https:\\\/\\\/yrdactivatedcarbon.com\\\/product\\\/powdered-activated-carbon-pac\\\/\",\"url\":\"https:\\\/\\\/yrdactivatedcarbon.com\\\/product\\\/powdered-activated-carbon-pac\\\/\",\"name\":\"Powdered Activated Carbon (PAC)\",\"isPartOf\":{\"@id\":\"https:\\\/\\\/yrdactivatedcarbon.com\\\/#website\"},\"primaryImageOfPage\":{\"@id\":\"https:\\\/\\\/yrdactivatedcarbon.com\\\/product\\\/powdered-activated-carbon-pac\\\/#primaryimage\"},\"image\":{\"@id\":\"https:\\\/\\\/yrdactivatedcarbon.com\\\/product\\\/powdered-activated-carbon-pac\\\/#primaryimage\"},\"thumbnailUrl\":\"https:\\\/\\\/yrdactivatedcarbon.com\\\/wp-content\\\/uploads\\\/2025\\\/10\\\/Coal-based-Powder-activated-carbon.jpg\",\"datePublished\":\"2025-10-17T09:11:55+00:00\",\"dateModified\":\"2025-12-03T09:44:05+00:00\",\"description\":\"Powdered activated carbon (PAC) for water purification, wastewater treatment & industrial adsorption. High purity, fast kinetics, global supply.\",\"breadcrumb\":{\"@id\":\"https:\\\/\\\/yrdactivatedcarbon.com\\\/product\\\/powdered-activated-carbon-pac\\\/#breadcrumb\"},\"inLanguage\":\"pt-BR\",\"potentialAction\":[{\"@type\":\"ReadAction\",\"target\":[\"https:\\\/\\\/yrdactivatedcarbon.com\\\/product\\\/powdered-activated-carbon-pac\\\/\"]}]},{\"@type\":\"ImageObject\",\"inLanguage\":\"pt-BR\",\"@id\":\"https:\\\/\\\/yrdactivatedcarbon.com\\\/product\\\/powdered-activated-carbon-pac\\\/#primaryimage\",\"url\":\"https:\\\/\\\/yrdactivatedcarbon.com\\\/wp-content\\\/uploads\\\/2025\\\/10\\\/Coal-based-Powder-activated-carbon.jpg\",\"contentUrl\":\"https:\\\/\\\/yrdactivatedcarbon.com\\\/wp-content\\\/uploads\\\/2025\\\/10\\\/Coal-based-Powder-activated-carbon.jpg\",\"width\":768,\"height\":480},{\"@type\":\"BreadcrumbList\",\"@id\":\"https:\\\/\\\/yrdactivatedcarbon.com\\\/product\\\/powdered-activated-carbon-pac\\\/#breadcrumb\",\"itemListElement\":[{\"@type\":\"ListItem\",\"position\":1,\"name\":\"\u9996\u9875\",\"item\":\"https:\\\/\\\/yrdactivatedcarbon.com\\\/\"},{\"@type\":\"ListItem\",\"position\":2,\"name\":\"Products\",\"item\":\"https:\\\/\\\/yrdactivatedcarbon.com\\\/shop__trashed\\\/\"},{\"@type\":\"ListItem\",\"position\":3,\"name\":\"Powdered Activated Carbon (PAC)\"}]},{\"@type\":\"WebSite\",\"@id\":\"https:\\\/\\\/yrdactivatedcarbon.com\\\/#website\",\"url\":\"https:\\\/\\\/yrdactivatedcarbon.com\\\/\",\"name\":\"\",\"description\":\"\",\"publisher\":{\"@id\":\"https:\\\/\\\/yrdactivatedcarbon.com\\\/#\\\/schema\\\/person\\\/581e0ef9031155afdeefbcd492460987\"},\"potentialAction\":[{\"@type\":\"SearchAction\",\"target\":{\"@type\":\"EntryPoint\",\"urlTemplate\":\"https:\\\/\\\/yrdactivatedcarbon.com\\\/?s={search_term_string}\"},\"query-input\":{\"@type\":\"PropertyValueSpecification\",\"valueRequired\":true,\"valueName\":\"search_term_string\"}}],\"inLanguage\":\"pt-BR\"},{\"@type\":[\"Person\",\"Organization\"],\"@id\":\"https:\\\/\\\/yrdactivatedcarbon.com\\\/#\\\/schema\\\/person\\\/581e0ef9031155afdeefbcd492460987\",\"name\":\"Admin\",\"image\":{\"@type\":\"ImageObject\",\"inLanguage\":\"pt-BR\",\"@id\":\"https:\\\/\\\/yrdactivatedcarbon.com\\\/wp-content\\\/uploads\\\/2025\\\/10\\\/cropped-cropped-cropped-cropped-cropped-Gemini_Generated_Image_csnat5csnat5csna-removebg-preview.png\",\"url\":\"https:\\\/\\\/yrdactivatedcarbon.com\\\/wp-content\\\/uploads\\\/2025\\\/10\\\/cropped-cropped-cropped-cropped-cropped-Gemini_Generated_Image_csnat5csnat5csna-removebg-preview.png\",\"contentUrl\":\"https:\\\/\\\/yrdactivatedcarbon.com\\\/wp-content\\\/uploads\\\/2025\\\/10\\\/cropped-cropped-cropped-cropped-cropped-Gemini_Generated_Image_csnat5csnat5csna-removebg-preview.png\",\"width\":304,\"height\":88,\"caption\":\"Admin\"},\"logo\":{\"@id\":\"https:\\\/\\\/yrdactivatedcarbon.com\\\/wp-content\\\/uploads\\\/2025\\\/10\\\/cropped-cropped-cropped-cropped-cropped-Gemini_Generated_Image_csnat5csnat5csna-removebg-preview.png\"},\"sameAs\":[\"https:\\\/\\\/yrdactivatedcarbon.com\"],\"publishingPrinciples\":\"https:\\\/\\\/yrdactivatedcarbon.com\\\/\",\"ownershipFundingInfo\":\"https:\\\/\\\/yrdactivatedcarbon.com\\\/\"}]}<\/script>\n<!-- \/ Yoast SEO Premium plugin. -->","yoast_head_json":{"title":"Carv\u00e3o ativado em p\u00f3 (PAC)","description":"Carv\u00e3o ativado em p\u00f3 (PAC) para purifica\u00e7\u00e3o de \u00e1gua, tratamento de \u00e1guas residuais e adsor\u00e7\u00e3o industrial. Alta pureza, cin\u00e9tica r\u00e1pida, fornecimento global.","robots":{"index":"index","follow":"follow","max-snippet":"max-snippet:-1","max-image-preview":"max-image-preview:large","max-video-preview":"max-video-preview:-1"},"canonical":"https:\/\/yrdactivatedcarbon.com\/pt\/product\/carvao-ativado-em-po-pac\/","og_locale":"pt_BR","og_type":"article","og_title":"Powdered Activated Carbon (PAC)","og_description":"Powdered activated carbon (PAC) for water purification, wastewater treatment & industrial adsorption. High purity, fast kinetics, global supply.","og_url":"https:\/\/yrdactivatedcarbon.com\/pt\/product\/carvao-ativado-em-po-pac\/","article_modified_time":"2025-12-03T09:44:05+00:00","og_image":[{"width":768,"height":480,"url":"http:\/\/yrdactivatedcarbon.com\/wp-content\/uploads\/2025\/10\/Coal-based-Powder-activated-carbon.jpg","type":"image\/jpeg"}],"twitter_card":"summary_large_image","twitter_misc":{"Est. tempo de leitura":"1 minuto"},"schema":{"@context":"https:\/\/schema.org","@graph":[{"@type":"WebPage","@id":"https:\/\/yrdactivatedcarbon.com\/product\/powdered-activated-carbon-pac\/","url":"https:\/\/yrdactivatedcarbon.com\/product\/powdered-activated-carbon-pac\/","name":"Carv\u00e3o ativado em p\u00f3 (PAC)","isPartOf":{"@id":"https:\/\/yrdactivatedcarbon.com\/#website"},"primaryImageOfPage":{"@id":"https:\/\/yrdactivatedcarbon.com\/product\/powdered-activated-carbon-pac\/#primaryimage"},"image":{"@id":"https:\/\/yrdactivatedcarbon.com\/product\/powdered-activated-carbon-pac\/#primaryimage"},"thumbnailUrl":"https:\/\/yrdactivatedcarbon.com\/wp-content\/uploads\/2025\/10\/Coal-based-Powder-activated-carbon.jpg","datePublished":"2025-10-17T09:11:55+00:00","dateModified":"2025-12-03T09:44:05+00:00","description":"Carv\u00e3o ativado em p\u00f3 (PAC) para purifica\u00e7\u00e3o de \u00e1gua, tratamento de \u00e1guas residuais e adsor\u00e7\u00e3o industrial. Alta pureza, cin\u00e9tica r\u00e1pida, fornecimento global.","breadcrumb":{"@id":"https:\/\/yrdactivatedcarbon.com\/product\/powdered-activated-carbon-pac\/#breadcrumb"},"inLanguage":"pt-BR","potentialAction":[{"@type":"ReadAction","target":["https:\/\/yrdactivatedcarbon.com\/product\/powdered-activated-carbon-pac\/"]}]},{"@type":"ImageObject","inLanguage":"pt-BR","@id":"https:\/\/yrdactivatedcarbon.com\/product\/powdered-activated-carbon-pac\/#primaryimage","url":"https:\/\/yrdactivatedcarbon.com\/wp-content\/uploads\/2025\/10\/Coal-based-Powder-activated-carbon.jpg","contentUrl":"https:\/\/yrdactivatedcarbon.com\/wp-content\/uploads\/2025\/10\/Coal-based-Powder-activated-carbon.jpg","width":768,"height":480},{"@type":"BreadcrumbList","@id":"https:\/\/yrdactivatedcarbon.com\/product\/powdered-activated-carbon-pac\/#breadcrumb","itemListElement":[{"@type":"ListItem","position":1,"name":"\u9996\u9875","item":"https:\/\/yrdactivatedcarbon.com\/"},{"@type":"ListItem","position":2,"name":"Products","item":"https:\/\/yrdactivatedcarbon.com\/shop__trashed\/"},{"@type":"ListItem","position":3,"name":"Powdered Activated Carbon (PAC)"}]},{"@type":"WebSite","@id":"https:\/\/yrdactivatedcarbon.com\/#website","url":"https:\/\/yrdactivatedcarbon.com\/","name":"","description":"","publisher":{"@id":"https:\/\/yrdactivatedcarbon.com\/#\/schema\/person\/581e0ef9031155afdeefbcd492460987"},"potentialAction":[{"@type":"SearchAction","target":{"@type":"EntryPoint","urlTemplate":"https:\/\/yrdactivatedcarbon.com\/?s={search_term_string}"},"query-input":{"@type":"PropertyValueSpecification","valueRequired":true,"valueName":"search_term_string"}}],"inLanguage":"pt-BR"},{"@type":["Person","Organization"],"@id":"https:\/\/yrdactivatedcarbon.com\/#\/schema\/person\/581e0ef9031155afdeefbcd492460987","name":"Admin","image":{"@type":"ImageObject","inLanguage":"pt-BR","@id":"https:\/\/yrdactivatedcarbon.com\/wp-content\/uploads\/2025\/10\/cropped-cropped-cropped-cropped-cropped-Gemini_Generated_Image_csnat5csnat5csna-removebg-preview.png","url":"https:\/\/yrdactivatedcarbon.com\/wp-content\/uploads\/2025\/10\/cropped-cropped-cropped-cropped-cropped-Gemini_Generated_Image_csnat5csnat5csna-removebg-preview.png","contentUrl":"https:\/\/yrdactivatedcarbon.com\/wp-content\/uploads\/2025\/10\/cropped-cropped-cropped-cropped-cropped-Gemini_Generated_Image_csnat5csnat5csna-removebg-preview.png","width":304,"height":88,"caption":"Admin"},"logo":{"@id":"https:\/\/yrdactivatedcarbon.com\/wp-content\/uploads\/2025\/10\/cropped-cropped-cropped-cropped-cropped-Gemini_Generated_Image_csnat5csnat5csna-removebg-preview.png"},"sameAs":["https:\/\/yrdactivatedcarbon.com"],"publishingPrinciples":"https:\/\/yrdactivatedcarbon.com\/","ownershipFundingInfo":"https:\/\/yrdactivatedcarbon.com\/"}]}},"_links":{"self":[{"href":"https:\/\/yrdactivatedcarbon.com\/pt\/wp-json\/wp\/v2\/product\/1143","targetHints":{"allow":["GET"]}}],"collection":[{"href":"https:\/\/yrdactivatedcarbon.com\/pt\/wp-json\/wp\/v2\/product"}],"about":[{"href":"https:\/\/yrdactivatedcarbon.com\/pt\/wp-json\/wp\/v2\/types\/product"}],"version-history":[{"count":4,"href":"https:\/\/yrdactivatedcarbon.com\/pt\/wp-json\/wp\/v2\/product\/1143\/revisions"}],"predecessor-version":[{"id":1376,"href":"https:\/\/yrdactivatedcarbon.com\/pt\/wp-json\/wp\/v2\/product\/1143\/revisions\/1376"}],"wp:featuredmedia":[{"embeddable":true,"href":"https:\/\/yrdactivatedcarbon.com\/pt\/wp-json\/wp\/v2\/media\/1375"}],"wp:attachment":[{"href":"https:\/\/yrdactivatedcarbon.com\/pt\/wp-json\/wp\/v2\/media?parent=1143"}],"wp:term":[{"taxonomy":"product_brand","embeddable":true,"href":"https:\/\/yrdactivatedcarbon.com\/pt\/wp-json\/wp\/v2\/product_brand?post=1143"},{"taxonomy":"product_cat","embeddable":true,"href":"https:\/\/yrdactivatedcarbon.com\/pt\/wp-json\/wp\/v2\/product_cat?post=1143"},{"taxonomy":"product_tag","embeddable":true,"href":"https:\/\/yrdactivatedcarbon.com\/pt\/wp-json\/wp\/v2\/product_tag?post=1143"}],"curies":[{"name":"wp","href":"https:\/\/api.w.org\/{rel}","templated":true}]}}