{"id":1153,"date":"2025-10-17T17:14:53","date_gmt":"2025-10-17T09:14:53","guid":{"rendered":"https:\/\/yrdactivatedcarbon.com\/?post_type=product&#038;p=1153"},"modified":"2025-12-03T17:36:25","modified_gmt":"2025-12-03T09:36:25","slug":"midia-de-filtro-de-sabugo-de-milho","status":"publish","type":"product","link":"https:\/\/yrdactivatedcarbon.com\/pt\/product\/midia-de-filtro-de-sabugo-de-milho\/","title":{"rendered":"M\u00eddia de filtro de sabugo de milho"},"content":{"rendered":"<h2 dir=\"auto\">Especifica\u00e7\u00f5es t\u00e9cnicas<\/h2>\n<p dir=\"auto\">Os meios filtrantes Corncob apresentam caracter\u00edsticas f\u00edsicas, qu\u00edmicas e de desempenho consistentes, verificadas por meio de testes padr\u00e3o do setor. Veja abaixo um detalhamento abrangente:<\/p>\n<table>\n<thead>\n<tr>\n<th data-col-size=\"sm\">Par\u00e2metro<\/th>\n<th data-col-size=\"lg\">Descri\u00e7\u00e3o<\/th>\n<th data-col-size=\"lg\">Valores t\u00edpicos<\/th>\n<\/tr>\n<\/thead>\n<tbody>\n<tr>\n<td data-col-size=\"sm\"><strong>Composi\u00e7\u00e3o do material<\/strong><\/td>\n<td data-col-size=\"lg\">Principalmente lignocelulose (celulose, hemicelulose, lignina ~90%) com prote\u00ednas menores, cinzas e extratos et\u00e9reos. Elemental: Carbono 44%, Hidrog\u00eanio 7%, Oxig\u00eanio 47%, Nitrog\u00eanio 0,4%, Oligoelementos 1,5%.<\/td>\n<td data-col-size=\"lg\">Conte\u00fado de fibra: 90,9%; Prote\u00edna: 4,28%; Cinzas: 3,44%; Extrato et\u00e9reo: 2,03%; Extrato livre de nitrog\u00eanio: 63,96%.<\/td>\n<\/tr>\n<tr>\n<td data-col-size=\"sm\"><strong>Propriedades f\u00edsicas<\/strong><\/td>\n<td data-col-size=\"lg\">Gr\u00e2nulos angulares e irregulares; cor marrom\/amarela; biodegrad\u00e1vel e n\u00e3o t\u00f3xico.<\/td>\n<td data-col-size=\"lg\">Dureza (Mohs): 4,5; Densidade a granel: 18-45 lbs\/cu ft (1,0-1,2 g\/cm\u00b3); Gravidade espec\u00edfica: 1,0-1,2; Teor de umidade: 8-8,7%; pH: 5-7.<\/td>\n<\/tr>\n<tr>\n<td data-col-size=\"sm\"><strong>Op\u00e7\u00f5es de tamanho de part\u00edcula<\/strong><\/td>\n<td data-col-size=\"lg\">Dispon\u00edvel em v\u00e1rios tamanhos de gr\u00e3o para uma efici\u00eancia de filtragem personalizada. Os tamanhos mais finos aumentam a \u00e1rea da superf\u00edcie de adsor\u00e7\u00e3o.<\/td>\n<td data-col-size=\"lg\">Grossa: 8\/14 (2,0-3,0 mm); M\u00e9dia grossa: 10\/14 (1,5-2,0 mm); M\u00e9dia: 14\/20 (1,1-1,5 mm); Fina: 20\/40 (0,8-1,1 mm); Muito fina: 40\/60 ou mais fina (0,18-0,8 mm).<\/td>\n<\/tr>\n<tr>\n<td data-col-size=\"sm\"><strong>M\u00e9tricas de desempenho<\/strong><\/td>\n<td data-col-size=\"lg\">Alta capacidade de absor\u00e7\u00e3o e adsor\u00e7\u00e3o; eficaz na redu\u00e7\u00e3o de DBO, turbidez e contaminantes.<\/td>\n<td data-col-size=\"lg\">Absorv\u00eancia: At\u00e9 4x o peso em l\u00edquidos; Capacidade de adsor\u00e7\u00e3o (por exemplo, corantes azo): At\u00e9 73,71 mg\/g; Resist\u00eancia \u00e0 compress\u00e3o: 38.463 psi; Resist\u00eancia ao atrito: 98,6%; Redu\u00e7\u00e3o de DBO (\u00e1gua cinza): ~40%; Redu\u00e7\u00e3o de turbidez: At\u00e9 43% (por exemplo, de 30 NTU para 17 NTU).<\/td>\n<\/tr>\n<tr>\n<td data-col-size=\"sm\"><strong>Estabilidade qu\u00edmica<\/strong><\/td>\n<td data-col-size=\"lg\">Faixa de pH neutro; resistente ao atrito; ponto de carga zero (pH_pzc): ~6.83.<\/td>\n<td data-col-size=\"lg\">Grupos funcionais: O-H, C=O, C-O para liga\u00e7\u00e3o de \u00e2nions; processo de adsor\u00e7\u00e3o exot\u00e9rmico (\u0394H\u00b0: -9,692 J\/mol).<\/td>\n<\/tr>\n<tr>\n<td data-col-size=\"sm\"><strong>Embalagem e armazenamento<\/strong><\/td>\n<td data-col-size=\"lg\">Sacos padr\u00e3o de 25-50 lb, sacos jumbo de 500 kg ou tambores; personaliz\u00e1vel. Armazene em \u00e1reas secas e ventiladas para manter os n\u00edveis de umidade.<\/td>\n<td data-col-size=\"lg\">Prazo de validade: Indefinido se armazenado adequadamente; Transporte: PE revestido \u00e0 prova d'\u00e1gua com tambores de metal\/carbono.<\/td>\n<\/tr>\n<\/tbody>\n<\/table>\n<p><a dir=\"auto\" style=\"display: inline-block; padding: 12px 28px; border-radius: 999px; background: #0067ff; color: #ffffff; font-size: 20px; font-weight: 600; text-decoration: none; cursor: pointer; \" href=\"mailto:info@yrdcarbon.com\">Obtenha amostras gratuitas de qualidade para teste<\/a><\/p>\n<h2 dir=\"auto\">Aplicativos<\/h2>\n<p dir=\"auto\">Os meios filtrantes Corncob se destacam em diversos cen\u00e1rios de filtragem industrial, abordando os principais desafios, como remo\u00e7\u00e3o de contaminantes e sustentabilidade. Os usos comuns incluem:<\/p>\n<ul dir=\"auto\">\n<li><strong>Tratamento de \u00e1gua e efluentes<\/strong>: Atua como biossorvente em biofiltros ou sistemas de leito compactado para remover corantes, metais pesados (por exemplo, ferrosos, cobre, chumbo), poluentes org\u00e2nicos, cafe\u00edna, triclosan e efluentes de t\u00eaxteis ou produtos qu\u00edmicos. Ideal para reciclagem de \u00e1gua cinza, alcan\u00e7ando uma redu\u00e7\u00e3o de at\u00e9 40% de DBO e adequado para recarga de \u00e1gua subterr\u00e2nea, irriga\u00e7\u00e3o ou descarga.<\/li>\n<li><strong>Filtragem de efluentes industriais<\/strong>: Absorve \u00f3leos, res\u00edduos nucleares\/qu\u00edmicos e derramamentos; usado em reatores verticais ou sistemas cont\u00ednuos para ajuste de pH, redu\u00e7\u00e3o de turbidez (at\u00e9 43%) e remo\u00e7\u00e3o de acidez\/am\u00f4nia.<\/li>\n<li><strong>Filtragem de ar e g\u00e1s<\/strong>: Como m\u00eddia leve e sem poeira em purificadores de ar ou biofiltros para controle de odor e captura de part\u00edculas.<\/li>\n<li><strong>Usos especializados<\/strong>: Em produtos farmac\u00eauticos como transportador; na ind\u00fastria petrol\u00edfera para limpeza de derramamentos; integrado a sistemas de membranas din\u00e2micas para separa\u00e7\u00e3o de alto teor de s\u00f3lidos sem pr\u00e9-tratamento.<\/li>\n<li><strong>Desempenho comparativo<\/strong>: Supera o carv\u00e3o de osso na remo\u00e7\u00e3o de contaminantes f\u00edsicos (por exemplo, turbidez, am\u00f4nia) e lascas de madeira na redu\u00e7\u00e3o da acidez, com configura\u00e7\u00f5es h\u00edbridas recomendadas para obter os melhores resultados.<\/li>\n<\/ul>\n<h2 dir=\"auto\">Vantagens<\/h2>\n<p dir=\"auto\">O meio filtrante Corncob oferece um valor atraente por meio de suas propriedades exclusivas, superando as alternativas tradicionais, como o carv\u00e3o ativado ou as resinas sint\u00e9ticas:<\/p>\n<ul dir=\"auto\">\n<li><strong>Sustentabilidade ambiental<\/strong>: 100% biodegrad\u00e1vel, renov\u00e1vel e n\u00e3o t\u00f3xico; reduz o desperd\u00edcio ao reaproveitar subprodutos agr\u00edcolas; reduz a pegada de carbono sem p\u00f3 de s\u00edlica ou poluentes, atendendo \u00e0s regulamenta\u00e7\u00f5es ecol\u00f3gicas.<\/li>\n<li><strong>Custo-efetividade<\/strong>: Produ\u00e7\u00e3o econ\u00f4mica e reutiliza\u00e7\u00e3o (por exemplo, a dessor\u00e7\u00e3o com NaOH atinge uma efici\u00eancia de ~98%); minimiza as necessidades de pr\u00e9-tratamento, o consumo de energia e os aditivos qu\u00edmicos nos processos de filtragem.<\/li>\n<li><strong>Desempenho superior<\/strong>: Alta absor\u00e7\u00e3o (4x o peso) e adsor\u00e7\u00e3o (at\u00e9 73 mg\/g para corantes); macio, por\u00e9m dur\u00e1vel, para uma filtragem suave sem danos \u00e0 superf\u00edcie; eficaz em pH 1,5-6 para contaminantes ani\u00f4nicos.<\/li>\n<li><strong>Sa\u00fade e seguran\u00e7a<\/strong>: Sem poeira e sem s\u00edlica, reduzindo os riscos respirat\u00f3rios; certifica\u00e7\u00e3o USDA BioPreferred em produtos selecionados para garantir a qualidade.<\/li>\n<li><strong>Borda do mercado<\/strong>: Em compara\u00e7\u00e3o com as alternativas, oferece melhor remo\u00e7\u00e3o de turbidez\/acidez do que o carv\u00e3o de osso e maior estabilidade qu\u00edmica; apoia as tend\u00eancias globais de filtragem ecol\u00f3gica, atraindo compradores preocupados com o meio ambiente.<\/li>\n<\/ul>\n<p dir=\"auto\">Ao escolher o meio filtrante de sabugo de milho, os usu\u00e1rios conseguem uma remo\u00e7\u00e3o eficiente de contaminantes e, ao mesmo tempo, resolvem problemas como altos custos, conformidade ambiental e incrusta\u00e7\u00e3o do sistema.<\/p>\n<h2 dir=\"auto\">Conformidade e certifica\u00e7\u00f5es<\/h2>\n<p dir=\"auto\">A m\u00eddia de filtro Corncob segue os padr\u00f5es internacionais de seguran\u00e7a, qualidade e impacto ambiental:<\/p>\n<ul dir=\"auto\">\n<li><strong>Folhas de dados de seguran\u00e7a (SDS)<\/strong>: Dispon\u00edvel, classificando-o como n\u00e3o perigoso; est\u00e1 em conformidade com as diretrizes da OSHA para materiais abrasivos (sem poeira t\u00f3xica).<\/li>\n<li><strong>Padr\u00f5es de tratamento de \u00e1gua<\/strong>: Alinha-se com a NSF\/ANSI 42\/61 para m\u00eddia de filtragem (certific\u00e1vel para efeitos est\u00e9ticos e de sa\u00fade); ISO 16890\/29463 para efici\u00eancia do filtro de ar, quando aplic\u00e1vel.<\/li>\n<li><strong>Certifica\u00e7\u00f5es ambientais<\/strong>: USDA BioPreferred para produtos de base biol\u00f3gica; biodegrad\u00e1vel de acordo com os padr\u00f5es ecol\u00f3gicos globais; sem subst\u00e2ncias restritas pelo REACH.<\/li>\n<li><strong>Conformidade com as exporta\u00e7\u00f5es<\/strong>: Atende aos requisitos de transporte do DOT; embalagem personaliz\u00e1vel com rotulagem clara para com\u00e9rcio internacional.<\/li>\n<li><strong>Garantia de qualidade<\/strong>: Testado em lote para garantir a consist\u00eancia; estudos independentes verificam o desempenho (por exemplo, cin\u00e9tica de pseudo-segunda ordem para adsor\u00e7\u00e3o).<\/li>\n<\/ul>\n<p dir=\"auto\">Para obter certifica\u00e7\u00f5es espec\u00edficas ou relat\u00f3rios de testes, entre em contato conosco para garantir o alinhamento com seus requisitos regionais.<\/p>\n<p><a dir=\"auto\" style=\"display: inline-block; padding: 12px 28px; border-radius: 999px; background: #0067ff; color: #ffffff; font-size: 20px; font-weight: 600; text-decoration: none; cursor: pointer; \" href=\"mailto:info@yrdcarbon.com\">Obtenha amostras gratuitas de qualidade para teste<\/a><\/p>","protected":false},"excerpt":{"rendered":"<p><a dir=\"auto\" style=\"display: inline-block; padding: 12px 28px; border-radius: 999px; background: #0067ff; color: #ffffff; font-size: 20px; font-weight: 600; text-decoration: none; cursor: pointer; \" href=\"mailto:info@yrdcarbon.com\">Obtenha amostras gratuitas de qualidade para teste<\/a><\/p>\n<p dir=\"auto\">A m\u00eddia de filtro Corncob \u00e9 um adsorvente natural, sustent\u00e1vel e vers\u00e1til derivado do n\u00facleo lenhoso das espigas de milho. Esse material ecol\u00f3gico \u00e9 processado por meio de tritura\u00e7\u00e3o, peneiramento e secagem para criar part\u00edculas granulares ideais para aplica\u00e7\u00f5es de filtragem industrial. Por ser um subproduto agr\u00edcola renov\u00e1vel, ele oferece uma alternativa econ\u00f4mica aos meios filtrantes sint\u00e9ticos, proporcionando excelentes propriedades de absor\u00e7\u00e3o e adsor\u00e7\u00e3o para a remo\u00e7\u00e3o de contaminantes da \u00e1gua, de \u00e1guas residuais e de efluentes industriais.<\/p>\n<p dir=\"auto\">Com uma produ\u00e7\u00e3o global que ultrapassa 144 milh\u00f5es de toneladas por ano, a m\u00eddia filtrante de sabugo de milho apoia os princ\u00edpios da economia circular ao reaproveitar os res\u00edduos em uma solu\u00e7\u00e3o de filtragem de alto desempenho. Os principais benef\u00edcios incluem a remo\u00e7\u00e3o superior de poluentes, o m\u00ednimo impacto ambiental e a compatibilidade com v\u00e1rios sistemas de filtragem, o que o torna uma op\u00e7\u00e3o atraente para compradores internacionais que buscam tecnologias ecol\u00f3gicas e compat\u00edveis.<\/p>","protected":false},"featured_media":1397,"template":"","meta":{"site-sidebar-layout":"default","site-content-layout":"","ast-site-content-layout":"default","site-content-style":"default","site-sidebar-style":"default","ast-global-header-display":"","ast-banner-title-visibility":"","ast-main-header-display":"","ast-hfb-above-header-display":"","ast-hfb-below-header-display":"","ast-hfb-mobile-header-display":"","site-post-title":"","ast-breadcrumbs-content":"","ast-featured-img":"","footer-sml-layout":"","ast-disable-related-posts":"","theme-transparent-header-meta":"default","adv-header-id-meta":"","stick-header-meta":"","header-above-stick-meta":"","header-main-stick-meta":"","header-below-stick-meta":"","astra-migrate-meta-layouts":"set","ast-page-background-enabled":"default","ast-page-background-meta":{"desktop":{"background-color":"var(--ast-global-color-4)","background-image":"","background-repeat":"repeat","background-position":"center center","background-size":"auto","background-attachment":"scroll","background-type":"","background-media":"","overlay-type":"","overlay-color":"","overlay-opacity":"","overlay-gradient":""},"tablet":{"background-color":"","background-image":"","background-repeat":"repeat","background-position":"center center","background-size":"auto","background-attachment":"scroll","background-type":"","background-media":"","overlay-type":"","overlay-color":"","overlay-opacity":"","overlay-gradient":""},"mobile":{"background-color":"","background-image":"","background-repeat":"repeat","background-position":"center center","background-size":"auto","background-attachment":"scroll","background-type":"","background-media":"","overlay-type":"","overlay-color":"","overlay-opacity":"","overlay-gradient":""}},"ast-content-background-meta":{"desktop":{"background-color":"var(--ast-global-color-5)","background-image":"","background-repeat":"repeat","background-position":"center center","background-size":"auto","background-attachment":"scroll","background-type":"","background-media":"","overlay-type":"","overlay-color":"","overlay-opacity":"","overlay-gradient":""},"tablet":{"background-color":"var(--ast-global-color-5)","background-image":"","background-repeat":"repeat","background-position":"center center","background-size":"auto","background-attachment":"scroll","background-type":"","background-media":"","overlay-type":"","overlay-color":"","overlay-opacity":"","overlay-gradient":""},"mobile":{"background-color":"var(--ast-global-color-5)","background-image":"","background-repeat":"repeat","background-position":"center center","background-size":"auto","background-attachment":"scroll","background-type":"","background-media":"","overlay-type":"","overlay-color":"","overlay-opacity":"","overlay-gradient":""}}},"product_brand":[],"product_cat":[32],"product_tag":[],"class_list":{"0":"post-1153","1":"product","2":"type-product","3":"status-publish","4":"has-post-thumbnail","6":"product_cat-filter-materials-series","7":"desktop-align-left","8":"tablet-align-left","9":"mobile-align-left","11":"first","12":"instock","13":"shipping-taxable","14":"product-type-simple"},"yoast_head":"<!-- This site is optimized with the Yoast SEO Premium plugin v26.0 (Yoast SEO v27.4) - https:\/\/yoast.com\/product\/yoast-seo-premium-wordpress\/ -->\n<title>Corncob Filter Media<\/title>\n<meta name=\"description\" content=\"Corncob filter media for industrial water &amp; wastewater filtration \u2014 high-porosity, renewable biomass media with low head-loss and global bulk supply from YRD Activated Carbon.\" \/>\n<meta name=\"robots\" content=\"index, follow, max-snippet:-1, max-image-preview:large, max-video-preview:-1\" \/>\n<link rel=\"canonical\" href=\"https:\/\/yrdactivatedcarbon.com\/pt\/product\/midia-de-filtro-de-sabugo-de-milho\/\" \/>\n<meta property=\"og:locale\" content=\"pt_BR\" \/>\n<meta property=\"og:type\" content=\"article\" \/>\n<meta property=\"og:title\" content=\"Corncob Filter Media\" \/>\n<meta property=\"og:description\" content=\"Corncob filter media for industrial water &amp; wastewater filtration \u2014 high-porosity, renewable biomass media with low head-loss and global bulk supply from YRD Activated Carbon.\" \/>\n<meta property=\"og:url\" content=\"https:\/\/yrdactivatedcarbon.com\/pt\/product\/midia-de-filtro-de-sabugo-de-milho\/\" \/>\n<meta property=\"article:modified_time\" content=\"2025-12-03T09:36:25+00:00\" \/>\n<meta property=\"og:image\" content=\"http:\/\/yrdactivatedcarbon.com\/wp-content\/uploads\/2025\/10\/Dried-Corn-COB-Meal-for-Poultry-Farming.webp\" \/>\n\t<meta property=\"og:image:width\" content=\"550\" \/>\n\t<meta property=\"og:image:height\" content=\"550\" \/>\n\t<meta property=\"og:image:type\" content=\"image\/webp\" \/>\n<meta name=\"twitter:card\" content=\"summary_large_image\" \/>\n<meta name=\"twitter:label1\" content=\"Est. tempo de leitura\" \/>\n\t<meta name=\"twitter:data1\" content=\"4 minutos\" \/>\n<script type=\"application\/ld+json\" class=\"yoast-schema-graph\">{\"@context\":\"https:\\\/\\\/schema.org\",\"@graph\":[{\"@type\":\"WebPage\",\"@id\":\"https:\\\/\\\/yrdactivatedcarbon.com\\\/product\\\/corncob-filter-media\\\/\",\"url\":\"https:\\\/\\\/yrdactivatedcarbon.com\\\/product\\\/corncob-filter-media\\\/\",\"name\":\"Corncob Filter Media\",\"isPartOf\":{\"@id\":\"https:\\\/\\\/yrdactivatedcarbon.com\\\/#website\"},\"primaryImageOfPage\":{\"@id\":\"https:\\\/\\\/yrdactivatedcarbon.com\\\/product\\\/corncob-filter-media\\\/#primaryimage\"},\"image\":{\"@id\":\"https:\\\/\\\/yrdactivatedcarbon.com\\\/product\\\/corncob-filter-media\\\/#primaryimage\"},\"thumbnailUrl\":\"https:\\\/\\\/yrdactivatedcarbon.com\\\/wp-content\\\/uploads\\\/2025\\\/10\\\/Dried-Corn-COB-Meal-for-Poultry-Farming.webp\",\"datePublished\":\"2025-10-17T09:14:53+00:00\",\"dateModified\":\"2025-12-03T09:36:25+00:00\",\"description\":\"Corncob filter media for industrial water & wastewater filtration \u2014 high-porosity, renewable biomass media with low head-loss and global bulk supply from YRD Activated Carbon.\",\"breadcrumb\":{\"@id\":\"https:\\\/\\\/yrdactivatedcarbon.com\\\/product\\\/corncob-filter-media\\\/#breadcrumb\"},\"inLanguage\":\"pt-BR\",\"potentialAction\":[{\"@type\":\"ReadAction\",\"target\":[\"https:\\\/\\\/yrdactivatedcarbon.com\\\/product\\\/corncob-filter-media\\\/\"]}]},{\"@type\":\"ImageObject\",\"inLanguage\":\"pt-BR\",\"@id\":\"https:\\\/\\\/yrdactivatedcarbon.com\\\/product\\\/corncob-filter-media\\\/#primaryimage\",\"url\":\"https:\\\/\\\/yrdactivatedcarbon.com\\\/wp-content\\\/uploads\\\/2025\\\/10\\\/Dried-Corn-COB-Meal-for-Poultry-Farming.webp\",\"contentUrl\":\"https:\\\/\\\/yrdactivatedcarbon.com\\\/wp-content\\\/uploads\\\/2025\\\/10\\\/Dried-Corn-COB-Meal-for-Poultry-Farming.webp\",\"width\":550,\"height\":550},{\"@type\":\"BreadcrumbList\",\"@id\":\"https:\\\/\\\/yrdactivatedcarbon.com\\\/product\\\/corncob-filter-media\\\/#breadcrumb\",\"itemListElement\":[{\"@type\":\"ListItem\",\"position\":1,\"name\":\"\u9996\u9875\",\"item\":\"https:\\\/\\\/yrdactivatedcarbon.com\\\/\"},{\"@type\":\"ListItem\",\"position\":2,\"name\":\"Products\",\"item\":\"https:\\\/\\\/yrdactivatedcarbon.com\\\/shop__trashed\\\/\"},{\"@type\":\"ListItem\",\"position\":3,\"name\":\"Corncob Filter Media\"}]},{\"@type\":\"WebSite\",\"@id\":\"https:\\\/\\\/yrdactivatedcarbon.com\\\/#website\",\"url\":\"https:\\\/\\\/yrdactivatedcarbon.com\\\/\",\"name\":\"\",\"description\":\"\",\"publisher\":{\"@id\":\"https:\\\/\\\/yrdactivatedcarbon.com\\\/#\\\/schema\\\/person\\\/581e0ef9031155afdeefbcd492460987\"},\"potentialAction\":[{\"@type\":\"SearchAction\",\"target\":{\"@type\":\"EntryPoint\",\"urlTemplate\":\"https:\\\/\\\/yrdactivatedcarbon.com\\\/?s={search_term_string}\"},\"query-input\":{\"@type\":\"PropertyValueSpecification\",\"valueRequired\":true,\"valueName\":\"search_term_string\"}}],\"inLanguage\":\"pt-BR\"},{\"@type\":[\"Person\",\"Organization\"],\"@id\":\"https:\\\/\\\/yrdactivatedcarbon.com\\\/#\\\/schema\\\/person\\\/581e0ef9031155afdeefbcd492460987\",\"name\":\"Admin\",\"image\":{\"@type\":\"ImageObject\",\"inLanguage\":\"pt-BR\",\"@id\":\"https:\\\/\\\/yrdactivatedcarbon.com\\\/wp-content\\\/uploads\\\/2025\\\/10\\\/cropped-cropped-cropped-cropped-cropped-Gemini_Generated_Image_csnat5csnat5csna-removebg-preview.png\",\"url\":\"https:\\\/\\\/yrdactivatedcarbon.com\\\/wp-content\\\/uploads\\\/2025\\\/10\\\/cropped-cropped-cropped-cropped-cropped-Gemini_Generated_Image_csnat5csnat5csna-removebg-preview.png\",\"contentUrl\":\"https:\\\/\\\/yrdactivatedcarbon.com\\\/wp-content\\\/uploads\\\/2025\\\/10\\\/cropped-cropped-cropped-cropped-cropped-Gemini_Generated_Image_csnat5csnat5csna-removebg-preview.png\",\"width\":304,\"height\":88,\"caption\":\"Admin\"},\"logo\":{\"@id\":\"https:\\\/\\\/yrdactivatedcarbon.com\\\/wp-content\\\/uploads\\\/2025\\\/10\\\/cropped-cropped-cropped-cropped-cropped-Gemini_Generated_Image_csnat5csnat5csna-removebg-preview.png\"},\"sameAs\":[\"https:\\\/\\\/yrdactivatedcarbon.com\"],\"publishingPrinciples\":\"https:\\\/\\\/yrdactivatedcarbon.com\\\/\",\"ownershipFundingInfo\":\"https:\\\/\\\/yrdactivatedcarbon.com\\\/\"}]}<\/script>\n<!-- \/ Yoast SEO Premium plugin. -->","yoast_head_json":{"title":"M\u00eddia de filtro de sabugo de milho","description":"Meio filtrante de sabugo de milho para filtragem de \u00e1gua industrial e \u00e1guas residuais - meio de biomassa renov\u00e1vel de alta porosidade com baixa perda de carga e fornecimento global a granel da YRD Activated Carbon.","robots":{"index":"index","follow":"follow","max-snippet":"max-snippet:-1","max-image-preview":"max-image-preview:large","max-video-preview":"max-video-preview:-1"},"canonical":"https:\/\/yrdactivatedcarbon.com\/pt\/product\/midia-de-filtro-de-sabugo-de-milho\/","og_locale":"pt_BR","og_type":"article","og_title":"Corncob Filter Media","og_description":"Corncob filter media for industrial water & wastewater filtration \u2014 high-porosity, renewable biomass media with low head-loss and global bulk supply from YRD Activated Carbon.","og_url":"https:\/\/yrdactivatedcarbon.com\/pt\/product\/midia-de-filtro-de-sabugo-de-milho\/","article_modified_time":"2025-12-03T09:36:25+00:00","og_image":[{"width":550,"height":550,"url":"http:\/\/yrdactivatedcarbon.com\/wp-content\/uploads\/2025\/10\/Dried-Corn-COB-Meal-for-Poultry-Farming.webp","type":"image\/webp"}],"twitter_card":"summary_large_image","twitter_misc":{"Est. tempo de leitura":"4 minutos"},"schema":{"@context":"https:\/\/schema.org","@graph":[{"@type":"WebPage","@id":"https:\/\/yrdactivatedcarbon.com\/product\/corncob-filter-media\/","url":"https:\/\/yrdactivatedcarbon.com\/product\/corncob-filter-media\/","name":"M\u00eddia de filtro de sabugo de milho","isPartOf":{"@id":"https:\/\/yrdactivatedcarbon.com\/#website"},"primaryImageOfPage":{"@id":"https:\/\/yrdactivatedcarbon.com\/product\/corncob-filter-media\/#primaryimage"},"image":{"@id":"https:\/\/yrdactivatedcarbon.com\/product\/corncob-filter-media\/#primaryimage"},"thumbnailUrl":"https:\/\/yrdactivatedcarbon.com\/wp-content\/uploads\/2025\/10\/Dried-Corn-COB-Meal-for-Poultry-Farming.webp","datePublished":"2025-10-17T09:14:53+00:00","dateModified":"2025-12-03T09:36:25+00:00","description":"Meio filtrante de sabugo de milho para filtragem de \u00e1gua industrial e \u00e1guas residuais - meio de biomassa renov\u00e1vel de alta porosidade com baixa perda de carga e fornecimento global a granel da YRD Activated Carbon.","breadcrumb":{"@id":"https:\/\/yrdactivatedcarbon.com\/product\/corncob-filter-media\/#breadcrumb"},"inLanguage":"pt-BR","potentialAction":[{"@type":"ReadAction","target":["https:\/\/yrdactivatedcarbon.com\/product\/corncob-filter-media\/"]}]},{"@type":"ImageObject","inLanguage":"pt-BR","@id":"https:\/\/yrdactivatedcarbon.com\/product\/corncob-filter-media\/#primaryimage","url":"https:\/\/yrdactivatedcarbon.com\/wp-content\/uploads\/2025\/10\/Dried-Corn-COB-Meal-for-Poultry-Farming.webp","contentUrl":"https:\/\/yrdactivatedcarbon.com\/wp-content\/uploads\/2025\/10\/Dried-Corn-COB-Meal-for-Poultry-Farming.webp","width":550,"height":550},{"@type":"BreadcrumbList","@id":"https:\/\/yrdactivatedcarbon.com\/product\/corncob-filter-media\/#breadcrumb","itemListElement":[{"@type":"ListItem","position":1,"name":"\u9996\u9875","item":"https:\/\/yrdactivatedcarbon.com\/"},{"@type":"ListItem","position":2,"name":"Products","item":"https:\/\/yrdactivatedcarbon.com\/shop__trashed\/"},{"@type":"ListItem","position":3,"name":"Corncob Filter Media"}]},{"@type":"WebSite","@id":"https:\/\/yrdactivatedcarbon.com\/#website","url":"https:\/\/yrdactivatedcarbon.com\/","name":"","description":"","publisher":{"@id":"https:\/\/yrdactivatedcarbon.com\/#\/schema\/person\/581e0ef9031155afdeefbcd492460987"},"potentialAction":[{"@type":"SearchAction","target":{"@type":"EntryPoint","urlTemplate":"https:\/\/yrdactivatedcarbon.com\/?s={search_term_string}"},"query-input":{"@type":"PropertyValueSpecification","valueRequired":true,"valueName":"search_term_string"}}],"inLanguage":"pt-BR"},{"@type":["Person","Organization"],"@id":"https:\/\/yrdactivatedcarbon.com\/#\/schema\/person\/581e0ef9031155afdeefbcd492460987","name":"Admin","image":{"@type":"ImageObject","inLanguage":"pt-BR","@id":"https:\/\/yrdactivatedcarbon.com\/wp-content\/uploads\/2025\/10\/cropped-cropped-cropped-cropped-cropped-Gemini_Generated_Image_csnat5csnat5csna-removebg-preview.png","url":"https:\/\/yrdactivatedcarbon.com\/wp-content\/uploads\/2025\/10\/cropped-cropped-cropped-cropped-cropped-Gemini_Generated_Image_csnat5csnat5csna-removebg-preview.png","contentUrl":"https:\/\/yrdactivatedcarbon.com\/wp-content\/uploads\/2025\/10\/cropped-cropped-cropped-cropped-cropped-Gemini_Generated_Image_csnat5csnat5csna-removebg-preview.png","width":304,"height":88,"caption":"Admin"},"logo":{"@id":"https:\/\/yrdactivatedcarbon.com\/wp-content\/uploads\/2025\/10\/cropped-cropped-cropped-cropped-cropped-Gemini_Generated_Image_csnat5csnat5csna-removebg-preview.png"},"sameAs":["https:\/\/yrdactivatedcarbon.com"],"publishingPrinciples":"https:\/\/yrdactivatedcarbon.com\/","ownershipFundingInfo":"https:\/\/yrdactivatedcarbon.com\/"}]}},"_links":{"self":[{"href":"https:\/\/yrdactivatedcarbon.com\/pt\/wp-json\/wp\/v2\/product\/1153","targetHints":{"allow":["GET"]}}],"collection":[{"href":"https:\/\/yrdactivatedcarbon.com\/pt\/wp-json\/wp\/v2\/product"}],"about":[{"href":"https:\/\/yrdactivatedcarbon.com\/pt\/wp-json\/wp\/v2\/types\/product"}],"version-history":[{"count":4,"href":"https:\/\/yrdactivatedcarbon.com\/pt\/wp-json\/wp\/v2\/product\/1153\/revisions"}],"predecessor-version":[{"id":1399,"href":"https:\/\/yrdactivatedcarbon.com\/pt\/wp-json\/wp\/v2\/product\/1153\/revisions\/1399"}],"wp:featuredmedia":[{"embeddable":true,"href":"https:\/\/yrdactivatedcarbon.com\/pt\/wp-json\/wp\/v2\/media\/1397"}],"wp:attachment":[{"href":"https:\/\/yrdactivatedcarbon.com\/pt\/wp-json\/wp\/v2\/media?parent=1153"}],"wp:term":[{"taxonomy":"product_brand","embeddable":true,"href":"https:\/\/yrdactivatedcarbon.com\/pt\/wp-json\/wp\/v2\/product_brand?post=1153"},{"taxonomy":"product_cat","embeddable":true,"href":"https:\/\/yrdactivatedcarbon.com\/pt\/wp-json\/wp\/v2\/product_cat?post=1153"},{"taxonomy":"product_tag","embeddable":true,"href":"https:\/\/yrdactivatedcarbon.com\/pt\/wp-json\/wp\/v2\/product_tag?post=1153"}],"curies":[{"name":"wp","href":"https:\/\/api.w.org\/{rel}","templated":true}]}}