{"id":1155,"date":"2025-10-17T17:15:33","date_gmt":"2025-10-17T09:15:33","guid":{"rendered":"https:\/\/yrdactivatedcarbon.com\/?post_type=product&#038;p=1155"},"modified":"2025-12-03T17:33:55","modified_gmt":"2025-12-03T09:33:55","slug":"pam-de-poliacrilamida","status":"publish","type":"product","link":"https:\/\/yrdactivatedcarbon.com\/pt\/product\/pam-de-poliacrilamida\/","title":{"rendered":"Poliacrilamida (PAM)"},"content":{"rendered":"<div data-elementor-type=\"product-post\" data-elementor-id=\"1155\" class=\"elementor elementor-1155\" data-elementor-post-type=\"product\">\n\t\t\t\t<div class=\"elementor-element elementor-element-343f7d33 e-flex e-con-boxed e-con e-parent\" data-id=\"343f7d33\" data-element_type=\"container\" data-e-type=\"container\">\n\t\t\t\t\t<div class=\"e-con-inner\">\n\t\t\t\t<div class=\"elementor-element elementor-element-5afeabae elementor-widget elementor-widget-text-editor\" data-id=\"5afeabae\" data-element_type=\"widget\" data-e-type=\"widget\" data-widget_type=\"text-editor.default\">\n\t\t\t\t<div class=\"elementor-widget-container\">\n\t\t\t\t\t\t\t\t\t<h2 dir=\"auto\">Propriedades qu\u00edmicas e f\u00edsicas<\/h2><p dir=\"auto\">A poliacrilamida ani\u00f4nica \u00e9 um pol\u00edmero linear com a f\u00f3rmula qu\u00edmica (C\u2083H\u2085NO)\u2099, com grupos carboxilato carregados negativamente que aumentam sua intera\u00e7\u00e3o com part\u00edculas carregadas positivamente em suspens\u00f5es.<\/p><table><thead><tr><th data-col-size=\"lg\">Propriedade<\/th><th data-col-size=\"lg\">Especifica\u00e7\u00e3o<\/th><th data-col-size=\"md\">M\u00e9todo de teste<\/th><\/tr><\/thead><tbody><tr><td data-col-size=\"lg\">Apar\u00eancia<\/td><td data-col-size=\"lg\">P\u00f3 granular branco ou esbranqui\u00e7ado<\/td><td data-col-size=\"md\">Visual<\/td><\/tr><tr><td data-col-size=\"lg\">N\u00famero CAS<\/td><td data-col-size=\"lg\">9003-05-8<\/td><td data-col-size=\"md\">&#8211;<\/td><\/tr><tr><td data-col-size=\"lg\">Peso molecular<\/td><td data-col-size=\"lg\">8-20 milh\u00f5es (personaliz\u00e1vel: baixo, m\u00e9dio, alto)<\/td><td data-col-size=\"md\">Viscometria<\/td><\/tr><tr><td data-col-size=\"lg\">Grau de hidr\u00f3lise (%)<\/td><td data-col-size=\"lg\">10-30 (densidade de carga m\u00e9dia)<\/td><td data-col-size=\"md\">Titula\u00e7\u00e3o<\/td><\/tr><tr><td data-col-size=\"lg\">Conte\u00fado s\u00f3lido (%)<\/td><td data-col-size=\"lg\">\u226590<\/td><td data-col-size=\"md\">Gravim\u00e9trico<\/td><\/tr><tr><td data-col-size=\"lg\">pH (solu\u00e7\u00e3o 1% a 25\u00b0C)<\/td><td data-col-size=\"lg\">6-8<\/td><td data-col-size=\"md\">Medidor de pH<\/td><\/tr><tr><td data-col-size=\"lg\">Acrilamida residual (%)<\/td><td data-col-size=\"lg\">\u22640.05<\/td><td data-col-size=\"md\">HPLC<\/td><\/tr><tr><td data-col-size=\"lg\">Solubilidade<\/td><td data-col-size=\"lg\">Totalmente sol\u00favel em \u00e1gua; insol\u00favel em solventes org\u00e2nicos como \u00e1lcool, acetona, benzeno<\/td><td data-col-size=\"md\">Teste de dissolu\u00e7\u00e3o<\/td><\/tr><tr><td data-col-size=\"lg\">Densidade aparente (g\/cm\u00b3)<\/td><td data-col-size=\"lg\">0.6-0.8<\/td><td data-col-size=\"md\">ASTM D1895<\/td><\/tr><tr><td data-col-size=\"lg\">Viscosidade (solu\u00e7\u00e3o 0,5%, cps)<\/td><td data-col-size=\"lg\">200-400 (viscos\u00edmetro Brookfield)<\/td><td data-col-size=\"md\">Trailer Brookfield<\/td><\/tr><tr><td data-col-size=\"lg\">Car\u00e1ter i\u00f4nico<\/td><td data-col-size=\"lg\">Ani\u00f4nico<\/td><td data-col-size=\"md\">&#8211;<\/td><\/tr><\/tbody><\/table><h2 dir=\"auto\">Caracter\u00edsticas de desempenho<\/h2><p dir=\"auto\">Nosso PAM ani\u00f4nico \u00e9 excelente em efici\u00eancia de flocula\u00e7\u00e3o, reduzindo a turbidez e os s\u00f3lidos suspensos em at\u00e9 95% em cen\u00e1rios t\u00edpicos de tratamento de \u00e1gua. O benchmarking competitivo em rela\u00e7\u00e3o aos principais fabricantes (por exemplo, SNF Floerger, BASF, Kemira) mostra um ac\u00famulo de viscosidade superior e necessidades de dosagem mais baixas (0,1-1 ppm em compara\u00e7\u00e3o com a m\u00e9dia do setor de 0,5-2 ppm), levando a uma economia de custos de 15-20%.<\/p><ul dir=\"auto\"><li><strong>Efici\u00eancia de flocula\u00e7\u00e3o<\/strong>: Forma flocos grandes e est\u00e1veis para sedimenta\u00e7\u00e3o r\u00e1pida; eficaz na faixa de pH 4-10.<\/li><li><strong>Resist\u00eancia ao cisalhamento<\/strong>: Mant\u00e9m a integridade sob alto cisalhamento, ideal para bombeamento e mistura.<\/li><li><strong>Estabilidade de temperatura<\/strong>: Funcional de 0 a 80\u00b0C sem degrada\u00e7\u00e3o.<\/li><li><strong>Toler\u00e2ncia ao sal<\/strong>: Apresenta bom desempenho em \u00e1gua salobra (at\u00e9 5.000 ppm de TDS).<\/li><li><strong>Impacto ambiental<\/strong>: Biodegrad\u00e1vel em condi\u00e7\u00f5es aer\u00f3bicas; baixa toxicidade para a vida aqu\u00e1tica (LC50 &gt;100 mg\/L).<\/li><\/ul><p dir=\"auto\">Benef\u00edcios espec\u00edficos do aplicativo:<\/p><ul dir=\"auto\"><li><strong>Tratamento de \u00e1gua<\/strong>: Melhora a clarifica\u00e7\u00e3o em \u00e1guas residuais municipais e industriais, reduzindo o volume de lodo em 20-30%.<\/li><li><strong>Recupera\u00e7\u00e3o de petr\u00f3leo (EOR)<\/strong>: Aumenta a viscosidade para uma melhor efici\u00eancia de varredura, melhorando o rendimento do \u00f3leo em 10-15%.<\/li><li><strong>Minera\u00e7\u00e3o e metalurgia<\/strong>: Auxilia no gerenciamento de rejeitos, minimizando o uso de \u00e1gua e a descarga ambiental.<\/li><li><strong>Fabrica\u00e7\u00e3o de papel<\/strong>: Melhora a reten\u00e7\u00e3o e a drenagem, aumentando a velocidade de produ\u00e7\u00e3o em 5-10%.<\/li><li><strong>Controle de Eros\u00e3o<\/strong>: Aglutina part\u00edculas de solo em locais de constru\u00e7\u00e3o, reduzindo o escoamento de sedimentos em 80-90%.<\/li><\/ul><p style=\"text-align: center;\"><a dir=\"auto\" style=\"display: inline-block; padding: 12px 28px; border-radius: 999px; background: #0067ff; color: #ffffff; font-size: 20px; font-weight: 600; text-decoration: none; cursor: pointer;\" href=\"mailto:info@yrdcarbon.com\">Obtenha amostras gratuitas de qualidade para teste<\/a><\/p><h2 dir=\"auto\">Conformidade com o padr\u00e3o de qualidade<\/h2><ul dir=\"auto\"><li><strong>Padr\u00f5es internacionais<\/strong>: Produ\u00e7\u00e3o com certifica\u00e7\u00e3o ISO 9001; em conformidade com ASTM D5979 para controle de eros\u00e3o e AWWA B453 para tratamento de \u00e1gua.<\/li><li><strong>Aprova\u00e7\u00f5es regulat\u00f3rias<\/strong>: Registrado no REACH (UE); certificado NSF\/ANSI 60 para \u00e1gua pot\u00e1vel; em conformidade com a FDA para contato indireto com alimentos.<\/li><li><strong>Adapta\u00e7\u00f5es regionais<\/strong>: Atende \u00e0s diretrizes RoHS da UE, GB\/T 31246 da China e EPA dos EUA para uso de poliacrilamida em aplica\u00e7\u00f5es ambientais.<\/li><li><strong>Certifica\u00e7\u00f5es dispon\u00edveis<\/strong>: COA, MSDS e relat\u00f3rios de testes de terceiros, mediante solicita\u00e7\u00e3o.<\/li><\/ul><h2 dir=\"auto\">Embalagem, armazenamento e manuseio<\/h2><ul dir=\"auto\"><li><strong>Embalagem<\/strong>Sacos de papel multicamadas de 25 kg com revestimento interno de PE; big bags de 750-1000 kg para remessas a granel. Embalagem personalizada para exporta\u00e7\u00e3o internacional (por exemplo, paletizada, encolhida).<\/li><li><strong>Armazenamento<\/strong>: Armazene em uma \u00e1rea fresca, seca e bem ventilada, longe da luz solar direta e da umidade. Prazo de validade: 24 meses sob condi\u00e7\u00f5es recomendadas.<\/li><li><strong>Precau\u00e7\u00f5es de manuseio<\/strong>: Use EPI (luvas, \u00f3culos de prote\u00e7\u00e3o, m\u00e1scara contra poeira) para evitar inala\u00e7\u00e3o ou contato com a pele. Escorregadio quando molhado - limpe os derramamentos imediatamente com material absorvente. N\u00e3o \u00e9 classificado como perigoso de acordo com o GHS da ONU, mas consulte o SDS para obter detalhes completos.<\/li><\/ul><h2 dir=\"auto\">Informa\u00e7\u00f5es sobre seguran\u00e7a e meio ambiente<\/h2><ul dir=\"auto\"><li><strong>Toxicidade<\/strong>: N\u00e3o t\u00f3xico (LD50 oral &gt;5.000 mg\/kg); baixo potencial de bioacumula\u00e7\u00e3o.<\/li><li><strong>Primeiros socorros<\/strong>: Contato com a pele\/olhos - enx\u00e1gue com \u00e1gua; inala\u00e7\u00e3o - v\u00e1 para o ar fresco; ingest\u00e3o - procure orienta\u00e7\u00e3o m\u00e9dica.<\/li><li><strong>Considera\u00e7\u00f5es ambientais<\/strong>: Biodegrad\u00e1vel; evite a libera\u00e7\u00e3o direta em corpos d'\u00e1gua. Ap\u00f3ia pr\u00e1ticas sustent\u00e1veis ao reduzir o uso de produtos qu\u00edmicos nos processos de tratamento.<\/li><li><strong>Regulamentos de importa\u00e7\u00e3o<\/strong>: C\u00f3digo HTS 3906.90; em conformidade com os requisitos de com\u00e9rcio internacional, incluindo IMDG para transporte mar\u00edtimo.<\/li><\/ul><h2 dir=\"auto\">Vantagens competitivas e posicionamento de mercado<\/h2><p dir=\"auto\">Em um mercado dominado por fornecedores como SNF Floerger (s\u00e9rie FLOPAAM), BASF (s\u00e9rie Alcomer) e Kemira (s\u00e9rie Superfloc), nosso PAM ani\u00f4nico se destaca:<\/p><ul dir=\"auto\"><li><strong>Formula\u00e7\u00f5es personaliz\u00e1veis<\/strong>: Peso molecular e densidade de carga personalizados para atender a pontos problem\u00e1ticos espec\u00edficos do comprador, como ambientes com alta salinidade ou necessidades de hidrata\u00e7\u00e3o r\u00e1pida.<span lang=\"zh-CN\"><span data-immersive-translate-translation-element-mark=\"1\">\u3002<\/span><\/span><\/li><li><strong>Custo-efetividade<\/strong>: 10-15% pre\u00e7os mais baixos por meio de produ\u00e7\u00e3o otimizada, sem comprometer a qualidade.<\/li><li><strong>Cadeia de suprimentos global<\/strong>: Entrega confi\u00e1vel para os principais mercados (UE, EUA, \u00c1sia-Pac\u00edfico) com prazos de entrega m\u00ednimos.<\/li><\/ul><p dir=\"auto\">Para obter amostras, pre\u00e7os ou especifica\u00e7\u00f5es personalizadas, entre em contato com nossa equipe de vendas. Essa planilha \u00e9 otimizada para compradores internacionais que buscam produtos PAM de alto desempenho e em conformidade para aumentar a efici\u00eancia operacional e a competitividade no mercado.<\/p><p style=\"text-align: center;\"><a dir=\"auto\" style=\"display: inline-block; padding: 12px 28px; border-radius: 999px; background: #0067ff; color: #ffffff; font-size: 20px; font-weight: 600; text-decoration: none; cursor: pointer;\" href=\"mailto:info@yrdcarbon.com\">Obtenha amostras gratuitas de qualidade para teste<\/a><\/p>\t\t\t\t\t\t\t\t<\/div>\n\t\t\t\t<\/div>\n\t\t\t\t\t<\/div>\n\t\t\t\t<\/div>\n\t\t\t\t<\/div>","protected":false},"excerpt":{"rendered":"<p><a dir=\"auto\" style=\"display: inline-block; padding: 12px 28px; border-radius: 999px; background: #0067ff; color: #ffffff; font-size: 20px; font-weight: 600; text-decoration: none; cursor: pointer; \" href=\"mailto:info@yrdcarbon.com\">Obtenha amostras gratuitas de qualidade para teste<\/a><\/p>\n<p dir=\"auto\">A poliacrilamida ani\u00f4nica (PAM), tamb\u00e9m conhecida como APAM, \u00e9 um pol\u00edmero sol\u00favel em \u00e1gua e de alto peso molecular derivado de mon\u00f4meros de acrilamida. \u00c9 amplamente reconhecido por suas propriedades superiores de flocula\u00e7\u00e3o, espessamento e redu\u00e7\u00e3o de arrasto, o que o torna um produto qu\u00edmico essencial no tratamento de \u00e1gua, na recupera\u00e7\u00e3o de petr\u00f3leo e em v\u00e1rias aplica\u00e7\u00f5es industriais.<\/p>\n<p dir=\"auto\">Nosso PAM ani\u00f4nico foi projetado para atender a rigorosos padr\u00f5es internacionais de qualidade, garantindo alto desempenho, economia e conformidade ambiental para compradores globais em empresas de tratamento de \u00e1gua, compradores industriais e distribuidores de produtos qu\u00edmicos.<\/p>\n<p dir=\"auto\">Os principais recursos incluem:<\/p>\n<ul dir=\"auto\">\n<li>Excelente floculabilidade com requisitos m\u00ednimos de dosagem<\/li>\n<li>Baixo teor de acrilamida residual para maior seguran\u00e7a<\/li>\n<li>Op\u00e7\u00f5es vers\u00e1teis de densidade de carga i\u00f4nica para aplica\u00e7\u00f5es personalizadas<\/li>\n<li>Conformidade com as normas ISO 9001, REACH, NSF\/ANSI 60 e ASTM<\/li>\n<\/ul>","protected":false},"featured_media":1402,"template":"","meta":{"site-sidebar-layout":"default","site-content-layout":"","ast-site-content-layout":"default","site-content-style":"default","site-sidebar-style":"default","ast-global-header-display":"","ast-banner-title-visibility":"","ast-main-header-display":"","ast-hfb-above-header-display":"","ast-hfb-below-header-display":"","ast-hfb-mobile-header-display":"","site-post-title":"","ast-breadcrumbs-content":"","ast-featured-img":"","footer-sml-layout":"","ast-disable-related-posts":"","theme-transparent-header-meta":"default","adv-header-id-meta":"","stick-header-meta":"","header-above-stick-meta":"","header-main-stick-meta":"","header-below-stick-meta":"","astra-migrate-meta-layouts":"set","ast-page-background-enabled":"default","ast-page-background-meta":{"desktop":{"background-color":"var(--ast-global-color-4)","background-image":"","background-repeat":"repeat","background-position":"center center","background-size":"auto","background-attachment":"scroll","background-type":"","background-media":"","overlay-type":"","overlay-color":"","overlay-opacity":"","overlay-gradient":""},"tablet":{"background-color":"","background-image":"","background-repeat":"repeat","background-position":"center center","background-size":"auto","background-attachment":"scroll","background-type":"","background-media":"","overlay-type":"","overlay-color":"","overlay-opacity":"","overlay-gradient":""},"mobile":{"background-color":"","background-image":"","background-repeat":"repeat","background-position":"center center","background-size":"auto","background-attachment":"scroll","background-type":"","background-media":"","overlay-type":"","overlay-color":"","overlay-opacity":"","overlay-gradient":""}},"ast-content-background-meta":{"desktop":{"background-color":"var(--ast-global-color-5)","background-image":"","background-repeat":"repeat","background-position":"center center","background-size":"auto","background-attachment":"scroll","background-type":"","background-media":"","overlay-type":"","overlay-color":"","overlay-opacity":"","overlay-gradient":""},"tablet":{"background-color":"var(--ast-global-color-5)","background-image":"","background-repeat":"repeat","background-position":"center center","background-size":"auto","background-attachment":"scroll","background-type":"","background-media":"","overlay-type":"","overlay-color":"","overlay-opacity":"","overlay-gradient":""},"mobile":{"background-color":"var(--ast-global-color-5)","background-image":"","background-repeat":"repeat","background-position":"center center","background-size":"auto","background-attachment":"scroll","background-type":"","background-media":"","overlay-type":"","overlay-color":"","overlay-opacity":"","overlay-gradient":""}}},"product_brand":[],"product_cat":[32],"product_tag":[],"class_list":{"0":"post-1155","1":"product","2":"type-product","3":"status-publish","4":"has-post-thumbnail","6":"product_cat-filter-materials-series","7":"desktop-align-left","8":"tablet-align-left","9":"mobile-align-left","11":"first","12":"instock","13":"shipping-taxable","14":"product-type-simple"},"yoast_head":"<!-- This site is optimized with the Yoast SEO Premium plugin v26.0 (Yoast SEO v27.4) - https:\/\/yoast.com\/product\/yoast-seo-premium-wordpress\/ -->\n<title>Polyacrylamide (PAM)<\/title>\n<meta name=\"description\" content=\"High-performance polyacrylamide (PAM) for water treatment, sludge dewatering &amp; industrial filtration systems. Reliable dosage, low residuals, global supply by YRD Activated Carbon.\" \/>\n<meta name=\"robots\" content=\"index, follow, max-snippet:-1, max-image-preview:large, max-video-preview:-1\" \/>\n<link rel=\"canonical\" href=\"https:\/\/yrdactivatedcarbon.com\/pt\/product\/pam-de-poliacrilamida\/\" \/>\n<meta property=\"og:locale\" content=\"pt_BR\" \/>\n<meta property=\"og:type\" content=\"article\" \/>\n<meta property=\"og:title\" content=\"Polyacrylamide (PAM)\" \/>\n<meta property=\"og:description\" content=\"High-performance polyacrylamide (PAM) for water treatment, sludge dewatering &amp; industrial filtration systems. Reliable dosage, low residuals, global supply by YRD Activated Carbon.\" \/>\n<meta property=\"og:url\" content=\"https:\/\/yrdactivatedcarbon.com\/pt\/product\/pam-de-poliacrilamida\/\" \/>\n<meta property=\"article:modified_time\" content=\"2025-12-03T09:33:55+00:00\" \/>\n<meta property=\"og:image\" content=\"http:\/\/yrdactivatedcarbon.com\/wp-content\/uploads\/2025\/10\/Polyacrylamidepam.webp\" \/>\n\t<meta property=\"og:image:width\" content=\"500\" \/>\n\t<meta property=\"og:image:height\" content=\"500\" \/>\n\t<meta property=\"og:image:type\" content=\"image\/webp\" \/>\n<meta name=\"twitter:card\" content=\"summary_large_image\" \/>\n<script type=\"application\/ld+json\" class=\"yoast-schema-graph\">{\"@context\":\"https:\\\/\\\/schema.org\",\"@graph\":[{\"@type\":\"WebPage\",\"@id\":\"https:\\\/\\\/yrdactivatedcarbon.com\\\/product\\\/polyacrylamide-pam\\\/\",\"url\":\"https:\\\/\\\/yrdactivatedcarbon.com\\\/product\\\/polyacrylamide-pam\\\/\",\"name\":\"Polyacrylamide (PAM)\",\"isPartOf\":{\"@id\":\"https:\\\/\\\/yrdactivatedcarbon.com\\\/#website\"},\"primaryImageOfPage\":{\"@id\":\"https:\\\/\\\/yrdactivatedcarbon.com\\\/product\\\/polyacrylamide-pam\\\/#primaryimage\"},\"image\":{\"@id\":\"https:\\\/\\\/yrdactivatedcarbon.com\\\/product\\\/polyacrylamide-pam\\\/#primaryimage\"},\"thumbnailUrl\":\"https:\\\/\\\/yrdactivatedcarbon.com\\\/wp-content\\\/uploads\\\/2025\\\/10\\\/Polyacrylamidepam.webp\",\"datePublished\":\"2025-10-17T09:15:33+00:00\",\"dateModified\":\"2025-12-03T09:33:55+00:00\",\"description\":\"High-performance polyacrylamide (PAM) for water treatment, sludge dewatering & industrial filtration systems. Reliable dosage, low residuals, global supply by YRD Activated Carbon.\",\"breadcrumb\":{\"@id\":\"https:\\\/\\\/yrdactivatedcarbon.com\\\/product\\\/polyacrylamide-pam\\\/#breadcrumb\"},\"inLanguage\":\"pt-BR\",\"potentialAction\":[{\"@type\":\"ReadAction\",\"target\":[\"https:\\\/\\\/yrdactivatedcarbon.com\\\/product\\\/polyacrylamide-pam\\\/\"]}]},{\"@type\":\"ImageObject\",\"inLanguage\":\"pt-BR\",\"@id\":\"https:\\\/\\\/yrdactivatedcarbon.com\\\/product\\\/polyacrylamide-pam\\\/#primaryimage\",\"url\":\"https:\\\/\\\/yrdactivatedcarbon.com\\\/wp-content\\\/uploads\\\/2025\\\/10\\\/Polyacrylamidepam.webp\",\"contentUrl\":\"https:\\\/\\\/yrdactivatedcarbon.com\\\/wp-content\\\/uploads\\\/2025\\\/10\\\/Polyacrylamidepam.webp\",\"width\":500,\"height\":500},{\"@type\":\"BreadcrumbList\",\"@id\":\"https:\\\/\\\/yrdactivatedcarbon.com\\\/product\\\/polyacrylamide-pam\\\/#breadcrumb\",\"itemListElement\":[{\"@type\":\"ListItem\",\"position\":1,\"name\":\"\u9996\u9875\",\"item\":\"https:\\\/\\\/yrdactivatedcarbon.com\\\/\"},{\"@type\":\"ListItem\",\"position\":2,\"name\":\"Products\",\"item\":\"https:\\\/\\\/yrdactivatedcarbon.com\\\/shop__trashed\\\/\"},{\"@type\":\"ListItem\",\"position\":3,\"name\":\"Polyacrylamide (PAM)\"}]},{\"@type\":\"WebSite\",\"@id\":\"https:\\\/\\\/yrdactivatedcarbon.com\\\/#website\",\"url\":\"https:\\\/\\\/yrdactivatedcarbon.com\\\/\",\"name\":\"\",\"description\":\"\",\"publisher\":{\"@id\":\"https:\\\/\\\/yrdactivatedcarbon.com\\\/#\\\/schema\\\/person\\\/581e0ef9031155afdeefbcd492460987\"},\"potentialAction\":[{\"@type\":\"SearchAction\",\"target\":{\"@type\":\"EntryPoint\",\"urlTemplate\":\"https:\\\/\\\/yrdactivatedcarbon.com\\\/?s={search_term_string}\"},\"query-input\":{\"@type\":\"PropertyValueSpecification\",\"valueRequired\":true,\"valueName\":\"search_term_string\"}}],\"inLanguage\":\"pt-BR\"},{\"@type\":[\"Person\",\"Organization\"],\"@id\":\"https:\\\/\\\/yrdactivatedcarbon.com\\\/#\\\/schema\\\/person\\\/581e0ef9031155afdeefbcd492460987\",\"name\":\"Admin\",\"image\":{\"@type\":\"ImageObject\",\"inLanguage\":\"pt-BR\",\"@id\":\"https:\\\/\\\/yrdactivatedcarbon.com\\\/wp-content\\\/uploads\\\/2025\\\/10\\\/cropped-cropped-cropped-cropped-cropped-Gemini_Generated_Image_csnat5csnat5csna-removebg-preview.png\",\"url\":\"https:\\\/\\\/yrdactivatedcarbon.com\\\/wp-content\\\/uploads\\\/2025\\\/10\\\/cropped-cropped-cropped-cropped-cropped-Gemini_Generated_Image_csnat5csnat5csna-removebg-preview.png\",\"contentUrl\":\"https:\\\/\\\/yrdactivatedcarbon.com\\\/wp-content\\\/uploads\\\/2025\\\/10\\\/cropped-cropped-cropped-cropped-cropped-Gemini_Generated_Image_csnat5csnat5csna-removebg-preview.png\",\"width\":304,\"height\":88,\"caption\":\"Admin\"},\"logo\":{\"@id\":\"https:\\\/\\\/yrdactivatedcarbon.com\\\/wp-content\\\/uploads\\\/2025\\\/10\\\/cropped-cropped-cropped-cropped-cropped-Gemini_Generated_Image_csnat5csnat5csna-removebg-preview.png\"},\"sameAs\":[\"https:\\\/\\\/yrdactivatedcarbon.com\"],\"publishingPrinciples\":\"https:\\\/\\\/yrdactivatedcarbon.com\\\/\",\"ownershipFundingInfo\":\"https:\\\/\\\/yrdactivatedcarbon.com\\\/\"}]}<\/script>\n<!-- \/ Yoast SEO Premium plugin. -->","yoast_head_json":{"title":"Poliacrilamida (PAM)","description":"Poliacrilamida (PAM) de alto desempenho para tratamento de \u00e1gua, desaguamento de lodo e sistemas de filtragem industrial. Dosagem confi\u00e1vel, baixos res\u00edduos, fornecimento global pela YRD Activated Carbon.","robots":{"index":"index","follow":"follow","max-snippet":"max-snippet:-1","max-image-preview":"max-image-preview:large","max-video-preview":"max-video-preview:-1"},"canonical":"https:\/\/yrdactivatedcarbon.com\/pt\/product\/pam-de-poliacrilamida\/","og_locale":"pt_BR","og_type":"article","og_title":"Polyacrylamide (PAM)","og_description":"High-performance polyacrylamide (PAM) for water treatment, sludge dewatering & industrial filtration systems. Reliable dosage, low residuals, global supply by YRD Activated Carbon.","og_url":"https:\/\/yrdactivatedcarbon.com\/pt\/product\/pam-de-poliacrilamida\/","article_modified_time":"2025-12-03T09:33:55+00:00","og_image":[{"width":500,"height":500,"url":"http:\/\/yrdactivatedcarbon.com\/wp-content\/uploads\/2025\/10\/Polyacrylamidepam.webp","type":"image\/webp"}],"twitter_card":"summary_large_image","schema":{"@context":"https:\/\/schema.org","@graph":[{"@type":"WebPage","@id":"https:\/\/yrdactivatedcarbon.com\/product\/polyacrylamide-pam\/","url":"https:\/\/yrdactivatedcarbon.com\/product\/polyacrylamide-pam\/","name":"Poliacrilamida (PAM)","isPartOf":{"@id":"https:\/\/yrdactivatedcarbon.com\/#website"},"primaryImageOfPage":{"@id":"https:\/\/yrdactivatedcarbon.com\/product\/polyacrylamide-pam\/#primaryimage"},"image":{"@id":"https:\/\/yrdactivatedcarbon.com\/product\/polyacrylamide-pam\/#primaryimage"},"thumbnailUrl":"https:\/\/yrdactivatedcarbon.com\/wp-content\/uploads\/2025\/10\/Polyacrylamidepam.webp","datePublished":"2025-10-17T09:15:33+00:00","dateModified":"2025-12-03T09:33:55+00:00","description":"Poliacrilamida (PAM) de alto desempenho para tratamento de \u00e1gua, desaguamento de lodo e sistemas de filtragem industrial. Dosagem confi\u00e1vel, baixos res\u00edduos, fornecimento global pela YRD Activated Carbon.","breadcrumb":{"@id":"https:\/\/yrdactivatedcarbon.com\/product\/polyacrylamide-pam\/#breadcrumb"},"inLanguage":"pt-BR","potentialAction":[{"@type":"ReadAction","target":["https:\/\/yrdactivatedcarbon.com\/product\/polyacrylamide-pam\/"]}]},{"@type":"ImageObject","inLanguage":"pt-BR","@id":"https:\/\/yrdactivatedcarbon.com\/product\/polyacrylamide-pam\/#primaryimage","url":"https:\/\/yrdactivatedcarbon.com\/wp-content\/uploads\/2025\/10\/Polyacrylamidepam.webp","contentUrl":"https:\/\/yrdactivatedcarbon.com\/wp-content\/uploads\/2025\/10\/Polyacrylamidepam.webp","width":500,"height":500},{"@type":"BreadcrumbList","@id":"https:\/\/yrdactivatedcarbon.com\/product\/polyacrylamide-pam\/#breadcrumb","itemListElement":[{"@type":"ListItem","position":1,"name":"\u9996\u9875","item":"https:\/\/yrdactivatedcarbon.com\/"},{"@type":"ListItem","position":2,"name":"Products","item":"https:\/\/yrdactivatedcarbon.com\/shop__trashed\/"},{"@type":"ListItem","position":3,"name":"Polyacrylamide (PAM)"}]},{"@type":"WebSite","@id":"https:\/\/yrdactivatedcarbon.com\/#website","url":"https:\/\/yrdactivatedcarbon.com\/","name":"","description":"","publisher":{"@id":"https:\/\/yrdactivatedcarbon.com\/#\/schema\/person\/581e0ef9031155afdeefbcd492460987"},"potentialAction":[{"@type":"SearchAction","target":{"@type":"EntryPoint","urlTemplate":"https:\/\/yrdactivatedcarbon.com\/?s={search_term_string}"},"query-input":{"@type":"PropertyValueSpecification","valueRequired":true,"valueName":"search_term_string"}}],"inLanguage":"pt-BR"},{"@type":["Person","Organization"],"@id":"https:\/\/yrdactivatedcarbon.com\/#\/schema\/person\/581e0ef9031155afdeefbcd492460987","name":"Admin","image":{"@type":"ImageObject","inLanguage":"pt-BR","@id":"https:\/\/yrdactivatedcarbon.com\/wp-content\/uploads\/2025\/10\/cropped-cropped-cropped-cropped-cropped-Gemini_Generated_Image_csnat5csnat5csna-removebg-preview.png","url":"https:\/\/yrdactivatedcarbon.com\/wp-content\/uploads\/2025\/10\/cropped-cropped-cropped-cropped-cropped-Gemini_Generated_Image_csnat5csnat5csna-removebg-preview.png","contentUrl":"https:\/\/yrdactivatedcarbon.com\/wp-content\/uploads\/2025\/10\/cropped-cropped-cropped-cropped-cropped-Gemini_Generated_Image_csnat5csnat5csna-removebg-preview.png","width":304,"height":88,"caption":"Admin"},"logo":{"@id":"https:\/\/yrdactivatedcarbon.com\/wp-content\/uploads\/2025\/10\/cropped-cropped-cropped-cropped-cropped-Gemini_Generated_Image_csnat5csnat5csna-removebg-preview.png"},"sameAs":["https:\/\/yrdactivatedcarbon.com"],"publishingPrinciples":"https:\/\/yrdactivatedcarbon.com\/","ownershipFundingInfo":"https:\/\/yrdactivatedcarbon.com\/"}]}},"_links":{"self":[{"href":"https:\/\/yrdactivatedcarbon.com\/pt\/wp-json\/wp\/v2\/product\/1155","targetHints":{"allow":["GET"]}}],"collection":[{"href":"https:\/\/yrdactivatedcarbon.com\/pt\/wp-json\/wp\/v2\/product"}],"about":[{"href":"https:\/\/yrdactivatedcarbon.com\/pt\/wp-json\/wp\/v2\/types\/product"}],"version-history":[{"count":9,"href":"https:\/\/yrdactivatedcarbon.com\/pt\/wp-json\/wp\/v2\/product\/1155\/revisions"}],"predecessor-version":[{"id":1693,"href":"https:\/\/yrdactivatedcarbon.com\/pt\/wp-json\/wp\/v2\/product\/1155\/revisions\/1693"}],"wp:featuredmedia":[{"embeddable":true,"href":"https:\/\/yrdactivatedcarbon.com\/pt\/wp-json\/wp\/v2\/media\/1402"}],"wp:attachment":[{"href":"https:\/\/yrdactivatedcarbon.com\/pt\/wp-json\/wp\/v2\/media?parent=1155"}],"wp:term":[{"taxonomy":"product_brand","embeddable":true,"href":"https:\/\/yrdactivatedcarbon.com\/pt\/wp-json\/wp\/v2\/product_brand?post=1155"},{"taxonomy":"product_cat","embeddable":true,"href":"https:\/\/yrdactivatedcarbon.com\/pt\/wp-json\/wp\/v2\/product_cat?post=1155"},{"taxonomy":"product_tag","embeddable":true,"href":"https:\/\/yrdactivatedcarbon.com\/pt\/wp-json\/wp\/v2\/product_tag?post=1155"}],"curies":[{"name":"wp","href":"https:\/\/api.w.org\/{rel}","templated":true}]}}