{"id":1616,"date":"2025-10-27T17:38:38","date_gmt":"2025-10-27T09:38:38","guid":{"rendered":"https:\/\/yrdactivatedcarbon.com\/?post_type=product&#038;p=1616"},"modified":"2025-12-03T17:29:10","modified_gmt":"2025-12-03T09:29:10","slug":"carvao-ativado-granular-gac","status":"publish","type":"product","link":"https:\/\/yrdactivatedcarbon.com\/pt\/product\/carvao-ativado-granular-gac\/","title":{"rendered":"Carv\u00e3o ativado granular (GAC)"},"content":{"rendered":"<h2 dir=\"auto\">Especifica\u00e7\u00f5es t\u00e9cnicas<\/h2>\n<p dir=\"auto\">A tabela a seguir descreve as principais propriedades f\u00edsicas e qu\u00edmicas de nosso carv\u00e3o ativado granular padr\u00e3o, com base em rigorosos testes de laborat\u00f3rio e alinhados com refer\u00eancias internacionais, como as normas ASTM e AWWA. Os valores representam limites m\u00ednimos ou m\u00e1ximos, a menos que sejam especificados como t\u00edpicos. Unidades duplas (m\u00e9trica\/imperial) s\u00e3o fornecidas para compatibilidade global.<\/p>\n<table>\n<thead>\n<tr>\n<th data-col-size=\"lg\">Propriedade<\/th>\n<th data-col-size=\"lg\">Especifica\u00e7\u00e3o<\/th>\n<th data-col-size=\"md\">M\u00e9todo de teste<\/th>\n<th data-col-size=\"sm\">Unidades (m\u00e9tricas\/imperiais)<\/th>\n<\/tr>\n<\/thead>\n<tbody>\n<tr>\n<td data-col-size=\"lg\">N\u00famero de iodo<\/td>\n<td data-col-size=\"lg\">900 min<\/td>\n<td data-col-size=\"md\">ASTM D4607<\/td>\n<td data-col-size=\"sm\">mg\/g<\/td>\n<\/tr>\n<tr>\n<td data-col-size=\"lg\">Teor de umidade<\/td>\n<td data-col-size=\"lg\">2% m\u00e1ximo<\/td>\n<td data-col-size=\"md\">ASTM D2867<\/td>\n<td data-col-size=\"sm\">% por peso<\/td>\n<\/tr>\n<tr>\n<td data-col-size=\"lg\">Densidade aparente (compactada)<\/td>\n<td data-col-size=\"lg\">0,5-0,56 t\u00edpico<\/td>\n<td data-col-size=\"md\">ASTM D2854<\/td>\n<td data-col-size=\"sm\">g\/cc (31-35 lb\/ft\u00b3)<\/td>\n<\/tr>\n<tr>\n<td data-col-size=\"lg\">Dureza (Ball-Pan)<\/td>\n<td data-col-size=\"lg\">90 min<\/td>\n<td data-col-size=\"md\">ASTM D3802<\/td>\n<td data-col-size=\"sm\">%<\/td>\n<\/tr>\n<tr>\n<td data-col-size=\"lg\">N\u00famero de abras\u00e3o<\/td>\n<td data-col-size=\"lg\">75-80 min<\/td>\n<td data-col-size=\"md\">AWWA B604<\/td>\n<td data-col-size=\"sm\">%<\/td>\n<\/tr>\n<tr>\n<td data-col-size=\"lg\">Tamanho efetivo<\/td>\n<td data-col-size=\"lg\">0.8-1.2<\/td>\n<td data-col-size=\"md\">ASTM D2862<\/td>\n<td data-col-size=\"sm\">mm<\/td>\n<\/tr>\n<tr>\n<td data-col-size=\"lg\">Coeficiente de uniformidade<\/td>\n<td data-col-size=\"lg\">1,5-1,8 m\u00e1x.<\/td>\n<td data-col-size=\"md\">ASTM D2862<\/td>\n<td data-col-size=\"sm\">&#8211;<\/td>\n<\/tr>\n<tr>\n<td data-col-size=\"lg\">Tamanho da part\u00edcula (Mesh)<\/td>\n<td data-col-size=\"lg\">8\u00d730 ou 12\u00d740<\/td>\n<td data-col-size=\"md\">ASTM D2862<\/td>\n<td data-col-size=\"sm\">S\u00e9rie de peneiras dos EUA<\/td>\n<\/tr>\n<tr>\n<td data-col-size=\"lg\">Conte\u00fado de cinzas<\/td>\n<td data-col-size=\"lg\">8-10% m\u00e1ximo<\/td>\n<td data-col-size=\"md\">ASTM D2866<\/td>\n<td data-col-size=\"sm\">% por peso<\/td>\n<\/tr>\n<tr>\n<td data-col-size=\"lg\">pH (extrato aquoso)<\/td>\n<td data-col-size=\"lg\">8-10 t\u00edpico<\/td>\n<td data-col-size=\"md\">ASTM D3838<\/td>\n<td data-col-size=\"sm\">&#8211;<\/td>\n<\/tr>\n<tr>\n<td data-col-size=\"lg\">Capacidade de trabalho do butano<\/td>\n<td data-col-size=\"lg\">9 mg\/cc min<\/td>\n<td data-col-size=\"md\">ASTM D5228<\/td>\n<td data-col-size=\"sm\">mg\/cc<\/td>\n<\/tr>\n<tr>\n<td data-col-size=\"lg\">Atividade da CTC<\/td>\n<td data-col-size=\"lg\">50-60% t\u00edpico<\/td>\n<td data-col-size=\"md\">ASTM D3467<\/td>\n<td data-col-size=\"sm\">% por peso<\/td>\n<\/tr>\n<\/tbody>\n<\/table>\n<p dir=\"auto\">*Nota: As especifica\u00e7\u00f5es podem variar ligeiramente com base na fonte da mat\u00e9ria-prima (carv\u00e3o ou casca de coco). Formula\u00e7\u00f5es personalizadas dispon\u00edveis para aplica\u00e7\u00f5es espec\u00edficas. Todos os dados de desempenho podem ser verificados por meio de resultados de laborat\u00f3rios independentes.<\/p>\n<h2 dir=\"auto\">Aplicativos<\/h2>\n<p dir=\"auto\">O carv\u00e3o ativado granular \u00e9 um meio de filtragem vers\u00e1til com efic\u00e1cia comprovada em diversos setores. Os principais usos incluem:<\/p>\n<ul dir=\"auto\">\n<li><strong>Tratamento de \u00e1gua pot\u00e1vel<\/strong>: Remo\u00e7\u00e3o de cloro, cloraminas, compostos de sabor\/odor (por exemplo, MIB e geosmina) e contaminantes org\u00e2nicos como PFAS, herbicidas e toxinas de algas perigosas (HABs) de fontes de \u00e1guas superficiais e subterr\u00e2neas.<\/li>\n<li><strong>Remedia\u00e7\u00e3o de \u00e1guas residuais e industriais<\/strong>: Adsor\u00e7\u00e3o de VOCs, hidrocarbonetos de petr\u00f3leo (por exemplo, BTEX), bifenilos policlorados (PCBs) e metais pesados de efluentes industriais, garantindo a conformidade com as normas ambientais.<\/li>\n<li><strong>Purifica\u00e7\u00e3o de ar e g\u00e1s<\/strong>: Elimina\u00e7\u00e3o de odores, gases perigosos (por exemplo, sulfeto de hidrog\u00eanio) e org\u00e2nicos vol\u00e1teis em sistemas de ventila\u00e7\u00e3o, tratamento de biog\u00e1s e exaust\u00e3o industrial.<\/li>\n<li><strong>Processamento de alimentos e bebidas<\/strong>: Descolora\u00e7\u00e3o, purifica\u00e7\u00e3o e remo\u00e7\u00e3o de impurezas em fluxos de \u00e1gua de engarrafamento, fabrica\u00e7\u00e3o de cerveja e produtos farmac\u00eauticos.<\/li>\n<li><strong>Limpeza ambiental e de \u00e1guas subterr\u00e2neas<\/strong>: Eficaz em sistemas de bombeamento e tratamento para remedia\u00e7\u00e3o de locais, incluindo res\u00edduos de combust\u00e3o de carv\u00e3o (CCR) e recupera\u00e7\u00e3o de solventes.<\/li>\n<li><strong>Filtragem de aqu\u00e1rios e lagos<\/strong>: Mant\u00e9m a \u00e1gua limpa e livre de contaminantes para ambientes aqu\u00e1ticos.<\/li>\n<\/ul>\n<p dir=\"auto\">Ao se concentrar na efici\u00eancia da adsor\u00e7\u00e3o, o CAG aborda os principais pontos problem\u00e1ticos do comprador, como a conformidade normativa, a confiabilidade operacional e a economia de custos por meio da redu\u00e7\u00e3o do uso de produtos qu\u00edmicos e da vida \u00fatil prolongada.<\/p>\n<p><a dir=\"auto\" style=\"display: inline-block; padding: 12px 28px; border-radius: 999px; background: #0067ff; color: #ffffff; font-size: 20px; font-weight: 600; text-decoration: none; cursor: pointer;\" href=\"mailto:info@yrdcarbon.com\">Obtenha amostras gratuitas de qualidade para teste<\/a><\/p>\n<h2 dir=\"auto\">Certifica\u00e7\u00f5es e padr\u00f5es<\/h2>\n<ul dir=\"auto\">\n<li><strong>Conformidade com a qualidade e a seguran\u00e7a<\/strong>: Certificado NSF\/ANSI 61 para aplica\u00e7\u00f5es em \u00e1gua pot\u00e1vel; AWWA B604 para carv\u00e3o ativado granular; em conformidade com o Food Chemicals Codex.<\/li>\n<li><strong>Padr\u00f5es internacionais<\/strong>: Segue as normas ASTM (por exemplo, D4607 para iodo, D3802 para dureza), ISO (por exemplo, requisitos gerais para carv\u00e3o ativado) e EN 12915 para carv\u00e3o para tratamento de \u00e1gua.<\/li>\n<li><strong>Ambiental e regulat\u00f3rio<\/strong>: Em conformidade com o REACH para os mercados da UE; op\u00e7\u00f5es com certifica\u00e7\u00e3o Halal e Kosher dispon\u00edveis; baixo teor de metais extra\u00edveis para atender \u00e0s regulamenta\u00e7\u00f5es comerciais globais.<\/li>\n<li><strong>Testes e valida\u00e7\u00e3o<\/strong>: Todos os lotes passam por uma verifica\u00e7\u00e3o laboratorial terceirizada para as alega\u00e7\u00f5es de desempenho, com certificados de an\u00e1lise fornecidos mediante solicita\u00e7\u00e3o.<\/li>\n<\/ul>\n<h2 dir=\"auto\">Embalagem e manuseio<\/h2>\n<ul dir=\"auto\">\n<li><strong>Embalagem padr\u00e3o<\/strong>: Dispon\u00edvel em sacos multicamadas de 25 kg (55 lb), super sacos de 500-1000 kg (1100-2200 lb) ou reboques pneum\u00e1ticos a granel para remessas de grande volume.<\/li>\n<li><strong>Recomenda\u00e7\u00f5es de armazenamento<\/strong>: Armazene em uma \u00e1rea seca e coberta, longe de oxidantes fortes. O prazo de validade \u00e9 superior a 5 anos em condi\u00e7\u00f5es adequadas.<\/li>\n<li><strong>Diretrizes de manuseio<\/strong>: Use o EPI adequado (luvas, m\u00e1scara contra poeira) durante a transfer\u00eancia. Fa\u00e7a a retrolavagem das novas instala\u00e7\u00f5es de acordo com as diretrizes do fabricante para remover os finos e garantir o desempenho ideal (por exemplo, imers\u00e3o inicial por mais de 16 horas seguida de taxas de fluxo graduadas de at\u00e9 18,5 gpm\/ft\u00b2).<\/li>\n<li><strong>Transporte<\/strong>: N\u00e3o perigoso de acordo com os regulamentos da ONU; adequado para remessa internacional com o c\u00f3digo HS 3802.10.<\/li>\n<\/ul>\n<h2 dir=\"auto\">Informa\u00e7\u00f5es de seguran\u00e7a<\/h2>\n<p dir=\"auto\">O carv\u00e3o ativado \u00famido esgota o oxig\u00eanio em espa\u00e7os fechados - garanta ventila\u00e7\u00e3o adequada e siga os procedimentos de entrada em espa\u00e7os confinados. N\u00e3o inflam\u00e1vel, mas pode favorecer a combust\u00e3o; evite o contato com oxidantes fortes. Em caso de exposi\u00e7\u00e3o \u00e0 poeira, enx\u00e1gue os olhos e a pele com \u00e1gua. Consulte o SDS para obter detalhes completos. Em caso de emerg\u00eancia, entre em contato com as autoridades locais.<\/p>\n<p><a dir=\"auto\" style=\"display: inline-block; padding: 12px 28px; border-radius: 999px; background: #0067ff; color: #ffffff; font-size: 20px; font-weight: 600; text-decoration: none; cursor: pointer;\" href=\"mailto:info@yrdcarbon.com\">Obtenha amostras gratuitas de qualidade para teste<\/a><\/p>","protected":false},"excerpt":{"rendered":"<p><a dir=\"auto\" style=\"display: inline-block; padding: 12px 28px; border-radius: 999px; background: #0067ff; color: #ffffff; font-size: 20px; font-weight: 600; text-decoration: none; cursor: pointer; \" href=\"mailto:info@yrdcarbon.com\">Obtenha amostras gratuitas de qualidade para teste<\/a><\/p>\n<p dir=\"auto\">O carv\u00e3o ativado granular (GAC) \u00e9 um material adsorvente altamente poroso, ativado por vapor, derivado de graus selecionados de carv\u00e3o betuminoso ou casca de coco, projetado para remo\u00e7\u00e3o superior de contaminantes org\u00e2nicos e inorg\u00e2nicos dissolvidos em aplica\u00e7\u00f5es de purifica\u00e7\u00e3o de \u00e1gua e ar.<\/p>\n<p dir=\"auto\">Com sua extensa \u00e1rea de superf\u00edcie interna (normalmente de 800 a 1200 m\u00b2\/g), o CAG se destaca em processos de adsor\u00e7\u00e3o, eliminando com efic\u00e1cia compostos de sabor e odor, compostos org\u00e2nicos vol\u00e1teis (COVs), solventes clorados e outras impurezas para garantir uma produ\u00e7\u00e3o de alta qualidade no tratamento de \u00e1gua pot\u00e1vel, remedia\u00e7\u00e3o de \u00e1guas residuais e processos industriais. Esse produto foi projetado para ser dur\u00e1vel, com alta resist\u00eancia \u00e0 abras\u00e3o e for\u00e7a mec\u00e2nica, o que o torna ideal para sistemas de filtragem de leito fixo em que a retrolavagem repetida e o transporte hidr\u00e1ulico s\u00e3o comuns.<\/p>","protected":false},"featured_media":1617,"template":"","meta":{"site-sidebar-layout":"default","site-content-layout":"","ast-site-content-layout":"default","site-content-style":"default","site-sidebar-style":"default","ast-global-header-display":"","ast-banner-title-visibility":"","ast-main-header-display":"","ast-hfb-above-header-display":"","ast-hfb-below-header-display":"","ast-hfb-mobile-header-display":"","site-post-title":"","ast-breadcrumbs-content":"","ast-featured-img":"","footer-sml-layout":"","ast-disable-related-posts":"","theme-transparent-header-meta":"default","adv-header-id-meta":"","stick-header-meta":"","header-above-stick-meta":"","header-main-stick-meta":"","header-below-stick-meta":"","astra-migrate-meta-layouts":"set","ast-page-background-enabled":"default","ast-page-background-meta":{"desktop":{"background-color":"var(--ast-global-color-4)","background-image":"","background-repeat":"repeat","background-position":"center center","background-size":"auto","background-attachment":"scroll","background-type":"","background-media":"","overlay-type":"","overlay-color":"","overlay-opacity":"","overlay-gradient":""},"tablet":{"background-color":"","background-image":"","background-repeat":"repeat","background-position":"center center","background-size":"auto","background-attachment":"scroll","background-type":"","background-media":"","overlay-type":"","overlay-color":"","overlay-opacity":"","overlay-gradient":""},"mobile":{"background-color":"","background-image":"","background-repeat":"repeat","background-position":"center center","background-size":"auto","background-attachment":"scroll","background-type":"","background-media":"","overlay-type":"","overlay-color":"","overlay-opacity":"","overlay-gradient":""}},"ast-content-background-meta":{"desktop":{"background-color":"var(--ast-global-color-5)","background-image":"","background-repeat":"repeat","background-position":"center center","background-size":"auto","background-attachment":"scroll","background-type":"","background-media":"","overlay-type":"","overlay-color":"","overlay-opacity":"","overlay-gradient":""},"tablet":{"background-color":"var(--ast-global-color-5)","background-image":"","background-repeat":"repeat","background-position":"center center","background-size":"auto","background-attachment":"scroll","background-type":"","background-media":"","overlay-type":"","overlay-color":"","overlay-opacity":"","overlay-gradient":""},"mobile":{"background-color":"var(--ast-global-color-5)","background-image":"","background-repeat":"repeat","background-position":"center center","background-size":"auto","background-attachment":"scroll","background-type":"","background-media":"","overlay-type":"","overlay-color":"","overlay-opacity":"","overlay-gradient":""}}},"product_brand":[],"product_cat":[15],"product_tag":[],"class_list":{"0":"post-1616","1":"product","2":"type-product","3":"status-publish","4":"has-post-thumbnail","6":"product_cat-activated-carbon-series","7":"desktop-align-left","8":"tablet-align-left","9":"mobile-align-left","11":"first","12":"instock","13":"shipping-taxable","14":"product-type-simple"},"yoast_head":"<!-- This site is optimized with the Yoast SEO Premium plugin v26.0 (Yoast SEO v27.4) - https:\/\/yoast.com\/product\/yoast-seo-premium-wordpress\/ -->\n<title>Granular Activated Carbon (GAC)<\/title>\n<meta name=\"description\" content=\"Discover high-performance Granular Activated Carbon (GAC) for water and air purification. Ideal for industrial filtration, wastewater treatment, and potable water systems. Compliant with ASTM, ISO standards. Bulk supply for B2B buyers worldwide.\" \/>\n<meta name=\"robots\" content=\"index, follow, max-snippet:-1, max-image-preview:large, max-video-preview:-1\" \/>\n<link rel=\"canonical\" href=\"https:\/\/yrdactivatedcarbon.com\/pt\/product\/carvao-ativado-granular-gac\/\" \/>\n<meta property=\"og:locale\" content=\"pt_BR\" \/>\n<meta property=\"og:type\" content=\"article\" \/>\n<meta property=\"og:title\" content=\"Granular Activated Carbon (GAC)\" \/>\n<meta property=\"og:description\" content=\"Discover high-performance Granular Activated Carbon (GAC) for water and air purification. Ideal for industrial filtration, wastewater treatment, and potable water systems. Compliant with ASTM, ISO standards. Bulk supply for B2B buyers worldwide.\" \/>\n<meta property=\"og:url\" content=\"https:\/\/yrdactivatedcarbon.com\/pt\/product\/carvao-ativado-granular-gac\/\" \/>\n<meta property=\"article:modified_time\" content=\"2025-12-03T09:29:10+00:00\" \/>\n<meta property=\"og:image\" content=\"http:\/\/yrdactivatedcarbon.com\/wp-content\/uploads\/2025\/10\/Granular-activated-carbon-fact-sheet.jpg\" \/>\n\t<meta property=\"og:image:width\" content=\"1200\" \/>\n\t<meta property=\"og:image:height\" content=\"679\" \/>\n\t<meta property=\"og:image:type\" content=\"image\/jpeg\" \/>\n<meta name=\"twitter:card\" content=\"summary_large_image\" \/>\n<meta name=\"twitter:label1\" content=\"Est. tempo de leitura\" \/>\n\t<meta name=\"twitter:data1\" content=\"3 minutos\" \/>\n<script type=\"application\/ld+json\" class=\"yoast-schema-graph\">{\"@context\":\"https:\\\/\\\/schema.org\",\"@graph\":[{\"@type\":\"WebPage\",\"@id\":\"https:\\\/\\\/yrdactivatedcarbon.com\\\/product\\\/granular-activated-carbon-gac\\\/\",\"url\":\"https:\\\/\\\/yrdactivatedcarbon.com\\\/product\\\/granular-activated-carbon-gac\\\/\",\"name\":\"Granular Activated Carbon (GAC)\",\"isPartOf\":{\"@id\":\"https:\\\/\\\/yrdactivatedcarbon.com\\\/#website\"},\"primaryImageOfPage\":{\"@id\":\"https:\\\/\\\/yrdactivatedcarbon.com\\\/product\\\/granular-activated-carbon-gac\\\/#primaryimage\"},\"image\":{\"@id\":\"https:\\\/\\\/yrdactivatedcarbon.com\\\/product\\\/granular-activated-carbon-gac\\\/#primaryimage\"},\"thumbnailUrl\":\"https:\\\/\\\/yrdactivatedcarbon.com\\\/wp-content\\\/uploads\\\/2025\\\/10\\\/Granular-activated-carbon-fact-sheet.jpg\",\"datePublished\":\"2025-10-27T09:38:38+00:00\",\"dateModified\":\"2025-12-03T09:29:10+00:00\",\"description\":\"Discover high-performance Granular Activated Carbon (GAC) for water and air purification. Ideal for industrial filtration, wastewater treatment, and potable water systems. Compliant with ASTM, ISO standards. Bulk supply for B2B buyers worldwide.\",\"breadcrumb\":{\"@id\":\"https:\\\/\\\/yrdactivatedcarbon.com\\\/product\\\/granular-activated-carbon-gac\\\/#breadcrumb\"},\"inLanguage\":\"pt-BR\",\"potentialAction\":[{\"@type\":\"ReadAction\",\"target\":[\"https:\\\/\\\/yrdactivatedcarbon.com\\\/product\\\/granular-activated-carbon-gac\\\/\"]}]},{\"@type\":\"ImageObject\",\"inLanguage\":\"pt-BR\",\"@id\":\"https:\\\/\\\/yrdactivatedcarbon.com\\\/product\\\/granular-activated-carbon-gac\\\/#primaryimage\",\"url\":\"https:\\\/\\\/yrdactivatedcarbon.com\\\/wp-content\\\/uploads\\\/2025\\\/10\\\/Granular-activated-carbon-fact-sheet.jpg\",\"contentUrl\":\"https:\\\/\\\/yrdactivatedcarbon.com\\\/wp-content\\\/uploads\\\/2025\\\/10\\\/Granular-activated-carbon-fact-sheet.jpg\",\"width\":1200,\"height\":679},{\"@type\":\"BreadcrumbList\",\"@id\":\"https:\\\/\\\/yrdactivatedcarbon.com\\\/product\\\/granular-activated-carbon-gac\\\/#breadcrumb\",\"itemListElement\":[{\"@type\":\"ListItem\",\"position\":1,\"name\":\"\u9996\u9875\",\"item\":\"https:\\\/\\\/yrdactivatedcarbon.com\\\/\"},{\"@type\":\"ListItem\",\"position\":2,\"name\":\"Products\",\"item\":\"https:\\\/\\\/yrdactivatedcarbon.com\\\/shop__trashed\\\/\"},{\"@type\":\"ListItem\",\"position\":3,\"name\":\"Granular Activated Carbon (GAC)\"}]},{\"@type\":\"WebSite\",\"@id\":\"https:\\\/\\\/yrdactivatedcarbon.com\\\/#website\",\"url\":\"https:\\\/\\\/yrdactivatedcarbon.com\\\/\",\"name\":\"\",\"description\":\"\",\"publisher\":{\"@id\":\"https:\\\/\\\/yrdactivatedcarbon.com\\\/#\\\/schema\\\/person\\\/581e0ef9031155afdeefbcd492460987\"},\"potentialAction\":[{\"@type\":\"SearchAction\",\"target\":{\"@type\":\"EntryPoint\",\"urlTemplate\":\"https:\\\/\\\/yrdactivatedcarbon.com\\\/?s={search_term_string}\"},\"query-input\":{\"@type\":\"PropertyValueSpecification\",\"valueRequired\":true,\"valueName\":\"search_term_string\"}}],\"inLanguage\":\"pt-BR\"},{\"@type\":[\"Person\",\"Organization\"],\"@id\":\"https:\\\/\\\/yrdactivatedcarbon.com\\\/#\\\/schema\\\/person\\\/581e0ef9031155afdeefbcd492460987\",\"name\":\"Admin\",\"image\":{\"@type\":\"ImageObject\",\"inLanguage\":\"pt-BR\",\"@id\":\"https:\\\/\\\/yrdactivatedcarbon.com\\\/wp-content\\\/uploads\\\/2025\\\/10\\\/cropped-cropped-cropped-cropped-cropped-Gemini_Generated_Image_csnat5csnat5csna-removebg-preview.png\",\"url\":\"https:\\\/\\\/yrdactivatedcarbon.com\\\/wp-content\\\/uploads\\\/2025\\\/10\\\/cropped-cropped-cropped-cropped-cropped-Gemini_Generated_Image_csnat5csnat5csna-removebg-preview.png\",\"contentUrl\":\"https:\\\/\\\/yrdactivatedcarbon.com\\\/wp-content\\\/uploads\\\/2025\\\/10\\\/cropped-cropped-cropped-cropped-cropped-Gemini_Generated_Image_csnat5csnat5csna-removebg-preview.png\",\"width\":304,\"height\":88,\"caption\":\"Admin\"},\"logo\":{\"@id\":\"https:\\\/\\\/yrdactivatedcarbon.com\\\/wp-content\\\/uploads\\\/2025\\\/10\\\/cropped-cropped-cropped-cropped-cropped-Gemini_Generated_Image_csnat5csnat5csna-removebg-preview.png\"},\"sameAs\":[\"https:\\\/\\\/yrdactivatedcarbon.com\"],\"publishingPrinciples\":\"https:\\\/\\\/yrdactivatedcarbon.com\\\/\",\"ownershipFundingInfo\":\"https:\\\/\\\/yrdactivatedcarbon.com\\\/\"}]}<\/script>\n<!-- \/ Yoast SEO Premium plugin. -->","yoast_head_json":{"title":"Carv\u00e3o ativado granular (GAC)","description":"Descubra o carv\u00e3o ativado granular (GAC) de alto desempenho para purifica\u00e7\u00e3o de \u00e1gua e ar. Ideal para filtragem industrial, tratamento de \u00e1guas residuais e sistemas de \u00e1gua pot\u00e1vel. Em conformidade com as normas ASTM e ISO. Fornecimento a granel para compradores B2B em todo o mundo.","robots":{"index":"index","follow":"follow","max-snippet":"max-snippet:-1","max-image-preview":"max-image-preview:large","max-video-preview":"max-video-preview:-1"},"canonical":"https:\/\/yrdactivatedcarbon.com\/pt\/product\/carvao-ativado-granular-gac\/","og_locale":"pt_BR","og_type":"article","og_title":"Granular Activated Carbon (GAC)","og_description":"Discover high-performance Granular Activated Carbon (GAC) for water and air purification. Ideal for industrial filtration, wastewater treatment, and potable water systems. Compliant with ASTM, ISO standards. Bulk supply for B2B buyers worldwide.","og_url":"https:\/\/yrdactivatedcarbon.com\/pt\/product\/carvao-ativado-granular-gac\/","article_modified_time":"2025-12-03T09:29:10+00:00","og_image":[{"width":1200,"height":679,"url":"http:\/\/yrdactivatedcarbon.com\/wp-content\/uploads\/2025\/10\/Granular-activated-carbon-fact-sheet.jpg","type":"image\/jpeg"}],"twitter_card":"summary_large_image","twitter_misc":{"Est. tempo de leitura":"3 minutos"},"schema":{"@context":"https:\/\/schema.org","@graph":[{"@type":"WebPage","@id":"https:\/\/yrdactivatedcarbon.com\/product\/granular-activated-carbon-gac\/","url":"https:\/\/yrdactivatedcarbon.com\/product\/granular-activated-carbon-gac\/","name":"Carv\u00e3o ativado granular (GAC)","isPartOf":{"@id":"https:\/\/yrdactivatedcarbon.com\/#website"},"primaryImageOfPage":{"@id":"https:\/\/yrdactivatedcarbon.com\/product\/granular-activated-carbon-gac\/#primaryimage"},"image":{"@id":"https:\/\/yrdactivatedcarbon.com\/product\/granular-activated-carbon-gac\/#primaryimage"},"thumbnailUrl":"https:\/\/yrdactivatedcarbon.com\/wp-content\/uploads\/2025\/10\/Granular-activated-carbon-fact-sheet.jpg","datePublished":"2025-10-27T09:38:38+00:00","dateModified":"2025-12-03T09:29:10+00:00","description":"Descubra o carv\u00e3o ativado granular (GAC) de alto desempenho para purifica\u00e7\u00e3o de \u00e1gua e ar. Ideal para filtragem industrial, tratamento de \u00e1guas residuais e sistemas de \u00e1gua pot\u00e1vel. Em conformidade com as normas ASTM e ISO. Fornecimento a granel para compradores B2B em todo o mundo.","breadcrumb":{"@id":"https:\/\/yrdactivatedcarbon.com\/product\/granular-activated-carbon-gac\/#breadcrumb"},"inLanguage":"pt-BR","potentialAction":[{"@type":"ReadAction","target":["https:\/\/yrdactivatedcarbon.com\/product\/granular-activated-carbon-gac\/"]}]},{"@type":"ImageObject","inLanguage":"pt-BR","@id":"https:\/\/yrdactivatedcarbon.com\/product\/granular-activated-carbon-gac\/#primaryimage","url":"https:\/\/yrdactivatedcarbon.com\/wp-content\/uploads\/2025\/10\/Granular-activated-carbon-fact-sheet.jpg","contentUrl":"https:\/\/yrdactivatedcarbon.com\/wp-content\/uploads\/2025\/10\/Granular-activated-carbon-fact-sheet.jpg","width":1200,"height":679},{"@type":"BreadcrumbList","@id":"https:\/\/yrdactivatedcarbon.com\/product\/granular-activated-carbon-gac\/#breadcrumb","itemListElement":[{"@type":"ListItem","position":1,"name":"\u9996\u9875","item":"https:\/\/yrdactivatedcarbon.com\/"},{"@type":"ListItem","position":2,"name":"Products","item":"https:\/\/yrdactivatedcarbon.com\/shop__trashed\/"},{"@type":"ListItem","position":3,"name":"Granular Activated Carbon (GAC)"}]},{"@type":"WebSite","@id":"https:\/\/yrdactivatedcarbon.com\/#website","url":"https:\/\/yrdactivatedcarbon.com\/","name":"","description":"","publisher":{"@id":"https:\/\/yrdactivatedcarbon.com\/#\/schema\/person\/581e0ef9031155afdeefbcd492460987"},"potentialAction":[{"@type":"SearchAction","target":{"@type":"EntryPoint","urlTemplate":"https:\/\/yrdactivatedcarbon.com\/?s={search_term_string}"},"query-input":{"@type":"PropertyValueSpecification","valueRequired":true,"valueName":"search_term_string"}}],"inLanguage":"pt-BR"},{"@type":["Person","Organization"],"@id":"https:\/\/yrdactivatedcarbon.com\/#\/schema\/person\/581e0ef9031155afdeefbcd492460987","name":"Admin","image":{"@type":"ImageObject","inLanguage":"pt-BR","@id":"https:\/\/yrdactivatedcarbon.com\/wp-content\/uploads\/2025\/10\/cropped-cropped-cropped-cropped-cropped-Gemini_Generated_Image_csnat5csnat5csna-removebg-preview.png","url":"https:\/\/yrdactivatedcarbon.com\/wp-content\/uploads\/2025\/10\/cropped-cropped-cropped-cropped-cropped-Gemini_Generated_Image_csnat5csnat5csna-removebg-preview.png","contentUrl":"https:\/\/yrdactivatedcarbon.com\/wp-content\/uploads\/2025\/10\/cropped-cropped-cropped-cropped-cropped-Gemini_Generated_Image_csnat5csnat5csna-removebg-preview.png","width":304,"height":88,"caption":"Admin"},"logo":{"@id":"https:\/\/yrdactivatedcarbon.com\/wp-content\/uploads\/2025\/10\/cropped-cropped-cropped-cropped-cropped-Gemini_Generated_Image_csnat5csnat5csna-removebg-preview.png"},"sameAs":["https:\/\/yrdactivatedcarbon.com"],"publishingPrinciples":"https:\/\/yrdactivatedcarbon.com\/","ownershipFundingInfo":"https:\/\/yrdactivatedcarbon.com\/"}]}},"_links":{"self":[{"href":"https:\/\/yrdactivatedcarbon.com\/pt\/wp-json\/wp\/v2\/product\/1616","targetHints":{"allow":["GET"]}}],"collection":[{"href":"https:\/\/yrdactivatedcarbon.com\/pt\/wp-json\/wp\/v2\/product"}],"about":[{"href":"https:\/\/yrdactivatedcarbon.com\/pt\/wp-json\/wp\/v2\/types\/product"}],"version-history":[{"count":5,"href":"https:\/\/yrdactivatedcarbon.com\/pt\/wp-json\/wp\/v2\/product\/1616\/revisions"}],"predecessor-version":[{"id":1619,"href":"https:\/\/yrdactivatedcarbon.com\/pt\/wp-json\/wp\/v2\/product\/1616\/revisions\/1619"}],"wp:featuredmedia":[{"embeddable":true,"href":"https:\/\/yrdactivatedcarbon.com\/pt\/wp-json\/wp\/v2\/media\/1617"}],"wp:attachment":[{"href":"https:\/\/yrdactivatedcarbon.com\/pt\/wp-json\/wp\/v2\/media?parent=1616"}],"wp:term":[{"taxonomy":"product_brand","embeddable":true,"href":"https:\/\/yrdactivatedcarbon.com\/pt\/wp-json\/wp\/v2\/product_brand?post=1616"},{"taxonomy":"product_cat","embeddable":true,"href":"https:\/\/yrdactivatedcarbon.com\/pt\/wp-json\/wp\/v2\/product_cat?post=1616"},{"taxonomy":"product_tag","embeddable":true,"href":"https:\/\/yrdactivatedcarbon.com\/pt\/wp-json\/wp\/v2\/product_tag?post=1616"}],"curies":[{"name":"wp","href":"https:\/\/api.w.org\/{rel}","templated":true}]}}